{"id":14149,"date":"2025-11-26T10:13:11","date_gmt":"2025-11-26T10:13:11","guid":{"rendered":"https:\/\/www.ralti.de\/?page_id=14149"},"modified":"2025-11-27T04:44:40","modified_gmt":"2025-11-27T04:44:40","slug":"haftungsausschluss","status":"publish","type":"page","link":"https:\/\/www.ralti.de\/?page_id=14149","title":{"rendered":"Haftungsausschluss"},"content":{"rendered":"\n<p>Diese Seite informiert Sie \u00fcber die Verwendung von Affiliate-Links und Cookies auf <!-- No shortcodes are defined -->.<\/p>\n\n\n\n<p>Affiliate-Hinweis:<\/p>\n\n\n\n<p><!-- No shortcodes are defined --> nimmt an verschiedenen Affiliate-Marketing-Programmen teil. Das bedeutet, dass wir m\u00f6glicherweise Provisionen f\u00fcr K\u00e4ufe erhalten, die \u00fcber unsere Affiliate-Links auf Websites Dritter get\u00e4tigt werden. Diese Links dienen Ihrer Bequemlichkeit und unterst\u00fctzen den Betrieb unserer Website.<\/p>\n\n\n\n<p>Wir bewerben ausschlie\u00dflich Produkte und Dienstleistungen, von denen wir \u00fcberzeugt sind und die zu unseren Inhalten passen. Wir k\u00f6nnen jedoch keine Gew\u00e4hr f\u00fcr die Richtigkeit, Vollst\u00e4ndigkeit oder Zuverl\u00e4ssigkeit der Informationen auf Websites Dritter \u00fcbernehmen.<\/p>\n\n\n\n<p>Die Nutzung von Affiliate-Links auf <!-- No shortcodes are defined --> hat keinen Einfluss auf Ihren Kaufpreis. Die \u00fcber diese Links erzielten Provisionen helfen uns, unsere Website zu pflegen und zu verbessern, um Ihnen wertvolle Inhalte und Dienstleistungen anbieten zu k\u00f6nnen.<\/p>\n\n\n\n<p>Cookie-Hinweis:<\/p>\n\n\n\n<p><!-- No shortcodes are defined --> verwendet Cookies und \u00e4hnliche Tracking-Technologien, um Ihr Surferlebnis zu verbessern und personalisierte Inhalte bereitzustellen. Cookies sind kleine Textdateien, die auf Ihrem Ger\u00e4t gespeichert werden und Informationen dar\u00fcber sammeln, wie Sie mit unserer Website interagieren.<\/p>\n\n\n\n<p>Wir verwenden Cookies f\u00fcr folgende Zwecke:<\/p>\n\n\n\n<p>Essenzielle Cookies: Diese Cookies sind f\u00fcr den Betrieb von <!-- No shortcodes are defined --> notwendig und erm\u00f6glichen Ihnen die Navigation auf der Website und die Nutzung ihrer Funktionen.<\/p>\n\n\n\n<p>Analyse-Cookies: Wir verwenden Analyse-Cookies, um Informationen dar\u00fcber zu sammeln, wie Besucher unsere Website nutzen. Dies hilft uns, ihre Leistung und Funktionalit\u00e4t zu verbessern.<\/p>\n\n\n\n<p>Werbe-Cookies: Wir verwenden m\u00f6glicherweise auch Cookies f\u00fcr Werbezwecke, um Ihnen auf Ihre Surfgewohnheiten und Interessen zugeschnittene Werbung anzuzeigen.<\/p>\n\n\n\n<p>Sie k\u00f6nnen Cookies \u00fcber Ihre Browsereinstellungen verwalten und bestimmte Tracking-Funktionen deaktivieren. Bitte beachten Sie jedoch, dass die Deaktivierung von Cookies Ihre Browsererfahrung auf <!-- No shortcodes are defined --> beeintr\u00e4chtigen kann.<\/p>\n\n\n\n<p>Vielen Dank f\u00fcr Ihren Besuch auf <!-- No shortcodes are defined -->. Wir freuen uns \u00fcber Ihre Unterst\u00fctzung und legen Wert auf Transparenz hinsichtlich unserer Partnerbeziehungen und der Verwendung von Cookies.<\/p>\n","protected":false},"excerpt":{"rendered":"<p>Diese Seite informiert Sie \u00fcber die Verwendung von Affiliate-Links und Cookies auf . Affiliate-Hinweis: nimmt an verschiedenen Affiliate-Marketing-Programmen teil. Das bedeutet, dass wir m\u00f6glicherweise Provisionen f\u00fcr K\u00e4ufe erhalten, die \u00fcber unsere Affiliate-Links auf Websites Dritter get\u00e4tigt werden. Diese Links dienen Ihrer Bequemlichkeit und unterst\u00fctzen den&hellip;<\/p>\n","protected":false},"author":2,"featured_media":0,"parent":0,"menu_order":0,"comment_status":"closed","ping_status":"closed","template":"","meta":{"_acf_changed":false,"footnotes":""},"class_list":["post-14149","page","type-page","status-publish","hentry"],"acf":[],"yoast_head":"<!-- This site is optimized with the Yoast SEO plugin v27.5 - https:\/\/yoast.com\/product\/yoast-seo-wordpress\/ -->\n<title>Haftungsausschluss - Notfallvorsorge - Krisenvorsorge<\/title>\n<meta name=\"robots\" content=\"index, follow, max-snippet:-1, max-image-preview:large, max-video-preview:-1\" \/>\n<link rel=\"canonical\" href=\"https:\/\/www.ralti.de\/?page_id=14149\" \/>\n<meta property=\"og:locale\" content=\"de_DE\" \/>\n<meta property=\"og:type\" content=\"article\" \/>\n<meta property=\"og:title\" content=\"Haftungsausschluss - Notfallvorsorge - Krisenvorsorge\" \/>\n<meta property=\"og:description\" content=\"Diese Seite informiert Sie \u00fcber die Verwendung von Affiliate-Links und Cookies auf . Affiliate-Hinweis: nimmt an verschiedenen Affiliate-Marketing-Programmen teil. Das bedeutet, dass wir m\u00f6glicherweise Provisionen f\u00fcr K\u00e4ufe erhalten, die \u00fcber unsere Affiliate-Links auf Websites Dritter get\u00e4tigt werden. Diese Links dienen Ihrer Bequemlichkeit und unterst\u00fctzen den&hellip;\" \/>\n<meta property=\"og:url\" content=\"https:\/\/www.ralti.de\/?page_id=14149\" \/>\n<meta property=\"og:site_name\" content=\"Notfallvorsorge - Krisenvorsorge\" \/>\n<meta property=\"article:modified_time\" content=\"2025-11-27T04:44:40+00:00\" \/>\n<meta name=\"twitter:card\" content=\"summary_large_image\" \/>\n<meta name=\"twitter:label1\" content=\"Gesch\u00e4tzte Lesezeit\" \/>\n\t<meta name=\"twitter:data1\" content=\"2\u00a0Minuten\" \/>\n<script type=\"application\/ld+json\" class=\"yoast-schema-graph\">{\"@context\":\"https:\\\/\\\/schema.org\",\"@graph\":[{\"@type\":\"WebPage\",\"@id\":\"https:\\\/\\\/www.ralti.de\\\/?page_id=14149\",\"url\":\"https:\\\/\\\/www.ralti.de\\\/?page_id=14149\",\"name\":\"Haftungsausschluss - Notfallvorsorge - Krisenvorsorge\",\"isPartOf\":{\"@id\":\"https:\\\/\\\/www.ralti.de\\\/#website\"},\"datePublished\":\"2025-11-26T10:13:11+00:00\",\"dateModified\":\"2025-11-27T04:44:40+00:00\",\"breadcrumb\":{\"@id\":\"https:\\\/\\\/www.ralti.de\\\/?page_id=14149#breadcrumb\"},\"inLanguage\":\"de\",\"potentialAction\":[{\"@type\":\"ReadAction\",\"target\":[\"https:\\\/\\\/www.ralti.de\\\/?page_id=14149\"]}]},{\"@type\":\"BreadcrumbList\",\"@id\":\"https:\\\/\\\/www.ralti.de\\\/?page_id=14149#breadcrumb\",\"itemListElement\":[{\"@type\":\"ListItem\",\"position\":1,\"name\":\"Start\",\"item\":\"https:\\\/\\\/www.ralti.de\\\/\"},{\"@type\":\"ListItem\",\"position\":2,\"name\":\"Haftungsausschluss\"}]},{\"@type\":\"WebSite\",\"@id\":\"https:\\\/\\\/www.ralti.de\\\/#website\",\"url\":\"https:\\\/\\\/www.ralti.de\\\/\",\"name\":\"Ralti.de\",\"description\":\"Hier viele gute Angebote\",\"publisher\":{\"@id\":\"https:\\\/\\\/www.ralti.de\\\/#organization\"},\"potentialAction\":[{\"@type\":\"SearchAction\",\"target\":{\"@type\":\"EntryPoint\",\"urlTemplate\":\"https:\\\/\\\/www.ralti.de\\\/?s={search_term_string}\"},\"query-input\":{\"@type\":\"PropertyValueSpecification\",\"valueRequired\":true,\"valueName\":\"search_term_string\"}}],\"inLanguage\":\"de\"},{\"@type\":\"Organization\",\"@id\":\"https:\\\/\\\/www.ralti.de\\\/#organization\",\"name\":\"Ralti.de\",\"url\":\"https:\\\/\\\/www.ralti.de\\\/\",\"logo\":{\"@type\":\"ImageObject\",\"inLanguage\":\"de\",\"@id\":\"https:\\\/\\\/www.ralti.de\\\/#\\\/schema\\\/logo\\\/image\\\/\",\"url\":\"https:\\\/\\\/www.ralti.de\\\/wp-content\\\/uploads\\\/2025\\\/11\\\/ralti.png\",\"contentUrl\":\"https:\\\/\\\/www.ralti.de\\\/wp-content\\\/uploads\\\/2025\\\/11\\\/ralti.png\",\"width\":240,\"height\":75,\"caption\":\"Ralti.de\"},\"image\":{\"@id\":\"https:\\\/\\\/www.ralti.de\\\/#\\\/schema\\\/logo\\\/image\\\/\"}}]}<\/script>\n<!-- \/ Yoast SEO plugin. -->","yoast_head_json":{"title":"Haftungsausschluss - Notfallvorsorge - Krisenvorsorge","robots":{"index":"index","follow":"follow","max-snippet":"max-snippet:-1","max-image-preview":"max-image-preview:large","max-video-preview":"max-video-preview:-1"},"canonical":"https:\/\/www.ralti.de\/?page_id=14149","og_locale":"de_DE","og_type":"article","og_title":"Haftungsausschluss - Notfallvorsorge - Krisenvorsorge","og_description":"Diese Seite informiert Sie \u00fcber die Verwendung von Affiliate-Links und Cookies auf . Affiliate-Hinweis: nimmt an verschiedenen Affiliate-Marketing-Programmen teil. Das bedeutet, dass wir m\u00f6glicherweise Provisionen f\u00fcr K\u00e4ufe erhalten, die \u00fcber unsere Affiliate-Links auf Websites Dritter get\u00e4tigt werden. Diese Links dienen Ihrer Bequemlichkeit und unterst\u00fctzen den&hellip;","og_url":"https:\/\/www.ralti.de\/?page_id=14149","og_site_name":"Notfallvorsorge - Krisenvorsorge","article_modified_time":"2025-11-27T04:44:40+00:00","twitter_card":"summary_large_image","twitter_misc":{"Gesch\u00e4tzte Lesezeit":"2\u00a0Minuten"},"schema":{"@context":"https:\/\/schema.org","@graph":[{"@type":"WebPage","@id":"https:\/\/www.ralti.de\/?page_id=14149","url":"https:\/\/www.ralti.de\/?page_id=14149","name":"Haftungsausschluss - Notfallvorsorge - Krisenvorsorge","isPartOf":{"@id":"https:\/\/www.ralti.de\/#website"},"datePublished":"2025-11-26T10:13:11+00:00","dateModified":"2025-11-27T04:44:40+00:00","breadcrumb":{"@id":"https:\/\/www.ralti.de\/?page_id=14149#breadcrumb"},"inLanguage":"de","potentialAction":[{"@type":"ReadAction","target":["https:\/\/www.ralti.de\/?page_id=14149"]}]},{"@type":"BreadcrumbList","@id":"https:\/\/www.ralti.de\/?page_id=14149#breadcrumb","itemListElement":[{"@type":"ListItem","position":1,"name":"Start","item":"https:\/\/www.ralti.de\/"},{"@type":"ListItem","position":2,"name":"Haftungsausschluss"}]},{"@type":"WebSite","@id":"https:\/\/www.ralti.de\/#website","url":"https:\/\/www.ralti.de\/","name":"Ralti.de","description":"Hier viele gute Angebote","publisher":{"@id":"https:\/\/www.ralti.de\/#organization"},"potentialAction":[{"@type":"SearchAction","target":{"@type":"EntryPoint","urlTemplate":"https:\/\/www.ralti.de\/?s={search_term_string}"},"query-input":{"@type":"PropertyValueSpecification","valueRequired":true,"valueName":"search_term_string"}}],"inLanguage":"de"},{"@type":"Organization","@id":"https:\/\/www.ralti.de\/#organization","name":"Ralti.de","url":"https:\/\/www.ralti.de\/","logo":{"@type":"ImageObject","inLanguage":"de","@id":"https:\/\/www.ralti.de\/#\/schema\/logo\/image\/","url":"https:\/\/www.ralti.de\/wp-content\/uploads\/2025\/11\/ralti.png","contentUrl":"https:\/\/www.ralti.de\/wp-content\/uploads\/2025\/11\/ralti.png","width":240,"height":75,"caption":"Ralti.de"},"image":{"@id":"https:\/\/www.ralti.de\/#\/schema\/logo\/image\/"}}]}},"_links":{"self":[{"href":"https:\/\/www.ralti.de\/index.php?rest_route=\/wp\/v2\/pages\/14149","targetHints":{"allow":["GET"]}}],"collection":[{"href":"https:\/\/www.ralti.de\/index.php?rest_route=\/wp\/v2\/pages"}],"about":[{"href":"https:\/\/www.ralti.de\/index.php?rest_route=\/wp\/v2\/types\/page"}],"author":[{"embeddable":true,"href":"https:\/\/www.ralti.de\/index.php?rest_route=\/wp\/v2\/users\/2"}],"replies":[{"embeddable":true,"href":"https:\/\/www.ralti.de\/index.php?rest_route=%2Fwp%2Fv2%2Fcomments&post=14149"}],"version-history":[{"count":3,"href":"https:\/\/www.ralti.de\/index.php?rest_route=\/wp\/v2\/pages\/14149\/revisions"}],"predecessor-version":[{"id":14180,"href":"https:\/\/www.ralti.de\/index.php?rest_route=\/wp\/v2\/pages\/14149\/revisions\/14180"}],"wp:attachment":[{"href":"https:\/\/www.ralti.de\/index.php?rest_route=%2Fwp%2Fv2%2Fmedia&parent=14149"}],"curies":[{"name":"wp","href":"https:\/\/api.w.org\/{rel}","templated":true}]}}