{"id":2183,"date":"2016-02-28T08:28:22","date_gmt":"2016-02-28T08:28:22","guid":{"rendered":"https:\/\/electro.madrasthemes.com\/?page_id=2183"},"modified":"2026-03-16T07:29:36","modified_gmt":"2026-03-16T07:29:36","slug":"geschaftsbedingungen","status":"publish","type":"page","link":"https:\/\/www.ralti.de\/?page_id=2183","title":{"rendered":"Nutzungsbedingungen"},"content":{"rendered":"\r\n<p>Durch den Zugriff auf <!-- No shortcodes are defined --> erkl\u00e4ren Sie sich mit den folgenden Nutzungsbedingungen einverstanden:<\/p>\r\n\r\n\r\n\r\n<ol class=\"wp-block-list\">\r\n<li>Nutzung der Website: Sie verpflichten sich, <!-- No shortcodes are defined --> ausschlie\u00dflich f\u00fcr rechtm\u00e4\u00dfige Zwecke und in einer Weise zu nutzen, die die Rechte anderer nicht verletzt und deren Nutzung und Genuss der Website nicht einschr\u00e4nkt oder behindert.<\/li>\r\n\r\n\r\n\r\n<li>Geistiges Eigentum: Alle Inhalte auf <!-- No shortcodes are defined -->, einschlie\u00dflich Texte, Grafiken, Logos, Bilder und Software, sind Eigentum von <!-- No shortcodes are defined --> oder deren Inhaltsanbietern und durch Urheberrechte und andere Gesetze zum Schutz des geistigen Eigentums gesch\u00fctzt. Ohne vorherige schriftliche Genehmigung d\u00fcrfen Sie keine Inhalte von <!-- No shortcodes are defined --> vervielf\u00e4ltigen, verbreiten, ver\u00e4ndern oder anderweitig nutzen.<\/li>\r\n\r\n\r\n\r\n<li>Links zu Websites Dritter: <!-- No shortcodes are defined --> kann Links zu Websites Dritter enthalten, die Ihnen als Service angeboten werden. Diese Links stellen keine Empfehlung oder Billigung der verlinkten Websites dar. Wir sind nicht verantwortlich f\u00fcr die Inhalte oder Datenschutzpraktiken von Websites Dritter.<\/li>\r\n\r\n\r\n\r\n<li>Haftungsbeschr\u00e4nkung: <!-- No shortcodes are defined --> und seine verbundenen Unternehmen haften nicht f\u00fcr direkte, indirekte, zuf\u00e4llige, besondere oder Folgesch\u00e4den, die aus Ihrer Nutzung von <!-- No shortcodes are defined --> oder den darauf angezeigten Inhalten entstehen oder damit in Zusammenhang stehen.<\/li>\r\n\r\n\r\n\r\n<li>Freistellung: Sie verpflichten sich, <!-- No shortcodes are defined -->, seine F\u00fchrungskr\u00e4fte, Direktoren, Mitarbeiter und Beauftragten von allen Anspr\u00fcchen, Haftungen, Sch\u00e4den, Verlusten oder Ausgaben freizustellen und schadlos zu halten, die aus Ihrer Nutzung von <!-- No shortcodes are defined --> oder einem Versto\u00df gegen diese Nutzungsbedingungen entstehen.<\/li>\r\n\r\n\r\n\r\n<li>\u00c4nderungen der Nutzungsbedingungen: <!-- No shortcodes are defined --> beh\u00e4lt sich das Recht vor, diese Nutzungsbedingungen jederzeit ohne vorherige Ank\u00fcndigung zu \u00e4ndern oder zu \u00fcberarbeiten. Ihre fortgesetzte Nutzung von <!-- No shortcodes are defined --> nach solchen \u00c4nderungen gilt als Ihre Zustimmung zu den aktualisierten Bedingungen.<\/li>\r\n\r\n\r\n\r\n<li>Anwendbares Recht: Diese Nutzungsbedingungen unterliegen deutschem Recht und sind nach diesem auszulegen, unter Ausschluss des Kollisionsrechts.<\/li>\r\n<\/ol>\r\n\r\n\r\n\r\n<p>Durch die Nutzung von <!-- No shortcodes are defined --> best\u00e4tigen Sie, dass Sie diese Nutzungsbedingungen gelesen und verstanden haben und ihnen zustimmen. Sollten Sie mit einem Teil dieser Bedingungen nicht einverstanden sein, nutzen Sie <!-- No shortcodes are defined --> bitte nicht.<\/p>\r\n","protected":false},"excerpt":{"rendered":"<p>Durch den Zugriff auf erkl\u00e4ren Sie sich mit den folgenden Nutzungsbedingungen einverstanden: Durch die Nutzung von best\u00e4tigen Sie, dass Sie diese Nutzungsbedingungen gelesen und verstanden haben und ihnen zustimmen. Sollten Sie mit einem Teil dieser Bedingungen nicht einverstanden sein, nutzen Sie bitte nicht.<\/p>\n","protected":false},"author":2,"featured_media":0,"parent":0,"menu_order":0,"comment_status":"closed","ping_status":"closed","template":"","meta":{"_acf_changed":false,"footnotes":""},"class_list":["post-2183","page","type-page","status-publish","hentry"],"acf":[],"yoast_head":"<!-- This site is optimized with the Yoast SEO plugin v27.5 - https:\/\/yoast.com\/product\/yoast-seo-wordpress\/ -->\n<title>Nutzungsbedingungen - Notfallvorsorge - Krisenvorsorge<\/title>\n<meta name=\"robots\" content=\"index, follow, max-snippet:-1, max-image-preview:large, max-video-preview:-1\" \/>\n<link rel=\"canonical\" href=\"https:\/\/www.ralti.de\/?page_id=2183\" \/>\n<meta property=\"og:locale\" content=\"de_DE\" \/>\n<meta property=\"og:type\" content=\"article\" \/>\n<meta property=\"og:title\" content=\"Nutzungsbedingungen - Notfallvorsorge - Krisenvorsorge\" \/>\n<meta property=\"og:description\" content=\"Durch den Zugriff auf erkl\u00e4ren Sie sich mit den folgenden Nutzungsbedingungen einverstanden: Durch die Nutzung von best\u00e4tigen Sie, dass Sie diese Nutzungsbedingungen gelesen und verstanden haben und ihnen zustimmen. Sollten Sie mit einem Teil dieser Bedingungen nicht einverstanden sein, nutzen Sie bitte nicht.\" \/>\n<meta property=\"og:url\" content=\"https:\/\/www.ralti.de\/?page_id=2183\" \/>\n<meta property=\"og:site_name\" content=\"Notfallvorsorge - Krisenvorsorge\" \/>\n<meta property=\"article:modified_time\" content=\"2026-03-16T07:29:36+00:00\" \/>\n<meta name=\"twitter:card\" content=\"summary_large_image\" \/>\n<meta name=\"twitter:label1\" content=\"Gesch\u00e4tzte Lesezeit\" \/>\n\t<meta name=\"twitter:data1\" content=\"2\u00a0Minuten\" \/>\n<script type=\"application\/ld+json\" class=\"yoast-schema-graph\">{\"@context\":\"https:\\\/\\\/schema.org\",\"@graph\":[{\"@type\":\"WebPage\",\"@id\":\"https:\\\/\\\/www.ralti.de\\\/?page_id=2183\",\"url\":\"https:\\\/\\\/www.ralti.de\\\/?page_id=2183\",\"name\":\"Nutzungsbedingungen - Notfallvorsorge - Krisenvorsorge\",\"isPartOf\":{\"@id\":\"https:\\\/\\\/www.ralti.de\\\/#website\"},\"datePublished\":\"2016-02-28T08:28:22+00:00\",\"dateModified\":\"2026-03-16T07:29:36+00:00\",\"breadcrumb\":{\"@id\":\"https:\\\/\\\/www.ralti.de\\\/?page_id=2183#breadcrumb\"},\"inLanguage\":\"de\",\"potentialAction\":[{\"@type\":\"ReadAction\",\"target\":[\"https:\\\/\\\/www.ralti.de\\\/?page_id=2183\"]}]},{\"@type\":\"BreadcrumbList\",\"@id\":\"https:\\\/\\\/www.ralti.de\\\/?page_id=2183#breadcrumb\",\"itemListElement\":[{\"@type\":\"ListItem\",\"position\":1,\"name\":\"Start\",\"item\":\"https:\\\/\\\/www.ralti.de\\\/\"},{\"@type\":\"ListItem\",\"position\":2,\"name\":\"Nutzungsbedingungen\"}]},{\"@type\":\"WebSite\",\"@id\":\"https:\\\/\\\/www.ralti.de\\\/#website\",\"url\":\"https:\\\/\\\/www.ralti.de\\\/\",\"name\":\"Ralti.de\",\"description\":\"Hier viele gute Angebote\",\"publisher\":{\"@id\":\"https:\\\/\\\/www.ralti.de\\\/#organization\"},\"potentialAction\":[{\"@type\":\"SearchAction\",\"target\":{\"@type\":\"EntryPoint\",\"urlTemplate\":\"https:\\\/\\\/www.ralti.de\\\/?s={search_term_string}\"},\"query-input\":{\"@type\":\"PropertyValueSpecification\",\"valueRequired\":true,\"valueName\":\"search_term_string\"}}],\"inLanguage\":\"de\"},{\"@type\":\"Organization\",\"@id\":\"https:\\\/\\\/www.ralti.de\\\/#organization\",\"name\":\"Ralti.de\",\"url\":\"https:\\\/\\\/www.ralti.de\\\/\",\"logo\":{\"@type\":\"ImageObject\",\"inLanguage\":\"de\",\"@id\":\"https:\\\/\\\/www.ralti.de\\\/#\\\/schema\\\/logo\\\/image\\\/\",\"url\":\"https:\\\/\\\/www.ralti.de\\\/wp-content\\\/uploads\\\/2025\\\/11\\\/ralti.png\",\"contentUrl\":\"https:\\\/\\\/www.ralti.de\\\/wp-content\\\/uploads\\\/2025\\\/11\\\/ralti.png\",\"width\":240,\"height\":75,\"caption\":\"Ralti.de\"},\"image\":{\"@id\":\"https:\\\/\\\/www.ralti.de\\\/#\\\/schema\\\/logo\\\/image\\\/\"}}]}<\/script>\n<!-- \/ Yoast SEO plugin. -->","yoast_head_json":{"title":"Nutzungsbedingungen - Notfallvorsorge - Krisenvorsorge","robots":{"index":"index","follow":"follow","max-snippet":"max-snippet:-1","max-image-preview":"max-image-preview:large","max-video-preview":"max-video-preview:-1"},"canonical":"https:\/\/www.ralti.de\/?page_id=2183","og_locale":"de_DE","og_type":"article","og_title":"Nutzungsbedingungen - Notfallvorsorge - Krisenvorsorge","og_description":"Durch den Zugriff auf erkl\u00e4ren Sie sich mit den folgenden Nutzungsbedingungen einverstanden: Durch die Nutzung von best\u00e4tigen Sie, dass Sie diese Nutzungsbedingungen gelesen und verstanden haben und ihnen zustimmen. Sollten Sie mit einem Teil dieser Bedingungen nicht einverstanden sein, nutzen Sie bitte nicht.","og_url":"https:\/\/www.ralti.de\/?page_id=2183","og_site_name":"Notfallvorsorge - Krisenvorsorge","article_modified_time":"2026-03-16T07:29:36+00:00","twitter_card":"summary_large_image","twitter_misc":{"Gesch\u00e4tzte Lesezeit":"2\u00a0Minuten"},"schema":{"@context":"https:\/\/schema.org","@graph":[{"@type":"WebPage","@id":"https:\/\/www.ralti.de\/?page_id=2183","url":"https:\/\/www.ralti.de\/?page_id=2183","name":"Nutzungsbedingungen - Notfallvorsorge - Krisenvorsorge","isPartOf":{"@id":"https:\/\/www.ralti.de\/#website"},"datePublished":"2016-02-28T08:28:22+00:00","dateModified":"2026-03-16T07:29:36+00:00","breadcrumb":{"@id":"https:\/\/www.ralti.de\/?page_id=2183#breadcrumb"},"inLanguage":"de","potentialAction":[{"@type":"ReadAction","target":["https:\/\/www.ralti.de\/?page_id=2183"]}]},{"@type":"BreadcrumbList","@id":"https:\/\/www.ralti.de\/?page_id=2183#breadcrumb","itemListElement":[{"@type":"ListItem","position":1,"name":"Start","item":"https:\/\/www.ralti.de\/"},{"@type":"ListItem","position":2,"name":"Nutzungsbedingungen"}]},{"@type":"WebSite","@id":"https:\/\/www.ralti.de\/#website","url":"https:\/\/www.ralti.de\/","name":"Ralti.de","description":"Hier viele gute Angebote","publisher":{"@id":"https:\/\/www.ralti.de\/#organization"},"potentialAction":[{"@type":"SearchAction","target":{"@type":"EntryPoint","urlTemplate":"https:\/\/www.ralti.de\/?s={search_term_string}"},"query-input":{"@type":"PropertyValueSpecification","valueRequired":true,"valueName":"search_term_string"}}],"inLanguage":"de"},{"@type":"Organization","@id":"https:\/\/www.ralti.de\/#organization","name":"Ralti.de","url":"https:\/\/www.ralti.de\/","logo":{"@type":"ImageObject","inLanguage":"de","@id":"https:\/\/www.ralti.de\/#\/schema\/logo\/image\/","url":"https:\/\/www.ralti.de\/wp-content\/uploads\/2025\/11\/ralti.png","contentUrl":"https:\/\/www.ralti.de\/wp-content\/uploads\/2025\/11\/ralti.png","width":240,"height":75,"caption":"Ralti.de"},"image":{"@id":"https:\/\/www.ralti.de\/#\/schema\/logo\/image\/"}}]}},"_links":{"self":[{"href":"https:\/\/www.ralti.de\/index.php?rest_route=\/wp\/v2\/pages\/2183","targetHints":{"allow":["GET"]}}],"collection":[{"href":"https:\/\/www.ralti.de\/index.php?rest_route=\/wp\/v2\/pages"}],"about":[{"href":"https:\/\/www.ralti.de\/index.php?rest_route=\/wp\/v2\/types\/page"}],"author":[{"embeddable":true,"href":"https:\/\/www.ralti.de\/index.php?rest_route=\/wp\/v2\/users\/2"}],"replies":[{"embeddable":true,"href":"https:\/\/www.ralti.de\/index.php?rest_route=%2Fwp%2Fv2%2Fcomments&post=2183"}],"version-history":[{"count":3,"href":"https:\/\/www.ralti.de\/index.php?rest_route=\/wp\/v2\/pages\/2183\/revisions"}],"predecessor-version":[{"id":14398,"href":"https:\/\/www.ralti.de\/index.php?rest_route=\/wp\/v2\/pages\/2183\/revisions\/14398"}],"wp:attachment":[{"href":"https:\/\/www.ralti.de\/index.php?rest_route=%2Fwp%2Fv2%2Fmedia&parent=2183"}],"curies":[{"name":"wp","href":"https:\/\/api.w.org\/{rel}","templated":true}]}}