{"id":10130,"date":"2025-11-25T11:32:28","date_gmt":"2025-11-25T11:32:28","guid":{"rendered":"https:\/\/www.ralti.de\/shop-2\/uncategorized\/stirnlampe-led-wiederaufladbarsuperhell-2000-lumens-5-lichtmodi-1200mah-230ultra-leichtgewicht-stirnlampe-ledipx4-wasserdichter-kopflampe-stirnlampeideal-fur-campinglaufenangelnjoggen\/"},"modified":"2025-11-25T11:32:28","modified_gmt":"2025-11-25T11:32:28","slug":"stirnlampe-led-wiederaufladbarsuperhell-2000-lumens-5-lichtmodi-1200mah-230ultra-leichtgewicht-stirnlampe-ledipx4-wasserdichter-kopflampe-stirnlampeideal-fur-campinglaufenangelnjoggen","status":"publish","type":"product","link":"https:\/\/www.ralti.de\/?product=stirnlampe-led-wiederaufladbarsuperhell-2000-lumens-5-lichtmodi-1200mah-230ultra-leichtgewicht-stirnlampe-ledipx4-wasserdichter-kopflampe-stirnlampeideal-fur-campinglaufenangelnjoggen","title":{"rendered":"Stirnlampe LED Wiederaufladbar,SuperHell 2000 Lumens 5 Lichtmodi 1200mAh 230\u00b0Ultra Leichtgewicht Stirnlampe Led,IPX4 Wasserdichter Kopflampe Stirnlampe,Ideal f\u00fcr Camping,Laufen,Angeln,Joggen"},"content":{"rendered":"<p>SUPER HELL 2000 Lumen &#038; 230 \u00b0 BREITSTRAHL: Der Stirnlampe Hat Eine Maximale Helligkeit Von 2000 Lumen Und Einen Beleuchtungsbereich Von 300 Bis 500 Metern, Die Helle Wiederaufladbare Stirnlampe Bietet Dem Kunden Einen Weitwinkel Von 230\u00b0.Die Breite Ausleuchtung Kann Ihnen Helfen, Die Umgebung Klar Zu Sehen Und Den Kopf Nicht Bewegen Zu M\u00fcssen<br \/>\n5 LICHT MODI &#038; INDUKTION SENSOR: Die COB und XPE LED Stirnlampe verf\u00fcgt \u00fcber 5 lichtmodi.Dr\u00fccken Sie in jedem anderen Modus lange auf die Ein \/ Aus Taste,um den Strobe Modus.Stirnlampe verf\u00fcgt \u00fcber einen hochwertigen Bewegungssensor. Wenn der Sensorfunktionsschalter eingeschaltet ist, k\u00f6nnen Sie das Licht ein- und ausschalten, indem Sie einfach mit der Hand innerhalb des Sensorfunktionsbereichs winken<br \/>\nUSB WIEDERAUFLADBARES &#038; VERSTELLBARES STIRNBAND: Diese Stirnlampe Led ist mit wiederaufladbaren Akkus mit gro\u00dfer Kapazit\u00e4t .Das stirnlampe besteht aus ABS und Silikon,nur 3.5 Unzen.Es ist m\u00f6glich zu falten, ohne die Verwendung zu beeintr\u00e4chtigen. Diese wasserdichte Stirnlampe hat ein einziehbares und bequemes Kopfband. Sie k\u00f6nnen die Gr\u00f6\u00dfe leicht anpassen, um Ihre verschiedenen Bed\u00fcrfnisse zu erf\u00fcllen<br \/>\nLANGLEBIG LEICHT &#038; BREITE ANWENDUNGEN: Der Stirnlampe ist auf Langlebigkeit ausgelegt. Sie werden nicht einmal bemerken, dass Sie ihn tragen.LED Stirnlampe, ideal f\u00fcr Nachtlauf, Radfahren, Camping, Klettern, Angeln, Wandern und Spazierg\u00e4nge mit dem Hund<br \/>\nIPX4 WASSERDICHTER F\u00dcR BREITE ANWENDUNG: Die LED Stirnlampe ist IPX4 wasserdicht und f\u00fcr Indoor und Outdoor Aktivit\u00e4ten werden bei den wasserdichten Scheinwerfern ohne Druck verwendet, insbesondere Autoreparatur, Heimwerkerarbeiten oder Notfall usw<br \/>\n<div class=\"main-cross-sell\" data-asin=\"B09JZ4Q52N\">\n\n\t<div class=\"WooZone-cross-sell-loader\">\n\t\t<div>\n\t\t\t<div id=\"floatingBarsG\">\n\t\t\t\t<div class=\"blockG\" id=\"rotateG_01\"><\/div>\n\t\t\t\t<div class=\"blockG\" id=\"rotateG_02\"><\/div>\n\t\t\t\t<div class=\"blockG\" id=\"rotateG_03\"><\/div>\n\t\t\t\t<div class=\"blockG\" id=\"rotateG_04\"><\/div>\n\t\t\t\t<div class=\"blockG\" id=\"rotateG_05\"><\/div>\n\t\t\t\t<div class=\"blockG\" id=\"rotateG_06\"><\/div>\n\t\t\t\t<div class=\"blockG\" id=\"rotateG_07\"><\/div>\n\t\t\t\t<div class=\"blockG\" id=\"rotateG_08\"><\/div>\n\t\t\t<\/div>\n\t\t\t<div class=\"WooZone-cross-sell-loader-text\"><\/div>\n\t\t<\/div>\n\t<\/div>\n\n\t\t\n<\/div>\n<div style=\"clear:both;\"><\/div>\n","protected":false},"excerpt":{"rendered":"<p>SUPER HELL 2000 Lumen &#038; 230 \u00b0 BREITSTRAHL: Der Stirnlampe Hat Eine Maximale Helligkeit Von 2000 Lumen Und Einen Beleuchtungsbereich Von 300 Bis 500 Metern, Die Helle Wiederaufladbare Stirnlampe Bietet Dem Kunden Einen Weitwinkel Von 230\u00b0.Die Breite Ausleuchtung Kann Ihnen Helfen, Die Umgebung Klar Zu Sehen Und Den Kopf Nicht Bewegen Zu M\u00fcssen<br \/>\n5 LICHT MODI &#038; INDUKTION SENSOR: Die COB und XPE LED Stirnlampe verf\u00fcgt \u00fcber 5 lichtmodi.Dr\u00fccken Sie in jedem anderen Modus lange auf die Ein \/ Aus Taste,um den Strobe Modus.Stirnlampe verf\u00fcgt \u00fcber einen hochwertigen Bewegungssensor. Wenn der Sensorfunktionsschalter eingeschaltet ist, k\u00f6nnen Sie das Licht ein- und ausschalten, indem Sie einfach mit der Hand innerhalb des Sensorfunktionsbereichs winken<br \/>\nUSB WIEDERAUFLADBARES &#038; VERSTELLBARES STIRNBAND: Diese Stirnlampe Led ist mit wiederaufladbaren Akkus mit gro\u00dfer Kapazit\u00e4t .Das stirnlampe besteht aus ABS und Silikon,nur 3.5 Unzen.Es ist m\u00f6glich zu falten, ohne die Verwendung zu beeintr\u00e4chtigen. Diese wasserdichte Stirnlampe hat ein einziehbares und bequemes Kopfband. Sie k\u00f6nnen die Gr\u00f6\u00dfe leicht anpassen, um Ihre verschiedenen Bed\u00fcrfnisse zu erf\u00fcllen<\/p>\n","protected":false},"featured_media":10131,"comment_status":"open","ping_status":"closed","template":"","meta":{"_acf_changed":false},"product_brand":[],"product_cat":[256,261],"product_tag":[],"class_list":{"0":"post-10130","1":"product","2":"type-product","3":"status-publish","4":"has-post-thumbnail","6":"product_cat-beleuchtung","7":"product_cat-taschenlampen-und-stirnlampen","9":"first","10":"instock","11":"sale","12":"shipping-taxable","13":"product-type-external"},"acf":[],"yoast_head":"<!-- This site is optimized with the Yoast SEO plugin v27.3 - https:\/\/yoast.com\/product\/yoast-seo-wordpress\/ -->\n<title>Stirnlampe LED Wiederaufladbar,SuperHell 2000 Lumens 5 Lichtmodi 1200mAh 230\u00b0Ultra Leichtgewicht Stirnlampe Led,IPX4 Wasserdichter Kopflampe Stirnlampe,Ideal f\u00fcr Camping,Laufen,Angeln,Joggen - Notfallvorsorge - Krisenvorsorge<\/title>\n<meta name=\"robots\" content=\"index, follow, max-snippet:-1, max-image-preview:large, max-video-preview:-1\" \/>\n<link rel=\"canonical\" href=\"https:\/\/www.ralti.de\/?product=stirnlampe-led-wiederaufladbarsuperhell-2000-lumens-5-lichtmodi-1200mah-230ultra-leichtgewicht-stirnlampe-ledipx4-wasserdichter-kopflampe-stirnlampeideal-fur-campinglaufenangelnjoggen\" \/>\n<meta property=\"og:locale\" content=\"de_DE\" \/>\n<meta property=\"og:type\" content=\"article\" \/>\n<meta property=\"og:title\" content=\"Stirnlampe LED Wiederaufladbar,SuperHell 2000 Lumens 5 Lichtmodi 1200mAh 230\u00b0Ultra Leichtgewicht Stirnlampe Led,IPX4 Wasserdichter Kopflampe Stirnlampe,Ideal f\u00fcr Camping,Laufen,Angeln,Joggen - Notfallvorsorge - Krisenvorsorge\" \/>\n<meta property=\"og:description\" content=\"SUPER HELL 2000 Lumen &amp; 230 \u00b0 BREITSTRAHL: Der Stirnlampe Hat Eine Maximale Helligkeit Von 2000 Lumen Und Einen Beleuchtungsbereich Von 300 Bis 500 Metern, Die Helle Wiederaufladbare Stirnlampe Bietet Dem Kunden Einen Weitwinkel Von 230\u00b0.Die Breite Ausleuchtung Kann Ihnen Helfen, Die Umgebung Klar Zu Sehen Und Den Kopf Nicht Bewegen Zu M\u00fcssen 5 LICHT MODI &amp; INDUKTION SENSOR: Die COB und XPE LED Stirnlampe verf\u00fcgt \u00fcber 5 lichtmodi.Dr\u00fccken Sie in jedem anderen Modus lange auf die Ein \/ Aus Taste,um den Strobe Modus.Stirnlampe verf\u00fcgt \u00fcber einen hochwertigen Bewegungssensor. Wenn der Sensorfunktionsschalter eingeschaltet ist, k\u00f6nnen Sie das Licht ein- und ausschalten, indem Sie einfach mit der Hand innerhalb des Sensorfunktionsbereichs winken USB WIEDERAUFLADBARES &amp; VERSTELLBARES STIRNBAND: Diese Stirnlampe Led ist mit wiederaufladbaren Akkus mit gro\u00dfer Kapazit\u00e4t .Das stirnlampe besteht aus ABS und Silikon,nur 3.5 Unzen.Es ist m\u00f6glich zu falten, ohne die Verwendung zu beeintr\u00e4chtigen. Diese wasserdichte Stirnlampe hat ein einziehbares und bequemes Kopfband. Sie k\u00f6nnen die Gr\u00f6\u00dfe leicht anpassen, um Ihre verschiedenen Bed\u00fcrfnisse zu erf\u00fcllen\" \/>\n<meta property=\"og:url\" content=\"https:\/\/www.ralti.de\/?product=stirnlampe-led-wiederaufladbarsuperhell-2000-lumens-5-lichtmodi-1200mah-230ultra-leichtgewicht-stirnlampe-ledipx4-wasserdichter-kopflampe-stirnlampeideal-fur-campinglaufenangelnjoggen\" \/>\n<meta property=\"og:site_name\" content=\"Notfallvorsorge - Krisenvorsorge\" \/>\n<meta property=\"og:image\" content=\"https:\/\/m.media-amazon.com\/images\/I\/41k-blZ1LrL.jpg\" \/>\n\t<meta property=\"og:image:width\" content=\"500\" \/>\n\t<meta property=\"og:image:height\" content=\"500\" \/>\n\t<meta property=\"og:image:type\" content=\"image\/jpeg\" \/>\n<meta name=\"twitter:card\" content=\"summary_large_image\" \/>\n<meta name=\"twitter:label1\" content=\"Gesch\u00e4tzte Lesezeit\" \/>\n\t<meta name=\"twitter:data1\" content=\"1\u00a0Minute\" \/>\n<script type=\"application\/ld+json\" class=\"yoast-schema-graph\">{\"@context\":\"https:\\\/\\\/schema.org\",\"@graph\":[{\"@type\":\"WebPage\",\"@id\":\"https:\\\/\\\/www.ralti.de\\\/?product=stirnlampe-led-wiederaufladbarsuperhell-2000-lumens-5-lichtmodi-1200mah-230ultra-leichtgewicht-stirnlampe-ledipx4-wasserdichter-kopflampe-stirnlampeideal-fur-campinglaufenangelnjoggen\",\"url\":\"https:\\\/\\\/www.ralti.de\\\/?product=stirnlampe-led-wiederaufladbarsuperhell-2000-lumens-5-lichtmodi-1200mah-230ultra-leichtgewicht-stirnlampe-ledipx4-wasserdichter-kopflampe-stirnlampeideal-fur-campinglaufenangelnjoggen\",\"name\":\"Stirnlampe LED Wiederaufladbar,SuperHell 2000 Lumens 5 Lichtmodi 1200mAh 230\u00b0Ultra Leichtgewicht Stirnlampe Led,IPX4 Wasserdichter Kopflampe Stirnlampe,Ideal f\u00fcr Camping,Laufen,Angeln,Joggen - Notfallvorsorge - Krisenvorsorge\",\"isPartOf\":{\"@id\":\"https:\\\/\\\/www.ralti.de\\\/#website\"},\"primaryImageOfPage\":{\"@id\":\"https:\\\/\\\/www.ralti.de\\\/?product=stirnlampe-led-wiederaufladbarsuperhell-2000-lumens-5-lichtmodi-1200mah-230ultra-leichtgewicht-stirnlampe-ledipx4-wasserdichter-kopflampe-stirnlampeideal-fur-campinglaufenangelnjoggen#primaryimage\"},\"image\":{\"@id\":\"https:\\\/\\\/www.ralti.de\\\/?product=stirnlampe-led-wiederaufladbarsuperhell-2000-lumens-5-lichtmodi-1200mah-230ultra-leichtgewicht-stirnlampe-ledipx4-wasserdichter-kopflampe-stirnlampeideal-fur-campinglaufenangelnjoggen#primaryimage\"},\"thumbnailUrl\":\"https:\\\/\\\/m.media-amazon.com\\\/images\\\/I\\\/41k-blZ1LrL.jpg\",\"datePublished\":\"2025-11-25T11:32:28+00:00\",\"breadcrumb\":{\"@id\":\"https:\\\/\\\/www.ralti.de\\\/?product=stirnlampe-led-wiederaufladbarsuperhell-2000-lumens-5-lichtmodi-1200mah-230ultra-leichtgewicht-stirnlampe-ledipx4-wasserdichter-kopflampe-stirnlampeideal-fur-campinglaufenangelnjoggen#breadcrumb\"},\"inLanguage\":\"de\",\"potentialAction\":[{\"@type\":\"ReadAction\",\"target\":[\"https:\\\/\\\/www.ralti.de\\\/?product=stirnlampe-led-wiederaufladbarsuperhell-2000-lumens-5-lichtmodi-1200mah-230ultra-leichtgewicht-stirnlampe-ledipx4-wasserdichter-kopflampe-stirnlampeideal-fur-campinglaufenangelnjoggen\"]}]},{\"@type\":\"ImageObject\",\"inLanguage\":\"de\",\"@id\":\"https:\\\/\\\/www.ralti.de\\\/?product=stirnlampe-led-wiederaufladbarsuperhell-2000-lumens-5-lichtmodi-1200mah-230ultra-leichtgewicht-stirnlampe-ledipx4-wasserdichter-kopflampe-stirnlampeideal-fur-campinglaufenangelnjoggen#primaryimage\",\"url\":\"https:\\\/\\\/m.media-amazon.com\\\/images\\\/I\\\/41k-blZ1LrL.jpg\",\"contentUrl\":\"https:\\\/\\\/m.media-amazon.com\\\/images\\\/I\\\/41k-blZ1LrL.jpg\",\"width\":500,\"height\":500},{\"@type\":\"BreadcrumbList\",\"@id\":\"https:\\\/\\\/www.ralti.de\\\/?product=stirnlampe-led-wiederaufladbarsuperhell-2000-lumens-5-lichtmodi-1200mah-230ultra-leichtgewicht-stirnlampe-ledipx4-wasserdichter-kopflampe-stirnlampeideal-fur-campinglaufenangelnjoggen#breadcrumb\",\"itemListElement\":[{\"@type\":\"ListItem\",\"position\":1,\"name\":\"Start\",\"item\":\"https:\\\/\\\/www.ralti.de\\\/\"},{\"@type\":\"ListItem\",\"position\":2,\"name\":\"Notfallartikel\",\"item\":\"https:\\\/\\\/www.ralti.de\\\/?page_id=14189\"},{\"@type\":\"ListItem\",\"position\":3,\"name\":\"Stirnlampe LED Wiederaufladbar,SuperHell 2000 Lumens 5 Lichtmodi 1200mAh 230\u00b0Ultra Leichtgewicht Stirnlampe Led,IPX4 Wasserdichter Kopflampe Stirnlampe,Ideal f\u00fcr Camping,Laufen,Angeln,Joggen\"}]},{\"@type\":\"WebSite\",\"@id\":\"https:\\\/\\\/www.ralti.de\\\/#website\",\"url\":\"https:\\\/\\\/www.ralti.de\\\/\",\"name\":\"Ralti.de\",\"description\":\"Hier viele gute Angebote\",\"publisher\":{\"@id\":\"https:\\\/\\\/www.ralti.de\\\/#organization\"},\"potentialAction\":[{\"@type\":\"SearchAction\",\"target\":{\"@type\":\"EntryPoint\",\"urlTemplate\":\"https:\\\/\\\/www.ralti.de\\\/?s={search_term_string}\"},\"query-input\":{\"@type\":\"PropertyValueSpecification\",\"valueRequired\":true,\"valueName\":\"search_term_string\"}}],\"inLanguage\":\"de\"},{\"@type\":\"Organization\",\"@id\":\"https:\\\/\\\/www.ralti.de\\\/#organization\",\"name\":\"Ralti.de\",\"url\":\"https:\\\/\\\/www.ralti.de\\\/\",\"logo\":{\"@type\":\"ImageObject\",\"inLanguage\":\"de\",\"@id\":\"https:\\\/\\\/www.ralti.de\\\/#\\\/schema\\\/logo\\\/image\\\/\",\"url\":\"https:\\\/\\\/www.ralti.de\\\/wp-content\\\/uploads\\\/2025\\\/11\\\/ralti.png\",\"contentUrl\":\"https:\\\/\\\/www.ralti.de\\\/wp-content\\\/uploads\\\/2025\\\/11\\\/ralti.png\",\"width\":240,\"height\":75,\"caption\":\"Ralti.de\"},\"image\":{\"@id\":\"https:\\\/\\\/www.ralti.de\\\/#\\\/schema\\\/logo\\\/image\\\/\"}}]}<\/script>\n<!-- \/ Yoast SEO plugin. -->","yoast_head_json":{"title":"Stirnlampe LED Wiederaufladbar,SuperHell 2000 Lumens 5 Lichtmodi 1200mAh 230\u00b0Ultra Leichtgewicht Stirnlampe Led,IPX4 Wasserdichter Kopflampe Stirnlampe,Ideal f\u00fcr Camping,Laufen,Angeln,Joggen - Notfallvorsorge - Krisenvorsorge","robots":{"index":"index","follow":"follow","max-snippet":"max-snippet:-1","max-image-preview":"max-image-preview:large","max-video-preview":"max-video-preview:-1"},"canonical":"https:\/\/www.ralti.de\/?product=stirnlampe-led-wiederaufladbarsuperhell-2000-lumens-5-lichtmodi-1200mah-230ultra-leichtgewicht-stirnlampe-ledipx4-wasserdichter-kopflampe-stirnlampeideal-fur-campinglaufenangelnjoggen","og_locale":"de_DE","og_type":"article","og_title":"Stirnlampe LED Wiederaufladbar,SuperHell 2000 Lumens 5 Lichtmodi 1200mAh 230\u00b0Ultra Leichtgewicht Stirnlampe Led,IPX4 Wasserdichter Kopflampe Stirnlampe,Ideal f\u00fcr Camping,Laufen,Angeln,Joggen - Notfallvorsorge - Krisenvorsorge","og_description":"SUPER HELL 2000 Lumen & 230 \u00b0 BREITSTRAHL: Der Stirnlampe Hat Eine Maximale Helligkeit Von 2000 Lumen Und Einen Beleuchtungsbereich Von 300 Bis 500 Metern, Die Helle Wiederaufladbare Stirnlampe Bietet Dem Kunden Einen Weitwinkel Von 230\u00b0.Die Breite Ausleuchtung Kann Ihnen Helfen, Die Umgebung Klar Zu Sehen Und Den Kopf Nicht Bewegen Zu M\u00fcssen 5 LICHT MODI & INDUKTION SENSOR: Die COB und XPE LED Stirnlampe verf\u00fcgt \u00fcber 5 lichtmodi.Dr\u00fccken Sie in jedem anderen Modus lange auf die Ein \/ Aus Taste,um den Strobe Modus.Stirnlampe verf\u00fcgt \u00fcber einen hochwertigen Bewegungssensor. Wenn der Sensorfunktionsschalter eingeschaltet ist, k\u00f6nnen Sie das Licht ein- und ausschalten, indem Sie einfach mit der Hand innerhalb des Sensorfunktionsbereichs winken USB WIEDERAUFLADBARES & VERSTELLBARES STIRNBAND: Diese Stirnlampe Led ist mit wiederaufladbaren Akkus mit gro\u00dfer Kapazit\u00e4t .Das stirnlampe besteht aus ABS und Silikon,nur 3.5 Unzen.Es ist m\u00f6glich zu falten, ohne die Verwendung zu beeintr\u00e4chtigen. Diese wasserdichte Stirnlampe hat ein einziehbares und bequemes Kopfband. Sie k\u00f6nnen die Gr\u00f6\u00dfe leicht anpassen, um Ihre verschiedenen Bed\u00fcrfnisse zu erf\u00fcllen","og_url":"https:\/\/www.ralti.de\/?product=stirnlampe-led-wiederaufladbarsuperhell-2000-lumens-5-lichtmodi-1200mah-230ultra-leichtgewicht-stirnlampe-ledipx4-wasserdichter-kopflampe-stirnlampeideal-fur-campinglaufenangelnjoggen","og_site_name":"Notfallvorsorge - Krisenvorsorge","og_image":[{"width":500,"height":500,"url":"https:\/\/m.media-amazon.com\/images\/I\/41k-blZ1LrL.jpg","type":"image\/jpeg"}],"twitter_card":"summary_large_image","twitter_misc":{"Gesch\u00e4tzte Lesezeit":"1\u00a0Minute"},"schema":{"@context":"https:\/\/schema.org","@graph":[{"@type":"WebPage","@id":"https:\/\/www.ralti.de\/?product=stirnlampe-led-wiederaufladbarsuperhell-2000-lumens-5-lichtmodi-1200mah-230ultra-leichtgewicht-stirnlampe-ledipx4-wasserdichter-kopflampe-stirnlampeideal-fur-campinglaufenangelnjoggen","url":"https:\/\/www.ralti.de\/?product=stirnlampe-led-wiederaufladbarsuperhell-2000-lumens-5-lichtmodi-1200mah-230ultra-leichtgewicht-stirnlampe-ledipx4-wasserdichter-kopflampe-stirnlampeideal-fur-campinglaufenangelnjoggen","name":"Stirnlampe LED Wiederaufladbar,SuperHell 2000 Lumens 5 Lichtmodi 1200mAh 230\u00b0Ultra Leichtgewicht Stirnlampe Led,IPX4 Wasserdichter Kopflampe Stirnlampe,Ideal f\u00fcr Camping,Laufen,Angeln,Joggen - Notfallvorsorge - Krisenvorsorge","isPartOf":{"@id":"https:\/\/www.ralti.de\/#website"},"primaryImageOfPage":{"@id":"https:\/\/www.ralti.de\/?product=stirnlampe-led-wiederaufladbarsuperhell-2000-lumens-5-lichtmodi-1200mah-230ultra-leichtgewicht-stirnlampe-ledipx4-wasserdichter-kopflampe-stirnlampeideal-fur-campinglaufenangelnjoggen#primaryimage"},"image":{"@id":"https:\/\/www.ralti.de\/?product=stirnlampe-led-wiederaufladbarsuperhell-2000-lumens-5-lichtmodi-1200mah-230ultra-leichtgewicht-stirnlampe-ledipx4-wasserdichter-kopflampe-stirnlampeideal-fur-campinglaufenangelnjoggen#primaryimage"},"thumbnailUrl":"https:\/\/m.media-amazon.com\/images\/I\/41k-blZ1LrL.jpg","datePublished":"2025-11-25T11:32:28+00:00","breadcrumb":{"@id":"https:\/\/www.ralti.de\/?product=stirnlampe-led-wiederaufladbarsuperhell-2000-lumens-5-lichtmodi-1200mah-230ultra-leichtgewicht-stirnlampe-ledipx4-wasserdichter-kopflampe-stirnlampeideal-fur-campinglaufenangelnjoggen#breadcrumb"},"inLanguage":"de","potentialAction":[{"@type":"ReadAction","target":["https:\/\/www.ralti.de\/?product=stirnlampe-led-wiederaufladbarsuperhell-2000-lumens-5-lichtmodi-1200mah-230ultra-leichtgewicht-stirnlampe-ledipx4-wasserdichter-kopflampe-stirnlampeideal-fur-campinglaufenangelnjoggen"]}]},{"@type":"ImageObject","inLanguage":"de","@id":"https:\/\/www.ralti.de\/?product=stirnlampe-led-wiederaufladbarsuperhell-2000-lumens-5-lichtmodi-1200mah-230ultra-leichtgewicht-stirnlampe-ledipx4-wasserdichter-kopflampe-stirnlampeideal-fur-campinglaufenangelnjoggen#primaryimage","url":"https:\/\/m.media-amazon.com\/images\/I\/41k-blZ1LrL.jpg","contentUrl":"https:\/\/m.media-amazon.com\/images\/I\/41k-blZ1LrL.jpg","width":500,"height":500},{"@type":"BreadcrumbList","@id":"https:\/\/www.ralti.de\/?product=stirnlampe-led-wiederaufladbarsuperhell-2000-lumens-5-lichtmodi-1200mah-230ultra-leichtgewicht-stirnlampe-ledipx4-wasserdichter-kopflampe-stirnlampeideal-fur-campinglaufenangelnjoggen#breadcrumb","itemListElement":[{"@type":"ListItem","position":1,"name":"Start","item":"https:\/\/www.ralti.de\/"},{"@type":"ListItem","position":2,"name":"Notfallartikel","item":"https:\/\/www.ralti.de\/?page_id=14189"},{"@type":"ListItem","position":3,"name":"Stirnlampe LED Wiederaufladbar,SuperHell 2000 Lumens 5 Lichtmodi 1200mAh 230\u00b0Ultra Leichtgewicht Stirnlampe Led,IPX4 Wasserdichter Kopflampe Stirnlampe,Ideal f\u00fcr Camping,Laufen,Angeln,Joggen"}]},{"@type":"WebSite","@id":"https:\/\/www.ralti.de\/#website","url":"https:\/\/www.ralti.de\/","name":"Ralti.de","description":"Hier viele gute Angebote","publisher":{"@id":"https:\/\/www.ralti.de\/#organization"},"potentialAction":[{"@type":"SearchAction","target":{"@type":"EntryPoint","urlTemplate":"https:\/\/www.ralti.de\/?s={search_term_string}"},"query-input":{"@type":"PropertyValueSpecification","valueRequired":true,"valueName":"search_term_string"}}],"inLanguage":"de"},{"@type":"Organization","@id":"https:\/\/www.ralti.de\/#organization","name":"Ralti.de","url":"https:\/\/www.ralti.de\/","logo":{"@type":"ImageObject","inLanguage":"de","@id":"https:\/\/www.ralti.de\/#\/schema\/logo\/image\/","url":"https:\/\/www.ralti.de\/wp-content\/uploads\/2025\/11\/ralti.png","contentUrl":"https:\/\/www.ralti.de\/wp-content\/uploads\/2025\/11\/ralti.png","width":240,"height":75,"caption":"Ralti.de"},"image":{"@id":"https:\/\/www.ralti.de\/#\/schema\/logo\/image\/"}}]}},"_links":{"self":[{"href":"https:\/\/www.ralti.de\/index.php?rest_route=\/wp\/v2\/product\/10130","targetHints":{"allow":["GET"]}}],"collection":[{"href":"https:\/\/www.ralti.de\/index.php?rest_route=\/wp\/v2\/product"}],"about":[{"href":"https:\/\/www.ralti.de\/index.php?rest_route=\/wp\/v2\/types\/product"}],"replies":[{"embeddable":true,"href":"https:\/\/www.ralti.de\/index.php?rest_route=%2Fwp%2Fv2%2Fcomments&post=10130"}],"wp:featuredmedia":[{"embeddable":true,"href":"https:\/\/www.ralti.de\/index.php?rest_route=\/wp\/v2\/media\/10131"}],"wp:attachment":[{"href":"https:\/\/www.ralti.de\/index.php?rest_route=%2Fwp%2Fv2%2Fmedia&parent=10130"}],"wp:term":[{"taxonomy":"product_brand","embeddable":true,"href":"https:\/\/www.ralti.de\/index.php?rest_route=%2Fwp%2Fv2%2Fproduct_brand&post=10130"},{"taxonomy":"product_cat","embeddable":true,"href":"https:\/\/www.ralti.de\/index.php?rest_route=%2Fwp%2Fv2%2Fproduct_cat&post=10130"},{"taxonomy":"product_tag","embeddable":true,"href":"https:\/\/www.ralti.de\/index.php?rest_route=%2Fwp%2Fv2%2Fproduct_tag&post=10130"}],"curies":[{"name":"wp","href":"https:\/\/api.w.org\/{rel}","templated":true}]}}