{"id":10160,"date":"2025-11-25T11:32:34","date_gmt":"2025-11-25T11:32:34","guid":{"rendered":"https:\/\/www.ralti.de\/shop-2\/uncategorized\/blukar-taschenlampe-led-aufladbar-extrem-hell-hohe-helligkeit-taschenlampen-zoombare-handlampe-mit-5-lichtmodi-ip67-wasserdicht-flashlight-torch-fur-camping-outdoor-notfall\/"},"modified":"2025-11-25T11:32:34","modified_gmt":"2025-11-25T11:32:34","slug":"blukar-taschenlampe-led-aufladbar-extrem-hell-hohe-helligkeit-taschenlampen-zoombare-handlampe-mit-5-lichtmodi-ip67-wasserdicht-flashlight-torch-fur-camping-outdoor-notfall","status":"publish","type":"product","link":"https:\/\/www.ralti.de\/?product=blukar-taschenlampe-led-aufladbar-extrem-hell-hohe-helligkeit-taschenlampen-zoombare-handlampe-mit-5-lichtmodi-ip67-wasserdicht-flashlight-torch-fur-camping-outdoor-notfall","title":{"rendered":"Blukar Taschenlampe LED Aufladbar, Extrem Hell Hohe Helligkeit Taschenlampen Zoombare Handlampe mit 5 Lichtmodi, IP67 Wasserdicht Flashlight Torch f\u00fcr Camping, Outdoor, Notf\u00e4ll"},"content":{"rendered":"<p>Extrem Hell LED Taschenlampen: Mit einem hohen Lichtstrom von liefert diese Taschenlampe einen unglaublich starken Strahl, der 10 mal heller ist als gew\u00f6hnliche Taschenlampen. Led Taschenlampe erhellt problemlos die Nachtumgebung und verf\u00fcgt \u00fcber einen gro\u00dfen Beleuchtungsbereich. Blukar Handlamope eignet sich nicht nur als Notstromquelle, aber auch sehr gut f\u00fcr den Au\u00dfenbereich geeignet, wie Camping, Nachtangeln, Wandern usw.<br \/>\nUSB C Wiederaufladbar &#038; Dightaler Bildschrim: Dank der eingebauten ultragro\u00dfen 5000mAH Kapazit\u00e4t Batterien und der standardm\u00e4\u00dfigen USB C Schnittstelle kann diese Taschenlampe in 6 Stunden vollst\u00e4ndig aufgeladen werden und bietet eine Beleuchtungsdauer von 6 bis 24 Stunden (je nach verwendetem Modus). Au\u00dferdem ist diese Taschenlampe mit einem ausgestattet Dightaler Bildschrim f\u00fcr mehr Komfort, sodass \u00fcberwachen Sie die verbleibende Leistung in Echtzeit.<br \/>\n5 Lichtmodi &#038; Zoombar: Diese LED Taschenlampe verf\u00fcgt \u00fcber 5 Lichtmodi \u2013 Superhell, Normal, Weich, Strobe und SOS, um sich gleichzeitig an verschiedene Nutzungsszenarien anzupassen. Diese Taschenlampe ist auch zoombar, Sie m\u00fcssen sie nur ausstrecken, um frei zwischen Flut- und Spotlight zu w\u00e4hlen. Nachts haben Sie problemlos eine klare Sicht, egal ob in die Ferne oder in die N\u00e4he.<br \/>\nIP67 Wasserdichte Taschenlampe: Das Geh\u00e4use besteht aus einer hochwertigen Aluminiumlegierung mit hervorragender Verarbeitung. Die Wasserdichtigkeit betr\u00e4gt bis zu IP67 und eignet sich f\u00fcr verschiedene komplexe Au\u00dfenumgebungen. Dar\u00fcber hinaus ist es rutschfest, verschlei\u00dffest, druckbest\u00e4ndig und sturzsicher. Und der Schutzkopf aus Aluminiumlegierung mit ultrahoher H\u00e4rte kann die konvexe Linse vor Besch\u00e4digungen sch\u00fctzen.<br \/>\nBenutzerfreundliche Funktionen &#038; Zubeh\u00f6r: Halten Sie den Schalter 3 Sek. lang gedr\u00fcckt, um ihn auszuschalten. Dr\u00fccken Sie den Schalter nach 8 Sek., um ihn auszuschalten. Er verf\u00fcgt \u00fcber eine Speicherfunktion und speichert automatisch den zuletzt verwendeten Lichtmodus. Im Lieferung enthalten 1* Batterie\/Batteriehalter\/Batterieroehe\/USB C Ladekabel\/Box\/Trageband\/Taschenlampenholster\/Mini Taschenlampe\/AA Batterie (f\u00fcr Mini Taschenlampen), 4* Wasserdichter Dichtungsring<br \/>\n<div class=\"main-cross-sell\" data-asin=\"B0D83SF1ZQ\">\n\n\t<div class=\"WooZone-cross-sell-loader\">\n\t\t<div>\n\t\t\t<div id=\"floatingBarsG\">\n\t\t\t\t<div class=\"blockG\" id=\"rotateG_01\"><\/div>\n\t\t\t\t<div class=\"blockG\" id=\"rotateG_02\"><\/div>\n\t\t\t\t<div class=\"blockG\" id=\"rotateG_03\"><\/div>\n\t\t\t\t<div class=\"blockG\" id=\"rotateG_04\"><\/div>\n\t\t\t\t<div class=\"blockG\" id=\"rotateG_05\"><\/div>\n\t\t\t\t<div class=\"blockG\" id=\"rotateG_06\"><\/div>\n\t\t\t\t<div class=\"blockG\" id=\"rotateG_07\"><\/div>\n\t\t\t\t<div class=\"blockG\" id=\"rotateG_08\"><\/div>\n\t\t\t<\/div>\n\t\t\t<div class=\"WooZone-cross-sell-loader-text\"><\/div>\n\t\t<\/div>\n\t<\/div>\n\n\t\t\n<\/div>\n<div style=\"clear:both;\"><\/div>\n","protected":false},"excerpt":{"rendered":"<p>Extrem Hell LED Taschenlampen: Mit einem hohen Lichtstrom von liefert diese Taschenlampe einen unglaublich starken Strahl, der 10 mal heller ist als gew\u00f6hnliche Taschenlampen. Led Taschenlampe erhellt problemlos die Nachtumgebung und verf\u00fcgt \u00fcber einen gro\u00dfen Beleuchtungsbereich. Blukar Handlamope eignet sich nicht nur als Notstromquelle, aber auch sehr gut f\u00fcr den Au\u00dfenbereich geeignet, wie Camping, Nachtangeln, Wandern usw.<br \/>\nUSB C Wiederaufladbar &#038; Dightaler Bildschrim: Dank der eingebauten ultragro\u00dfen 5000mAH Kapazit\u00e4t Batterien und der standardm\u00e4\u00dfigen USB C Schnittstelle kann diese Taschenlampe in 6 Stunden vollst\u00e4ndig aufgeladen werden und bietet eine Beleuchtungsdauer von 6 bis 24 Stunden (je nach verwendetem Modus). Au\u00dferdem ist diese Taschenlampe mit einem ausgestattet Dightaler Bildschrim f\u00fcr mehr Komfort, sodass \u00fcberwachen Sie die verbleibende Leistung in Echtzeit.<br \/>\n5 Lichtmodi &#038; Zoombar: Diese LED Taschenlampe verf\u00fcgt \u00fcber 5 Lichtmodi \u2013 Superhell, Normal, Weich, Strobe und SOS, um sich gleichzeitig an verschiedene Nutzungsszenarien anzupassen. Diese Taschenlampe ist auch zoombar, Sie m\u00fcssen sie nur ausstrecken, um frei zwischen Flut- und Spotlight zu w\u00e4hlen. Nachts haben Sie problemlos eine klare Sicht, egal ob in die Ferne oder in die N\u00e4he.<\/p>\n","protected":false},"featured_media":10161,"comment_status":"open","ping_status":"closed","template":"","meta":{"_acf_changed":false},"product_brand":[],"product_cat":[256,261],"product_tag":[],"class_list":{"0":"post-10160","1":"product","2":"type-product","3":"status-publish","4":"has-post-thumbnail","6":"product_cat-beleuchtung","7":"product_cat-taschenlampen-und-stirnlampen","9":"first","10":"instock","11":"sale","12":"shipping-taxable","13":"product-type-external"},"acf":[],"yoast_head":"<!-- This site is optimized with the Yoast SEO plugin v27.3 - https:\/\/yoast.com\/product\/yoast-seo-wordpress\/ -->\n<title>Blukar Taschenlampe LED Aufladbar, Extrem Hell Hohe Helligkeit Taschenlampen Zoombare Handlampe mit 5 Lichtmodi, IP67 Wasserdicht Flashlight Torch f\u00fcr Camping, Outdoor, Notf\u00e4ll - Notfallvorsorge - Krisenvorsorge<\/title>\n<meta name=\"robots\" content=\"index, follow, max-snippet:-1, max-image-preview:large, max-video-preview:-1\" \/>\n<link rel=\"canonical\" href=\"https:\/\/www.ralti.de\/?product=blukar-taschenlampe-led-aufladbar-extrem-hell-hohe-helligkeit-taschenlampen-zoombare-handlampe-mit-5-lichtmodi-ip67-wasserdicht-flashlight-torch-fur-camping-outdoor-notfall\" \/>\n<meta property=\"og:locale\" content=\"de_DE\" \/>\n<meta property=\"og:type\" content=\"article\" \/>\n<meta property=\"og:title\" content=\"Blukar Taschenlampe LED Aufladbar, Extrem Hell Hohe Helligkeit Taschenlampen Zoombare Handlampe mit 5 Lichtmodi, IP67 Wasserdicht Flashlight Torch f\u00fcr Camping, Outdoor, Notf\u00e4ll - Notfallvorsorge - Krisenvorsorge\" \/>\n<meta property=\"og:description\" content=\"Extrem Hell LED Taschenlampen: Mit einem hohen Lichtstrom von liefert diese Taschenlampe einen unglaublich starken Strahl, der 10 mal heller ist als gew\u00f6hnliche Taschenlampen. Led Taschenlampe erhellt problemlos die Nachtumgebung und verf\u00fcgt \u00fcber einen gro\u00dfen Beleuchtungsbereich. Blukar Handlamope eignet sich nicht nur als Notstromquelle, aber auch sehr gut f\u00fcr den Au\u00dfenbereich geeignet, wie Camping, Nachtangeln, Wandern usw. USB C Wiederaufladbar &amp; Dightaler Bildschrim: Dank der eingebauten ultragro\u00dfen 5000mAH Kapazit\u00e4t Batterien und der standardm\u00e4\u00dfigen USB C Schnittstelle kann diese Taschenlampe in 6 Stunden vollst\u00e4ndig aufgeladen werden und bietet eine Beleuchtungsdauer von 6 bis 24 Stunden (je nach verwendetem Modus). Au\u00dferdem ist diese Taschenlampe mit einem ausgestattet Dightaler Bildschrim f\u00fcr mehr Komfort, sodass \u00fcberwachen Sie die verbleibende Leistung in Echtzeit. 5 Lichtmodi &amp; Zoombar: Diese LED Taschenlampe verf\u00fcgt \u00fcber 5 Lichtmodi \u2013 Superhell, Normal, Weich, Strobe und SOS, um sich gleichzeitig an verschiedene Nutzungsszenarien anzupassen. Diese Taschenlampe ist auch zoombar, Sie m\u00fcssen sie nur ausstrecken, um frei zwischen Flut- und Spotlight zu w\u00e4hlen. Nachts haben Sie problemlos eine klare Sicht, egal ob in die Ferne oder in die N\u00e4he.\" \/>\n<meta property=\"og:url\" content=\"https:\/\/www.ralti.de\/?product=blukar-taschenlampe-led-aufladbar-extrem-hell-hohe-helligkeit-taschenlampen-zoombare-handlampe-mit-5-lichtmodi-ip67-wasserdicht-flashlight-torch-fur-camping-outdoor-notfall\" \/>\n<meta property=\"og:site_name\" content=\"Notfallvorsorge - Krisenvorsorge\" \/>\n<meta property=\"og:image\" content=\"https:\/\/m.media-amazon.com\/images\/I\/511oqyxhZ4L.jpg\" \/>\n\t<meta property=\"og:image:width\" content=\"500\" \/>\n\t<meta property=\"og:image:height\" content=\"500\" \/>\n\t<meta property=\"og:image:type\" content=\"image\/jpeg\" \/>\n<meta name=\"twitter:card\" content=\"summary_large_image\" \/>\n<meta name=\"twitter:label1\" content=\"Gesch\u00e4tzte Lesezeit\" \/>\n\t<meta name=\"twitter:data1\" content=\"2\u00a0Minuten\" \/>\n<script type=\"application\/ld+json\" class=\"yoast-schema-graph\">{\"@context\":\"https:\\\/\\\/schema.org\",\"@graph\":[{\"@type\":\"WebPage\",\"@id\":\"https:\\\/\\\/www.ralti.de\\\/?product=blukar-taschenlampe-led-aufladbar-extrem-hell-hohe-helligkeit-taschenlampen-zoombare-handlampe-mit-5-lichtmodi-ip67-wasserdicht-flashlight-torch-fur-camping-outdoor-notfall\",\"url\":\"https:\\\/\\\/www.ralti.de\\\/?product=blukar-taschenlampe-led-aufladbar-extrem-hell-hohe-helligkeit-taschenlampen-zoombare-handlampe-mit-5-lichtmodi-ip67-wasserdicht-flashlight-torch-fur-camping-outdoor-notfall\",\"name\":\"Blukar Taschenlampe LED Aufladbar, Extrem Hell Hohe Helligkeit Taschenlampen Zoombare Handlampe mit 5 Lichtmodi, IP67 Wasserdicht Flashlight Torch f\u00fcr Camping, Outdoor, Notf\u00e4ll - Notfallvorsorge - Krisenvorsorge\",\"isPartOf\":{\"@id\":\"https:\\\/\\\/www.ralti.de\\\/#website\"},\"primaryImageOfPage\":{\"@id\":\"https:\\\/\\\/www.ralti.de\\\/?product=blukar-taschenlampe-led-aufladbar-extrem-hell-hohe-helligkeit-taschenlampen-zoombare-handlampe-mit-5-lichtmodi-ip67-wasserdicht-flashlight-torch-fur-camping-outdoor-notfall#primaryimage\"},\"image\":{\"@id\":\"https:\\\/\\\/www.ralti.de\\\/?product=blukar-taschenlampe-led-aufladbar-extrem-hell-hohe-helligkeit-taschenlampen-zoombare-handlampe-mit-5-lichtmodi-ip67-wasserdicht-flashlight-torch-fur-camping-outdoor-notfall#primaryimage\"},\"thumbnailUrl\":\"https:\\\/\\\/m.media-amazon.com\\\/images\\\/I\\\/511oqyxhZ4L.jpg\",\"datePublished\":\"2025-11-25T11:32:34+00:00\",\"breadcrumb\":{\"@id\":\"https:\\\/\\\/www.ralti.de\\\/?product=blukar-taschenlampe-led-aufladbar-extrem-hell-hohe-helligkeit-taschenlampen-zoombare-handlampe-mit-5-lichtmodi-ip67-wasserdicht-flashlight-torch-fur-camping-outdoor-notfall#breadcrumb\"},\"inLanguage\":\"de\",\"potentialAction\":[{\"@type\":\"ReadAction\",\"target\":[\"https:\\\/\\\/www.ralti.de\\\/?product=blukar-taschenlampe-led-aufladbar-extrem-hell-hohe-helligkeit-taschenlampen-zoombare-handlampe-mit-5-lichtmodi-ip67-wasserdicht-flashlight-torch-fur-camping-outdoor-notfall\"]}]},{\"@type\":\"ImageObject\",\"inLanguage\":\"de\",\"@id\":\"https:\\\/\\\/www.ralti.de\\\/?product=blukar-taschenlampe-led-aufladbar-extrem-hell-hohe-helligkeit-taschenlampen-zoombare-handlampe-mit-5-lichtmodi-ip67-wasserdicht-flashlight-torch-fur-camping-outdoor-notfall#primaryimage\",\"url\":\"https:\\\/\\\/m.media-amazon.com\\\/images\\\/I\\\/511oqyxhZ4L.jpg\",\"contentUrl\":\"https:\\\/\\\/m.media-amazon.com\\\/images\\\/I\\\/511oqyxhZ4L.jpg\",\"width\":500,\"height\":500},{\"@type\":\"BreadcrumbList\",\"@id\":\"https:\\\/\\\/www.ralti.de\\\/?product=blukar-taschenlampe-led-aufladbar-extrem-hell-hohe-helligkeit-taschenlampen-zoombare-handlampe-mit-5-lichtmodi-ip67-wasserdicht-flashlight-torch-fur-camping-outdoor-notfall#breadcrumb\",\"itemListElement\":[{\"@type\":\"ListItem\",\"position\":1,\"name\":\"Start\",\"item\":\"https:\\\/\\\/www.ralti.de\\\/\"},{\"@type\":\"ListItem\",\"position\":2,\"name\":\"Notfallartikel\",\"item\":\"https:\\\/\\\/www.ralti.de\\\/?page_id=14189\"},{\"@type\":\"ListItem\",\"position\":3,\"name\":\"Blukar Taschenlampe LED Aufladbar, Extrem Hell Hohe Helligkeit Taschenlampen Zoombare Handlampe mit 5 Lichtmodi, IP67 Wasserdicht Flashlight Torch f\u00fcr Camping, Outdoor, Notf\u00e4ll\"}]},{\"@type\":\"WebSite\",\"@id\":\"https:\\\/\\\/www.ralti.de\\\/#website\",\"url\":\"https:\\\/\\\/www.ralti.de\\\/\",\"name\":\"Ralti.de\",\"description\":\"Hier viele gute Angebote\",\"publisher\":{\"@id\":\"https:\\\/\\\/www.ralti.de\\\/#organization\"},\"potentialAction\":[{\"@type\":\"SearchAction\",\"target\":{\"@type\":\"EntryPoint\",\"urlTemplate\":\"https:\\\/\\\/www.ralti.de\\\/?s={search_term_string}\"},\"query-input\":{\"@type\":\"PropertyValueSpecification\",\"valueRequired\":true,\"valueName\":\"search_term_string\"}}],\"inLanguage\":\"de\"},{\"@type\":\"Organization\",\"@id\":\"https:\\\/\\\/www.ralti.de\\\/#organization\",\"name\":\"Ralti.de\",\"url\":\"https:\\\/\\\/www.ralti.de\\\/\",\"logo\":{\"@type\":\"ImageObject\",\"inLanguage\":\"de\",\"@id\":\"https:\\\/\\\/www.ralti.de\\\/#\\\/schema\\\/logo\\\/image\\\/\",\"url\":\"https:\\\/\\\/www.ralti.de\\\/wp-content\\\/uploads\\\/2025\\\/11\\\/ralti.png\",\"contentUrl\":\"https:\\\/\\\/www.ralti.de\\\/wp-content\\\/uploads\\\/2025\\\/11\\\/ralti.png\",\"width\":240,\"height\":75,\"caption\":\"Ralti.de\"},\"image\":{\"@id\":\"https:\\\/\\\/www.ralti.de\\\/#\\\/schema\\\/logo\\\/image\\\/\"}}]}<\/script>\n<!-- \/ Yoast SEO plugin. -->","yoast_head_json":{"title":"Blukar Taschenlampe LED Aufladbar, Extrem Hell Hohe Helligkeit Taschenlampen Zoombare Handlampe mit 5 Lichtmodi, IP67 Wasserdicht Flashlight Torch f\u00fcr Camping, Outdoor, Notf\u00e4ll - Notfallvorsorge - Krisenvorsorge","robots":{"index":"index","follow":"follow","max-snippet":"max-snippet:-1","max-image-preview":"max-image-preview:large","max-video-preview":"max-video-preview:-1"},"canonical":"https:\/\/www.ralti.de\/?product=blukar-taschenlampe-led-aufladbar-extrem-hell-hohe-helligkeit-taschenlampen-zoombare-handlampe-mit-5-lichtmodi-ip67-wasserdicht-flashlight-torch-fur-camping-outdoor-notfall","og_locale":"de_DE","og_type":"article","og_title":"Blukar Taschenlampe LED Aufladbar, Extrem Hell Hohe Helligkeit Taschenlampen Zoombare Handlampe mit 5 Lichtmodi, IP67 Wasserdicht Flashlight Torch f\u00fcr Camping, Outdoor, Notf\u00e4ll - Notfallvorsorge - Krisenvorsorge","og_description":"Extrem Hell LED Taschenlampen: Mit einem hohen Lichtstrom von liefert diese Taschenlampe einen unglaublich starken Strahl, der 10 mal heller ist als gew\u00f6hnliche Taschenlampen. Led Taschenlampe erhellt problemlos die Nachtumgebung und verf\u00fcgt \u00fcber einen gro\u00dfen Beleuchtungsbereich. Blukar Handlamope eignet sich nicht nur als Notstromquelle, aber auch sehr gut f\u00fcr den Au\u00dfenbereich geeignet, wie Camping, Nachtangeln, Wandern usw. USB C Wiederaufladbar & Dightaler Bildschrim: Dank der eingebauten ultragro\u00dfen 5000mAH Kapazit\u00e4t Batterien und der standardm\u00e4\u00dfigen USB C Schnittstelle kann diese Taschenlampe in 6 Stunden vollst\u00e4ndig aufgeladen werden und bietet eine Beleuchtungsdauer von 6 bis 24 Stunden (je nach verwendetem Modus). Au\u00dferdem ist diese Taschenlampe mit einem ausgestattet Dightaler Bildschrim f\u00fcr mehr Komfort, sodass \u00fcberwachen Sie die verbleibende Leistung in Echtzeit. 5 Lichtmodi & Zoombar: Diese LED Taschenlampe verf\u00fcgt \u00fcber 5 Lichtmodi \u2013 Superhell, Normal, Weich, Strobe und SOS, um sich gleichzeitig an verschiedene Nutzungsszenarien anzupassen. Diese Taschenlampe ist auch zoombar, Sie m\u00fcssen sie nur ausstrecken, um frei zwischen Flut- und Spotlight zu w\u00e4hlen. Nachts haben Sie problemlos eine klare Sicht, egal ob in die Ferne oder in die N\u00e4he.","og_url":"https:\/\/www.ralti.de\/?product=blukar-taschenlampe-led-aufladbar-extrem-hell-hohe-helligkeit-taschenlampen-zoombare-handlampe-mit-5-lichtmodi-ip67-wasserdicht-flashlight-torch-fur-camping-outdoor-notfall","og_site_name":"Notfallvorsorge - Krisenvorsorge","og_image":[{"width":500,"height":500,"url":"https:\/\/m.media-amazon.com\/images\/I\/511oqyxhZ4L.jpg","type":"image\/jpeg"}],"twitter_card":"summary_large_image","twitter_misc":{"Gesch\u00e4tzte Lesezeit":"2\u00a0Minuten"},"schema":{"@context":"https:\/\/schema.org","@graph":[{"@type":"WebPage","@id":"https:\/\/www.ralti.de\/?product=blukar-taschenlampe-led-aufladbar-extrem-hell-hohe-helligkeit-taschenlampen-zoombare-handlampe-mit-5-lichtmodi-ip67-wasserdicht-flashlight-torch-fur-camping-outdoor-notfall","url":"https:\/\/www.ralti.de\/?product=blukar-taschenlampe-led-aufladbar-extrem-hell-hohe-helligkeit-taschenlampen-zoombare-handlampe-mit-5-lichtmodi-ip67-wasserdicht-flashlight-torch-fur-camping-outdoor-notfall","name":"Blukar Taschenlampe LED Aufladbar, Extrem Hell Hohe Helligkeit Taschenlampen Zoombare Handlampe mit 5 Lichtmodi, IP67 Wasserdicht Flashlight Torch f\u00fcr Camping, Outdoor, Notf\u00e4ll - Notfallvorsorge - Krisenvorsorge","isPartOf":{"@id":"https:\/\/www.ralti.de\/#website"},"primaryImageOfPage":{"@id":"https:\/\/www.ralti.de\/?product=blukar-taschenlampe-led-aufladbar-extrem-hell-hohe-helligkeit-taschenlampen-zoombare-handlampe-mit-5-lichtmodi-ip67-wasserdicht-flashlight-torch-fur-camping-outdoor-notfall#primaryimage"},"image":{"@id":"https:\/\/www.ralti.de\/?product=blukar-taschenlampe-led-aufladbar-extrem-hell-hohe-helligkeit-taschenlampen-zoombare-handlampe-mit-5-lichtmodi-ip67-wasserdicht-flashlight-torch-fur-camping-outdoor-notfall#primaryimage"},"thumbnailUrl":"https:\/\/m.media-amazon.com\/images\/I\/511oqyxhZ4L.jpg","datePublished":"2025-11-25T11:32:34+00:00","breadcrumb":{"@id":"https:\/\/www.ralti.de\/?product=blukar-taschenlampe-led-aufladbar-extrem-hell-hohe-helligkeit-taschenlampen-zoombare-handlampe-mit-5-lichtmodi-ip67-wasserdicht-flashlight-torch-fur-camping-outdoor-notfall#breadcrumb"},"inLanguage":"de","potentialAction":[{"@type":"ReadAction","target":["https:\/\/www.ralti.de\/?product=blukar-taschenlampe-led-aufladbar-extrem-hell-hohe-helligkeit-taschenlampen-zoombare-handlampe-mit-5-lichtmodi-ip67-wasserdicht-flashlight-torch-fur-camping-outdoor-notfall"]}]},{"@type":"ImageObject","inLanguage":"de","@id":"https:\/\/www.ralti.de\/?product=blukar-taschenlampe-led-aufladbar-extrem-hell-hohe-helligkeit-taschenlampen-zoombare-handlampe-mit-5-lichtmodi-ip67-wasserdicht-flashlight-torch-fur-camping-outdoor-notfall#primaryimage","url":"https:\/\/m.media-amazon.com\/images\/I\/511oqyxhZ4L.jpg","contentUrl":"https:\/\/m.media-amazon.com\/images\/I\/511oqyxhZ4L.jpg","width":500,"height":500},{"@type":"BreadcrumbList","@id":"https:\/\/www.ralti.de\/?product=blukar-taschenlampe-led-aufladbar-extrem-hell-hohe-helligkeit-taschenlampen-zoombare-handlampe-mit-5-lichtmodi-ip67-wasserdicht-flashlight-torch-fur-camping-outdoor-notfall#breadcrumb","itemListElement":[{"@type":"ListItem","position":1,"name":"Start","item":"https:\/\/www.ralti.de\/"},{"@type":"ListItem","position":2,"name":"Notfallartikel","item":"https:\/\/www.ralti.de\/?page_id=14189"},{"@type":"ListItem","position":3,"name":"Blukar Taschenlampe LED Aufladbar, Extrem Hell Hohe Helligkeit Taschenlampen Zoombare Handlampe mit 5 Lichtmodi, IP67 Wasserdicht Flashlight Torch f\u00fcr Camping, Outdoor, Notf\u00e4ll"}]},{"@type":"WebSite","@id":"https:\/\/www.ralti.de\/#website","url":"https:\/\/www.ralti.de\/","name":"Ralti.de","description":"Hier viele gute Angebote","publisher":{"@id":"https:\/\/www.ralti.de\/#organization"},"potentialAction":[{"@type":"SearchAction","target":{"@type":"EntryPoint","urlTemplate":"https:\/\/www.ralti.de\/?s={search_term_string}"},"query-input":{"@type":"PropertyValueSpecification","valueRequired":true,"valueName":"search_term_string"}}],"inLanguage":"de"},{"@type":"Organization","@id":"https:\/\/www.ralti.de\/#organization","name":"Ralti.de","url":"https:\/\/www.ralti.de\/","logo":{"@type":"ImageObject","inLanguage":"de","@id":"https:\/\/www.ralti.de\/#\/schema\/logo\/image\/","url":"https:\/\/www.ralti.de\/wp-content\/uploads\/2025\/11\/ralti.png","contentUrl":"https:\/\/www.ralti.de\/wp-content\/uploads\/2025\/11\/ralti.png","width":240,"height":75,"caption":"Ralti.de"},"image":{"@id":"https:\/\/www.ralti.de\/#\/schema\/logo\/image\/"}}]}},"_links":{"self":[{"href":"https:\/\/www.ralti.de\/index.php?rest_route=\/wp\/v2\/product\/10160","targetHints":{"allow":["GET"]}}],"collection":[{"href":"https:\/\/www.ralti.de\/index.php?rest_route=\/wp\/v2\/product"}],"about":[{"href":"https:\/\/www.ralti.de\/index.php?rest_route=\/wp\/v2\/types\/product"}],"replies":[{"embeddable":true,"href":"https:\/\/www.ralti.de\/index.php?rest_route=%2Fwp%2Fv2%2Fcomments&post=10160"}],"wp:featuredmedia":[{"embeddable":true,"href":"https:\/\/www.ralti.de\/index.php?rest_route=\/wp\/v2\/media\/10161"}],"wp:attachment":[{"href":"https:\/\/www.ralti.de\/index.php?rest_route=%2Fwp%2Fv2%2Fmedia&parent=10160"}],"wp:term":[{"taxonomy":"product_brand","embeddable":true,"href":"https:\/\/www.ralti.de\/index.php?rest_route=%2Fwp%2Fv2%2Fproduct_brand&post=10160"},{"taxonomy":"product_cat","embeddable":true,"href":"https:\/\/www.ralti.de\/index.php?rest_route=%2Fwp%2Fv2%2Fproduct_cat&post=10160"},{"taxonomy":"product_tag","embeddable":true,"href":"https:\/\/www.ralti.de\/index.php?rest_route=%2Fwp%2Fv2%2Fproduct_tag&post=10160"}],"curies":[{"name":"wp","href":"https:\/\/api.w.org\/{rel}","templated":true}]}}