{"id":10178,"date":"2025-11-25T11:32:38","date_gmt":"2025-11-25T11:32:38","guid":{"rendered":"https:\/\/www.ralti.de\/shop-2\/uncategorized\/le-led-taschenlampe-klein-le1000-extrem-hell-zoombare-mini-taschenlampen-batteriebetrieben-fur-kinder-tragbare-flashlight-wasserdichte-torch-handlampe-fur-camping-outdoor-wandern-notfalle\/"},"modified":"2025-11-25T11:32:38","modified_gmt":"2025-11-25T11:32:38","slug":"le-led-taschenlampe-klein-le1000-extrem-hell-zoombare-mini-taschenlampen-batteriebetrieben-fur-kinder-tragbare-flashlight-wasserdichte-torch-handlampe-fur-camping-outdoor-wandern-notfalle","status":"publish","type":"product","link":"https:\/\/www.ralti.de\/?product=le-led-taschenlampe-klein-le1000-extrem-hell-zoombare-mini-taschenlampen-batteriebetrieben-fur-kinder-tragbare-flashlight-wasserdichte-torch-handlampe-fur-camping-outdoor-wandern-notfalle","title":{"rendered":"LE LED Taschenlampe Klein, LE1000 Extrem Hell Zoombare Mini Taschenlampen Batteriebetrieben f\u00fcr Kinder, Tragbare Flashlight, Wasserdichte Torch, Handlampe f\u00fcr Camping, Outdoor, Wandern, Notf\u00e4lle"},"content":{"rendered":"<p>Superhell und Stabil: Die LED LE1000 Taschenlampe verwendet hochwertige 8022A LED-Chips, um ein echtes helles Licht ohne falsche Beschreibung zu liefern. Erg\u00e4nzt durch eine solide innere Geh\u00e4usestruktur ist die Lichtquelle superhell, ohne pl\u00f6tzliches Flackern oder Erl\u00f6schen, ohne komische Farben oder Winkel und mit einer Reichweite von bis zu 150 Metern.<br \/>\nKlein und Klassik: Dank des keleines 3,4 cm * 10,9 cm Gr\u00f6\u00dfes passt sie gut in der Tasche und ist perfekt zum Tragen. Es gibt keine unn\u00f6tigen Dekorationen wie Strobuskopmodus, ein Knopf f\u00fcr ultimative Einfachheit, und keine Ger\u00e4usche w\u00e4hrend der Benutzung. Praktisch f\u00fcr M\u00e4nner, freundlich f\u00fcr Frauen, einfach zu bedienen f\u00fcr \u00e4ltere Menschen und sicher f\u00fcr Kinder.<br \/>\nWasserdicht und Robust: Diese IPX4 Flashlight kann bei Regen, Schnee und anderen Wetterbedingungen verwendet werden. Das Aluminiumgeh\u00e4use ist robust und stark. Das Trageband und das rutschfeste Design werden nicht abfallen, auch wenn Ihre H\u00e4nde schwitzen. Die schlichte Form bietet einen metallischen Griff und ist ein tolles Geschenk.<br \/>\nZommbar und Praktisch : Diese Handlampe kann einen hellen gro\u00dffl\u00e4chigen Scheinwerfer oder einen pr\u00e4zisen fokussierten Strahler erzeugen.Der Schiebezoom ist fl\u00fcssig und weit genug. Die Batterien ist sicher und l\u00e4uft nicht aus, und die geringe Gr\u00f6\u00dfe, aber lange Lebensdauer ist ausreichend f\u00fcr den t\u00e4glichen Gebrauch.<br \/>\nMehr Anwendungen: Idealer Begleiter im Abenteuerurlaub, beim Segeln, Bergsteigen, Notfall, Patrol, Selbstverteidigung oder einfach als Notbeleuchtung im Haushalt oder im Auto; 1 * LED Taschenlampe, 3 * Batterien (AAA) werden geliefert.<br \/>\n<div class=\"main-cross-sell\" data-asin=\"B005FEGYCO\">\n\n\t<div class=\"WooZone-cross-sell-loader\">\n\t\t<div>\n\t\t\t<div id=\"floatingBarsG\">\n\t\t\t\t<div class=\"blockG\" id=\"rotateG_01\"><\/div>\n\t\t\t\t<div class=\"blockG\" id=\"rotateG_02\"><\/div>\n\t\t\t\t<div class=\"blockG\" id=\"rotateG_03\"><\/div>\n\t\t\t\t<div class=\"blockG\" id=\"rotateG_04\"><\/div>\n\t\t\t\t<div class=\"blockG\" id=\"rotateG_05\"><\/div>\n\t\t\t\t<div class=\"blockG\" id=\"rotateG_06\"><\/div>\n\t\t\t\t<div class=\"blockG\" id=\"rotateG_07\"><\/div>\n\t\t\t\t<div class=\"blockG\" id=\"rotateG_08\"><\/div>\n\t\t\t<\/div>\n\t\t\t<div class=\"WooZone-cross-sell-loader-text\"><\/div>\n\t\t<\/div>\n\t<\/div>\n\n\t\t\n<\/div>\n<div style=\"clear:both;\"><\/div>\n","protected":false},"excerpt":{"rendered":"<p>Superhell und Stabil: Die LED LE1000 Taschenlampe verwendet hochwertige 8022A LED-Chips, um ein echtes helles Licht ohne falsche Beschreibung zu liefern. Erg\u00e4nzt durch eine solide innere Geh\u00e4usestruktur ist die Lichtquelle superhell, ohne pl\u00f6tzliches Flackern oder Erl\u00f6schen, ohne komische Farben oder Winkel und mit einer Reichweite von bis zu 150 Metern.<br \/>\nKlein und Klassik: Dank des keleines 3,4 cm * 10,9 cm Gr\u00f6\u00dfes passt sie gut in der Tasche und ist perfekt zum Tragen. Es gibt keine unn\u00f6tigen Dekorationen wie Strobuskopmodus, ein Knopf f\u00fcr ultimative Einfachheit, und keine Ger\u00e4usche w\u00e4hrend der Benutzung. Praktisch f\u00fcr M\u00e4nner, freundlich f\u00fcr Frauen, einfach zu bedienen f\u00fcr \u00e4ltere Menschen und sicher f\u00fcr Kinder.<br \/>\nWasserdicht und Robust: Diese IPX4 Flashlight kann bei Regen, Schnee und anderen Wetterbedingungen verwendet werden. Das Aluminiumgeh\u00e4use ist robust und stark. Das Trageband und das rutschfeste Design werden nicht abfallen, auch wenn Ihre H\u00e4nde schwitzen. Die schlichte Form bietet einen metallischen Griff und ist ein tolles Geschenk.<\/p>\n","protected":false},"featured_media":10179,"comment_status":"open","ping_status":"closed","template":"","meta":{"_acf_changed":false},"product_brand":[],"product_cat":[256,261],"product_tag":[],"class_list":{"0":"post-10178","1":"product","2":"type-product","3":"status-publish","4":"has-post-thumbnail","6":"product_cat-beleuchtung","7":"product_cat-taschenlampen-und-stirnlampen","9":"first","10":"instock","11":"sale","12":"shipping-taxable","13":"product-type-external"},"acf":[],"yoast_head":"<!-- This site is optimized with the Yoast SEO plugin v27.3 - https:\/\/yoast.com\/product\/yoast-seo-wordpress\/ -->\n<title>LE LED Taschenlampe Klein, LE1000 Extrem Hell Zoombare Mini Taschenlampen Batteriebetrieben f\u00fcr Kinder, Tragbare Flashlight, Wasserdichte Torch, Handlampe f\u00fcr Camping, Outdoor, Wandern, Notf\u00e4lle - Notfallvorsorge - Krisenvorsorge<\/title>\n<meta name=\"robots\" content=\"index, follow, max-snippet:-1, max-image-preview:large, max-video-preview:-1\" \/>\n<link rel=\"canonical\" href=\"https:\/\/www.ralti.de\/?product=le-led-taschenlampe-klein-le1000-extrem-hell-zoombare-mini-taschenlampen-batteriebetrieben-fur-kinder-tragbare-flashlight-wasserdichte-torch-handlampe-fur-camping-outdoor-wandern-notfalle\" \/>\n<meta property=\"og:locale\" content=\"de_DE\" \/>\n<meta property=\"og:type\" content=\"article\" \/>\n<meta property=\"og:title\" content=\"LE LED Taschenlampe Klein, LE1000 Extrem Hell Zoombare Mini Taschenlampen Batteriebetrieben f\u00fcr Kinder, Tragbare Flashlight, Wasserdichte Torch, Handlampe f\u00fcr Camping, Outdoor, Wandern, Notf\u00e4lle - Notfallvorsorge - Krisenvorsorge\" \/>\n<meta property=\"og:description\" content=\"Superhell und Stabil: Die LED LE1000 Taschenlampe verwendet hochwertige 8022A LED-Chips, um ein echtes helles Licht ohne falsche Beschreibung zu liefern. Erg\u00e4nzt durch eine solide innere Geh\u00e4usestruktur ist die Lichtquelle superhell, ohne pl\u00f6tzliches Flackern oder Erl\u00f6schen, ohne komische Farben oder Winkel und mit einer Reichweite von bis zu 150 Metern. Klein und Klassik: Dank des keleines 3,4 cm * 10,9 cm Gr\u00f6\u00dfes passt sie gut in der Tasche und ist perfekt zum Tragen. Es gibt keine unn\u00f6tigen Dekorationen wie Strobuskopmodus, ein Knopf f\u00fcr ultimative Einfachheit, und keine Ger\u00e4usche w\u00e4hrend der Benutzung. Praktisch f\u00fcr M\u00e4nner, freundlich f\u00fcr Frauen, einfach zu bedienen f\u00fcr \u00e4ltere Menschen und sicher f\u00fcr Kinder. Wasserdicht und Robust: Diese IPX4 Flashlight kann bei Regen, Schnee und anderen Wetterbedingungen verwendet werden. Das Aluminiumgeh\u00e4use ist robust und stark. Das Trageband und das rutschfeste Design werden nicht abfallen, auch wenn Ihre H\u00e4nde schwitzen. Die schlichte Form bietet einen metallischen Griff und ist ein tolles Geschenk.\" \/>\n<meta property=\"og:url\" content=\"https:\/\/www.ralti.de\/?product=le-led-taschenlampe-klein-le1000-extrem-hell-zoombare-mini-taschenlampen-batteriebetrieben-fur-kinder-tragbare-flashlight-wasserdichte-torch-handlampe-fur-camping-outdoor-wandern-notfalle\" \/>\n<meta property=\"og:site_name\" content=\"Notfallvorsorge - Krisenvorsorge\" \/>\n<meta property=\"og:image\" content=\"https:\/\/m.media-amazon.com\/images\/I\/41mxcbkQJCS.jpg\" \/>\n\t<meta property=\"og:image:width\" content=\"500\" \/>\n\t<meta property=\"og:image:height\" content=\"500\" \/>\n\t<meta property=\"og:image:type\" content=\"image\/jpeg\" \/>\n<meta name=\"twitter:card\" content=\"summary_large_image\" \/>\n<meta name=\"twitter:label1\" content=\"Gesch\u00e4tzte Lesezeit\" \/>\n\t<meta name=\"twitter:data1\" content=\"1\u00a0Minute\" \/>\n<script type=\"application\/ld+json\" class=\"yoast-schema-graph\">{\"@context\":\"https:\\\/\\\/schema.org\",\"@graph\":[{\"@type\":\"WebPage\",\"@id\":\"https:\\\/\\\/www.ralti.de\\\/?product=le-led-taschenlampe-klein-le1000-extrem-hell-zoombare-mini-taschenlampen-batteriebetrieben-fur-kinder-tragbare-flashlight-wasserdichte-torch-handlampe-fur-camping-outdoor-wandern-notfalle\",\"url\":\"https:\\\/\\\/www.ralti.de\\\/?product=le-led-taschenlampe-klein-le1000-extrem-hell-zoombare-mini-taschenlampen-batteriebetrieben-fur-kinder-tragbare-flashlight-wasserdichte-torch-handlampe-fur-camping-outdoor-wandern-notfalle\",\"name\":\"LE LED Taschenlampe Klein, LE1000 Extrem Hell Zoombare Mini Taschenlampen Batteriebetrieben f\u00fcr Kinder, Tragbare Flashlight, Wasserdichte Torch, Handlampe f\u00fcr Camping, Outdoor, Wandern, Notf\u00e4lle - Notfallvorsorge - Krisenvorsorge\",\"isPartOf\":{\"@id\":\"https:\\\/\\\/www.ralti.de\\\/#website\"},\"primaryImageOfPage\":{\"@id\":\"https:\\\/\\\/www.ralti.de\\\/?product=le-led-taschenlampe-klein-le1000-extrem-hell-zoombare-mini-taschenlampen-batteriebetrieben-fur-kinder-tragbare-flashlight-wasserdichte-torch-handlampe-fur-camping-outdoor-wandern-notfalle#primaryimage\"},\"image\":{\"@id\":\"https:\\\/\\\/www.ralti.de\\\/?product=le-led-taschenlampe-klein-le1000-extrem-hell-zoombare-mini-taschenlampen-batteriebetrieben-fur-kinder-tragbare-flashlight-wasserdichte-torch-handlampe-fur-camping-outdoor-wandern-notfalle#primaryimage\"},\"thumbnailUrl\":\"https:\\\/\\\/m.media-amazon.com\\\/images\\\/I\\\/41mxcbkQJCS.jpg\",\"datePublished\":\"2025-11-25T11:32:38+00:00\",\"breadcrumb\":{\"@id\":\"https:\\\/\\\/www.ralti.de\\\/?product=le-led-taschenlampe-klein-le1000-extrem-hell-zoombare-mini-taschenlampen-batteriebetrieben-fur-kinder-tragbare-flashlight-wasserdichte-torch-handlampe-fur-camping-outdoor-wandern-notfalle#breadcrumb\"},\"inLanguage\":\"de\",\"potentialAction\":[{\"@type\":\"ReadAction\",\"target\":[\"https:\\\/\\\/www.ralti.de\\\/?product=le-led-taschenlampe-klein-le1000-extrem-hell-zoombare-mini-taschenlampen-batteriebetrieben-fur-kinder-tragbare-flashlight-wasserdichte-torch-handlampe-fur-camping-outdoor-wandern-notfalle\"]}]},{\"@type\":\"ImageObject\",\"inLanguage\":\"de\",\"@id\":\"https:\\\/\\\/www.ralti.de\\\/?product=le-led-taschenlampe-klein-le1000-extrem-hell-zoombare-mini-taschenlampen-batteriebetrieben-fur-kinder-tragbare-flashlight-wasserdichte-torch-handlampe-fur-camping-outdoor-wandern-notfalle#primaryimage\",\"url\":\"https:\\\/\\\/m.media-amazon.com\\\/images\\\/I\\\/41mxcbkQJCS.jpg\",\"contentUrl\":\"https:\\\/\\\/m.media-amazon.com\\\/images\\\/I\\\/41mxcbkQJCS.jpg\",\"width\":500,\"height\":500},{\"@type\":\"BreadcrumbList\",\"@id\":\"https:\\\/\\\/www.ralti.de\\\/?product=le-led-taschenlampe-klein-le1000-extrem-hell-zoombare-mini-taschenlampen-batteriebetrieben-fur-kinder-tragbare-flashlight-wasserdichte-torch-handlampe-fur-camping-outdoor-wandern-notfalle#breadcrumb\",\"itemListElement\":[{\"@type\":\"ListItem\",\"position\":1,\"name\":\"Start\",\"item\":\"https:\\\/\\\/www.ralti.de\\\/\"},{\"@type\":\"ListItem\",\"position\":2,\"name\":\"Notfallartikel\",\"item\":\"https:\\\/\\\/www.ralti.de\\\/?page_id=14189\"},{\"@type\":\"ListItem\",\"position\":3,\"name\":\"LE LED Taschenlampe Klein, LE1000 Extrem Hell Zoombare Mini Taschenlampen Batteriebetrieben f\u00fcr Kinder, Tragbare Flashlight, Wasserdichte Torch, Handlampe f\u00fcr Camping, Outdoor, Wandern, Notf\u00e4lle\"}]},{\"@type\":\"WebSite\",\"@id\":\"https:\\\/\\\/www.ralti.de\\\/#website\",\"url\":\"https:\\\/\\\/www.ralti.de\\\/\",\"name\":\"Ralti.de\",\"description\":\"Hier viele gute Angebote\",\"publisher\":{\"@id\":\"https:\\\/\\\/www.ralti.de\\\/#organization\"},\"potentialAction\":[{\"@type\":\"SearchAction\",\"target\":{\"@type\":\"EntryPoint\",\"urlTemplate\":\"https:\\\/\\\/www.ralti.de\\\/?s={search_term_string}\"},\"query-input\":{\"@type\":\"PropertyValueSpecification\",\"valueRequired\":true,\"valueName\":\"search_term_string\"}}],\"inLanguage\":\"de\"},{\"@type\":\"Organization\",\"@id\":\"https:\\\/\\\/www.ralti.de\\\/#organization\",\"name\":\"Ralti.de\",\"url\":\"https:\\\/\\\/www.ralti.de\\\/\",\"logo\":{\"@type\":\"ImageObject\",\"inLanguage\":\"de\",\"@id\":\"https:\\\/\\\/www.ralti.de\\\/#\\\/schema\\\/logo\\\/image\\\/\",\"url\":\"https:\\\/\\\/www.ralti.de\\\/wp-content\\\/uploads\\\/2025\\\/11\\\/ralti.png\",\"contentUrl\":\"https:\\\/\\\/www.ralti.de\\\/wp-content\\\/uploads\\\/2025\\\/11\\\/ralti.png\",\"width\":240,\"height\":75,\"caption\":\"Ralti.de\"},\"image\":{\"@id\":\"https:\\\/\\\/www.ralti.de\\\/#\\\/schema\\\/logo\\\/image\\\/\"}}]}<\/script>\n<!-- \/ Yoast SEO plugin. -->","yoast_head_json":{"title":"LE LED Taschenlampe Klein, LE1000 Extrem Hell Zoombare Mini Taschenlampen Batteriebetrieben f\u00fcr Kinder, Tragbare Flashlight, Wasserdichte Torch, Handlampe f\u00fcr Camping, Outdoor, Wandern, Notf\u00e4lle - Notfallvorsorge - Krisenvorsorge","robots":{"index":"index","follow":"follow","max-snippet":"max-snippet:-1","max-image-preview":"max-image-preview:large","max-video-preview":"max-video-preview:-1"},"canonical":"https:\/\/www.ralti.de\/?product=le-led-taschenlampe-klein-le1000-extrem-hell-zoombare-mini-taschenlampen-batteriebetrieben-fur-kinder-tragbare-flashlight-wasserdichte-torch-handlampe-fur-camping-outdoor-wandern-notfalle","og_locale":"de_DE","og_type":"article","og_title":"LE LED Taschenlampe Klein, LE1000 Extrem Hell Zoombare Mini Taschenlampen Batteriebetrieben f\u00fcr Kinder, Tragbare Flashlight, Wasserdichte Torch, Handlampe f\u00fcr Camping, Outdoor, Wandern, Notf\u00e4lle - Notfallvorsorge - Krisenvorsorge","og_description":"Superhell und Stabil: Die LED LE1000 Taschenlampe verwendet hochwertige 8022A LED-Chips, um ein echtes helles Licht ohne falsche Beschreibung zu liefern. Erg\u00e4nzt durch eine solide innere Geh\u00e4usestruktur ist die Lichtquelle superhell, ohne pl\u00f6tzliches Flackern oder Erl\u00f6schen, ohne komische Farben oder Winkel und mit einer Reichweite von bis zu 150 Metern. Klein und Klassik: Dank des keleines 3,4 cm * 10,9 cm Gr\u00f6\u00dfes passt sie gut in der Tasche und ist perfekt zum Tragen. Es gibt keine unn\u00f6tigen Dekorationen wie Strobuskopmodus, ein Knopf f\u00fcr ultimative Einfachheit, und keine Ger\u00e4usche w\u00e4hrend der Benutzung. Praktisch f\u00fcr M\u00e4nner, freundlich f\u00fcr Frauen, einfach zu bedienen f\u00fcr \u00e4ltere Menschen und sicher f\u00fcr Kinder. Wasserdicht und Robust: Diese IPX4 Flashlight kann bei Regen, Schnee und anderen Wetterbedingungen verwendet werden. Das Aluminiumgeh\u00e4use ist robust und stark. Das Trageband und das rutschfeste Design werden nicht abfallen, auch wenn Ihre H\u00e4nde schwitzen. Die schlichte Form bietet einen metallischen Griff und ist ein tolles Geschenk.","og_url":"https:\/\/www.ralti.de\/?product=le-led-taschenlampe-klein-le1000-extrem-hell-zoombare-mini-taschenlampen-batteriebetrieben-fur-kinder-tragbare-flashlight-wasserdichte-torch-handlampe-fur-camping-outdoor-wandern-notfalle","og_site_name":"Notfallvorsorge - Krisenvorsorge","og_image":[{"width":500,"height":500,"url":"https:\/\/m.media-amazon.com\/images\/I\/41mxcbkQJCS.jpg","type":"image\/jpeg"}],"twitter_card":"summary_large_image","twitter_misc":{"Gesch\u00e4tzte Lesezeit":"1\u00a0Minute"},"schema":{"@context":"https:\/\/schema.org","@graph":[{"@type":"WebPage","@id":"https:\/\/www.ralti.de\/?product=le-led-taschenlampe-klein-le1000-extrem-hell-zoombare-mini-taschenlampen-batteriebetrieben-fur-kinder-tragbare-flashlight-wasserdichte-torch-handlampe-fur-camping-outdoor-wandern-notfalle","url":"https:\/\/www.ralti.de\/?product=le-led-taschenlampe-klein-le1000-extrem-hell-zoombare-mini-taschenlampen-batteriebetrieben-fur-kinder-tragbare-flashlight-wasserdichte-torch-handlampe-fur-camping-outdoor-wandern-notfalle","name":"LE LED Taschenlampe Klein, LE1000 Extrem Hell Zoombare Mini Taschenlampen Batteriebetrieben f\u00fcr Kinder, Tragbare Flashlight, Wasserdichte Torch, Handlampe f\u00fcr Camping, Outdoor, Wandern, Notf\u00e4lle - Notfallvorsorge - Krisenvorsorge","isPartOf":{"@id":"https:\/\/www.ralti.de\/#website"},"primaryImageOfPage":{"@id":"https:\/\/www.ralti.de\/?product=le-led-taschenlampe-klein-le1000-extrem-hell-zoombare-mini-taschenlampen-batteriebetrieben-fur-kinder-tragbare-flashlight-wasserdichte-torch-handlampe-fur-camping-outdoor-wandern-notfalle#primaryimage"},"image":{"@id":"https:\/\/www.ralti.de\/?product=le-led-taschenlampe-klein-le1000-extrem-hell-zoombare-mini-taschenlampen-batteriebetrieben-fur-kinder-tragbare-flashlight-wasserdichte-torch-handlampe-fur-camping-outdoor-wandern-notfalle#primaryimage"},"thumbnailUrl":"https:\/\/m.media-amazon.com\/images\/I\/41mxcbkQJCS.jpg","datePublished":"2025-11-25T11:32:38+00:00","breadcrumb":{"@id":"https:\/\/www.ralti.de\/?product=le-led-taschenlampe-klein-le1000-extrem-hell-zoombare-mini-taschenlampen-batteriebetrieben-fur-kinder-tragbare-flashlight-wasserdichte-torch-handlampe-fur-camping-outdoor-wandern-notfalle#breadcrumb"},"inLanguage":"de","potentialAction":[{"@type":"ReadAction","target":["https:\/\/www.ralti.de\/?product=le-led-taschenlampe-klein-le1000-extrem-hell-zoombare-mini-taschenlampen-batteriebetrieben-fur-kinder-tragbare-flashlight-wasserdichte-torch-handlampe-fur-camping-outdoor-wandern-notfalle"]}]},{"@type":"ImageObject","inLanguage":"de","@id":"https:\/\/www.ralti.de\/?product=le-led-taschenlampe-klein-le1000-extrem-hell-zoombare-mini-taschenlampen-batteriebetrieben-fur-kinder-tragbare-flashlight-wasserdichte-torch-handlampe-fur-camping-outdoor-wandern-notfalle#primaryimage","url":"https:\/\/m.media-amazon.com\/images\/I\/41mxcbkQJCS.jpg","contentUrl":"https:\/\/m.media-amazon.com\/images\/I\/41mxcbkQJCS.jpg","width":500,"height":500},{"@type":"BreadcrumbList","@id":"https:\/\/www.ralti.de\/?product=le-led-taschenlampe-klein-le1000-extrem-hell-zoombare-mini-taschenlampen-batteriebetrieben-fur-kinder-tragbare-flashlight-wasserdichte-torch-handlampe-fur-camping-outdoor-wandern-notfalle#breadcrumb","itemListElement":[{"@type":"ListItem","position":1,"name":"Start","item":"https:\/\/www.ralti.de\/"},{"@type":"ListItem","position":2,"name":"Notfallartikel","item":"https:\/\/www.ralti.de\/?page_id=14189"},{"@type":"ListItem","position":3,"name":"LE LED Taschenlampe Klein, LE1000 Extrem Hell Zoombare Mini Taschenlampen Batteriebetrieben f\u00fcr Kinder, Tragbare Flashlight, Wasserdichte Torch, Handlampe f\u00fcr Camping, Outdoor, Wandern, Notf\u00e4lle"}]},{"@type":"WebSite","@id":"https:\/\/www.ralti.de\/#website","url":"https:\/\/www.ralti.de\/","name":"Ralti.de","description":"Hier viele gute Angebote","publisher":{"@id":"https:\/\/www.ralti.de\/#organization"},"potentialAction":[{"@type":"SearchAction","target":{"@type":"EntryPoint","urlTemplate":"https:\/\/www.ralti.de\/?s={search_term_string}"},"query-input":{"@type":"PropertyValueSpecification","valueRequired":true,"valueName":"search_term_string"}}],"inLanguage":"de"},{"@type":"Organization","@id":"https:\/\/www.ralti.de\/#organization","name":"Ralti.de","url":"https:\/\/www.ralti.de\/","logo":{"@type":"ImageObject","inLanguage":"de","@id":"https:\/\/www.ralti.de\/#\/schema\/logo\/image\/","url":"https:\/\/www.ralti.de\/wp-content\/uploads\/2025\/11\/ralti.png","contentUrl":"https:\/\/www.ralti.de\/wp-content\/uploads\/2025\/11\/ralti.png","width":240,"height":75,"caption":"Ralti.de"},"image":{"@id":"https:\/\/www.ralti.de\/#\/schema\/logo\/image\/"}}]}},"_links":{"self":[{"href":"https:\/\/www.ralti.de\/index.php?rest_route=\/wp\/v2\/product\/10178","targetHints":{"allow":["GET"]}}],"collection":[{"href":"https:\/\/www.ralti.de\/index.php?rest_route=\/wp\/v2\/product"}],"about":[{"href":"https:\/\/www.ralti.de\/index.php?rest_route=\/wp\/v2\/types\/product"}],"replies":[{"embeddable":true,"href":"https:\/\/www.ralti.de\/index.php?rest_route=%2Fwp%2Fv2%2Fcomments&post=10178"}],"wp:featuredmedia":[{"embeddable":true,"href":"https:\/\/www.ralti.de\/index.php?rest_route=\/wp\/v2\/media\/10179"}],"wp:attachment":[{"href":"https:\/\/www.ralti.de\/index.php?rest_route=%2Fwp%2Fv2%2Fmedia&parent=10178"}],"wp:term":[{"taxonomy":"product_brand","embeddable":true,"href":"https:\/\/www.ralti.de\/index.php?rest_route=%2Fwp%2Fv2%2Fproduct_brand&post=10178"},{"taxonomy":"product_cat","embeddable":true,"href":"https:\/\/www.ralti.de\/index.php?rest_route=%2Fwp%2Fv2%2Fproduct_cat&post=10178"},{"taxonomy":"product_tag","embeddable":true,"href":"https:\/\/www.ralti.de\/index.php?rest_route=%2Fwp%2Fv2%2Fproduct_tag&post=10178"}],"curies":[{"name":"wp","href":"https:\/\/api.w.org\/{rel}","templated":true}]}}