{"id":10284,"date":"2025-11-25T11:34:41","date_gmt":"2025-11-25T11:34:41","guid":{"rendered":"https:\/\/www.ralti.de\/shop-2\/uncategorized\/cutiplast-steriler-wundverband-15cmx8cm-50-st\/"},"modified":"2025-11-25T11:34:41","modified_gmt":"2025-11-25T11:34:41","slug":"cutiplast-steriler-wundverband-15cmx8cm-50-st","status":"publish","type":"product","link":"https:\/\/www.ralti.de\/?product=cutiplast-steriler-wundverband-15cmx8cm-50-st","title":{"rendered":"CUTIPLAST steriler Wundverband 15cmx8cm, 50 St"},"content":{"rendered":"<p><!-- show up to 2 reviews by default --> <\/p>\n<h3> <span>Produktbeschreibung<\/span> <\/h3>\n<p> <span>Aposito Cutiplast 15X8Cm 50 Ud<\/span> <\/p>\n<h3> <span>Gebrauchsanweisung<\/span> <\/h3>\n<p> <span>Reinigen Sie die Wunde vorsichtig. Nehmen Sie den Verband vorsichtig aus der Verpackung und wenden Sie ihn an, ohne die Klebeschicht zu ber\u00fchren. Positionieren Sie den Verband \u00fcber der Wunde und dr\u00fccken Sie ihn sanft an, um eine sichere Befestigung zu gew\u00e4hrleisten. Stellen Sie sicher, dass der Verband nicht zu eng oder zu locker sitzt und dass er die Wunde vollst\u00e4ndig bedeckt. Achten Sie darauf, den Verband nicht auf die Wunde zu dr\u00fccken, da er nicht an der Wunde haften soll. Entsorgen Sie den Verband, sobald er vollst\u00e4ndig mit Wundfl\u00fcssigkeit ges\u00e4ttigt ist oder wenn er nicht mehr ben\u00f6tigt wird.<\/span> <\/p>\n<p>Post-operativer Wundverband aus Vlies mit einem besonders hautfreundlichen Kleber<br \/>\nWeich und anschmiegsam, sodass der Verband auch an viel bewegten K\u00f6rperstellen sicher haftet<br \/>\nSpezielle Beschichtung vermeidet das Verkleben mit der Wunde<br \/>\nLuft- und wasserdampfdurchl\u00e4ssig, latexfreie Formulierung<br \/>\nGeeignet zur Anwendung bei Sch\u00fcrf-, Schnitt- und post-operativen Wunden<br \/>\n<div class=\"main-cross-sell\" data-asin=\"B0041LVWZQ\">\n\n\t<div class=\"WooZone-cross-sell-loader\">\n\t\t<div>\n\t\t\t<div id=\"floatingBarsG\">\n\t\t\t\t<div class=\"blockG\" id=\"rotateG_01\"><\/div>\n\t\t\t\t<div class=\"blockG\" id=\"rotateG_02\"><\/div>\n\t\t\t\t<div class=\"blockG\" id=\"rotateG_03\"><\/div>\n\t\t\t\t<div class=\"blockG\" id=\"rotateG_04\"><\/div>\n\t\t\t\t<div class=\"blockG\" id=\"rotateG_05\"><\/div>\n\t\t\t\t<div class=\"blockG\" id=\"rotateG_06\"><\/div>\n\t\t\t\t<div class=\"blockG\" id=\"rotateG_07\"><\/div>\n\t\t\t\t<div class=\"blockG\" id=\"rotateG_08\"><\/div>\n\t\t\t<\/div>\n\t\t\t<div class=\"WooZone-cross-sell-loader-text\"><\/div>\n\t\t<\/div>\n\t<\/div>\n\n\t\t\n<\/div>\n<div style=\"clear:both;\"><\/div>\n","protected":false},"excerpt":{"rendered":"<p>Post-operativer Wundverband aus Vlies mit einem besonders hautfreundlichen Kleber<br \/>\nWeich und anschmiegsam, sodass der Verband auch an viel bewegten K\u00f6rperstellen sicher haftet<br \/>\nSpezielle Beschichtung vermeidet das Verkleben mit der Wunde<\/p>\n","protected":false},"featured_media":10285,"comment_status":"open","ping_status":"closed","template":"","meta":{"_acf_changed":false},"product_brand":[],"product_cat":[245,246],"product_tag":[],"class_list":{"0":"post-10284","1":"product","2":"type-product","3":"status-publish","4":"has-post-thumbnail","6":"product_cat-gesundheit","7":"product_cat-medizinische-produkte","9":"first","10":"instock","11":"sale","12":"shipping-taxable","13":"product-type-external"},"acf":[],"yoast_head":"<!-- This site is optimized with the Yoast SEO plugin v27.5 - https:\/\/yoast.com\/product\/yoast-seo-wordpress\/ -->\n<title>CUTIPLAST steriler Wundverband 15cmx8cm, 50 St - Notfallvorsorge - Krisenvorsorge<\/title>\n<meta name=\"robots\" content=\"index, follow, max-snippet:-1, max-image-preview:large, max-video-preview:-1\" \/>\n<link rel=\"canonical\" href=\"https:\/\/www.ralti.de\/?product=cutiplast-steriler-wundverband-15cmx8cm-50-st\" \/>\n<meta property=\"og:locale\" content=\"de_DE\" \/>\n<meta property=\"og:type\" content=\"article\" \/>\n<meta property=\"og:title\" content=\"CUTIPLAST steriler Wundverband 15cmx8cm, 50 St - Notfallvorsorge - Krisenvorsorge\" \/>\n<meta property=\"og:description\" content=\"Post-operativer Wundverband aus Vlies mit einem besonders hautfreundlichen Kleber Weich und anschmiegsam, sodass der Verband auch an viel bewegten K\u00f6rperstellen sicher haftet Spezielle Beschichtung vermeidet das Verkleben mit der Wunde\" \/>\n<meta property=\"og:url\" content=\"https:\/\/www.ralti.de\/?product=cutiplast-steriler-wundverband-15cmx8cm-50-st\" \/>\n<meta property=\"og:site_name\" content=\"Notfallvorsorge - Krisenvorsorge\" \/>\n<meta property=\"og:image\" content=\"https:\/\/m.media-amazon.com\/images\/I\/31r9XoHvE8L.jpg\" \/>\n\t<meta property=\"og:image:width\" content=\"500\" \/>\n\t<meta property=\"og:image:height\" content=\"500\" \/>\n\t<meta property=\"og:image:type\" content=\"image\/jpeg\" \/>\n<meta name=\"twitter:card\" content=\"summary_large_image\" \/>\n<meta name=\"twitter:label1\" content=\"Gesch\u00e4tzte Lesezeit\" \/>\n\t<meta name=\"twitter:data1\" content=\"1\u00a0Minute\" \/>\n<script type=\"application\/ld+json\" class=\"yoast-schema-graph\">{\"@context\":\"https:\\\/\\\/schema.org\",\"@graph\":[{\"@type\":\"WebPage\",\"@id\":\"https:\\\/\\\/www.ralti.de\\\/?product=cutiplast-steriler-wundverband-15cmx8cm-50-st\",\"url\":\"https:\\\/\\\/www.ralti.de\\\/?product=cutiplast-steriler-wundverband-15cmx8cm-50-st\",\"name\":\"CUTIPLAST steriler Wundverband 15cmx8cm, 50 St - Notfallvorsorge - Krisenvorsorge\",\"isPartOf\":{\"@id\":\"https:\\\/\\\/www.ralti.de\\\/#website\"},\"primaryImageOfPage\":{\"@id\":\"https:\\\/\\\/www.ralti.de\\\/?product=cutiplast-steriler-wundverband-15cmx8cm-50-st#primaryimage\"},\"image\":{\"@id\":\"https:\\\/\\\/www.ralti.de\\\/?product=cutiplast-steriler-wundverband-15cmx8cm-50-st#primaryimage\"},\"thumbnailUrl\":\"https:\\\/\\\/m.media-amazon.com\\\/images\\\/I\\\/31r9XoHvE8L.jpg\",\"datePublished\":\"2025-11-25T11:34:41+00:00\",\"breadcrumb\":{\"@id\":\"https:\\\/\\\/www.ralti.de\\\/?product=cutiplast-steriler-wundverband-15cmx8cm-50-st#breadcrumb\"},\"inLanguage\":\"de\",\"potentialAction\":[{\"@type\":\"ReadAction\",\"target\":[\"https:\\\/\\\/www.ralti.de\\\/?product=cutiplast-steriler-wundverband-15cmx8cm-50-st\"]}]},{\"@type\":\"ImageObject\",\"inLanguage\":\"de\",\"@id\":\"https:\\\/\\\/www.ralti.de\\\/?product=cutiplast-steriler-wundverband-15cmx8cm-50-st#primaryimage\",\"url\":\"https:\\\/\\\/m.media-amazon.com\\\/images\\\/I\\\/31r9XoHvE8L.jpg\",\"contentUrl\":\"https:\\\/\\\/m.media-amazon.com\\\/images\\\/I\\\/31r9XoHvE8L.jpg\",\"width\":500,\"height\":500},{\"@type\":\"BreadcrumbList\",\"@id\":\"https:\\\/\\\/www.ralti.de\\\/?product=cutiplast-steriler-wundverband-15cmx8cm-50-st#breadcrumb\",\"itemListElement\":[{\"@type\":\"ListItem\",\"position\":1,\"name\":\"Start\",\"item\":\"https:\\\/\\\/www.ralti.de\\\/\"},{\"@type\":\"ListItem\",\"position\":2,\"name\":\"Notfallartikel\",\"item\":\"https:\\\/\\\/www.ralti.de\\\/?page_id=14189\"},{\"@type\":\"ListItem\",\"position\":3,\"name\":\"CUTIPLAST steriler Wundverband 15cmx8cm, 50 St\"}]},{\"@type\":\"WebSite\",\"@id\":\"https:\\\/\\\/www.ralti.de\\\/#website\",\"url\":\"https:\\\/\\\/www.ralti.de\\\/\",\"name\":\"Ralti.de\",\"description\":\"Hier viele gute Angebote\",\"publisher\":{\"@id\":\"https:\\\/\\\/www.ralti.de\\\/#organization\"},\"potentialAction\":[{\"@type\":\"SearchAction\",\"target\":{\"@type\":\"EntryPoint\",\"urlTemplate\":\"https:\\\/\\\/www.ralti.de\\\/?s={search_term_string}\"},\"query-input\":{\"@type\":\"PropertyValueSpecification\",\"valueRequired\":true,\"valueName\":\"search_term_string\"}}],\"inLanguage\":\"de\"},{\"@type\":\"Organization\",\"@id\":\"https:\\\/\\\/www.ralti.de\\\/#organization\",\"name\":\"Ralti.de\",\"url\":\"https:\\\/\\\/www.ralti.de\\\/\",\"logo\":{\"@type\":\"ImageObject\",\"inLanguage\":\"de\",\"@id\":\"https:\\\/\\\/www.ralti.de\\\/#\\\/schema\\\/logo\\\/image\\\/\",\"url\":\"https:\\\/\\\/www.ralti.de\\\/wp-content\\\/uploads\\\/2025\\\/11\\\/ralti.png\",\"contentUrl\":\"https:\\\/\\\/www.ralti.de\\\/wp-content\\\/uploads\\\/2025\\\/11\\\/ralti.png\",\"width\":240,\"height\":75,\"caption\":\"Ralti.de\"},\"image\":{\"@id\":\"https:\\\/\\\/www.ralti.de\\\/#\\\/schema\\\/logo\\\/image\\\/\"}}]}<\/script>\n<!-- \/ Yoast SEO plugin. -->","yoast_head_json":{"title":"CUTIPLAST steriler Wundverband 15cmx8cm, 50 St - Notfallvorsorge - Krisenvorsorge","robots":{"index":"index","follow":"follow","max-snippet":"max-snippet:-1","max-image-preview":"max-image-preview:large","max-video-preview":"max-video-preview:-1"},"canonical":"https:\/\/www.ralti.de\/?product=cutiplast-steriler-wundverband-15cmx8cm-50-st","og_locale":"de_DE","og_type":"article","og_title":"CUTIPLAST steriler Wundverband 15cmx8cm, 50 St - Notfallvorsorge - Krisenvorsorge","og_description":"Post-operativer Wundverband aus Vlies mit einem besonders hautfreundlichen Kleber Weich und anschmiegsam, sodass der Verband auch an viel bewegten K\u00f6rperstellen sicher haftet Spezielle Beschichtung vermeidet das Verkleben mit der Wunde","og_url":"https:\/\/www.ralti.de\/?product=cutiplast-steriler-wundverband-15cmx8cm-50-st","og_site_name":"Notfallvorsorge - Krisenvorsorge","og_image":[{"width":500,"height":500,"url":"https:\/\/m.media-amazon.com\/images\/I\/31r9XoHvE8L.jpg","type":"image\/jpeg"}],"twitter_card":"summary_large_image","twitter_misc":{"Gesch\u00e4tzte Lesezeit":"1\u00a0Minute"},"schema":{"@context":"https:\/\/schema.org","@graph":[{"@type":"WebPage","@id":"https:\/\/www.ralti.de\/?product=cutiplast-steriler-wundverband-15cmx8cm-50-st","url":"https:\/\/www.ralti.de\/?product=cutiplast-steriler-wundverband-15cmx8cm-50-st","name":"CUTIPLAST steriler Wundverband 15cmx8cm, 50 St - Notfallvorsorge - Krisenvorsorge","isPartOf":{"@id":"https:\/\/www.ralti.de\/#website"},"primaryImageOfPage":{"@id":"https:\/\/www.ralti.de\/?product=cutiplast-steriler-wundverband-15cmx8cm-50-st#primaryimage"},"image":{"@id":"https:\/\/www.ralti.de\/?product=cutiplast-steriler-wundverband-15cmx8cm-50-st#primaryimage"},"thumbnailUrl":"https:\/\/m.media-amazon.com\/images\/I\/31r9XoHvE8L.jpg","datePublished":"2025-11-25T11:34:41+00:00","breadcrumb":{"@id":"https:\/\/www.ralti.de\/?product=cutiplast-steriler-wundverband-15cmx8cm-50-st#breadcrumb"},"inLanguage":"de","potentialAction":[{"@type":"ReadAction","target":["https:\/\/www.ralti.de\/?product=cutiplast-steriler-wundverband-15cmx8cm-50-st"]}]},{"@type":"ImageObject","inLanguage":"de","@id":"https:\/\/www.ralti.de\/?product=cutiplast-steriler-wundverband-15cmx8cm-50-st#primaryimage","url":"https:\/\/m.media-amazon.com\/images\/I\/31r9XoHvE8L.jpg","contentUrl":"https:\/\/m.media-amazon.com\/images\/I\/31r9XoHvE8L.jpg","width":500,"height":500},{"@type":"BreadcrumbList","@id":"https:\/\/www.ralti.de\/?product=cutiplast-steriler-wundverband-15cmx8cm-50-st#breadcrumb","itemListElement":[{"@type":"ListItem","position":1,"name":"Start","item":"https:\/\/www.ralti.de\/"},{"@type":"ListItem","position":2,"name":"Notfallartikel","item":"https:\/\/www.ralti.de\/?page_id=14189"},{"@type":"ListItem","position":3,"name":"CUTIPLAST steriler Wundverband 15cmx8cm, 50 St"}]},{"@type":"WebSite","@id":"https:\/\/www.ralti.de\/#website","url":"https:\/\/www.ralti.de\/","name":"Ralti.de","description":"Hier viele gute Angebote","publisher":{"@id":"https:\/\/www.ralti.de\/#organization"},"potentialAction":[{"@type":"SearchAction","target":{"@type":"EntryPoint","urlTemplate":"https:\/\/www.ralti.de\/?s={search_term_string}"},"query-input":{"@type":"PropertyValueSpecification","valueRequired":true,"valueName":"search_term_string"}}],"inLanguage":"de"},{"@type":"Organization","@id":"https:\/\/www.ralti.de\/#organization","name":"Ralti.de","url":"https:\/\/www.ralti.de\/","logo":{"@type":"ImageObject","inLanguage":"de","@id":"https:\/\/www.ralti.de\/#\/schema\/logo\/image\/","url":"https:\/\/www.ralti.de\/wp-content\/uploads\/2025\/11\/ralti.png","contentUrl":"https:\/\/www.ralti.de\/wp-content\/uploads\/2025\/11\/ralti.png","width":240,"height":75,"caption":"Ralti.de"},"image":{"@id":"https:\/\/www.ralti.de\/#\/schema\/logo\/image\/"}}]}},"_links":{"self":[{"href":"https:\/\/www.ralti.de\/index.php?rest_route=\/wp\/v2\/product\/10284","targetHints":{"allow":["GET"]}}],"collection":[{"href":"https:\/\/www.ralti.de\/index.php?rest_route=\/wp\/v2\/product"}],"about":[{"href":"https:\/\/www.ralti.de\/index.php?rest_route=\/wp\/v2\/types\/product"}],"replies":[{"embeddable":true,"href":"https:\/\/www.ralti.de\/index.php?rest_route=%2Fwp%2Fv2%2Fcomments&post=10284"}],"wp:featuredmedia":[{"embeddable":true,"href":"https:\/\/www.ralti.de\/index.php?rest_route=\/wp\/v2\/media\/10285"}],"wp:attachment":[{"href":"https:\/\/www.ralti.de\/index.php?rest_route=%2Fwp%2Fv2%2Fmedia&parent=10284"}],"wp:term":[{"taxonomy":"product_brand","embeddable":true,"href":"https:\/\/www.ralti.de\/index.php?rest_route=%2Fwp%2Fv2%2Fproduct_brand&post=10284"},{"taxonomy":"product_cat","embeddable":true,"href":"https:\/\/www.ralti.de\/index.php?rest_route=%2Fwp%2Fv2%2Fproduct_cat&post=10284"},{"taxonomy":"product_tag","embeddable":true,"href":"https:\/\/www.ralti.de\/index.php?rest_route=%2Fwp%2Fv2%2Fproduct_tag&post=10284"}],"curies":[{"name":"wp","href":"https:\/\/api.w.org\/{rel}","templated":true}]}}