{"id":10291,"date":"2025-11-25T11:34:46","date_gmt":"2025-11-25T11:34:46","guid":{"rendered":"https:\/\/www.ralti.de\/shop-2\/uncategorized\/bsn-medical-fixomull-stretch-10m-x-10-cm-10-m\/"},"modified":"2025-11-25T11:34:46","modified_gmt":"2025-11-25T11:34:46","slug":"bsn-medical-fixomull-stretch-10m-x-10-cm-10-m","status":"publish","type":"product","link":"https:\/\/www.ralti.de\/?product=bsn-medical-fixomull-stretch-10m-x-10-cm-10-m","title":{"rendered":"BSN medical Fixomull Stretch 10m x 10 cm, 10 m"},"content":{"rendered":"<p><!-- show up to 2 reviews by default --> <\/p>\n<h3> <span>Produktbeschreibung<\/span> <\/h3>\n<p> <span>Bei Fixomull stretch 10 cm x 10 m handelt es sich um Binden von BSN medical GmbH. Fixomull\u00ae stretch Klebender Verband zur Fixierung von Wundauflagen Flexibilit\u00e4t: durch seine Querelastizit\u00e4t ist es anschmiegsam und passt sich auch konturierten K\u00f6rperteilen gut an Sichere Fixierung: verhindert Abschn\u00fcrungen, Stauungen und Durchblutungsst\u00f6rungen F\u00fcr empfindliche Haut: gute Vertr\u00e4glichkeit aufgrund der hohen Luft- und Wasserdampfdurchl\u00e4ssigkeit Weiches Material: besteht aus einem Polyestervlies, beschichtet mit Polyacrylatkleber Fixomull\u00ae stretch: Extra sanft zur Haut Das besonders dehnbare, weiche und wasserdampfdurchl\u00e4ssige Fixomull\u00ae stretch wurde von den LEUKOPLAST-Experten f\u00fcr die sichere und bequeme Fixierung an viel bewegten oder stark konturierten K\u00f6rperstellen entwickelt. Es eignet sich ideal f\u00fcr die vollfl\u00e4chige Fixierung von Wundauflagen, Salbenverb\u00e4nden, Instrumenten, Sonden, Kathetern und Messger\u00e4ten. Der Verband ist durch seine Querelastizit\u00e4t anschmiegsam und passt sich auch stark konturierten K\u00f6rperpartien gut an. Abschn\u00fcrungen, Stauungen und Durchblutungsst\u00f6rungen werden verhindert. Das Produkt verf\u00fcgt \u00fcber eine gute Sofort- und Dauerklebkraft und gute Luft- und Wasserdampfdurchl\u00e4ssigkeit. Es beugt Kontaminationen vor, wird auch von hautempfindlichen Personen ausgezeichnet vertragen und ist einfach und vielf\u00e4ltig einsetzbar. Professionelle Wundversorgung in besten H\u00e4nden Der Zustand der Haut hat gro\u00dfen Einfluss auf unsere Lebensqualit\u00e4t. Die Haut ist ein gleicherma\u00dfen wichtiges wie faszinierendes Organ, das als sensorische Schnittfl\u00e4che zwischen K\u00f6rper und Umwelt und als wichtige Barriere gegen sch\u00e4dliche \u00e4u\u00dfere Einfl\u00fcsse wirkt. Jede St\u00f6rung der Hautintegrit\u00e4t \u2013 ob durch akute oder chronische Krankheiten, traumatische Verletzungen oder Operationen \u2013 ist eine k\u00f6rperliche und emotionale Belastung. Die gesamte Reihe der LEUKOPLAST\u00ae- und Fixomull\u00ae-Produktfamilie zeichnet sich durch eine Vielzahl durchdachter Eigenschaften aus. Sie wurde von den LEUKOPLAST\u00ae -Produktfamilie Experten speziell f\u00fcr eine zuverl\u00e4ssige und gleichzeitig hautfreundliche Fixierung entwickelt. Die Merkmale von LEUKOPLAST\u00ae- und Fixomull\u00ae sind die besonders wasserdampfdurchl\u00e4ssige Materialien sowie die perfekte Kombination aus hautfreundlichem Kleber und Tr\u00e4germaterialien. HAUTFREUNDLICHES TR\u00c4GERMATERIAL AUS WEISSEM POLYESTERVLIES Querelastisch dehnbar und besonders hautfreundlich Sch\u00fctzt die Wunde vor V Fixomull stretch 10 cm x 10 m \u2013 Flexibilit\u00e4t: anschmiegsam und passt sich auch konturierten K\u00f6rperteilen gut an Anwendungshinweise: Geeignet zur Fixierung von Wundauflagen und Kompressen an viel bewegten K\u00f6rperstellen und Gelenken, auch zur sicheren Befestigung von Sonden, Kathetern und Messelementen geeignet. Fixomull Stretch ist zuschneidbar und anschmiegsam. Ben\u00f6tigte Menge abschneiden. Eine H\u00e4lfte der Schutzfolie abziehen und Verband an die betroffene K\u00f6rperstelle kleben. Nun die zweite H\u00e4lfte der Schutzfolie abziehen, Verband vollst\u00e4ndig anbringen und glattstreichen.<\/span> <\/p>\n<h3> <span>Inhaltsstoffe \/ Zutaten<\/span> <\/h3>\n<p> <span>hochwertiger medizinischer Verbandstoff<\/span> <\/p>\n<div data-a-expander-name=\"toggle_description\" class=\"a-row a-expander-container a-expander-extend-container\">\n<div data-expanded=\"false\" class=\"a-expander-content a-expander-extend-content\">\n<h3> <span>Gebrauchsanweisung<\/span> <\/h3>\n<p> <span>Bitte befolgen Sie die im Produkt enthaltene Gebrauchsanweisung.<\/span> <\/p>\n<h3> <span>Rechtliche Hinweise<\/span> <\/h3>\n<p> <span>Zu Risiken und Nebenwirkungen fragen Sie Ihren Arzt oder Apotheker.<\/span> <\/p>\n<\/p><\/div>\n<p> <a aria-expanded=\"false\" role=\"button\" href=\"javascript:void(0)\" data-action=\"a-expander-toggle\" class=\"a-expander-header a-declarative a-expander-extend-header\" data-a-expander-toggle=\"{\" allowlinkdefault anzeigen><i class=\"a-icon a-icon-extender-expand\"><\/i><span class=\"a-expander-prompt\">Mehr<\/span><\/a> <\/div>\n<p>Fixomull Stretch 10m x 10 cm, 1 St<br \/>\nFixomull Stretch 10m x 10 cm, 1 St<br \/>\nFixomull Stretch 10m x 10 cm, 1 St<br \/>\nFixomull Stretch 10m x 10 cm, 1 St<br \/>\n<div class=\"main-cross-sell\" data-asin=\"B001NZETVC\">\n\n\t<div class=\"WooZone-cross-sell-loader\">\n\t\t<div>\n\t\t\t<div id=\"floatingBarsG\">\n\t\t\t\t<div class=\"blockG\" id=\"rotateG_01\"><\/div>\n\t\t\t\t<div class=\"blockG\" id=\"rotateG_02\"><\/div>\n\t\t\t\t<div class=\"blockG\" id=\"rotateG_03\"><\/div>\n\t\t\t\t<div class=\"blockG\" id=\"rotateG_04\"><\/div>\n\t\t\t\t<div class=\"blockG\" id=\"rotateG_05\"><\/div>\n\t\t\t\t<div class=\"blockG\" id=\"rotateG_06\"><\/div>\n\t\t\t\t<div class=\"blockG\" id=\"rotateG_07\"><\/div>\n\t\t\t\t<div class=\"blockG\" id=\"rotateG_08\"><\/div>\n\t\t\t<\/div>\n\t\t\t<div class=\"WooZone-cross-sell-loader-text\"><\/div>\n\t\t<\/div>\n\t<\/div>\n\n\t\t\n<\/div>\n<div style=\"clear:both;\"><\/div>\n","protected":false},"excerpt":{"rendered":"<p>Fixomull Stretch 10m x 10 cm, 1 St<br \/>\nFixomull Stretch 10m x 10 cm, 1 St<br \/>\nFixomull Stretch 10m x 10 cm, 1 St<\/p>\n","protected":false},"featured_media":10292,"comment_status":"open","ping_status":"closed","template":"","meta":{"_acf_changed":false},"product_brand":[],"product_cat":[245,246],"product_tag":[],"class_list":{"0":"post-10291","1":"product","2":"type-product","3":"status-publish","4":"has-post-thumbnail","6":"product_cat-gesundheit","7":"product_cat-medizinische-produkte","9":"first","10":"instock","11":"sale","12":"shipping-taxable","13":"product-type-external"},"acf":[],"yoast_head":"<!-- This site is optimized with the Yoast SEO plugin v27.5 - https:\/\/yoast.com\/product\/yoast-seo-wordpress\/ -->\n<title>BSN medical Fixomull Stretch 10m x 10 cm, 10 m - Notfallvorsorge - Krisenvorsorge<\/title>\n<meta name=\"robots\" content=\"index, follow, max-snippet:-1, max-image-preview:large, max-video-preview:-1\" \/>\n<link rel=\"canonical\" href=\"https:\/\/www.ralti.de\/?product=bsn-medical-fixomull-stretch-10m-x-10-cm-10-m\" \/>\n<meta property=\"og:locale\" content=\"de_DE\" \/>\n<meta property=\"og:type\" content=\"article\" \/>\n<meta property=\"og:title\" content=\"BSN medical Fixomull Stretch 10m x 10 cm, 10 m - Notfallvorsorge - Krisenvorsorge\" \/>\n<meta property=\"og:description\" content=\"Fixomull Stretch 10m x 10 cm, 1 St Fixomull Stretch 10m x 10 cm, 1 St Fixomull Stretch 10m x 10 cm, 1 St\" \/>\n<meta property=\"og:url\" content=\"https:\/\/www.ralti.de\/?product=bsn-medical-fixomull-stretch-10m-x-10-cm-10-m\" \/>\n<meta property=\"og:site_name\" content=\"Notfallvorsorge - Krisenvorsorge\" \/>\n<meta property=\"og:image\" content=\"https:\/\/m.media-amazon.com\/images\/I\/51vM06B2K2L.jpg\" \/>\n\t<meta property=\"og:image:width\" content=\"500\" \/>\n\t<meta property=\"og:image:height\" content=\"500\" \/>\n\t<meta property=\"og:image:type\" content=\"image\/jpeg\" \/>\n<meta name=\"twitter:card\" content=\"summary_large_image\" \/>\n<meta name=\"twitter:label1\" content=\"Gesch\u00e4tzte Lesezeit\" \/>\n\t<meta name=\"twitter:data1\" content=\"2\u00a0Minuten\" \/>\n<script type=\"application\/ld+json\" class=\"yoast-schema-graph\">{\"@context\":\"https:\\\/\\\/schema.org\",\"@graph\":[{\"@type\":\"WebPage\",\"@id\":\"https:\\\/\\\/www.ralti.de\\\/?product=bsn-medical-fixomull-stretch-10m-x-10-cm-10-m\",\"url\":\"https:\\\/\\\/www.ralti.de\\\/?product=bsn-medical-fixomull-stretch-10m-x-10-cm-10-m\",\"name\":\"BSN medical Fixomull Stretch 10m x 10 cm, 10 m - Notfallvorsorge - Krisenvorsorge\",\"isPartOf\":{\"@id\":\"https:\\\/\\\/www.ralti.de\\\/#website\"},\"primaryImageOfPage\":{\"@id\":\"https:\\\/\\\/www.ralti.de\\\/?product=bsn-medical-fixomull-stretch-10m-x-10-cm-10-m#primaryimage\"},\"image\":{\"@id\":\"https:\\\/\\\/www.ralti.de\\\/?product=bsn-medical-fixomull-stretch-10m-x-10-cm-10-m#primaryimage\"},\"thumbnailUrl\":\"https:\\\/\\\/m.media-amazon.com\\\/images\\\/I\\\/51vM06B2K2L.jpg\",\"datePublished\":\"2025-11-25T11:34:46+00:00\",\"breadcrumb\":{\"@id\":\"https:\\\/\\\/www.ralti.de\\\/?product=bsn-medical-fixomull-stretch-10m-x-10-cm-10-m#breadcrumb\"},\"inLanguage\":\"de\",\"potentialAction\":[{\"@type\":\"ReadAction\",\"target\":[\"https:\\\/\\\/www.ralti.de\\\/?product=bsn-medical-fixomull-stretch-10m-x-10-cm-10-m\"]}]},{\"@type\":\"ImageObject\",\"inLanguage\":\"de\",\"@id\":\"https:\\\/\\\/www.ralti.de\\\/?product=bsn-medical-fixomull-stretch-10m-x-10-cm-10-m#primaryimage\",\"url\":\"https:\\\/\\\/m.media-amazon.com\\\/images\\\/I\\\/51vM06B2K2L.jpg\",\"contentUrl\":\"https:\\\/\\\/m.media-amazon.com\\\/images\\\/I\\\/51vM06B2K2L.jpg\",\"width\":500,\"height\":500},{\"@type\":\"BreadcrumbList\",\"@id\":\"https:\\\/\\\/www.ralti.de\\\/?product=bsn-medical-fixomull-stretch-10m-x-10-cm-10-m#breadcrumb\",\"itemListElement\":[{\"@type\":\"ListItem\",\"position\":1,\"name\":\"Start\",\"item\":\"https:\\\/\\\/www.ralti.de\\\/\"},{\"@type\":\"ListItem\",\"position\":2,\"name\":\"Notfallartikel\",\"item\":\"https:\\\/\\\/www.ralti.de\\\/?page_id=14189\"},{\"@type\":\"ListItem\",\"position\":3,\"name\":\"BSN medical Fixomull Stretch 10m x 10 cm, 10 m\"}]},{\"@type\":\"WebSite\",\"@id\":\"https:\\\/\\\/www.ralti.de\\\/#website\",\"url\":\"https:\\\/\\\/www.ralti.de\\\/\",\"name\":\"Ralti.de\",\"description\":\"Hier viele gute Angebote\",\"publisher\":{\"@id\":\"https:\\\/\\\/www.ralti.de\\\/#organization\"},\"potentialAction\":[{\"@type\":\"SearchAction\",\"target\":{\"@type\":\"EntryPoint\",\"urlTemplate\":\"https:\\\/\\\/www.ralti.de\\\/?s={search_term_string}\"},\"query-input\":{\"@type\":\"PropertyValueSpecification\",\"valueRequired\":true,\"valueName\":\"search_term_string\"}}],\"inLanguage\":\"de\"},{\"@type\":\"Organization\",\"@id\":\"https:\\\/\\\/www.ralti.de\\\/#organization\",\"name\":\"Ralti.de\",\"url\":\"https:\\\/\\\/www.ralti.de\\\/\",\"logo\":{\"@type\":\"ImageObject\",\"inLanguage\":\"de\",\"@id\":\"https:\\\/\\\/www.ralti.de\\\/#\\\/schema\\\/logo\\\/image\\\/\",\"url\":\"https:\\\/\\\/www.ralti.de\\\/wp-content\\\/uploads\\\/2025\\\/11\\\/ralti.png\",\"contentUrl\":\"https:\\\/\\\/www.ralti.de\\\/wp-content\\\/uploads\\\/2025\\\/11\\\/ralti.png\",\"width\":240,\"height\":75,\"caption\":\"Ralti.de\"},\"image\":{\"@id\":\"https:\\\/\\\/www.ralti.de\\\/#\\\/schema\\\/logo\\\/image\\\/\"}}]}<\/script>\n<!-- \/ Yoast SEO plugin. -->","yoast_head_json":{"title":"BSN medical Fixomull Stretch 10m x 10 cm, 10 m - Notfallvorsorge - Krisenvorsorge","robots":{"index":"index","follow":"follow","max-snippet":"max-snippet:-1","max-image-preview":"max-image-preview:large","max-video-preview":"max-video-preview:-1"},"canonical":"https:\/\/www.ralti.de\/?product=bsn-medical-fixomull-stretch-10m-x-10-cm-10-m","og_locale":"de_DE","og_type":"article","og_title":"BSN medical Fixomull Stretch 10m x 10 cm, 10 m - Notfallvorsorge - Krisenvorsorge","og_description":"Fixomull Stretch 10m x 10 cm, 1 St Fixomull Stretch 10m x 10 cm, 1 St Fixomull Stretch 10m x 10 cm, 1 St","og_url":"https:\/\/www.ralti.de\/?product=bsn-medical-fixomull-stretch-10m-x-10-cm-10-m","og_site_name":"Notfallvorsorge - Krisenvorsorge","og_image":[{"width":500,"height":500,"url":"https:\/\/m.media-amazon.com\/images\/I\/51vM06B2K2L.jpg","type":"image\/jpeg"}],"twitter_card":"summary_large_image","twitter_misc":{"Gesch\u00e4tzte Lesezeit":"2\u00a0Minuten"},"schema":{"@context":"https:\/\/schema.org","@graph":[{"@type":"WebPage","@id":"https:\/\/www.ralti.de\/?product=bsn-medical-fixomull-stretch-10m-x-10-cm-10-m","url":"https:\/\/www.ralti.de\/?product=bsn-medical-fixomull-stretch-10m-x-10-cm-10-m","name":"BSN medical Fixomull Stretch 10m x 10 cm, 10 m - Notfallvorsorge - Krisenvorsorge","isPartOf":{"@id":"https:\/\/www.ralti.de\/#website"},"primaryImageOfPage":{"@id":"https:\/\/www.ralti.de\/?product=bsn-medical-fixomull-stretch-10m-x-10-cm-10-m#primaryimage"},"image":{"@id":"https:\/\/www.ralti.de\/?product=bsn-medical-fixomull-stretch-10m-x-10-cm-10-m#primaryimage"},"thumbnailUrl":"https:\/\/m.media-amazon.com\/images\/I\/51vM06B2K2L.jpg","datePublished":"2025-11-25T11:34:46+00:00","breadcrumb":{"@id":"https:\/\/www.ralti.de\/?product=bsn-medical-fixomull-stretch-10m-x-10-cm-10-m#breadcrumb"},"inLanguage":"de","potentialAction":[{"@type":"ReadAction","target":["https:\/\/www.ralti.de\/?product=bsn-medical-fixomull-stretch-10m-x-10-cm-10-m"]}]},{"@type":"ImageObject","inLanguage":"de","@id":"https:\/\/www.ralti.de\/?product=bsn-medical-fixomull-stretch-10m-x-10-cm-10-m#primaryimage","url":"https:\/\/m.media-amazon.com\/images\/I\/51vM06B2K2L.jpg","contentUrl":"https:\/\/m.media-amazon.com\/images\/I\/51vM06B2K2L.jpg","width":500,"height":500},{"@type":"BreadcrumbList","@id":"https:\/\/www.ralti.de\/?product=bsn-medical-fixomull-stretch-10m-x-10-cm-10-m#breadcrumb","itemListElement":[{"@type":"ListItem","position":1,"name":"Start","item":"https:\/\/www.ralti.de\/"},{"@type":"ListItem","position":2,"name":"Notfallartikel","item":"https:\/\/www.ralti.de\/?page_id=14189"},{"@type":"ListItem","position":3,"name":"BSN medical Fixomull Stretch 10m x 10 cm, 10 m"}]},{"@type":"WebSite","@id":"https:\/\/www.ralti.de\/#website","url":"https:\/\/www.ralti.de\/","name":"Ralti.de","description":"Hier viele gute Angebote","publisher":{"@id":"https:\/\/www.ralti.de\/#organization"},"potentialAction":[{"@type":"SearchAction","target":{"@type":"EntryPoint","urlTemplate":"https:\/\/www.ralti.de\/?s={search_term_string}"},"query-input":{"@type":"PropertyValueSpecification","valueRequired":true,"valueName":"search_term_string"}}],"inLanguage":"de"},{"@type":"Organization","@id":"https:\/\/www.ralti.de\/#organization","name":"Ralti.de","url":"https:\/\/www.ralti.de\/","logo":{"@type":"ImageObject","inLanguage":"de","@id":"https:\/\/www.ralti.de\/#\/schema\/logo\/image\/","url":"https:\/\/www.ralti.de\/wp-content\/uploads\/2025\/11\/ralti.png","contentUrl":"https:\/\/www.ralti.de\/wp-content\/uploads\/2025\/11\/ralti.png","width":240,"height":75,"caption":"Ralti.de"},"image":{"@id":"https:\/\/www.ralti.de\/#\/schema\/logo\/image\/"}}]}},"_links":{"self":[{"href":"https:\/\/www.ralti.de\/index.php?rest_route=\/wp\/v2\/product\/10291","targetHints":{"allow":["GET"]}}],"collection":[{"href":"https:\/\/www.ralti.de\/index.php?rest_route=\/wp\/v2\/product"}],"about":[{"href":"https:\/\/www.ralti.de\/index.php?rest_route=\/wp\/v2\/types\/product"}],"replies":[{"embeddable":true,"href":"https:\/\/www.ralti.de\/index.php?rest_route=%2Fwp%2Fv2%2Fcomments&post=10291"}],"wp:featuredmedia":[{"embeddable":true,"href":"https:\/\/www.ralti.de\/index.php?rest_route=\/wp\/v2\/media\/10292"}],"wp:attachment":[{"href":"https:\/\/www.ralti.de\/index.php?rest_route=%2Fwp%2Fv2%2Fmedia&parent=10291"}],"wp:term":[{"taxonomy":"product_brand","embeddable":true,"href":"https:\/\/www.ralti.de\/index.php?rest_route=%2Fwp%2Fv2%2Fproduct_brand&post=10291"},{"taxonomy":"product_cat","embeddable":true,"href":"https:\/\/www.ralti.de\/index.php?rest_route=%2Fwp%2Fv2%2Fproduct_cat&post=10291"},{"taxonomy":"product_tag","embeddable":true,"href":"https:\/\/www.ralti.de\/index.php?rest_route=%2Fwp%2Fv2%2Fproduct_tag&post=10291"}],"curies":[{"name":"wp","href":"https:\/\/api.w.org\/{rel}","templated":true}]}}