{"id":10297,"date":"2025-11-25T11:34:46","date_gmt":"2025-11-25T11:34:46","guid":{"rendered":"https:\/\/www.ralti.de\/shop-2\/uncategorized\/vecaro-destilliertes-wasser-30-liter-6-kanister-zu-je-5-liter\/"},"modified":"2025-11-25T11:34:46","modified_gmt":"2025-11-25T11:34:46","slug":"vecaro-destilliertes-wasser-30-liter-6-kanister-zu-je-5-liter","status":"publish","type":"product","link":"https:\/\/www.ralti.de\/?product=vecaro-destilliertes-wasser-30-liter-6-kanister-zu-je-5-liter","title":{"rendered":"VECARO Destilliertes Wasser 30 Liter 6 Kanister zu je 5 Liter"},"content":{"rendered":"<p><!-- show up to 2 reviews by default --> <\/p>\n<p> <span>Demineralisiert nach VDE 0510 VDE 0510. Deionisiert. Geeignet f\u00fcr Batterien, Aquarien, B\u00fcgeleisen, Labore, Freizeitkanister, 6 x 5 Liter \u2013 Bessere Leistung und l\u00e4ngere Lebensdauer Ihrer Starterbatterie \u2013 Vermeidung von Kalkr\u00fcckst\u00e4nden \u2013 Sch\u00fctzt Ihr Dampfb\u00fcgeleisen \u2013 Zum Auftragen von L\u00f6sungen und Aussp\u00fclen von Reagenzgl\u00e4sern \u2013 Weniger Reinigungsaufwand dank f\u00fcr weicheres Wasser \u2013 Zum Bespr\u00fchen von Pflanzenbl\u00e4ttern, ohne Flecken und Kalkr\u00fcckst\u00e4nde zu hinterlassen; nicht f\u00fcr Infusionen und Dialysel\u00f6sungen geeignet; nicht als Trinkwasser empfohlen.<\/span> <\/p>\n<p>Vollentsalzt nach VDE 0510 des Bundesverbandes der Elektrotechnik Elektronische Informationstechnik e.V<br \/>\nGeeignet f\u00fcr Batterien, Aquarien, B\u00fcgeleisen, Laborgebrauch (vorbehaltlich der \u00f6rtlichen Gesetzgebung).<br \/>\n6 x 5 Liter Klax destilliertes Wasser.<br \/>\nVerhindert Kalkr\u00fcckst\u00e4nde \u2013 sch\u00fctzt Ihr Dampfb\u00fcgeleisen.<br \/>\nDas weichere Wasser macht die Reinigung weniger m\u00fchsam.<br \/>\n<div class=\"main-cross-sell\" data-asin=\"B07DVRYWJK\">\n\n\t<div class=\"WooZone-cross-sell-loader\">\n\t\t<div>\n\t\t\t<div id=\"floatingBarsG\">\n\t\t\t\t<div class=\"blockG\" id=\"rotateG_01\"><\/div>\n\t\t\t\t<div class=\"blockG\" id=\"rotateG_02\"><\/div>\n\t\t\t\t<div class=\"blockG\" id=\"rotateG_03\"><\/div>\n\t\t\t\t<div class=\"blockG\" id=\"rotateG_04\"><\/div>\n\t\t\t\t<div class=\"blockG\" id=\"rotateG_05\"><\/div>\n\t\t\t\t<div class=\"blockG\" id=\"rotateG_06\"><\/div>\n\t\t\t\t<div class=\"blockG\" id=\"rotateG_07\"><\/div>\n\t\t\t\t<div class=\"blockG\" id=\"rotateG_08\"><\/div>\n\t\t\t<\/div>\n\t\t\t<div class=\"WooZone-cross-sell-loader-text\"><\/div>\n\t\t<\/div>\n\t<\/div>\n\n\t\t\n<\/div>\n<div style=\"clear:both;\"><\/div>\n","protected":false},"excerpt":{"rendered":"<p>Vollentsalzt nach VDE 0510 des Bundesverbandes der Elektrotechnik Elektronische Informationstechnik e.V<br \/>\nGeeignet f\u00fcr Batterien, Aquarien, B\u00fcgeleisen, Laborgebrauch (vorbehaltlich der \u00f6rtlichen Gesetzgebung).<br \/>\n6 x 5 Liter Klax destilliertes Wasser.<\/p>\n","protected":false},"featured_media":10298,"comment_status":"open","ping_status":"closed","template":"","meta":{"_acf_changed":false},"product_brand":[],"product_cat":[245,246],"product_tag":[],"class_list":{"0":"post-10297","1":"product","2":"type-product","3":"status-publish","4":"has-post-thumbnail","6":"product_cat-gesundheit","7":"product_cat-medizinische-produkte","9":"first","10":"instock","11":"sale","12":"shipping-taxable","13":"product-type-external"},"acf":[],"yoast_head":"<!-- This site is optimized with the Yoast SEO plugin v27.3 - https:\/\/yoast.com\/product\/yoast-seo-wordpress\/ -->\n<title>VECARO Destilliertes Wasser 30 Liter 6 Kanister zu je 5 Liter - Notfallvorsorge - Krisenvorsorge<\/title>\n<meta name=\"robots\" content=\"index, follow, max-snippet:-1, max-image-preview:large, max-video-preview:-1\" \/>\n<link rel=\"canonical\" href=\"https:\/\/www.ralti.de\/?product=vecaro-destilliertes-wasser-30-liter-6-kanister-zu-je-5-liter\" \/>\n<meta property=\"og:locale\" content=\"de_DE\" \/>\n<meta property=\"og:type\" content=\"article\" \/>\n<meta property=\"og:title\" content=\"VECARO Destilliertes Wasser 30 Liter 6 Kanister zu je 5 Liter - Notfallvorsorge - Krisenvorsorge\" \/>\n<meta property=\"og:description\" content=\"Vollentsalzt nach VDE 0510 des Bundesverbandes der Elektrotechnik Elektronische Informationstechnik e.V Geeignet f\u00fcr Batterien, Aquarien, B\u00fcgeleisen, Laborgebrauch (vorbehaltlich der \u00f6rtlichen Gesetzgebung). 6 x 5 Liter Klax destilliertes Wasser.\" \/>\n<meta property=\"og:url\" content=\"https:\/\/www.ralti.de\/?product=vecaro-destilliertes-wasser-30-liter-6-kanister-zu-je-5-liter\" \/>\n<meta property=\"og:site_name\" content=\"Notfallvorsorge - Krisenvorsorge\" \/>\n<meta property=\"og:image\" content=\"https:\/\/m.media-amazon.com\/images\/I\/51OBuZfATEL.jpg\" \/>\n\t<meta property=\"og:image:width\" content=\"500\" \/>\n\t<meta property=\"og:image:height\" content=\"500\" \/>\n\t<meta property=\"og:image:type\" content=\"image\/jpeg\" \/>\n<meta name=\"twitter:card\" content=\"summary_large_image\" \/>\n<meta name=\"twitter:label1\" content=\"Gesch\u00e4tzte Lesezeit\" \/>\n\t<meta name=\"twitter:data1\" content=\"1\u00a0Minute\" \/>\n<script type=\"application\/ld+json\" class=\"yoast-schema-graph\">{\"@context\":\"https:\\\/\\\/schema.org\",\"@graph\":[{\"@type\":\"WebPage\",\"@id\":\"https:\\\/\\\/www.ralti.de\\\/?product=vecaro-destilliertes-wasser-30-liter-6-kanister-zu-je-5-liter\",\"url\":\"https:\\\/\\\/www.ralti.de\\\/?product=vecaro-destilliertes-wasser-30-liter-6-kanister-zu-je-5-liter\",\"name\":\"VECARO Destilliertes Wasser 30 Liter 6 Kanister zu je 5 Liter - Notfallvorsorge - Krisenvorsorge\",\"isPartOf\":{\"@id\":\"https:\\\/\\\/www.ralti.de\\\/#website\"},\"primaryImageOfPage\":{\"@id\":\"https:\\\/\\\/www.ralti.de\\\/?product=vecaro-destilliertes-wasser-30-liter-6-kanister-zu-je-5-liter#primaryimage\"},\"image\":{\"@id\":\"https:\\\/\\\/www.ralti.de\\\/?product=vecaro-destilliertes-wasser-30-liter-6-kanister-zu-je-5-liter#primaryimage\"},\"thumbnailUrl\":\"https:\\\/\\\/m.media-amazon.com\\\/images\\\/I\\\/51OBuZfATEL.jpg\",\"datePublished\":\"2025-11-25T11:34:46+00:00\",\"breadcrumb\":{\"@id\":\"https:\\\/\\\/www.ralti.de\\\/?product=vecaro-destilliertes-wasser-30-liter-6-kanister-zu-je-5-liter#breadcrumb\"},\"inLanguage\":\"de\",\"potentialAction\":[{\"@type\":\"ReadAction\",\"target\":[\"https:\\\/\\\/www.ralti.de\\\/?product=vecaro-destilliertes-wasser-30-liter-6-kanister-zu-je-5-liter\"]}]},{\"@type\":\"ImageObject\",\"inLanguage\":\"de\",\"@id\":\"https:\\\/\\\/www.ralti.de\\\/?product=vecaro-destilliertes-wasser-30-liter-6-kanister-zu-je-5-liter#primaryimage\",\"url\":\"https:\\\/\\\/m.media-amazon.com\\\/images\\\/I\\\/51OBuZfATEL.jpg\",\"contentUrl\":\"https:\\\/\\\/m.media-amazon.com\\\/images\\\/I\\\/51OBuZfATEL.jpg\",\"width\":500,\"height\":500},{\"@type\":\"BreadcrumbList\",\"@id\":\"https:\\\/\\\/www.ralti.de\\\/?product=vecaro-destilliertes-wasser-30-liter-6-kanister-zu-je-5-liter#breadcrumb\",\"itemListElement\":[{\"@type\":\"ListItem\",\"position\":1,\"name\":\"Start\",\"item\":\"https:\\\/\\\/www.ralti.de\\\/\"},{\"@type\":\"ListItem\",\"position\":2,\"name\":\"Notfallartikel\",\"item\":\"https:\\\/\\\/www.ralti.de\\\/?page_id=14189\"},{\"@type\":\"ListItem\",\"position\":3,\"name\":\"VECARO Destilliertes Wasser 30 Liter 6 Kanister zu je 5 Liter\"}]},{\"@type\":\"WebSite\",\"@id\":\"https:\\\/\\\/www.ralti.de\\\/#website\",\"url\":\"https:\\\/\\\/www.ralti.de\\\/\",\"name\":\"Ralti.de\",\"description\":\"Hier viele gute Angebote\",\"publisher\":{\"@id\":\"https:\\\/\\\/www.ralti.de\\\/#organization\"},\"potentialAction\":[{\"@type\":\"SearchAction\",\"target\":{\"@type\":\"EntryPoint\",\"urlTemplate\":\"https:\\\/\\\/www.ralti.de\\\/?s={search_term_string}\"},\"query-input\":{\"@type\":\"PropertyValueSpecification\",\"valueRequired\":true,\"valueName\":\"search_term_string\"}}],\"inLanguage\":\"de\"},{\"@type\":\"Organization\",\"@id\":\"https:\\\/\\\/www.ralti.de\\\/#organization\",\"name\":\"Ralti.de\",\"url\":\"https:\\\/\\\/www.ralti.de\\\/\",\"logo\":{\"@type\":\"ImageObject\",\"inLanguage\":\"de\",\"@id\":\"https:\\\/\\\/www.ralti.de\\\/#\\\/schema\\\/logo\\\/image\\\/\",\"url\":\"https:\\\/\\\/www.ralti.de\\\/wp-content\\\/uploads\\\/2025\\\/11\\\/ralti.png\",\"contentUrl\":\"https:\\\/\\\/www.ralti.de\\\/wp-content\\\/uploads\\\/2025\\\/11\\\/ralti.png\",\"width\":240,\"height\":75,\"caption\":\"Ralti.de\"},\"image\":{\"@id\":\"https:\\\/\\\/www.ralti.de\\\/#\\\/schema\\\/logo\\\/image\\\/\"}}]}<\/script>\n<!-- \/ Yoast SEO plugin. -->","yoast_head_json":{"title":"VECARO Destilliertes Wasser 30 Liter 6 Kanister zu je 5 Liter - Notfallvorsorge - Krisenvorsorge","robots":{"index":"index","follow":"follow","max-snippet":"max-snippet:-1","max-image-preview":"max-image-preview:large","max-video-preview":"max-video-preview:-1"},"canonical":"https:\/\/www.ralti.de\/?product=vecaro-destilliertes-wasser-30-liter-6-kanister-zu-je-5-liter","og_locale":"de_DE","og_type":"article","og_title":"VECARO Destilliertes Wasser 30 Liter 6 Kanister zu je 5 Liter - Notfallvorsorge - Krisenvorsorge","og_description":"Vollentsalzt nach VDE 0510 des Bundesverbandes der Elektrotechnik Elektronische Informationstechnik e.V Geeignet f\u00fcr Batterien, Aquarien, B\u00fcgeleisen, Laborgebrauch (vorbehaltlich der \u00f6rtlichen Gesetzgebung). 6 x 5 Liter Klax destilliertes Wasser.","og_url":"https:\/\/www.ralti.de\/?product=vecaro-destilliertes-wasser-30-liter-6-kanister-zu-je-5-liter","og_site_name":"Notfallvorsorge - Krisenvorsorge","og_image":[{"width":500,"height":500,"url":"https:\/\/m.media-amazon.com\/images\/I\/51OBuZfATEL.jpg","type":"image\/jpeg"}],"twitter_card":"summary_large_image","twitter_misc":{"Gesch\u00e4tzte Lesezeit":"1\u00a0Minute"},"schema":{"@context":"https:\/\/schema.org","@graph":[{"@type":"WebPage","@id":"https:\/\/www.ralti.de\/?product=vecaro-destilliertes-wasser-30-liter-6-kanister-zu-je-5-liter","url":"https:\/\/www.ralti.de\/?product=vecaro-destilliertes-wasser-30-liter-6-kanister-zu-je-5-liter","name":"VECARO Destilliertes Wasser 30 Liter 6 Kanister zu je 5 Liter - Notfallvorsorge - Krisenvorsorge","isPartOf":{"@id":"https:\/\/www.ralti.de\/#website"},"primaryImageOfPage":{"@id":"https:\/\/www.ralti.de\/?product=vecaro-destilliertes-wasser-30-liter-6-kanister-zu-je-5-liter#primaryimage"},"image":{"@id":"https:\/\/www.ralti.de\/?product=vecaro-destilliertes-wasser-30-liter-6-kanister-zu-je-5-liter#primaryimage"},"thumbnailUrl":"https:\/\/m.media-amazon.com\/images\/I\/51OBuZfATEL.jpg","datePublished":"2025-11-25T11:34:46+00:00","breadcrumb":{"@id":"https:\/\/www.ralti.de\/?product=vecaro-destilliertes-wasser-30-liter-6-kanister-zu-je-5-liter#breadcrumb"},"inLanguage":"de","potentialAction":[{"@type":"ReadAction","target":["https:\/\/www.ralti.de\/?product=vecaro-destilliertes-wasser-30-liter-6-kanister-zu-je-5-liter"]}]},{"@type":"ImageObject","inLanguage":"de","@id":"https:\/\/www.ralti.de\/?product=vecaro-destilliertes-wasser-30-liter-6-kanister-zu-je-5-liter#primaryimage","url":"https:\/\/m.media-amazon.com\/images\/I\/51OBuZfATEL.jpg","contentUrl":"https:\/\/m.media-amazon.com\/images\/I\/51OBuZfATEL.jpg","width":500,"height":500},{"@type":"BreadcrumbList","@id":"https:\/\/www.ralti.de\/?product=vecaro-destilliertes-wasser-30-liter-6-kanister-zu-je-5-liter#breadcrumb","itemListElement":[{"@type":"ListItem","position":1,"name":"Start","item":"https:\/\/www.ralti.de\/"},{"@type":"ListItem","position":2,"name":"Notfallartikel","item":"https:\/\/www.ralti.de\/?page_id=14189"},{"@type":"ListItem","position":3,"name":"VECARO Destilliertes Wasser 30 Liter 6 Kanister zu je 5 Liter"}]},{"@type":"WebSite","@id":"https:\/\/www.ralti.de\/#website","url":"https:\/\/www.ralti.de\/","name":"Ralti.de","description":"Hier viele gute Angebote","publisher":{"@id":"https:\/\/www.ralti.de\/#organization"},"potentialAction":[{"@type":"SearchAction","target":{"@type":"EntryPoint","urlTemplate":"https:\/\/www.ralti.de\/?s={search_term_string}"},"query-input":{"@type":"PropertyValueSpecification","valueRequired":true,"valueName":"search_term_string"}}],"inLanguage":"de"},{"@type":"Organization","@id":"https:\/\/www.ralti.de\/#organization","name":"Ralti.de","url":"https:\/\/www.ralti.de\/","logo":{"@type":"ImageObject","inLanguage":"de","@id":"https:\/\/www.ralti.de\/#\/schema\/logo\/image\/","url":"https:\/\/www.ralti.de\/wp-content\/uploads\/2025\/11\/ralti.png","contentUrl":"https:\/\/www.ralti.de\/wp-content\/uploads\/2025\/11\/ralti.png","width":240,"height":75,"caption":"Ralti.de"},"image":{"@id":"https:\/\/www.ralti.de\/#\/schema\/logo\/image\/"}}]}},"_links":{"self":[{"href":"https:\/\/www.ralti.de\/index.php?rest_route=\/wp\/v2\/product\/10297","targetHints":{"allow":["GET"]}}],"collection":[{"href":"https:\/\/www.ralti.de\/index.php?rest_route=\/wp\/v2\/product"}],"about":[{"href":"https:\/\/www.ralti.de\/index.php?rest_route=\/wp\/v2\/types\/product"}],"replies":[{"embeddable":true,"href":"https:\/\/www.ralti.de\/index.php?rest_route=%2Fwp%2Fv2%2Fcomments&post=10297"}],"wp:featuredmedia":[{"embeddable":true,"href":"https:\/\/www.ralti.de\/index.php?rest_route=\/wp\/v2\/media\/10298"}],"wp:attachment":[{"href":"https:\/\/www.ralti.de\/index.php?rest_route=%2Fwp%2Fv2%2Fmedia&parent=10297"}],"wp:term":[{"taxonomy":"product_brand","embeddable":true,"href":"https:\/\/www.ralti.de\/index.php?rest_route=%2Fwp%2Fv2%2Fproduct_brand&post=10297"},{"taxonomy":"product_cat","embeddable":true,"href":"https:\/\/www.ralti.de\/index.php?rest_route=%2Fwp%2Fv2%2Fproduct_cat&post=10297"},{"taxonomy":"product_tag","embeddable":true,"href":"https:\/\/www.ralti.de\/index.php?rest_route=%2Fwp%2Fv2%2Fproduct_tag&post=10297"}],"curies":[{"name":"wp","href":"https:\/\/api.w.org\/{rel}","templated":true}]}}