{"id":10323,"date":"2025-11-25T11:34:51","date_gmt":"2025-11-25T11:34:51","guid":{"rendered":"https:\/\/www.ralti.de\/shop-2\/uncategorized\/fixomull-stretch-klebevlies-10-m-x-15-cm\/"},"modified":"2025-11-25T11:34:51","modified_gmt":"2025-11-25T11:34:51","slug":"fixomull-stretch-klebevlies-10-m-x-15-cm","status":"publish","type":"product","link":"https:\/\/www.ralti.de\/?product=fixomull-stretch-klebevlies-10-m-x-15-cm","title":{"rendered":"Fixomull Stretch Klebevlies, 10 m x 15 cm"},"content":{"rendered":"<p><!-- show up to 2 reviews by default --> <\/p>\n<h3> <span>Produktbeschreibungen<\/span> <\/h3>\n<p> <span>Verb\u00e4nde anlegen und fixieren erfordert h\u00f6chste Anpassungsf\u00e4higkeit und Flexibilit\u00e4t im OP, auf der Station und in der ambulanten Versorgung. Mit Fixomull stretch k\u00f6nnen insbesondere gro\u00dffl\u00e4chige Verb\u00e4nde einfach und schnell fixiert werden. Durch den bedarfsgerechten Zuschnitt ist die Methode material- und kostensparend. Fixomull stretch ist durch seine Querelastizit\u00e4t anschmiegsam und passt sich auch stark konturierten K\u00f6rperpartien gut an. Abschn\u00fcrungen, Stauungen und Durchblutungsst\u00f6rungen werden verhindert. Fixomull stretch verf\u00fcgt \u00fcber eine gute Sofort- und Dauerklebkraft und gute Luft- und Wasserdampfdurchl\u00e4ssigkeit. Es beugt Kontaminationen vor, wird auch von hautempfindlichen Patienten ausgezeichnet vertragen und ist einfach und vielf\u00e4ltig einsetzbar.<\/span> <\/p>\n<h3> <span>Gebrauchsanweisung<\/span> <\/h3>\n<p> <span>Anleitung: Die Wunde s\u00e4ubern, das Fixomull stretch sorgf\u00e4ltig und angepasst auf die Wunde aufbringen, dabei darauf achten, dass es faltenfrei und straff, aber nicht zu fest sitzt, um Durchblutungsst\u00f6rungen zu vermeiden.<\/span> <\/p>\n<p>hochwertiger medizinischer Verbandstoff<br \/>\nzur Wundversorgung<br \/>\nVerbandstoff zum Anlegen<br \/>\nHilfsmittel aus der Apotheke (PZN: 04309527)<br \/>\nHersteller: Medi-Spezial GmbH, Deutschland (Originalprodukt aus Deutschland)<br \/>\n<div class=\"main-cross-sell\" data-asin=\"B00CXQMCN2\">\n\n\t<div class=\"WooZone-cross-sell-loader\">\n\t\t<div>\n\t\t\t<div id=\"floatingBarsG\">\n\t\t\t\t<div class=\"blockG\" id=\"rotateG_01\"><\/div>\n\t\t\t\t<div class=\"blockG\" id=\"rotateG_02\"><\/div>\n\t\t\t\t<div class=\"blockG\" id=\"rotateG_03\"><\/div>\n\t\t\t\t<div class=\"blockG\" id=\"rotateG_04\"><\/div>\n\t\t\t\t<div class=\"blockG\" id=\"rotateG_05\"><\/div>\n\t\t\t\t<div class=\"blockG\" id=\"rotateG_06\"><\/div>\n\t\t\t\t<div class=\"blockG\" id=\"rotateG_07\"><\/div>\n\t\t\t\t<div class=\"blockG\" id=\"rotateG_08\"><\/div>\n\t\t\t<\/div>\n\t\t\t<div class=\"WooZone-cross-sell-loader-text\"><\/div>\n\t\t<\/div>\n\t<\/div>\n\n\t\t\n<\/div>\n<div style=\"clear:both;\"><\/div>\n","protected":false},"excerpt":{"rendered":"<p>hochwertiger medizinischer Verbandstoff<br \/>\nzur Wundversorgung<br \/>\nVerbandstoff zum Anlegen<\/p>\n","protected":false},"featured_media":10324,"comment_status":"open","ping_status":"closed","template":"","meta":{"_acf_changed":false},"product_brand":[],"product_cat":[245,246],"product_tag":[],"class_list":{"0":"post-10323","1":"product","2":"type-product","3":"status-publish","4":"has-post-thumbnail","6":"product_cat-gesundheit","7":"product_cat-medizinische-produkte","9":"first","10":"instock","11":"shipping-taxable","12":"product-type-external"},"acf":[],"yoast_head":"<!-- This site is optimized with the Yoast SEO plugin v27.5 - https:\/\/yoast.com\/product\/yoast-seo-wordpress\/ -->\n<title>Fixomull Stretch Klebevlies, 10 m x 15 cm - Notfallvorsorge - Krisenvorsorge<\/title>\n<meta name=\"robots\" content=\"index, follow, max-snippet:-1, max-image-preview:large, max-video-preview:-1\" \/>\n<link rel=\"canonical\" href=\"https:\/\/www.ralti.de\/?product=fixomull-stretch-klebevlies-10-m-x-15-cm\" \/>\n<meta property=\"og:locale\" content=\"de_DE\" \/>\n<meta property=\"og:type\" content=\"article\" \/>\n<meta property=\"og:title\" content=\"Fixomull Stretch Klebevlies, 10 m x 15 cm - Notfallvorsorge - Krisenvorsorge\" \/>\n<meta property=\"og:description\" content=\"hochwertiger medizinischer Verbandstoff zur Wundversorgung Verbandstoff zum Anlegen\" \/>\n<meta property=\"og:url\" content=\"https:\/\/www.ralti.de\/?product=fixomull-stretch-klebevlies-10-m-x-15-cm\" \/>\n<meta property=\"og:site_name\" content=\"Notfallvorsorge - Krisenvorsorge\" \/>\n<meta property=\"og:image\" content=\"https:\/\/m.media-amazon.com\/images\/I\/31d9qAJFmPL.jpg\" \/>\n\t<meta property=\"og:image:width\" content=\"500\" \/>\n\t<meta property=\"og:image:height\" content=\"500\" \/>\n\t<meta property=\"og:image:type\" content=\"image\/jpeg\" \/>\n<meta name=\"twitter:card\" content=\"summary_large_image\" \/>\n<meta name=\"twitter:label1\" content=\"Gesch\u00e4tzte Lesezeit\" \/>\n\t<meta name=\"twitter:data1\" content=\"1\u00a0Minute\" \/>\n<script type=\"application\/ld+json\" class=\"yoast-schema-graph\">{\"@context\":\"https:\\\/\\\/schema.org\",\"@graph\":[{\"@type\":\"WebPage\",\"@id\":\"https:\\\/\\\/www.ralti.de\\\/?product=fixomull-stretch-klebevlies-10-m-x-15-cm\",\"url\":\"https:\\\/\\\/www.ralti.de\\\/?product=fixomull-stretch-klebevlies-10-m-x-15-cm\",\"name\":\"Fixomull Stretch Klebevlies, 10 m x 15 cm - Notfallvorsorge - Krisenvorsorge\",\"isPartOf\":{\"@id\":\"https:\\\/\\\/www.ralti.de\\\/#website\"},\"primaryImageOfPage\":{\"@id\":\"https:\\\/\\\/www.ralti.de\\\/?product=fixomull-stretch-klebevlies-10-m-x-15-cm#primaryimage\"},\"image\":{\"@id\":\"https:\\\/\\\/www.ralti.de\\\/?product=fixomull-stretch-klebevlies-10-m-x-15-cm#primaryimage\"},\"thumbnailUrl\":\"https:\\\/\\\/m.media-amazon.com\\\/images\\\/I\\\/31d9qAJFmPL.jpg\",\"datePublished\":\"2025-11-25T11:34:51+00:00\",\"breadcrumb\":{\"@id\":\"https:\\\/\\\/www.ralti.de\\\/?product=fixomull-stretch-klebevlies-10-m-x-15-cm#breadcrumb\"},\"inLanguage\":\"de\",\"potentialAction\":[{\"@type\":\"ReadAction\",\"target\":[\"https:\\\/\\\/www.ralti.de\\\/?product=fixomull-stretch-klebevlies-10-m-x-15-cm\"]}]},{\"@type\":\"ImageObject\",\"inLanguage\":\"de\",\"@id\":\"https:\\\/\\\/www.ralti.de\\\/?product=fixomull-stretch-klebevlies-10-m-x-15-cm#primaryimage\",\"url\":\"https:\\\/\\\/m.media-amazon.com\\\/images\\\/I\\\/31d9qAJFmPL.jpg\",\"contentUrl\":\"https:\\\/\\\/m.media-amazon.com\\\/images\\\/I\\\/31d9qAJFmPL.jpg\",\"width\":500,\"height\":500},{\"@type\":\"BreadcrumbList\",\"@id\":\"https:\\\/\\\/www.ralti.de\\\/?product=fixomull-stretch-klebevlies-10-m-x-15-cm#breadcrumb\",\"itemListElement\":[{\"@type\":\"ListItem\",\"position\":1,\"name\":\"Start\",\"item\":\"https:\\\/\\\/www.ralti.de\\\/\"},{\"@type\":\"ListItem\",\"position\":2,\"name\":\"Notfallartikel\",\"item\":\"https:\\\/\\\/www.ralti.de\\\/?page_id=14189\"},{\"@type\":\"ListItem\",\"position\":3,\"name\":\"Fixomull Stretch Klebevlies, 10 m x 15 cm\"}]},{\"@type\":\"WebSite\",\"@id\":\"https:\\\/\\\/www.ralti.de\\\/#website\",\"url\":\"https:\\\/\\\/www.ralti.de\\\/\",\"name\":\"Ralti.de\",\"description\":\"Hier viele gute Angebote\",\"publisher\":{\"@id\":\"https:\\\/\\\/www.ralti.de\\\/#organization\"},\"potentialAction\":[{\"@type\":\"SearchAction\",\"target\":{\"@type\":\"EntryPoint\",\"urlTemplate\":\"https:\\\/\\\/www.ralti.de\\\/?s={search_term_string}\"},\"query-input\":{\"@type\":\"PropertyValueSpecification\",\"valueRequired\":true,\"valueName\":\"search_term_string\"}}],\"inLanguage\":\"de\"},{\"@type\":\"Organization\",\"@id\":\"https:\\\/\\\/www.ralti.de\\\/#organization\",\"name\":\"Ralti.de\",\"url\":\"https:\\\/\\\/www.ralti.de\\\/\",\"logo\":{\"@type\":\"ImageObject\",\"inLanguage\":\"de\",\"@id\":\"https:\\\/\\\/www.ralti.de\\\/#\\\/schema\\\/logo\\\/image\\\/\",\"url\":\"https:\\\/\\\/www.ralti.de\\\/wp-content\\\/uploads\\\/2025\\\/11\\\/ralti.png\",\"contentUrl\":\"https:\\\/\\\/www.ralti.de\\\/wp-content\\\/uploads\\\/2025\\\/11\\\/ralti.png\",\"width\":240,\"height\":75,\"caption\":\"Ralti.de\"},\"image\":{\"@id\":\"https:\\\/\\\/www.ralti.de\\\/#\\\/schema\\\/logo\\\/image\\\/\"}}]}<\/script>\n<!-- \/ Yoast SEO plugin. -->","yoast_head_json":{"title":"Fixomull Stretch Klebevlies, 10 m x 15 cm - Notfallvorsorge - Krisenvorsorge","robots":{"index":"index","follow":"follow","max-snippet":"max-snippet:-1","max-image-preview":"max-image-preview:large","max-video-preview":"max-video-preview:-1"},"canonical":"https:\/\/www.ralti.de\/?product=fixomull-stretch-klebevlies-10-m-x-15-cm","og_locale":"de_DE","og_type":"article","og_title":"Fixomull Stretch Klebevlies, 10 m x 15 cm - Notfallvorsorge - Krisenvorsorge","og_description":"hochwertiger medizinischer Verbandstoff zur Wundversorgung Verbandstoff zum Anlegen","og_url":"https:\/\/www.ralti.de\/?product=fixomull-stretch-klebevlies-10-m-x-15-cm","og_site_name":"Notfallvorsorge - Krisenvorsorge","og_image":[{"width":500,"height":500,"url":"https:\/\/m.media-amazon.com\/images\/I\/31d9qAJFmPL.jpg","type":"image\/jpeg"}],"twitter_card":"summary_large_image","twitter_misc":{"Gesch\u00e4tzte Lesezeit":"1\u00a0Minute"},"schema":{"@context":"https:\/\/schema.org","@graph":[{"@type":"WebPage","@id":"https:\/\/www.ralti.de\/?product=fixomull-stretch-klebevlies-10-m-x-15-cm","url":"https:\/\/www.ralti.de\/?product=fixomull-stretch-klebevlies-10-m-x-15-cm","name":"Fixomull Stretch Klebevlies, 10 m x 15 cm - Notfallvorsorge - Krisenvorsorge","isPartOf":{"@id":"https:\/\/www.ralti.de\/#website"},"primaryImageOfPage":{"@id":"https:\/\/www.ralti.de\/?product=fixomull-stretch-klebevlies-10-m-x-15-cm#primaryimage"},"image":{"@id":"https:\/\/www.ralti.de\/?product=fixomull-stretch-klebevlies-10-m-x-15-cm#primaryimage"},"thumbnailUrl":"https:\/\/m.media-amazon.com\/images\/I\/31d9qAJFmPL.jpg","datePublished":"2025-11-25T11:34:51+00:00","breadcrumb":{"@id":"https:\/\/www.ralti.de\/?product=fixomull-stretch-klebevlies-10-m-x-15-cm#breadcrumb"},"inLanguage":"de","potentialAction":[{"@type":"ReadAction","target":["https:\/\/www.ralti.de\/?product=fixomull-stretch-klebevlies-10-m-x-15-cm"]}]},{"@type":"ImageObject","inLanguage":"de","@id":"https:\/\/www.ralti.de\/?product=fixomull-stretch-klebevlies-10-m-x-15-cm#primaryimage","url":"https:\/\/m.media-amazon.com\/images\/I\/31d9qAJFmPL.jpg","contentUrl":"https:\/\/m.media-amazon.com\/images\/I\/31d9qAJFmPL.jpg","width":500,"height":500},{"@type":"BreadcrumbList","@id":"https:\/\/www.ralti.de\/?product=fixomull-stretch-klebevlies-10-m-x-15-cm#breadcrumb","itemListElement":[{"@type":"ListItem","position":1,"name":"Start","item":"https:\/\/www.ralti.de\/"},{"@type":"ListItem","position":2,"name":"Notfallartikel","item":"https:\/\/www.ralti.de\/?page_id=14189"},{"@type":"ListItem","position":3,"name":"Fixomull Stretch Klebevlies, 10 m x 15 cm"}]},{"@type":"WebSite","@id":"https:\/\/www.ralti.de\/#website","url":"https:\/\/www.ralti.de\/","name":"Ralti.de","description":"Hier viele gute Angebote","publisher":{"@id":"https:\/\/www.ralti.de\/#organization"},"potentialAction":[{"@type":"SearchAction","target":{"@type":"EntryPoint","urlTemplate":"https:\/\/www.ralti.de\/?s={search_term_string}"},"query-input":{"@type":"PropertyValueSpecification","valueRequired":true,"valueName":"search_term_string"}}],"inLanguage":"de"},{"@type":"Organization","@id":"https:\/\/www.ralti.de\/#organization","name":"Ralti.de","url":"https:\/\/www.ralti.de\/","logo":{"@type":"ImageObject","inLanguage":"de","@id":"https:\/\/www.ralti.de\/#\/schema\/logo\/image\/","url":"https:\/\/www.ralti.de\/wp-content\/uploads\/2025\/11\/ralti.png","contentUrl":"https:\/\/www.ralti.de\/wp-content\/uploads\/2025\/11\/ralti.png","width":240,"height":75,"caption":"Ralti.de"},"image":{"@id":"https:\/\/www.ralti.de\/#\/schema\/logo\/image\/"}}]}},"_links":{"self":[{"href":"https:\/\/www.ralti.de\/index.php?rest_route=\/wp\/v2\/product\/10323","targetHints":{"allow":["GET"]}}],"collection":[{"href":"https:\/\/www.ralti.de\/index.php?rest_route=\/wp\/v2\/product"}],"about":[{"href":"https:\/\/www.ralti.de\/index.php?rest_route=\/wp\/v2\/types\/product"}],"replies":[{"embeddable":true,"href":"https:\/\/www.ralti.de\/index.php?rest_route=%2Fwp%2Fv2%2Fcomments&post=10323"}],"wp:featuredmedia":[{"embeddable":true,"href":"https:\/\/www.ralti.de\/index.php?rest_route=\/wp\/v2\/media\/10324"}],"wp:attachment":[{"href":"https:\/\/www.ralti.de\/index.php?rest_route=%2Fwp%2Fv2%2Fmedia&parent=10323"}],"wp:term":[{"taxonomy":"product_brand","embeddable":true,"href":"https:\/\/www.ralti.de\/index.php?rest_route=%2Fwp%2Fv2%2Fproduct_brand&post=10323"},{"taxonomy":"product_cat","embeddable":true,"href":"https:\/\/www.ralti.de\/index.php?rest_route=%2Fwp%2Fv2%2Fproduct_cat&post=10323"},{"taxonomy":"product_tag","embeddable":true,"href":"https:\/\/www.ralti.de\/index.php?rest_route=%2Fwp%2Fv2%2Fproduct_tag&post=10323"}],"curies":[{"name":"wp","href":"https:\/\/api.w.org\/{rel}","templated":true}]}}