{"id":10618,"date":"2025-11-25T11:36:27","date_gmt":"2025-11-25T11:36:27","guid":{"rendered":"https:\/\/www.ralti.de\/shop-2\/uncategorized\/12-stuck-schwarz-mini-laterne-led-mini-weihnachtsdeko-laterne-tischdeko-weihnachten-led-weihnachtslaterne-vintage-kerze-laternen-hangende-fur-mittelstuck-geburtstag-weihnachten-party-retro\/"},"modified":"2025-11-25T11:36:27","modified_gmt":"2025-11-25T11:36:27","slug":"12-stuck-schwarz-mini-laterne-led-mini-weihnachtsdeko-laterne-tischdeko-weihnachten-led-weihnachtslaterne-vintage-kerze-laternen-hangende-fur-mittelstuck-geburtstag-weihnachten-party-retro","status":"publish","type":"product","link":"https:\/\/www.ralti.de\/?product=12-stuck-schwarz-mini-laterne-led-mini-weihnachtsdeko-laterne-tischdeko-weihnachten-led-weihnachtslaterne-vintage-kerze-laternen-hangende-fur-mittelstuck-geburtstag-weihnachten-party-retro","title":{"rendered":"12 St\u00fcck Schwarz Mini Laterne LED, Mini Weihnachtsdeko Laterne, Tischdeko Weihnachten, Led Weihnachtslaterne, Vintage Kerze Laternen H\u00e4ngende F\u00fcr Mittelst\u00fcck Geburtstag Weihnachten Party Retro"},"content":{"rendered":"<p><!-- show up to 2 reviews by default --> <\/p>\n<p><span>Eigenschaften<\/span><\/p>\n<p><span>1. Die schwarz mini laterne led LED-Technologie bietet eine sichere, flammenlose Alternative zu herk\u00f6mmlichen Kerzen und verleiht Ihrem Zuhause eine warme Atmosph\u00e4re.<\/span><\/p>\n<\/p>\n<p><span>2. Led weihnachtslaterne besteht aus hochwertigem Kunststoff und ist daher leicht, langlebig, bruch- und lichtbest\u00e4ndig und f\u00fcr den wiederholten Gebrauch geeignet.<\/span><\/p>\n<\/p>\n<p><span>3. Schwarz mini laterne led l\u00e4sst sich einfach an verschiedenen Orten anbringen, ob auf einem Tisch, Regal oder an der Wand, und sorgt f\u00fcr einen sch\u00f6nen und kreativen Dekorationseffekt.<\/span><\/p>\n<\/p>\n<p><span>4. Mini weihnachtsdeko laterne eignet sich perfekt f\u00fcr Geburtstage, Halloween, Weihnachten und Party-Tischdekorationen. Es ist ein Highlight f\u00fcr jede Veranstaltung und das perfekte Geschenk f\u00fcr Familie, Freunde oder Kollegen.<\/span><\/p>\n<\/p>\n<p><span>Produktspezifikationen<\/span><\/p>\n<p><span>Material: Hochwertiger Kunststoff<\/span><\/p>\n<p><span>Sattelleuchte: 9 x 4,8 cm<\/span><\/p>\n<p><span>Batterie: Integrierte Knopfzelle<\/span><\/p>\n<\/p>\n<p><span>Lieferumfang<\/span><\/p>\n<p><span>12 x Schwarz mini laterne led<\/span><\/p>\n<\/p>\n<p>Mini-LED-Laternen: Wir bieten eine gro\u00dfe Auswahl von 12 St\u00fcck (mit integrierten Knopfzellen) in klassischem Schwarz, die Ihrer Halloween- und Weihnachtsdekoration eine einzigartige, festliche Note verleihen. Die schwarz mini laterne led bietet ein kreatives Lichterlebnis, das unvergessliche Weihnachtserinnerungen schafft und zum Mittelpunkt Ihrer Weihnachtsdekoration wird.<br \/>\nHochwertige Materialien: Die mini weihnachtsdeko laterne ist aus leichtem PVC-Kunststoff gefertigt und dadurch leicht, langlebig, extrem stabil, sicher in der Anwendung, bruch- und rostbest\u00e4ndig und wiederverwendbar. Die schwarz mini laterne led bricht nicht so schnell und bietet die ganze Nacht \u00fcber konstantes, stabiles Licht, sodass Sie ihre Sch\u00f6nheit unbeschwert genie\u00dfen k\u00f6nnen.<br \/>\nEinzigartige und stilvolle Dekoration: Das einzigartige Design der schwarz mini laterne led bricht mit der traditionellen Sattellampe und verleiht ihr ein stilvolles Aussehen. Ihre wundersch\u00f6ne Antikgoldfarbe und die aufwendigen Details verleihen jedem Raum und jeder Veranstaltung eine elegante Note. Ob von der Decke geh\u00e4ngt, auf einem Tisch pr\u00e4sentiert oder als Tafelaufsatz verwendet \u2013 sie ist die perfekte Weihnachtsdekoration.<br \/>\nEinfach zu bedienen: Die schwarz mini laterne led ist einfach zu bedienen und zu installieren und erm\u00f6glicht so die Gestaltung einer stilvollen Dekoration. Die integrierte Kerzensimulation strahlt warmes Licht aus, verleiht Ihren Feiern einen Hauch von Farbe und verst\u00e4rkt die optische Wirkung. Tischdeko weihnachten l\u00e4sst sich leicht aufh\u00e4ngen und tragen und sorgt so f\u00fcr eine stilvolle und m\u00fchelose Dekoration.<br \/>\nVielseitige Einsatzm\u00f6glichkeiten: Schwarz mini laterne led eignet sich nicht nur f\u00fcr Halloween-, Weihnachts- und Martinstag-Dekorationen, sondern kann auch f\u00fcr andere Feiertage, Geburtstagsfeiern, Hochzeiten und viele weitere Anl\u00e4sse verwendet werden. Mini weihnachtsdeko laterne verleiht Ihrem Wohnzimmer, Schlafzimmer, Ihrer Terrasse, Ihrem Kamin, Balkon, Ihrer Veranda oder Ihrem Garten eine rustikale Note. Sie kann als Tischdekoration, als Teil einer festlichen Atmosph\u00e4re oder als Weihnachtsbaumdekoration verwendet werden.<br \/>\n<div class=\"main-cross-sell\" data-asin=\"B0FQCK5LYR\">\n\n\t<div class=\"WooZone-cross-sell-loader\">\n\t\t<div>\n\t\t\t<div id=\"floatingBarsG\">\n\t\t\t\t<div class=\"blockG\" id=\"rotateG_01\"><\/div>\n\t\t\t\t<div class=\"blockG\" id=\"rotateG_02\"><\/div>\n\t\t\t\t<div class=\"blockG\" id=\"rotateG_03\"><\/div>\n\t\t\t\t<div class=\"blockG\" id=\"rotateG_04\"><\/div>\n\t\t\t\t<div class=\"blockG\" id=\"rotateG_05\"><\/div>\n\t\t\t\t<div class=\"blockG\" id=\"rotateG_06\"><\/div>\n\t\t\t\t<div class=\"blockG\" id=\"rotateG_07\"><\/div>\n\t\t\t\t<div class=\"blockG\" id=\"rotateG_08\"><\/div>\n\t\t\t<\/div>\n\t\t\t<div class=\"WooZone-cross-sell-loader-text\"><\/div>\n\t\t<\/div>\n\t<\/div>\n\n\t\t\n<\/div>\n<div style=\"clear:both;\"><\/div>\n","protected":false},"excerpt":{"rendered":"<p>Mini-LED-Laternen: Wir bieten eine gro\u00dfe Auswahl von 12 St\u00fcck (mit integrierten Knopfzellen) in klassischem Schwarz, die Ihrer Halloween- und Weihnachtsdekoration eine einzigartige, festliche Note verleihen. Die schwarz mini laterne led bietet ein kreatives Lichterlebnis, das unvergessliche Weihnachtserinnerungen schafft und zum Mittelpunkt Ihrer Weihnachtsdekoration wird.<br \/>\nHochwertige Materialien: Die mini weihnachtsdeko laterne ist aus leichtem PVC-Kunststoff gefertigt und dadurch leicht, langlebig, extrem stabil, sicher in der Anwendung, bruch- und rostbest\u00e4ndig und wiederverwendbar. Die schwarz mini laterne led bricht nicht so schnell und bietet die ganze Nacht \u00fcber konstantes, stabiles Licht, sodass Sie ihre Sch\u00f6nheit unbeschwert genie\u00dfen k\u00f6nnen.<br \/>\nEinzigartige und stilvolle Dekoration: Das einzigartige Design der schwarz mini laterne led bricht mit der traditionellen Sattellampe und verleiht ihr ein stilvolles Aussehen. Ihre wundersch\u00f6ne Antikgoldfarbe und die aufwendigen Details verleihen jedem Raum und jeder Veranstaltung eine elegante Note. Ob von der Decke geh\u00e4ngt, auf einem Tisch pr\u00e4sentiert oder als Tafelaufsatz verwendet \u2013 sie ist die perfekte Weihnachtsdekoration.<\/p>\n","protected":false},"featured_media":10619,"comment_status":"open","ping_status":"closed","template":"","meta":{"_acf_changed":false},"product_brand":[],"product_cat":[256,260],"product_tag":[],"class_list":{"0":"post-10618","1":"product","2":"type-product","3":"status-publish","4":"has-post-thumbnail","6":"product_cat-beleuchtung","7":"product_cat-stromausfall","9":"first","10":"instock","11":"shipping-taxable","12":"product-type-external"},"acf":[],"yoast_head":"<!-- This site is optimized with the Yoast SEO plugin v27.3 - https:\/\/yoast.com\/product\/yoast-seo-wordpress\/ -->\n<title>12 St\u00fcck Schwarz Mini Laterne LED, Mini Weihnachtsdeko Laterne, Tischdeko Weihnachten, Led Weihnachtslaterne, Vintage Kerze Laternen H\u00e4ngende F\u00fcr Mittelst\u00fcck Geburtstag Weihnachten Party Retro - Notfallvorsorge - Krisenvorsorge<\/title>\n<meta name=\"robots\" content=\"index, follow, max-snippet:-1, max-image-preview:large, max-video-preview:-1\" \/>\n<link rel=\"canonical\" href=\"https:\/\/www.ralti.de\/?product=12-stuck-schwarz-mini-laterne-led-mini-weihnachtsdeko-laterne-tischdeko-weihnachten-led-weihnachtslaterne-vintage-kerze-laternen-hangende-fur-mittelstuck-geburtstag-weihnachten-party-retro\" \/>\n<meta property=\"og:locale\" content=\"de_DE\" \/>\n<meta property=\"og:type\" content=\"article\" \/>\n<meta property=\"og:title\" content=\"12 St\u00fcck Schwarz Mini Laterne LED, Mini Weihnachtsdeko Laterne, Tischdeko Weihnachten, Led Weihnachtslaterne, Vintage Kerze Laternen H\u00e4ngende F\u00fcr Mittelst\u00fcck Geburtstag Weihnachten Party Retro - Notfallvorsorge - Krisenvorsorge\" \/>\n<meta property=\"og:description\" content=\"Mini-LED-Laternen: Wir bieten eine gro\u00dfe Auswahl von 12 St\u00fcck (mit integrierten Knopfzellen) in klassischem Schwarz, die Ihrer Halloween- und Weihnachtsdekoration eine einzigartige, festliche Note verleihen. Die schwarz mini laterne led bietet ein kreatives Lichterlebnis, das unvergessliche Weihnachtserinnerungen schafft und zum Mittelpunkt Ihrer Weihnachtsdekoration wird. Hochwertige Materialien: Die mini weihnachtsdeko laterne ist aus leichtem PVC-Kunststoff gefertigt und dadurch leicht, langlebig, extrem stabil, sicher in der Anwendung, bruch- und rostbest\u00e4ndig und wiederverwendbar. Die schwarz mini laterne led bricht nicht so schnell und bietet die ganze Nacht \u00fcber konstantes, stabiles Licht, sodass Sie ihre Sch\u00f6nheit unbeschwert genie\u00dfen k\u00f6nnen. Einzigartige und stilvolle Dekoration: Das einzigartige Design der schwarz mini laterne led bricht mit der traditionellen Sattellampe und verleiht ihr ein stilvolles Aussehen. Ihre wundersch\u00f6ne Antikgoldfarbe und die aufwendigen Details verleihen jedem Raum und jeder Veranstaltung eine elegante Note. Ob von der Decke geh\u00e4ngt, auf einem Tisch pr\u00e4sentiert oder als Tafelaufsatz verwendet \u2013 sie ist die perfekte Weihnachtsdekoration.\" \/>\n<meta property=\"og:url\" content=\"https:\/\/www.ralti.de\/?product=12-stuck-schwarz-mini-laterne-led-mini-weihnachtsdeko-laterne-tischdeko-weihnachten-led-weihnachtslaterne-vintage-kerze-laternen-hangende-fur-mittelstuck-geburtstag-weihnachten-party-retro\" \/>\n<meta property=\"og:site_name\" content=\"Notfallvorsorge - Krisenvorsorge\" \/>\n<meta property=\"og:image\" content=\"https:\/\/m.media-amazon.com\/images\/I\/51KUTHns5PL.jpg\" \/>\n\t<meta property=\"og:image:width\" content=\"500\" \/>\n\t<meta property=\"og:image:height\" content=\"500\" \/>\n\t<meta property=\"og:image:type\" content=\"image\/jpeg\" \/>\n<meta name=\"twitter:card\" content=\"summary_large_image\" \/>\n<meta name=\"twitter:label1\" content=\"Gesch\u00e4tzte Lesezeit\" \/>\n\t<meta name=\"twitter:data1\" content=\"2\u00a0Minuten\" \/>\n<script type=\"application\/ld+json\" class=\"yoast-schema-graph\">{\"@context\":\"https:\\\/\\\/schema.org\",\"@graph\":[{\"@type\":\"WebPage\",\"@id\":\"https:\\\/\\\/www.ralti.de\\\/?product=12-stuck-schwarz-mini-laterne-led-mini-weihnachtsdeko-laterne-tischdeko-weihnachten-led-weihnachtslaterne-vintage-kerze-laternen-hangende-fur-mittelstuck-geburtstag-weihnachten-party-retro\",\"url\":\"https:\\\/\\\/www.ralti.de\\\/?product=12-stuck-schwarz-mini-laterne-led-mini-weihnachtsdeko-laterne-tischdeko-weihnachten-led-weihnachtslaterne-vintage-kerze-laternen-hangende-fur-mittelstuck-geburtstag-weihnachten-party-retro\",\"name\":\"12 St\u00fcck Schwarz Mini Laterne LED, Mini Weihnachtsdeko Laterne, Tischdeko Weihnachten, Led Weihnachtslaterne, Vintage Kerze Laternen H\u00e4ngende F\u00fcr Mittelst\u00fcck Geburtstag Weihnachten Party Retro - Notfallvorsorge - Krisenvorsorge\",\"isPartOf\":{\"@id\":\"https:\\\/\\\/www.ralti.de\\\/#website\"},\"primaryImageOfPage\":{\"@id\":\"https:\\\/\\\/www.ralti.de\\\/?product=12-stuck-schwarz-mini-laterne-led-mini-weihnachtsdeko-laterne-tischdeko-weihnachten-led-weihnachtslaterne-vintage-kerze-laternen-hangende-fur-mittelstuck-geburtstag-weihnachten-party-retro#primaryimage\"},\"image\":{\"@id\":\"https:\\\/\\\/www.ralti.de\\\/?product=12-stuck-schwarz-mini-laterne-led-mini-weihnachtsdeko-laterne-tischdeko-weihnachten-led-weihnachtslaterne-vintage-kerze-laternen-hangende-fur-mittelstuck-geburtstag-weihnachten-party-retro#primaryimage\"},\"thumbnailUrl\":\"https:\\\/\\\/m.media-amazon.com\\\/images\\\/I\\\/51KUTHns5PL.jpg\",\"datePublished\":\"2025-11-25T11:36:27+00:00\",\"breadcrumb\":{\"@id\":\"https:\\\/\\\/www.ralti.de\\\/?product=12-stuck-schwarz-mini-laterne-led-mini-weihnachtsdeko-laterne-tischdeko-weihnachten-led-weihnachtslaterne-vintage-kerze-laternen-hangende-fur-mittelstuck-geburtstag-weihnachten-party-retro#breadcrumb\"},\"inLanguage\":\"de\",\"potentialAction\":[{\"@type\":\"ReadAction\",\"target\":[\"https:\\\/\\\/www.ralti.de\\\/?product=12-stuck-schwarz-mini-laterne-led-mini-weihnachtsdeko-laterne-tischdeko-weihnachten-led-weihnachtslaterne-vintage-kerze-laternen-hangende-fur-mittelstuck-geburtstag-weihnachten-party-retro\"]}]},{\"@type\":\"ImageObject\",\"inLanguage\":\"de\",\"@id\":\"https:\\\/\\\/www.ralti.de\\\/?product=12-stuck-schwarz-mini-laterne-led-mini-weihnachtsdeko-laterne-tischdeko-weihnachten-led-weihnachtslaterne-vintage-kerze-laternen-hangende-fur-mittelstuck-geburtstag-weihnachten-party-retro#primaryimage\",\"url\":\"https:\\\/\\\/m.media-amazon.com\\\/images\\\/I\\\/51KUTHns5PL.jpg\",\"contentUrl\":\"https:\\\/\\\/m.media-amazon.com\\\/images\\\/I\\\/51KUTHns5PL.jpg\",\"width\":500,\"height\":500},{\"@type\":\"BreadcrumbList\",\"@id\":\"https:\\\/\\\/www.ralti.de\\\/?product=12-stuck-schwarz-mini-laterne-led-mini-weihnachtsdeko-laterne-tischdeko-weihnachten-led-weihnachtslaterne-vintage-kerze-laternen-hangende-fur-mittelstuck-geburtstag-weihnachten-party-retro#breadcrumb\",\"itemListElement\":[{\"@type\":\"ListItem\",\"position\":1,\"name\":\"Start\",\"item\":\"https:\\\/\\\/www.ralti.de\\\/\"},{\"@type\":\"ListItem\",\"position\":2,\"name\":\"Notfallartikel\",\"item\":\"https:\\\/\\\/www.ralti.de\\\/?page_id=14189\"},{\"@type\":\"ListItem\",\"position\":3,\"name\":\"12 St\u00fcck Schwarz Mini Laterne LED, Mini Weihnachtsdeko Laterne, Tischdeko Weihnachten, Led Weihnachtslaterne, Vintage Kerze Laternen H\u00e4ngende F\u00fcr Mittelst\u00fcck Geburtstag Weihnachten Party Retro\"}]},{\"@type\":\"WebSite\",\"@id\":\"https:\\\/\\\/www.ralti.de\\\/#website\",\"url\":\"https:\\\/\\\/www.ralti.de\\\/\",\"name\":\"Ralti.de\",\"description\":\"Hier viele gute Angebote\",\"publisher\":{\"@id\":\"https:\\\/\\\/www.ralti.de\\\/#organization\"},\"potentialAction\":[{\"@type\":\"SearchAction\",\"target\":{\"@type\":\"EntryPoint\",\"urlTemplate\":\"https:\\\/\\\/www.ralti.de\\\/?s={search_term_string}\"},\"query-input\":{\"@type\":\"PropertyValueSpecification\",\"valueRequired\":true,\"valueName\":\"search_term_string\"}}],\"inLanguage\":\"de\"},{\"@type\":\"Organization\",\"@id\":\"https:\\\/\\\/www.ralti.de\\\/#organization\",\"name\":\"Ralti.de\",\"url\":\"https:\\\/\\\/www.ralti.de\\\/\",\"logo\":{\"@type\":\"ImageObject\",\"inLanguage\":\"de\",\"@id\":\"https:\\\/\\\/www.ralti.de\\\/#\\\/schema\\\/logo\\\/image\\\/\",\"url\":\"https:\\\/\\\/www.ralti.de\\\/wp-content\\\/uploads\\\/2025\\\/11\\\/ralti.png\",\"contentUrl\":\"https:\\\/\\\/www.ralti.de\\\/wp-content\\\/uploads\\\/2025\\\/11\\\/ralti.png\",\"width\":240,\"height\":75,\"caption\":\"Ralti.de\"},\"image\":{\"@id\":\"https:\\\/\\\/www.ralti.de\\\/#\\\/schema\\\/logo\\\/image\\\/\"}}]}<\/script>\n<!-- \/ Yoast SEO plugin. -->","yoast_head_json":{"title":"12 St\u00fcck Schwarz Mini Laterne LED, Mini Weihnachtsdeko Laterne, Tischdeko Weihnachten, Led Weihnachtslaterne, Vintage Kerze Laternen H\u00e4ngende F\u00fcr Mittelst\u00fcck Geburtstag Weihnachten Party Retro - Notfallvorsorge - Krisenvorsorge","robots":{"index":"index","follow":"follow","max-snippet":"max-snippet:-1","max-image-preview":"max-image-preview:large","max-video-preview":"max-video-preview:-1"},"canonical":"https:\/\/www.ralti.de\/?product=12-stuck-schwarz-mini-laterne-led-mini-weihnachtsdeko-laterne-tischdeko-weihnachten-led-weihnachtslaterne-vintage-kerze-laternen-hangende-fur-mittelstuck-geburtstag-weihnachten-party-retro","og_locale":"de_DE","og_type":"article","og_title":"12 St\u00fcck Schwarz Mini Laterne LED, Mini Weihnachtsdeko Laterne, Tischdeko Weihnachten, Led Weihnachtslaterne, Vintage Kerze Laternen H\u00e4ngende F\u00fcr Mittelst\u00fcck Geburtstag Weihnachten Party Retro - Notfallvorsorge - Krisenvorsorge","og_description":"Mini-LED-Laternen: Wir bieten eine gro\u00dfe Auswahl von 12 St\u00fcck (mit integrierten Knopfzellen) in klassischem Schwarz, die Ihrer Halloween- und Weihnachtsdekoration eine einzigartige, festliche Note verleihen. Die schwarz mini laterne led bietet ein kreatives Lichterlebnis, das unvergessliche Weihnachtserinnerungen schafft und zum Mittelpunkt Ihrer Weihnachtsdekoration wird. Hochwertige Materialien: Die mini weihnachtsdeko laterne ist aus leichtem PVC-Kunststoff gefertigt und dadurch leicht, langlebig, extrem stabil, sicher in der Anwendung, bruch- und rostbest\u00e4ndig und wiederverwendbar. Die schwarz mini laterne led bricht nicht so schnell und bietet die ganze Nacht \u00fcber konstantes, stabiles Licht, sodass Sie ihre Sch\u00f6nheit unbeschwert genie\u00dfen k\u00f6nnen. Einzigartige und stilvolle Dekoration: Das einzigartige Design der schwarz mini laterne led bricht mit der traditionellen Sattellampe und verleiht ihr ein stilvolles Aussehen. Ihre wundersch\u00f6ne Antikgoldfarbe und die aufwendigen Details verleihen jedem Raum und jeder Veranstaltung eine elegante Note. Ob von der Decke geh\u00e4ngt, auf einem Tisch pr\u00e4sentiert oder als Tafelaufsatz verwendet \u2013 sie ist die perfekte Weihnachtsdekoration.","og_url":"https:\/\/www.ralti.de\/?product=12-stuck-schwarz-mini-laterne-led-mini-weihnachtsdeko-laterne-tischdeko-weihnachten-led-weihnachtslaterne-vintage-kerze-laternen-hangende-fur-mittelstuck-geburtstag-weihnachten-party-retro","og_site_name":"Notfallvorsorge - Krisenvorsorge","og_image":[{"width":500,"height":500,"url":"https:\/\/m.media-amazon.com\/images\/I\/51KUTHns5PL.jpg","type":"image\/jpeg"}],"twitter_card":"summary_large_image","twitter_misc":{"Gesch\u00e4tzte Lesezeit":"2\u00a0Minuten"},"schema":{"@context":"https:\/\/schema.org","@graph":[{"@type":"WebPage","@id":"https:\/\/www.ralti.de\/?product=12-stuck-schwarz-mini-laterne-led-mini-weihnachtsdeko-laterne-tischdeko-weihnachten-led-weihnachtslaterne-vintage-kerze-laternen-hangende-fur-mittelstuck-geburtstag-weihnachten-party-retro","url":"https:\/\/www.ralti.de\/?product=12-stuck-schwarz-mini-laterne-led-mini-weihnachtsdeko-laterne-tischdeko-weihnachten-led-weihnachtslaterne-vintage-kerze-laternen-hangende-fur-mittelstuck-geburtstag-weihnachten-party-retro","name":"12 St\u00fcck Schwarz Mini Laterne LED, Mini Weihnachtsdeko Laterne, Tischdeko Weihnachten, Led Weihnachtslaterne, Vintage Kerze Laternen H\u00e4ngende F\u00fcr Mittelst\u00fcck Geburtstag Weihnachten Party Retro - Notfallvorsorge - Krisenvorsorge","isPartOf":{"@id":"https:\/\/www.ralti.de\/#website"},"primaryImageOfPage":{"@id":"https:\/\/www.ralti.de\/?product=12-stuck-schwarz-mini-laterne-led-mini-weihnachtsdeko-laterne-tischdeko-weihnachten-led-weihnachtslaterne-vintage-kerze-laternen-hangende-fur-mittelstuck-geburtstag-weihnachten-party-retro#primaryimage"},"image":{"@id":"https:\/\/www.ralti.de\/?product=12-stuck-schwarz-mini-laterne-led-mini-weihnachtsdeko-laterne-tischdeko-weihnachten-led-weihnachtslaterne-vintage-kerze-laternen-hangende-fur-mittelstuck-geburtstag-weihnachten-party-retro#primaryimage"},"thumbnailUrl":"https:\/\/m.media-amazon.com\/images\/I\/51KUTHns5PL.jpg","datePublished":"2025-11-25T11:36:27+00:00","breadcrumb":{"@id":"https:\/\/www.ralti.de\/?product=12-stuck-schwarz-mini-laterne-led-mini-weihnachtsdeko-laterne-tischdeko-weihnachten-led-weihnachtslaterne-vintage-kerze-laternen-hangende-fur-mittelstuck-geburtstag-weihnachten-party-retro#breadcrumb"},"inLanguage":"de","potentialAction":[{"@type":"ReadAction","target":["https:\/\/www.ralti.de\/?product=12-stuck-schwarz-mini-laterne-led-mini-weihnachtsdeko-laterne-tischdeko-weihnachten-led-weihnachtslaterne-vintage-kerze-laternen-hangende-fur-mittelstuck-geburtstag-weihnachten-party-retro"]}]},{"@type":"ImageObject","inLanguage":"de","@id":"https:\/\/www.ralti.de\/?product=12-stuck-schwarz-mini-laterne-led-mini-weihnachtsdeko-laterne-tischdeko-weihnachten-led-weihnachtslaterne-vintage-kerze-laternen-hangende-fur-mittelstuck-geburtstag-weihnachten-party-retro#primaryimage","url":"https:\/\/m.media-amazon.com\/images\/I\/51KUTHns5PL.jpg","contentUrl":"https:\/\/m.media-amazon.com\/images\/I\/51KUTHns5PL.jpg","width":500,"height":500},{"@type":"BreadcrumbList","@id":"https:\/\/www.ralti.de\/?product=12-stuck-schwarz-mini-laterne-led-mini-weihnachtsdeko-laterne-tischdeko-weihnachten-led-weihnachtslaterne-vintage-kerze-laternen-hangende-fur-mittelstuck-geburtstag-weihnachten-party-retro#breadcrumb","itemListElement":[{"@type":"ListItem","position":1,"name":"Start","item":"https:\/\/www.ralti.de\/"},{"@type":"ListItem","position":2,"name":"Notfallartikel","item":"https:\/\/www.ralti.de\/?page_id=14189"},{"@type":"ListItem","position":3,"name":"12 St\u00fcck Schwarz Mini Laterne LED, Mini Weihnachtsdeko Laterne, Tischdeko Weihnachten, Led Weihnachtslaterne, Vintage Kerze Laternen H\u00e4ngende F\u00fcr Mittelst\u00fcck Geburtstag Weihnachten Party Retro"}]},{"@type":"WebSite","@id":"https:\/\/www.ralti.de\/#website","url":"https:\/\/www.ralti.de\/","name":"Ralti.de","description":"Hier viele gute Angebote","publisher":{"@id":"https:\/\/www.ralti.de\/#organization"},"potentialAction":[{"@type":"SearchAction","target":{"@type":"EntryPoint","urlTemplate":"https:\/\/www.ralti.de\/?s={search_term_string}"},"query-input":{"@type":"PropertyValueSpecification","valueRequired":true,"valueName":"search_term_string"}}],"inLanguage":"de"},{"@type":"Organization","@id":"https:\/\/www.ralti.de\/#organization","name":"Ralti.de","url":"https:\/\/www.ralti.de\/","logo":{"@type":"ImageObject","inLanguage":"de","@id":"https:\/\/www.ralti.de\/#\/schema\/logo\/image\/","url":"https:\/\/www.ralti.de\/wp-content\/uploads\/2025\/11\/ralti.png","contentUrl":"https:\/\/www.ralti.de\/wp-content\/uploads\/2025\/11\/ralti.png","width":240,"height":75,"caption":"Ralti.de"},"image":{"@id":"https:\/\/www.ralti.de\/#\/schema\/logo\/image\/"}}]}},"_links":{"self":[{"href":"https:\/\/www.ralti.de\/index.php?rest_route=\/wp\/v2\/product\/10618","targetHints":{"allow":["GET"]}}],"collection":[{"href":"https:\/\/www.ralti.de\/index.php?rest_route=\/wp\/v2\/product"}],"about":[{"href":"https:\/\/www.ralti.de\/index.php?rest_route=\/wp\/v2\/types\/product"}],"replies":[{"embeddable":true,"href":"https:\/\/www.ralti.de\/index.php?rest_route=%2Fwp%2Fv2%2Fcomments&post=10618"}],"wp:featuredmedia":[{"embeddable":true,"href":"https:\/\/www.ralti.de\/index.php?rest_route=\/wp\/v2\/media\/10619"}],"wp:attachment":[{"href":"https:\/\/www.ralti.de\/index.php?rest_route=%2Fwp%2Fv2%2Fmedia&parent=10618"}],"wp:term":[{"taxonomy":"product_brand","embeddable":true,"href":"https:\/\/www.ralti.de\/index.php?rest_route=%2Fwp%2Fv2%2Fproduct_brand&post=10618"},{"taxonomy":"product_cat","embeddable":true,"href":"https:\/\/www.ralti.de\/index.php?rest_route=%2Fwp%2Fv2%2Fproduct_cat&post=10618"},{"taxonomy":"product_tag","embeddable":true,"href":"https:\/\/www.ralti.de\/index.php?rest_route=%2Fwp%2Fv2%2Fproduct_tag&post=10618"}],"curies":[{"name":"wp","href":"https:\/\/api.w.org\/{rel}","templated":true}]}}