{"id":10981,"date":"2025-11-25T11:39:23","date_gmt":"2025-11-25T11:39:23","guid":{"rendered":"https:\/\/www.ralti.de\/shop-2\/uncategorized\/flashfish-520wh-tragbare-powerstation-mit-solarpanel-100w-solar-generator-mit-2x-230v-560wsurge1100w-steckdose5x-dc-output-und-4xusb-outputsnotstromaggregat-akku-fur-camping-party-wohnmobil\/"},"modified":"2025-11-25T11:39:23","modified_gmt":"2025-11-25T11:39:23","slug":"flashfish-520wh-tragbare-powerstation-mit-solarpanel-100w-solar-generator-mit-2x-230v-560wsurge1100w-steckdose5x-dc-output-und-4xusb-outputsnotstromaggregat-akku-fur-camping-party-wohnmobil","status":"publish","type":"product","link":"https:\/\/www.ralti.de\/?product=flashfish-520wh-tragbare-powerstation-mit-solarpanel-100w-solar-generator-mit-2x-230v-560wsurge1100w-steckdose5x-dc-output-und-4xusb-outputsnotstromaggregat-akku-fur-camping-party-wohnmobil","title":{"rendered":"FLASHFISH 520Wh Tragbare Powerstation mit Solarpanel 100W, Solar Generator mit 2x 230V\/560W(Surge1100W) Steckdose,5x DC Output und 4xUSB Outputs,Notstromaggregat Akku f\u00fcr Camping, Party, Wohnmobil"},"content":{"rendered":"<p><!-- show up to 2 reviews by default --> <\/p>\n<p><span class=\"a-text-bold\">Schlie\u00dfen Sie Ihr Solarpanel einfach an den Eingang des Tragbare Powerstations an.<\/span><\/p>\n<p><span><br \/><\/span><\/p>\n<\/p>\n<p><span>1. Entfernen Sie das DC5521-Kabel vom Solarmodul.<\/span><\/p>\n<p><span>2. Verbinden Sie das DC5521-Kabel des Solarmoduls mit dem DC5521-Ladeeingang des Energiespeichers.<\/span><\/p>\n<p><span>3. Wenn die Oberfl\u00e4che des Solarmoduls verschmutzt ist, kann das Sonnenlicht nicht vollst\u00e4ndig empfangen werden, was zu einer schwachen Stromerzeugung f\u00fchrt.<\/span><\/p>\n<p><span><br \/><\/span><\/p>\n<\/p>\n<p><span>\u2605Artikel 1: P60 Tragbare Powerstation<\/span><\/p>\n<p><span>-Modell: P60<\/span><\/p>\n<p><span>-Akku: Lithium-Ionen-Akku<\/span><\/p>\n<p><span>-Kapazit\u00e4t: 520 Wh<\/span><\/p>\n<p><span>-Solarladung: 18\u201324 V<\/span><\/p>\n<p><span>-AC-Ausgangsleistung: 560 W Nennleistung, 1100 W Spitzenleistung<\/span><\/p>\n<p><span>-DC-Ausg\u00e4nge: 4 x 12 V\/10 A, Autoanschluss (max. 12 V\/10 A)<\/span><\/p>\n<p><span>-USB-Ausg\u00e4nge: 3 x USB-A-Anschluss und 1 x USB-C-Schnellladeanschluss<\/span><\/p>\n<p><span>-Gewicht: 5,8 kg<\/span><\/p>\n<p><span>-Abmessungen: 28.8 x 18.9 x 16.6 cm<\/span><\/p>\n<p><span><br \/><\/span><\/p>\n<\/p>\n<p><span>\u2605Artikel 2: TSP100 Solarpanel Faltbar 100W<\/span><\/p>\n<p><span>Typ: Hocheffizientes monokristallines Silizium<\/span><\/p>\n<p><span>Solarumwandlungsrate: 21,5 %\u201323,5 %<\/span><\/p>\n<p><span>Nennleistung: 100 W<\/span><\/p>\n<p><span>DC-Ausgangsspannung: max. 18 V\/5,56 A<\/span><\/p>\n<p><span>USB-A-Ausgang (QC3.0): max. 18 W<\/span><\/p>\n<p><span>USB-C-Ausgang: Max. 65 W<\/span><\/p>\n<p><span>Gefaltete Gr\u00f6\u00dfe: 41,9 x 40 cm<\/span><\/p>\n<p><span>Entfaltete Gr\u00f6\u00dfe: 156,7 x 40 cm<\/span><\/p>\n<p><span>Gewicht: 2,8 kg<\/span><\/p>\n<p><span>Zertifizierungen: FCC RoHS CE T\u00dcV ICE<\/span><\/p>\n<p><span><br \/><\/span><\/p>\n<\/p>\n<p><span>\u2460 Solarmodul stehend verwenden:<\/span><\/p>\n<p><span>&#8211; F\u00fcr optimale Ergebnisse das Solarmodul zur Sonne ausrichten.<\/span><\/p>\n<p><span>&#8211; Das Solarmodul ist nicht wasserdicht.<\/span><\/p>\n<p><span>&#8211; Die Ladezeit variiert je nach Standort, Temperatur, Wetter usw. Die tats\u00e4chliche Ladezeit kann abweichen.<\/span><\/p>\n<\/p>\n<p><span>\u2461Max. 23,5 % Wirkungsgrad:<\/span><\/p>\n<p><span>&#8211; Das monokristalline 100-Watt-Solarmodul von Flashfish bietet einen hohen Wirkungsgrad von bis zu 23 %.<\/span><\/p>\n<p><span>&#8211; Bei schlechten Lichtverh\u00e4ltnissen liefert es eine bessere Leistung als vergleichbare polykristalline Solarmodule.<\/span><\/p>\n<\/p>\n<p><span>\u2462Auto, Wohnmobil, Camping, Reisen<\/span><\/p>\n<p><span>Nehmen Sie das leichte, tragbare Solarmodul mit zum Camping, auf Reisen, auf H\u00fcttenausfl\u00fcge, ins Gel\u00e4nde, auf Ausfl\u00fcge oder \u00fcberall dort, wo Sie Strom ben\u00f6tigen.<\/span><\/p>\n<\/p>\n<p>[ 11-in-1 Hochleistungs-Solarstation mit 100W Faltpanel ] FLASHFISH Tragbare Powerstation mit 560W Dauerleistung (1100W Surge) und 11 Anschl\u00fcssen: 2x 230V AC-Steckdosen, 4x DC-Outputs, 3x USB + 1x USB-C. Ideal f\u00fcr Elektrogrill, Kaffeemaschine und Outdoor-Ger\u00e4te bei Camping, Wohnmobil oder Partys.<br \/>\n[ 520Wh Mobiler Stromspeicher mit Solaraufladung ] Leistungsstarker Solar Generator Akku (140400 mAh) versorgt Ger\u00e4te bis 18h. Kombinierbar mit 100W faltbarem Solarpanel f\u00fcr autarke Energie bei Stromausf\u00e4llen oder Outdoor-Abenteuern.<br \/>\n[ Multifunktionales 100W Solarpanel-Set ] 3 Ausg\u00e4nge (65W USB-C + 18W USB-A + DC) laden Powerbank und Ger\u00e4te parallel. Mit integriertem St\u00e4nder f\u00fcr schnelle Installation auf jedem Untergrund &#8211; perfekte mobile Stromversorgung f\u00fcr Digitalkameras, GPS und Tablets.<br \/>\n[ Professionelle Sicherheitstechnik ] BMS-Schutzsystem mit Reset-Knopf verhindert \u00dcberhitzung, Kurzschluss und Tiefentladung. Umweltfreundliche Alternative zu Gasgeneratoren &#8211; leiser Betrieb ohne Emissionen.<br \/>\n[ Kompaktes Allround-Paket f\u00fcr Unterwegs ] Inklusive Autoanschluss und faltbarem Solarpanel. Der ideale Notstromaggregat-Akku f\u00fcr Campingbatterien, Wohnmobile und mobile Arbeitsger\u00e4te mit 230V-Steckdose.<br \/>\n<div class=\"main-cross-sell\" data-asin=\"B0FNMNNP9G\">\n\n\t<div class=\"WooZone-cross-sell-loader\">\n\t\t<div>\n\t\t\t<div id=\"floatingBarsG\">\n\t\t\t\t<div class=\"blockG\" id=\"rotateG_01\"><\/div>\n\t\t\t\t<div class=\"blockG\" id=\"rotateG_02\"><\/div>\n\t\t\t\t<div class=\"blockG\" id=\"rotateG_03\"><\/div>\n\t\t\t\t<div class=\"blockG\" id=\"rotateG_04\"><\/div>\n\t\t\t\t<div class=\"blockG\" id=\"rotateG_05\"><\/div>\n\t\t\t\t<div class=\"blockG\" id=\"rotateG_06\"><\/div>\n\t\t\t\t<div class=\"blockG\" id=\"rotateG_07\"><\/div>\n\t\t\t\t<div class=\"blockG\" id=\"rotateG_08\"><\/div>\n\t\t\t<\/div>\n\t\t\t<div class=\"WooZone-cross-sell-loader-text\"><\/div>\n\t\t<\/div>\n\t<\/div>\n\n\t\t\n<\/div>\n<div style=\"clear:both;\"><\/div>\n","protected":false},"excerpt":{"rendered":"<p>[ 11-in-1 Hochleistungs-Solarstation mit 100W Faltpanel ] FLASHFISH Tragbare Powerstation mit 560W Dauerleistung (1100W Surge) und 11 Anschl\u00fcssen: 2x 230V AC-Steckdosen, 4x DC-Outputs, 3x USB + 1x USB-C. Ideal f\u00fcr Elektrogrill, Kaffeemaschine und Outdoor-Ger\u00e4te bei Camping, Wohnmobil oder Partys.<br \/>\n[ 520Wh Mobiler Stromspeicher mit Solaraufladung ] Leistungsstarker Solar Generator Akku (140400 mAh) versorgt Ger\u00e4te bis 18h. Kombinierbar mit 100W faltbarem Solarpanel f\u00fcr autarke Energie bei Stromausf\u00e4llen oder Outdoor-Abenteuern.<br \/>\n[ Multifunktionales 100W Solarpanel-Set ] 3 Ausg\u00e4nge (65W USB-C + 18W USB-A + DC) laden Powerbank und Ger\u00e4te parallel. Mit integriertem St\u00e4nder f\u00fcr schnelle Installation auf jedem Untergrund &#8211; perfekte mobile Stromversorgung f\u00fcr Digitalkameras, GPS und Tablets.<\/p>\n","protected":false},"featured_media":10982,"comment_status":"open","ping_status":"closed","template":"","meta":{"_acf_changed":false},"product_brand":[],"product_cat":[256,258],"product_tag":[],"class_list":{"0":"post-10981","1":"product","2":"type-product","3":"status-publish","4":"has-post-thumbnail","6":"product_cat-beleuchtung","7":"product_cat-solargeneratoren","9":"first","10":"instock","11":"shipping-taxable","12":"product-type-external"},"acf":[],"yoast_head":"<!-- This site is optimized with the Yoast SEO plugin v27.3 - https:\/\/yoast.com\/product\/yoast-seo-wordpress\/ -->\n<title>FLASHFISH 520Wh Tragbare Powerstation mit Solarpanel 100W, Solar Generator mit 2x 230V\/560W(Surge1100W) Steckdose,5x DC Output und 4xUSB Outputs,Notstromaggregat Akku f\u00fcr Camping, Party, Wohnmobil - Notfallvorsorge - Krisenvorsorge<\/title>\n<meta name=\"robots\" content=\"index, follow, max-snippet:-1, max-image-preview:large, max-video-preview:-1\" \/>\n<link rel=\"canonical\" href=\"https:\/\/www.ralti.de\/?product=flashfish-520wh-tragbare-powerstation-mit-solarpanel-100w-solar-generator-mit-2x-230v-560wsurge1100w-steckdose5x-dc-output-und-4xusb-outputsnotstromaggregat-akku-fur-camping-party-wohnmobil\" \/>\n<meta property=\"og:locale\" content=\"de_DE\" \/>\n<meta property=\"og:type\" content=\"article\" \/>\n<meta property=\"og:title\" content=\"FLASHFISH 520Wh Tragbare Powerstation mit Solarpanel 100W, Solar Generator mit 2x 230V\/560W(Surge1100W) Steckdose,5x DC Output und 4xUSB Outputs,Notstromaggregat Akku f\u00fcr Camping, Party, Wohnmobil - Notfallvorsorge - Krisenvorsorge\" \/>\n<meta property=\"og:description\" content=\"[ 11-in-1 Hochleistungs-Solarstation mit 100W Faltpanel ] FLASHFISH Tragbare Powerstation mit 560W Dauerleistung (1100W Surge) und 11 Anschl\u00fcssen: 2x 230V AC-Steckdosen, 4x DC-Outputs, 3x USB + 1x USB-C. Ideal f\u00fcr Elektrogrill, Kaffeemaschine und Outdoor-Ger\u00e4te bei Camping, Wohnmobil oder Partys. [ 520Wh Mobiler Stromspeicher mit Solaraufladung ] Leistungsstarker Solar Generator Akku (140400 mAh) versorgt Ger\u00e4te bis 18h. Kombinierbar mit 100W faltbarem Solarpanel f\u00fcr autarke Energie bei Stromausf\u00e4llen oder Outdoor-Abenteuern. [ Multifunktionales 100W Solarpanel-Set ] 3 Ausg\u00e4nge (65W USB-C + 18W USB-A + DC) laden Powerbank und Ger\u00e4te parallel. Mit integriertem St\u00e4nder f\u00fcr schnelle Installation auf jedem Untergrund - perfekte mobile Stromversorgung f\u00fcr Digitalkameras, GPS und Tablets.\" \/>\n<meta property=\"og:url\" content=\"https:\/\/www.ralti.de\/?product=flashfish-520wh-tragbare-powerstation-mit-solarpanel-100w-solar-generator-mit-2x-230v-560wsurge1100w-steckdose5x-dc-output-und-4xusb-outputsnotstromaggregat-akku-fur-camping-party-wohnmobil\" \/>\n<meta property=\"og:site_name\" content=\"Notfallvorsorge - Krisenvorsorge\" \/>\n<meta property=\"og:image\" content=\"https:\/\/m.media-amazon.com\/images\/I\/51+facRHU8L.jpg\" \/>\n\t<meta property=\"og:image:width\" content=\"500\" \/>\n\t<meta property=\"og:image:height\" content=\"500\" \/>\n\t<meta property=\"og:image:type\" content=\"image\/jpeg\" \/>\n<meta name=\"twitter:card\" content=\"summary_large_image\" \/>\n<meta name=\"twitter:label1\" content=\"Gesch\u00e4tzte Lesezeit\" \/>\n\t<meta name=\"twitter:data1\" content=\"2\u00a0Minuten\" \/>\n<script type=\"application\/ld+json\" class=\"yoast-schema-graph\">{\"@context\":\"https:\\\/\\\/schema.org\",\"@graph\":[{\"@type\":\"WebPage\",\"@id\":\"https:\\\/\\\/www.ralti.de\\\/?product=flashfish-520wh-tragbare-powerstation-mit-solarpanel-100w-solar-generator-mit-2x-230v-560wsurge1100w-steckdose5x-dc-output-und-4xusb-outputsnotstromaggregat-akku-fur-camping-party-wohnmobil\",\"url\":\"https:\\\/\\\/www.ralti.de\\\/?product=flashfish-520wh-tragbare-powerstation-mit-solarpanel-100w-solar-generator-mit-2x-230v-560wsurge1100w-steckdose5x-dc-output-und-4xusb-outputsnotstromaggregat-akku-fur-camping-party-wohnmobil\",\"name\":\"FLASHFISH 520Wh Tragbare Powerstation mit Solarpanel 100W, Solar Generator mit 2x 230V\\\/560W(Surge1100W) Steckdose,5x DC Output und 4xUSB Outputs,Notstromaggregat Akku f\u00fcr Camping, Party, Wohnmobil - Notfallvorsorge - Krisenvorsorge\",\"isPartOf\":{\"@id\":\"https:\\\/\\\/www.ralti.de\\\/#website\"},\"primaryImageOfPage\":{\"@id\":\"https:\\\/\\\/www.ralti.de\\\/?product=flashfish-520wh-tragbare-powerstation-mit-solarpanel-100w-solar-generator-mit-2x-230v-560wsurge1100w-steckdose5x-dc-output-und-4xusb-outputsnotstromaggregat-akku-fur-camping-party-wohnmobil#primaryimage\"},\"image\":{\"@id\":\"https:\\\/\\\/www.ralti.de\\\/?product=flashfish-520wh-tragbare-powerstation-mit-solarpanel-100w-solar-generator-mit-2x-230v-560wsurge1100w-steckdose5x-dc-output-und-4xusb-outputsnotstromaggregat-akku-fur-camping-party-wohnmobil#primaryimage\"},\"thumbnailUrl\":\"https:\\\/\\\/m.media-amazon.com\\\/images\\\/I\\\/51+facRHU8L.jpg\",\"datePublished\":\"2025-11-25T11:39:23+00:00\",\"breadcrumb\":{\"@id\":\"https:\\\/\\\/www.ralti.de\\\/?product=flashfish-520wh-tragbare-powerstation-mit-solarpanel-100w-solar-generator-mit-2x-230v-560wsurge1100w-steckdose5x-dc-output-und-4xusb-outputsnotstromaggregat-akku-fur-camping-party-wohnmobil#breadcrumb\"},\"inLanguage\":\"de\",\"potentialAction\":[{\"@type\":\"ReadAction\",\"target\":[\"https:\\\/\\\/www.ralti.de\\\/?product=flashfish-520wh-tragbare-powerstation-mit-solarpanel-100w-solar-generator-mit-2x-230v-560wsurge1100w-steckdose5x-dc-output-und-4xusb-outputsnotstromaggregat-akku-fur-camping-party-wohnmobil\"]}]},{\"@type\":\"ImageObject\",\"inLanguage\":\"de\",\"@id\":\"https:\\\/\\\/www.ralti.de\\\/?product=flashfish-520wh-tragbare-powerstation-mit-solarpanel-100w-solar-generator-mit-2x-230v-560wsurge1100w-steckdose5x-dc-output-und-4xusb-outputsnotstromaggregat-akku-fur-camping-party-wohnmobil#primaryimage\",\"url\":\"https:\\\/\\\/m.media-amazon.com\\\/images\\\/I\\\/51+facRHU8L.jpg\",\"contentUrl\":\"https:\\\/\\\/m.media-amazon.com\\\/images\\\/I\\\/51+facRHU8L.jpg\",\"width\":500,\"height\":500},{\"@type\":\"BreadcrumbList\",\"@id\":\"https:\\\/\\\/www.ralti.de\\\/?product=flashfish-520wh-tragbare-powerstation-mit-solarpanel-100w-solar-generator-mit-2x-230v-560wsurge1100w-steckdose5x-dc-output-und-4xusb-outputsnotstromaggregat-akku-fur-camping-party-wohnmobil#breadcrumb\",\"itemListElement\":[{\"@type\":\"ListItem\",\"position\":1,\"name\":\"Start\",\"item\":\"https:\\\/\\\/www.ralti.de\\\/\"},{\"@type\":\"ListItem\",\"position\":2,\"name\":\"Notfallartikel\",\"item\":\"https:\\\/\\\/www.ralti.de\\\/?page_id=14189\"},{\"@type\":\"ListItem\",\"position\":3,\"name\":\"FLASHFISH 520Wh Tragbare Powerstation mit Solarpanel 100W, Solar Generator mit 2x 230V\\\/560W(Surge1100W) Steckdose,5x DC Output und 4xUSB Outputs,Notstromaggregat Akku f\u00fcr Camping, Party, Wohnmobil\"}]},{\"@type\":\"WebSite\",\"@id\":\"https:\\\/\\\/www.ralti.de\\\/#website\",\"url\":\"https:\\\/\\\/www.ralti.de\\\/\",\"name\":\"Ralti.de\",\"description\":\"Hier viele gute Angebote\",\"publisher\":{\"@id\":\"https:\\\/\\\/www.ralti.de\\\/#organization\"},\"potentialAction\":[{\"@type\":\"SearchAction\",\"target\":{\"@type\":\"EntryPoint\",\"urlTemplate\":\"https:\\\/\\\/www.ralti.de\\\/?s={search_term_string}\"},\"query-input\":{\"@type\":\"PropertyValueSpecification\",\"valueRequired\":true,\"valueName\":\"search_term_string\"}}],\"inLanguage\":\"de\"},{\"@type\":\"Organization\",\"@id\":\"https:\\\/\\\/www.ralti.de\\\/#organization\",\"name\":\"Ralti.de\",\"url\":\"https:\\\/\\\/www.ralti.de\\\/\",\"logo\":{\"@type\":\"ImageObject\",\"inLanguage\":\"de\",\"@id\":\"https:\\\/\\\/www.ralti.de\\\/#\\\/schema\\\/logo\\\/image\\\/\",\"url\":\"https:\\\/\\\/www.ralti.de\\\/wp-content\\\/uploads\\\/2025\\\/11\\\/ralti.png\",\"contentUrl\":\"https:\\\/\\\/www.ralti.de\\\/wp-content\\\/uploads\\\/2025\\\/11\\\/ralti.png\",\"width\":240,\"height\":75,\"caption\":\"Ralti.de\"},\"image\":{\"@id\":\"https:\\\/\\\/www.ralti.de\\\/#\\\/schema\\\/logo\\\/image\\\/\"}}]}<\/script>\n<!-- \/ Yoast SEO plugin. -->","yoast_head_json":{"title":"FLASHFISH 520Wh Tragbare Powerstation mit Solarpanel 100W, Solar Generator mit 2x 230V\/560W(Surge1100W) Steckdose,5x DC Output und 4xUSB Outputs,Notstromaggregat Akku f\u00fcr Camping, Party, Wohnmobil - Notfallvorsorge - Krisenvorsorge","robots":{"index":"index","follow":"follow","max-snippet":"max-snippet:-1","max-image-preview":"max-image-preview:large","max-video-preview":"max-video-preview:-1"},"canonical":"https:\/\/www.ralti.de\/?product=flashfish-520wh-tragbare-powerstation-mit-solarpanel-100w-solar-generator-mit-2x-230v-560wsurge1100w-steckdose5x-dc-output-und-4xusb-outputsnotstromaggregat-akku-fur-camping-party-wohnmobil","og_locale":"de_DE","og_type":"article","og_title":"FLASHFISH 520Wh Tragbare Powerstation mit Solarpanel 100W, Solar Generator mit 2x 230V\/560W(Surge1100W) Steckdose,5x DC Output und 4xUSB Outputs,Notstromaggregat Akku f\u00fcr Camping, Party, Wohnmobil - Notfallvorsorge - Krisenvorsorge","og_description":"[ 11-in-1 Hochleistungs-Solarstation mit 100W Faltpanel ] FLASHFISH Tragbare Powerstation mit 560W Dauerleistung (1100W Surge) und 11 Anschl\u00fcssen: 2x 230V AC-Steckdosen, 4x DC-Outputs, 3x USB + 1x USB-C. Ideal f\u00fcr Elektrogrill, Kaffeemaschine und Outdoor-Ger\u00e4te bei Camping, Wohnmobil oder Partys. [ 520Wh Mobiler Stromspeicher mit Solaraufladung ] Leistungsstarker Solar Generator Akku (140400 mAh) versorgt Ger\u00e4te bis 18h. Kombinierbar mit 100W faltbarem Solarpanel f\u00fcr autarke Energie bei Stromausf\u00e4llen oder Outdoor-Abenteuern. [ Multifunktionales 100W Solarpanel-Set ] 3 Ausg\u00e4nge (65W USB-C + 18W USB-A + DC) laden Powerbank und Ger\u00e4te parallel. Mit integriertem St\u00e4nder f\u00fcr schnelle Installation auf jedem Untergrund - perfekte mobile Stromversorgung f\u00fcr Digitalkameras, GPS und Tablets.","og_url":"https:\/\/www.ralti.de\/?product=flashfish-520wh-tragbare-powerstation-mit-solarpanel-100w-solar-generator-mit-2x-230v-560wsurge1100w-steckdose5x-dc-output-und-4xusb-outputsnotstromaggregat-akku-fur-camping-party-wohnmobil","og_site_name":"Notfallvorsorge - Krisenvorsorge","og_image":[{"width":500,"height":500,"url":"https:\/\/m.media-amazon.com\/images\/I\/51+facRHU8L.jpg","type":"image\/jpeg"}],"twitter_card":"summary_large_image","twitter_misc":{"Gesch\u00e4tzte Lesezeit":"2\u00a0Minuten"},"schema":{"@context":"https:\/\/schema.org","@graph":[{"@type":"WebPage","@id":"https:\/\/www.ralti.de\/?product=flashfish-520wh-tragbare-powerstation-mit-solarpanel-100w-solar-generator-mit-2x-230v-560wsurge1100w-steckdose5x-dc-output-und-4xusb-outputsnotstromaggregat-akku-fur-camping-party-wohnmobil","url":"https:\/\/www.ralti.de\/?product=flashfish-520wh-tragbare-powerstation-mit-solarpanel-100w-solar-generator-mit-2x-230v-560wsurge1100w-steckdose5x-dc-output-und-4xusb-outputsnotstromaggregat-akku-fur-camping-party-wohnmobil","name":"FLASHFISH 520Wh Tragbare Powerstation mit Solarpanel 100W, Solar Generator mit 2x 230V\/560W(Surge1100W) Steckdose,5x DC Output und 4xUSB Outputs,Notstromaggregat Akku f\u00fcr Camping, Party, Wohnmobil - Notfallvorsorge - Krisenvorsorge","isPartOf":{"@id":"https:\/\/www.ralti.de\/#website"},"primaryImageOfPage":{"@id":"https:\/\/www.ralti.de\/?product=flashfish-520wh-tragbare-powerstation-mit-solarpanel-100w-solar-generator-mit-2x-230v-560wsurge1100w-steckdose5x-dc-output-und-4xusb-outputsnotstromaggregat-akku-fur-camping-party-wohnmobil#primaryimage"},"image":{"@id":"https:\/\/www.ralti.de\/?product=flashfish-520wh-tragbare-powerstation-mit-solarpanel-100w-solar-generator-mit-2x-230v-560wsurge1100w-steckdose5x-dc-output-und-4xusb-outputsnotstromaggregat-akku-fur-camping-party-wohnmobil#primaryimage"},"thumbnailUrl":"https:\/\/m.media-amazon.com\/images\/I\/51+facRHU8L.jpg","datePublished":"2025-11-25T11:39:23+00:00","breadcrumb":{"@id":"https:\/\/www.ralti.de\/?product=flashfish-520wh-tragbare-powerstation-mit-solarpanel-100w-solar-generator-mit-2x-230v-560wsurge1100w-steckdose5x-dc-output-und-4xusb-outputsnotstromaggregat-akku-fur-camping-party-wohnmobil#breadcrumb"},"inLanguage":"de","potentialAction":[{"@type":"ReadAction","target":["https:\/\/www.ralti.de\/?product=flashfish-520wh-tragbare-powerstation-mit-solarpanel-100w-solar-generator-mit-2x-230v-560wsurge1100w-steckdose5x-dc-output-und-4xusb-outputsnotstromaggregat-akku-fur-camping-party-wohnmobil"]}]},{"@type":"ImageObject","inLanguage":"de","@id":"https:\/\/www.ralti.de\/?product=flashfish-520wh-tragbare-powerstation-mit-solarpanel-100w-solar-generator-mit-2x-230v-560wsurge1100w-steckdose5x-dc-output-und-4xusb-outputsnotstromaggregat-akku-fur-camping-party-wohnmobil#primaryimage","url":"https:\/\/m.media-amazon.com\/images\/I\/51+facRHU8L.jpg","contentUrl":"https:\/\/m.media-amazon.com\/images\/I\/51+facRHU8L.jpg","width":500,"height":500},{"@type":"BreadcrumbList","@id":"https:\/\/www.ralti.de\/?product=flashfish-520wh-tragbare-powerstation-mit-solarpanel-100w-solar-generator-mit-2x-230v-560wsurge1100w-steckdose5x-dc-output-und-4xusb-outputsnotstromaggregat-akku-fur-camping-party-wohnmobil#breadcrumb","itemListElement":[{"@type":"ListItem","position":1,"name":"Start","item":"https:\/\/www.ralti.de\/"},{"@type":"ListItem","position":2,"name":"Notfallartikel","item":"https:\/\/www.ralti.de\/?page_id=14189"},{"@type":"ListItem","position":3,"name":"FLASHFISH 520Wh Tragbare Powerstation mit Solarpanel 100W, Solar Generator mit 2x 230V\/560W(Surge1100W) Steckdose,5x DC Output und 4xUSB Outputs,Notstromaggregat Akku f\u00fcr Camping, Party, Wohnmobil"}]},{"@type":"WebSite","@id":"https:\/\/www.ralti.de\/#website","url":"https:\/\/www.ralti.de\/","name":"Ralti.de","description":"Hier viele gute Angebote","publisher":{"@id":"https:\/\/www.ralti.de\/#organization"},"potentialAction":[{"@type":"SearchAction","target":{"@type":"EntryPoint","urlTemplate":"https:\/\/www.ralti.de\/?s={search_term_string}"},"query-input":{"@type":"PropertyValueSpecification","valueRequired":true,"valueName":"search_term_string"}}],"inLanguage":"de"},{"@type":"Organization","@id":"https:\/\/www.ralti.de\/#organization","name":"Ralti.de","url":"https:\/\/www.ralti.de\/","logo":{"@type":"ImageObject","inLanguage":"de","@id":"https:\/\/www.ralti.de\/#\/schema\/logo\/image\/","url":"https:\/\/www.ralti.de\/wp-content\/uploads\/2025\/11\/ralti.png","contentUrl":"https:\/\/www.ralti.de\/wp-content\/uploads\/2025\/11\/ralti.png","width":240,"height":75,"caption":"Ralti.de"},"image":{"@id":"https:\/\/www.ralti.de\/#\/schema\/logo\/image\/"}}]}},"_links":{"self":[{"href":"https:\/\/www.ralti.de\/index.php?rest_route=\/wp\/v2\/product\/10981","targetHints":{"allow":["GET"]}}],"collection":[{"href":"https:\/\/www.ralti.de\/index.php?rest_route=\/wp\/v2\/product"}],"about":[{"href":"https:\/\/www.ralti.de\/index.php?rest_route=\/wp\/v2\/types\/product"}],"replies":[{"embeddable":true,"href":"https:\/\/www.ralti.de\/index.php?rest_route=%2Fwp%2Fv2%2Fcomments&post=10981"}],"wp:featuredmedia":[{"embeddable":true,"href":"https:\/\/www.ralti.de\/index.php?rest_route=\/wp\/v2\/media\/10982"}],"wp:attachment":[{"href":"https:\/\/www.ralti.de\/index.php?rest_route=%2Fwp%2Fv2%2Fmedia&parent=10981"}],"wp:term":[{"taxonomy":"product_brand","embeddable":true,"href":"https:\/\/www.ralti.de\/index.php?rest_route=%2Fwp%2Fv2%2Fproduct_brand&post=10981"},{"taxonomy":"product_cat","embeddable":true,"href":"https:\/\/www.ralti.de\/index.php?rest_route=%2Fwp%2Fv2%2Fproduct_cat&post=10981"},{"taxonomy":"product_tag","embeddable":true,"href":"https:\/\/www.ralti.de\/index.php?rest_route=%2Fwp%2Fv2%2Fproduct_tag&post=10981"}],"curies":[{"name":"wp","href":"https:\/\/api.w.org\/{rel}","templated":true}]}}