{"id":11314,"date":"2025-11-25T11:40:59","date_gmt":"2025-11-25T11:40:59","guid":{"rendered":"https:\/\/www.ralti.de\/shop-2\/uncategorized\/enjoy-solar-200w-12v-monokristallines-solarmodul-perc-9bb-solarpanel-ideal-fur-wohnmobil-balkonanlage-gartenhause-boot\/"},"modified":"2025-11-25T11:40:59","modified_gmt":"2025-11-25T11:40:59","slug":"enjoy-solar-200w-12v-monokristallines-solarmodul-perc-9bb-solarpanel-ideal-fur-wohnmobil-balkonanlage-gartenhause-boot","status":"publish","type":"product","link":"https:\/\/www.ralti.de\/?product=enjoy-solar-200w-12v-monokristallines-solarmodul-perc-9bb-solarpanel-ideal-fur-wohnmobil-balkonanlage-gartenhause-boot","title":{"rendered":"enjoy solar\u00ae 200W 12V Monokristallines Solarmodul, PERC 9BB &#8211; Solarpanel ideal f\u00fcr Wohnmobil, Balkonanlage, Gartenh\u00e4use, Boot"},"content":{"rendered":"<p>[Highlights] Das Modul erreicht einen Zellwirkungsgrad von \u00fcber 22% dank modernster PERC-Technologie mit R\u00fcckseitenpassivierung. Diese erm\u00f6glicht eine effektivere Nutzung von rotem Sonnenlicht und steigert den Modulwirkungsgrad um bis zu 1 %. Besonders bei diffusem Licht \u2013 etwa morgens, abends oder bei Bew\u00f6lkung \u2013 liefert das Modul eine deutlich bessere Leistung. Silberne Rahmen und ein wei\u00dfes Backsheet sorgen f\u00fcr ein edles, modernes Erscheinungsbild \u2013 ganz ohne Hitzestau oder Leistungsverluste durch W\u00e4rmeentwicklung.<br \/>\n[Material] Oberfl\u00e4che aus geh\u00e4rtetem ESG-Solarglas mit wetterfester Beschichtung. Korrosionsbest\u00e4ndiger Aluminiumrahmen f\u00fcr den erweiterten Au\u00dfeneinsatz mit vorgebohrten Montagel\u00f6chern. Integrierte Bypass Diode \u2013 minimierter Leistungsabfall bei Beschattung.<br \/>\n[Technische Daten] Nennleistung (Pmax): 200W &#8212; max. Spannung (Vmp): 20,70V &#8212; Max. Strom (Imp): 9,67A &#8212; Leerlaufspannung (Voc): 24,30V &#8212; Kurzschlussstrom (Isc): 10,50A &#8212; Max. Netzspannung: 1000VDC &#8212; Betriebstemperatur.: -40\u00b0C bis +85\u00b0C &#8212; Abmessung: 1480*670*30mm &#8212; Nettogewicht: 10,9kg &#8212; Bypass Diode: 2 Stk &#8212; Schutzart: IP65<br \/>\n[Anwendung] On-Grid oder Off-Grid f\u00fcr \u00f6kologische H\u00e4user, H\u00fctten, Wohnwagen, Wohnmobile, Boote usw. f\u00fcr alle Bed\u00fcrfnisse rund um eine autarke und mobile Energieversorgung. Verringerte Installationsfl\u00e4che und Installationskosten.<br \/>\n[Zertifikate &#038; Garantie] T\u00dcV zertifiziert nach Normen IEC61215, IEC61730, Garantie von Plus Toleranz (+3%), Leistungsgarantie von 10 Jahren mit 90%er Leistung und von 25 Jahren mit 80%er Leistung.<br \/>\n<div class=\"main-cross-sell\" data-asin=\"B0BNNS3WKG\">\n\n\t<div class=\"WooZone-cross-sell-loader\">\n\t\t<div>\n\t\t\t<div id=\"floatingBarsG\">\n\t\t\t\t<div class=\"blockG\" id=\"rotateG_01\"><\/div>\n\t\t\t\t<div class=\"blockG\" id=\"rotateG_02\"><\/div>\n\t\t\t\t<div class=\"blockG\" id=\"rotateG_03\"><\/div>\n\t\t\t\t<div class=\"blockG\" id=\"rotateG_04\"><\/div>\n\t\t\t\t<div class=\"blockG\" id=\"rotateG_05\"><\/div>\n\t\t\t\t<div class=\"blockG\" id=\"rotateG_06\"><\/div>\n\t\t\t\t<div class=\"blockG\" id=\"rotateG_07\"><\/div>\n\t\t\t\t<div class=\"blockG\" id=\"rotateG_08\"><\/div>\n\t\t\t<\/div>\n\t\t\t<div class=\"WooZone-cross-sell-loader-text\"><\/div>\n\t\t<\/div>\n\t<\/div>\n\n\t\t\n<\/div>\n<div style=\"clear:both;\"><\/div>\n","protected":false},"excerpt":{"rendered":"<p>[Highlights] Das Modul erreicht einen Zellwirkungsgrad von \u00fcber 22% dank modernster PERC-Technologie mit R\u00fcckseitenpassivierung. Diese erm\u00f6glicht eine effektivere Nutzung von rotem Sonnenlicht und steigert den Modulwirkungsgrad um bis zu 1 %. Besonders bei diffusem Licht \u2013 etwa morgens, abends oder bei Bew\u00f6lkung \u2013 liefert das Modul eine deutlich bessere Leistung. Silberne Rahmen und ein wei\u00dfes Backsheet sorgen f\u00fcr ein edles, modernes Erscheinungsbild \u2013 ganz ohne Hitzestau oder Leistungsverluste durch W\u00e4rmeentwicklung.<br \/>\n[Material] Oberfl\u00e4che aus geh\u00e4rtetem ESG-Solarglas mit wetterfester Beschichtung. Korrosionsbest\u00e4ndiger Aluminiumrahmen f\u00fcr den erweiterten Au\u00dfeneinsatz mit vorgebohrten Montagel\u00f6chern. Integrierte Bypass Diode \u2013 minimierter Leistungsabfall bei Beschattung.<br \/>\n[Technische Daten] Nennleistung (Pmax): 200W &#8212; max. Spannung (Vmp): 20,70V &#8212; Max. Strom (Imp): 9,67A &#8212; Leerlaufspannung (Voc): 24,30V &#8212; Kurzschlussstrom (Isc): 10,50A &#8212; Max. Netzspannung: 1000VDC &#8212; Betriebstemperatur.: -40\u00b0C bis +85\u00b0C &#8212; Abmessung: 1480*670*30mm &#8212; Nettogewicht: 10,9kg &#8212; Bypass Diode: 2 Stk &#8212; Schutzart: IP65<\/p>\n","protected":false},"featured_media":11315,"comment_status":"open","ping_status":"closed","template":"","meta":{"_acf_changed":false},"product_brand":[],"product_cat":[256,257],"product_tag":[],"class_list":{"0":"post-11314","1":"product","2":"type-product","3":"status-publish","4":"has-post-thumbnail","6":"product_cat-beleuchtung","7":"product_cat-solarpaneele","9":"first","10":"instock","11":"sale","12":"shipping-taxable","13":"product-type-external"},"acf":[],"yoast_head":"<!-- This site is optimized with the Yoast SEO plugin v27.3 - https:\/\/yoast.com\/product\/yoast-seo-wordpress\/ -->\n<title>enjoy solar\u00ae 200W 12V Monokristallines Solarmodul, PERC 9BB - Solarpanel ideal f\u00fcr Wohnmobil, Balkonanlage, Gartenh\u00e4use, Boot - Notfallvorsorge - Krisenvorsorge<\/title>\n<meta name=\"robots\" content=\"index, follow, max-snippet:-1, max-image-preview:large, max-video-preview:-1\" \/>\n<link rel=\"canonical\" href=\"https:\/\/www.ralti.de\/?product=enjoy-solar-200w-12v-monokristallines-solarmodul-perc-9bb-solarpanel-ideal-fur-wohnmobil-balkonanlage-gartenhause-boot\" \/>\n<meta property=\"og:locale\" content=\"de_DE\" \/>\n<meta property=\"og:type\" content=\"article\" \/>\n<meta property=\"og:title\" content=\"enjoy solar\u00ae 200W 12V Monokristallines Solarmodul, PERC 9BB - Solarpanel ideal f\u00fcr Wohnmobil, Balkonanlage, Gartenh\u00e4use, Boot - Notfallvorsorge - Krisenvorsorge\" \/>\n<meta property=\"og:description\" content=\"[Highlights] Das Modul erreicht einen Zellwirkungsgrad von \u00fcber 22% dank modernster PERC-Technologie mit R\u00fcckseitenpassivierung. Diese erm\u00f6glicht eine effektivere Nutzung von rotem Sonnenlicht und steigert den Modulwirkungsgrad um bis zu 1 %. Besonders bei diffusem Licht \u2013 etwa morgens, abends oder bei Bew\u00f6lkung \u2013 liefert das Modul eine deutlich bessere Leistung. Silberne Rahmen und ein wei\u00dfes Backsheet sorgen f\u00fcr ein edles, modernes Erscheinungsbild \u2013 ganz ohne Hitzestau oder Leistungsverluste durch W\u00e4rmeentwicklung. [Material] Oberfl\u00e4che aus geh\u00e4rtetem ESG-Solarglas mit wetterfester Beschichtung. Korrosionsbest\u00e4ndiger Aluminiumrahmen f\u00fcr den erweiterten Au\u00dfeneinsatz mit vorgebohrten Montagel\u00f6chern. Integrierte Bypass Diode \u2013 minimierter Leistungsabfall bei Beschattung. [Technische Daten] Nennleistung (Pmax): 200W -- max. Spannung (Vmp): 20,70V -- Max. Strom (Imp): 9,67A -- Leerlaufspannung (Voc): 24,30V -- Kurzschlussstrom (Isc): 10,50A -- Max. Netzspannung: 1000VDC -- Betriebstemperatur.: -40\u00b0C bis +85\u00b0C -- Abmessung: 1480*670*30mm -- Nettogewicht: 10,9kg -- Bypass Diode: 2 Stk -- Schutzart: IP65\" \/>\n<meta property=\"og:url\" content=\"https:\/\/www.ralti.de\/?product=enjoy-solar-200w-12v-monokristallines-solarmodul-perc-9bb-solarpanel-ideal-fur-wohnmobil-balkonanlage-gartenhause-boot\" \/>\n<meta property=\"og:site_name\" content=\"Notfallvorsorge - Krisenvorsorge\" \/>\n<meta property=\"og:image\" content=\"https:\/\/m.media-amazon.com\/images\/I\/41Lf1hXbzWL.jpg\" \/>\n\t<meta property=\"og:image:width\" content=\"500\" \/>\n\t<meta property=\"og:image:height\" content=\"500\" \/>\n\t<meta property=\"og:image:type\" content=\"image\/jpeg\" \/>\n<meta name=\"twitter:card\" content=\"summary_large_image\" \/>\n<meta name=\"twitter:label1\" content=\"Gesch\u00e4tzte Lesezeit\" \/>\n\t<meta name=\"twitter:data1\" content=\"1\u00a0Minute\" \/>\n<script type=\"application\/ld+json\" class=\"yoast-schema-graph\">{\"@context\":\"https:\\\/\\\/schema.org\",\"@graph\":[{\"@type\":\"WebPage\",\"@id\":\"https:\\\/\\\/www.ralti.de\\\/?product=enjoy-solar-200w-12v-monokristallines-solarmodul-perc-9bb-solarpanel-ideal-fur-wohnmobil-balkonanlage-gartenhause-boot\",\"url\":\"https:\\\/\\\/www.ralti.de\\\/?product=enjoy-solar-200w-12v-monokristallines-solarmodul-perc-9bb-solarpanel-ideal-fur-wohnmobil-balkonanlage-gartenhause-boot\",\"name\":\"enjoy solar\u00ae 200W 12V Monokristallines Solarmodul, PERC 9BB - Solarpanel ideal f\u00fcr Wohnmobil, Balkonanlage, Gartenh\u00e4use, Boot - Notfallvorsorge - Krisenvorsorge\",\"isPartOf\":{\"@id\":\"https:\\\/\\\/www.ralti.de\\\/#website\"},\"primaryImageOfPage\":{\"@id\":\"https:\\\/\\\/www.ralti.de\\\/?product=enjoy-solar-200w-12v-monokristallines-solarmodul-perc-9bb-solarpanel-ideal-fur-wohnmobil-balkonanlage-gartenhause-boot#primaryimage\"},\"image\":{\"@id\":\"https:\\\/\\\/www.ralti.de\\\/?product=enjoy-solar-200w-12v-monokristallines-solarmodul-perc-9bb-solarpanel-ideal-fur-wohnmobil-balkonanlage-gartenhause-boot#primaryimage\"},\"thumbnailUrl\":\"https:\\\/\\\/m.media-amazon.com\\\/images\\\/I\\\/41Lf1hXbzWL.jpg\",\"datePublished\":\"2025-11-25T11:40:59+00:00\",\"breadcrumb\":{\"@id\":\"https:\\\/\\\/www.ralti.de\\\/?product=enjoy-solar-200w-12v-monokristallines-solarmodul-perc-9bb-solarpanel-ideal-fur-wohnmobil-balkonanlage-gartenhause-boot#breadcrumb\"},\"inLanguage\":\"de\",\"potentialAction\":[{\"@type\":\"ReadAction\",\"target\":[\"https:\\\/\\\/www.ralti.de\\\/?product=enjoy-solar-200w-12v-monokristallines-solarmodul-perc-9bb-solarpanel-ideal-fur-wohnmobil-balkonanlage-gartenhause-boot\"]}]},{\"@type\":\"ImageObject\",\"inLanguage\":\"de\",\"@id\":\"https:\\\/\\\/www.ralti.de\\\/?product=enjoy-solar-200w-12v-monokristallines-solarmodul-perc-9bb-solarpanel-ideal-fur-wohnmobil-balkonanlage-gartenhause-boot#primaryimage\",\"url\":\"https:\\\/\\\/m.media-amazon.com\\\/images\\\/I\\\/41Lf1hXbzWL.jpg\",\"contentUrl\":\"https:\\\/\\\/m.media-amazon.com\\\/images\\\/I\\\/41Lf1hXbzWL.jpg\",\"width\":500,\"height\":500},{\"@type\":\"BreadcrumbList\",\"@id\":\"https:\\\/\\\/www.ralti.de\\\/?product=enjoy-solar-200w-12v-monokristallines-solarmodul-perc-9bb-solarpanel-ideal-fur-wohnmobil-balkonanlage-gartenhause-boot#breadcrumb\",\"itemListElement\":[{\"@type\":\"ListItem\",\"position\":1,\"name\":\"Start\",\"item\":\"https:\\\/\\\/www.ralti.de\\\/\"},{\"@type\":\"ListItem\",\"position\":2,\"name\":\"Notfallartikel\",\"item\":\"https:\\\/\\\/www.ralti.de\\\/?page_id=14189\"},{\"@type\":\"ListItem\",\"position\":3,\"name\":\"enjoy solar\u00ae 200W 12V Monokristallines Solarmodul, PERC 9BB &#8211; Solarpanel ideal f\u00fcr Wohnmobil, Balkonanlage, Gartenh\u00e4use, Boot\"}]},{\"@type\":\"WebSite\",\"@id\":\"https:\\\/\\\/www.ralti.de\\\/#website\",\"url\":\"https:\\\/\\\/www.ralti.de\\\/\",\"name\":\"Ralti.de\",\"description\":\"Hier viele gute Angebote\",\"publisher\":{\"@id\":\"https:\\\/\\\/www.ralti.de\\\/#organization\"},\"potentialAction\":[{\"@type\":\"SearchAction\",\"target\":{\"@type\":\"EntryPoint\",\"urlTemplate\":\"https:\\\/\\\/www.ralti.de\\\/?s={search_term_string}\"},\"query-input\":{\"@type\":\"PropertyValueSpecification\",\"valueRequired\":true,\"valueName\":\"search_term_string\"}}],\"inLanguage\":\"de\"},{\"@type\":\"Organization\",\"@id\":\"https:\\\/\\\/www.ralti.de\\\/#organization\",\"name\":\"Ralti.de\",\"url\":\"https:\\\/\\\/www.ralti.de\\\/\",\"logo\":{\"@type\":\"ImageObject\",\"inLanguage\":\"de\",\"@id\":\"https:\\\/\\\/www.ralti.de\\\/#\\\/schema\\\/logo\\\/image\\\/\",\"url\":\"https:\\\/\\\/www.ralti.de\\\/wp-content\\\/uploads\\\/2025\\\/11\\\/ralti.png\",\"contentUrl\":\"https:\\\/\\\/www.ralti.de\\\/wp-content\\\/uploads\\\/2025\\\/11\\\/ralti.png\",\"width\":240,\"height\":75,\"caption\":\"Ralti.de\"},\"image\":{\"@id\":\"https:\\\/\\\/www.ralti.de\\\/#\\\/schema\\\/logo\\\/image\\\/\"}}]}<\/script>\n<!-- \/ Yoast SEO plugin. -->","yoast_head_json":{"title":"enjoy solar\u00ae 200W 12V Monokristallines Solarmodul, PERC 9BB - Solarpanel ideal f\u00fcr Wohnmobil, Balkonanlage, Gartenh\u00e4use, Boot - Notfallvorsorge - Krisenvorsorge","robots":{"index":"index","follow":"follow","max-snippet":"max-snippet:-1","max-image-preview":"max-image-preview:large","max-video-preview":"max-video-preview:-1"},"canonical":"https:\/\/www.ralti.de\/?product=enjoy-solar-200w-12v-monokristallines-solarmodul-perc-9bb-solarpanel-ideal-fur-wohnmobil-balkonanlage-gartenhause-boot","og_locale":"de_DE","og_type":"article","og_title":"enjoy solar\u00ae 200W 12V Monokristallines Solarmodul, PERC 9BB - Solarpanel ideal f\u00fcr Wohnmobil, Balkonanlage, Gartenh\u00e4use, Boot - Notfallvorsorge - Krisenvorsorge","og_description":"[Highlights] Das Modul erreicht einen Zellwirkungsgrad von \u00fcber 22% dank modernster PERC-Technologie mit R\u00fcckseitenpassivierung. Diese erm\u00f6glicht eine effektivere Nutzung von rotem Sonnenlicht und steigert den Modulwirkungsgrad um bis zu 1 %. Besonders bei diffusem Licht \u2013 etwa morgens, abends oder bei Bew\u00f6lkung \u2013 liefert das Modul eine deutlich bessere Leistung. Silberne Rahmen und ein wei\u00dfes Backsheet sorgen f\u00fcr ein edles, modernes Erscheinungsbild \u2013 ganz ohne Hitzestau oder Leistungsverluste durch W\u00e4rmeentwicklung. [Material] Oberfl\u00e4che aus geh\u00e4rtetem ESG-Solarglas mit wetterfester Beschichtung. Korrosionsbest\u00e4ndiger Aluminiumrahmen f\u00fcr den erweiterten Au\u00dfeneinsatz mit vorgebohrten Montagel\u00f6chern. Integrierte Bypass Diode \u2013 minimierter Leistungsabfall bei Beschattung. [Technische Daten] Nennleistung (Pmax): 200W -- max. Spannung (Vmp): 20,70V -- Max. Strom (Imp): 9,67A -- Leerlaufspannung (Voc): 24,30V -- Kurzschlussstrom (Isc): 10,50A -- Max. Netzspannung: 1000VDC -- Betriebstemperatur.: -40\u00b0C bis +85\u00b0C -- Abmessung: 1480*670*30mm -- Nettogewicht: 10,9kg -- Bypass Diode: 2 Stk -- Schutzart: IP65","og_url":"https:\/\/www.ralti.de\/?product=enjoy-solar-200w-12v-monokristallines-solarmodul-perc-9bb-solarpanel-ideal-fur-wohnmobil-balkonanlage-gartenhause-boot","og_site_name":"Notfallvorsorge - Krisenvorsorge","og_image":[{"width":500,"height":500,"url":"https:\/\/m.media-amazon.com\/images\/I\/41Lf1hXbzWL.jpg","type":"image\/jpeg"}],"twitter_card":"summary_large_image","twitter_misc":{"Gesch\u00e4tzte Lesezeit":"1\u00a0Minute"},"schema":{"@context":"https:\/\/schema.org","@graph":[{"@type":"WebPage","@id":"https:\/\/www.ralti.de\/?product=enjoy-solar-200w-12v-monokristallines-solarmodul-perc-9bb-solarpanel-ideal-fur-wohnmobil-balkonanlage-gartenhause-boot","url":"https:\/\/www.ralti.de\/?product=enjoy-solar-200w-12v-monokristallines-solarmodul-perc-9bb-solarpanel-ideal-fur-wohnmobil-balkonanlage-gartenhause-boot","name":"enjoy solar\u00ae 200W 12V Monokristallines Solarmodul, PERC 9BB - Solarpanel ideal f\u00fcr Wohnmobil, Balkonanlage, Gartenh\u00e4use, Boot - Notfallvorsorge - Krisenvorsorge","isPartOf":{"@id":"https:\/\/www.ralti.de\/#website"},"primaryImageOfPage":{"@id":"https:\/\/www.ralti.de\/?product=enjoy-solar-200w-12v-monokristallines-solarmodul-perc-9bb-solarpanel-ideal-fur-wohnmobil-balkonanlage-gartenhause-boot#primaryimage"},"image":{"@id":"https:\/\/www.ralti.de\/?product=enjoy-solar-200w-12v-monokristallines-solarmodul-perc-9bb-solarpanel-ideal-fur-wohnmobil-balkonanlage-gartenhause-boot#primaryimage"},"thumbnailUrl":"https:\/\/m.media-amazon.com\/images\/I\/41Lf1hXbzWL.jpg","datePublished":"2025-11-25T11:40:59+00:00","breadcrumb":{"@id":"https:\/\/www.ralti.de\/?product=enjoy-solar-200w-12v-monokristallines-solarmodul-perc-9bb-solarpanel-ideal-fur-wohnmobil-balkonanlage-gartenhause-boot#breadcrumb"},"inLanguage":"de","potentialAction":[{"@type":"ReadAction","target":["https:\/\/www.ralti.de\/?product=enjoy-solar-200w-12v-monokristallines-solarmodul-perc-9bb-solarpanel-ideal-fur-wohnmobil-balkonanlage-gartenhause-boot"]}]},{"@type":"ImageObject","inLanguage":"de","@id":"https:\/\/www.ralti.de\/?product=enjoy-solar-200w-12v-monokristallines-solarmodul-perc-9bb-solarpanel-ideal-fur-wohnmobil-balkonanlage-gartenhause-boot#primaryimage","url":"https:\/\/m.media-amazon.com\/images\/I\/41Lf1hXbzWL.jpg","contentUrl":"https:\/\/m.media-amazon.com\/images\/I\/41Lf1hXbzWL.jpg","width":500,"height":500},{"@type":"BreadcrumbList","@id":"https:\/\/www.ralti.de\/?product=enjoy-solar-200w-12v-monokristallines-solarmodul-perc-9bb-solarpanel-ideal-fur-wohnmobil-balkonanlage-gartenhause-boot#breadcrumb","itemListElement":[{"@type":"ListItem","position":1,"name":"Start","item":"https:\/\/www.ralti.de\/"},{"@type":"ListItem","position":2,"name":"Notfallartikel","item":"https:\/\/www.ralti.de\/?page_id=14189"},{"@type":"ListItem","position":3,"name":"enjoy solar\u00ae 200W 12V Monokristallines Solarmodul, PERC 9BB &#8211; Solarpanel ideal f\u00fcr Wohnmobil, Balkonanlage, Gartenh\u00e4use, Boot"}]},{"@type":"WebSite","@id":"https:\/\/www.ralti.de\/#website","url":"https:\/\/www.ralti.de\/","name":"Ralti.de","description":"Hier viele gute Angebote","publisher":{"@id":"https:\/\/www.ralti.de\/#organization"},"potentialAction":[{"@type":"SearchAction","target":{"@type":"EntryPoint","urlTemplate":"https:\/\/www.ralti.de\/?s={search_term_string}"},"query-input":{"@type":"PropertyValueSpecification","valueRequired":true,"valueName":"search_term_string"}}],"inLanguage":"de"},{"@type":"Organization","@id":"https:\/\/www.ralti.de\/#organization","name":"Ralti.de","url":"https:\/\/www.ralti.de\/","logo":{"@type":"ImageObject","inLanguage":"de","@id":"https:\/\/www.ralti.de\/#\/schema\/logo\/image\/","url":"https:\/\/www.ralti.de\/wp-content\/uploads\/2025\/11\/ralti.png","contentUrl":"https:\/\/www.ralti.de\/wp-content\/uploads\/2025\/11\/ralti.png","width":240,"height":75,"caption":"Ralti.de"},"image":{"@id":"https:\/\/www.ralti.de\/#\/schema\/logo\/image\/"}}]}},"_links":{"self":[{"href":"https:\/\/www.ralti.de\/index.php?rest_route=\/wp\/v2\/product\/11314","targetHints":{"allow":["GET"]}}],"collection":[{"href":"https:\/\/www.ralti.de\/index.php?rest_route=\/wp\/v2\/product"}],"about":[{"href":"https:\/\/www.ralti.de\/index.php?rest_route=\/wp\/v2\/types\/product"}],"replies":[{"embeddable":true,"href":"https:\/\/www.ralti.de\/index.php?rest_route=%2Fwp%2Fv2%2Fcomments&post=11314"}],"wp:featuredmedia":[{"embeddable":true,"href":"https:\/\/www.ralti.de\/index.php?rest_route=\/wp\/v2\/media\/11315"}],"wp:attachment":[{"href":"https:\/\/www.ralti.de\/index.php?rest_route=%2Fwp%2Fv2%2Fmedia&parent=11314"}],"wp:term":[{"taxonomy":"product_brand","embeddable":true,"href":"https:\/\/www.ralti.de\/index.php?rest_route=%2Fwp%2Fv2%2Fproduct_brand&post=11314"},{"taxonomy":"product_cat","embeddable":true,"href":"https:\/\/www.ralti.de\/index.php?rest_route=%2Fwp%2Fv2%2Fproduct_cat&post=11314"},{"taxonomy":"product_tag","embeddable":true,"href":"https:\/\/www.ralti.de\/index.php?rest_route=%2Fwp%2Fv2%2Fproduct_tag&post=11314"}],"curies":[{"name":"wp","href":"https:\/\/api.w.org\/{rel}","templated":true}]}}