{"id":11446,"date":"2025-11-25T11:41:51","date_gmt":"2025-11-25T11:41:51","guid":{"rendered":"https:\/\/www.ralti.de\/shop-2\/uncategorized\/camping-toilette-campingtoilette-faltbar-mobile-toilette-reisetoilette-klappbar-tragbare-toilette-fur-outdoor-mit-toilettenpapierhalter-und-telefonhalter-fur-wandern-camping-stau\/"},"modified":"2025-11-25T11:41:51","modified_gmt":"2025-11-25T11:41:51","slug":"camping-toilette-campingtoilette-faltbar-mobile-toilette-reisetoilette-klappbar-tragbare-toilette-fur-outdoor-mit-toilettenpapierhalter-und-telefonhalter-fur-wandern-camping-stau","status":"publish","type":"product","link":"https:\/\/www.ralti.de\/?product=camping-toilette-campingtoilette-faltbar-mobile-toilette-reisetoilette-klappbar-tragbare-toilette-fur-outdoor-mit-toilettenpapierhalter-und-telefonhalter-fur-wandern-camping-stau","title":{"rendered":"Camping-Toilette, Campingtoilette Faltbar, Mobile Toilette, Reisetoilette Klappbar, Tragbare Toilette f\u00fcr Outdoor mit Toilettenpapierhalter und Telefonhalter, F\u00fcr Wandern, Camping, Stau"},"content":{"rendered":"<p>Tragbare Faltbare Toilette: Mobile Toilette mit Deckel aus ABS-Kunststoff, wiegt 1,5 kg, faltgr\u00f6\u00dfe: 36.5cm*32cm*8cm, entfaltete Gr\u00f6\u00dfe: 32cm*34.5cm*32.5. Einfach zu \u00f6ffnen und einzurichten, bequem im Auto zu speichern, es lohnt sich f\u00fcr Camping, Reisen, Wandern, Angeln, Lange Reisen.<br \/>\nRobust und Komfortabel: Im Vergleich zum normalen runden Sitz ist unsere tragbare Toilette speziell mit einer ergonomischen Form und einem h\u00f6heren Sitz konzipiert, damit Sie sich w\u00e4hrend der Nutzung der Toilette komfortabler f\u00fchlen. Hergestellt aus hochwertigem ABS-Kunststoff, ist es waschbar und langlebiger, die Tragf\u00e4higkeit kann bis zu 200 Kilogramm erreichen.<br \/>\nGeeignet f\u00fcr Mehrere Gelegenheiten: Nicht nur eine Nottoilette, sondern auch ein M\u00fclleimer, Hocker, Aufbewahrung, Eimer zum Erbrechen, um Ihre unterschiedlichen Bed\u00fcrfnisse w\u00e4hrend der Outdoor-Aktivit\u00e4ten zu erf\u00fcllen. Ideal f\u00fcr Wandern, Reisen, Camping, Angeln, Rucksackreisen, lange Fahrten und mehr. Reagieren Sie jederzeit und \u00fcberall auf Notf\u00e4lle, insbesondere f\u00fcr schwangere Frauen, \u00e4ltere Menschen und Kinder. Keine Sorge um die Stabilit\u00e4t, die maximale Tragf\u00e4higkeit kann 400 + lbs erreichen.<br \/>\nEinzigartiges Handytafel und Toilettenpapierhalter: Dieser tragbare Toilette ist speziell mit einem Toilettenpapierhalter und einem Handytafel ausgestattet, gen\u00fcgend Platz f\u00fcr normale Handys und Papierrollen. Sehr praktisch f\u00fcr den Gebrauch zu Hause und im Freien.<br \/>\nPaket Enth\u00e4lt: Die tragbare Toilette umfasst 1 tragbare Toilettenschale mit Deckel, 1 x abnehmbare Handy-Schale und Papierhalter, 1 x Aufbewahrungstasche und 5 x M\u00fcllbeutel. Bitte auf einer stabilen und flachen Oberfl\u00e4che verwenden.<br \/>\n<div class=\"main-cross-sell\" data-asin=\"B0FG8GCLP8\">\n\n\t<div class=\"WooZone-cross-sell-loader\">\n\t\t<div>\n\t\t\t<div id=\"floatingBarsG\">\n\t\t\t\t<div class=\"blockG\" id=\"rotateG_01\"><\/div>\n\t\t\t\t<div class=\"blockG\" id=\"rotateG_02\"><\/div>\n\t\t\t\t<div class=\"blockG\" id=\"rotateG_03\"><\/div>\n\t\t\t\t<div class=\"blockG\" id=\"rotateG_04\"><\/div>\n\t\t\t\t<div class=\"blockG\" id=\"rotateG_05\"><\/div>\n\t\t\t\t<div class=\"blockG\" id=\"rotateG_06\"><\/div>\n\t\t\t\t<div class=\"blockG\" id=\"rotateG_07\"><\/div>\n\t\t\t\t<div class=\"blockG\" id=\"rotateG_08\"><\/div>\n\t\t\t<\/div>\n\t\t\t<div class=\"WooZone-cross-sell-loader-text\"><\/div>\n\t\t<\/div>\n\t<\/div>\n\n\t\t\n<\/div>\n<div style=\"clear:both;\"><\/div>\n","protected":false},"excerpt":{"rendered":"<p>Tragbare Faltbare Toilette: Mobile Toilette mit Deckel aus ABS-Kunststoff, wiegt 1,5 kg, faltgr\u00f6\u00dfe: 36.5cm*32cm*8cm, entfaltete Gr\u00f6\u00dfe: 32cm*34.5cm*32.5. Einfach zu \u00f6ffnen und einzurichten, bequem im Auto zu speichern, es lohnt sich f\u00fcr Camping, Reisen, Wandern, Angeln, Lange Reisen.<br \/>\nRobust und Komfortabel: Im Vergleich zum normalen runden Sitz ist unsere tragbare Toilette speziell mit einer ergonomischen Form und einem h\u00f6heren Sitz konzipiert, damit Sie sich w\u00e4hrend der Nutzung der Toilette komfortabler f\u00fchlen. Hergestellt aus hochwertigem ABS-Kunststoff, ist es waschbar und langlebiger, die Tragf\u00e4higkeit kann bis zu 200 Kilogramm erreichen.<br \/>\nGeeignet f\u00fcr Mehrere Gelegenheiten: Nicht nur eine Nottoilette, sondern auch ein M\u00fclleimer, Hocker, Aufbewahrung, Eimer zum Erbrechen, um Ihre unterschiedlichen Bed\u00fcrfnisse w\u00e4hrend der Outdoor-Aktivit\u00e4ten zu erf\u00fcllen. Ideal f\u00fcr Wandern, Reisen, Camping, Angeln, Rucksackreisen, lange Fahrten und mehr. Reagieren Sie jederzeit und \u00fcberall auf Notf\u00e4lle, insbesondere f\u00fcr schwangere Frauen, \u00e4ltere Menschen und Kinder. Keine Sorge um die Stabilit\u00e4t, die maximale Tragf\u00e4higkeit kann 400 + lbs erreichen.<\/p>\n","protected":false},"featured_media":11447,"comment_status":"open","ping_status":"closed","template":"","meta":{"_acf_changed":false},"product_brand":[],"product_cat":[255,251],"product_tag":[],"class_list":{"0":"post-11446","1":"product","2":"type-product","3":"status-publish","4":"has-post-thumbnail","6":"product_cat-komposttoiletten","7":"product_cat-netzunabhangig","9":"first","10":"instock","11":"shipping-taxable","12":"product-type-external"},"acf":[],"yoast_head":"<!-- This site is optimized with the Yoast SEO plugin v27.3 - https:\/\/yoast.com\/product\/yoast-seo-wordpress\/ -->\n<title>Camping-Toilette, Campingtoilette Faltbar, Mobile Toilette, Reisetoilette Klappbar, Tragbare Toilette f\u00fcr Outdoor mit Toilettenpapierhalter und Telefonhalter, F\u00fcr Wandern, Camping, Stau - Notfallvorsorge - Krisenvorsorge<\/title>\n<meta name=\"robots\" content=\"index, follow, max-snippet:-1, max-image-preview:large, max-video-preview:-1\" \/>\n<link rel=\"canonical\" href=\"https:\/\/www.ralti.de\/?product=camping-toilette-campingtoilette-faltbar-mobile-toilette-reisetoilette-klappbar-tragbare-toilette-fur-outdoor-mit-toilettenpapierhalter-und-telefonhalter-fur-wandern-camping-stau\" \/>\n<meta property=\"og:locale\" content=\"de_DE\" \/>\n<meta property=\"og:type\" content=\"article\" \/>\n<meta property=\"og:title\" content=\"Camping-Toilette, Campingtoilette Faltbar, Mobile Toilette, Reisetoilette Klappbar, Tragbare Toilette f\u00fcr Outdoor mit Toilettenpapierhalter und Telefonhalter, F\u00fcr Wandern, Camping, Stau - Notfallvorsorge - Krisenvorsorge\" \/>\n<meta property=\"og:description\" content=\"Tragbare Faltbare Toilette: Mobile Toilette mit Deckel aus ABS-Kunststoff, wiegt 1,5 kg, faltgr\u00f6\u00dfe: 36.5cm*32cm*8cm, entfaltete Gr\u00f6\u00dfe: 32cm*34.5cm*32.5. Einfach zu \u00f6ffnen und einzurichten, bequem im Auto zu speichern, es lohnt sich f\u00fcr Camping, Reisen, Wandern, Angeln, Lange Reisen. Robust und Komfortabel: Im Vergleich zum normalen runden Sitz ist unsere tragbare Toilette speziell mit einer ergonomischen Form und einem h\u00f6heren Sitz konzipiert, damit Sie sich w\u00e4hrend der Nutzung der Toilette komfortabler f\u00fchlen. Hergestellt aus hochwertigem ABS-Kunststoff, ist es waschbar und langlebiger, die Tragf\u00e4higkeit kann bis zu 200 Kilogramm erreichen. Geeignet f\u00fcr Mehrere Gelegenheiten: Nicht nur eine Nottoilette, sondern auch ein M\u00fclleimer, Hocker, Aufbewahrung, Eimer zum Erbrechen, um Ihre unterschiedlichen Bed\u00fcrfnisse w\u00e4hrend der Outdoor-Aktivit\u00e4ten zu erf\u00fcllen. Ideal f\u00fcr Wandern, Reisen, Camping, Angeln, Rucksackreisen, lange Fahrten und mehr. Reagieren Sie jederzeit und \u00fcberall auf Notf\u00e4lle, insbesondere f\u00fcr schwangere Frauen, \u00e4ltere Menschen und Kinder. Keine Sorge um die Stabilit\u00e4t, die maximale Tragf\u00e4higkeit kann 400 + lbs erreichen.\" \/>\n<meta property=\"og:url\" content=\"https:\/\/www.ralti.de\/?product=camping-toilette-campingtoilette-faltbar-mobile-toilette-reisetoilette-klappbar-tragbare-toilette-fur-outdoor-mit-toilettenpapierhalter-und-telefonhalter-fur-wandern-camping-stau\" \/>\n<meta property=\"og:site_name\" content=\"Notfallvorsorge - Krisenvorsorge\" \/>\n<meta property=\"og:image\" content=\"https:\/\/m.media-amazon.com\/images\/I\/41ORFdtDdrL.jpg\" \/>\n\t<meta property=\"og:image:width\" content=\"500\" \/>\n\t<meta property=\"og:image:height\" content=\"500\" \/>\n\t<meta property=\"og:image:type\" content=\"image\/jpeg\" \/>\n<meta name=\"twitter:card\" content=\"summary_large_image\" \/>\n<meta name=\"twitter:label1\" content=\"Gesch\u00e4tzte Lesezeit\" \/>\n\t<meta name=\"twitter:data1\" content=\"1\u00a0Minute\" \/>\n<script type=\"application\/ld+json\" class=\"yoast-schema-graph\">{\"@context\":\"https:\\\/\\\/schema.org\",\"@graph\":[{\"@type\":\"WebPage\",\"@id\":\"https:\\\/\\\/www.ralti.de\\\/?product=camping-toilette-campingtoilette-faltbar-mobile-toilette-reisetoilette-klappbar-tragbare-toilette-fur-outdoor-mit-toilettenpapierhalter-und-telefonhalter-fur-wandern-camping-stau\",\"url\":\"https:\\\/\\\/www.ralti.de\\\/?product=camping-toilette-campingtoilette-faltbar-mobile-toilette-reisetoilette-klappbar-tragbare-toilette-fur-outdoor-mit-toilettenpapierhalter-und-telefonhalter-fur-wandern-camping-stau\",\"name\":\"Camping-Toilette, Campingtoilette Faltbar, Mobile Toilette, Reisetoilette Klappbar, Tragbare Toilette f\u00fcr Outdoor mit Toilettenpapierhalter und Telefonhalter, F\u00fcr Wandern, Camping, Stau - Notfallvorsorge - Krisenvorsorge\",\"isPartOf\":{\"@id\":\"https:\\\/\\\/www.ralti.de\\\/#website\"},\"primaryImageOfPage\":{\"@id\":\"https:\\\/\\\/www.ralti.de\\\/?product=camping-toilette-campingtoilette-faltbar-mobile-toilette-reisetoilette-klappbar-tragbare-toilette-fur-outdoor-mit-toilettenpapierhalter-und-telefonhalter-fur-wandern-camping-stau#primaryimage\"},\"image\":{\"@id\":\"https:\\\/\\\/www.ralti.de\\\/?product=camping-toilette-campingtoilette-faltbar-mobile-toilette-reisetoilette-klappbar-tragbare-toilette-fur-outdoor-mit-toilettenpapierhalter-und-telefonhalter-fur-wandern-camping-stau#primaryimage\"},\"thumbnailUrl\":\"https:\\\/\\\/m.media-amazon.com\\\/images\\\/I\\\/41ORFdtDdrL.jpg\",\"datePublished\":\"2025-11-25T11:41:51+00:00\",\"breadcrumb\":{\"@id\":\"https:\\\/\\\/www.ralti.de\\\/?product=camping-toilette-campingtoilette-faltbar-mobile-toilette-reisetoilette-klappbar-tragbare-toilette-fur-outdoor-mit-toilettenpapierhalter-und-telefonhalter-fur-wandern-camping-stau#breadcrumb\"},\"inLanguage\":\"de\",\"potentialAction\":[{\"@type\":\"ReadAction\",\"target\":[\"https:\\\/\\\/www.ralti.de\\\/?product=camping-toilette-campingtoilette-faltbar-mobile-toilette-reisetoilette-klappbar-tragbare-toilette-fur-outdoor-mit-toilettenpapierhalter-und-telefonhalter-fur-wandern-camping-stau\"]}]},{\"@type\":\"ImageObject\",\"inLanguage\":\"de\",\"@id\":\"https:\\\/\\\/www.ralti.de\\\/?product=camping-toilette-campingtoilette-faltbar-mobile-toilette-reisetoilette-klappbar-tragbare-toilette-fur-outdoor-mit-toilettenpapierhalter-und-telefonhalter-fur-wandern-camping-stau#primaryimage\",\"url\":\"https:\\\/\\\/m.media-amazon.com\\\/images\\\/I\\\/41ORFdtDdrL.jpg\",\"contentUrl\":\"https:\\\/\\\/m.media-amazon.com\\\/images\\\/I\\\/41ORFdtDdrL.jpg\",\"width\":500,\"height\":500},{\"@type\":\"BreadcrumbList\",\"@id\":\"https:\\\/\\\/www.ralti.de\\\/?product=camping-toilette-campingtoilette-faltbar-mobile-toilette-reisetoilette-klappbar-tragbare-toilette-fur-outdoor-mit-toilettenpapierhalter-und-telefonhalter-fur-wandern-camping-stau#breadcrumb\",\"itemListElement\":[{\"@type\":\"ListItem\",\"position\":1,\"name\":\"Start\",\"item\":\"https:\\\/\\\/www.ralti.de\\\/\"},{\"@type\":\"ListItem\",\"position\":2,\"name\":\"Notfallartikel\",\"item\":\"https:\\\/\\\/www.ralti.de\\\/?page_id=14189\"},{\"@type\":\"ListItem\",\"position\":3,\"name\":\"Camping-Toilette, Campingtoilette Faltbar, Mobile Toilette, Reisetoilette Klappbar, Tragbare Toilette f\u00fcr Outdoor mit Toilettenpapierhalter und Telefonhalter, F\u00fcr Wandern, Camping, Stau\"}]},{\"@type\":\"WebSite\",\"@id\":\"https:\\\/\\\/www.ralti.de\\\/#website\",\"url\":\"https:\\\/\\\/www.ralti.de\\\/\",\"name\":\"Ralti.de\",\"description\":\"Hier viele gute Angebote\",\"publisher\":{\"@id\":\"https:\\\/\\\/www.ralti.de\\\/#organization\"},\"potentialAction\":[{\"@type\":\"SearchAction\",\"target\":{\"@type\":\"EntryPoint\",\"urlTemplate\":\"https:\\\/\\\/www.ralti.de\\\/?s={search_term_string}\"},\"query-input\":{\"@type\":\"PropertyValueSpecification\",\"valueRequired\":true,\"valueName\":\"search_term_string\"}}],\"inLanguage\":\"de\"},{\"@type\":\"Organization\",\"@id\":\"https:\\\/\\\/www.ralti.de\\\/#organization\",\"name\":\"Ralti.de\",\"url\":\"https:\\\/\\\/www.ralti.de\\\/\",\"logo\":{\"@type\":\"ImageObject\",\"inLanguage\":\"de\",\"@id\":\"https:\\\/\\\/www.ralti.de\\\/#\\\/schema\\\/logo\\\/image\\\/\",\"url\":\"https:\\\/\\\/www.ralti.de\\\/wp-content\\\/uploads\\\/2025\\\/11\\\/ralti.png\",\"contentUrl\":\"https:\\\/\\\/www.ralti.de\\\/wp-content\\\/uploads\\\/2025\\\/11\\\/ralti.png\",\"width\":240,\"height\":75,\"caption\":\"Ralti.de\"},\"image\":{\"@id\":\"https:\\\/\\\/www.ralti.de\\\/#\\\/schema\\\/logo\\\/image\\\/\"}}]}<\/script>\n<!-- \/ Yoast SEO plugin. -->","yoast_head_json":{"title":"Camping-Toilette, Campingtoilette Faltbar, Mobile Toilette, Reisetoilette Klappbar, Tragbare Toilette f\u00fcr Outdoor mit Toilettenpapierhalter und Telefonhalter, F\u00fcr Wandern, Camping, Stau - Notfallvorsorge - Krisenvorsorge","robots":{"index":"index","follow":"follow","max-snippet":"max-snippet:-1","max-image-preview":"max-image-preview:large","max-video-preview":"max-video-preview:-1"},"canonical":"https:\/\/www.ralti.de\/?product=camping-toilette-campingtoilette-faltbar-mobile-toilette-reisetoilette-klappbar-tragbare-toilette-fur-outdoor-mit-toilettenpapierhalter-und-telefonhalter-fur-wandern-camping-stau","og_locale":"de_DE","og_type":"article","og_title":"Camping-Toilette, Campingtoilette Faltbar, Mobile Toilette, Reisetoilette Klappbar, Tragbare Toilette f\u00fcr Outdoor mit Toilettenpapierhalter und Telefonhalter, F\u00fcr Wandern, Camping, Stau - Notfallvorsorge - Krisenvorsorge","og_description":"Tragbare Faltbare Toilette: Mobile Toilette mit Deckel aus ABS-Kunststoff, wiegt 1,5 kg, faltgr\u00f6\u00dfe: 36.5cm*32cm*8cm, entfaltete Gr\u00f6\u00dfe: 32cm*34.5cm*32.5. Einfach zu \u00f6ffnen und einzurichten, bequem im Auto zu speichern, es lohnt sich f\u00fcr Camping, Reisen, Wandern, Angeln, Lange Reisen. Robust und Komfortabel: Im Vergleich zum normalen runden Sitz ist unsere tragbare Toilette speziell mit einer ergonomischen Form und einem h\u00f6heren Sitz konzipiert, damit Sie sich w\u00e4hrend der Nutzung der Toilette komfortabler f\u00fchlen. Hergestellt aus hochwertigem ABS-Kunststoff, ist es waschbar und langlebiger, die Tragf\u00e4higkeit kann bis zu 200 Kilogramm erreichen. Geeignet f\u00fcr Mehrere Gelegenheiten: Nicht nur eine Nottoilette, sondern auch ein M\u00fclleimer, Hocker, Aufbewahrung, Eimer zum Erbrechen, um Ihre unterschiedlichen Bed\u00fcrfnisse w\u00e4hrend der Outdoor-Aktivit\u00e4ten zu erf\u00fcllen. Ideal f\u00fcr Wandern, Reisen, Camping, Angeln, Rucksackreisen, lange Fahrten und mehr. Reagieren Sie jederzeit und \u00fcberall auf Notf\u00e4lle, insbesondere f\u00fcr schwangere Frauen, \u00e4ltere Menschen und Kinder. Keine Sorge um die Stabilit\u00e4t, die maximale Tragf\u00e4higkeit kann 400 + lbs erreichen.","og_url":"https:\/\/www.ralti.de\/?product=camping-toilette-campingtoilette-faltbar-mobile-toilette-reisetoilette-klappbar-tragbare-toilette-fur-outdoor-mit-toilettenpapierhalter-und-telefonhalter-fur-wandern-camping-stau","og_site_name":"Notfallvorsorge - Krisenvorsorge","og_image":[{"width":500,"height":500,"url":"https:\/\/m.media-amazon.com\/images\/I\/41ORFdtDdrL.jpg","type":"image\/jpeg"}],"twitter_card":"summary_large_image","twitter_misc":{"Gesch\u00e4tzte Lesezeit":"1\u00a0Minute"},"schema":{"@context":"https:\/\/schema.org","@graph":[{"@type":"WebPage","@id":"https:\/\/www.ralti.de\/?product=camping-toilette-campingtoilette-faltbar-mobile-toilette-reisetoilette-klappbar-tragbare-toilette-fur-outdoor-mit-toilettenpapierhalter-und-telefonhalter-fur-wandern-camping-stau","url":"https:\/\/www.ralti.de\/?product=camping-toilette-campingtoilette-faltbar-mobile-toilette-reisetoilette-klappbar-tragbare-toilette-fur-outdoor-mit-toilettenpapierhalter-und-telefonhalter-fur-wandern-camping-stau","name":"Camping-Toilette, Campingtoilette Faltbar, Mobile Toilette, Reisetoilette Klappbar, Tragbare Toilette f\u00fcr Outdoor mit Toilettenpapierhalter und Telefonhalter, F\u00fcr Wandern, Camping, Stau - Notfallvorsorge - Krisenvorsorge","isPartOf":{"@id":"https:\/\/www.ralti.de\/#website"},"primaryImageOfPage":{"@id":"https:\/\/www.ralti.de\/?product=camping-toilette-campingtoilette-faltbar-mobile-toilette-reisetoilette-klappbar-tragbare-toilette-fur-outdoor-mit-toilettenpapierhalter-und-telefonhalter-fur-wandern-camping-stau#primaryimage"},"image":{"@id":"https:\/\/www.ralti.de\/?product=camping-toilette-campingtoilette-faltbar-mobile-toilette-reisetoilette-klappbar-tragbare-toilette-fur-outdoor-mit-toilettenpapierhalter-und-telefonhalter-fur-wandern-camping-stau#primaryimage"},"thumbnailUrl":"https:\/\/m.media-amazon.com\/images\/I\/41ORFdtDdrL.jpg","datePublished":"2025-11-25T11:41:51+00:00","breadcrumb":{"@id":"https:\/\/www.ralti.de\/?product=camping-toilette-campingtoilette-faltbar-mobile-toilette-reisetoilette-klappbar-tragbare-toilette-fur-outdoor-mit-toilettenpapierhalter-und-telefonhalter-fur-wandern-camping-stau#breadcrumb"},"inLanguage":"de","potentialAction":[{"@type":"ReadAction","target":["https:\/\/www.ralti.de\/?product=camping-toilette-campingtoilette-faltbar-mobile-toilette-reisetoilette-klappbar-tragbare-toilette-fur-outdoor-mit-toilettenpapierhalter-und-telefonhalter-fur-wandern-camping-stau"]}]},{"@type":"ImageObject","inLanguage":"de","@id":"https:\/\/www.ralti.de\/?product=camping-toilette-campingtoilette-faltbar-mobile-toilette-reisetoilette-klappbar-tragbare-toilette-fur-outdoor-mit-toilettenpapierhalter-und-telefonhalter-fur-wandern-camping-stau#primaryimage","url":"https:\/\/m.media-amazon.com\/images\/I\/41ORFdtDdrL.jpg","contentUrl":"https:\/\/m.media-amazon.com\/images\/I\/41ORFdtDdrL.jpg","width":500,"height":500},{"@type":"BreadcrumbList","@id":"https:\/\/www.ralti.de\/?product=camping-toilette-campingtoilette-faltbar-mobile-toilette-reisetoilette-klappbar-tragbare-toilette-fur-outdoor-mit-toilettenpapierhalter-und-telefonhalter-fur-wandern-camping-stau#breadcrumb","itemListElement":[{"@type":"ListItem","position":1,"name":"Start","item":"https:\/\/www.ralti.de\/"},{"@type":"ListItem","position":2,"name":"Notfallartikel","item":"https:\/\/www.ralti.de\/?page_id=14189"},{"@type":"ListItem","position":3,"name":"Camping-Toilette, Campingtoilette Faltbar, Mobile Toilette, Reisetoilette Klappbar, Tragbare Toilette f\u00fcr Outdoor mit Toilettenpapierhalter und Telefonhalter, F\u00fcr Wandern, Camping, Stau"}]},{"@type":"WebSite","@id":"https:\/\/www.ralti.de\/#website","url":"https:\/\/www.ralti.de\/","name":"Ralti.de","description":"Hier viele gute Angebote","publisher":{"@id":"https:\/\/www.ralti.de\/#organization"},"potentialAction":[{"@type":"SearchAction","target":{"@type":"EntryPoint","urlTemplate":"https:\/\/www.ralti.de\/?s={search_term_string}"},"query-input":{"@type":"PropertyValueSpecification","valueRequired":true,"valueName":"search_term_string"}}],"inLanguage":"de"},{"@type":"Organization","@id":"https:\/\/www.ralti.de\/#organization","name":"Ralti.de","url":"https:\/\/www.ralti.de\/","logo":{"@type":"ImageObject","inLanguage":"de","@id":"https:\/\/www.ralti.de\/#\/schema\/logo\/image\/","url":"https:\/\/www.ralti.de\/wp-content\/uploads\/2025\/11\/ralti.png","contentUrl":"https:\/\/www.ralti.de\/wp-content\/uploads\/2025\/11\/ralti.png","width":240,"height":75,"caption":"Ralti.de"},"image":{"@id":"https:\/\/www.ralti.de\/#\/schema\/logo\/image\/"}}]}},"_links":{"self":[{"href":"https:\/\/www.ralti.de\/index.php?rest_route=\/wp\/v2\/product\/11446","targetHints":{"allow":["GET"]}}],"collection":[{"href":"https:\/\/www.ralti.de\/index.php?rest_route=\/wp\/v2\/product"}],"about":[{"href":"https:\/\/www.ralti.de\/index.php?rest_route=\/wp\/v2\/types\/product"}],"replies":[{"embeddable":true,"href":"https:\/\/www.ralti.de\/index.php?rest_route=%2Fwp%2Fv2%2Fcomments&post=11446"}],"wp:featuredmedia":[{"embeddable":true,"href":"https:\/\/www.ralti.de\/index.php?rest_route=\/wp\/v2\/media\/11447"}],"wp:attachment":[{"href":"https:\/\/www.ralti.de\/index.php?rest_route=%2Fwp%2Fv2%2Fmedia&parent=11446"}],"wp:term":[{"taxonomy":"product_brand","embeddable":true,"href":"https:\/\/www.ralti.de\/index.php?rest_route=%2Fwp%2Fv2%2Fproduct_brand&post=11446"},{"taxonomy":"product_cat","embeddable":true,"href":"https:\/\/www.ralti.de\/index.php?rest_route=%2Fwp%2Fv2%2Fproduct_cat&post=11446"},{"taxonomy":"product_tag","embeddable":true,"href":"https:\/\/www.ralti.de\/index.php?rest_route=%2Fwp%2Fv2%2Fproduct_tag&post=11446"}],"curies":[{"name":"wp","href":"https:\/\/api.w.org\/{rel}","templated":true}]}}