{"id":11524,"date":"2025-11-25T11:42:08","date_gmt":"2025-11-25T11:42:08","guid":{"rendered":"https:\/\/www.ralti.de\/shop-2\/uncategorized\/trobolo-wandago-mobile-campingtoilette-kompakte-trockentrenntoilette-fur-unterwegs-31x38x34-hohenverstellbar-und-geruchlos-ohne-strom-wasser-chemie-trennto\/"},"modified":"2025-11-25T11:42:08","modified_gmt":"2025-11-25T11:42:08","slug":"trobolo-wandago-mobile-campingtoilette-kompakte-trockentrenntoilette-fur-unterwegs-31x38x34-hohenverstellbar-und-geruchlos-ohne-strom-wasser-chemie-trennto","status":"publish","type":"product","link":"https:\/\/www.ralti.de\/?product=trobolo-wandago-mobile-campingtoilette-kompakte-trockentrenntoilette-fur-unterwegs-31x38x34-hohenverstellbar-und-geruchlos-ohne-strom-wasser-chemie-trennto","title":{"rendered":"TROBOLO WandaGO \u2013 Mobile Campingtoilette \u2013 Kompakte Trockentrenntoilette f\u00fcr unterwegs [31x38x34] \u2013 H\u00f6henverstellbar und geruchlos ohne Strom, Wasser &#038; Chemie \u2013 Trenntoilette f\u00fcr Auto, Van &#038; Reisen"},"content":{"rendered":"<p>KOMPAKT &#038; LEICHT: Mit Ma\u00dfen von 31,4&#215;38,2&#215;34,1 cm (HTB) und einem Gewicht von nur 4,2 kg ist diese Trenntoilette ideal f\u00fcr den mobilen Einsatz geeignet und passt perfekt in die Stauf\u00e4cher vieler Campervans.<br \/>\nVERSTELLBAR &#038; ERGONOMISCH: Die Sitzh\u00f6he ist wahlweise auf 31 cm oder 44 cm einstellbar. Ein ergonomisch geformter Sitz sorgt f\u00fcr maximalen Komfort. Hohe getestete Traglast von 150 kg.<br \/>\nGERUCHSFREI &#038; AUSSCHWAPPSICHER: Dank sauberer Trennung von Feststoffen und Fl\u00fcssigkeiten ist die Nutzung vollkommen geruchsfrei \u2013 ohne Chemie, Wasser oder Strom. Das innovative TROBOLO SafeShell System bietet Schutz vor Ger\u00fcchen und Ausschwappen.<br \/>\nSICHER &#038; REISETAUGLICH: Eine der einzigen tragbaren Toiletten mit fest schlie\u00dfendem Toilettendeckel. Inklusive praktischem Befestigungssystem f\u00fcr sicheren Halt auf Reisen. Geferzigt aus robustem Kunststoff, um jeder Witterung zu trotzen.<br \/>\nEFFIZIENT &#038; HOHE KAPAZIT\u00c4T: Der Fl\u00fcssigkeitsbeh\u00e4lter bietet Kapazit\u00e4t f\u00fcr 10\u201320 Nutzungen, der Feststoffbeh\u00e4lter f\u00fcr 8\u201312 Nutzungen, bevor eine Entleerung erforderlich ist. Ein integrierter F\u00fcllstandsanzeiger am Fl\u00fcssigkeitsbeh\u00e4lter erleichtert dabei den \u00dcberblick.<br \/>\nEINFACH &#038; HYGIENISCH: Eine praktische Halterung f\u00fcr den Trenneinsatz im Deckel erm\u00f6glicht eine einfache und hygienische Reinigung. Die Nutzung von normalem Toilettenpapier ist problemlos m\u00f6glich.<br \/>\n<div class=\"main-cross-sell\" data-asin=\"B0D8R6ZHNX\">\n\n\t<div class=\"WooZone-cross-sell-loader\">\n\t\t<div>\n\t\t\t<div id=\"floatingBarsG\">\n\t\t\t\t<div class=\"blockG\" id=\"rotateG_01\"><\/div>\n\t\t\t\t<div class=\"blockG\" id=\"rotateG_02\"><\/div>\n\t\t\t\t<div class=\"blockG\" id=\"rotateG_03\"><\/div>\n\t\t\t\t<div class=\"blockG\" id=\"rotateG_04\"><\/div>\n\t\t\t\t<div class=\"blockG\" id=\"rotateG_05\"><\/div>\n\t\t\t\t<div class=\"blockG\" id=\"rotateG_06\"><\/div>\n\t\t\t\t<div class=\"blockG\" id=\"rotateG_07\"><\/div>\n\t\t\t\t<div class=\"blockG\" id=\"rotateG_08\"><\/div>\n\t\t\t<\/div>\n\t\t\t<div class=\"WooZone-cross-sell-loader-text\"><\/div>\n\t\t<\/div>\n\t<\/div>\n\n\t\t\n<\/div>\n<div style=\"clear:both;\"><\/div>\n","protected":false},"excerpt":{"rendered":"<p>KOMPAKT &#038; LEICHT: Mit Ma\u00dfen von 31,4&#215;38,2&#215;34,1 cm (HTB) und einem Gewicht von nur 4,2 kg ist diese Trenntoilette ideal f\u00fcr den mobilen Einsatz geeignet und passt perfekt in die Stauf\u00e4cher vieler Campervans.<br \/>\nVERSTELLBAR &#038; ERGONOMISCH: Die Sitzh\u00f6he ist wahlweise auf 31 cm oder 44 cm einstellbar. Ein ergonomisch geformter Sitz sorgt f\u00fcr maximalen Komfort. Hohe getestete Traglast von 150 kg.<br \/>\nGERUCHSFREI &#038; AUSSCHWAPPSICHER: Dank sauberer Trennung von Feststoffen und Fl\u00fcssigkeiten ist die Nutzung vollkommen geruchsfrei \u2013 ohne Chemie, Wasser oder Strom. Das innovative TROBOLO SafeShell System bietet Schutz vor Ger\u00fcchen und Ausschwappen.<\/p>\n","protected":false},"featured_media":11525,"comment_status":"open","ping_status":"closed","template":"","meta":{"_acf_changed":false},"product_brand":[],"product_cat":[255,251],"product_tag":[],"class_list":{"0":"post-11524","1":"product","2":"type-product","3":"status-publish","4":"has-post-thumbnail","6":"product_cat-komposttoiletten","7":"product_cat-netzunabhangig","9":"first","10":"instock","11":"shipping-taxable","12":"product-type-external"},"acf":[],"yoast_head":"<!-- This site is optimized with the Yoast SEO plugin v27.3 - https:\/\/yoast.com\/product\/yoast-seo-wordpress\/ -->\n<title>TROBOLO WandaGO \u2013 Mobile Campingtoilette \u2013 Kompakte Trockentrenntoilette f\u00fcr unterwegs [31x38x34] \u2013 H\u00f6henverstellbar und geruchlos ohne Strom, Wasser &amp; Chemie \u2013 Trenntoilette f\u00fcr Auto, Van &amp; Reisen - Notfallvorsorge - Krisenvorsorge<\/title>\n<meta name=\"robots\" content=\"index, follow, max-snippet:-1, max-image-preview:large, max-video-preview:-1\" \/>\n<link rel=\"canonical\" href=\"https:\/\/www.ralti.de\/?product=trobolo-wandago-mobile-campingtoilette-kompakte-trockentrenntoilette-fur-unterwegs-31x38x34-hohenverstellbar-und-geruchlos-ohne-strom-wasser-chemie-trennto\" \/>\n<meta property=\"og:locale\" content=\"de_DE\" \/>\n<meta property=\"og:type\" content=\"article\" \/>\n<meta property=\"og:title\" content=\"TROBOLO WandaGO \u2013 Mobile Campingtoilette \u2013 Kompakte Trockentrenntoilette f\u00fcr unterwegs [31x38x34] \u2013 H\u00f6henverstellbar und geruchlos ohne Strom, Wasser &amp; Chemie \u2013 Trenntoilette f\u00fcr Auto, Van &amp; Reisen - Notfallvorsorge - Krisenvorsorge\" \/>\n<meta property=\"og:description\" content=\"KOMPAKT &amp; LEICHT: Mit Ma\u00dfen von 31,4x38,2x34,1 cm (HTB) und einem Gewicht von nur 4,2 kg ist diese Trenntoilette ideal f\u00fcr den mobilen Einsatz geeignet und passt perfekt in die Stauf\u00e4cher vieler Campervans. VERSTELLBAR &amp; ERGONOMISCH: Die Sitzh\u00f6he ist wahlweise auf 31 cm oder 44 cm einstellbar. Ein ergonomisch geformter Sitz sorgt f\u00fcr maximalen Komfort. Hohe getestete Traglast von 150 kg. GERUCHSFREI &amp; AUSSCHWAPPSICHER: Dank sauberer Trennung von Feststoffen und Fl\u00fcssigkeiten ist die Nutzung vollkommen geruchsfrei \u2013 ohne Chemie, Wasser oder Strom. Das innovative TROBOLO SafeShell System bietet Schutz vor Ger\u00fcchen und Ausschwappen.\" \/>\n<meta property=\"og:url\" content=\"https:\/\/www.ralti.de\/?product=trobolo-wandago-mobile-campingtoilette-kompakte-trockentrenntoilette-fur-unterwegs-31x38x34-hohenverstellbar-und-geruchlos-ohne-strom-wasser-chemie-trennto\" \/>\n<meta property=\"og:site_name\" content=\"Notfallvorsorge - Krisenvorsorge\" \/>\n<meta property=\"og:image\" content=\"https:\/\/m.media-amazon.com\/images\/I\/31T1zPh-FbL.jpg\" \/>\n\t<meta property=\"og:image:width\" content=\"500\" \/>\n\t<meta property=\"og:image:height\" content=\"500\" \/>\n\t<meta property=\"og:image:type\" content=\"image\/jpeg\" \/>\n<meta name=\"twitter:card\" content=\"summary_large_image\" \/>\n<meta name=\"twitter:label1\" content=\"Gesch\u00e4tzte Lesezeit\" \/>\n\t<meta name=\"twitter:data1\" content=\"1\u00a0Minute\" \/>\n<script type=\"application\/ld+json\" class=\"yoast-schema-graph\">{\"@context\":\"https:\\\/\\\/schema.org\",\"@graph\":[{\"@type\":\"WebPage\",\"@id\":\"https:\\\/\\\/www.ralti.de\\\/?product=trobolo-wandago-mobile-campingtoilette-kompakte-trockentrenntoilette-fur-unterwegs-31x38x34-hohenverstellbar-und-geruchlos-ohne-strom-wasser-chemie-trennto\",\"url\":\"https:\\\/\\\/www.ralti.de\\\/?product=trobolo-wandago-mobile-campingtoilette-kompakte-trockentrenntoilette-fur-unterwegs-31x38x34-hohenverstellbar-und-geruchlos-ohne-strom-wasser-chemie-trennto\",\"name\":\"TROBOLO WandaGO \u2013 Mobile Campingtoilette \u2013 Kompakte Trockentrenntoilette f\u00fcr unterwegs [31x38x34] \u2013 H\u00f6henverstellbar und geruchlos ohne Strom, Wasser & Chemie \u2013 Trenntoilette f\u00fcr Auto, Van & Reisen - Notfallvorsorge - Krisenvorsorge\",\"isPartOf\":{\"@id\":\"https:\\\/\\\/www.ralti.de\\\/#website\"},\"primaryImageOfPage\":{\"@id\":\"https:\\\/\\\/www.ralti.de\\\/?product=trobolo-wandago-mobile-campingtoilette-kompakte-trockentrenntoilette-fur-unterwegs-31x38x34-hohenverstellbar-und-geruchlos-ohne-strom-wasser-chemie-trennto#primaryimage\"},\"image\":{\"@id\":\"https:\\\/\\\/www.ralti.de\\\/?product=trobolo-wandago-mobile-campingtoilette-kompakte-trockentrenntoilette-fur-unterwegs-31x38x34-hohenverstellbar-und-geruchlos-ohne-strom-wasser-chemie-trennto#primaryimage\"},\"thumbnailUrl\":\"https:\\\/\\\/m.media-amazon.com\\\/images\\\/I\\\/31T1zPh-FbL.jpg\",\"datePublished\":\"2025-11-25T11:42:08+00:00\",\"breadcrumb\":{\"@id\":\"https:\\\/\\\/www.ralti.de\\\/?product=trobolo-wandago-mobile-campingtoilette-kompakte-trockentrenntoilette-fur-unterwegs-31x38x34-hohenverstellbar-und-geruchlos-ohne-strom-wasser-chemie-trennto#breadcrumb\"},\"inLanguage\":\"de\",\"potentialAction\":[{\"@type\":\"ReadAction\",\"target\":[\"https:\\\/\\\/www.ralti.de\\\/?product=trobolo-wandago-mobile-campingtoilette-kompakte-trockentrenntoilette-fur-unterwegs-31x38x34-hohenverstellbar-und-geruchlos-ohne-strom-wasser-chemie-trennto\"]}]},{\"@type\":\"ImageObject\",\"inLanguage\":\"de\",\"@id\":\"https:\\\/\\\/www.ralti.de\\\/?product=trobolo-wandago-mobile-campingtoilette-kompakte-trockentrenntoilette-fur-unterwegs-31x38x34-hohenverstellbar-und-geruchlos-ohne-strom-wasser-chemie-trennto#primaryimage\",\"url\":\"https:\\\/\\\/m.media-amazon.com\\\/images\\\/I\\\/31T1zPh-FbL.jpg\",\"contentUrl\":\"https:\\\/\\\/m.media-amazon.com\\\/images\\\/I\\\/31T1zPh-FbL.jpg\",\"width\":500,\"height\":500},{\"@type\":\"BreadcrumbList\",\"@id\":\"https:\\\/\\\/www.ralti.de\\\/?product=trobolo-wandago-mobile-campingtoilette-kompakte-trockentrenntoilette-fur-unterwegs-31x38x34-hohenverstellbar-und-geruchlos-ohne-strom-wasser-chemie-trennto#breadcrumb\",\"itemListElement\":[{\"@type\":\"ListItem\",\"position\":1,\"name\":\"Start\",\"item\":\"https:\\\/\\\/www.ralti.de\\\/\"},{\"@type\":\"ListItem\",\"position\":2,\"name\":\"Notfallartikel\",\"item\":\"https:\\\/\\\/www.ralti.de\\\/?page_id=14189\"},{\"@type\":\"ListItem\",\"position\":3,\"name\":\"TROBOLO WandaGO \u2013 Mobile Campingtoilette \u2013 Kompakte Trockentrenntoilette f\u00fcr unterwegs [31x38x34] \u2013 H\u00f6henverstellbar und geruchlos ohne Strom, Wasser &#038; Chemie \u2013 Trenntoilette f\u00fcr Auto, Van &#038; Reisen\"}]},{\"@type\":\"WebSite\",\"@id\":\"https:\\\/\\\/www.ralti.de\\\/#website\",\"url\":\"https:\\\/\\\/www.ralti.de\\\/\",\"name\":\"Ralti.de\",\"description\":\"Hier viele gute Angebote\",\"publisher\":{\"@id\":\"https:\\\/\\\/www.ralti.de\\\/#organization\"},\"potentialAction\":[{\"@type\":\"SearchAction\",\"target\":{\"@type\":\"EntryPoint\",\"urlTemplate\":\"https:\\\/\\\/www.ralti.de\\\/?s={search_term_string}\"},\"query-input\":{\"@type\":\"PropertyValueSpecification\",\"valueRequired\":true,\"valueName\":\"search_term_string\"}}],\"inLanguage\":\"de\"},{\"@type\":\"Organization\",\"@id\":\"https:\\\/\\\/www.ralti.de\\\/#organization\",\"name\":\"Ralti.de\",\"url\":\"https:\\\/\\\/www.ralti.de\\\/\",\"logo\":{\"@type\":\"ImageObject\",\"inLanguage\":\"de\",\"@id\":\"https:\\\/\\\/www.ralti.de\\\/#\\\/schema\\\/logo\\\/image\\\/\",\"url\":\"https:\\\/\\\/www.ralti.de\\\/wp-content\\\/uploads\\\/2025\\\/11\\\/ralti.png\",\"contentUrl\":\"https:\\\/\\\/www.ralti.de\\\/wp-content\\\/uploads\\\/2025\\\/11\\\/ralti.png\",\"width\":240,\"height\":75,\"caption\":\"Ralti.de\"},\"image\":{\"@id\":\"https:\\\/\\\/www.ralti.de\\\/#\\\/schema\\\/logo\\\/image\\\/\"}}]}<\/script>\n<!-- \/ Yoast SEO plugin. -->","yoast_head_json":{"title":"TROBOLO WandaGO \u2013 Mobile Campingtoilette \u2013 Kompakte Trockentrenntoilette f\u00fcr unterwegs [31x38x34] \u2013 H\u00f6henverstellbar und geruchlos ohne Strom, Wasser & Chemie \u2013 Trenntoilette f\u00fcr Auto, Van & Reisen - Notfallvorsorge - Krisenvorsorge","robots":{"index":"index","follow":"follow","max-snippet":"max-snippet:-1","max-image-preview":"max-image-preview:large","max-video-preview":"max-video-preview:-1"},"canonical":"https:\/\/www.ralti.de\/?product=trobolo-wandago-mobile-campingtoilette-kompakte-trockentrenntoilette-fur-unterwegs-31x38x34-hohenverstellbar-und-geruchlos-ohne-strom-wasser-chemie-trennto","og_locale":"de_DE","og_type":"article","og_title":"TROBOLO WandaGO \u2013 Mobile Campingtoilette \u2013 Kompakte Trockentrenntoilette f\u00fcr unterwegs [31x38x34] \u2013 H\u00f6henverstellbar und geruchlos ohne Strom, Wasser & Chemie \u2013 Trenntoilette f\u00fcr Auto, Van & Reisen - Notfallvorsorge - Krisenvorsorge","og_description":"KOMPAKT & LEICHT: Mit Ma\u00dfen von 31,4x38,2x34,1 cm (HTB) und einem Gewicht von nur 4,2 kg ist diese Trenntoilette ideal f\u00fcr den mobilen Einsatz geeignet und passt perfekt in die Stauf\u00e4cher vieler Campervans. VERSTELLBAR & ERGONOMISCH: Die Sitzh\u00f6he ist wahlweise auf 31 cm oder 44 cm einstellbar. Ein ergonomisch geformter Sitz sorgt f\u00fcr maximalen Komfort. Hohe getestete Traglast von 150 kg. GERUCHSFREI & AUSSCHWAPPSICHER: Dank sauberer Trennung von Feststoffen und Fl\u00fcssigkeiten ist die Nutzung vollkommen geruchsfrei \u2013 ohne Chemie, Wasser oder Strom. Das innovative TROBOLO SafeShell System bietet Schutz vor Ger\u00fcchen und Ausschwappen.","og_url":"https:\/\/www.ralti.de\/?product=trobolo-wandago-mobile-campingtoilette-kompakte-trockentrenntoilette-fur-unterwegs-31x38x34-hohenverstellbar-und-geruchlos-ohne-strom-wasser-chemie-trennto","og_site_name":"Notfallvorsorge - Krisenvorsorge","og_image":[{"width":500,"height":500,"url":"https:\/\/m.media-amazon.com\/images\/I\/31T1zPh-FbL.jpg","type":"image\/jpeg"}],"twitter_card":"summary_large_image","twitter_misc":{"Gesch\u00e4tzte Lesezeit":"1\u00a0Minute"},"schema":{"@context":"https:\/\/schema.org","@graph":[{"@type":"WebPage","@id":"https:\/\/www.ralti.de\/?product=trobolo-wandago-mobile-campingtoilette-kompakte-trockentrenntoilette-fur-unterwegs-31x38x34-hohenverstellbar-und-geruchlos-ohne-strom-wasser-chemie-trennto","url":"https:\/\/www.ralti.de\/?product=trobolo-wandago-mobile-campingtoilette-kompakte-trockentrenntoilette-fur-unterwegs-31x38x34-hohenverstellbar-und-geruchlos-ohne-strom-wasser-chemie-trennto","name":"TROBOLO WandaGO \u2013 Mobile Campingtoilette \u2013 Kompakte Trockentrenntoilette f\u00fcr unterwegs [31x38x34] \u2013 H\u00f6henverstellbar und geruchlos ohne Strom, Wasser & Chemie \u2013 Trenntoilette f\u00fcr Auto, Van & Reisen - Notfallvorsorge - Krisenvorsorge","isPartOf":{"@id":"https:\/\/www.ralti.de\/#website"},"primaryImageOfPage":{"@id":"https:\/\/www.ralti.de\/?product=trobolo-wandago-mobile-campingtoilette-kompakte-trockentrenntoilette-fur-unterwegs-31x38x34-hohenverstellbar-und-geruchlos-ohne-strom-wasser-chemie-trennto#primaryimage"},"image":{"@id":"https:\/\/www.ralti.de\/?product=trobolo-wandago-mobile-campingtoilette-kompakte-trockentrenntoilette-fur-unterwegs-31x38x34-hohenverstellbar-und-geruchlos-ohne-strom-wasser-chemie-trennto#primaryimage"},"thumbnailUrl":"https:\/\/m.media-amazon.com\/images\/I\/31T1zPh-FbL.jpg","datePublished":"2025-11-25T11:42:08+00:00","breadcrumb":{"@id":"https:\/\/www.ralti.de\/?product=trobolo-wandago-mobile-campingtoilette-kompakte-trockentrenntoilette-fur-unterwegs-31x38x34-hohenverstellbar-und-geruchlos-ohne-strom-wasser-chemie-trennto#breadcrumb"},"inLanguage":"de","potentialAction":[{"@type":"ReadAction","target":["https:\/\/www.ralti.de\/?product=trobolo-wandago-mobile-campingtoilette-kompakte-trockentrenntoilette-fur-unterwegs-31x38x34-hohenverstellbar-und-geruchlos-ohne-strom-wasser-chemie-trennto"]}]},{"@type":"ImageObject","inLanguage":"de","@id":"https:\/\/www.ralti.de\/?product=trobolo-wandago-mobile-campingtoilette-kompakte-trockentrenntoilette-fur-unterwegs-31x38x34-hohenverstellbar-und-geruchlos-ohne-strom-wasser-chemie-trennto#primaryimage","url":"https:\/\/m.media-amazon.com\/images\/I\/31T1zPh-FbL.jpg","contentUrl":"https:\/\/m.media-amazon.com\/images\/I\/31T1zPh-FbL.jpg","width":500,"height":500},{"@type":"BreadcrumbList","@id":"https:\/\/www.ralti.de\/?product=trobolo-wandago-mobile-campingtoilette-kompakte-trockentrenntoilette-fur-unterwegs-31x38x34-hohenverstellbar-und-geruchlos-ohne-strom-wasser-chemie-trennto#breadcrumb","itemListElement":[{"@type":"ListItem","position":1,"name":"Start","item":"https:\/\/www.ralti.de\/"},{"@type":"ListItem","position":2,"name":"Notfallartikel","item":"https:\/\/www.ralti.de\/?page_id=14189"},{"@type":"ListItem","position":3,"name":"TROBOLO WandaGO \u2013 Mobile Campingtoilette \u2013 Kompakte Trockentrenntoilette f\u00fcr unterwegs [31x38x34] \u2013 H\u00f6henverstellbar und geruchlos ohne Strom, Wasser &#038; Chemie \u2013 Trenntoilette f\u00fcr Auto, Van &#038; Reisen"}]},{"@type":"WebSite","@id":"https:\/\/www.ralti.de\/#website","url":"https:\/\/www.ralti.de\/","name":"Ralti.de","description":"Hier viele gute Angebote","publisher":{"@id":"https:\/\/www.ralti.de\/#organization"},"potentialAction":[{"@type":"SearchAction","target":{"@type":"EntryPoint","urlTemplate":"https:\/\/www.ralti.de\/?s={search_term_string}"},"query-input":{"@type":"PropertyValueSpecification","valueRequired":true,"valueName":"search_term_string"}}],"inLanguage":"de"},{"@type":"Organization","@id":"https:\/\/www.ralti.de\/#organization","name":"Ralti.de","url":"https:\/\/www.ralti.de\/","logo":{"@type":"ImageObject","inLanguage":"de","@id":"https:\/\/www.ralti.de\/#\/schema\/logo\/image\/","url":"https:\/\/www.ralti.de\/wp-content\/uploads\/2025\/11\/ralti.png","contentUrl":"https:\/\/www.ralti.de\/wp-content\/uploads\/2025\/11\/ralti.png","width":240,"height":75,"caption":"Ralti.de"},"image":{"@id":"https:\/\/www.ralti.de\/#\/schema\/logo\/image\/"}}]}},"_links":{"self":[{"href":"https:\/\/www.ralti.de\/index.php?rest_route=\/wp\/v2\/product\/11524","targetHints":{"allow":["GET"]}}],"collection":[{"href":"https:\/\/www.ralti.de\/index.php?rest_route=\/wp\/v2\/product"}],"about":[{"href":"https:\/\/www.ralti.de\/index.php?rest_route=\/wp\/v2\/types\/product"}],"replies":[{"embeddable":true,"href":"https:\/\/www.ralti.de\/index.php?rest_route=%2Fwp%2Fv2%2Fcomments&post=11524"}],"wp:featuredmedia":[{"embeddable":true,"href":"https:\/\/www.ralti.de\/index.php?rest_route=\/wp\/v2\/media\/11525"}],"wp:attachment":[{"href":"https:\/\/www.ralti.de\/index.php?rest_route=%2Fwp%2Fv2%2Fmedia&parent=11524"}],"wp:term":[{"taxonomy":"product_brand","embeddable":true,"href":"https:\/\/www.ralti.de\/index.php?rest_route=%2Fwp%2Fv2%2Fproduct_brand&post=11524"},{"taxonomy":"product_cat","embeddable":true,"href":"https:\/\/www.ralti.de\/index.php?rest_route=%2Fwp%2Fv2%2Fproduct_cat&post=11524"},{"taxonomy":"product_tag","embeddable":true,"href":"https:\/\/www.ralti.de\/index.php?rest_route=%2Fwp%2Fv2%2Fproduct_tag&post=11524"}],"curies":[{"name":"wp","href":"https:\/\/api.w.org\/{rel}","templated":true}]}}