{"id":11947,"date":"2025-11-25T11:50:22","date_gmt":"2025-11-25T11:50:22","guid":{"rendered":"https:\/\/www.ralti.de\/shop-2\/uncategorized\/wireless-solar-powerbank-26800mah-mit-4-kabeln-power-bank-usb-c-15w-schnellladung-6-ausgange-3-eingange-fur-handy-tablets-outdoor-camping-solar-ladegerat-externer-akku-mit-taschenlampe\/"},"modified":"2025-11-25T11:50:22","modified_gmt":"2025-11-25T11:50:22","slug":"wireless-solar-powerbank-26800mah-mit-4-kabeln-power-bank-usb-c-15w-schnellladung-6-ausgange-3-eingange-fur-handy-tablets-outdoor-camping-solar-ladegerat-externer-akku-mit-taschenlampe","status":"publish","type":"product","link":"https:\/\/www.ralti.de\/?product=wireless-solar-powerbank-26800mah-mit-4-kabeln-power-bank-usb-c-15w-schnellladung-6-ausgange-3-eingange-fur-handy-tablets-outdoor-camping-solar-ladegerat-externer-akku-mit-taschenlampe","title":{"rendered":"Wireless Solar Powerbank 26800mAh mit 4 Kabeln, Power Bank USB-C 15W Schnellladung 6 Ausg\u00e4nge 3 Eing\u00e4nge f\u00fcr Handy Tablets, Outdoor Camping Solar Ladeger\u00e4t Externer Akku mit Taschenlampe"},"content":{"rendered":"<p>\u3010Integrierte 4 Ladekabel &#038; 3 Anschl\u00fcsse\u3011 Die Solar Powerbank verf\u00fcgt \u00fcber drei integrierte Ausgangskabel (USB-C\/iOS\/Micro USB) und ein Eingangskabel (USB), was Kabelgewirr vermeidet und es Ihnen erm\u00f6glicht, jederzeit und \u00fcberall zu laden. Sie verf\u00fcgt au\u00dferdem \u00fcber 3 integrierte Anschl\u00fcsse (USB-C Ausgang\/Eingang, iOS Eingang, USB Ausgang), die Ihnen mehrere Ladem\u00f6glichkeiten bieten, um Ihr Handy immer online zu halten.<br \/>\n\u3010Laden Sie 6 Ger\u00e4te gleichzeitig\u3011 Die Solar Powerbank kann bis zu 6 Ger\u00e4te gleichzeitig laden, sodass Sie die Bequemlichkeit des Ladens mit Freunden und Familie teilen und das Laden effizienter gestalten k\u00f6nnen.<br \/>\n\u3010Kabelloses Laden\u3011 Legen Sie Ihr Handy einfach auf den kabellosen Ladebereich der Solar Powerbank, um das Laden zu starten. Sie ist kompatibel mit allen QI-f\u00e4higen Ger\u00e4ten wie der iPhone 15\/14\/13\/12 Serie und der Samsung S23\/S22\/S21 Serie. Genie\u00dfen Sie die Bequemlichkeit des kabellosen Ladens!<br \/>\n\u301026800mAh Hohe Kapazit\u00e4t\u3011 Die Solar Powerbank verf\u00fcgt \u00fcber einen integrierten 26800mAh-Hochkapazit\u00e4tsakku, der mit iPhone, Samsung und mehr kompatibel ist und 4-5 Ladungen f\u00fcr Ihr Handy bietet genug, um Sie den ganzen Tag \u00fcber zu versorgen.<br \/>\n\u3010Schnellladen\u3011 Der USB-C Anschluss (Ein- und Ausgang) der Solar Powerbank bietet eine Ladegeschwindigkeit von 15W und l\u00e4dt den Akku Ihres Handys in nur 30 Minuten schnell auf 60% auf.<br \/>\n\u3010Robustes Outdoor Design\u3011 Die Solar Powerbank enth\u00e4lt zwei gro\u00dfe LED-Taschenlampen, die nachts Notbeleuchtung bieten. Mit wasserdichtem, staubdichtem und sto\u00dffestem Design ist sie perfekt f\u00fcr verschiedene raue Wetterbedingungen und Umgebungen geeignet und ein unverzichtbares Ausr\u00fcstungsst\u00fcck f\u00fcr Outdoor Abenteuer.<br \/>\n<div class=\"main-cross-sell\" data-asin=\"B0DF2GYVVP\">\n\n\t<div class=\"WooZone-cross-sell-loader\">\n\t\t<div>\n\t\t\t<div id=\"floatingBarsG\">\n\t\t\t\t<div class=\"blockG\" id=\"rotateG_01\"><\/div>\n\t\t\t\t<div class=\"blockG\" id=\"rotateG_02\"><\/div>\n\t\t\t\t<div class=\"blockG\" id=\"rotateG_03\"><\/div>\n\t\t\t\t<div class=\"blockG\" id=\"rotateG_04\"><\/div>\n\t\t\t\t<div class=\"blockG\" id=\"rotateG_05\"><\/div>\n\t\t\t\t<div class=\"blockG\" id=\"rotateG_06\"><\/div>\n\t\t\t\t<div class=\"blockG\" id=\"rotateG_07\"><\/div>\n\t\t\t\t<div class=\"blockG\" id=\"rotateG_08\"><\/div>\n\t\t\t<\/div>\n\t\t\t<div class=\"WooZone-cross-sell-loader-text\"><\/div>\n\t\t<\/div>\n\t<\/div>\n\n\t\t\n<\/div>\n<div style=\"clear:both;\"><\/div>\n","protected":false},"excerpt":{"rendered":"<p>\u3010Integrierte 4 Ladekabel &#038; 3 Anschl\u00fcsse\u3011 Die Solar Powerbank verf\u00fcgt \u00fcber drei integrierte Ausgangskabel (USB-C\/iOS\/Micro USB) und ein Eingangskabel (USB), was Kabelgewirr vermeidet und es Ihnen erm\u00f6glicht, jederzeit und \u00fcberall zu laden. Sie verf\u00fcgt au\u00dferdem \u00fcber 3 integrierte Anschl\u00fcsse (USB-C Ausgang\/Eingang, iOS Eingang, USB Ausgang), die Ihnen mehrere Ladem\u00f6glichkeiten bieten, um Ihr Handy immer online zu halten.<br \/>\n\u3010Laden Sie 6 Ger\u00e4te gleichzeitig\u3011 Die Solar Powerbank kann bis zu 6 Ger\u00e4te gleichzeitig laden, sodass Sie die Bequemlichkeit des Ladens mit Freunden und Familie teilen und das Laden effizienter gestalten k\u00f6nnen.<br \/>\n\u3010Kabelloses Laden\u3011 Legen Sie Ihr Handy einfach auf den kabellosen Ladebereich der Solar Powerbank, um das Laden zu starten. Sie ist kompatibel mit allen QI-f\u00e4higen Ger\u00e4ten wie der iPhone 15\/14\/13\/12 Serie und der Samsung S23\/S22\/S21 Serie. Genie\u00dfen Sie die Bequemlichkeit des kabellosen Ladens!<\/p>\n","protected":false},"featured_media":11948,"comment_status":"open","ping_status":"closed","template":"","meta":{"_acf_changed":false},"product_brand":[],"product_cat":[251,253],"product_tag":[],"class_list":{"0":"post-11947","1":"product","2":"type-product","3":"status-publish","4":"has-post-thumbnail","6":"product_cat-netzunabhangig","7":"product_cat-solar-und-windkraftsysteme","9":"first","10":"instock","11":"sale","12":"shipping-taxable","13":"product-type-external"},"acf":[],"yoast_head":"<!-- This site is optimized with the Yoast SEO plugin v27.3 - https:\/\/yoast.com\/product\/yoast-seo-wordpress\/ -->\n<title>Wireless Solar Powerbank 26800mAh mit 4 Kabeln, Power Bank USB-C 15W Schnellladung 6 Ausg\u00e4nge 3 Eing\u00e4nge f\u00fcr Handy Tablets, Outdoor Camping Solar Ladeger\u00e4t Externer Akku mit Taschenlampe - Notfallvorsorge - Krisenvorsorge<\/title>\n<meta name=\"robots\" content=\"index, follow, max-snippet:-1, max-image-preview:large, max-video-preview:-1\" \/>\n<link rel=\"canonical\" href=\"https:\/\/www.ralti.de\/?product=wireless-solar-powerbank-26800mah-mit-4-kabeln-power-bank-usb-c-15w-schnellladung-6-ausgange-3-eingange-fur-handy-tablets-outdoor-camping-solar-ladegerat-externer-akku-mit-taschenlampe\" \/>\n<meta property=\"og:locale\" content=\"de_DE\" \/>\n<meta property=\"og:type\" content=\"article\" \/>\n<meta property=\"og:title\" content=\"Wireless Solar Powerbank 26800mAh mit 4 Kabeln, Power Bank USB-C 15W Schnellladung 6 Ausg\u00e4nge 3 Eing\u00e4nge f\u00fcr Handy Tablets, Outdoor Camping Solar Ladeger\u00e4t Externer Akku mit Taschenlampe - Notfallvorsorge - Krisenvorsorge\" \/>\n<meta property=\"og:description\" content=\"\u3010Integrierte 4 Ladekabel &amp; 3 Anschl\u00fcsse\u3011 Die Solar Powerbank verf\u00fcgt \u00fcber drei integrierte Ausgangskabel (USB-C\/iOS\/Micro USB) und ein Eingangskabel (USB), was Kabelgewirr vermeidet und es Ihnen erm\u00f6glicht, jederzeit und \u00fcberall zu laden. Sie verf\u00fcgt au\u00dferdem \u00fcber 3 integrierte Anschl\u00fcsse (USB-C Ausgang\/Eingang, iOS Eingang, USB Ausgang), die Ihnen mehrere Ladem\u00f6glichkeiten bieten, um Ihr Handy immer online zu halten. \u3010Laden Sie 6 Ger\u00e4te gleichzeitig\u3011 Die Solar Powerbank kann bis zu 6 Ger\u00e4te gleichzeitig laden, sodass Sie die Bequemlichkeit des Ladens mit Freunden und Familie teilen und das Laden effizienter gestalten k\u00f6nnen. \u3010Kabelloses Laden\u3011 Legen Sie Ihr Handy einfach auf den kabellosen Ladebereich der Solar Powerbank, um das Laden zu starten. Sie ist kompatibel mit allen QI-f\u00e4higen Ger\u00e4ten wie der iPhone 15\/14\/13\/12 Serie und der Samsung S23\/S22\/S21 Serie. Genie\u00dfen Sie die Bequemlichkeit des kabellosen Ladens!\" \/>\n<meta property=\"og:url\" content=\"https:\/\/www.ralti.de\/?product=wireless-solar-powerbank-26800mah-mit-4-kabeln-power-bank-usb-c-15w-schnellladung-6-ausgange-3-eingange-fur-handy-tablets-outdoor-camping-solar-ladegerat-externer-akku-mit-taschenlampe\" \/>\n<meta property=\"og:site_name\" content=\"Notfallvorsorge - Krisenvorsorge\" \/>\n<meta property=\"og:image\" content=\"https:\/\/m.media-amazon.com\/images\/I\/51y4KtjzNNL.jpg\" \/>\n\t<meta property=\"og:image:width\" content=\"500\" \/>\n\t<meta property=\"og:image:height\" content=\"500\" \/>\n\t<meta property=\"og:image:type\" content=\"image\/jpeg\" \/>\n<meta name=\"twitter:card\" content=\"summary_large_image\" \/>\n<meta name=\"twitter:label1\" content=\"Gesch\u00e4tzte Lesezeit\" \/>\n\t<meta name=\"twitter:data1\" content=\"1\u00a0Minute\" \/>\n<script type=\"application\/ld+json\" class=\"yoast-schema-graph\">{\"@context\":\"https:\\\/\\\/schema.org\",\"@graph\":[{\"@type\":\"WebPage\",\"@id\":\"https:\\\/\\\/www.ralti.de\\\/?product=wireless-solar-powerbank-26800mah-mit-4-kabeln-power-bank-usb-c-15w-schnellladung-6-ausgange-3-eingange-fur-handy-tablets-outdoor-camping-solar-ladegerat-externer-akku-mit-taschenlampe\",\"url\":\"https:\\\/\\\/www.ralti.de\\\/?product=wireless-solar-powerbank-26800mah-mit-4-kabeln-power-bank-usb-c-15w-schnellladung-6-ausgange-3-eingange-fur-handy-tablets-outdoor-camping-solar-ladegerat-externer-akku-mit-taschenlampe\",\"name\":\"Wireless Solar Powerbank 26800mAh mit 4 Kabeln, Power Bank USB-C 15W Schnellladung 6 Ausg\u00e4nge 3 Eing\u00e4nge f\u00fcr Handy Tablets, Outdoor Camping Solar Ladeger\u00e4t Externer Akku mit Taschenlampe - Notfallvorsorge - Krisenvorsorge\",\"isPartOf\":{\"@id\":\"https:\\\/\\\/www.ralti.de\\\/#website\"},\"primaryImageOfPage\":{\"@id\":\"https:\\\/\\\/www.ralti.de\\\/?product=wireless-solar-powerbank-26800mah-mit-4-kabeln-power-bank-usb-c-15w-schnellladung-6-ausgange-3-eingange-fur-handy-tablets-outdoor-camping-solar-ladegerat-externer-akku-mit-taschenlampe#primaryimage\"},\"image\":{\"@id\":\"https:\\\/\\\/www.ralti.de\\\/?product=wireless-solar-powerbank-26800mah-mit-4-kabeln-power-bank-usb-c-15w-schnellladung-6-ausgange-3-eingange-fur-handy-tablets-outdoor-camping-solar-ladegerat-externer-akku-mit-taschenlampe#primaryimage\"},\"thumbnailUrl\":\"https:\\\/\\\/m.media-amazon.com\\\/images\\\/I\\\/51y4KtjzNNL.jpg\",\"datePublished\":\"2025-11-25T11:50:22+00:00\",\"breadcrumb\":{\"@id\":\"https:\\\/\\\/www.ralti.de\\\/?product=wireless-solar-powerbank-26800mah-mit-4-kabeln-power-bank-usb-c-15w-schnellladung-6-ausgange-3-eingange-fur-handy-tablets-outdoor-camping-solar-ladegerat-externer-akku-mit-taschenlampe#breadcrumb\"},\"inLanguage\":\"de\",\"potentialAction\":[{\"@type\":\"ReadAction\",\"target\":[\"https:\\\/\\\/www.ralti.de\\\/?product=wireless-solar-powerbank-26800mah-mit-4-kabeln-power-bank-usb-c-15w-schnellladung-6-ausgange-3-eingange-fur-handy-tablets-outdoor-camping-solar-ladegerat-externer-akku-mit-taschenlampe\"]}]},{\"@type\":\"ImageObject\",\"inLanguage\":\"de\",\"@id\":\"https:\\\/\\\/www.ralti.de\\\/?product=wireless-solar-powerbank-26800mah-mit-4-kabeln-power-bank-usb-c-15w-schnellladung-6-ausgange-3-eingange-fur-handy-tablets-outdoor-camping-solar-ladegerat-externer-akku-mit-taschenlampe#primaryimage\",\"url\":\"https:\\\/\\\/m.media-amazon.com\\\/images\\\/I\\\/51y4KtjzNNL.jpg\",\"contentUrl\":\"https:\\\/\\\/m.media-amazon.com\\\/images\\\/I\\\/51y4KtjzNNL.jpg\",\"width\":500,\"height\":500},{\"@type\":\"BreadcrumbList\",\"@id\":\"https:\\\/\\\/www.ralti.de\\\/?product=wireless-solar-powerbank-26800mah-mit-4-kabeln-power-bank-usb-c-15w-schnellladung-6-ausgange-3-eingange-fur-handy-tablets-outdoor-camping-solar-ladegerat-externer-akku-mit-taschenlampe#breadcrumb\",\"itemListElement\":[{\"@type\":\"ListItem\",\"position\":1,\"name\":\"Start\",\"item\":\"https:\\\/\\\/www.ralti.de\\\/\"},{\"@type\":\"ListItem\",\"position\":2,\"name\":\"Notfallartikel\",\"item\":\"https:\\\/\\\/www.ralti.de\\\/?page_id=14189\"},{\"@type\":\"ListItem\",\"position\":3,\"name\":\"Wireless Solar Powerbank 26800mAh mit 4 Kabeln, Power Bank USB-C 15W Schnellladung 6 Ausg\u00e4nge 3 Eing\u00e4nge f\u00fcr Handy Tablets, Outdoor Camping Solar Ladeger\u00e4t Externer Akku mit Taschenlampe\"}]},{\"@type\":\"WebSite\",\"@id\":\"https:\\\/\\\/www.ralti.de\\\/#website\",\"url\":\"https:\\\/\\\/www.ralti.de\\\/\",\"name\":\"Ralti.de\",\"description\":\"Hier viele gute Angebote\",\"publisher\":{\"@id\":\"https:\\\/\\\/www.ralti.de\\\/#organization\"},\"potentialAction\":[{\"@type\":\"SearchAction\",\"target\":{\"@type\":\"EntryPoint\",\"urlTemplate\":\"https:\\\/\\\/www.ralti.de\\\/?s={search_term_string}\"},\"query-input\":{\"@type\":\"PropertyValueSpecification\",\"valueRequired\":true,\"valueName\":\"search_term_string\"}}],\"inLanguage\":\"de\"},{\"@type\":\"Organization\",\"@id\":\"https:\\\/\\\/www.ralti.de\\\/#organization\",\"name\":\"Ralti.de\",\"url\":\"https:\\\/\\\/www.ralti.de\\\/\",\"logo\":{\"@type\":\"ImageObject\",\"inLanguage\":\"de\",\"@id\":\"https:\\\/\\\/www.ralti.de\\\/#\\\/schema\\\/logo\\\/image\\\/\",\"url\":\"https:\\\/\\\/www.ralti.de\\\/wp-content\\\/uploads\\\/2025\\\/11\\\/ralti.png\",\"contentUrl\":\"https:\\\/\\\/www.ralti.de\\\/wp-content\\\/uploads\\\/2025\\\/11\\\/ralti.png\",\"width\":240,\"height\":75,\"caption\":\"Ralti.de\"},\"image\":{\"@id\":\"https:\\\/\\\/www.ralti.de\\\/#\\\/schema\\\/logo\\\/image\\\/\"}}]}<\/script>\n<!-- \/ Yoast SEO plugin. -->","yoast_head_json":{"title":"Wireless Solar Powerbank 26800mAh mit 4 Kabeln, Power Bank USB-C 15W Schnellladung 6 Ausg\u00e4nge 3 Eing\u00e4nge f\u00fcr Handy Tablets, Outdoor Camping Solar Ladeger\u00e4t Externer Akku mit Taschenlampe - Notfallvorsorge - Krisenvorsorge","robots":{"index":"index","follow":"follow","max-snippet":"max-snippet:-1","max-image-preview":"max-image-preview:large","max-video-preview":"max-video-preview:-1"},"canonical":"https:\/\/www.ralti.de\/?product=wireless-solar-powerbank-26800mah-mit-4-kabeln-power-bank-usb-c-15w-schnellladung-6-ausgange-3-eingange-fur-handy-tablets-outdoor-camping-solar-ladegerat-externer-akku-mit-taschenlampe","og_locale":"de_DE","og_type":"article","og_title":"Wireless Solar Powerbank 26800mAh mit 4 Kabeln, Power Bank USB-C 15W Schnellladung 6 Ausg\u00e4nge 3 Eing\u00e4nge f\u00fcr Handy Tablets, Outdoor Camping Solar Ladeger\u00e4t Externer Akku mit Taschenlampe - Notfallvorsorge - Krisenvorsorge","og_description":"\u3010Integrierte 4 Ladekabel & 3 Anschl\u00fcsse\u3011 Die Solar Powerbank verf\u00fcgt \u00fcber drei integrierte Ausgangskabel (USB-C\/iOS\/Micro USB) und ein Eingangskabel (USB), was Kabelgewirr vermeidet und es Ihnen erm\u00f6glicht, jederzeit und \u00fcberall zu laden. Sie verf\u00fcgt au\u00dferdem \u00fcber 3 integrierte Anschl\u00fcsse (USB-C Ausgang\/Eingang, iOS Eingang, USB Ausgang), die Ihnen mehrere Ladem\u00f6glichkeiten bieten, um Ihr Handy immer online zu halten. \u3010Laden Sie 6 Ger\u00e4te gleichzeitig\u3011 Die Solar Powerbank kann bis zu 6 Ger\u00e4te gleichzeitig laden, sodass Sie die Bequemlichkeit des Ladens mit Freunden und Familie teilen und das Laden effizienter gestalten k\u00f6nnen. \u3010Kabelloses Laden\u3011 Legen Sie Ihr Handy einfach auf den kabellosen Ladebereich der Solar Powerbank, um das Laden zu starten. Sie ist kompatibel mit allen QI-f\u00e4higen Ger\u00e4ten wie der iPhone 15\/14\/13\/12 Serie und der Samsung S23\/S22\/S21 Serie. Genie\u00dfen Sie die Bequemlichkeit des kabellosen Ladens!","og_url":"https:\/\/www.ralti.de\/?product=wireless-solar-powerbank-26800mah-mit-4-kabeln-power-bank-usb-c-15w-schnellladung-6-ausgange-3-eingange-fur-handy-tablets-outdoor-camping-solar-ladegerat-externer-akku-mit-taschenlampe","og_site_name":"Notfallvorsorge - Krisenvorsorge","og_image":[{"width":500,"height":500,"url":"https:\/\/m.media-amazon.com\/images\/I\/51y4KtjzNNL.jpg","type":"image\/jpeg"}],"twitter_card":"summary_large_image","twitter_misc":{"Gesch\u00e4tzte Lesezeit":"1\u00a0Minute"},"schema":{"@context":"https:\/\/schema.org","@graph":[{"@type":"WebPage","@id":"https:\/\/www.ralti.de\/?product=wireless-solar-powerbank-26800mah-mit-4-kabeln-power-bank-usb-c-15w-schnellladung-6-ausgange-3-eingange-fur-handy-tablets-outdoor-camping-solar-ladegerat-externer-akku-mit-taschenlampe","url":"https:\/\/www.ralti.de\/?product=wireless-solar-powerbank-26800mah-mit-4-kabeln-power-bank-usb-c-15w-schnellladung-6-ausgange-3-eingange-fur-handy-tablets-outdoor-camping-solar-ladegerat-externer-akku-mit-taschenlampe","name":"Wireless Solar Powerbank 26800mAh mit 4 Kabeln, Power Bank USB-C 15W Schnellladung 6 Ausg\u00e4nge 3 Eing\u00e4nge f\u00fcr Handy Tablets, Outdoor Camping Solar Ladeger\u00e4t Externer Akku mit Taschenlampe - Notfallvorsorge - Krisenvorsorge","isPartOf":{"@id":"https:\/\/www.ralti.de\/#website"},"primaryImageOfPage":{"@id":"https:\/\/www.ralti.de\/?product=wireless-solar-powerbank-26800mah-mit-4-kabeln-power-bank-usb-c-15w-schnellladung-6-ausgange-3-eingange-fur-handy-tablets-outdoor-camping-solar-ladegerat-externer-akku-mit-taschenlampe#primaryimage"},"image":{"@id":"https:\/\/www.ralti.de\/?product=wireless-solar-powerbank-26800mah-mit-4-kabeln-power-bank-usb-c-15w-schnellladung-6-ausgange-3-eingange-fur-handy-tablets-outdoor-camping-solar-ladegerat-externer-akku-mit-taschenlampe#primaryimage"},"thumbnailUrl":"https:\/\/m.media-amazon.com\/images\/I\/51y4KtjzNNL.jpg","datePublished":"2025-11-25T11:50:22+00:00","breadcrumb":{"@id":"https:\/\/www.ralti.de\/?product=wireless-solar-powerbank-26800mah-mit-4-kabeln-power-bank-usb-c-15w-schnellladung-6-ausgange-3-eingange-fur-handy-tablets-outdoor-camping-solar-ladegerat-externer-akku-mit-taschenlampe#breadcrumb"},"inLanguage":"de","potentialAction":[{"@type":"ReadAction","target":["https:\/\/www.ralti.de\/?product=wireless-solar-powerbank-26800mah-mit-4-kabeln-power-bank-usb-c-15w-schnellladung-6-ausgange-3-eingange-fur-handy-tablets-outdoor-camping-solar-ladegerat-externer-akku-mit-taschenlampe"]}]},{"@type":"ImageObject","inLanguage":"de","@id":"https:\/\/www.ralti.de\/?product=wireless-solar-powerbank-26800mah-mit-4-kabeln-power-bank-usb-c-15w-schnellladung-6-ausgange-3-eingange-fur-handy-tablets-outdoor-camping-solar-ladegerat-externer-akku-mit-taschenlampe#primaryimage","url":"https:\/\/m.media-amazon.com\/images\/I\/51y4KtjzNNL.jpg","contentUrl":"https:\/\/m.media-amazon.com\/images\/I\/51y4KtjzNNL.jpg","width":500,"height":500},{"@type":"BreadcrumbList","@id":"https:\/\/www.ralti.de\/?product=wireless-solar-powerbank-26800mah-mit-4-kabeln-power-bank-usb-c-15w-schnellladung-6-ausgange-3-eingange-fur-handy-tablets-outdoor-camping-solar-ladegerat-externer-akku-mit-taschenlampe#breadcrumb","itemListElement":[{"@type":"ListItem","position":1,"name":"Start","item":"https:\/\/www.ralti.de\/"},{"@type":"ListItem","position":2,"name":"Notfallartikel","item":"https:\/\/www.ralti.de\/?page_id=14189"},{"@type":"ListItem","position":3,"name":"Wireless Solar Powerbank 26800mAh mit 4 Kabeln, Power Bank USB-C 15W Schnellladung 6 Ausg\u00e4nge 3 Eing\u00e4nge f\u00fcr Handy Tablets, Outdoor Camping Solar Ladeger\u00e4t Externer Akku mit Taschenlampe"}]},{"@type":"WebSite","@id":"https:\/\/www.ralti.de\/#website","url":"https:\/\/www.ralti.de\/","name":"Ralti.de","description":"Hier viele gute Angebote","publisher":{"@id":"https:\/\/www.ralti.de\/#organization"},"potentialAction":[{"@type":"SearchAction","target":{"@type":"EntryPoint","urlTemplate":"https:\/\/www.ralti.de\/?s={search_term_string}"},"query-input":{"@type":"PropertyValueSpecification","valueRequired":true,"valueName":"search_term_string"}}],"inLanguage":"de"},{"@type":"Organization","@id":"https:\/\/www.ralti.de\/#organization","name":"Ralti.de","url":"https:\/\/www.ralti.de\/","logo":{"@type":"ImageObject","inLanguage":"de","@id":"https:\/\/www.ralti.de\/#\/schema\/logo\/image\/","url":"https:\/\/www.ralti.de\/wp-content\/uploads\/2025\/11\/ralti.png","contentUrl":"https:\/\/www.ralti.de\/wp-content\/uploads\/2025\/11\/ralti.png","width":240,"height":75,"caption":"Ralti.de"},"image":{"@id":"https:\/\/www.ralti.de\/#\/schema\/logo\/image\/"}}]}},"_links":{"self":[{"href":"https:\/\/www.ralti.de\/index.php?rest_route=\/wp\/v2\/product\/11947","targetHints":{"allow":["GET"]}}],"collection":[{"href":"https:\/\/www.ralti.de\/index.php?rest_route=\/wp\/v2\/product"}],"about":[{"href":"https:\/\/www.ralti.de\/index.php?rest_route=\/wp\/v2\/types\/product"}],"replies":[{"embeddable":true,"href":"https:\/\/www.ralti.de\/index.php?rest_route=%2Fwp%2Fv2%2Fcomments&post=11947"}],"wp:featuredmedia":[{"embeddable":true,"href":"https:\/\/www.ralti.de\/index.php?rest_route=\/wp\/v2\/media\/11948"}],"wp:attachment":[{"href":"https:\/\/www.ralti.de\/index.php?rest_route=%2Fwp%2Fv2%2Fmedia&parent=11947"}],"wp:term":[{"taxonomy":"product_brand","embeddable":true,"href":"https:\/\/www.ralti.de\/index.php?rest_route=%2Fwp%2Fv2%2Fproduct_brand&post=11947"},{"taxonomy":"product_cat","embeddable":true,"href":"https:\/\/www.ralti.de\/index.php?rest_route=%2Fwp%2Fv2%2Fproduct_cat&post=11947"},{"taxonomy":"product_tag","embeddable":true,"href":"https:\/\/www.ralti.de\/index.php?rest_route=%2Fwp%2Fv2%2Fproduct_tag&post=11947"}],"curies":[{"name":"wp","href":"https:\/\/api.w.org\/{rel}","templated":true}]}}