{"id":12080,"date":"2025-11-25T11:54:04","date_gmt":"2025-11-25T11:54:04","guid":{"rendered":"https:\/\/www.ralti.de\/shop-2\/uncategorized\/eufy-security-eufycam-2c-2-kamera-set-solarpanel-uberwachungskamera-aussen-solar-homekit-kompatibel-1080p-hd-ip67-wetterfest-nachtsicht-ohne-monatliche-gebuhren\/"},"modified":"2025-11-25T11:54:04","modified_gmt":"2025-11-25T11:54:04","slug":"eufy-security-eufycam-2c-2-kamera-set-solarpanel-uberwachungskamera-aussen-solar-homekit-kompatibel-1080p-hd-ip67-wetterfest-nachtsicht-ohne-monatliche-gebuhren","status":"publish","type":"product","link":"https:\/\/www.ralti.de\/?product=eufy-security-eufycam-2c-2-kamera-set-solarpanel-uberwachungskamera-aussen-solar-homekit-kompatibel-1080p-hd-ip67-wetterfest-nachtsicht-ohne-monatliche-gebuhren","title":{"rendered":"eufy Security eufyCam 2C 2-Kamera-Set, Solarpanel, \u00dcberwachungskamera Aussen Solar, HomeKit-kompatibel, 1080p HD, IP67-Wetterfest, Nachtsicht, Ohne monatliche Geb\u00fchren"},"content":{"rendered":"<p>KAMERA MIT SOLAR-PANEL: Nachhaltige Energie ohne Akkuladen \u2013 das Solarmodul sorgt f\u00fcr konstante Power.<br \/>\nDETAILREICHE NACHTSICHT: Genie\u00dfe auch bei Dunkelheit klare Videos oder Live-\u00dcbertragungen und erkenne stets, wer sich drau\u00dfen aufh\u00e4lt.<br \/>\nSMARTE MENSCHENERKENNUNG: Keine Fehlalarme durch Tiere \u2013 nur echte Bedrohungen werden gemeldet.<br \/>\nWETTERFEST NACH IP67: F\u00fcr alle Wetterlagen ger\u00fcstet \u2013 deine eufyCam 2C trotzt Regen und auch Staub m\u00fchelos.<br \/>\n<div class=\"main-cross-sell\" data-asin=\"B0CXF1J11T\">\n\n\t<div class=\"WooZone-cross-sell-loader\">\n\t\t<div>\n\t\t\t<div id=\"floatingBarsG\">\n\t\t\t\t<div class=\"blockG\" id=\"rotateG_01\"><\/div>\n\t\t\t\t<div class=\"blockG\" id=\"rotateG_02\"><\/div>\n\t\t\t\t<div class=\"blockG\" id=\"rotateG_03\"><\/div>\n\t\t\t\t<div class=\"blockG\" id=\"rotateG_04\"><\/div>\n\t\t\t\t<div class=\"blockG\" id=\"rotateG_05\"><\/div>\n\t\t\t\t<div class=\"blockG\" id=\"rotateG_06\"><\/div>\n\t\t\t\t<div class=\"blockG\" id=\"rotateG_07\"><\/div>\n\t\t\t\t<div class=\"blockG\" id=\"rotateG_08\"><\/div>\n\t\t\t<\/div>\n\t\t\t<div class=\"WooZone-cross-sell-loader-text\"><\/div>\n\t\t<\/div>\n\t<\/div>\n\n\t\t\n<\/div>\n<div style=\"clear:both;\"><\/div>\n","protected":false},"excerpt":{"rendered":"<p>KAMERA MIT SOLAR-PANEL: Nachhaltige Energie ohne Akkuladen \u2013 das Solarmodul sorgt f\u00fcr konstante Power.<br \/>\nDETAILREICHE NACHTSICHT: Genie\u00dfe auch bei Dunkelheit klare Videos oder Live-\u00dcbertragungen und erkenne stets, wer sich drau\u00dfen aufh\u00e4lt.<br \/>\nSMARTE MENSCHENERKENNUNG: Keine Fehlalarme durch Tiere \u2013 nur echte Bedrohungen werden gemeldet.<\/p>\n","protected":false},"featured_media":12081,"comment_status":"open","ping_status":"closed","template":"","meta":{"_acf_changed":false},"product_brand":[],"product_cat":[267,262],"product_tag":[],"class_list":{"0":"post-12080","1":"product","2":"type-product","3":"status-publish","4":"has-post-thumbnail","6":"product_cat-heimsicherheitssysteme","7":"product_cat-sicherheit","9":"first","10":"instock","11":"sale","12":"shipping-taxable","13":"product-type-external"},"acf":[],"yoast_head":"<!-- This site is optimized with the Yoast SEO plugin v27.3 - https:\/\/yoast.com\/product\/yoast-seo-wordpress\/ -->\n<title>eufy Security eufyCam 2C 2-Kamera-Set, Solarpanel, \u00dcberwachungskamera Aussen Solar, HomeKit-kompatibel, 1080p HD, IP67-Wetterfest, Nachtsicht, Ohne monatliche Geb\u00fchren - Notfallvorsorge - Krisenvorsorge<\/title>\n<meta name=\"robots\" content=\"index, follow, max-snippet:-1, max-image-preview:large, max-video-preview:-1\" \/>\n<link rel=\"canonical\" href=\"https:\/\/www.ralti.de\/?product=eufy-security-eufycam-2c-2-kamera-set-solarpanel-uberwachungskamera-aussen-solar-homekit-kompatibel-1080p-hd-ip67-wetterfest-nachtsicht-ohne-monatliche-gebuhren\" \/>\n<meta property=\"og:locale\" content=\"de_DE\" \/>\n<meta property=\"og:type\" content=\"article\" \/>\n<meta property=\"og:title\" content=\"eufy Security eufyCam 2C 2-Kamera-Set, Solarpanel, \u00dcberwachungskamera Aussen Solar, HomeKit-kompatibel, 1080p HD, IP67-Wetterfest, Nachtsicht, Ohne monatliche Geb\u00fchren - Notfallvorsorge - Krisenvorsorge\" \/>\n<meta property=\"og:description\" content=\"KAMERA MIT SOLAR-PANEL: Nachhaltige Energie ohne Akkuladen \u2013 das Solarmodul sorgt f\u00fcr konstante Power. DETAILREICHE NACHTSICHT: Genie\u00dfe auch bei Dunkelheit klare Videos oder Live-\u00dcbertragungen und erkenne stets, wer sich drau\u00dfen aufh\u00e4lt. SMARTE MENSCHENERKENNUNG: Keine Fehlalarme durch Tiere \u2013 nur echte Bedrohungen werden gemeldet.\" \/>\n<meta property=\"og:url\" content=\"https:\/\/www.ralti.de\/?product=eufy-security-eufycam-2c-2-kamera-set-solarpanel-uberwachungskamera-aussen-solar-homekit-kompatibel-1080p-hd-ip67-wetterfest-nachtsicht-ohne-monatliche-gebuhren\" \/>\n<meta property=\"og:site_name\" content=\"Notfallvorsorge - Krisenvorsorge\" \/>\n<meta property=\"og:image\" content=\"https:\/\/m.media-amazon.com\/images\/I\/21+dWJwsKLL.jpg\" \/>\n\t<meta property=\"og:image:width\" content=\"500\" \/>\n\t<meta property=\"og:image:height\" content=\"500\" \/>\n\t<meta property=\"og:image:type\" content=\"image\/jpeg\" \/>\n<meta name=\"twitter:card\" content=\"summary_large_image\" \/>\n<script type=\"application\/ld+json\" class=\"yoast-schema-graph\">{\"@context\":\"https:\\\/\\\/schema.org\",\"@graph\":[{\"@type\":\"WebPage\",\"@id\":\"https:\\\/\\\/www.ralti.de\\\/?product=eufy-security-eufycam-2c-2-kamera-set-solarpanel-uberwachungskamera-aussen-solar-homekit-kompatibel-1080p-hd-ip67-wetterfest-nachtsicht-ohne-monatliche-gebuhren\",\"url\":\"https:\\\/\\\/www.ralti.de\\\/?product=eufy-security-eufycam-2c-2-kamera-set-solarpanel-uberwachungskamera-aussen-solar-homekit-kompatibel-1080p-hd-ip67-wetterfest-nachtsicht-ohne-monatliche-gebuhren\",\"name\":\"eufy Security eufyCam 2C 2-Kamera-Set, Solarpanel, \u00dcberwachungskamera Aussen Solar, HomeKit-kompatibel, 1080p HD, IP67-Wetterfest, Nachtsicht, Ohne monatliche Geb\u00fchren - Notfallvorsorge - Krisenvorsorge\",\"isPartOf\":{\"@id\":\"https:\\\/\\\/www.ralti.de\\\/#website\"},\"primaryImageOfPage\":{\"@id\":\"https:\\\/\\\/www.ralti.de\\\/?product=eufy-security-eufycam-2c-2-kamera-set-solarpanel-uberwachungskamera-aussen-solar-homekit-kompatibel-1080p-hd-ip67-wetterfest-nachtsicht-ohne-monatliche-gebuhren#primaryimage\"},\"image\":{\"@id\":\"https:\\\/\\\/www.ralti.de\\\/?product=eufy-security-eufycam-2c-2-kamera-set-solarpanel-uberwachungskamera-aussen-solar-homekit-kompatibel-1080p-hd-ip67-wetterfest-nachtsicht-ohne-monatliche-gebuhren#primaryimage\"},\"thumbnailUrl\":\"https:\\\/\\\/m.media-amazon.com\\\/images\\\/I\\\/21+dWJwsKLL.jpg\",\"datePublished\":\"2025-11-25T11:54:04+00:00\",\"breadcrumb\":{\"@id\":\"https:\\\/\\\/www.ralti.de\\\/?product=eufy-security-eufycam-2c-2-kamera-set-solarpanel-uberwachungskamera-aussen-solar-homekit-kompatibel-1080p-hd-ip67-wetterfest-nachtsicht-ohne-monatliche-gebuhren#breadcrumb\"},\"inLanguage\":\"de\",\"potentialAction\":[{\"@type\":\"ReadAction\",\"target\":[\"https:\\\/\\\/www.ralti.de\\\/?product=eufy-security-eufycam-2c-2-kamera-set-solarpanel-uberwachungskamera-aussen-solar-homekit-kompatibel-1080p-hd-ip67-wetterfest-nachtsicht-ohne-monatliche-gebuhren\"]}]},{\"@type\":\"ImageObject\",\"inLanguage\":\"de\",\"@id\":\"https:\\\/\\\/www.ralti.de\\\/?product=eufy-security-eufycam-2c-2-kamera-set-solarpanel-uberwachungskamera-aussen-solar-homekit-kompatibel-1080p-hd-ip67-wetterfest-nachtsicht-ohne-monatliche-gebuhren#primaryimage\",\"url\":\"https:\\\/\\\/m.media-amazon.com\\\/images\\\/I\\\/21+dWJwsKLL.jpg\",\"contentUrl\":\"https:\\\/\\\/m.media-amazon.com\\\/images\\\/I\\\/21+dWJwsKLL.jpg\",\"width\":500,\"height\":500},{\"@type\":\"BreadcrumbList\",\"@id\":\"https:\\\/\\\/www.ralti.de\\\/?product=eufy-security-eufycam-2c-2-kamera-set-solarpanel-uberwachungskamera-aussen-solar-homekit-kompatibel-1080p-hd-ip67-wetterfest-nachtsicht-ohne-monatliche-gebuhren#breadcrumb\",\"itemListElement\":[{\"@type\":\"ListItem\",\"position\":1,\"name\":\"Start\",\"item\":\"https:\\\/\\\/www.ralti.de\\\/\"},{\"@type\":\"ListItem\",\"position\":2,\"name\":\"Notfallartikel\",\"item\":\"https:\\\/\\\/www.ralti.de\\\/?page_id=14189\"},{\"@type\":\"ListItem\",\"position\":3,\"name\":\"eufy Security eufyCam 2C 2-Kamera-Set, Solarpanel, \u00dcberwachungskamera Aussen Solar, HomeKit-kompatibel, 1080p HD, IP67-Wetterfest, Nachtsicht, Ohne monatliche Geb\u00fchren\"}]},{\"@type\":\"WebSite\",\"@id\":\"https:\\\/\\\/www.ralti.de\\\/#website\",\"url\":\"https:\\\/\\\/www.ralti.de\\\/\",\"name\":\"Ralti.de\",\"description\":\"Hier viele gute Angebote\",\"publisher\":{\"@id\":\"https:\\\/\\\/www.ralti.de\\\/#organization\"},\"potentialAction\":[{\"@type\":\"SearchAction\",\"target\":{\"@type\":\"EntryPoint\",\"urlTemplate\":\"https:\\\/\\\/www.ralti.de\\\/?s={search_term_string}\"},\"query-input\":{\"@type\":\"PropertyValueSpecification\",\"valueRequired\":true,\"valueName\":\"search_term_string\"}}],\"inLanguage\":\"de\"},{\"@type\":\"Organization\",\"@id\":\"https:\\\/\\\/www.ralti.de\\\/#organization\",\"name\":\"Ralti.de\",\"url\":\"https:\\\/\\\/www.ralti.de\\\/\",\"logo\":{\"@type\":\"ImageObject\",\"inLanguage\":\"de\",\"@id\":\"https:\\\/\\\/www.ralti.de\\\/#\\\/schema\\\/logo\\\/image\\\/\",\"url\":\"https:\\\/\\\/www.ralti.de\\\/wp-content\\\/uploads\\\/2025\\\/11\\\/ralti.png\",\"contentUrl\":\"https:\\\/\\\/www.ralti.de\\\/wp-content\\\/uploads\\\/2025\\\/11\\\/ralti.png\",\"width\":240,\"height\":75,\"caption\":\"Ralti.de\"},\"image\":{\"@id\":\"https:\\\/\\\/www.ralti.de\\\/#\\\/schema\\\/logo\\\/image\\\/\"}}]}<\/script>\n<!-- \/ Yoast SEO plugin. -->","yoast_head_json":{"title":"eufy Security eufyCam 2C 2-Kamera-Set, Solarpanel, \u00dcberwachungskamera Aussen Solar, HomeKit-kompatibel, 1080p HD, IP67-Wetterfest, Nachtsicht, Ohne monatliche Geb\u00fchren - Notfallvorsorge - Krisenvorsorge","robots":{"index":"index","follow":"follow","max-snippet":"max-snippet:-1","max-image-preview":"max-image-preview:large","max-video-preview":"max-video-preview:-1"},"canonical":"https:\/\/www.ralti.de\/?product=eufy-security-eufycam-2c-2-kamera-set-solarpanel-uberwachungskamera-aussen-solar-homekit-kompatibel-1080p-hd-ip67-wetterfest-nachtsicht-ohne-monatliche-gebuhren","og_locale":"de_DE","og_type":"article","og_title":"eufy Security eufyCam 2C 2-Kamera-Set, Solarpanel, \u00dcberwachungskamera Aussen Solar, HomeKit-kompatibel, 1080p HD, IP67-Wetterfest, Nachtsicht, Ohne monatliche Geb\u00fchren - Notfallvorsorge - Krisenvorsorge","og_description":"KAMERA MIT SOLAR-PANEL: Nachhaltige Energie ohne Akkuladen \u2013 das Solarmodul sorgt f\u00fcr konstante Power. DETAILREICHE NACHTSICHT: Genie\u00dfe auch bei Dunkelheit klare Videos oder Live-\u00dcbertragungen und erkenne stets, wer sich drau\u00dfen aufh\u00e4lt. SMARTE MENSCHENERKENNUNG: Keine Fehlalarme durch Tiere \u2013 nur echte Bedrohungen werden gemeldet.","og_url":"https:\/\/www.ralti.de\/?product=eufy-security-eufycam-2c-2-kamera-set-solarpanel-uberwachungskamera-aussen-solar-homekit-kompatibel-1080p-hd-ip67-wetterfest-nachtsicht-ohne-monatliche-gebuhren","og_site_name":"Notfallvorsorge - Krisenvorsorge","og_image":[{"width":500,"height":500,"url":"https:\/\/m.media-amazon.com\/images\/I\/21+dWJwsKLL.jpg","type":"image\/jpeg"}],"twitter_card":"summary_large_image","schema":{"@context":"https:\/\/schema.org","@graph":[{"@type":"WebPage","@id":"https:\/\/www.ralti.de\/?product=eufy-security-eufycam-2c-2-kamera-set-solarpanel-uberwachungskamera-aussen-solar-homekit-kompatibel-1080p-hd-ip67-wetterfest-nachtsicht-ohne-monatliche-gebuhren","url":"https:\/\/www.ralti.de\/?product=eufy-security-eufycam-2c-2-kamera-set-solarpanel-uberwachungskamera-aussen-solar-homekit-kompatibel-1080p-hd-ip67-wetterfest-nachtsicht-ohne-monatliche-gebuhren","name":"eufy Security eufyCam 2C 2-Kamera-Set, Solarpanel, \u00dcberwachungskamera Aussen Solar, HomeKit-kompatibel, 1080p HD, IP67-Wetterfest, Nachtsicht, Ohne monatliche Geb\u00fchren - Notfallvorsorge - Krisenvorsorge","isPartOf":{"@id":"https:\/\/www.ralti.de\/#website"},"primaryImageOfPage":{"@id":"https:\/\/www.ralti.de\/?product=eufy-security-eufycam-2c-2-kamera-set-solarpanel-uberwachungskamera-aussen-solar-homekit-kompatibel-1080p-hd-ip67-wetterfest-nachtsicht-ohne-monatliche-gebuhren#primaryimage"},"image":{"@id":"https:\/\/www.ralti.de\/?product=eufy-security-eufycam-2c-2-kamera-set-solarpanel-uberwachungskamera-aussen-solar-homekit-kompatibel-1080p-hd-ip67-wetterfest-nachtsicht-ohne-monatliche-gebuhren#primaryimage"},"thumbnailUrl":"https:\/\/m.media-amazon.com\/images\/I\/21+dWJwsKLL.jpg","datePublished":"2025-11-25T11:54:04+00:00","breadcrumb":{"@id":"https:\/\/www.ralti.de\/?product=eufy-security-eufycam-2c-2-kamera-set-solarpanel-uberwachungskamera-aussen-solar-homekit-kompatibel-1080p-hd-ip67-wetterfest-nachtsicht-ohne-monatliche-gebuhren#breadcrumb"},"inLanguage":"de","potentialAction":[{"@type":"ReadAction","target":["https:\/\/www.ralti.de\/?product=eufy-security-eufycam-2c-2-kamera-set-solarpanel-uberwachungskamera-aussen-solar-homekit-kompatibel-1080p-hd-ip67-wetterfest-nachtsicht-ohne-monatliche-gebuhren"]}]},{"@type":"ImageObject","inLanguage":"de","@id":"https:\/\/www.ralti.de\/?product=eufy-security-eufycam-2c-2-kamera-set-solarpanel-uberwachungskamera-aussen-solar-homekit-kompatibel-1080p-hd-ip67-wetterfest-nachtsicht-ohne-monatliche-gebuhren#primaryimage","url":"https:\/\/m.media-amazon.com\/images\/I\/21+dWJwsKLL.jpg","contentUrl":"https:\/\/m.media-amazon.com\/images\/I\/21+dWJwsKLL.jpg","width":500,"height":500},{"@type":"BreadcrumbList","@id":"https:\/\/www.ralti.de\/?product=eufy-security-eufycam-2c-2-kamera-set-solarpanel-uberwachungskamera-aussen-solar-homekit-kompatibel-1080p-hd-ip67-wetterfest-nachtsicht-ohne-monatliche-gebuhren#breadcrumb","itemListElement":[{"@type":"ListItem","position":1,"name":"Start","item":"https:\/\/www.ralti.de\/"},{"@type":"ListItem","position":2,"name":"Notfallartikel","item":"https:\/\/www.ralti.de\/?page_id=14189"},{"@type":"ListItem","position":3,"name":"eufy Security eufyCam 2C 2-Kamera-Set, Solarpanel, \u00dcberwachungskamera Aussen Solar, HomeKit-kompatibel, 1080p HD, IP67-Wetterfest, Nachtsicht, Ohne monatliche Geb\u00fchren"}]},{"@type":"WebSite","@id":"https:\/\/www.ralti.de\/#website","url":"https:\/\/www.ralti.de\/","name":"Ralti.de","description":"Hier viele gute Angebote","publisher":{"@id":"https:\/\/www.ralti.de\/#organization"},"potentialAction":[{"@type":"SearchAction","target":{"@type":"EntryPoint","urlTemplate":"https:\/\/www.ralti.de\/?s={search_term_string}"},"query-input":{"@type":"PropertyValueSpecification","valueRequired":true,"valueName":"search_term_string"}}],"inLanguage":"de"},{"@type":"Organization","@id":"https:\/\/www.ralti.de\/#organization","name":"Ralti.de","url":"https:\/\/www.ralti.de\/","logo":{"@type":"ImageObject","inLanguage":"de","@id":"https:\/\/www.ralti.de\/#\/schema\/logo\/image\/","url":"https:\/\/www.ralti.de\/wp-content\/uploads\/2025\/11\/ralti.png","contentUrl":"https:\/\/www.ralti.de\/wp-content\/uploads\/2025\/11\/ralti.png","width":240,"height":75,"caption":"Ralti.de"},"image":{"@id":"https:\/\/www.ralti.de\/#\/schema\/logo\/image\/"}}]}},"_links":{"self":[{"href":"https:\/\/www.ralti.de\/index.php?rest_route=\/wp\/v2\/product\/12080","targetHints":{"allow":["GET"]}}],"collection":[{"href":"https:\/\/www.ralti.de\/index.php?rest_route=\/wp\/v2\/product"}],"about":[{"href":"https:\/\/www.ralti.de\/index.php?rest_route=\/wp\/v2\/types\/product"}],"replies":[{"embeddable":true,"href":"https:\/\/www.ralti.de\/index.php?rest_route=%2Fwp%2Fv2%2Fcomments&post=12080"}],"wp:featuredmedia":[{"embeddable":true,"href":"https:\/\/www.ralti.de\/index.php?rest_route=\/wp\/v2\/media\/12081"}],"wp:attachment":[{"href":"https:\/\/www.ralti.de\/index.php?rest_route=%2Fwp%2Fv2%2Fmedia&parent=12080"}],"wp:term":[{"taxonomy":"product_brand","embeddable":true,"href":"https:\/\/www.ralti.de\/index.php?rest_route=%2Fwp%2Fv2%2Fproduct_brand&post=12080"},{"taxonomy":"product_cat","embeddable":true,"href":"https:\/\/www.ralti.de\/index.php?rest_route=%2Fwp%2Fv2%2Fproduct_cat&post=12080"},{"taxonomy":"product_tag","embeddable":true,"href":"https:\/\/www.ralti.de\/index.php?rest_route=%2Fwp%2Fv2%2Fproduct_tag&post=12080"}],"curies":[{"name":"wp","href":"https:\/\/api.w.org\/{rel}","templated":true}]}}