{"id":12104,"date":"2025-11-25T11:54:11","date_gmt":"2025-11-25T11:54:11","guid":{"rendered":"https:\/\/www.ralti.de\/shop-2\/uncategorized\/tapo-tp-link-c500-wlan-uberwachungskamera-ausen-360-sichtbereich-1080p-auflosung-bewegungserkennung-nachtsicht-bis-zu-30-m-zwei-wege-audio-kompatibel-mit-alexa-google\/"},"modified":"2025-11-25T11:54:11","modified_gmt":"2025-11-25T11:54:11","slug":"tapo-tp-link-c500-wlan-uberwachungskamera-ausen-360-sichtbereich-1080p-auflosung-bewegungserkennung-nachtsicht-bis-zu-30-m-zwei-wege-audio-kompatibel-mit-alexa-google","status":"publish","type":"product","link":"https:\/\/www.ralti.de\/?product=tapo-tp-link-c500-wlan-uberwachungskamera-ausen-360-sichtbereich-1080p-auflosung-bewegungserkennung-nachtsicht-bis-zu-30-m-zwei-wege-audio-kompatibel-mit-alexa-google","title":{"rendered":"Tapo TP-Link C500 WLAN \u00dcberwachungskamera Au\u00dfen, 360\u00b0 Sichtbereich, 1080p Aufl\u00f6sung, Bewegungserkennung, Nachtsicht bis zu 30 m, Zwei-Wege-Audio, Kompatibel mit Alexa &#038; Google"},"content":{"rendered":"<p><!-- show up to 2 reviews by default --> <\/p>\n<p> <span>Die Tapo C500 ist eine spezielle \u00dcberwachungskamera f\u00fcr den Au\u00dfenbereich. IP65 wasser- und staubdicht sorgt f\u00fcr eine hervorragende Leistung bei allen Wetterbedingungen. Verschiedene Speichermethoden zur Auswahl, von der lokalen SD-Karte (nicht im Lieferumfang enthalten) bis zur Tapo-Cloud, Sie k\u00f6nnen auch den Aufzeichnungszeitplan nach Ihren spezifischen Bed\u00fcrfnissen anpassen. Was ist die attraktivste, Ihre Privatsph\u00e4re ist immer sehr wichtig f\u00fcr uns, Tapo C500 hat Physical Privacy Mode, was bedeutet, dass das Objektiv durch das Geh\u00e4use direkt blockiert werden kann.<\/span> <\/p>\n<p>Das Tapo C500 hat keinen LAN-Anschluss und unterst\u00fctzt nur drahtlose Verbindungen, Gr\u00f6\u00dfe: 123,84*123*90mm(ohne Montagevorlage) 163,6*138*90mm(mit Montagevorlage), Wir empfehlen das Modell Tapo C510W und C520WS, wenn Sie eine 2K-Aufl\u00f6sung und Nachtsicht in Vollfarbe ben\u00f6tigen, Wenn Sie auch eine Ethernet-Verbindung ben\u00f6tigen, w\u00e4hlen Sie bitte Tapo C520WS<br \/>\nBitte beachten Sie, dass dies ein strombetriebenes Modell ist, keine Batteriekamera, Wenn Sie ein Akku-Kamera ben\u00f6tigen, w\u00e4hlen Sie bitte die Tapo C420S2 oder Tapo C425<br \/>\nAufl\u00f6sung: 1080p Full HD(1920 x 1080 px), Wir empfehlen das Modell Tapo C510W, wenn Sie eine 2K-Aufl\u00f6sung und Nachtsicht in Vollfarbe ben\u00f6tigen<br \/>\nPersonenerkennung und Bewegungsverfolgung &#8211; Intelligente k\u00fcnstliche Intelligenz identifiziert eine Person, w\u00e4hrend sie Bewegungen mit Hochgeschwindigkeitsrotation verfolgt und den Benutzer bei Bedarf benachrichtigt<br \/>\n360\u00b0 Sichtbereich &#8211; Bietet 360\u00b0 horizontalen und 130\u00b0 vertikalen Bereich, um jeden Winkel abzudecken<br \/>\nNachtsicht (bis zu 30m) &#8211; Sorgt f\u00fcr Ihre Sicherheit durch eine klare Sichtweite von bis zu 30m auch bei v\u00f6lliger Dunkelheit<br \/>\nMehrere Installationsoptionen &#8211; Verwenden Sie die Montageschrauben, die Schablone und die Schlaufen, um die Kamera an einer beliebigen Wand, Decke oder einem Mast zu befestigen &#8211; wo immer Sie wollen<br \/>\nFlexible Speicheroptionen &#8211; Speichern Sie aufgezeichnete Videos auf einer installierten microSD-Karte (bis zu 512 GB) oder nutzen Sie den Cloud-Speicherdienst Tapo Care<br \/>\nAnpassbarer Tonalarm &#8211; Zeichnen Sie Ihren individuellen Ton als Alarm auf, um Ihre Nutzungsm\u00f6glichkeiten zu erweitern; Zwei-Wege-Audio &#8211; Erm\u00f6glicht die Kommunikation \u00fcber ein eingebautes Mikrofon und einen Lautsprecher; IP65 Wasser- und staubgesch\u00fctzt<br \/>\nPhysikalischer Sichtschutzmodus &#8211; Bewahrt Ihre Privatsph\u00e4re, indem das Objektiv durch das Geh\u00e4use physisch blockiert wird<br \/>\n<div class=\"main-cross-sell\" data-asin=\"B0BQJVKVQR\">\n\n\t<div class=\"WooZone-cross-sell-loader\">\n\t\t<div>\n\t\t\t<div id=\"floatingBarsG\">\n\t\t\t\t<div class=\"blockG\" id=\"rotateG_01\"><\/div>\n\t\t\t\t<div class=\"blockG\" id=\"rotateG_02\"><\/div>\n\t\t\t\t<div class=\"blockG\" id=\"rotateG_03\"><\/div>\n\t\t\t\t<div class=\"blockG\" id=\"rotateG_04\"><\/div>\n\t\t\t\t<div class=\"blockG\" id=\"rotateG_05\"><\/div>\n\t\t\t\t<div class=\"blockG\" id=\"rotateG_06\"><\/div>\n\t\t\t\t<div class=\"blockG\" id=\"rotateG_07\"><\/div>\n\t\t\t\t<div class=\"blockG\" id=\"rotateG_08\"><\/div>\n\t\t\t<\/div>\n\t\t\t<div class=\"WooZone-cross-sell-loader-text\"><\/div>\n\t\t<\/div>\n\t<\/div>\n\n\t\t\n<\/div>\n<div style=\"clear:both;\"><\/div>\n","protected":false},"excerpt":{"rendered":"<p>Das Tapo C500 hat keinen LAN-Anschluss und unterst\u00fctzt nur drahtlose Verbindungen, Gr\u00f6\u00dfe: 123,84*123*90mm(ohne Montagevorlage) 163,6*138*90mm(mit Montagevorlage), Wir empfehlen das Modell Tapo C510W und C520WS, wenn Sie eine 2K-Aufl\u00f6sung und Nachtsicht in Vollfarbe ben\u00f6tigen, Wenn Sie auch eine Ethernet-Verbindung ben\u00f6tigen, w\u00e4hlen Sie bitte Tapo C520WS<br \/>\nBitte beachten Sie, dass dies ein strombetriebenes Modell ist, keine Batteriekamera, Wenn Sie ein Akku-Kamera ben\u00f6tigen, w\u00e4hlen Sie bitte die Tapo C420S2 oder Tapo C425<br \/>\nAufl\u00f6sung: 1080p Full HD(1920 x 1080 px), Wir empfehlen das Modell Tapo C510W, wenn Sie eine 2K-Aufl\u00f6sung und Nachtsicht in Vollfarbe ben\u00f6tigen<\/p>\n","protected":false},"featured_media":12105,"comment_status":"open","ping_status":"closed","template":"","meta":{"_acf_changed":false},"product_brand":[],"product_cat":[267,262],"product_tag":[],"class_list":{"0":"post-12104","1":"product","2":"type-product","3":"status-publish","4":"has-post-thumbnail","6":"product_cat-heimsicherheitssysteme","7":"product_cat-sicherheit","9":"first","10":"instock","11":"sale","12":"shipping-taxable","13":"product-type-external"},"acf":[],"yoast_head":"<!-- This site is optimized with the Yoast SEO plugin v27.3 - https:\/\/yoast.com\/product\/yoast-seo-wordpress\/ -->\n<title>Tapo TP-Link C500 WLAN \u00dcberwachungskamera Au\u00dfen, 360\u00b0 Sichtbereich, 1080p Aufl\u00f6sung, Bewegungserkennung, Nachtsicht bis zu 30 m, Zwei-Wege-Audio, Kompatibel mit Alexa &amp; Google - Notfallvorsorge - Krisenvorsorge<\/title>\n<meta name=\"robots\" content=\"index, follow, max-snippet:-1, max-image-preview:large, max-video-preview:-1\" \/>\n<link rel=\"canonical\" href=\"https:\/\/www.ralti.de\/?product=tapo-tp-link-c500-wlan-uberwachungskamera-ausen-360-sichtbereich-1080p-auflosung-bewegungserkennung-nachtsicht-bis-zu-30-m-zwei-wege-audio-kompatibel-mit-alexa-google\" \/>\n<meta property=\"og:locale\" content=\"de_DE\" \/>\n<meta property=\"og:type\" content=\"article\" \/>\n<meta property=\"og:title\" content=\"Tapo TP-Link C500 WLAN \u00dcberwachungskamera Au\u00dfen, 360\u00b0 Sichtbereich, 1080p Aufl\u00f6sung, Bewegungserkennung, Nachtsicht bis zu 30 m, Zwei-Wege-Audio, Kompatibel mit Alexa &amp; Google - Notfallvorsorge - Krisenvorsorge\" \/>\n<meta property=\"og:description\" content=\"Das Tapo C500 hat keinen LAN-Anschluss und unterst\u00fctzt nur drahtlose Verbindungen, Gr\u00f6\u00dfe: 123,84*123*90mm(ohne Montagevorlage) 163,6*138*90mm(mit Montagevorlage), Wir empfehlen das Modell Tapo C510W und C520WS, wenn Sie eine 2K-Aufl\u00f6sung und Nachtsicht in Vollfarbe ben\u00f6tigen, Wenn Sie auch eine Ethernet-Verbindung ben\u00f6tigen, w\u00e4hlen Sie bitte Tapo C520WS Bitte beachten Sie, dass dies ein strombetriebenes Modell ist, keine Batteriekamera, Wenn Sie ein Akku-Kamera ben\u00f6tigen, w\u00e4hlen Sie bitte die Tapo C420S2 oder Tapo C425 Aufl\u00f6sung: 1080p Full HD(1920 x 1080 px), Wir empfehlen das Modell Tapo C510W, wenn Sie eine 2K-Aufl\u00f6sung und Nachtsicht in Vollfarbe ben\u00f6tigen\" \/>\n<meta property=\"og:url\" content=\"https:\/\/www.ralti.de\/?product=tapo-tp-link-c500-wlan-uberwachungskamera-ausen-360-sichtbereich-1080p-auflosung-bewegungserkennung-nachtsicht-bis-zu-30-m-zwei-wege-audio-kompatibel-mit-alexa-google\" \/>\n<meta property=\"og:site_name\" content=\"Notfallvorsorge - Krisenvorsorge\" \/>\n<meta property=\"og:image\" content=\"https:\/\/m.media-amazon.com\/images\/I\/31t3w-mygbL.jpg\" \/>\n\t<meta property=\"og:image:width\" content=\"500\" \/>\n\t<meta property=\"og:image:height\" content=\"500\" \/>\n\t<meta property=\"og:image:type\" content=\"image\/jpeg\" \/>\n<meta name=\"twitter:card\" content=\"summary_large_image\" \/>\n<meta name=\"twitter:label1\" content=\"Gesch\u00e4tzte Lesezeit\" \/>\n\t<meta name=\"twitter:data1\" content=\"2\u00a0Minuten\" \/>\n<script type=\"application\/ld+json\" class=\"yoast-schema-graph\">{\"@context\":\"https:\\\/\\\/schema.org\",\"@graph\":[{\"@type\":\"WebPage\",\"@id\":\"https:\\\/\\\/www.ralti.de\\\/?product=tapo-tp-link-c500-wlan-uberwachungskamera-ausen-360-sichtbereich-1080p-auflosung-bewegungserkennung-nachtsicht-bis-zu-30-m-zwei-wege-audio-kompatibel-mit-alexa-google\",\"url\":\"https:\\\/\\\/www.ralti.de\\\/?product=tapo-tp-link-c500-wlan-uberwachungskamera-ausen-360-sichtbereich-1080p-auflosung-bewegungserkennung-nachtsicht-bis-zu-30-m-zwei-wege-audio-kompatibel-mit-alexa-google\",\"name\":\"Tapo TP-Link C500 WLAN \u00dcberwachungskamera Au\u00dfen, 360\u00b0 Sichtbereich, 1080p Aufl\u00f6sung, Bewegungserkennung, Nachtsicht bis zu 30 m, Zwei-Wege-Audio, Kompatibel mit Alexa & Google - Notfallvorsorge - Krisenvorsorge\",\"isPartOf\":{\"@id\":\"https:\\\/\\\/www.ralti.de\\\/#website\"},\"primaryImageOfPage\":{\"@id\":\"https:\\\/\\\/www.ralti.de\\\/?product=tapo-tp-link-c500-wlan-uberwachungskamera-ausen-360-sichtbereich-1080p-auflosung-bewegungserkennung-nachtsicht-bis-zu-30-m-zwei-wege-audio-kompatibel-mit-alexa-google#primaryimage\"},\"image\":{\"@id\":\"https:\\\/\\\/www.ralti.de\\\/?product=tapo-tp-link-c500-wlan-uberwachungskamera-ausen-360-sichtbereich-1080p-auflosung-bewegungserkennung-nachtsicht-bis-zu-30-m-zwei-wege-audio-kompatibel-mit-alexa-google#primaryimage\"},\"thumbnailUrl\":\"https:\\\/\\\/m.media-amazon.com\\\/images\\\/I\\\/31t3w-mygbL.jpg\",\"datePublished\":\"2025-11-25T11:54:11+00:00\",\"breadcrumb\":{\"@id\":\"https:\\\/\\\/www.ralti.de\\\/?product=tapo-tp-link-c500-wlan-uberwachungskamera-ausen-360-sichtbereich-1080p-auflosung-bewegungserkennung-nachtsicht-bis-zu-30-m-zwei-wege-audio-kompatibel-mit-alexa-google#breadcrumb\"},\"inLanguage\":\"de\",\"potentialAction\":[{\"@type\":\"ReadAction\",\"target\":[\"https:\\\/\\\/www.ralti.de\\\/?product=tapo-tp-link-c500-wlan-uberwachungskamera-ausen-360-sichtbereich-1080p-auflosung-bewegungserkennung-nachtsicht-bis-zu-30-m-zwei-wege-audio-kompatibel-mit-alexa-google\"]}]},{\"@type\":\"ImageObject\",\"inLanguage\":\"de\",\"@id\":\"https:\\\/\\\/www.ralti.de\\\/?product=tapo-tp-link-c500-wlan-uberwachungskamera-ausen-360-sichtbereich-1080p-auflosung-bewegungserkennung-nachtsicht-bis-zu-30-m-zwei-wege-audio-kompatibel-mit-alexa-google#primaryimage\",\"url\":\"https:\\\/\\\/m.media-amazon.com\\\/images\\\/I\\\/31t3w-mygbL.jpg\",\"contentUrl\":\"https:\\\/\\\/m.media-amazon.com\\\/images\\\/I\\\/31t3w-mygbL.jpg\",\"width\":500,\"height\":500},{\"@type\":\"BreadcrumbList\",\"@id\":\"https:\\\/\\\/www.ralti.de\\\/?product=tapo-tp-link-c500-wlan-uberwachungskamera-ausen-360-sichtbereich-1080p-auflosung-bewegungserkennung-nachtsicht-bis-zu-30-m-zwei-wege-audio-kompatibel-mit-alexa-google#breadcrumb\",\"itemListElement\":[{\"@type\":\"ListItem\",\"position\":1,\"name\":\"Start\",\"item\":\"https:\\\/\\\/www.ralti.de\\\/\"},{\"@type\":\"ListItem\",\"position\":2,\"name\":\"Notfallartikel\",\"item\":\"https:\\\/\\\/www.ralti.de\\\/?page_id=14189\"},{\"@type\":\"ListItem\",\"position\":3,\"name\":\"Tapo TP-Link C500 WLAN \u00dcberwachungskamera Au\u00dfen, 360\u00b0 Sichtbereich, 1080p Aufl\u00f6sung, Bewegungserkennung, Nachtsicht bis zu 30 m, Zwei-Wege-Audio, Kompatibel mit Alexa &#038; Google\"}]},{\"@type\":\"WebSite\",\"@id\":\"https:\\\/\\\/www.ralti.de\\\/#website\",\"url\":\"https:\\\/\\\/www.ralti.de\\\/\",\"name\":\"Ralti.de\",\"description\":\"Hier viele gute Angebote\",\"publisher\":{\"@id\":\"https:\\\/\\\/www.ralti.de\\\/#organization\"},\"potentialAction\":[{\"@type\":\"SearchAction\",\"target\":{\"@type\":\"EntryPoint\",\"urlTemplate\":\"https:\\\/\\\/www.ralti.de\\\/?s={search_term_string}\"},\"query-input\":{\"@type\":\"PropertyValueSpecification\",\"valueRequired\":true,\"valueName\":\"search_term_string\"}}],\"inLanguage\":\"de\"},{\"@type\":\"Organization\",\"@id\":\"https:\\\/\\\/www.ralti.de\\\/#organization\",\"name\":\"Ralti.de\",\"url\":\"https:\\\/\\\/www.ralti.de\\\/\",\"logo\":{\"@type\":\"ImageObject\",\"inLanguage\":\"de\",\"@id\":\"https:\\\/\\\/www.ralti.de\\\/#\\\/schema\\\/logo\\\/image\\\/\",\"url\":\"https:\\\/\\\/www.ralti.de\\\/wp-content\\\/uploads\\\/2025\\\/11\\\/ralti.png\",\"contentUrl\":\"https:\\\/\\\/www.ralti.de\\\/wp-content\\\/uploads\\\/2025\\\/11\\\/ralti.png\",\"width\":240,\"height\":75,\"caption\":\"Ralti.de\"},\"image\":{\"@id\":\"https:\\\/\\\/www.ralti.de\\\/#\\\/schema\\\/logo\\\/image\\\/\"}}]}<\/script>\n<!-- \/ Yoast SEO plugin. -->","yoast_head_json":{"title":"Tapo TP-Link C500 WLAN \u00dcberwachungskamera Au\u00dfen, 360\u00b0 Sichtbereich, 1080p Aufl\u00f6sung, Bewegungserkennung, Nachtsicht bis zu 30 m, Zwei-Wege-Audio, Kompatibel mit Alexa & Google - Notfallvorsorge - Krisenvorsorge","robots":{"index":"index","follow":"follow","max-snippet":"max-snippet:-1","max-image-preview":"max-image-preview:large","max-video-preview":"max-video-preview:-1"},"canonical":"https:\/\/www.ralti.de\/?product=tapo-tp-link-c500-wlan-uberwachungskamera-ausen-360-sichtbereich-1080p-auflosung-bewegungserkennung-nachtsicht-bis-zu-30-m-zwei-wege-audio-kompatibel-mit-alexa-google","og_locale":"de_DE","og_type":"article","og_title":"Tapo TP-Link C500 WLAN \u00dcberwachungskamera Au\u00dfen, 360\u00b0 Sichtbereich, 1080p Aufl\u00f6sung, Bewegungserkennung, Nachtsicht bis zu 30 m, Zwei-Wege-Audio, Kompatibel mit Alexa & Google - Notfallvorsorge - Krisenvorsorge","og_description":"Das Tapo C500 hat keinen LAN-Anschluss und unterst\u00fctzt nur drahtlose Verbindungen, Gr\u00f6\u00dfe: 123,84*123*90mm(ohne Montagevorlage) 163,6*138*90mm(mit Montagevorlage), Wir empfehlen das Modell Tapo C510W und C520WS, wenn Sie eine 2K-Aufl\u00f6sung und Nachtsicht in Vollfarbe ben\u00f6tigen, Wenn Sie auch eine Ethernet-Verbindung ben\u00f6tigen, w\u00e4hlen Sie bitte Tapo C520WS Bitte beachten Sie, dass dies ein strombetriebenes Modell ist, keine Batteriekamera, Wenn Sie ein Akku-Kamera ben\u00f6tigen, w\u00e4hlen Sie bitte die Tapo C420S2 oder Tapo C425 Aufl\u00f6sung: 1080p Full HD(1920 x 1080 px), Wir empfehlen das Modell Tapo C510W, wenn Sie eine 2K-Aufl\u00f6sung und Nachtsicht in Vollfarbe ben\u00f6tigen","og_url":"https:\/\/www.ralti.de\/?product=tapo-tp-link-c500-wlan-uberwachungskamera-ausen-360-sichtbereich-1080p-auflosung-bewegungserkennung-nachtsicht-bis-zu-30-m-zwei-wege-audio-kompatibel-mit-alexa-google","og_site_name":"Notfallvorsorge - Krisenvorsorge","og_image":[{"width":500,"height":500,"url":"https:\/\/m.media-amazon.com\/images\/I\/31t3w-mygbL.jpg","type":"image\/jpeg"}],"twitter_card":"summary_large_image","twitter_misc":{"Gesch\u00e4tzte Lesezeit":"2\u00a0Minuten"},"schema":{"@context":"https:\/\/schema.org","@graph":[{"@type":"WebPage","@id":"https:\/\/www.ralti.de\/?product=tapo-tp-link-c500-wlan-uberwachungskamera-ausen-360-sichtbereich-1080p-auflosung-bewegungserkennung-nachtsicht-bis-zu-30-m-zwei-wege-audio-kompatibel-mit-alexa-google","url":"https:\/\/www.ralti.de\/?product=tapo-tp-link-c500-wlan-uberwachungskamera-ausen-360-sichtbereich-1080p-auflosung-bewegungserkennung-nachtsicht-bis-zu-30-m-zwei-wege-audio-kompatibel-mit-alexa-google","name":"Tapo TP-Link C500 WLAN \u00dcberwachungskamera Au\u00dfen, 360\u00b0 Sichtbereich, 1080p Aufl\u00f6sung, Bewegungserkennung, Nachtsicht bis zu 30 m, Zwei-Wege-Audio, Kompatibel mit Alexa & Google - Notfallvorsorge - Krisenvorsorge","isPartOf":{"@id":"https:\/\/www.ralti.de\/#website"},"primaryImageOfPage":{"@id":"https:\/\/www.ralti.de\/?product=tapo-tp-link-c500-wlan-uberwachungskamera-ausen-360-sichtbereich-1080p-auflosung-bewegungserkennung-nachtsicht-bis-zu-30-m-zwei-wege-audio-kompatibel-mit-alexa-google#primaryimage"},"image":{"@id":"https:\/\/www.ralti.de\/?product=tapo-tp-link-c500-wlan-uberwachungskamera-ausen-360-sichtbereich-1080p-auflosung-bewegungserkennung-nachtsicht-bis-zu-30-m-zwei-wege-audio-kompatibel-mit-alexa-google#primaryimage"},"thumbnailUrl":"https:\/\/m.media-amazon.com\/images\/I\/31t3w-mygbL.jpg","datePublished":"2025-11-25T11:54:11+00:00","breadcrumb":{"@id":"https:\/\/www.ralti.de\/?product=tapo-tp-link-c500-wlan-uberwachungskamera-ausen-360-sichtbereich-1080p-auflosung-bewegungserkennung-nachtsicht-bis-zu-30-m-zwei-wege-audio-kompatibel-mit-alexa-google#breadcrumb"},"inLanguage":"de","potentialAction":[{"@type":"ReadAction","target":["https:\/\/www.ralti.de\/?product=tapo-tp-link-c500-wlan-uberwachungskamera-ausen-360-sichtbereich-1080p-auflosung-bewegungserkennung-nachtsicht-bis-zu-30-m-zwei-wege-audio-kompatibel-mit-alexa-google"]}]},{"@type":"ImageObject","inLanguage":"de","@id":"https:\/\/www.ralti.de\/?product=tapo-tp-link-c500-wlan-uberwachungskamera-ausen-360-sichtbereich-1080p-auflosung-bewegungserkennung-nachtsicht-bis-zu-30-m-zwei-wege-audio-kompatibel-mit-alexa-google#primaryimage","url":"https:\/\/m.media-amazon.com\/images\/I\/31t3w-mygbL.jpg","contentUrl":"https:\/\/m.media-amazon.com\/images\/I\/31t3w-mygbL.jpg","width":500,"height":500},{"@type":"BreadcrumbList","@id":"https:\/\/www.ralti.de\/?product=tapo-tp-link-c500-wlan-uberwachungskamera-ausen-360-sichtbereich-1080p-auflosung-bewegungserkennung-nachtsicht-bis-zu-30-m-zwei-wege-audio-kompatibel-mit-alexa-google#breadcrumb","itemListElement":[{"@type":"ListItem","position":1,"name":"Start","item":"https:\/\/www.ralti.de\/"},{"@type":"ListItem","position":2,"name":"Notfallartikel","item":"https:\/\/www.ralti.de\/?page_id=14189"},{"@type":"ListItem","position":3,"name":"Tapo TP-Link C500 WLAN \u00dcberwachungskamera Au\u00dfen, 360\u00b0 Sichtbereich, 1080p Aufl\u00f6sung, Bewegungserkennung, Nachtsicht bis zu 30 m, Zwei-Wege-Audio, Kompatibel mit Alexa &#038; Google"}]},{"@type":"WebSite","@id":"https:\/\/www.ralti.de\/#website","url":"https:\/\/www.ralti.de\/","name":"Ralti.de","description":"Hier viele gute Angebote","publisher":{"@id":"https:\/\/www.ralti.de\/#organization"},"potentialAction":[{"@type":"SearchAction","target":{"@type":"EntryPoint","urlTemplate":"https:\/\/www.ralti.de\/?s={search_term_string}"},"query-input":{"@type":"PropertyValueSpecification","valueRequired":true,"valueName":"search_term_string"}}],"inLanguage":"de"},{"@type":"Organization","@id":"https:\/\/www.ralti.de\/#organization","name":"Ralti.de","url":"https:\/\/www.ralti.de\/","logo":{"@type":"ImageObject","inLanguage":"de","@id":"https:\/\/www.ralti.de\/#\/schema\/logo\/image\/","url":"https:\/\/www.ralti.de\/wp-content\/uploads\/2025\/11\/ralti.png","contentUrl":"https:\/\/www.ralti.de\/wp-content\/uploads\/2025\/11\/ralti.png","width":240,"height":75,"caption":"Ralti.de"},"image":{"@id":"https:\/\/www.ralti.de\/#\/schema\/logo\/image\/"}}]}},"_links":{"self":[{"href":"https:\/\/www.ralti.de\/index.php?rest_route=\/wp\/v2\/product\/12104","targetHints":{"allow":["GET"]}}],"collection":[{"href":"https:\/\/www.ralti.de\/index.php?rest_route=\/wp\/v2\/product"}],"about":[{"href":"https:\/\/www.ralti.de\/index.php?rest_route=\/wp\/v2\/types\/product"}],"replies":[{"embeddable":true,"href":"https:\/\/www.ralti.de\/index.php?rest_route=%2Fwp%2Fv2%2Fcomments&post=12104"}],"wp:featuredmedia":[{"embeddable":true,"href":"https:\/\/www.ralti.de\/index.php?rest_route=\/wp\/v2\/media\/12105"}],"wp:attachment":[{"href":"https:\/\/www.ralti.de\/index.php?rest_route=%2Fwp%2Fv2%2Fmedia&parent=12104"}],"wp:term":[{"taxonomy":"product_brand","embeddable":true,"href":"https:\/\/www.ralti.de\/index.php?rest_route=%2Fwp%2Fv2%2Fproduct_brand&post=12104"},{"taxonomy":"product_cat","embeddable":true,"href":"https:\/\/www.ralti.de\/index.php?rest_route=%2Fwp%2Fv2%2Fproduct_cat&post=12104"},{"taxonomy":"product_tag","embeddable":true,"href":"https:\/\/www.ralti.de\/index.php?rest_route=%2Fwp%2Fv2%2Fproduct_tag&post=12104"}],"curies":[{"name":"wp","href":"https:\/\/api.w.org\/{rel}","templated":true}]}}