{"id":12491,"date":"2025-11-25T12:02:26","date_gmt":"2025-11-25T12:02:26","guid":{"rendered":"https:\/\/www.ralti.de\/shop-2\/uncategorized\/feng-tactical-military-combat-t-shirt-fur-herren-langarm-slim-fit-camo-shirt-militaruniform-airsoft-zubehor-jagd-wandern\/"},"modified":"2025-11-25T12:02:26","modified_gmt":"2025-11-25T12:02:26","slug":"feng-tactical-military-combat-t-shirt-fur-herren-langarm-slim-fit-camo-shirt-militaruniform-airsoft-zubehor-jagd-wandern","status":"publish","type":"product","link":"https:\/\/www.ralti.de\/?product=feng-tactical-military-combat-t-shirt-fur-herren-langarm-slim-fit-camo-shirt-militaruniform-airsoft-zubehor-jagd-wandern","title":{"rendered":"FENG Tactical Military Combat T-Shirt f\u00fcr Herren Langarm Slim Fit Camo Shirt Milit\u00e4runiform Airsoft Zubeh\u00f6r Jagd Wandern"},"content":{"rendered":"<p><!-- show up to 2 reviews by default --> <\/p>\n<p> <span class=\"a-text-bold\">PRODUKTINFORMATIONEN:<\/span><span><br \/> Warenname: Herren Froschanzug lang\u00e4rmeliges Oberteil<br \/> Farbe: ACU-Tarnung, CP-Tarnung, CP-Schwarz, Dschungeltarnung, Dschungel-Digital, Ruinengelb, Ruinengr\u00fcn,<br \/> Ocean Digital, Schwarz, Schwarz Python, Gr\u00fcn Python, HuangMoSe, Grau, Khaki, Tricolor Desert, Gr\u00fcn, Desert Digital<br \/> Gr\u00f6\u00dfe: S, M, L, XL, 2XL, 3XL, 4XL, 5XL<br \/> Material: 80% Baumwolle, 10% Polyester, 10% Elasthan<br \/> geeignete Jahreszeiten: Fr\u00fchling, Sommer, Herbst, Winter<br \/> \u00c4rmell\u00e4nge: Kurzarm<br \/> Funktion: schnell trocknend, atmungsaktiv<br \/> Anpassung an den Sport: Bergsteigen, Wandern, Laufen, Camping, Reisen usw.<\/p>\n<p> <\/span><span class=\"a-text-bold\"><br \/> Gr\u00f6\u00dfeninformationstabelle (CM):<\/span><span><br \/> S: B\u00fcste 86, L\u00e4nge 65, \u00c4rmell\u00e4nge 70,5<br \/> M: B\u00fcste 90, L\u00e4nge 66,5, \u00c4rmell\u00e4nge 73<br \/> L: Brustumfang 94, L\u00e4nge 68, \u00c4rmell\u00e4nge 75,5<br \/> XL: Brustumfang 98, L\u00e4nge 69,5, \u00c4rmell\u00e4nge 78<br \/> 2XL: B\u00fcste 102, L\u00e4nge 71, \u00c4rmell\u00e4nge 80,5<br \/> 3XL: Brustumfang 106, L\u00e4nge 72,5, \u00c4rmell\u00e4nge 83<br \/> 4XL: B\u00fcste 110, L\u00e4nge 74, \u00c4rmell\u00e4nge 85,5<br \/> 5XL: Brustumfang 114, L\u00e4nge 75,5, \u00c4rmell\u00e4nge 88<\/span> <\/p>\n<div class=\"main-cross-sell\" data-asin=\"B0912NTSSK\">\n\n\t<div class=\"WooZone-cross-sell-loader\">\n\t\t<div>\n\t\t\t<div id=\"floatingBarsG\">\n\t\t\t\t<div class=\"blockG\" id=\"rotateG_01\"><\/div>\n\t\t\t\t<div class=\"blockG\" id=\"rotateG_02\"><\/div>\n\t\t\t\t<div class=\"blockG\" id=\"rotateG_03\"><\/div>\n\t\t\t\t<div class=\"blockG\" id=\"rotateG_04\"><\/div>\n\t\t\t\t<div class=\"blockG\" id=\"rotateG_05\"><\/div>\n\t\t\t\t<div class=\"blockG\" id=\"rotateG_06\"><\/div>\n\t\t\t\t<div class=\"blockG\" id=\"rotateG_07\"><\/div>\n\t\t\t\t<div class=\"blockG\" id=\"rotateG_08\"><\/div>\n\t\t\t<\/div>\n\t\t\t<div class=\"WooZone-cross-sell-loader-text\"><\/div>\n\t\t<\/div>\n\t<\/div>\n\n\t\t\n<\/div>\n<div style=\"clear:both;\"><\/div>\n","protected":false},"excerpt":{"rendered":"<p>PRODUKTINFORMATIONEN: Warenname: Herren Froschanzug lang\u00e4rmeliges Oberteil Farbe: ACU-Tarnung, CP-Tarnung, CP-Schwarz, Dschungeltarnung, Dschungel-Digital, Ruinengelb, Ruinengr\u00fcn, Ocean Digital, Schwarz, Schwarz Python, Gr\u00fcn Python, HuangMoSe, Grau, Khaki, Tricolor Desert, Gr\u00fcn, Desert Digital Gr\u00f6\u00dfe: S, M, L, XL, 2XL, 3XL, 4XL, 5XL Material: 80% Baumwolle, 10% Polyester, 10% Elasthan&hellip;<\/p>\n","protected":false},"featured_media":12492,"comment_status":"open","ping_status":"closed","template":"","meta":{"_acf_changed":false},"product_brand":[],"product_cat":[262,264],"product_tag":[],"class_list":{"0":"post-12491","1":"product","2":"type-product","3":"status-publish","4":"has-post-thumbnail","6":"product_cat-sicherheit","7":"product_cat-taktische-bekleidung","9":"first","10":"instock","11":"shipping-taxable","12":"product-type-external"},"acf":[],"yoast_head":"<!-- This site is optimized with the Yoast SEO plugin v27.3 - https:\/\/yoast.com\/product\/yoast-seo-wordpress\/ -->\n<title>FENG Tactical Military Combat T-Shirt f\u00fcr Herren Langarm Slim Fit Camo Shirt Milit\u00e4runiform Airsoft Zubeh\u00f6r Jagd Wandern - Notfallvorsorge - Krisenvorsorge<\/title>\n<meta name=\"robots\" content=\"index, follow, max-snippet:-1, max-image-preview:large, max-video-preview:-1\" \/>\n<link rel=\"canonical\" href=\"https:\/\/www.ralti.de\/?product=feng-tactical-military-combat-t-shirt-fur-herren-langarm-slim-fit-camo-shirt-militaruniform-airsoft-zubehor-jagd-wandern\" \/>\n<meta property=\"og:locale\" content=\"de_DE\" \/>\n<meta property=\"og:type\" content=\"article\" \/>\n<meta property=\"og:title\" content=\"FENG Tactical Military Combat T-Shirt f\u00fcr Herren Langarm Slim Fit Camo Shirt Milit\u00e4runiform Airsoft Zubeh\u00f6r Jagd Wandern - Notfallvorsorge - Krisenvorsorge\" \/>\n<meta property=\"og:description\" content=\"PRODUKTINFORMATIONEN: Warenname: Herren Froschanzug lang\u00e4rmeliges Oberteil Farbe: ACU-Tarnung, CP-Tarnung, CP-Schwarz, Dschungeltarnung, Dschungel-Digital, Ruinengelb, Ruinengr\u00fcn, Ocean Digital, Schwarz, Schwarz Python, Gr\u00fcn Python, HuangMoSe, Grau, Khaki, Tricolor Desert, Gr\u00fcn, Desert Digital Gr\u00f6\u00dfe: S, M, L, XL, 2XL, 3XL, 4XL, 5XL Material: 80% Baumwolle, 10% Polyester, 10% Elasthan&hellip;\" \/>\n<meta property=\"og:url\" content=\"https:\/\/www.ralti.de\/?product=feng-tactical-military-combat-t-shirt-fur-herren-langarm-slim-fit-camo-shirt-militaruniform-airsoft-zubehor-jagd-wandern\" \/>\n<meta property=\"og:site_name\" content=\"Notfallvorsorge - Krisenvorsorge\" \/>\n<meta property=\"og:image\" content=\"https:\/\/m.media-amazon.com\/images\/I\/41aDUCwM+HL.jpg\" \/>\n\t<meta property=\"og:image:width\" content=\"500\" \/>\n\t<meta property=\"og:image:height\" content=\"500\" \/>\n\t<meta property=\"og:image:type\" content=\"image\/jpeg\" \/>\n<meta name=\"twitter:card\" content=\"summary_large_image\" \/>\n<meta name=\"twitter:label1\" content=\"Gesch\u00e4tzte Lesezeit\" \/>\n\t<meta name=\"twitter:data1\" content=\"1\u00a0Minute\" \/>\n<script type=\"application\/ld+json\" class=\"yoast-schema-graph\">{\"@context\":\"https:\\\/\\\/schema.org\",\"@graph\":[{\"@type\":\"WebPage\",\"@id\":\"https:\\\/\\\/www.ralti.de\\\/?product=feng-tactical-military-combat-t-shirt-fur-herren-langarm-slim-fit-camo-shirt-militaruniform-airsoft-zubehor-jagd-wandern\",\"url\":\"https:\\\/\\\/www.ralti.de\\\/?product=feng-tactical-military-combat-t-shirt-fur-herren-langarm-slim-fit-camo-shirt-militaruniform-airsoft-zubehor-jagd-wandern\",\"name\":\"FENG Tactical Military Combat T-Shirt f\u00fcr Herren Langarm Slim Fit Camo Shirt Milit\u00e4runiform Airsoft Zubeh\u00f6r Jagd Wandern - Notfallvorsorge - Krisenvorsorge\",\"isPartOf\":{\"@id\":\"https:\\\/\\\/www.ralti.de\\\/#website\"},\"primaryImageOfPage\":{\"@id\":\"https:\\\/\\\/www.ralti.de\\\/?product=feng-tactical-military-combat-t-shirt-fur-herren-langarm-slim-fit-camo-shirt-militaruniform-airsoft-zubehor-jagd-wandern#primaryimage\"},\"image\":{\"@id\":\"https:\\\/\\\/www.ralti.de\\\/?product=feng-tactical-military-combat-t-shirt-fur-herren-langarm-slim-fit-camo-shirt-militaruniform-airsoft-zubehor-jagd-wandern#primaryimage\"},\"thumbnailUrl\":\"https:\\\/\\\/m.media-amazon.com\\\/images\\\/I\\\/41aDUCwM+HL.jpg\",\"datePublished\":\"2025-11-25T12:02:26+00:00\",\"breadcrumb\":{\"@id\":\"https:\\\/\\\/www.ralti.de\\\/?product=feng-tactical-military-combat-t-shirt-fur-herren-langarm-slim-fit-camo-shirt-militaruniform-airsoft-zubehor-jagd-wandern#breadcrumb\"},\"inLanguage\":\"de\",\"potentialAction\":[{\"@type\":\"ReadAction\",\"target\":[\"https:\\\/\\\/www.ralti.de\\\/?product=feng-tactical-military-combat-t-shirt-fur-herren-langarm-slim-fit-camo-shirt-militaruniform-airsoft-zubehor-jagd-wandern\"]}]},{\"@type\":\"ImageObject\",\"inLanguage\":\"de\",\"@id\":\"https:\\\/\\\/www.ralti.de\\\/?product=feng-tactical-military-combat-t-shirt-fur-herren-langarm-slim-fit-camo-shirt-militaruniform-airsoft-zubehor-jagd-wandern#primaryimage\",\"url\":\"https:\\\/\\\/m.media-amazon.com\\\/images\\\/I\\\/41aDUCwM+HL.jpg\",\"contentUrl\":\"https:\\\/\\\/m.media-amazon.com\\\/images\\\/I\\\/41aDUCwM+HL.jpg\",\"width\":500,\"height\":500},{\"@type\":\"BreadcrumbList\",\"@id\":\"https:\\\/\\\/www.ralti.de\\\/?product=feng-tactical-military-combat-t-shirt-fur-herren-langarm-slim-fit-camo-shirt-militaruniform-airsoft-zubehor-jagd-wandern#breadcrumb\",\"itemListElement\":[{\"@type\":\"ListItem\",\"position\":1,\"name\":\"Start\",\"item\":\"https:\\\/\\\/www.ralti.de\\\/\"},{\"@type\":\"ListItem\",\"position\":2,\"name\":\"Notfallartikel\",\"item\":\"https:\\\/\\\/www.ralti.de\\\/?page_id=14189\"},{\"@type\":\"ListItem\",\"position\":3,\"name\":\"FENG Tactical Military Combat T-Shirt f\u00fcr Herren Langarm Slim Fit Camo Shirt Milit\u00e4runiform Airsoft Zubeh\u00f6r Jagd Wandern\"}]},{\"@type\":\"WebSite\",\"@id\":\"https:\\\/\\\/www.ralti.de\\\/#website\",\"url\":\"https:\\\/\\\/www.ralti.de\\\/\",\"name\":\"Ralti.de\",\"description\":\"Hier viele gute Angebote\",\"publisher\":{\"@id\":\"https:\\\/\\\/www.ralti.de\\\/#organization\"},\"potentialAction\":[{\"@type\":\"SearchAction\",\"target\":{\"@type\":\"EntryPoint\",\"urlTemplate\":\"https:\\\/\\\/www.ralti.de\\\/?s={search_term_string}\"},\"query-input\":{\"@type\":\"PropertyValueSpecification\",\"valueRequired\":true,\"valueName\":\"search_term_string\"}}],\"inLanguage\":\"de\"},{\"@type\":\"Organization\",\"@id\":\"https:\\\/\\\/www.ralti.de\\\/#organization\",\"name\":\"Ralti.de\",\"url\":\"https:\\\/\\\/www.ralti.de\\\/\",\"logo\":{\"@type\":\"ImageObject\",\"inLanguage\":\"de\",\"@id\":\"https:\\\/\\\/www.ralti.de\\\/#\\\/schema\\\/logo\\\/image\\\/\",\"url\":\"https:\\\/\\\/www.ralti.de\\\/wp-content\\\/uploads\\\/2025\\\/11\\\/ralti.png\",\"contentUrl\":\"https:\\\/\\\/www.ralti.de\\\/wp-content\\\/uploads\\\/2025\\\/11\\\/ralti.png\",\"width\":240,\"height\":75,\"caption\":\"Ralti.de\"},\"image\":{\"@id\":\"https:\\\/\\\/www.ralti.de\\\/#\\\/schema\\\/logo\\\/image\\\/\"}}]}<\/script>\n<!-- \/ Yoast SEO plugin. -->","yoast_head_json":{"title":"FENG Tactical Military Combat T-Shirt f\u00fcr Herren Langarm Slim Fit Camo Shirt Milit\u00e4runiform Airsoft Zubeh\u00f6r Jagd Wandern - Notfallvorsorge - Krisenvorsorge","robots":{"index":"index","follow":"follow","max-snippet":"max-snippet:-1","max-image-preview":"max-image-preview:large","max-video-preview":"max-video-preview:-1"},"canonical":"https:\/\/www.ralti.de\/?product=feng-tactical-military-combat-t-shirt-fur-herren-langarm-slim-fit-camo-shirt-militaruniform-airsoft-zubehor-jagd-wandern","og_locale":"de_DE","og_type":"article","og_title":"FENG Tactical Military Combat T-Shirt f\u00fcr Herren Langarm Slim Fit Camo Shirt Milit\u00e4runiform Airsoft Zubeh\u00f6r Jagd Wandern - Notfallvorsorge - Krisenvorsorge","og_description":"PRODUKTINFORMATIONEN: Warenname: Herren Froschanzug lang\u00e4rmeliges Oberteil Farbe: ACU-Tarnung, CP-Tarnung, CP-Schwarz, Dschungeltarnung, Dschungel-Digital, Ruinengelb, Ruinengr\u00fcn, Ocean Digital, Schwarz, Schwarz Python, Gr\u00fcn Python, HuangMoSe, Grau, Khaki, Tricolor Desert, Gr\u00fcn, Desert Digital Gr\u00f6\u00dfe: S, M, L, XL, 2XL, 3XL, 4XL, 5XL Material: 80% Baumwolle, 10% Polyester, 10% Elasthan&hellip;","og_url":"https:\/\/www.ralti.de\/?product=feng-tactical-military-combat-t-shirt-fur-herren-langarm-slim-fit-camo-shirt-militaruniform-airsoft-zubehor-jagd-wandern","og_site_name":"Notfallvorsorge - Krisenvorsorge","og_image":[{"width":500,"height":500,"url":"https:\/\/m.media-amazon.com\/images\/I\/41aDUCwM+HL.jpg","type":"image\/jpeg"}],"twitter_card":"summary_large_image","twitter_misc":{"Gesch\u00e4tzte Lesezeit":"1\u00a0Minute"},"schema":{"@context":"https:\/\/schema.org","@graph":[{"@type":"WebPage","@id":"https:\/\/www.ralti.de\/?product=feng-tactical-military-combat-t-shirt-fur-herren-langarm-slim-fit-camo-shirt-militaruniform-airsoft-zubehor-jagd-wandern","url":"https:\/\/www.ralti.de\/?product=feng-tactical-military-combat-t-shirt-fur-herren-langarm-slim-fit-camo-shirt-militaruniform-airsoft-zubehor-jagd-wandern","name":"FENG Tactical Military Combat T-Shirt f\u00fcr Herren Langarm Slim Fit Camo Shirt Milit\u00e4runiform Airsoft Zubeh\u00f6r Jagd Wandern - Notfallvorsorge - Krisenvorsorge","isPartOf":{"@id":"https:\/\/www.ralti.de\/#website"},"primaryImageOfPage":{"@id":"https:\/\/www.ralti.de\/?product=feng-tactical-military-combat-t-shirt-fur-herren-langarm-slim-fit-camo-shirt-militaruniform-airsoft-zubehor-jagd-wandern#primaryimage"},"image":{"@id":"https:\/\/www.ralti.de\/?product=feng-tactical-military-combat-t-shirt-fur-herren-langarm-slim-fit-camo-shirt-militaruniform-airsoft-zubehor-jagd-wandern#primaryimage"},"thumbnailUrl":"https:\/\/m.media-amazon.com\/images\/I\/41aDUCwM+HL.jpg","datePublished":"2025-11-25T12:02:26+00:00","breadcrumb":{"@id":"https:\/\/www.ralti.de\/?product=feng-tactical-military-combat-t-shirt-fur-herren-langarm-slim-fit-camo-shirt-militaruniform-airsoft-zubehor-jagd-wandern#breadcrumb"},"inLanguage":"de","potentialAction":[{"@type":"ReadAction","target":["https:\/\/www.ralti.de\/?product=feng-tactical-military-combat-t-shirt-fur-herren-langarm-slim-fit-camo-shirt-militaruniform-airsoft-zubehor-jagd-wandern"]}]},{"@type":"ImageObject","inLanguage":"de","@id":"https:\/\/www.ralti.de\/?product=feng-tactical-military-combat-t-shirt-fur-herren-langarm-slim-fit-camo-shirt-militaruniform-airsoft-zubehor-jagd-wandern#primaryimage","url":"https:\/\/m.media-amazon.com\/images\/I\/41aDUCwM+HL.jpg","contentUrl":"https:\/\/m.media-amazon.com\/images\/I\/41aDUCwM+HL.jpg","width":500,"height":500},{"@type":"BreadcrumbList","@id":"https:\/\/www.ralti.de\/?product=feng-tactical-military-combat-t-shirt-fur-herren-langarm-slim-fit-camo-shirt-militaruniform-airsoft-zubehor-jagd-wandern#breadcrumb","itemListElement":[{"@type":"ListItem","position":1,"name":"Start","item":"https:\/\/www.ralti.de\/"},{"@type":"ListItem","position":2,"name":"Notfallartikel","item":"https:\/\/www.ralti.de\/?page_id=14189"},{"@type":"ListItem","position":3,"name":"FENG Tactical Military Combat T-Shirt f\u00fcr Herren Langarm Slim Fit Camo Shirt Milit\u00e4runiform Airsoft Zubeh\u00f6r Jagd Wandern"}]},{"@type":"WebSite","@id":"https:\/\/www.ralti.de\/#website","url":"https:\/\/www.ralti.de\/","name":"Ralti.de","description":"Hier viele gute Angebote","publisher":{"@id":"https:\/\/www.ralti.de\/#organization"},"potentialAction":[{"@type":"SearchAction","target":{"@type":"EntryPoint","urlTemplate":"https:\/\/www.ralti.de\/?s={search_term_string}"},"query-input":{"@type":"PropertyValueSpecification","valueRequired":true,"valueName":"search_term_string"}}],"inLanguage":"de"},{"@type":"Organization","@id":"https:\/\/www.ralti.de\/#organization","name":"Ralti.de","url":"https:\/\/www.ralti.de\/","logo":{"@type":"ImageObject","inLanguage":"de","@id":"https:\/\/www.ralti.de\/#\/schema\/logo\/image\/","url":"https:\/\/www.ralti.de\/wp-content\/uploads\/2025\/11\/ralti.png","contentUrl":"https:\/\/www.ralti.de\/wp-content\/uploads\/2025\/11\/ralti.png","width":240,"height":75,"caption":"Ralti.de"},"image":{"@id":"https:\/\/www.ralti.de\/#\/schema\/logo\/image\/"}}]}},"_links":{"self":[{"href":"https:\/\/www.ralti.de\/index.php?rest_route=\/wp\/v2\/product\/12491","targetHints":{"allow":["GET"]}}],"collection":[{"href":"https:\/\/www.ralti.de\/index.php?rest_route=\/wp\/v2\/product"}],"about":[{"href":"https:\/\/www.ralti.de\/index.php?rest_route=\/wp\/v2\/types\/product"}],"replies":[{"embeddable":true,"href":"https:\/\/www.ralti.de\/index.php?rest_route=%2Fwp%2Fv2%2Fcomments&post=12491"}],"wp:featuredmedia":[{"embeddable":true,"href":"https:\/\/www.ralti.de\/index.php?rest_route=\/wp\/v2\/media\/12492"}],"wp:attachment":[{"href":"https:\/\/www.ralti.de\/index.php?rest_route=%2Fwp%2Fv2%2Fmedia&parent=12491"}],"wp:term":[{"taxonomy":"product_brand","embeddable":true,"href":"https:\/\/www.ralti.de\/index.php?rest_route=%2Fwp%2Fv2%2Fproduct_brand&post=12491"},{"taxonomy":"product_cat","embeddable":true,"href":"https:\/\/www.ralti.de\/index.php?rest_route=%2Fwp%2Fv2%2Fproduct_cat&post=12491"},{"taxonomy":"product_tag","embeddable":true,"href":"https:\/\/www.ralti.de\/index.php?rest_route=%2Fwp%2Fv2%2Fproduct_tag&post=12491"}],"curies":[{"name":"wp","href":"https:\/\/api.w.org\/{rel}","templated":true}]}}