{"id":12620,"date":"2025-11-25T12:04:40","date_gmt":"2025-11-25T12:04:40","guid":{"rendered":"https:\/\/www.ralti.de\/shop-2\/uncategorized\/multifunktional-rettungsdecke-rettungsdecke-multifunktional-rettungsfolie-3-stuck-160-210cm-universal-warmedecken-wasserdicht-und-winddicht-perfekt-fur-wandern-camping-skifahren-marathon\/"},"modified":"2025-11-25T12:04:40","modified_gmt":"2025-11-25T12:04:40","slug":"multifunktional-rettungsdecke-rettungsdecke-multifunktional-rettungsfolie-3-stuck-160-210cm-universal-warmedecken-wasserdicht-und-winddicht-perfekt-fur-wandern-camping-skifahren-marathon","status":"publish","type":"product","link":"https:\/\/www.ralti.de\/?product=multifunktional-rettungsdecke-rettungsdecke-multifunktional-rettungsfolie-3-stuck-160-210cm-universal-warmedecken-wasserdicht-und-winddicht-perfekt-fur-wandern-camping-skifahren-marathon","title":{"rendered":"Multifunktional Rettungsdecke, Rettungsdecke, Multifunktional Rettungsfolie, 3 St\u00fcck 160 * 210cm Universal W\u00e4rmedecken, Wasserdicht und Winddicht, Perfekt f\u00fcr Wandern, Camping, Skifahren, Marathon"},"content":{"rendered":"<p><!-- show up to 2 reviews by default --> <\/p>\n<p> <span>Multifunktional Rettungsdecke, Rettungsdecke, Multifunktional Rettungsfolie, 3 St\u00fcck 160*210cm Universal W\u00e4rmedecken, Wasserdicht und Winddicht, Perfekt f\u00fcr Wandern, Camping, Skifahren, Marathon<\/span> <\/p>\n<p>Aus PET-Folie gefertigt, reflektiert unsere Rettungsdecke bis zu 90% der K\u00f6rperw\u00e4rme, dank ihrer exzellenten W\u00e4rmeisolationsf\u00e4higkeiteIdeal zum Schutz vor Witterungseinfl\u00fcssen.<br \/>\nMit Abmessungen von 64 x 84 Zoll ist sie gro\u00df genug, um jeden K\u00f6rpertyp zu bedeckeIhre D\u00fcnnheit erm\u00f6glicht einfaches Falten, was Transport und Lagerung erleichtert.<br \/>\n\u00c4u\u00dferst leicht und kompakt, wenn sie zusammengefaltet ist, passt sie m\u00fchelos in einen Erste-Hilfe-Kasten, eine Tasche oder einen Rucksack, so dass sie immer griffbereit ist, wenn sie ben\u00f6tigt wird.<br \/>\nSie ist Ihr Begleiter bei jedem Wetter, bewahrt W\u00e4rme und Komfort unter extremsten Wetterbedingungen und ist perfekt f\u00fcr Notf\u00e4lle und unerwartete Situationen.<br \/>\nVielseitig einsetzbar, kann sie beim Camping, Wandern, als Sonnenreflektor, Notsignal, Matte, Wassersammler und vieles mehr dieneSie ist f\u00fcr mehr als nur Notfallsituationen konzipiert.<br \/>\n<div class=\"main-cross-sell\" data-asin=\"B0CD969RR4\">\n\n\t<div class=\"WooZone-cross-sell-loader\">\n\t\t<div>\n\t\t\t<div id=\"floatingBarsG\">\n\t\t\t\t<div class=\"blockG\" id=\"rotateG_01\"><\/div>\n\t\t\t\t<div class=\"blockG\" id=\"rotateG_02\"><\/div>\n\t\t\t\t<div class=\"blockG\" id=\"rotateG_03\"><\/div>\n\t\t\t\t<div class=\"blockG\" id=\"rotateG_04\"><\/div>\n\t\t\t\t<div class=\"blockG\" id=\"rotateG_05\"><\/div>\n\t\t\t\t<div class=\"blockG\" id=\"rotateG_06\"><\/div>\n\t\t\t\t<div class=\"blockG\" id=\"rotateG_07\"><\/div>\n\t\t\t\t<div class=\"blockG\" id=\"rotateG_08\"><\/div>\n\t\t\t<\/div>\n\t\t\t<div class=\"WooZone-cross-sell-loader-text\"><\/div>\n\t\t<\/div>\n\t<\/div>\n\n\t\t\n<\/div>\n<div style=\"clear:both;\"><\/div>\n","protected":false},"excerpt":{"rendered":"<p>Aus PET-Folie gefertigt, reflektiert unsere Rettungsdecke bis zu 90% der K\u00f6rperw\u00e4rme, dank ihrer exzellenten W\u00e4rmeisolationsf\u00e4higkeiteIdeal zum Schutz vor Witterungseinfl\u00fcssen.<br \/>\nMit Abmessungen von 64 x 84 Zoll ist sie gro\u00df genug, um jeden K\u00f6rpertyp zu bedeckeIhre D\u00fcnnheit erm\u00f6glicht einfaches Falten, was Transport und Lagerung erleichtert.<br \/>\n\u00c4u\u00dferst leicht und kompakt, wenn sie zusammengefaltet ist, passt sie m\u00fchelos in einen Erste-Hilfe-Kasten, eine Tasche oder einen Rucksack, so dass sie immer griffbereit ist, wenn sie ben\u00f6tigt wird.<\/p>\n","protected":false},"featured_media":12622,"comment_status":"open","ping_status":"closed","template":"","meta":{"_acf_changed":false},"product_brand":[],"product_cat":[273,268],"product_tag":[],"class_list":{"0":"post-12620","1":"product","2":"type-product","3":"status-publish","4":"has-post-thumbnail","6":"product_cat-rettungsdecken","7":"product_cat-unterschlupf","9":"first","10":"instock","11":"shipping-taxable","12":"product-type-external"},"acf":[],"yoast_head":"<!-- This site is optimized with the Yoast SEO plugin v27.3 - https:\/\/yoast.com\/product\/yoast-seo-wordpress\/ -->\n<title>Multifunktional Rettungsdecke, Rettungsdecke, Multifunktional Rettungsfolie, 3 St\u00fcck 160 * 210cm Universal W\u00e4rmedecken, Wasserdicht und Winddicht, Perfekt f\u00fcr Wandern, Camping, Skifahren, Marathon - Notfallvorsorge - Krisenvorsorge<\/title>\n<meta name=\"robots\" content=\"index, follow, max-snippet:-1, max-image-preview:large, max-video-preview:-1\" \/>\n<link rel=\"canonical\" href=\"https:\/\/www.ralti.de\/?product=multifunktional-rettungsdecke-rettungsdecke-multifunktional-rettungsfolie-3-stuck-160-210cm-universal-warmedecken-wasserdicht-und-winddicht-perfekt-fur-wandern-camping-skifahren-marathon\" \/>\n<meta property=\"og:locale\" content=\"de_DE\" \/>\n<meta property=\"og:type\" content=\"article\" \/>\n<meta property=\"og:title\" content=\"Multifunktional Rettungsdecke, Rettungsdecke, Multifunktional Rettungsfolie, 3 St\u00fcck 160 * 210cm Universal W\u00e4rmedecken, Wasserdicht und Winddicht, Perfekt f\u00fcr Wandern, Camping, Skifahren, Marathon - Notfallvorsorge - Krisenvorsorge\" \/>\n<meta property=\"og:description\" content=\"Aus PET-Folie gefertigt, reflektiert unsere Rettungsdecke bis zu 90% der K\u00f6rperw\u00e4rme, dank ihrer exzellenten W\u00e4rmeisolationsf\u00e4higkeiteIdeal zum Schutz vor Witterungseinfl\u00fcssen. Mit Abmessungen von 64 x 84 Zoll ist sie gro\u00df genug, um jeden K\u00f6rpertyp zu bedeckeIhre D\u00fcnnheit erm\u00f6glicht einfaches Falten, was Transport und Lagerung erleichtert. \u00c4u\u00dferst leicht und kompakt, wenn sie zusammengefaltet ist, passt sie m\u00fchelos in einen Erste-Hilfe-Kasten, eine Tasche oder einen Rucksack, so dass sie immer griffbereit ist, wenn sie ben\u00f6tigt wird.\" \/>\n<meta property=\"og:url\" content=\"https:\/\/www.ralti.de\/?product=multifunktional-rettungsdecke-rettungsdecke-multifunktional-rettungsfolie-3-stuck-160-210cm-universal-warmedecken-wasserdicht-und-winddicht-perfekt-fur-wandern-camping-skifahren-marathon\" \/>\n<meta property=\"og:site_name\" content=\"Notfallvorsorge - Krisenvorsorge\" \/>\n<meta property=\"og:image\" content=\"https:\/\/m.media-amazon.com\/images\/I\/51BTikb42ML.jpg\" \/>\n\t<meta property=\"og:image:width\" content=\"500\" \/>\n\t<meta property=\"og:image:height\" content=\"500\" \/>\n\t<meta property=\"og:image:type\" content=\"image\/jpeg\" \/>\n<meta name=\"twitter:card\" content=\"summary_large_image\" \/>\n<meta name=\"twitter:label1\" content=\"Gesch\u00e4tzte Lesezeit\" \/>\n\t<meta name=\"twitter:data1\" content=\"1\u00a0Minute\" \/>\n<script type=\"application\/ld+json\" class=\"yoast-schema-graph\">{\"@context\":\"https:\\\/\\\/schema.org\",\"@graph\":[{\"@type\":\"WebPage\",\"@id\":\"https:\\\/\\\/www.ralti.de\\\/?product=multifunktional-rettungsdecke-rettungsdecke-multifunktional-rettungsfolie-3-stuck-160-210cm-universal-warmedecken-wasserdicht-und-winddicht-perfekt-fur-wandern-camping-skifahren-marathon\",\"url\":\"https:\\\/\\\/www.ralti.de\\\/?product=multifunktional-rettungsdecke-rettungsdecke-multifunktional-rettungsfolie-3-stuck-160-210cm-universal-warmedecken-wasserdicht-und-winddicht-perfekt-fur-wandern-camping-skifahren-marathon\",\"name\":\"Multifunktional Rettungsdecke, Rettungsdecke, Multifunktional Rettungsfolie, 3 St\u00fcck 160 * 210cm Universal W\u00e4rmedecken, Wasserdicht und Winddicht, Perfekt f\u00fcr Wandern, Camping, Skifahren, Marathon - Notfallvorsorge - Krisenvorsorge\",\"isPartOf\":{\"@id\":\"https:\\\/\\\/www.ralti.de\\\/#website\"},\"primaryImageOfPage\":{\"@id\":\"https:\\\/\\\/www.ralti.de\\\/?product=multifunktional-rettungsdecke-rettungsdecke-multifunktional-rettungsfolie-3-stuck-160-210cm-universal-warmedecken-wasserdicht-und-winddicht-perfekt-fur-wandern-camping-skifahren-marathon#primaryimage\"},\"image\":{\"@id\":\"https:\\\/\\\/www.ralti.de\\\/?product=multifunktional-rettungsdecke-rettungsdecke-multifunktional-rettungsfolie-3-stuck-160-210cm-universal-warmedecken-wasserdicht-und-winddicht-perfekt-fur-wandern-camping-skifahren-marathon#primaryimage\"},\"thumbnailUrl\":\"https:\\\/\\\/m.media-amazon.com\\\/images\\\/I\\\/51BTikb42ML.jpg\",\"datePublished\":\"2025-11-25T12:04:40+00:00\",\"breadcrumb\":{\"@id\":\"https:\\\/\\\/www.ralti.de\\\/?product=multifunktional-rettungsdecke-rettungsdecke-multifunktional-rettungsfolie-3-stuck-160-210cm-universal-warmedecken-wasserdicht-und-winddicht-perfekt-fur-wandern-camping-skifahren-marathon#breadcrumb\"},\"inLanguage\":\"de\",\"potentialAction\":[{\"@type\":\"ReadAction\",\"target\":[\"https:\\\/\\\/www.ralti.de\\\/?product=multifunktional-rettungsdecke-rettungsdecke-multifunktional-rettungsfolie-3-stuck-160-210cm-universal-warmedecken-wasserdicht-und-winddicht-perfekt-fur-wandern-camping-skifahren-marathon\"]}]},{\"@type\":\"ImageObject\",\"inLanguage\":\"de\",\"@id\":\"https:\\\/\\\/www.ralti.de\\\/?product=multifunktional-rettungsdecke-rettungsdecke-multifunktional-rettungsfolie-3-stuck-160-210cm-universal-warmedecken-wasserdicht-und-winddicht-perfekt-fur-wandern-camping-skifahren-marathon#primaryimage\",\"url\":\"https:\\\/\\\/m.media-amazon.com\\\/images\\\/I\\\/51BTikb42ML.jpg\",\"contentUrl\":\"https:\\\/\\\/m.media-amazon.com\\\/images\\\/I\\\/51BTikb42ML.jpg\",\"width\":500,\"height\":500},{\"@type\":\"BreadcrumbList\",\"@id\":\"https:\\\/\\\/www.ralti.de\\\/?product=multifunktional-rettungsdecke-rettungsdecke-multifunktional-rettungsfolie-3-stuck-160-210cm-universal-warmedecken-wasserdicht-und-winddicht-perfekt-fur-wandern-camping-skifahren-marathon#breadcrumb\",\"itemListElement\":[{\"@type\":\"ListItem\",\"position\":1,\"name\":\"Start\",\"item\":\"https:\\\/\\\/www.ralti.de\\\/\"},{\"@type\":\"ListItem\",\"position\":2,\"name\":\"Notfallartikel\",\"item\":\"https:\\\/\\\/www.ralti.de\\\/?page_id=14189\"},{\"@type\":\"ListItem\",\"position\":3,\"name\":\"Multifunktional Rettungsdecke, Rettungsdecke, Multifunktional Rettungsfolie, 3 St\u00fcck 160 * 210cm Universal W\u00e4rmedecken, Wasserdicht und Winddicht, Perfekt f\u00fcr Wandern, Camping, Skifahren, Marathon\"}]},{\"@type\":\"WebSite\",\"@id\":\"https:\\\/\\\/www.ralti.de\\\/#website\",\"url\":\"https:\\\/\\\/www.ralti.de\\\/\",\"name\":\"Ralti.de\",\"description\":\"Hier viele gute Angebote\",\"publisher\":{\"@id\":\"https:\\\/\\\/www.ralti.de\\\/#organization\"},\"potentialAction\":[{\"@type\":\"SearchAction\",\"target\":{\"@type\":\"EntryPoint\",\"urlTemplate\":\"https:\\\/\\\/www.ralti.de\\\/?s={search_term_string}\"},\"query-input\":{\"@type\":\"PropertyValueSpecification\",\"valueRequired\":true,\"valueName\":\"search_term_string\"}}],\"inLanguage\":\"de\"},{\"@type\":\"Organization\",\"@id\":\"https:\\\/\\\/www.ralti.de\\\/#organization\",\"name\":\"Ralti.de\",\"url\":\"https:\\\/\\\/www.ralti.de\\\/\",\"logo\":{\"@type\":\"ImageObject\",\"inLanguage\":\"de\",\"@id\":\"https:\\\/\\\/www.ralti.de\\\/#\\\/schema\\\/logo\\\/image\\\/\",\"url\":\"https:\\\/\\\/www.ralti.de\\\/wp-content\\\/uploads\\\/2025\\\/11\\\/ralti.png\",\"contentUrl\":\"https:\\\/\\\/www.ralti.de\\\/wp-content\\\/uploads\\\/2025\\\/11\\\/ralti.png\",\"width\":240,\"height\":75,\"caption\":\"Ralti.de\"},\"image\":{\"@id\":\"https:\\\/\\\/www.ralti.de\\\/#\\\/schema\\\/logo\\\/image\\\/\"}}]}<\/script>\n<!-- \/ Yoast SEO plugin. -->","yoast_head_json":{"title":"Multifunktional Rettungsdecke, Rettungsdecke, Multifunktional Rettungsfolie, 3 St\u00fcck 160 * 210cm Universal W\u00e4rmedecken, Wasserdicht und Winddicht, Perfekt f\u00fcr Wandern, Camping, Skifahren, Marathon - Notfallvorsorge - Krisenvorsorge","robots":{"index":"index","follow":"follow","max-snippet":"max-snippet:-1","max-image-preview":"max-image-preview:large","max-video-preview":"max-video-preview:-1"},"canonical":"https:\/\/www.ralti.de\/?product=multifunktional-rettungsdecke-rettungsdecke-multifunktional-rettungsfolie-3-stuck-160-210cm-universal-warmedecken-wasserdicht-und-winddicht-perfekt-fur-wandern-camping-skifahren-marathon","og_locale":"de_DE","og_type":"article","og_title":"Multifunktional Rettungsdecke, Rettungsdecke, Multifunktional Rettungsfolie, 3 St\u00fcck 160 * 210cm Universal W\u00e4rmedecken, Wasserdicht und Winddicht, Perfekt f\u00fcr Wandern, Camping, Skifahren, Marathon - Notfallvorsorge - Krisenvorsorge","og_description":"Aus PET-Folie gefertigt, reflektiert unsere Rettungsdecke bis zu 90% der K\u00f6rperw\u00e4rme, dank ihrer exzellenten W\u00e4rmeisolationsf\u00e4higkeiteIdeal zum Schutz vor Witterungseinfl\u00fcssen. Mit Abmessungen von 64 x 84 Zoll ist sie gro\u00df genug, um jeden K\u00f6rpertyp zu bedeckeIhre D\u00fcnnheit erm\u00f6glicht einfaches Falten, was Transport und Lagerung erleichtert. \u00c4u\u00dferst leicht und kompakt, wenn sie zusammengefaltet ist, passt sie m\u00fchelos in einen Erste-Hilfe-Kasten, eine Tasche oder einen Rucksack, so dass sie immer griffbereit ist, wenn sie ben\u00f6tigt wird.","og_url":"https:\/\/www.ralti.de\/?product=multifunktional-rettungsdecke-rettungsdecke-multifunktional-rettungsfolie-3-stuck-160-210cm-universal-warmedecken-wasserdicht-und-winddicht-perfekt-fur-wandern-camping-skifahren-marathon","og_site_name":"Notfallvorsorge - Krisenvorsorge","og_image":[{"width":500,"height":500,"url":"https:\/\/m.media-amazon.com\/images\/I\/51BTikb42ML.jpg","type":"image\/jpeg"}],"twitter_card":"summary_large_image","twitter_misc":{"Gesch\u00e4tzte Lesezeit":"1\u00a0Minute"},"schema":{"@context":"https:\/\/schema.org","@graph":[{"@type":"WebPage","@id":"https:\/\/www.ralti.de\/?product=multifunktional-rettungsdecke-rettungsdecke-multifunktional-rettungsfolie-3-stuck-160-210cm-universal-warmedecken-wasserdicht-und-winddicht-perfekt-fur-wandern-camping-skifahren-marathon","url":"https:\/\/www.ralti.de\/?product=multifunktional-rettungsdecke-rettungsdecke-multifunktional-rettungsfolie-3-stuck-160-210cm-universal-warmedecken-wasserdicht-und-winddicht-perfekt-fur-wandern-camping-skifahren-marathon","name":"Multifunktional Rettungsdecke, Rettungsdecke, Multifunktional Rettungsfolie, 3 St\u00fcck 160 * 210cm Universal W\u00e4rmedecken, Wasserdicht und Winddicht, Perfekt f\u00fcr Wandern, Camping, Skifahren, Marathon - Notfallvorsorge - Krisenvorsorge","isPartOf":{"@id":"https:\/\/www.ralti.de\/#website"},"primaryImageOfPage":{"@id":"https:\/\/www.ralti.de\/?product=multifunktional-rettungsdecke-rettungsdecke-multifunktional-rettungsfolie-3-stuck-160-210cm-universal-warmedecken-wasserdicht-und-winddicht-perfekt-fur-wandern-camping-skifahren-marathon#primaryimage"},"image":{"@id":"https:\/\/www.ralti.de\/?product=multifunktional-rettungsdecke-rettungsdecke-multifunktional-rettungsfolie-3-stuck-160-210cm-universal-warmedecken-wasserdicht-und-winddicht-perfekt-fur-wandern-camping-skifahren-marathon#primaryimage"},"thumbnailUrl":"https:\/\/m.media-amazon.com\/images\/I\/51BTikb42ML.jpg","datePublished":"2025-11-25T12:04:40+00:00","breadcrumb":{"@id":"https:\/\/www.ralti.de\/?product=multifunktional-rettungsdecke-rettungsdecke-multifunktional-rettungsfolie-3-stuck-160-210cm-universal-warmedecken-wasserdicht-und-winddicht-perfekt-fur-wandern-camping-skifahren-marathon#breadcrumb"},"inLanguage":"de","potentialAction":[{"@type":"ReadAction","target":["https:\/\/www.ralti.de\/?product=multifunktional-rettungsdecke-rettungsdecke-multifunktional-rettungsfolie-3-stuck-160-210cm-universal-warmedecken-wasserdicht-und-winddicht-perfekt-fur-wandern-camping-skifahren-marathon"]}]},{"@type":"ImageObject","inLanguage":"de","@id":"https:\/\/www.ralti.de\/?product=multifunktional-rettungsdecke-rettungsdecke-multifunktional-rettungsfolie-3-stuck-160-210cm-universal-warmedecken-wasserdicht-und-winddicht-perfekt-fur-wandern-camping-skifahren-marathon#primaryimage","url":"https:\/\/m.media-amazon.com\/images\/I\/51BTikb42ML.jpg","contentUrl":"https:\/\/m.media-amazon.com\/images\/I\/51BTikb42ML.jpg","width":500,"height":500},{"@type":"BreadcrumbList","@id":"https:\/\/www.ralti.de\/?product=multifunktional-rettungsdecke-rettungsdecke-multifunktional-rettungsfolie-3-stuck-160-210cm-universal-warmedecken-wasserdicht-und-winddicht-perfekt-fur-wandern-camping-skifahren-marathon#breadcrumb","itemListElement":[{"@type":"ListItem","position":1,"name":"Start","item":"https:\/\/www.ralti.de\/"},{"@type":"ListItem","position":2,"name":"Notfallartikel","item":"https:\/\/www.ralti.de\/?page_id=14189"},{"@type":"ListItem","position":3,"name":"Multifunktional Rettungsdecke, Rettungsdecke, Multifunktional Rettungsfolie, 3 St\u00fcck 160 * 210cm Universal W\u00e4rmedecken, Wasserdicht und Winddicht, Perfekt f\u00fcr Wandern, Camping, Skifahren, Marathon"}]},{"@type":"WebSite","@id":"https:\/\/www.ralti.de\/#website","url":"https:\/\/www.ralti.de\/","name":"Ralti.de","description":"Hier viele gute Angebote","publisher":{"@id":"https:\/\/www.ralti.de\/#organization"},"potentialAction":[{"@type":"SearchAction","target":{"@type":"EntryPoint","urlTemplate":"https:\/\/www.ralti.de\/?s={search_term_string}"},"query-input":{"@type":"PropertyValueSpecification","valueRequired":true,"valueName":"search_term_string"}}],"inLanguage":"de"},{"@type":"Organization","@id":"https:\/\/www.ralti.de\/#organization","name":"Ralti.de","url":"https:\/\/www.ralti.de\/","logo":{"@type":"ImageObject","inLanguage":"de","@id":"https:\/\/www.ralti.de\/#\/schema\/logo\/image\/","url":"https:\/\/www.ralti.de\/wp-content\/uploads\/2025\/11\/ralti.png","contentUrl":"https:\/\/www.ralti.de\/wp-content\/uploads\/2025\/11\/ralti.png","width":240,"height":75,"caption":"Ralti.de"},"image":{"@id":"https:\/\/www.ralti.de\/#\/schema\/logo\/image\/"}}]}},"_links":{"self":[{"href":"https:\/\/www.ralti.de\/index.php?rest_route=\/wp\/v2\/product\/12620","targetHints":{"allow":["GET"]}}],"collection":[{"href":"https:\/\/www.ralti.de\/index.php?rest_route=\/wp\/v2\/product"}],"about":[{"href":"https:\/\/www.ralti.de\/index.php?rest_route=\/wp\/v2\/types\/product"}],"replies":[{"embeddable":true,"href":"https:\/\/www.ralti.de\/index.php?rest_route=%2Fwp%2Fv2%2Fcomments&post=12620"}],"wp:featuredmedia":[{"embeddable":true,"href":"https:\/\/www.ralti.de\/index.php?rest_route=\/wp\/v2\/media\/12622"}],"wp:attachment":[{"href":"https:\/\/www.ralti.de\/index.php?rest_route=%2Fwp%2Fv2%2Fmedia&parent=12620"}],"wp:term":[{"taxonomy":"product_brand","embeddable":true,"href":"https:\/\/www.ralti.de\/index.php?rest_route=%2Fwp%2Fv2%2Fproduct_brand&post=12620"},{"taxonomy":"product_cat","embeddable":true,"href":"https:\/\/www.ralti.de\/index.php?rest_route=%2Fwp%2Fv2%2Fproduct_cat&post=12620"},{"taxonomy":"product_tag","embeddable":true,"href":"https:\/\/www.ralti.de\/index.php?rest_route=%2Fwp%2Fv2%2Fproduct_tag&post=12620"}],"curies":[{"name":"wp","href":"https:\/\/api.w.org\/{rel}","templated":true}]}}