{"id":12907,"date":"2025-11-25T12:05:20","date_gmt":"2025-11-25T12:05:20","guid":{"rendered":"https:\/\/www.ralti.de\/shop-2\/uncategorized\/48-teiliges-taktisches-ausrustungsclip-set-molle-gurtbandbefestigungen-fur-rucksack\/"},"modified":"2025-11-25T12:05:20","modified_gmt":"2025-11-25T12:05:20","slug":"48-teiliges-taktisches-ausrustungsclip-set-molle-gurtbandbefestigungen-fur-rucksack","status":"publish","type":"product","link":"https:\/\/www.ralti.de\/?product=48-teiliges-taktisches-ausrustungsclip-set-molle-gurtbandbefestigungen-fur-rucksack","title":{"rendered":"48 Teiliges Taktisches Ausr\u00fcstungsclip Set Molle Gurtbandbefestigungen f\u00fcr Rucksack"},"content":{"rendered":"<p>\u27bd48PCS Tactical Gear Clip Set &#8211; Das Paket enth\u00e4lt 12 Arten von Zubeh\u00f6r mit unterschiedlichen Funktionen und Formen, einschlie\u00dflich Nylonzubeh\u00f6r &#8211; Olecranon-Haken, Wasserflaschenaufh\u00e4nger, drehbarer Karabinerhaken und gro\u00dfe D-Schnalle 2PCS f\u00fcr jeden; Netzdominatoren, D-Ring-Grimlock-Verschluss und -Schnalle, Gurtband-Sammelclip, Molle-Clip, Wasserschlauchhalter, Schnellverschluss-Federschnalle und Organisationsschnur. 5 St\u00fcck f\u00fcr jedes<br \/>\n\u27bd Verschlei\u00dffestes und langlebiges Material \u2013 Das Hauptmaterial dieser Molle-Anh\u00e4nge Hochwertiges Polypropylen-Gurtband, Metallhaken und Kunststoffmaterial mit Z\u00e4higkeit, die es zu einem wiederverwendbaren, langlebigen Material macht<br \/>\n\u27bd Vielseitiger Tactical Molle Connect &#8211; Molle Zubeh\u00f6r kann individuell an taktischen Westen, Rucks\u00e4cken und G\u00fcrteln befestigt werden oder Sie kombinieren jedes Tactical Pack mit der Bindeschnalle zu einem leistungsstarken Molly System nach Ihren eigenen Nutzungsgewohnheiten<br \/>\n\u27bd Ordentlicher Organizer &#8211; Das Leichtgewicht wird nicht zu viel Druck auf die Ladung aus\u00fcben, und alle verstreuten kleinen Zubeh\u00f6rteile k\u00f6nnen an ihren jeweiligen Positionen platziert werden, was bequem zu verwenden ist und die Tragf\u00e4higkeit des Rucksacks erh\u00f6ht, um mehr Dinge aufzunehmen<br \/>\n\u27bd Umfassende Werkzeuge zur Vorbereitung &#8211; Das Set ber\u00fccksichtigt mehr Aspekte der Wasserquelle, Aufh\u00e4ngung, Aufbewahrung und taktischen Modulverbindung, was dazu beitr\u00e4gt, die Wasserflaschen, Taschenlampen, Kocht\u00f6pfe, Teleskope und andere Gegenst\u00e4nde, die unterwegs ben\u00f6tigt werden, besser zu tragen. Alle Arten von Notf\u00e4llen, die beim Wandern, Bergsteigen und Erkunden des Dschungels auftreten, k\u00f6nnen erledigt werden<br \/>\n<div class=\"main-cross-sell\" data-asin=\"B0BBV7ZB72\">\n\n\t<div class=\"WooZone-cross-sell-loader\">\n\t\t<div>\n\t\t\t<div id=\"floatingBarsG\">\n\t\t\t\t<div class=\"blockG\" id=\"rotateG_01\"><\/div>\n\t\t\t\t<div class=\"blockG\" id=\"rotateG_02\"><\/div>\n\t\t\t\t<div class=\"blockG\" id=\"rotateG_03\"><\/div>\n\t\t\t\t<div class=\"blockG\" id=\"rotateG_04\"><\/div>\n\t\t\t\t<div class=\"blockG\" id=\"rotateG_05\"><\/div>\n\t\t\t\t<div class=\"blockG\" id=\"rotateG_06\"><\/div>\n\t\t\t\t<div class=\"blockG\" id=\"rotateG_07\"><\/div>\n\t\t\t\t<div class=\"blockG\" id=\"rotateG_08\"><\/div>\n\t\t\t<\/div>\n\t\t\t<div class=\"WooZone-cross-sell-loader-text\"><\/div>\n\t\t<\/div>\n\t<\/div>\n\n\t\t\n<\/div>\n<div style=\"clear:both;\"><\/div>\n","protected":false},"excerpt":{"rendered":"<p>\u27bd48PCS Tactical Gear Clip Set &#8211; Das Paket enth\u00e4lt 12 Arten von Zubeh\u00f6r mit unterschiedlichen Funktionen und Formen, einschlie\u00dflich Nylonzubeh\u00f6r &#8211; Olecranon-Haken, Wasserflaschenaufh\u00e4nger, drehbarer Karabinerhaken und gro\u00dfe D-Schnalle 2PCS f\u00fcr jeden; Netzdominatoren, D-Ring-Grimlock-Verschluss und -Schnalle, Gurtband-Sammelclip, Molle-Clip, Wasserschlauchhalter, Schnellverschluss-Federschnalle und Organisationsschnur. 5 St\u00fcck f\u00fcr jedes<br \/>\n\u27bd Verschlei\u00dffestes und langlebiges Material \u2013 Das Hauptmaterial dieser Molle-Anh\u00e4nge Hochwertiges Polypropylen-Gurtband, Metallhaken und Kunststoffmaterial mit Z\u00e4higkeit, die es zu einem wiederverwendbaren, langlebigen Material macht<br \/>\n\u27bd Vielseitiger Tactical Molle Connect &#8211; Molle Zubeh\u00f6r kann individuell an taktischen Westen, Rucks\u00e4cken und G\u00fcrteln befestigt werden oder Sie kombinieren jedes Tactical Pack mit der Bindeschnalle zu einem leistungsstarken Molly System nach Ihren eigenen Nutzungsgewohnheiten<\/p>\n","protected":false},"featured_media":12908,"comment_status":"open","ping_status":"closed","template":"","meta":{"_acf_changed":false},"product_brand":[],"product_cat":[262,263],"product_tag":[],"class_list":{"0":"post-12907","1":"product","2":"type-product","3":"status-publish","4":"has-post-thumbnail","6":"product_cat-sicherheit","7":"product_cat-taktische-ausrustung","9":"first","10":"instock","11":"shipping-taxable","12":"product-type-external"},"acf":[],"yoast_head":"<!-- This site is optimized with the Yoast SEO plugin v27.6 - https:\/\/yoast.com\/product\/yoast-seo-wordpress\/ -->\n<title>48 Teiliges Taktisches Ausr\u00fcstungsclip Set Molle Gurtbandbefestigungen f\u00fcr Rucksack - Notfallvorsorge - Krisenvorsorge<\/title>\n<meta name=\"robots\" content=\"index, follow, max-snippet:-1, max-image-preview:large, max-video-preview:-1\" \/>\n<link rel=\"canonical\" href=\"https:\/\/www.ralti.de\/?product=48-teiliges-taktisches-ausrustungsclip-set-molle-gurtbandbefestigungen-fur-rucksack\" \/>\n<meta property=\"og:locale\" content=\"de_DE\" \/>\n<meta property=\"og:type\" content=\"article\" \/>\n<meta property=\"og:title\" content=\"48 Teiliges Taktisches Ausr\u00fcstungsclip Set Molle Gurtbandbefestigungen f\u00fcr Rucksack - Notfallvorsorge - Krisenvorsorge\" \/>\n<meta property=\"og:description\" content=\"\u27bd48PCS Tactical Gear Clip Set - Das Paket enth\u00e4lt 12 Arten von Zubeh\u00f6r mit unterschiedlichen Funktionen und Formen, einschlie\u00dflich Nylonzubeh\u00f6r - Olecranon-Haken, Wasserflaschenaufh\u00e4nger, drehbarer Karabinerhaken und gro\u00dfe D-Schnalle 2PCS f\u00fcr jeden; Netzdominatoren, D-Ring-Grimlock-Verschluss und -Schnalle, Gurtband-Sammelclip, Molle-Clip, Wasserschlauchhalter, Schnellverschluss-Federschnalle und Organisationsschnur. 5 St\u00fcck f\u00fcr jedes \u27bd Verschlei\u00dffestes und langlebiges Material \u2013 Das Hauptmaterial dieser Molle-Anh\u00e4nge Hochwertiges Polypropylen-Gurtband, Metallhaken und Kunststoffmaterial mit Z\u00e4higkeit, die es zu einem wiederverwendbaren, langlebigen Material macht \u27bd Vielseitiger Tactical Molle Connect - Molle Zubeh\u00f6r kann individuell an taktischen Westen, Rucks\u00e4cken und G\u00fcrteln befestigt werden oder Sie kombinieren jedes Tactical Pack mit der Bindeschnalle zu einem leistungsstarken Molly System nach Ihren eigenen Nutzungsgewohnheiten\" \/>\n<meta property=\"og:url\" content=\"https:\/\/www.ralti.de\/?product=48-teiliges-taktisches-ausrustungsclip-set-molle-gurtbandbefestigungen-fur-rucksack\" \/>\n<meta property=\"og:site_name\" content=\"Notfallvorsorge - Krisenvorsorge\" \/>\n<meta property=\"og:image\" content=\"https:\/\/m.media-amazon.com\/images\/I\/51fZPsZ9GUL.jpg\" \/>\n\t<meta property=\"og:image:width\" content=\"500\" \/>\n\t<meta property=\"og:image:height\" content=\"500\" \/>\n\t<meta property=\"og:image:type\" content=\"image\/jpeg\" \/>\n<meta name=\"twitter:card\" content=\"summary_large_image\" \/>\n<meta name=\"twitter:label1\" content=\"Gesch\u00e4tzte Lesezeit\" \/>\n\t<meta name=\"twitter:data1\" content=\"1\u00a0Minute\" \/>\n<script type=\"application\/ld+json\" class=\"yoast-schema-graph\">{\"@context\":\"https:\\\/\\\/schema.org\",\"@graph\":[{\"@type\":\"WebPage\",\"@id\":\"https:\\\/\\\/www.ralti.de\\\/?product=48-teiliges-taktisches-ausrustungsclip-set-molle-gurtbandbefestigungen-fur-rucksack\",\"url\":\"https:\\\/\\\/www.ralti.de\\\/?product=48-teiliges-taktisches-ausrustungsclip-set-molle-gurtbandbefestigungen-fur-rucksack\",\"name\":\"48 Teiliges Taktisches Ausr\u00fcstungsclip Set Molle Gurtbandbefestigungen f\u00fcr Rucksack - Notfallvorsorge - Krisenvorsorge\",\"isPartOf\":{\"@id\":\"https:\\\/\\\/www.ralti.de\\\/#website\"},\"primaryImageOfPage\":{\"@id\":\"https:\\\/\\\/www.ralti.de\\\/?product=48-teiliges-taktisches-ausrustungsclip-set-molle-gurtbandbefestigungen-fur-rucksack#primaryimage\"},\"image\":{\"@id\":\"https:\\\/\\\/www.ralti.de\\\/?product=48-teiliges-taktisches-ausrustungsclip-set-molle-gurtbandbefestigungen-fur-rucksack#primaryimage\"},\"thumbnailUrl\":\"https:\\\/\\\/m.media-amazon.com\\\/images\\\/I\\\/51fZPsZ9GUL.jpg\",\"datePublished\":\"2025-11-25T12:05:20+00:00\",\"breadcrumb\":{\"@id\":\"https:\\\/\\\/www.ralti.de\\\/?product=48-teiliges-taktisches-ausrustungsclip-set-molle-gurtbandbefestigungen-fur-rucksack#breadcrumb\"},\"inLanguage\":\"de\",\"potentialAction\":[{\"@type\":\"ReadAction\",\"target\":[\"https:\\\/\\\/www.ralti.de\\\/?product=48-teiliges-taktisches-ausrustungsclip-set-molle-gurtbandbefestigungen-fur-rucksack\"]}]},{\"@type\":\"ImageObject\",\"inLanguage\":\"de\",\"@id\":\"https:\\\/\\\/www.ralti.de\\\/?product=48-teiliges-taktisches-ausrustungsclip-set-molle-gurtbandbefestigungen-fur-rucksack#primaryimage\",\"url\":\"https:\\\/\\\/m.media-amazon.com\\\/images\\\/I\\\/51fZPsZ9GUL.jpg\",\"contentUrl\":\"https:\\\/\\\/m.media-amazon.com\\\/images\\\/I\\\/51fZPsZ9GUL.jpg\",\"width\":500,\"height\":500},{\"@type\":\"BreadcrumbList\",\"@id\":\"https:\\\/\\\/www.ralti.de\\\/?product=48-teiliges-taktisches-ausrustungsclip-set-molle-gurtbandbefestigungen-fur-rucksack#breadcrumb\",\"itemListElement\":[{\"@type\":\"ListItem\",\"position\":1,\"name\":\"Start\",\"item\":\"https:\\\/\\\/www.ralti.de\\\/\"},{\"@type\":\"ListItem\",\"position\":2,\"name\":\"Notfallartikel\",\"item\":\"https:\\\/\\\/www.ralti.de\\\/?page_id=14189\"},{\"@type\":\"ListItem\",\"position\":3,\"name\":\"48 Teiliges Taktisches Ausr\u00fcstungsclip Set Molle Gurtbandbefestigungen f\u00fcr Rucksack\"}]},{\"@type\":\"WebSite\",\"@id\":\"https:\\\/\\\/www.ralti.de\\\/#website\",\"url\":\"https:\\\/\\\/www.ralti.de\\\/\",\"name\":\"Ralti.de\",\"description\":\"Hier viele gute Angebote\",\"publisher\":{\"@id\":\"https:\\\/\\\/www.ralti.de\\\/#organization\"},\"potentialAction\":[{\"@type\":\"SearchAction\",\"target\":{\"@type\":\"EntryPoint\",\"urlTemplate\":\"https:\\\/\\\/www.ralti.de\\\/?s={search_term_string}\"},\"query-input\":{\"@type\":\"PropertyValueSpecification\",\"valueRequired\":true,\"valueName\":\"search_term_string\"}}],\"inLanguage\":\"de\"},{\"@type\":\"Organization\",\"@id\":\"https:\\\/\\\/www.ralti.de\\\/#organization\",\"name\":\"Ralti.de\",\"url\":\"https:\\\/\\\/www.ralti.de\\\/\",\"logo\":{\"@type\":\"ImageObject\",\"inLanguage\":\"de\",\"@id\":\"https:\\\/\\\/www.ralti.de\\\/#\\\/schema\\\/logo\\\/image\\\/\",\"url\":\"https:\\\/\\\/www.ralti.de\\\/wp-content\\\/uploads\\\/2025\\\/11\\\/ralti.png\",\"contentUrl\":\"https:\\\/\\\/www.ralti.de\\\/wp-content\\\/uploads\\\/2025\\\/11\\\/ralti.png\",\"width\":240,\"height\":75,\"caption\":\"Ralti.de\"},\"image\":{\"@id\":\"https:\\\/\\\/www.ralti.de\\\/#\\\/schema\\\/logo\\\/image\\\/\"}}]}<\/script>\n<!-- \/ Yoast SEO plugin. -->","yoast_head_json":{"title":"48 Teiliges Taktisches Ausr\u00fcstungsclip Set Molle Gurtbandbefestigungen f\u00fcr Rucksack - Notfallvorsorge - Krisenvorsorge","robots":{"index":"index","follow":"follow","max-snippet":"max-snippet:-1","max-image-preview":"max-image-preview:large","max-video-preview":"max-video-preview:-1"},"canonical":"https:\/\/www.ralti.de\/?product=48-teiliges-taktisches-ausrustungsclip-set-molle-gurtbandbefestigungen-fur-rucksack","og_locale":"de_DE","og_type":"article","og_title":"48 Teiliges Taktisches Ausr\u00fcstungsclip Set Molle Gurtbandbefestigungen f\u00fcr Rucksack - Notfallvorsorge - Krisenvorsorge","og_description":"\u27bd48PCS Tactical Gear Clip Set - Das Paket enth\u00e4lt 12 Arten von Zubeh\u00f6r mit unterschiedlichen Funktionen und Formen, einschlie\u00dflich Nylonzubeh\u00f6r - Olecranon-Haken, Wasserflaschenaufh\u00e4nger, drehbarer Karabinerhaken und gro\u00dfe D-Schnalle 2PCS f\u00fcr jeden; Netzdominatoren, D-Ring-Grimlock-Verschluss und -Schnalle, Gurtband-Sammelclip, Molle-Clip, Wasserschlauchhalter, Schnellverschluss-Federschnalle und Organisationsschnur. 5 St\u00fcck f\u00fcr jedes \u27bd Verschlei\u00dffestes und langlebiges Material \u2013 Das Hauptmaterial dieser Molle-Anh\u00e4nge Hochwertiges Polypropylen-Gurtband, Metallhaken und Kunststoffmaterial mit Z\u00e4higkeit, die es zu einem wiederverwendbaren, langlebigen Material macht \u27bd Vielseitiger Tactical Molle Connect - Molle Zubeh\u00f6r kann individuell an taktischen Westen, Rucks\u00e4cken und G\u00fcrteln befestigt werden oder Sie kombinieren jedes Tactical Pack mit der Bindeschnalle zu einem leistungsstarken Molly System nach Ihren eigenen Nutzungsgewohnheiten","og_url":"https:\/\/www.ralti.de\/?product=48-teiliges-taktisches-ausrustungsclip-set-molle-gurtbandbefestigungen-fur-rucksack","og_site_name":"Notfallvorsorge - Krisenvorsorge","og_image":[{"width":500,"height":500,"url":"https:\/\/m.media-amazon.com\/images\/I\/51fZPsZ9GUL.jpg","type":"image\/jpeg"}],"twitter_card":"summary_large_image","twitter_misc":{"Gesch\u00e4tzte Lesezeit":"1\u00a0Minute"},"schema":{"@context":"https:\/\/schema.org","@graph":[{"@type":"WebPage","@id":"https:\/\/www.ralti.de\/?product=48-teiliges-taktisches-ausrustungsclip-set-molle-gurtbandbefestigungen-fur-rucksack","url":"https:\/\/www.ralti.de\/?product=48-teiliges-taktisches-ausrustungsclip-set-molle-gurtbandbefestigungen-fur-rucksack","name":"48 Teiliges Taktisches Ausr\u00fcstungsclip Set Molle Gurtbandbefestigungen f\u00fcr Rucksack - Notfallvorsorge - Krisenvorsorge","isPartOf":{"@id":"https:\/\/www.ralti.de\/#website"},"primaryImageOfPage":{"@id":"https:\/\/www.ralti.de\/?product=48-teiliges-taktisches-ausrustungsclip-set-molle-gurtbandbefestigungen-fur-rucksack#primaryimage"},"image":{"@id":"https:\/\/www.ralti.de\/?product=48-teiliges-taktisches-ausrustungsclip-set-molle-gurtbandbefestigungen-fur-rucksack#primaryimage"},"thumbnailUrl":"https:\/\/m.media-amazon.com\/images\/I\/51fZPsZ9GUL.jpg","datePublished":"2025-11-25T12:05:20+00:00","breadcrumb":{"@id":"https:\/\/www.ralti.de\/?product=48-teiliges-taktisches-ausrustungsclip-set-molle-gurtbandbefestigungen-fur-rucksack#breadcrumb"},"inLanguage":"de","potentialAction":[{"@type":"ReadAction","target":["https:\/\/www.ralti.de\/?product=48-teiliges-taktisches-ausrustungsclip-set-molle-gurtbandbefestigungen-fur-rucksack"]}]},{"@type":"ImageObject","inLanguage":"de","@id":"https:\/\/www.ralti.de\/?product=48-teiliges-taktisches-ausrustungsclip-set-molle-gurtbandbefestigungen-fur-rucksack#primaryimage","url":"https:\/\/m.media-amazon.com\/images\/I\/51fZPsZ9GUL.jpg","contentUrl":"https:\/\/m.media-amazon.com\/images\/I\/51fZPsZ9GUL.jpg","width":500,"height":500},{"@type":"BreadcrumbList","@id":"https:\/\/www.ralti.de\/?product=48-teiliges-taktisches-ausrustungsclip-set-molle-gurtbandbefestigungen-fur-rucksack#breadcrumb","itemListElement":[{"@type":"ListItem","position":1,"name":"Start","item":"https:\/\/www.ralti.de\/"},{"@type":"ListItem","position":2,"name":"Notfallartikel","item":"https:\/\/www.ralti.de\/?page_id=14189"},{"@type":"ListItem","position":3,"name":"48 Teiliges Taktisches Ausr\u00fcstungsclip Set Molle Gurtbandbefestigungen f\u00fcr Rucksack"}]},{"@type":"WebSite","@id":"https:\/\/www.ralti.de\/#website","url":"https:\/\/www.ralti.de\/","name":"Ralti.de","description":"Hier viele gute Angebote","publisher":{"@id":"https:\/\/www.ralti.de\/#organization"},"potentialAction":[{"@type":"SearchAction","target":{"@type":"EntryPoint","urlTemplate":"https:\/\/www.ralti.de\/?s={search_term_string}"},"query-input":{"@type":"PropertyValueSpecification","valueRequired":true,"valueName":"search_term_string"}}],"inLanguage":"de"},{"@type":"Organization","@id":"https:\/\/www.ralti.de\/#organization","name":"Ralti.de","url":"https:\/\/www.ralti.de\/","logo":{"@type":"ImageObject","inLanguage":"de","@id":"https:\/\/www.ralti.de\/#\/schema\/logo\/image\/","url":"https:\/\/www.ralti.de\/wp-content\/uploads\/2025\/11\/ralti.png","contentUrl":"https:\/\/www.ralti.de\/wp-content\/uploads\/2025\/11\/ralti.png","width":240,"height":75,"caption":"Ralti.de"},"image":{"@id":"https:\/\/www.ralti.de\/#\/schema\/logo\/image\/"}}]}},"_links":{"self":[{"href":"https:\/\/www.ralti.de\/index.php?rest_route=\/wp\/v2\/product\/12907","targetHints":{"allow":["GET"]}}],"collection":[{"href":"https:\/\/www.ralti.de\/index.php?rest_route=\/wp\/v2\/product"}],"about":[{"href":"https:\/\/www.ralti.de\/index.php?rest_route=\/wp\/v2\/types\/product"}],"replies":[{"embeddable":true,"href":"https:\/\/www.ralti.de\/index.php?rest_route=%2Fwp%2Fv2%2Fcomments&post=12907"}],"wp:featuredmedia":[{"embeddable":true,"href":"https:\/\/www.ralti.de\/index.php?rest_route=\/wp\/v2\/media\/12908"}],"wp:attachment":[{"href":"https:\/\/www.ralti.de\/index.php?rest_route=%2Fwp%2Fv2%2Fmedia&parent=12907"}],"wp:term":[{"taxonomy":"product_brand","embeddable":true,"href":"https:\/\/www.ralti.de\/index.php?rest_route=%2Fwp%2Fv2%2Fproduct_brand&post=12907"},{"taxonomy":"product_cat","embeddable":true,"href":"https:\/\/www.ralti.de\/index.php?rest_route=%2Fwp%2Fv2%2Fproduct_cat&post=12907"},{"taxonomy":"product_tag","embeddable":true,"href":"https:\/\/www.ralti.de\/index.php?rest_route=%2Fwp%2Fv2%2Fproduct_tag&post=12907"}],"curies":[{"name":"wp","href":"https:\/\/api.w.org\/{rel}","templated":true}]}}