{"id":12919,"date":"2025-11-25T12:05:24","date_gmt":"2025-11-25T12:05:24","guid":{"rendered":"https:\/\/www.ralti.de\/shop-2\/uncategorized\/1pcs-taktische-molle-brillenetui-stosfeste-schutzbox-tragbare-brillenetuis-brillen-mit-gurtelclip\/"},"modified":"2025-11-25T12:05:24","modified_gmt":"2025-11-25T12:05:24","slug":"1pcs-taktische-molle-brillenetui-stosfeste-schutzbox-tragbare-brillenetuis-brillen-mit-gurtelclip","status":"publish","type":"product","link":"https:\/\/www.ralti.de\/?product=1pcs-taktische-molle-brillenetui-stosfeste-schutzbox-tragbare-brillenetuis-brillen-mit-gurtelclip","title":{"rendered":"1PCS Taktische MOLLE Brillenetui Sto\u00dffeste Schutzbox Tragbare Brillenetuis Brillen mit G\u00fcrtelclip"},"content":{"rendered":"<p><!-- show up to 2 reviews by default --> <\/p>\n<p> <span class=\"a-text-bold\">Funktionen:<\/span><span><br \/> Einfach am G\u00fcrtel zu befestigen: Praktische M\u00f6glichkeit, die Brille in jeder Situation sicher zu halten <br \/> Molle-System: Befestigen Sie es an G\u00fcrtel, Packgurten, Westen oder modularen Molle-Taschen <br \/> Kunststoff-Karabinerhaken: Kann an D-Ringen befestigt werden, einfach zu tragen <br \/> Halbstarre Konstruktion mit Rei\u00dfverschluss<br \/> Weiches, kratzfestes, elastisches Schwamm-Innenfutter <br \/> Perfekt f\u00fcr Outdoor-Sportarten <br \/> Gute Druckfestigkeit <\/p>\n<p> <\/span><span class=\"a-text-bold\">Spezifikationen:<\/span><span><br \/> Farbe: Schwarz, Khaki, Camouflage<br \/> Material: 1000D-Nylon<br \/> Gr\u00f6\u00dfe: 17cm\/6,69&#8243;\u00d78cm\/3,15&#8243;\u00d75cm\/1,97&#8243;<br \/> <\/span><span class=\"a-text-bold\">Paket beinhaltet:<\/span><span><br \/> 1 \u00d7 Etui f\u00fcr Milit\u00e4r-Sonnenbrillen<\/p>\n<p><\/span> <\/p>\n<div class=\"main-cross-sell\" data-asin=\"B09JPDDMRP\">\n\n\t<div class=\"WooZone-cross-sell-loader\">\n\t\t<div>\n\t\t\t<div id=\"floatingBarsG\">\n\t\t\t\t<div class=\"blockG\" id=\"rotateG_01\"><\/div>\n\t\t\t\t<div class=\"blockG\" id=\"rotateG_02\"><\/div>\n\t\t\t\t<div class=\"blockG\" id=\"rotateG_03\"><\/div>\n\t\t\t\t<div class=\"blockG\" id=\"rotateG_04\"><\/div>\n\t\t\t\t<div class=\"blockG\" id=\"rotateG_05\"><\/div>\n\t\t\t\t<div class=\"blockG\" id=\"rotateG_06\"><\/div>\n\t\t\t\t<div class=\"blockG\" id=\"rotateG_07\"><\/div>\n\t\t\t\t<div class=\"blockG\" id=\"rotateG_08\"><\/div>\n\t\t\t<\/div>\n\t\t\t<div class=\"WooZone-cross-sell-loader-text\"><\/div>\n\t\t<\/div>\n\t<\/div>\n\n\t\t\n<\/div>\n<div style=\"clear:both;\"><\/div>\n","protected":false},"excerpt":{"rendered":"<p>Funktionen: Einfach am G\u00fcrtel zu befestigen: Praktische M\u00f6glichkeit, die Brille in jeder Situation sicher zu halten Molle-System: Befestigen Sie es an G\u00fcrtel, Packgurten, Westen oder modularen Molle-Taschen Kunststoff-Karabinerhaken: Kann an D-Ringen befestigt werden, einfach zu tragen Halbstarre Konstruktion mit Rei\u00dfverschluss Weiches, kratzfestes, elastisches Schwamm-Innenfutter Perfekt&hellip;<\/p>\n","protected":false},"featured_media":12920,"comment_status":"open","ping_status":"closed","template":"","meta":{"_acf_changed":false},"product_brand":[],"product_cat":[262,263],"product_tag":[],"class_list":{"0":"post-12919","1":"product","2":"type-product","3":"status-publish","4":"has-post-thumbnail","6":"product_cat-sicherheit","7":"product_cat-taktische-ausrustung","9":"first","10":"instock","11":"shipping-taxable","12":"product-type-external"},"acf":[],"yoast_head":"<!-- This site is optimized with the Yoast SEO plugin v27.3 - https:\/\/yoast.com\/product\/yoast-seo-wordpress\/ -->\n<title>1PCS Taktische MOLLE Brillenetui Sto\u00dffeste Schutzbox Tragbare Brillenetuis Brillen mit G\u00fcrtelclip - Notfallvorsorge - Krisenvorsorge<\/title>\n<meta name=\"robots\" content=\"index, follow, max-snippet:-1, max-image-preview:large, max-video-preview:-1\" \/>\n<link rel=\"canonical\" href=\"https:\/\/www.ralti.de\/?product=1pcs-taktische-molle-brillenetui-stosfeste-schutzbox-tragbare-brillenetuis-brillen-mit-gurtelclip\" \/>\n<meta property=\"og:locale\" content=\"de_DE\" \/>\n<meta property=\"og:type\" content=\"article\" \/>\n<meta property=\"og:title\" content=\"1PCS Taktische MOLLE Brillenetui Sto\u00dffeste Schutzbox Tragbare Brillenetuis Brillen mit G\u00fcrtelclip - Notfallvorsorge - Krisenvorsorge\" \/>\n<meta property=\"og:description\" content=\"Funktionen: Einfach am G\u00fcrtel zu befestigen: Praktische M\u00f6glichkeit, die Brille in jeder Situation sicher zu halten Molle-System: Befestigen Sie es an G\u00fcrtel, Packgurten, Westen oder modularen Molle-Taschen Kunststoff-Karabinerhaken: Kann an D-Ringen befestigt werden, einfach zu tragen Halbstarre Konstruktion mit Rei\u00dfverschluss Weiches, kratzfestes, elastisches Schwamm-Innenfutter Perfekt&hellip;\" \/>\n<meta property=\"og:url\" content=\"https:\/\/www.ralti.de\/?product=1pcs-taktische-molle-brillenetui-stosfeste-schutzbox-tragbare-brillenetuis-brillen-mit-gurtelclip\" \/>\n<meta property=\"og:site_name\" content=\"Notfallvorsorge - Krisenvorsorge\" \/>\n<meta property=\"og:image\" content=\"https:\/\/m.media-amazon.com\/images\/I\/41S73B62xiL.jpg\" \/>\n\t<meta property=\"og:image:width\" content=\"500\" \/>\n\t<meta property=\"og:image:height\" content=\"500\" \/>\n\t<meta property=\"og:image:type\" content=\"image\/jpeg\" \/>\n<meta name=\"twitter:card\" content=\"summary_large_image\" \/>\n<script type=\"application\/ld+json\" class=\"yoast-schema-graph\">{\"@context\":\"https:\\\/\\\/schema.org\",\"@graph\":[{\"@type\":\"WebPage\",\"@id\":\"https:\\\/\\\/www.ralti.de\\\/?product=1pcs-taktische-molle-brillenetui-stosfeste-schutzbox-tragbare-brillenetuis-brillen-mit-gurtelclip\",\"url\":\"https:\\\/\\\/www.ralti.de\\\/?product=1pcs-taktische-molle-brillenetui-stosfeste-schutzbox-tragbare-brillenetuis-brillen-mit-gurtelclip\",\"name\":\"1PCS Taktische MOLLE Brillenetui Sto\u00dffeste Schutzbox Tragbare Brillenetuis Brillen mit G\u00fcrtelclip - Notfallvorsorge - Krisenvorsorge\",\"isPartOf\":{\"@id\":\"https:\\\/\\\/www.ralti.de\\\/#website\"},\"primaryImageOfPage\":{\"@id\":\"https:\\\/\\\/www.ralti.de\\\/?product=1pcs-taktische-molle-brillenetui-stosfeste-schutzbox-tragbare-brillenetuis-brillen-mit-gurtelclip#primaryimage\"},\"image\":{\"@id\":\"https:\\\/\\\/www.ralti.de\\\/?product=1pcs-taktische-molle-brillenetui-stosfeste-schutzbox-tragbare-brillenetuis-brillen-mit-gurtelclip#primaryimage\"},\"thumbnailUrl\":\"https:\\\/\\\/m.media-amazon.com\\\/images\\\/I\\\/41S73B62xiL.jpg\",\"datePublished\":\"2025-11-25T12:05:24+00:00\",\"breadcrumb\":{\"@id\":\"https:\\\/\\\/www.ralti.de\\\/?product=1pcs-taktische-molle-brillenetui-stosfeste-schutzbox-tragbare-brillenetuis-brillen-mit-gurtelclip#breadcrumb\"},\"inLanguage\":\"de\",\"potentialAction\":[{\"@type\":\"ReadAction\",\"target\":[\"https:\\\/\\\/www.ralti.de\\\/?product=1pcs-taktische-molle-brillenetui-stosfeste-schutzbox-tragbare-brillenetuis-brillen-mit-gurtelclip\"]}]},{\"@type\":\"ImageObject\",\"inLanguage\":\"de\",\"@id\":\"https:\\\/\\\/www.ralti.de\\\/?product=1pcs-taktische-molle-brillenetui-stosfeste-schutzbox-tragbare-brillenetuis-brillen-mit-gurtelclip#primaryimage\",\"url\":\"https:\\\/\\\/m.media-amazon.com\\\/images\\\/I\\\/41S73B62xiL.jpg\",\"contentUrl\":\"https:\\\/\\\/m.media-amazon.com\\\/images\\\/I\\\/41S73B62xiL.jpg\",\"width\":500,\"height\":500},{\"@type\":\"BreadcrumbList\",\"@id\":\"https:\\\/\\\/www.ralti.de\\\/?product=1pcs-taktische-molle-brillenetui-stosfeste-schutzbox-tragbare-brillenetuis-brillen-mit-gurtelclip#breadcrumb\",\"itemListElement\":[{\"@type\":\"ListItem\",\"position\":1,\"name\":\"Start\",\"item\":\"https:\\\/\\\/www.ralti.de\\\/\"},{\"@type\":\"ListItem\",\"position\":2,\"name\":\"Notfallartikel\",\"item\":\"https:\\\/\\\/www.ralti.de\\\/?page_id=14189\"},{\"@type\":\"ListItem\",\"position\":3,\"name\":\"1PCS Taktische MOLLE Brillenetui Sto\u00dffeste Schutzbox Tragbare Brillenetuis Brillen mit G\u00fcrtelclip\"}]},{\"@type\":\"WebSite\",\"@id\":\"https:\\\/\\\/www.ralti.de\\\/#website\",\"url\":\"https:\\\/\\\/www.ralti.de\\\/\",\"name\":\"Ralti.de\",\"description\":\"Hier viele gute Angebote\",\"publisher\":{\"@id\":\"https:\\\/\\\/www.ralti.de\\\/#organization\"},\"potentialAction\":[{\"@type\":\"SearchAction\",\"target\":{\"@type\":\"EntryPoint\",\"urlTemplate\":\"https:\\\/\\\/www.ralti.de\\\/?s={search_term_string}\"},\"query-input\":{\"@type\":\"PropertyValueSpecification\",\"valueRequired\":true,\"valueName\":\"search_term_string\"}}],\"inLanguage\":\"de\"},{\"@type\":\"Organization\",\"@id\":\"https:\\\/\\\/www.ralti.de\\\/#organization\",\"name\":\"Ralti.de\",\"url\":\"https:\\\/\\\/www.ralti.de\\\/\",\"logo\":{\"@type\":\"ImageObject\",\"inLanguage\":\"de\",\"@id\":\"https:\\\/\\\/www.ralti.de\\\/#\\\/schema\\\/logo\\\/image\\\/\",\"url\":\"https:\\\/\\\/www.ralti.de\\\/wp-content\\\/uploads\\\/2025\\\/11\\\/ralti.png\",\"contentUrl\":\"https:\\\/\\\/www.ralti.de\\\/wp-content\\\/uploads\\\/2025\\\/11\\\/ralti.png\",\"width\":240,\"height\":75,\"caption\":\"Ralti.de\"},\"image\":{\"@id\":\"https:\\\/\\\/www.ralti.de\\\/#\\\/schema\\\/logo\\\/image\\\/\"}}]}<\/script>\n<!-- \/ Yoast SEO plugin. -->","yoast_head_json":{"title":"1PCS Taktische MOLLE Brillenetui Sto\u00dffeste Schutzbox Tragbare Brillenetuis Brillen mit G\u00fcrtelclip - Notfallvorsorge - Krisenvorsorge","robots":{"index":"index","follow":"follow","max-snippet":"max-snippet:-1","max-image-preview":"max-image-preview:large","max-video-preview":"max-video-preview:-1"},"canonical":"https:\/\/www.ralti.de\/?product=1pcs-taktische-molle-brillenetui-stosfeste-schutzbox-tragbare-brillenetuis-brillen-mit-gurtelclip","og_locale":"de_DE","og_type":"article","og_title":"1PCS Taktische MOLLE Brillenetui Sto\u00dffeste Schutzbox Tragbare Brillenetuis Brillen mit G\u00fcrtelclip - Notfallvorsorge - Krisenvorsorge","og_description":"Funktionen: Einfach am G\u00fcrtel zu befestigen: Praktische M\u00f6glichkeit, die Brille in jeder Situation sicher zu halten Molle-System: Befestigen Sie es an G\u00fcrtel, Packgurten, Westen oder modularen Molle-Taschen Kunststoff-Karabinerhaken: Kann an D-Ringen befestigt werden, einfach zu tragen Halbstarre Konstruktion mit Rei\u00dfverschluss Weiches, kratzfestes, elastisches Schwamm-Innenfutter Perfekt&hellip;","og_url":"https:\/\/www.ralti.de\/?product=1pcs-taktische-molle-brillenetui-stosfeste-schutzbox-tragbare-brillenetuis-brillen-mit-gurtelclip","og_site_name":"Notfallvorsorge - Krisenvorsorge","og_image":[{"width":500,"height":500,"url":"https:\/\/m.media-amazon.com\/images\/I\/41S73B62xiL.jpg","type":"image\/jpeg"}],"twitter_card":"summary_large_image","schema":{"@context":"https:\/\/schema.org","@graph":[{"@type":"WebPage","@id":"https:\/\/www.ralti.de\/?product=1pcs-taktische-molle-brillenetui-stosfeste-schutzbox-tragbare-brillenetuis-brillen-mit-gurtelclip","url":"https:\/\/www.ralti.de\/?product=1pcs-taktische-molle-brillenetui-stosfeste-schutzbox-tragbare-brillenetuis-brillen-mit-gurtelclip","name":"1PCS Taktische MOLLE Brillenetui Sto\u00dffeste Schutzbox Tragbare Brillenetuis Brillen mit G\u00fcrtelclip - Notfallvorsorge - Krisenvorsorge","isPartOf":{"@id":"https:\/\/www.ralti.de\/#website"},"primaryImageOfPage":{"@id":"https:\/\/www.ralti.de\/?product=1pcs-taktische-molle-brillenetui-stosfeste-schutzbox-tragbare-brillenetuis-brillen-mit-gurtelclip#primaryimage"},"image":{"@id":"https:\/\/www.ralti.de\/?product=1pcs-taktische-molle-brillenetui-stosfeste-schutzbox-tragbare-brillenetuis-brillen-mit-gurtelclip#primaryimage"},"thumbnailUrl":"https:\/\/m.media-amazon.com\/images\/I\/41S73B62xiL.jpg","datePublished":"2025-11-25T12:05:24+00:00","breadcrumb":{"@id":"https:\/\/www.ralti.de\/?product=1pcs-taktische-molle-brillenetui-stosfeste-schutzbox-tragbare-brillenetuis-brillen-mit-gurtelclip#breadcrumb"},"inLanguage":"de","potentialAction":[{"@type":"ReadAction","target":["https:\/\/www.ralti.de\/?product=1pcs-taktische-molle-brillenetui-stosfeste-schutzbox-tragbare-brillenetuis-brillen-mit-gurtelclip"]}]},{"@type":"ImageObject","inLanguage":"de","@id":"https:\/\/www.ralti.de\/?product=1pcs-taktische-molle-brillenetui-stosfeste-schutzbox-tragbare-brillenetuis-brillen-mit-gurtelclip#primaryimage","url":"https:\/\/m.media-amazon.com\/images\/I\/41S73B62xiL.jpg","contentUrl":"https:\/\/m.media-amazon.com\/images\/I\/41S73B62xiL.jpg","width":500,"height":500},{"@type":"BreadcrumbList","@id":"https:\/\/www.ralti.de\/?product=1pcs-taktische-molle-brillenetui-stosfeste-schutzbox-tragbare-brillenetuis-brillen-mit-gurtelclip#breadcrumb","itemListElement":[{"@type":"ListItem","position":1,"name":"Start","item":"https:\/\/www.ralti.de\/"},{"@type":"ListItem","position":2,"name":"Notfallartikel","item":"https:\/\/www.ralti.de\/?page_id=14189"},{"@type":"ListItem","position":3,"name":"1PCS Taktische MOLLE Brillenetui Sto\u00dffeste Schutzbox Tragbare Brillenetuis Brillen mit G\u00fcrtelclip"}]},{"@type":"WebSite","@id":"https:\/\/www.ralti.de\/#website","url":"https:\/\/www.ralti.de\/","name":"Ralti.de","description":"Hier viele gute Angebote","publisher":{"@id":"https:\/\/www.ralti.de\/#organization"},"potentialAction":[{"@type":"SearchAction","target":{"@type":"EntryPoint","urlTemplate":"https:\/\/www.ralti.de\/?s={search_term_string}"},"query-input":{"@type":"PropertyValueSpecification","valueRequired":true,"valueName":"search_term_string"}}],"inLanguage":"de"},{"@type":"Organization","@id":"https:\/\/www.ralti.de\/#organization","name":"Ralti.de","url":"https:\/\/www.ralti.de\/","logo":{"@type":"ImageObject","inLanguage":"de","@id":"https:\/\/www.ralti.de\/#\/schema\/logo\/image\/","url":"https:\/\/www.ralti.de\/wp-content\/uploads\/2025\/11\/ralti.png","contentUrl":"https:\/\/www.ralti.de\/wp-content\/uploads\/2025\/11\/ralti.png","width":240,"height":75,"caption":"Ralti.de"},"image":{"@id":"https:\/\/www.ralti.de\/#\/schema\/logo\/image\/"}}]}},"_links":{"self":[{"href":"https:\/\/www.ralti.de\/index.php?rest_route=\/wp\/v2\/product\/12919","targetHints":{"allow":["GET"]}}],"collection":[{"href":"https:\/\/www.ralti.de\/index.php?rest_route=\/wp\/v2\/product"}],"about":[{"href":"https:\/\/www.ralti.de\/index.php?rest_route=\/wp\/v2\/types\/product"}],"replies":[{"embeddable":true,"href":"https:\/\/www.ralti.de\/index.php?rest_route=%2Fwp%2Fv2%2Fcomments&post=12919"}],"wp:featuredmedia":[{"embeddable":true,"href":"https:\/\/www.ralti.de\/index.php?rest_route=\/wp\/v2\/media\/12920"}],"wp:attachment":[{"href":"https:\/\/www.ralti.de\/index.php?rest_route=%2Fwp%2Fv2%2Fmedia&parent=12919"}],"wp:term":[{"taxonomy":"product_brand","embeddable":true,"href":"https:\/\/www.ralti.de\/index.php?rest_route=%2Fwp%2Fv2%2Fproduct_brand&post=12919"},{"taxonomy":"product_cat","embeddable":true,"href":"https:\/\/www.ralti.de\/index.php?rest_route=%2Fwp%2Fv2%2Fproduct_cat&post=12919"},{"taxonomy":"product_tag","embeddable":true,"href":"https:\/\/www.ralti.de\/index.php?rest_route=%2Fwp%2Fv2%2Fproduct_tag&post=12919"}],"curies":[{"name":"wp","href":"https:\/\/api.w.org\/{rel}","templated":true}]}}