{"id":13074,"date":"2025-11-25T12:07:17","date_gmt":"2025-11-25T12:07:17","guid":{"rendered":""},"modified":"2025-11-25T12:07:17","modified_gmt":"2025-11-25T12:07:17","slug":"mallome-doppel-hangematte300-x-200cm-ultraleichte-reise-camping-hangematten-fur-outdoor-2-personen-atmungsaktives-wasserdichtes-fallschirm-nylon-inkl-karabiners-hammock-fur-camping-reise-garten","status":"publish","type":"product","link":"https:\/\/www.ralti.de\/?product=mallome-doppel-hangematte300-x-200cm-ultraleichte-reise-camping-hangematten-fur-outdoor-2-personen-atmungsaktives-wasserdichtes-fallschirm-nylon-inkl-karabiners-hammock-fur-camping-reise-garten","title":{"rendered":"MalloMe Doppel H\u00e4ngematte(300 x 200cm) Ultraleichte Reise Camping H\u00e4ngematten f\u00fcr Outdoor 2 Personen Atmungsaktives Wasserdichtes Fallschirm-Nylon, inkl. Karabiners -Hammock f\u00fcr Camping, Reise, Garten"},"content":{"rendered":"<div class=\"main-cross-sell\" data-asin=\"B0798GCWN4\">\n\n\t<div class=\"WooZone-cross-sell-loader\">\n\t\t<div>\n\t\t\t<div id=\"floatingBarsG\">\n\t\t\t\t<div class=\"blockG\" id=\"rotateG_01\"><\/div>\n\t\t\t\t<div class=\"blockG\" id=\"rotateG_02\"><\/div>\n\t\t\t\t<div class=\"blockG\" id=\"rotateG_03\"><\/div>\n\t\t\t\t<div class=\"blockG\" id=\"rotateG_04\"><\/div>\n\t\t\t\t<div class=\"blockG\" id=\"rotateG_05\"><\/div>\n\t\t\t\t<div class=\"blockG\" id=\"rotateG_06\"><\/div>\n\t\t\t\t<div class=\"blockG\" id=\"rotateG_07\"><\/div>\n\t\t\t\t<div class=\"blockG\" id=\"rotateG_08\"><\/div>\n\t\t\t<\/div>\n\t\t\t<div class=\"WooZone-cross-sell-loader-text\"><\/div>\n\t\t<\/div>\n\t<\/div>\n\n\t\t\n<\/div>\n<div style=\"clear:both;\"><\/div>\n","protected":false},"excerpt":{"rendered":"","protected":false},"featured_media":13075,"comment_status":"open","ping_status":"closed","template":"","meta":{"_acf_changed":false},"product_brand":[],"product_cat":[272,268],"product_tag":[],"class_list":{"0":"post-13074","1":"product","2":"type-product","3":"status-publish","4":"has-post-thumbnail","6":"product_cat-hangematten","7":"product_cat-unterschlupf","9":"first","10":"instock","11":"sale","12":"shipping-taxable","13":"product-type-external"},"acf":[],"yoast_head":"<!-- This site is optimized with the Yoast SEO plugin v27.3 - https:\/\/yoast.com\/product\/yoast-seo-wordpress\/ -->\n<title>MalloMe Doppel H\u00e4ngematte(300 x 200cm) Ultraleichte Reise Camping H\u00e4ngematten f\u00fcr Outdoor 2 Personen Atmungsaktives Wasserdichtes Fallschirm-Nylon, inkl. Karabiners -Hammock f\u00fcr Camping, Reise, Garten - Notfallvorsorge - Krisenvorsorge<\/title>\n<meta name=\"robots\" content=\"index, follow, max-snippet:-1, max-image-preview:large, max-video-preview:-1\" \/>\n<link rel=\"canonical\" href=\"https:\/\/www.ralti.de\/?product=mallome-doppel-hangematte300-x-200cm-ultraleichte-reise-camping-hangematten-fur-outdoor-2-personen-atmungsaktives-wasserdichtes-fallschirm-nylon-inkl-karabiners-hammock-fur-camping-reise-garten\" \/>\n<meta property=\"og:locale\" content=\"de_DE\" \/>\n<meta property=\"og:type\" content=\"article\" \/>\n<meta property=\"og:title\" content=\"MalloMe Doppel H\u00e4ngematte(300 x 200cm) Ultraleichte Reise Camping H\u00e4ngematten f\u00fcr Outdoor 2 Personen Atmungsaktives Wasserdichtes Fallschirm-Nylon, inkl. Karabiners -Hammock f\u00fcr Camping, Reise, Garten - Notfallvorsorge - Krisenvorsorge\" \/>\n<meta property=\"og:url\" content=\"https:\/\/www.ralti.de\/?product=mallome-doppel-hangematte300-x-200cm-ultraleichte-reise-camping-hangematten-fur-outdoor-2-personen-atmungsaktives-wasserdichtes-fallschirm-nylon-inkl-karabiners-hammock-fur-camping-reise-garten\" \/>\n<meta property=\"og:site_name\" content=\"Notfallvorsorge - Krisenvorsorge\" \/>\n<meta property=\"og:image\" content=\"https:\/\/m.media-amazon.com\/images\/I\/51ZdpEe9k6L.jpg\" \/>\n\t<meta property=\"og:image:width\" content=\"500\" \/>\n\t<meta property=\"og:image:height\" content=\"500\" \/>\n\t<meta property=\"og:image:type\" content=\"image\/jpeg\" \/>\n<meta name=\"twitter:card\" content=\"summary_large_image\" \/>\n<script type=\"application\/ld+json\" class=\"yoast-schema-graph\">{\"@context\":\"https:\\\/\\\/schema.org\",\"@graph\":[{\"@type\":\"WebPage\",\"@id\":\"https:\\\/\\\/www.ralti.de\\\/?product=mallome-doppel-hangematte300-x-200cm-ultraleichte-reise-camping-hangematten-fur-outdoor-2-personen-atmungsaktives-wasserdichtes-fallschirm-nylon-inkl-karabiners-hammock-fur-camping-reise-garten\",\"url\":\"https:\\\/\\\/www.ralti.de\\\/?product=mallome-doppel-hangematte300-x-200cm-ultraleichte-reise-camping-hangematten-fur-outdoor-2-personen-atmungsaktives-wasserdichtes-fallschirm-nylon-inkl-karabiners-hammock-fur-camping-reise-garten\",\"name\":\"MalloMe Doppel H\u00e4ngematte(300 x 200cm) Ultraleichte Reise Camping H\u00e4ngematten f\u00fcr Outdoor 2 Personen Atmungsaktives Wasserdichtes Fallschirm-Nylon, inkl. Karabiners -Hammock f\u00fcr Camping, Reise, Garten - Notfallvorsorge - Krisenvorsorge\",\"isPartOf\":{\"@id\":\"https:\\\/\\\/www.ralti.de\\\/#website\"},\"primaryImageOfPage\":{\"@id\":\"https:\\\/\\\/www.ralti.de\\\/?product=mallome-doppel-hangematte300-x-200cm-ultraleichte-reise-camping-hangematten-fur-outdoor-2-personen-atmungsaktives-wasserdichtes-fallschirm-nylon-inkl-karabiners-hammock-fur-camping-reise-garten#primaryimage\"},\"image\":{\"@id\":\"https:\\\/\\\/www.ralti.de\\\/?product=mallome-doppel-hangematte300-x-200cm-ultraleichte-reise-camping-hangematten-fur-outdoor-2-personen-atmungsaktives-wasserdichtes-fallschirm-nylon-inkl-karabiners-hammock-fur-camping-reise-garten#primaryimage\"},\"thumbnailUrl\":\"https:\\\/\\\/m.media-amazon.com\\\/images\\\/I\\\/51ZdpEe9k6L.jpg\",\"datePublished\":\"2025-11-25T12:07:17+00:00\",\"breadcrumb\":{\"@id\":\"https:\\\/\\\/www.ralti.de\\\/?product=mallome-doppel-hangematte300-x-200cm-ultraleichte-reise-camping-hangematten-fur-outdoor-2-personen-atmungsaktives-wasserdichtes-fallschirm-nylon-inkl-karabiners-hammock-fur-camping-reise-garten#breadcrumb\"},\"inLanguage\":\"de\",\"potentialAction\":[{\"@type\":\"ReadAction\",\"target\":[\"https:\\\/\\\/www.ralti.de\\\/?product=mallome-doppel-hangematte300-x-200cm-ultraleichte-reise-camping-hangematten-fur-outdoor-2-personen-atmungsaktives-wasserdichtes-fallschirm-nylon-inkl-karabiners-hammock-fur-camping-reise-garten\"]}]},{\"@type\":\"ImageObject\",\"inLanguage\":\"de\",\"@id\":\"https:\\\/\\\/www.ralti.de\\\/?product=mallome-doppel-hangematte300-x-200cm-ultraleichte-reise-camping-hangematten-fur-outdoor-2-personen-atmungsaktives-wasserdichtes-fallschirm-nylon-inkl-karabiners-hammock-fur-camping-reise-garten#primaryimage\",\"url\":\"https:\\\/\\\/m.media-amazon.com\\\/images\\\/I\\\/51ZdpEe9k6L.jpg\",\"contentUrl\":\"https:\\\/\\\/m.media-amazon.com\\\/images\\\/I\\\/51ZdpEe9k6L.jpg\",\"width\":500,\"height\":500},{\"@type\":\"BreadcrumbList\",\"@id\":\"https:\\\/\\\/www.ralti.de\\\/?product=mallome-doppel-hangematte300-x-200cm-ultraleichte-reise-camping-hangematten-fur-outdoor-2-personen-atmungsaktives-wasserdichtes-fallschirm-nylon-inkl-karabiners-hammock-fur-camping-reise-garten#breadcrumb\",\"itemListElement\":[{\"@type\":\"ListItem\",\"position\":1,\"name\":\"Start\",\"item\":\"https:\\\/\\\/www.ralti.de\\\/\"},{\"@type\":\"ListItem\",\"position\":2,\"name\":\"Notfallartikel\",\"item\":\"https:\\\/\\\/www.ralti.de\\\/?page_id=14189\"},{\"@type\":\"ListItem\",\"position\":3,\"name\":\"MalloMe Doppel H\u00e4ngematte(300 x 200cm) Ultraleichte Reise Camping H\u00e4ngematten f\u00fcr Outdoor 2 Personen Atmungsaktives Wasserdichtes Fallschirm-Nylon, inkl. Karabiners -Hammock f\u00fcr Camping, Reise, Garten\"}]},{\"@type\":\"WebSite\",\"@id\":\"https:\\\/\\\/www.ralti.de\\\/#website\",\"url\":\"https:\\\/\\\/www.ralti.de\\\/\",\"name\":\"Ralti.de\",\"description\":\"Hier viele gute Angebote\",\"publisher\":{\"@id\":\"https:\\\/\\\/www.ralti.de\\\/#organization\"},\"potentialAction\":[{\"@type\":\"SearchAction\",\"target\":{\"@type\":\"EntryPoint\",\"urlTemplate\":\"https:\\\/\\\/www.ralti.de\\\/?s={search_term_string}\"},\"query-input\":{\"@type\":\"PropertyValueSpecification\",\"valueRequired\":true,\"valueName\":\"search_term_string\"}}],\"inLanguage\":\"de\"},{\"@type\":\"Organization\",\"@id\":\"https:\\\/\\\/www.ralti.de\\\/#organization\",\"name\":\"Ralti.de\",\"url\":\"https:\\\/\\\/www.ralti.de\\\/\",\"logo\":{\"@type\":\"ImageObject\",\"inLanguage\":\"de\",\"@id\":\"https:\\\/\\\/www.ralti.de\\\/#\\\/schema\\\/logo\\\/image\\\/\",\"url\":\"https:\\\/\\\/www.ralti.de\\\/wp-content\\\/uploads\\\/2025\\\/11\\\/ralti.png\",\"contentUrl\":\"https:\\\/\\\/www.ralti.de\\\/wp-content\\\/uploads\\\/2025\\\/11\\\/ralti.png\",\"width\":240,\"height\":75,\"caption\":\"Ralti.de\"},\"image\":{\"@id\":\"https:\\\/\\\/www.ralti.de\\\/#\\\/schema\\\/logo\\\/image\\\/\"}}]}<\/script>\n<!-- \/ Yoast SEO plugin. -->","yoast_head_json":{"title":"MalloMe Doppel H\u00e4ngematte(300 x 200cm) Ultraleichte Reise Camping H\u00e4ngematten f\u00fcr Outdoor 2 Personen Atmungsaktives Wasserdichtes Fallschirm-Nylon, inkl. Karabiners -Hammock f\u00fcr Camping, Reise, Garten - Notfallvorsorge - Krisenvorsorge","robots":{"index":"index","follow":"follow","max-snippet":"max-snippet:-1","max-image-preview":"max-image-preview:large","max-video-preview":"max-video-preview:-1"},"canonical":"https:\/\/www.ralti.de\/?product=mallome-doppel-hangematte300-x-200cm-ultraleichte-reise-camping-hangematten-fur-outdoor-2-personen-atmungsaktives-wasserdichtes-fallschirm-nylon-inkl-karabiners-hammock-fur-camping-reise-garten","og_locale":"de_DE","og_type":"article","og_title":"MalloMe Doppel H\u00e4ngematte(300 x 200cm) Ultraleichte Reise Camping H\u00e4ngematten f\u00fcr Outdoor 2 Personen Atmungsaktives Wasserdichtes Fallschirm-Nylon, inkl. Karabiners -Hammock f\u00fcr Camping, Reise, Garten - Notfallvorsorge - Krisenvorsorge","og_url":"https:\/\/www.ralti.de\/?product=mallome-doppel-hangematte300-x-200cm-ultraleichte-reise-camping-hangematten-fur-outdoor-2-personen-atmungsaktives-wasserdichtes-fallschirm-nylon-inkl-karabiners-hammock-fur-camping-reise-garten","og_site_name":"Notfallvorsorge - Krisenvorsorge","og_image":[{"width":500,"height":500,"url":"https:\/\/m.media-amazon.com\/images\/I\/51ZdpEe9k6L.jpg","type":"image\/jpeg"}],"twitter_card":"summary_large_image","schema":{"@context":"https:\/\/schema.org","@graph":[{"@type":"WebPage","@id":"https:\/\/www.ralti.de\/?product=mallome-doppel-hangematte300-x-200cm-ultraleichte-reise-camping-hangematten-fur-outdoor-2-personen-atmungsaktives-wasserdichtes-fallschirm-nylon-inkl-karabiners-hammock-fur-camping-reise-garten","url":"https:\/\/www.ralti.de\/?product=mallome-doppel-hangematte300-x-200cm-ultraleichte-reise-camping-hangematten-fur-outdoor-2-personen-atmungsaktives-wasserdichtes-fallschirm-nylon-inkl-karabiners-hammock-fur-camping-reise-garten","name":"MalloMe Doppel H\u00e4ngematte(300 x 200cm) Ultraleichte Reise Camping H\u00e4ngematten f\u00fcr Outdoor 2 Personen Atmungsaktives Wasserdichtes Fallschirm-Nylon, inkl. Karabiners -Hammock f\u00fcr Camping, Reise, Garten - Notfallvorsorge - Krisenvorsorge","isPartOf":{"@id":"https:\/\/www.ralti.de\/#website"},"primaryImageOfPage":{"@id":"https:\/\/www.ralti.de\/?product=mallome-doppel-hangematte300-x-200cm-ultraleichte-reise-camping-hangematten-fur-outdoor-2-personen-atmungsaktives-wasserdichtes-fallschirm-nylon-inkl-karabiners-hammock-fur-camping-reise-garten#primaryimage"},"image":{"@id":"https:\/\/www.ralti.de\/?product=mallome-doppel-hangematte300-x-200cm-ultraleichte-reise-camping-hangematten-fur-outdoor-2-personen-atmungsaktives-wasserdichtes-fallschirm-nylon-inkl-karabiners-hammock-fur-camping-reise-garten#primaryimage"},"thumbnailUrl":"https:\/\/m.media-amazon.com\/images\/I\/51ZdpEe9k6L.jpg","datePublished":"2025-11-25T12:07:17+00:00","breadcrumb":{"@id":"https:\/\/www.ralti.de\/?product=mallome-doppel-hangematte300-x-200cm-ultraleichte-reise-camping-hangematten-fur-outdoor-2-personen-atmungsaktives-wasserdichtes-fallschirm-nylon-inkl-karabiners-hammock-fur-camping-reise-garten#breadcrumb"},"inLanguage":"de","potentialAction":[{"@type":"ReadAction","target":["https:\/\/www.ralti.de\/?product=mallome-doppel-hangematte300-x-200cm-ultraleichte-reise-camping-hangematten-fur-outdoor-2-personen-atmungsaktives-wasserdichtes-fallschirm-nylon-inkl-karabiners-hammock-fur-camping-reise-garten"]}]},{"@type":"ImageObject","inLanguage":"de","@id":"https:\/\/www.ralti.de\/?product=mallome-doppel-hangematte300-x-200cm-ultraleichte-reise-camping-hangematten-fur-outdoor-2-personen-atmungsaktives-wasserdichtes-fallschirm-nylon-inkl-karabiners-hammock-fur-camping-reise-garten#primaryimage","url":"https:\/\/m.media-amazon.com\/images\/I\/51ZdpEe9k6L.jpg","contentUrl":"https:\/\/m.media-amazon.com\/images\/I\/51ZdpEe9k6L.jpg","width":500,"height":500},{"@type":"BreadcrumbList","@id":"https:\/\/www.ralti.de\/?product=mallome-doppel-hangematte300-x-200cm-ultraleichte-reise-camping-hangematten-fur-outdoor-2-personen-atmungsaktives-wasserdichtes-fallschirm-nylon-inkl-karabiners-hammock-fur-camping-reise-garten#breadcrumb","itemListElement":[{"@type":"ListItem","position":1,"name":"Start","item":"https:\/\/www.ralti.de\/"},{"@type":"ListItem","position":2,"name":"Notfallartikel","item":"https:\/\/www.ralti.de\/?page_id=14189"},{"@type":"ListItem","position":3,"name":"MalloMe Doppel H\u00e4ngematte(300 x 200cm) Ultraleichte Reise Camping H\u00e4ngematten f\u00fcr Outdoor 2 Personen Atmungsaktives Wasserdichtes Fallschirm-Nylon, inkl. Karabiners -Hammock f\u00fcr Camping, Reise, Garten"}]},{"@type":"WebSite","@id":"https:\/\/www.ralti.de\/#website","url":"https:\/\/www.ralti.de\/","name":"Ralti.de","description":"Hier viele gute Angebote","publisher":{"@id":"https:\/\/www.ralti.de\/#organization"},"potentialAction":[{"@type":"SearchAction","target":{"@type":"EntryPoint","urlTemplate":"https:\/\/www.ralti.de\/?s={search_term_string}"},"query-input":{"@type":"PropertyValueSpecification","valueRequired":true,"valueName":"search_term_string"}}],"inLanguage":"de"},{"@type":"Organization","@id":"https:\/\/www.ralti.de\/#organization","name":"Ralti.de","url":"https:\/\/www.ralti.de\/","logo":{"@type":"ImageObject","inLanguage":"de","@id":"https:\/\/www.ralti.de\/#\/schema\/logo\/image\/","url":"https:\/\/www.ralti.de\/wp-content\/uploads\/2025\/11\/ralti.png","contentUrl":"https:\/\/www.ralti.de\/wp-content\/uploads\/2025\/11\/ralti.png","width":240,"height":75,"caption":"Ralti.de"},"image":{"@id":"https:\/\/www.ralti.de\/#\/schema\/logo\/image\/"}}]}},"_links":{"self":[{"href":"https:\/\/www.ralti.de\/index.php?rest_route=\/wp\/v2\/product\/13074","targetHints":{"allow":["GET"]}}],"collection":[{"href":"https:\/\/www.ralti.de\/index.php?rest_route=\/wp\/v2\/product"}],"about":[{"href":"https:\/\/www.ralti.de\/index.php?rest_route=\/wp\/v2\/types\/product"}],"replies":[{"embeddable":true,"href":"https:\/\/www.ralti.de\/index.php?rest_route=%2Fwp%2Fv2%2Fcomments&post=13074"}],"wp:featuredmedia":[{"embeddable":true,"href":"https:\/\/www.ralti.de\/index.php?rest_route=\/wp\/v2\/media\/13075"}],"wp:attachment":[{"href":"https:\/\/www.ralti.de\/index.php?rest_route=%2Fwp%2Fv2%2Fmedia&parent=13074"}],"wp:term":[{"taxonomy":"product_brand","embeddable":true,"href":"https:\/\/www.ralti.de\/index.php?rest_route=%2Fwp%2Fv2%2Fproduct_brand&post=13074"},{"taxonomy":"product_cat","embeddable":true,"href":"https:\/\/www.ralti.de\/index.php?rest_route=%2Fwp%2Fv2%2Fproduct_cat&post=13074"},{"taxonomy":"product_tag","embeddable":true,"href":"https:\/\/www.ralti.de\/index.php?rest_route=%2Fwp%2Fv2%2Fproduct_tag&post=13074"}],"curies":[{"name":"wp","href":"https:\/\/api.w.org\/{rel}","templated":true}]}}