{"id":13134,"date":"2025-11-25T12:07:32","date_gmt":"2025-11-25T12:07:32","guid":{"rendered":"https:\/\/www.ralti.de\/shop-2\/uncategorized\/robbx-hangematte-outdoor-mit-moskitonetz-fur-2-personen-300kg-traglast-doppelhangematte-mit-befestigungs-set-nylon-camping-reisehangematte-290x140cm-oliv\/"},"modified":"2025-11-25T12:07:32","modified_gmt":"2025-11-25T12:07:32","slug":"robbx-hangematte-outdoor-mit-moskitonetz-fur-2-personen-300kg-traglast-doppelhangematte-mit-befestigungs-set-nylon-camping-reisehangematte-290x140cm-oliv","status":"publish","type":"product","link":"https:\/\/www.ralti.de\/?product=robbx-hangematte-outdoor-mit-moskitonetz-fur-2-personen-300kg-traglast-doppelhangematte-mit-befestigungs-set-nylon-camping-reisehangematte-290x140cm-oliv","title":{"rendered":"ROBBX\u00ae H\u00e4ngematte Outdoor mit Moskitonetz f\u00fcr 2 Personen | 300kg Traglast | Doppelh\u00e4ngematte mit Befestigungs-Set | Nylon Camping Reiseh\u00e4ngematte | 290x140cm Oliv"},"content":{"rendered":"<p>COOLES F\u00dcR DRAUSSEN &#8211; Diese gem\u00fctliche Camping H\u00e4ngematte ist ideal f\u00fcr jegliche Outdoor Aktivit\u00e4ten. Mit angen\u00e4hten Taschen haben Sie zudem einen kleinen Stauraum mit dabei! Perfekt f\u00fcr unterwegs zum Mitnehmen!<br \/>\nBESTM\u00d6GLICHER SCHUTZ &#8211; Die H\u00e4ngematten f\u00fcr 2 Personen ist mit einem praktischen Moskito- und Insektennetz ausgestattet, sodass Sie auch die warmen Sommern\u00e4chte im Freien problemlos, ohne l\u00e4stige Stiche genie\u00dfen k\u00f6nnen!<br \/>\nPRAKTISCHES ZUBEH\u00d6R &#8211; Mithilfe von Baumgurten &#038; Karabinern wird die XXL H\u00e4ngematte befestigt. Die integrierte Aufbewahrungstasche h\u00e4lt alles zusammen, sodass Sie die Reise H\u00e4ngematte sofort befestigen k\u00f6nnen!<br \/>\nLEICHT ABWASCHBAR &#8211; Gefertigt aus strapazierf\u00e4higem Fallschirm Nylon, bieten die H\u00e4ngematten von ROBBX optimalen Schutz vor Wasser und Schmutz. Das Material ist besonders leicht zu reinigen. Zudem ist die Schlafh\u00e4ngematte ultraleicht!<br \/>\nBELASTBAR &#8211; Die ROBBX H\u00e4ngematten wurden auf Belastbarkeit von 300 kg getestet. Sie sind atmungsaktiv, schnell trocknend, sehr langlebig und robust f\u00fcr jegliche Outdoor-Aktivit\u00e4t!<br \/>\n<div class=\"main-cross-sell\" data-asin=\"B08T94JWVR\">\n\n\t<div class=\"WooZone-cross-sell-loader\">\n\t\t<div>\n\t\t\t<div id=\"floatingBarsG\">\n\t\t\t\t<div class=\"blockG\" id=\"rotateG_01\"><\/div>\n\t\t\t\t<div class=\"blockG\" id=\"rotateG_02\"><\/div>\n\t\t\t\t<div class=\"blockG\" id=\"rotateG_03\"><\/div>\n\t\t\t\t<div class=\"blockG\" id=\"rotateG_04\"><\/div>\n\t\t\t\t<div class=\"blockG\" id=\"rotateG_05\"><\/div>\n\t\t\t\t<div class=\"blockG\" id=\"rotateG_06\"><\/div>\n\t\t\t\t<div class=\"blockG\" id=\"rotateG_07\"><\/div>\n\t\t\t\t<div class=\"blockG\" id=\"rotateG_08\"><\/div>\n\t\t\t<\/div>\n\t\t\t<div class=\"WooZone-cross-sell-loader-text\"><\/div>\n\t\t<\/div>\n\t<\/div>\n\n\t\t\n<\/div>\n<div style=\"clear:both;\"><\/div>\n","protected":false},"excerpt":{"rendered":"<p>COOLES F\u00dcR DRAUSSEN &#8211; Diese gem\u00fctliche Camping H\u00e4ngematte ist ideal f\u00fcr jegliche Outdoor Aktivit\u00e4ten. Mit angen\u00e4hten Taschen haben Sie zudem einen kleinen Stauraum mit dabei! Perfekt f\u00fcr unterwegs zum Mitnehmen!<br \/>\nBESTM\u00d6GLICHER SCHUTZ &#8211; Die H\u00e4ngematten f\u00fcr 2 Personen ist mit einem praktischen Moskito- und Insektennetz ausgestattet, sodass Sie auch die warmen Sommern\u00e4chte im Freien problemlos, ohne l\u00e4stige Stiche genie\u00dfen k\u00f6nnen!<br \/>\nPRAKTISCHES ZUBEH\u00d6R &#8211; Mithilfe von Baumgurten &#038; Karabinern wird die XXL H\u00e4ngematte befestigt. Die integrierte Aufbewahrungstasche h\u00e4lt alles zusammen, sodass Sie die Reise H\u00e4ngematte sofort befestigen k\u00f6nnen!<\/p>\n","protected":false},"featured_media":13135,"comment_status":"open","ping_status":"closed","template":"","meta":{"_acf_changed":false},"product_brand":[],"product_cat":[272,268],"product_tag":[],"class_list":{"0":"post-13134","1":"product","2":"type-product","3":"status-publish","4":"has-post-thumbnail","6":"product_cat-hangematten","7":"product_cat-unterschlupf","9":"first","10":"instock","11":"sale","12":"shipping-taxable","13":"product-type-external"},"acf":[],"yoast_head":"<!-- This site is optimized with the Yoast SEO plugin v27.3 - https:\/\/yoast.com\/product\/yoast-seo-wordpress\/ -->\n<title>ROBBX\u00ae H\u00e4ngematte Outdoor mit Moskitonetz f\u00fcr 2 Personen | 300kg Traglast | Doppelh\u00e4ngematte mit Befestigungs-Set | Nylon Camping Reiseh\u00e4ngematte | 290x140cm Oliv - Notfallvorsorge - Krisenvorsorge<\/title>\n<meta name=\"robots\" content=\"index, follow, max-snippet:-1, max-image-preview:large, max-video-preview:-1\" \/>\n<link rel=\"canonical\" href=\"https:\/\/www.ralti.de\/?product=robbx-hangematte-outdoor-mit-moskitonetz-fur-2-personen-300kg-traglast-doppelhangematte-mit-befestigungs-set-nylon-camping-reisehangematte-290x140cm-oliv\" \/>\n<meta property=\"og:locale\" content=\"de_DE\" \/>\n<meta property=\"og:type\" content=\"article\" \/>\n<meta property=\"og:title\" content=\"ROBBX\u00ae H\u00e4ngematte Outdoor mit Moskitonetz f\u00fcr 2 Personen | 300kg Traglast | Doppelh\u00e4ngematte mit Befestigungs-Set | Nylon Camping Reiseh\u00e4ngematte | 290x140cm Oliv - Notfallvorsorge - Krisenvorsorge\" \/>\n<meta property=\"og:description\" content=\"COOLES F\u00dcR DRAUSSEN - Diese gem\u00fctliche Camping H\u00e4ngematte ist ideal f\u00fcr jegliche Outdoor Aktivit\u00e4ten. Mit angen\u00e4hten Taschen haben Sie zudem einen kleinen Stauraum mit dabei! Perfekt f\u00fcr unterwegs zum Mitnehmen! BESTM\u00d6GLICHER SCHUTZ - Die H\u00e4ngematten f\u00fcr 2 Personen ist mit einem praktischen Moskito- und Insektennetz ausgestattet, sodass Sie auch die warmen Sommern\u00e4chte im Freien problemlos, ohne l\u00e4stige Stiche genie\u00dfen k\u00f6nnen! PRAKTISCHES ZUBEH\u00d6R - Mithilfe von Baumgurten &amp; Karabinern wird die XXL H\u00e4ngematte befestigt. Die integrierte Aufbewahrungstasche h\u00e4lt alles zusammen, sodass Sie die Reise H\u00e4ngematte sofort befestigen k\u00f6nnen!\" \/>\n<meta property=\"og:url\" content=\"https:\/\/www.ralti.de\/?product=robbx-hangematte-outdoor-mit-moskitonetz-fur-2-personen-300kg-traglast-doppelhangematte-mit-befestigungs-set-nylon-camping-reisehangematte-290x140cm-oliv\" \/>\n<meta property=\"og:site_name\" content=\"Notfallvorsorge - Krisenvorsorge\" \/>\n<meta property=\"og:image\" content=\"https:\/\/m.media-amazon.com\/images\/I\/51oAhN4+RGL.jpg\" \/>\n\t<meta property=\"og:image:width\" content=\"500\" \/>\n\t<meta property=\"og:image:height\" content=\"500\" \/>\n\t<meta property=\"og:image:type\" content=\"image\/jpeg\" \/>\n<meta name=\"twitter:card\" content=\"summary_large_image\" \/>\n<meta name=\"twitter:label1\" content=\"Gesch\u00e4tzte Lesezeit\" \/>\n\t<meta name=\"twitter:data1\" content=\"1\u00a0Minute\" \/>\n<script type=\"application\/ld+json\" class=\"yoast-schema-graph\">{\"@context\":\"https:\\\/\\\/schema.org\",\"@graph\":[{\"@type\":\"WebPage\",\"@id\":\"https:\\\/\\\/www.ralti.de\\\/?product=robbx-hangematte-outdoor-mit-moskitonetz-fur-2-personen-300kg-traglast-doppelhangematte-mit-befestigungs-set-nylon-camping-reisehangematte-290x140cm-oliv\",\"url\":\"https:\\\/\\\/www.ralti.de\\\/?product=robbx-hangematte-outdoor-mit-moskitonetz-fur-2-personen-300kg-traglast-doppelhangematte-mit-befestigungs-set-nylon-camping-reisehangematte-290x140cm-oliv\",\"name\":\"ROBBX\u00ae H\u00e4ngematte Outdoor mit Moskitonetz f\u00fcr 2 Personen | 300kg Traglast | Doppelh\u00e4ngematte mit Befestigungs-Set | Nylon Camping Reiseh\u00e4ngematte | 290x140cm Oliv - Notfallvorsorge - Krisenvorsorge\",\"isPartOf\":{\"@id\":\"https:\\\/\\\/www.ralti.de\\\/#website\"},\"primaryImageOfPage\":{\"@id\":\"https:\\\/\\\/www.ralti.de\\\/?product=robbx-hangematte-outdoor-mit-moskitonetz-fur-2-personen-300kg-traglast-doppelhangematte-mit-befestigungs-set-nylon-camping-reisehangematte-290x140cm-oliv#primaryimage\"},\"image\":{\"@id\":\"https:\\\/\\\/www.ralti.de\\\/?product=robbx-hangematte-outdoor-mit-moskitonetz-fur-2-personen-300kg-traglast-doppelhangematte-mit-befestigungs-set-nylon-camping-reisehangematte-290x140cm-oliv#primaryimage\"},\"thumbnailUrl\":\"https:\\\/\\\/m.media-amazon.com\\\/images\\\/I\\\/51oAhN4+RGL.jpg\",\"datePublished\":\"2025-11-25T12:07:32+00:00\",\"breadcrumb\":{\"@id\":\"https:\\\/\\\/www.ralti.de\\\/?product=robbx-hangematte-outdoor-mit-moskitonetz-fur-2-personen-300kg-traglast-doppelhangematte-mit-befestigungs-set-nylon-camping-reisehangematte-290x140cm-oliv#breadcrumb\"},\"inLanguage\":\"de\",\"potentialAction\":[{\"@type\":\"ReadAction\",\"target\":[\"https:\\\/\\\/www.ralti.de\\\/?product=robbx-hangematte-outdoor-mit-moskitonetz-fur-2-personen-300kg-traglast-doppelhangematte-mit-befestigungs-set-nylon-camping-reisehangematte-290x140cm-oliv\"]}]},{\"@type\":\"ImageObject\",\"inLanguage\":\"de\",\"@id\":\"https:\\\/\\\/www.ralti.de\\\/?product=robbx-hangematte-outdoor-mit-moskitonetz-fur-2-personen-300kg-traglast-doppelhangematte-mit-befestigungs-set-nylon-camping-reisehangematte-290x140cm-oliv#primaryimage\",\"url\":\"https:\\\/\\\/m.media-amazon.com\\\/images\\\/I\\\/51oAhN4+RGL.jpg\",\"contentUrl\":\"https:\\\/\\\/m.media-amazon.com\\\/images\\\/I\\\/51oAhN4+RGL.jpg\",\"width\":500,\"height\":500},{\"@type\":\"BreadcrumbList\",\"@id\":\"https:\\\/\\\/www.ralti.de\\\/?product=robbx-hangematte-outdoor-mit-moskitonetz-fur-2-personen-300kg-traglast-doppelhangematte-mit-befestigungs-set-nylon-camping-reisehangematte-290x140cm-oliv#breadcrumb\",\"itemListElement\":[{\"@type\":\"ListItem\",\"position\":1,\"name\":\"Start\",\"item\":\"https:\\\/\\\/www.ralti.de\\\/\"},{\"@type\":\"ListItem\",\"position\":2,\"name\":\"Notfallartikel\",\"item\":\"https:\\\/\\\/www.ralti.de\\\/?page_id=14189\"},{\"@type\":\"ListItem\",\"position\":3,\"name\":\"ROBBX\u00ae H\u00e4ngematte Outdoor mit Moskitonetz f\u00fcr 2 Personen | 300kg Traglast | Doppelh\u00e4ngematte mit Befestigungs-Set | Nylon Camping Reiseh\u00e4ngematte | 290x140cm Oliv\"}]},{\"@type\":\"WebSite\",\"@id\":\"https:\\\/\\\/www.ralti.de\\\/#website\",\"url\":\"https:\\\/\\\/www.ralti.de\\\/\",\"name\":\"Ralti.de\",\"description\":\"Hier viele gute Angebote\",\"publisher\":{\"@id\":\"https:\\\/\\\/www.ralti.de\\\/#organization\"},\"potentialAction\":[{\"@type\":\"SearchAction\",\"target\":{\"@type\":\"EntryPoint\",\"urlTemplate\":\"https:\\\/\\\/www.ralti.de\\\/?s={search_term_string}\"},\"query-input\":{\"@type\":\"PropertyValueSpecification\",\"valueRequired\":true,\"valueName\":\"search_term_string\"}}],\"inLanguage\":\"de\"},{\"@type\":\"Organization\",\"@id\":\"https:\\\/\\\/www.ralti.de\\\/#organization\",\"name\":\"Ralti.de\",\"url\":\"https:\\\/\\\/www.ralti.de\\\/\",\"logo\":{\"@type\":\"ImageObject\",\"inLanguage\":\"de\",\"@id\":\"https:\\\/\\\/www.ralti.de\\\/#\\\/schema\\\/logo\\\/image\\\/\",\"url\":\"https:\\\/\\\/www.ralti.de\\\/wp-content\\\/uploads\\\/2025\\\/11\\\/ralti.png\",\"contentUrl\":\"https:\\\/\\\/www.ralti.de\\\/wp-content\\\/uploads\\\/2025\\\/11\\\/ralti.png\",\"width\":240,\"height\":75,\"caption\":\"Ralti.de\"},\"image\":{\"@id\":\"https:\\\/\\\/www.ralti.de\\\/#\\\/schema\\\/logo\\\/image\\\/\"}}]}<\/script>\n<!-- \/ Yoast SEO plugin. -->","yoast_head_json":{"title":"ROBBX\u00ae H\u00e4ngematte Outdoor mit Moskitonetz f\u00fcr 2 Personen | 300kg Traglast | Doppelh\u00e4ngematte mit Befestigungs-Set | Nylon Camping Reiseh\u00e4ngematte | 290x140cm Oliv - Notfallvorsorge - Krisenvorsorge","robots":{"index":"index","follow":"follow","max-snippet":"max-snippet:-1","max-image-preview":"max-image-preview:large","max-video-preview":"max-video-preview:-1"},"canonical":"https:\/\/www.ralti.de\/?product=robbx-hangematte-outdoor-mit-moskitonetz-fur-2-personen-300kg-traglast-doppelhangematte-mit-befestigungs-set-nylon-camping-reisehangematte-290x140cm-oliv","og_locale":"de_DE","og_type":"article","og_title":"ROBBX\u00ae H\u00e4ngematte Outdoor mit Moskitonetz f\u00fcr 2 Personen | 300kg Traglast | Doppelh\u00e4ngematte mit Befestigungs-Set | Nylon Camping Reiseh\u00e4ngematte | 290x140cm Oliv - Notfallvorsorge - Krisenvorsorge","og_description":"COOLES F\u00dcR DRAUSSEN - Diese gem\u00fctliche Camping H\u00e4ngematte ist ideal f\u00fcr jegliche Outdoor Aktivit\u00e4ten. Mit angen\u00e4hten Taschen haben Sie zudem einen kleinen Stauraum mit dabei! Perfekt f\u00fcr unterwegs zum Mitnehmen! BESTM\u00d6GLICHER SCHUTZ - Die H\u00e4ngematten f\u00fcr 2 Personen ist mit einem praktischen Moskito- und Insektennetz ausgestattet, sodass Sie auch die warmen Sommern\u00e4chte im Freien problemlos, ohne l\u00e4stige Stiche genie\u00dfen k\u00f6nnen! PRAKTISCHES ZUBEH\u00d6R - Mithilfe von Baumgurten & Karabinern wird die XXL H\u00e4ngematte befestigt. Die integrierte Aufbewahrungstasche h\u00e4lt alles zusammen, sodass Sie die Reise H\u00e4ngematte sofort befestigen k\u00f6nnen!","og_url":"https:\/\/www.ralti.de\/?product=robbx-hangematte-outdoor-mit-moskitonetz-fur-2-personen-300kg-traglast-doppelhangematte-mit-befestigungs-set-nylon-camping-reisehangematte-290x140cm-oliv","og_site_name":"Notfallvorsorge - Krisenvorsorge","og_image":[{"width":500,"height":500,"url":"https:\/\/m.media-amazon.com\/images\/I\/51oAhN4+RGL.jpg","type":"image\/jpeg"}],"twitter_card":"summary_large_image","twitter_misc":{"Gesch\u00e4tzte Lesezeit":"1\u00a0Minute"},"schema":{"@context":"https:\/\/schema.org","@graph":[{"@type":"WebPage","@id":"https:\/\/www.ralti.de\/?product=robbx-hangematte-outdoor-mit-moskitonetz-fur-2-personen-300kg-traglast-doppelhangematte-mit-befestigungs-set-nylon-camping-reisehangematte-290x140cm-oliv","url":"https:\/\/www.ralti.de\/?product=robbx-hangematte-outdoor-mit-moskitonetz-fur-2-personen-300kg-traglast-doppelhangematte-mit-befestigungs-set-nylon-camping-reisehangematte-290x140cm-oliv","name":"ROBBX\u00ae H\u00e4ngematte Outdoor mit Moskitonetz f\u00fcr 2 Personen | 300kg Traglast | Doppelh\u00e4ngematte mit Befestigungs-Set | Nylon Camping Reiseh\u00e4ngematte | 290x140cm Oliv - Notfallvorsorge - Krisenvorsorge","isPartOf":{"@id":"https:\/\/www.ralti.de\/#website"},"primaryImageOfPage":{"@id":"https:\/\/www.ralti.de\/?product=robbx-hangematte-outdoor-mit-moskitonetz-fur-2-personen-300kg-traglast-doppelhangematte-mit-befestigungs-set-nylon-camping-reisehangematte-290x140cm-oliv#primaryimage"},"image":{"@id":"https:\/\/www.ralti.de\/?product=robbx-hangematte-outdoor-mit-moskitonetz-fur-2-personen-300kg-traglast-doppelhangematte-mit-befestigungs-set-nylon-camping-reisehangematte-290x140cm-oliv#primaryimage"},"thumbnailUrl":"https:\/\/m.media-amazon.com\/images\/I\/51oAhN4+RGL.jpg","datePublished":"2025-11-25T12:07:32+00:00","breadcrumb":{"@id":"https:\/\/www.ralti.de\/?product=robbx-hangematte-outdoor-mit-moskitonetz-fur-2-personen-300kg-traglast-doppelhangematte-mit-befestigungs-set-nylon-camping-reisehangematte-290x140cm-oliv#breadcrumb"},"inLanguage":"de","potentialAction":[{"@type":"ReadAction","target":["https:\/\/www.ralti.de\/?product=robbx-hangematte-outdoor-mit-moskitonetz-fur-2-personen-300kg-traglast-doppelhangematte-mit-befestigungs-set-nylon-camping-reisehangematte-290x140cm-oliv"]}]},{"@type":"ImageObject","inLanguage":"de","@id":"https:\/\/www.ralti.de\/?product=robbx-hangematte-outdoor-mit-moskitonetz-fur-2-personen-300kg-traglast-doppelhangematte-mit-befestigungs-set-nylon-camping-reisehangematte-290x140cm-oliv#primaryimage","url":"https:\/\/m.media-amazon.com\/images\/I\/51oAhN4+RGL.jpg","contentUrl":"https:\/\/m.media-amazon.com\/images\/I\/51oAhN4+RGL.jpg","width":500,"height":500},{"@type":"BreadcrumbList","@id":"https:\/\/www.ralti.de\/?product=robbx-hangematte-outdoor-mit-moskitonetz-fur-2-personen-300kg-traglast-doppelhangematte-mit-befestigungs-set-nylon-camping-reisehangematte-290x140cm-oliv#breadcrumb","itemListElement":[{"@type":"ListItem","position":1,"name":"Start","item":"https:\/\/www.ralti.de\/"},{"@type":"ListItem","position":2,"name":"Notfallartikel","item":"https:\/\/www.ralti.de\/?page_id=14189"},{"@type":"ListItem","position":3,"name":"ROBBX\u00ae H\u00e4ngematte Outdoor mit Moskitonetz f\u00fcr 2 Personen | 300kg Traglast | Doppelh\u00e4ngematte mit Befestigungs-Set | Nylon Camping Reiseh\u00e4ngematte | 290x140cm Oliv"}]},{"@type":"WebSite","@id":"https:\/\/www.ralti.de\/#website","url":"https:\/\/www.ralti.de\/","name":"Ralti.de","description":"Hier viele gute Angebote","publisher":{"@id":"https:\/\/www.ralti.de\/#organization"},"potentialAction":[{"@type":"SearchAction","target":{"@type":"EntryPoint","urlTemplate":"https:\/\/www.ralti.de\/?s={search_term_string}"},"query-input":{"@type":"PropertyValueSpecification","valueRequired":true,"valueName":"search_term_string"}}],"inLanguage":"de"},{"@type":"Organization","@id":"https:\/\/www.ralti.de\/#organization","name":"Ralti.de","url":"https:\/\/www.ralti.de\/","logo":{"@type":"ImageObject","inLanguage":"de","@id":"https:\/\/www.ralti.de\/#\/schema\/logo\/image\/","url":"https:\/\/www.ralti.de\/wp-content\/uploads\/2025\/11\/ralti.png","contentUrl":"https:\/\/www.ralti.de\/wp-content\/uploads\/2025\/11\/ralti.png","width":240,"height":75,"caption":"Ralti.de"},"image":{"@id":"https:\/\/www.ralti.de\/#\/schema\/logo\/image\/"}}]}},"_links":{"self":[{"href":"https:\/\/www.ralti.de\/index.php?rest_route=\/wp\/v2\/product\/13134","targetHints":{"allow":["GET"]}}],"collection":[{"href":"https:\/\/www.ralti.de\/index.php?rest_route=\/wp\/v2\/product"}],"about":[{"href":"https:\/\/www.ralti.de\/index.php?rest_route=\/wp\/v2\/types\/product"}],"replies":[{"embeddable":true,"href":"https:\/\/www.ralti.de\/index.php?rest_route=%2Fwp%2Fv2%2Fcomments&post=13134"}],"wp:featuredmedia":[{"embeddable":true,"href":"https:\/\/www.ralti.de\/index.php?rest_route=\/wp\/v2\/media\/13135"}],"wp:attachment":[{"href":"https:\/\/www.ralti.de\/index.php?rest_route=%2Fwp%2Fv2%2Fmedia&parent=13134"}],"wp:term":[{"taxonomy":"product_brand","embeddable":true,"href":"https:\/\/www.ralti.de\/index.php?rest_route=%2Fwp%2Fv2%2Fproduct_brand&post=13134"},{"taxonomy":"product_cat","embeddable":true,"href":"https:\/\/www.ralti.de\/index.php?rest_route=%2Fwp%2Fv2%2Fproduct_cat&post=13134"},{"taxonomy":"product_tag","embeddable":true,"href":"https:\/\/www.ralti.de\/index.php?rest_route=%2Fwp%2Fv2%2Fproduct_tag&post=13134"}],"curies":[{"name":"wp","href":"https:\/\/api.w.org\/{rel}","templated":true}]}}