{"id":13206,"date":"2025-11-25T12:07:48","date_gmt":"2025-11-25T12:07:48","guid":{"rendered":"https:\/\/www.ralti.de\/shop-2\/uncategorized\/nordmut-ultraleichte-hangematte-outdoor-mit-befestigungs-set-camping-hangematte-inkl-baumschutz-set-fur-camping-outdoor-und-garten-max-belastbarkeit-300-kg\/"},"modified":"2025-11-25T12:07:48","modified_gmt":"2025-11-25T12:07:48","slug":"nordmut-ultraleichte-hangematte-outdoor-mit-befestigungs-set-camping-hangematte-inkl-baumschutz-set-fur-camping-outdoor-und-garten-max-belastbarkeit-300-kg","status":"publish","type":"product","link":"https:\/\/www.ralti.de\/?product=nordmut-ultraleichte-hangematte-outdoor-mit-befestigungs-set-camping-hangematte-inkl-baumschutz-set-fur-camping-outdoor-und-garten-max-belastbarkeit-300-kg","title":{"rendered":"NORDMUT\u00ae Ultraleichte H\u00e4ngematte Outdoor [mit Befestigungs-Set] Camping H\u00e4ngematte inkl. Baumschutz-Set f\u00fcr Camping, Outdoor und Garten &#8211; max. Belastbarkeit 300 kg"},"content":{"rendered":"<p>\ud83c\udf3f \ud835\uddd8\ud835\uddeb\ud835\udde7\ud835\udde5\ud835\uddd8\ud835\udde0 \ud835\udde5\ud835\udde2\ud835\uddd5\ud835\udde8\ud835\udde6\ud835\udde7 &#8211; Hochwertiger 210T Falschirm Nylon und dreifach versteppte N\u00e4hte sorgen f\u00fcr eine extreme Haltbarkeit der Outdoor H\u00e4ngematte.<br \/>\n\ud83c\udf3f \ud835\uddde\ud835\udde2\ud835\udde0\ud835\udde3\ud835\uddd4\ud835\uddde\ud835\udde7 &#8211; Mit einem Packma\u00df von nur 10 x 15 cm und einem Gewicht von nur 790 Gramm l\u00e4sst sich die Camping H\u00e4ngematte kinderleicht verstauen und m\u00fchelos transportieren.<br \/>\n\ud83c\udf3f \ud835\udde9\ud835\udddc\ud835\uddd8\ud835\udddf\ud835\udde6\ud835\uddd8\ud835\udddc\ud835\udde7\ud835\udddc\ud835\uddda \ud835\uddd8\ud835\udddc\ud835\udde1\ud835\udde6\ud835\uddd8\ud835\udde7\ud835\udded\ud835\uddd5\ud835\uddd4\ud835\udde5 &#8211; Ganz egal ob Camping, Survival, Trekking, Backpacking, Angeln oder Festival. Unsere H\u00e4ngematte ist ein Must-Have f\u00fcr dein n\u00e4chstes Outdoor-Abenteuer. Worauf wartest du?<br \/>\n\ud83c\udf3f \ud835\udde3\ud835\udde5\ud835\uddd4\ud835\uddde\ud835\udde7\ud835\udddc\ud835\udde6\ud835\uddd6\ud835\udddb\ud835\uddd8\ud835\udde6 \ud835\udded\ud835\udde8\ud835\uddd5\ud835\uddd8\ud835\udddb\ud835\udde2\ud835\uddd8\ud835\udde5 &#8211; Baumschonende Nylon-Gurte sowie hochwertige Alu-Karabiner sorgen f\u00fcr einen kinderleichte und sichere Befestigung der H\u00e4ngematte &#8211; in nur 90 Sekunden einsatzbereit.<br \/>\n\ud83c\udf3f \ud835\uddde\ud835\udddf\ud835\udddc\ud835\udde0\ud835\uddd4\ud835\udde6\ud835\uddd6\ud835\udddb\ud835\udde8\ud835\udde7\ud835\udded &#8211; Gemeinsam mit unserem Klimaschutzpartner PLANT-MY-TREE setzen wir uns f\u00fcr eine gr\u00fcnere Zukunft ein. Entscheide dich f\u00fcr unser Produkt und setze ein Zeichen f\u00fcr den Klimaschutz.<br \/>\n<div class=\"main-cross-sell\" data-asin=\"B09NQH8B53\">\n\n\t<div class=\"WooZone-cross-sell-loader\">\n\t\t<div>\n\t\t\t<div id=\"floatingBarsG\">\n\t\t\t\t<div class=\"blockG\" id=\"rotateG_01\"><\/div>\n\t\t\t\t<div class=\"blockG\" id=\"rotateG_02\"><\/div>\n\t\t\t\t<div class=\"blockG\" id=\"rotateG_03\"><\/div>\n\t\t\t\t<div class=\"blockG\" id=\"rotateG_04\"><\/div>\n\t\t\t\t<div class=\"blockG\" id=\"rotateG_05\"><\/div>\n\t\t\t\t<div class=\"blockG\" id=\"rotateG_06\"><\/div>\n\t\t\t\t<div class=\"blockG\" id=\"rotateG_07\"><\/div>\n\t\t\t\t<div class=\"blockG\" id=\"rotateG_08\"><\/div>\n\t\t\t<\/div>\n\t\t\t<div class=\"WooZone-cross-sell-loader-text\"><\/div>\n\t\t<\/div>\n\t<\/div>\n\n\t\t\n<\/div>\n<div style=\"clear:both;\"><\/div>\n","protected":false},"excerpt":{"rendered":"<p>\ud83c\udf3f \ud835\uddd8\ud835\uddeb\ud835\udde7\ud835\udde5\ud835\uddd8\ud835\udde0 \ud835\udde5\ud835\udde2\ud835\uddd5\ud835\udde8\ud835\udde6\ud835\udde7 &#8211; Hochwertiger 210T Falschirm Nylon und dreifach versteppte N\u00e4hte sorgen f\u00fcr eine extreme Haltbarkeit der Outdoor H\u00e4ngematte.<br \/>\n\ud83c\udf3f \ud835\uddde\ud835\udde2\ud835\udde0\ud835\udde3\ud835\uddd4\ud835\uddde\ud835\udde7 &#8211; Mit einem Packma\u00df von nur 10 x 15 cm und einem Gewicht von nur 790 Gramm l\u00e4sst sich die Camping H\u00e4ngematte kinderleicht verstauen und m\u00fchelos transportieren.<br \/>\n\ud83c\udf3f \ud835\udde9\ud835\udddc\ud835\uddd8\ud835\udddf\ud835\udde6\ud835\uddd8\ud835\udddc\ud835\udde7\ud835\udddc\ud835\uddda \ud835\uddd8\ud835\udddc\ud835\udde1\ud835\udde6\ud835\uddd8\ud835\udde7\ud835\udded\ud835\uddd5\ud835\uddd4\ud835\udde5 &#8211; Ganz egal ob Camping, Survival, Trekking, Backpacking, Angeln oder Festival. Unsere H\u00e4ngematte ist ein Must-Have f\u00fcr dein n\u00e4chstes Outdoor-Abenteuer. Worauf wartest du?<\/p>\n","protected":false},"featured_media":13207,"comment_status":"open","ping_status":"closed","template":"","meta":{"_acf_changed":false},"product_brand":[],"product_cat":[272,268],"product_tag":[],"class_list":{"0":"post-13206","1":"product","2":"type-product","3":"status-publish","4":"has-post-thumbnail","6":"product_cat-hangematten","7":"product_cat-unterschlupf","9":"first","10":"instock","11":"sale","12":"shipping-taxable","13":"product-type-external"},"acf":[],"yoast_head":"<!-- This site is optimized with the Yoast SEO plugin v27.3 - https:\/\/yoast.com\/product\/yoast-seo-wordpress\/ -->\n<title>NORDMUT\u00ae Ultraleichte H\u00e4ngematte Outdoor [mit Befestigungs-Set] Camping H\u00e4ngematte inkl. Baumschutz-Set f\u00fcr Camping, Outdoor und Garten - max. Belastbarkeit 300 kg - Notfallvorsorge - Krisenvorsorge<\/title>\n<meta name=\"robots\" content=\"index, follow, max-snippet:-1, max-image-preview:large, max-video-preview:-1\" \/>\n<link rel=\"canonical\" href=\"https:\/\/www.ralti.de\/?product=nordmut-ultraleichte-hangematte-outdoor-mit-befestigungs-set-camping-hangematte-inkl-baumschutz-set-fur-camping-outdoor-und-garten-max-belastbarkeit-300-kg\" \/>\n<meta property=\"og:locale\" content=\"de_DE\" \/>\n<meta property=\"og:type\" content=\"article\" \/>\n<meta property=\"og:title\" content=\"NORDMUT\u00ae Ultraleichte H\u00e4ngematte Outdoor [mit Befestigungs-Set] Camping H\u00e4ngematte inkl. Baumschutz-Set f\u00fcr Camping, Outdoor und Garten - max. Belastbarkeit 300 kg - Notfallvorsorge - Krisenvorsorge\" \/>\n<meta property=\"og:description\" content=\"\ud83c\udf3f \ud835\uddd8\ud835\uddeb\ud835\udde7\ud835\udde5\ud835\uddd8\ud835\udde0 \ud835\udde5\ud835\udde2\ud835\uddd5\ud835\udde8\ud835\udde6\ud835\udde7 - Hochwertiger 210T Falschirm Nylon und dreifach versteppte N\u00e4hte sorgen f\u00fcr eine extreme Haltbarkeit der Outdoor H\u00e4ngematte. \ud83c\udf3f \ud835\uddde\ud835\udde2\ud835\udde0\ud835\udde3\ud835\uddd4\ud835\uddde\ud835\udde7 - Mit einem Packma\u00df von nur 10 x 15 cm und einem Gewicht von nur 790 Gramm l\u00e4sst sich die Camping H\u00e4ngematte kinderleicht verstauen und m\u00fchelos transportieren. \ud83c\udf3f \ud835\udde9\ud835\udddc\ud835\uddd8\ud835\udddf\ud835\udde6\ud835\uddd8\ud835\udddc\ud835\udde7\ud835\udddc\ud835\uddda \ud835\uddd8\ud835\udddc\ud835\udde1\ud835\udde6\ud835\uddd8\ud835\udde7\ud835\udded\ud835\uddd5\ud835\uddd4\ud835\udde5 - Ganz egal ob Camping, Survival, Trekking, Backpacking, Angeln oder Festival. Unsere H\u00e4ngematte ist ein Must-Have f\u00fcr dein n\u00e4chstes Outdoor-Abenteuer. Worauf wartest du?\" \/>\n<meta property=\"og:url\" content=\"https:\/\/www.ralti.de\/?product=nordmut-ultraleichte-hangematte-outdoor-mit-befestigungs-set-camping-hangematte-inkl-baumschutz-set-fur-camping-outdoor-und-garten-max-belastbarkeit-300-kg\" \/>\n<meta property=\"og:site_name\" content=\"Notfallvorsorge - Krisenvorsorge\" \/>\n<meta property=\"og:image\" content=\"https:\/\/m.media-amazon.com\/images\/I\/51xSSAOcQML.jpg\" \/>\n\t<meta property=\"og:image:width\" content=\"500\" \/>\n\t<meta property=\"og:image:height\" content=\"500\" \/>\n\t<meta property=\"og:image:type\" content=\"image\/jpeg\" \/>\n<meta name=\"twitter:card\" content=\"summary_large_image\" \/>\n<meta name=\"twitter:label1\" content=\"Gesch\u00e4tzte Lesezeit\" \/>\n\t<meta name=\"twitter:data1\" content=\"1\u00a0Minute\" \/>\n<script type=\"application\/ld+json\" class=\"yoast-schema-graph\">{\"@context\":\"https:\\\/\\\/schema.org\",\"@graph\":[{\"@type\":\"WebPage\",\"@id\":\"https:\\\/\\\/www.ralti.de\\\/?product=nordmut-ultraleichte-hangematte-outdoor-mit-befestigungs-set-camping-hangematte-inkl-baumschutz-set-fur-camping-outdoor-und-garten-max-belastbarkeit-300-kg\",\"url\":\"https:\\\/\\\/www.ralti.de\\\/?product=nordmut-ultraleichte-hangematte-outdoor-mit-befestigungs-set-camping-hangematte-inkl-baumschutz-set-fur-camping-outdoor-und-garten-max-belastbarkeit-300-kg\",\"name\":\"NORDMUT\u00ae Ultraleichte H\u00e4ngematte Outdoor [mit Befestigungs-Set] Camping H\u00e4ngematte inkl. Baumschutz-Set f\u00fcr Camping, Outdoor und Garten - max. Belastbarkeit 300 kg - Notfallvorsorge - Krisenvorsorge\",\"isPartOf\":{\"@id\":\"https:\\\/\\\/www.ralti.de\\\/#website\"},\"primaryImageOfPage\":{\"@id\":\"https:\\\/\\\/www.ralti.de\\\/?product=nordmut-ultraleichte-hangematte-outdoor-mit-befestigungs-set-camping-hangematte-inkl-baumschutz-set-fur-camping-outdoor-und-garten-max-belastbarkeit-300-kg#primaryimage\"},\"image\":{\"@id\":\"https:\\\/\\\/www.ralti.de\\\/?product=nordmut-ultraleichte-hangematte-outdoor-mit-befestigungs-set-camping-hangematte-inkl-baumschutz-set-fur-camping-outdoor-und-garten-max-belastbarkeit-300-kg#primaryimage\"},\"thumbnailUrl\":\"https:\\\/\\\/m.media-amazon.com\\\/images\\\/I\\\/51xSSAOcQML.jpg\",\"datePublished\":\"2025-11-25T12:07:48+00:00\",\"breadcrumb\":{\"@id\":\"https:\\\/\\\/www.ralti.de\\\/?product=nordmut-ultraleichte-hangematte-outdoor-mit-befestigungs-set-camping-hangematte-inkl-baumschutz-set-fur-camping-outdoor-und-garten-max-belastbarkeit-300-kg#breadcrumb\"},\"inLanguage\":\"de\",\"potentialAction\":[{\"@type\":\"ReadAction\",\"target\":[\"https:\\\/\\\/www.ralti.de\\\/?product=nordmut-ultraleichte-hangematte-outdoor-mit-befestigungs-set-camping-hangematte-inkl-baumschutz-set-fur-camping-outdoor-und-garten-max-belastbarkeit-300-kg\"]}]},{\"@type\":\"ImageObject\",\"inLanguage\":\"de\",\"@id\":\"https:\\\/\\\/www.ralti.de\\\/?product=nordmut-ultraleichte-hangematte-outdoor-mit-befestigungs-set-camping-hangematte-inkl-baumschutz-set-fur-camping-outdoor-und-garten-max-belastbarkeit-300-kg#primaryimage\",\"url\":\"https:\\\/\\\/m.media-amazon.com\\\/images\\\/I\\\/51xSSAOcQML.jpg\",\"contentUrl\":\"https:\\\/\\\/m.media-amazon.com\\\/images\\\/I\\\/51xSSAOcQML.jpg\",\"width\":500,\"height\":500},{\"@type\":\"BreadcrumbList\",\"@id\":\"https:\\\/\\\/www.ralti.de\\\/?product=nordmut-ultraleichte-hangematte-outdoor-mit-befestigungs-set-camping-hangematte-inkl-baumschutz-set-fur-camping-outdoor-und-garten-max-belastbarkeit-300-kg#breadcrumb\",\"itemListElement\":[{\"@type\":\"ListItem\",\"position\":1,\"name\":\"Start\",\"item\":\"https:\\\/\\\/www.ralti.de\\\/\"},{\"@type\":\"ListItem\",\"position\":2,\"name\":\"Notfallartikel\",\"item\":\"https:\\\/\\\/www.ralti.de\\\/?page_id=14189\"},{\"@type\":\"ListItem\",\"position\":3,\"name\":\"NORDMUT\u00ae Ultraleichte H\u00e4ngematte Outdoor [mit Befestigungs-Set] Camping H\u00e4ngematte inkl. Baumschutz-Set f\u00fcr Camping, Outdoor und Garten &#8211; max. Belastbarkeit 300 kg\"}]},{\"@type\":\"WebSite\",\"@id\":\"https:\\\/\\\/www.ralti.de\\\/#website\",\"url\":\"https:\\\/\\\/www.ralti.de\\\/\",\"name\":\"Ralti.de\",\"description\":\"Hier viele gute Angebote\",\"publisher\":{\"@id\":\"https:\\\/\\\/www.ralti.de\\\/#organization\"},\"potentialAction\":[{\"@type\":\"SearchAction\",\"target\":{\"@type\":\"EntryPoint\",\"urlTemplate\":\"https:\\\/\\\/www.ralti.de\\\/?s={search_term_string}\"},\"query-input\":{\"@type\":\"PropertyValueSpecification\",\"valueRequired\":true,\"valueName\":\"search_term_string\"}}],\"inLanguage\":\"de\"},{\"@type\":\"Organization\",\"@id\":\"https:\\\/\\\/www.ralti.de\\\/#organization\",\"name\":\"Ralti.de\",\"url\":\"https:\\\/\\\/www.ralti.de\\\/\",\"logo\":{\"@type\":\"ImageObject\",\"inLanguage\":\"de\",\"@id\":\"https:\\\/\\\/www.ralti.de\\\/#\\\/schema\\\/logo\\\/image\\\/\",\"url\":\"https:\\\/\\\/www.ralti.de\\\/wp-content\\\/uploads\\\/2025\\\/11\\\/ralti.png\",\"contentUrl\":\"https:\\\/\\\/www.ralti.de\\\/wp-content\\\/uploads\\\/2025\\\/11\\\/ralti.png\",\"width\":240,\"height\":75,\"caption\":\"Ralti.de\"},\"image\":{\"@id\":\"https:\\\/\\\/www.ralti.de\\\/#\\\/schema\\\/logo\\\/image\\\/\"}}]}<\/script>\n<!-- \/ Yoast SEO plugin. -->","yoast_head_json":{"title":"NORDMUT\u00ae Ultraleichte H\u00e4ngematte Outdoor [mit Befestigungs-Set] Camping H\u00e4ngematte inkl. Baumschutz-Set f\u00fcr Camping, Outdoor und Garten - max. Belastbarkeit 300 kg - Notfallvorsorge - Krisenvorsorge","robots":{"index":"index","follow":"follow","max-snippet":"max-snippet:-1","max-image-preview":"max-image-preview:large","max-video-preview":"max-video-preview:-1"},"canonical":"https:\/\/www.ralti.de\/?product=nordmut-ultraleichte-hangematte-outdoor-mit-befestigungs-set-camping-hangematte-inkl-baumschutz-set-fur-camping-outdoor-und-garten-max-belastbarkeit-300-kg","og_locale":"de_DE","og_type":"article","og_title":"NORDMUT\u00ae Ultraleichte H\u00e4ngematte Outdoor [mit Befestigungs-Set] Camping H\u00e4ngematte inkl. Baumschutz-Set f\u00fcr Camping, Outdoor und Garten - max. Belastbarkeit 300 kg - Notfallvorsorge - Krisenvorsorge","og_description":"\ud83c\udf3f \ud835\uddd8\ud835\uddeb\ud835\udde7\ud835\udde5\ud835\uddd8\ud835\udde0 \ud835\udde5\ud835\udde2\ud835\uddd5\ud835\udde8\ud835\udde6\ud835\udde7 - Hochwertiger 210T Falschirm Nylon und dreifach versteppte N\u00e4hte sorgen f\u00fcr eine extreme Haltbarkeit der Outdoor H\u00e4ngematte. \ud83c\udf3f \ud835\uddde\ud835\udde2\ud835\udde0\ud835\udde3\ud835\uddd4\ud835\uddde\ud835\udde7 - Mit einem Packma\u00df von nur 10 x 15 cm und einem Gewicht von nur 790 Gramm l\u00e4sst sich die Camping H\u00e4ngematte kinderleicht verstauen und m\u00fchelos transportieren. \ud83c\udf3f \ud835\udde9\ud835\udddc\ud835\uddd8\ud835\udddf\ud835\udde6\ud835\uddd8\ud835\udddc\ud835\udde7\ud835\udddc\ud835\uddda \ud835\uddd8\ud835\udddc\ud835\udde1\ud835\udde6\ud835\uddd8\ud835\udde7\ud835\udded\ud835\uddd5\ud835\uddd4\ud835\udde5 - Ganz egal ob Camping, Survival, Trekking, Backpacking, Angeln oder Festival. Unsere H\u00e4ngematte ist ein Must-Have f\u00fcr dein n\u00e4chstes Outdoor-Abenteuer. Worauf wartest du?","og_url":"https:\/\/www.ralti.de\/?product=nordmut-ultraleichte-hangematte-outdoor-mit-befestigungs-set-camping-hangematte-inkl-baumschutz-set-fur-camping-outdoor-und-garten-max-belastbarkeit-300-kg","og_site_name":"Notfallvorsorge - Krisenvorsorge","og_image":[{"width":500,"height":500,"url":"https:\/\/m.media-amazon.com\/images\/I\/51xSSAOcQML.jpg","type":"image\/jpeg"}],"twitter_card":"summary_large_image","twitter_misc":{"Gesch\u00e4tzte Lesezeit":"1\u00a0Minute"},"schema":{"@context":"https:\/\/schema.org","@graph":[{"@type":"WebPage","@id":"https:\/\/www.ralti.de\/?product=nordmut-ultraleichte-hangematte-outdoor-mit-befestigungs-set-camping-hangematte-inkl-baumschutz-set-fur-camping-outdoor-und-garten-max-belastbarkeit-300-kg","url":"https:\/\/www.ralti.de\/?product=nordmut-ultraleichte-hangematte-outdoor-mit-befestigungs-set-camping-hangematte-inkl-baumschutz-set-fur-camping-outdoor-und-garten-max-belastbarkeit-300-kg","name":"NORDMUT\u00ae Ultraleichte H\u00e4ngematte Outdoor [mit Befestigungs-Set] Camping H\u00e4ngematte inkl. Baumschutz-Set f\u00fcr Camping, Outdoor und Garten - max. Belastbarkeit 300 kg - Notfallvorsorge - Krisenvorsorge","isPartOf":{"@id":"https:\/\/www.ralti.de\/#website"},"primaryImageOfPage":{"@id":"https:\/\/www.ralti.de\/?product=nordmut-ultraleichte-hangematte-outdoor-mit-befestigungs-set-camping-hangematte-inkl-baumschutz-set-fur-camping-outdoor-und-garten-max-belastbarkeit-300-kg#primaryimage"},"image":{"@id":"https:\/\/www.ralti.de\/?product=nordmut-ultraleichte-hangematte-outdoor-mit-befestigungs-set-camping-hangematte-inkl-baumschutz-set-fur-camping-outdoor-und-garten-max-belastbarkeit-300-kg#primaryimage"},"thumbnailUrl":"https:\/\/m.media-amazon.com\/images\/I\/51xSSAOcQML.jpg","datePublished":"2025-11-25T12:07:48+00:00","breadcrumb":{"@id":"https:\/\/www.ralti.de\/?product=nordmut-ultraleichte-hangematte-outdoor-mit-befestigungs-set-camping-hangematte-inkl-baumschutz-set-fur-camping-outdoor-und-garten-max-belastbarkeit-300-kg#breadcrumb"},"inLanguage":"de","potentialAction":[{"@type":"ReadAction","target":["https:\/\/www.ralti.de\/?product=nordmut-ultraleichte-hangematte-outdoor-mit-befestigungs-set-camping-hangematte-inkl-baumschutz-set-fur-camping-outdoor-und-garten-max-belastbarkeit-300-kg"]}]},{"@type":"ImageObject","inLanguage":"de","@id":"https:\/\/www.ralti.de\/?product=nordmut-ultraleichte-hangematte-outdoor-mit-befestigungs-set-camping-hangematte-inkl-baumschutz-set-fur-camping-outdoor-und-garten-max-belastbarkeit-300-kg#primaryimage","url":"https:\/\/m.media-amazon.com\/images\/I\/51xSSAOcQML.jpg","contentUrl":"https:\/\/m.media-amazon.com\/images\/I\/51xSSAOcQML.jpg","width":500,"height":500},{"@type":"BreadcrumbList","@id":"https:\/\/www.ralti.de\/?product=nordmut-ultraleichte-hangematte-outdoor-mit-befestigungs-set-camping-hangematte-inkl-baumschutz-set-fur-camping-outdoor-und-garten-max-belastbarkeit-300-kg#breadcrumb","itemListElement":[{"@type":"ListItem","position":1,"name":"Start","item":"https:\/\/www.ralti.de\/"},{"@type":"ListItem","position":2,"name":"Notfallartikel","item":"https:\/\/www.ralti.de\/?page_id=14189"},{"@type":"ListItem","position":3,"name":"NORDMUT\u00ae Ultraleichte H\u00e4ngematte Outdoor [mit Befestigungs-Set] Camping H\u00e4ngematte inkl. Baumschutz-Set f\u00fcr Camping, Outdoor und Garten &#8211; max. Belastbarkeit 300 kg"}]},{"@type":"WebSite","@id":"https:\/\/www.ralti.de\/#website","url":"https:\/\/www.ralti.de\/","name":"Ralti.de","description":"Hier viele gute Angebote","publisher":{"@id":"https:\/\/www.ralti.de\/#organization"},"potentialAction":[{"@type":"SearchAction","target":{"@type":"EntryPoint","urlTemplate":"https:\/\/www.ralti.de\/?s={search_term_string}"},"query-input":{"@type":"PropertyValueSpecification","valueRequired":true,"valueName":"search_term_string"}}],"inLanguage":"de"},{"@type":"Organization","@id":"https:\/\/www.ralti.de\/#organization","name":"Ralti.de","url":"https:\/\/www.ralti.de\/","logo":{"@type":"ImageObject","inLanguage":"de","@id":"https:\/\/www.ralti.de\/#\/schema\/logo\/image\/","url":"https:\/\/www.ralti.de\/wp-content\/uploads\/2025\/11\/ralti.png","contentUrl":"https:\/\/www.ralti.de\/wp-content\/uploads\/2025\/11\/ralti.png","width":240,"height":75,"caption":"Ralti.de"},"image":{"@id":"https:\/\/www.ralti.de\/#\/schema\/logo\/image\/"}}]}},"_links":{"self":[{"href":"https:\/\/www.ralti.de\/index.php?rest_route=\/wp\/v2\/product\/13206","targetHints":{"allow":["GET"]}}],"collection":[{"href":"https:\/\/www.ralti.de\/index.php?rest_route=\/wp\/v2\/product"}],"about":[{"href":"https:\/\/www.ralti.de\/index.php?rest_route=\/wp\/v2\/types\/product"}],"replies":[{"embeddable":true,"href":"https:\/\/www.ralti.de\/index.php?rest_route=%2Fwp%2Fv2%2Fcomments&post=13206"}],"wp:featuredmedia":[{"embeddable":true,"href":"https:\/\/www.ralti.de\/index.php?rest_route=\/wp\/v2\/media\/13207"}],"wp:attachment":[{"href":"https:\/\/www.ralti.de\/index.php?rest_route=%2Fwp%2Fv2%2Fmedia&parent=13206"}],"wp:term":[{"taxonomy":"product_brand","embeddable":true,"href":"https:\/\/www.ralti.de\/index.php?rest_route=%2Fwp%2Fv2%2Fproduct_brand&post=13206"},{"taxonomy":"product_cat","embeddable":true,"href":"https:\/\/www.ralti.de\/index.php?rest_route=%2Fwp%2Fv2%2Fproduct_cat&post=13206"},{"taxonomy":"product_tag","embeddable":true,"href":"https:\/\/www.ralti.de\/index.php?rest_route=%2Fwp%2Fv2%2Fproduct_tag&post=13206"}],"curies":[{"name":"wp","href":"https:\/\/api.w.org\/{rel}","templated":true}]}}