{"id":13319,"date":"2025-11-25T12:09:15","date_gmt":"2025-11-25T12:09:15","guid":{"rendered":"https:\/\/www.ralti.de\/shop-2\/uncategorized\/2x-pfefferspray-ko-fog-je-40ml-tierabwehrspray-verteidigungsspray\/"},"modified":"2025-11-25T12:09:15","modified_gmt":"2025-11-25T12:09:15","slug":"2x-pfefferspray-ko-fog-je-40ml-tierabwehrspray-verteidigungsspray","status":"publish","type":"product","link":"https:\/\/www.ralti.de\/?product=2x-pfefferspray-ko-fog-je-40ml-tierabwehrspray-verteidigungsspray","title":{"rendered":"2X Pfefferspray KO-Fog je 40ml Tierabwehrspray Verteidigungsspray"},"content":{"rendered":"<p><!-- show up to 2 reviews by default --> <\/p>\n<p> <span> <br \/>&#8211; enth\u00e4lt 11% OC<br \/>&#8211; hochkonzentriertes nat\u00fcrliches Pfefferkonzentrat<br \/>&#8211; Spr\u00fchweite: ca. 5m (Herstellerangabe)- In Deutschland nur zur Verteidigung gegen Tiere erlaubt <br \/>&#8211; H\u00f6chstdosiertes nat\u00fcrliches Cayenne-Pfefferkonzentrat <br \/>&#8211; PFEFFER-KO FOG mit Spr\u00fchnebel (ideal f\u00fcr sicheres Treffen)- St\u00e4rkstes Pfefferspray Europas <br \/>&#8211; mit praktischem G\u00fcrtelclip <br \/>&#8211; macht Angreifer mit sofortiger Wirkung handlungsunf\u00e4hig!<br \/>&#8211; Ohne Einschr\u00e4nkung und Altersnachweis verk\u00e4uflich Dosen zu 40 ml passen in jede Tasche und bieten ausreichend Schutz f\u00fcr mehrere Aktionen. In Deutschland z\u00e4hlt Pfefferspray zu den Tierabwehrsprays, das vors\u00e4tzlich gegen Menschen nicht verwendet werden darf. In anderen L\u00e4ndern kann es nach L\u00e4nderrecht abweichende Regelungen geben, die Pfeffersprays allgemein auch zum Einsatz gegen Menschen erlauben oder total verbieten. In Deutschland darf Pfefferspray ohne Einschr\u00e4nkung und Altersnachweis verkauft werden. &#8211; Sie erhalten hier 2 Sprays mit je 40ml Inhalt.<br \/> Das aufgedruckte Mindesthaltbarkeitsdatum lautet: 2027;auch danach ist das Spray noch lange nutzbar!<\/span> <\/p>\n<p>2x Pfefferspray KO-Fog, je 40ml Tierabwehrspray Abwehrspray<br \/>\nSELF_DEFENSE_SPRAY<br \/>\nKlever<br \/>\n<div class=\"main-cross-sell\" data-asin=\"B00GGGSLH6\">\n\n\t<div class=\"WooZone-cross-sell-loader\">\n\t\t<div>\n\t\t\t<div id=\"floatingBarsG\">\n\t\t\t\t<div class=\"blockG\" id=\"rotateG_01\"><\/div>\n\t\t\t\t<div class=\"blockG\" id=\"rotateG_02\"><\/div>\n\t\t\t\t<div class=\"blockG\" id=\"rotateG_03\"><\/div>\n\t\t\t\t<div class=\"blockG\" id=\"rotateG_04\"><\/div>\n\t\t\t\t<div class=\"blockG\" id=\"rotateG_05\"><\/div>\n\t\t\t\t<div class=\"blockG\" id=\"rotateG_06\"><\/div>\n\t\t\t\t<div class=\"blockG\" id=\"rotateG_07\"><\/div>\n\t\t\t\t<div class=\"blockG\" id=\"rotateG_08\"><\/div>\n\t\t\t<\/div>\n\t\t\t<div class=\"WooZone-cross-sell-loader-text\"><\/div>\n\t\t<\/div>\n\t<\/div>\n\n\t\t\n<\/div>\n<div style=\"clear:both;\"><\/div>\n","protected":false},"excerpt":{"rendered":"<p>2x Pfefferspray KO-Fog, je 40ml Tierabwehrspray Abwehrspray<br \/>\nSELF_DEFENSE_SPRAY<br \/>\nKlever<\/p>\n","protected":false},"featured_media":13320,"comment_status":"open","ping_status":"closed","template":"","meta":{"_acf_changed":false},"product_brand":[],"product_cat":[266,262],"product_tag":[],"class_list":{"0":"post-13319","1":"product","2":"type-product","3":"status-publish","4":"has-post-thumbnail","6":"product_cat-pfefferspray","7":"product_cat-sicherheit","9":"first","10":"instock","11":"sale","12":"shipping-taxable","13":"product-type-external"},"acf":[],"yoast_head":"<!-- This site is optimized with the Yoast SEO plugin v27.5 - https:\/\/yoast.com\/product\/yoast-seo-wordpress\/ -->\n<title>2X Pfefferspray KO-Fog je 40ml Tierabwehrspray Verteidigungsspray - Notfallvorsorge - Krisenvorsorge<\/title>\n<meta name=\"robots\" content=\"index, follow, max-snippet:-1, max-image-preview:large, max-video-preview:-1\" \/>\n<link rel=\"canonical\" href=\"https:\/\/www.ralti.de\/?product=2x-pfefferspray-ko-fog-je-40ml-tierabwehrspray-verteidigungsspray\" \/>\n<meta property=\"og:locale\" content=\"de_DE\" \/>\n<meta property=\"og:type\" content=\"article\" \/>\n<meta property=\"og:title\" content=\"2X Pfefferspray KO-Fog je 40ml Tierabwehrspray Verteidigungsspray - Notfallvorsorge - Krisenvorsorge\" \/>\n<meta property=\"og:description\" content=\"2x Pfefferspray KO-Fog, je 40ml Tierabwehrspray Abwehrspray SELF_DEFENSE_SPRAY Klever\" \/>\n<meta property=\"og:url\" content=\"https:\/\/www.ralti.de\/?product=2x-pfefferspray-ko-fog-je-40ml-tierabwehrspray-verteidigungsspray\" \/>\n<meta property=\"og:site_name\" content=\"Notfallvorsorge - Krisenvorsorge\" \/>\n<meta property=\"og:image\" content=\"https:\/\/m.media-amazon.com\/images\/I\/51sJXmMvlYL.jpg\" \/>\n\t<meta property=\"og:image:width\" content=\"500\" \/>\n\t<meta property=\"og:image:height\" content=\"500\" \/>\n\t<meta property=\"og:image:type\" content=\"image\/jpeg\" \/>\n<meta name=\"twitter:card\" content=\"summary_large_image\" \/>\n<meta name=\"twitter:label1\" content=\"Gesch\u00e4tzte Lesezeit\" \/>\n\t<meta name=\"twitter:data1\" content=\"1\u00a0Minute\" \/>\n<script type=\"application\/ld+json\" class=\"yoast-schema-graph\">{\"@context\":\"https:\\\/\\\/schema.org\",\"@graph\":[{\"@type\":\"WebPage\",\"@id\":\"https:\\\/\\\/www.ralti.de\\\/?product=2x-pfefferspray-ko-fog-je-40ml-tierabwehrspray-verteidigungsspray\",\"url\":\"https:\\\/\\\/www.ralti.de\\\/?product=2x-pfefferspray-ko-fog-je-40ml-tierabwehrspray-verteidigungsspray\",\"name\":\"2X Pfefferspray KO-Fog je 40ml Tierabwehrspray Verteidigungsspray - Notfallvorsorge - Krisenvorsorge\",\"isPartOf\":{\"@id\":\"https:\\\/\\\/www.ralti.de\\\/#website\"},\"primaryImageOfPage\":{\"@id\":\"https:\\\/\\\/www.ralti.de\\\/?product=2x-pfefferspray-ko-fog-je-40ml-tierabwehrspray-verteidigungsspray#primaryimage\"},\"image\":{\"@id\":\"https:\\\/\\\/www.ralti.de\\\/?product=2x-pfefferspray-ko-fog-je-40ml-tierabwehrspray-verteidigungsspray#primaryimage\"},\"thumbnailUrl\":\"https:\\\/\\\/m.media-amazon.com\\\/images\\\/I\\\/51sJXmMvlYL.jpg\",\"datePublished\":\"2025-11-25T12:09:15+00:00\",\"breadcrumb\":{\"@id\":\"https:\\\/\\\/www.ralti.de\\\/?product=2x-pfefferspray-ko-fog-je-40ml-tierabwehrspray-verteidigungsspray#breadcrumb\"},\"inLanguage\":\"de\",\"potentialAction\":[{\"@type\":\"ReadAction\",\"target\":[\"https:\\\/\\\/www.ralti.de\\\/?product=2x-pfefferspray-ko-fog-je-40ml-tierabwehrspray-verteidigungsspray\"]}]},{\"@type\":\"ImageObject\",\"inLanguage\":\"de\",\"@id\":\"https:\\\/\\\/www.ralti.de\\\/?product=2x-pfefferspray-ko-fog-je-40ml-tierabwehrspray-verteidigungsspray#primaryimage\",\"url\":\"https:\\\/\\\/m.media-amazon.com\\\/images\\\/I\\\/51sJXmMvlYL.jpg\",\"contentUrl\":\"https:\\\/\\\/m.media-amazon.com\\\/images\\\/I\\\/51sJXmMvlYL.jpg\",\"width\":500,\"height\":500},{\"@type\":\"BreadcrumbList\",\"@id\":\"https:\\\/\\\/www.ralti.de\\\/?product=2x-pfefferspray-ko-fog-je-40ml-tierabwehrspray-verteidigungsspray#breadcrumb\",\"itemListElement\":[{\"@type\":\"ListItem\",\"position\":1,\"name\":\"Start\",\"item\":\"https:\\\/\\\/www.ralti.de\\\/\"},{\"@type\":\"ListItem\",\"position\":2,\"name\":\"Notfallartikel\",\"item\":\"https:\\\/\\\/www.ralti.de\\\/?page_id=14189\"},{\"@type\":\"ListItem\",\"position\":3,\"name\":\"2X Pfefferspray KO-Fog je 40ml Tierabwehrspray Verteidigungsspray\"}]},{\"@type\":\"WebSite\",\"@id\":\"https:\\\/\\\/www.ralti.de\\\/#website\",\"url\":\"https:\\\/\\\/www.ralti.de\\\/\",\"name\":\"Ralti.de\",\"description\":\"Hier viele gute Angebote\",\"publisher\":{\"@id\":\"https:\\\/\\\/www.ralti.de\\\/#organization\"},\"potentialAction\":[{\"@type\":\"SearchAction\",\"target\":{\"@type\":\"EntryPoint\",\"urlTemplate\":\"https:\\\/\\\/www.ralti.de\\\/?s={search_term_string}\"},\"query-input\":{\"@type\":\"PropertyValueSpecification\",\"valueRequired\":true,\"valueName\":\"search_term_string\"}}],\"inLanguage\":\"de\"},{\"@type\":\"Organization\",\"@id\":\"https:\\\/\\\/www.ralti.de\\\/#organization\",\"name\":\"Ralti.de\",\"url\":\"https:\\\/\\\/www.ralti.de\\\/\",\"logo\":{\"@type\":\"ImageObject\",\"inLanguage\":\"de\",\"@id\":\"https:\\\/\\\/www.ralti.de\\\/#\\\/schema\\\/logo\\\/image\\\/\",\"url\":\"https:\\\/\\\/www.ralti.de\\\/wp-content\\\/uploads\\\/2025\\\/11\\\/ralti.png\",\"contentUrl\":\"https:\\\/\\\/www.ralti.de\\\/wp-content\\\/uploads\\\/2025\\\/11\\\/ralti.png\",\"width\":240,\"height\":75,\"caption\":\"Ralti.de\"},\"image\":{\"@id\":\"https:\\\/\\\/www.ralti.de\\\/#\\\/schema\\\/logo\\\/image\\\/\"}}]}<\/script>\n<!-- \/ Yoast SEO plugin. -->","yoast_head_json":{"title":"2X Pfefferspray KO-Fog je 40ml Tierabwehrspray Verteidigungsspray - Notfallvorsorge - Krisenvorsorge","robots":{"index":"index","follow":"follow","max-snippet":"max-snippet:-1","max-image-preview":"max-image-preview:large","max-video-preview":"max-video-preview:-1"},"canonical":"https:\/\/www.ralti.de\/?product=2x-pfefferspray-ko-fog-je-40ml-tierabwehrspray-verteidigungsspray","og_locale":"de_DE","og_type":"article","og_title":"2X Pfefferspray KO-Fog je 40ml Tierabwehrspray Verteidigungsspray - Notfallvorsorge - Krisenvorsorge","og_description":"2x Pfefferspray KO-Fog, je 40ml Tierabwehrspray Abwehrspray SELF_DEFENSE_SPRAY Klever","og_url":"https:\/\/www.ralti.de\/?product=2x-pfefferspray-ko-fog-je-40ml-tierabwehrspray-verteidigungsspray","og_site_name":"Notfallvorsorge - Krisenvorsorge","og_image":[{"width":500,"height":500,"url":"https:\/\/m.media-amazon.com\/images\/I\/51sJXmMvlYL.jpg","type":"image\/jpeg"}],"twitter_card":"summary_large_image","twitter_misc":{"Gesch\u00e4tzte Lesezeit":"1\u00a0Minute"},"schema":{"@context":"https:\/\/schema.org","@graph":[{"@type":"WebPage","@id":"https:\/\/www.ralti.de\/?product=2x-pfefferspray-ko-fog-je-40ml-tierabwehrspray-verteidigungsspray","url":"https:\/\/www.ralti.de\/?product=2x-pfefferspray-ko-fog-je-40ml-tierabwehrspray-verteidigungsspray","name":"2X Pfefferspray KO-Fog je 40ml Tierabwehrspray Verteidigungsspray - Notfallvorsorge - Krisenvorsorge","isPartOf":{"@id":"https:\/\/www.ralti.de\/#website"},"primaryImageOfPage":{"@id":"https:\/\/www.ralti.de\/?product=2x-pfefferspray-ko-fog-je-40ml-tierabwehrspray-verteidigungsspray#primaryimage"},"image":{"@id":"https:\/\/www.ralti.de\/?product=2x-pfefferspray-ko-fog-je-40ml-tierabwehrspray-verteidigungsspray#primaryimage"},"thumbnailUrl":"https:\/\/m.media-amazon.com\/images\/I\/51sJXmMvlYL.jpg","datePublished":"2025-11-25T12:09:15+00:00","breadcrumb":{"@id":"https:\/\/www.ralti.de\/?product=2x-pfefferspray-ko-fog-je-40ml-tierabwehrspray-verteidigungsspray#breadcrumb"},"inLanguage":"de","potentialAction":[{"@type":"ReadAction","target":["https:\/\/www.ralti.de\/?product=2x-pfefferspray-ko-fog-je-40ml-tierabwehrspray-verteidigungsspray"]}]},{"@type":"ImageObject","inLanguage":"de","@id":"https:\/\/www.ralti.de\/?product=2x-pfefferspray-ko-fog-je-40ml-tierabwehrspray-verteidigungsspray#primaryimage","url":"https:\/\/m.media-amazon.com\/images\/I\/51sJXmMvlYL.jpg","contentUrl":"https:\/\/m.media-amazon.com\/images\/I\/51sJXmMvlYL.jpg","width":500,"height":500},{"@type":"BreadcrumbList","@id":"https:\/\/www.ralti.de\/?product=2x-pfefferspray-ko-fog-je-40ml-tierabwehrspray-verteidigungsspray#breadcrumb","itemListElement":[{"@type":"ListItem","position":1,"name":"Start","item":"https:\/\/www.ralti.de\/"},{"@type":"ListItem","position":2,"name":"Notfallartikel","item":"https:\/\/www.ralti.de\/?page_id=14189"},{"@type":"ListItem","position":3,"name":"2X Pfefferspray KO-Fog je 40ml Tierabwehrspray Verteidigungsspray"}]},{"@type":"WebSite","@id":"https:\/\/www.ralti.de\/#website","url":"https:\/\/www.ralti.de\/","name":"Ralti.de","description":"Hier viele gute Angebote","publisher":{"@id":"https:\/\/www.ralti.de\/#organization"},"potentialAction":[{"@type":"SearchAction","target":{"@type":"EntryPoint","urlTemplate":"https:\/\/www.ralti.de\/?s={search_term_string}"},"query-input":{"@type":"PropertyValueSpecification","valueRequired":true,"valueName":"search_term_string"}}],"inLanguage":"de"},{"@type":"Organization","@id":"https:\/\/www.ralti.de\/#organization","name":"Ralti.de","url":"https:\/\/www.ralti.de\/","logo":{"@type":"ImageObject","inLanguage":"de","@id":"https:\/\/www.ralti.de\/#\/schema\/logo\/image\/","url":"https:\/\/www.ralti.de\/wp-content\/uploads\/2025\/11\/ralti.png","contentUrl":"https:\/\/www.ralti.de\/wp-content\/uploads\/2025\/11\/ralti.png","width":240,"height":75,"caption":"Ralti.de"},"image":{"@id":"https:\/\/www.ralti.de\/#\/schema\/logo\/image\/"}}]}},"_links":{"self":[{"href":"https:\/\/www.ralti.de\/index.php?rest_route=\/wp\/v2\/product\/13319","targetHints":{"allow":["GET"]}}],"collection":[{"href":"https:\/\/www.ralti.de\/index.php?rest_route=\/wp\/v2\/product"}],"about":[{"href":"https:\/\/www.ralti.de\/index.php?rest_route=\/wp\/v2\/types\/product"}],"replies":[{"embeddable":true,"href":"https:\/\/www.ralti.de\/index.php?rest_route=%2Fwp%2Fv2%2Fcomments&post=13319"}],"wp:featuredmedia":[{"embeddable":true,"href":"https:\/\/www.ralti.de\/index.php?rest_route=\/wp\/v2\/media\/13320"}],"wp:attachment":[{"href":"https:\/\/www.ralti.de\/index.php?rest_route=%2Fwp%2Fv2%2Fmedia&parent=13319"}],"wp:term":[{"taxonomy":"product_brand","embeddable":true,"href":"https:\/\/www.ralti.de\/index.php?rest_route=%2Fwp%2Fv2%2Fproduct_brand&post=13319"},{"taxonomy":"product_cat","embeddable":true,"href":"https:\/\/www.ralti.de\/index.php?rest_route=%2Fwp%2Fv2%2Fproduct_cat&post=13319"},{"taxonomy":"product_tag","embeddable":true,"href":"https:\/\/www.ralti.de\/index.php?rest_route=%2Fwp%2Fv2%2Fproduct_tag&post=13319"}],"curies":[{"name":"wp","href":"https:\/\/api.w.org\/{rel}","templated":true}]}}