{"id":13327,"date":"2025-11-25T12:09:18","date_gmt":"2025-11-25T12:09:18","guid":{"rendered":"https:\/\/www.ralti.de\/shop-2\/uncategorized\/ballistol-5er-set-jet-pfefferspray-5x50-ml-vorratspack-strahl-spray-pfefferspray-50ml-pepper-spray-self-defense-tierabwehrspray\/"},"modified":"2025-11-25T12:09:18","modified_gmt":"2025-11-25T12:09:18","slug":"ballistol-5er-set-jet-pfefferspray-5x50-ml-vorratspack-strahl-spray-pfefferspray-50ml-pepper-spray-self-defense-tierabwehrspray","status":"publish","type":"product","link":"https:\/\/www.ralti.de\/?product=ballistol-5er-set-jet-pfefferspray-5x50-ml-vorratspack-strahl-spray-pfefferspray-50ml-pepper-spray-self-defense-tierabwehrspray","title":{"rendered":"Ballistol 5er Set Jet Pfefferspray 5&#215;50 ml \u2013 Vorratspack Strahl-Spray, Pfefferspray 50ml, Pepper Spray Self Defense, Tierabwehrspray"},"content":{"rendered":"<p><!-- show up to 2 reviews by default --> <\/p>\n<p> <span>Das 5er-Set Ballistol Pfeffer-KO Jet 50ml bietet umfassenden Schutz f\u00fcr jede Situation. Der kraftvolle Strahl erreicht bis zu 4 Meter und wirkt sofort zur effektiven Abwehr. Dank sicherem Panikverschluss und handlicher Gr\u00f6\u00dfe ist das Spray einfach zu bedienen und immer einsatzbereit \u2013 ideal f\u00fcr maximale Sicherheit zu Hause und unterwegs.<\/span> <\/p>\n<p>5er Vorratspack Pfefferspray: 5&#215;50 ml Ballistol Jet \u2013 Pepper Spray Self Defense &#038; Tierabwehrspray mit hoher Reichweite.<br \/>\nPr\u00e4ziser KO-Strahl: Jet-Technologie f\u00fcr gezielte Abwehr \u2013 kein Nebel, kein R\u00fccksto\u00df, ideal auch bei Wind.<br \/>\nSelbstverteidigung &#038; Tierabwehr: Abwehrspray f\u00fcr Frauen, M\u00e4nner, Jogger oder Tierfreunde \u2013 sicher, handlich, legal als Tierabwehrspray.<br \/>\nBallistol Markenqualit\u00e4t: Bew\u00e4hrtes Pfefferspray 50 ml \u2013 stark, zuverl\u00e4ssig, eines der besten Pfeffersprays f\u00fcr Sicherheit.<br \/>\nEinsatzbereit &#038; langlebig: Kompakte Dosen, leicht zu bedienen, f\u00fcr Notf\u00e4lle, Camping, Spazierg\u00e4nge und Hundeabwehr.<br \/>\n<div class=\"main-cross-sell\" data-asin=\"B0FZML77B5\">\n\n\t<div class=\"WooZone-cross-sell-loader\">\n\t\t<div>\n\t\t\t<div id=\"floatingBarsG\">\n\t\t\t\t<div class=\"blockG\" id=\"rotateG_01\"><\/div>\n\t\t\t\t<div class=\"blockG\" id=\"rotateG_02\"><\/div>\n\t\t\t\t<div class=\"blockG\" id=\"rotateG_03\"><\/div>\n\t\t\t\t<div class=\"blockG\" id=\"rotateG_04\"><\/div>\n\t\t\t\t<div class=\"blockG\" id=\"rotateG_05\"><\/div>\n\t\t\t\t<div class=\"blockG\" id=\"rotateG_06\"><\/div>\n\t\t\t\t<div class=\"blockG\" id=\"rotateG_07\"><\/div>\n\t\t\t\t<div class=\"blockG\" id=\"rotateG_08\"><\/div>\n\t\t\t<\/div>\n\t\t\t<div class=\"WooZone-cross-sell-loader-text\"><\/div>\n\t\t<\/div>\n\t<\/div>\n\n\t\t\n<\/div>\n<div style=\"clear:both;\"><\/div>\n","protected":false},"excerpt":{"rendered":"<p>5er Vorratspack Pfefferspray: 5&#215;50 ml Ballistol Jet \u2013 Pepper Spray Self Defense &#038; Tierabwehrspray mit hoher Reichweite.<br \/>\nPr\u00e4ziser KO-Strahl: Jet-Technologie f\u00fcr gezielte Abwehr \u2013 kein Nebel, kein R\u00fccksto\u00df, ideal auch bei Wind.<br \/>\nSelbstverteidigung &#038; Tierabwehr: Abwehrspray f\u00fcr Frauen, M\u00e4nner, Jogger oder Tierfreunde \u2013 sicher, handlich, legal als Tierabwehrspray.<\/p>\n","protected":false},"featured_media":13328,"comment_status":"open","ping_status":"closed","template":"","meta":{"_acf_changed":false},"product_brand":[],"product_cat":[266,262],"product_tag":[],"class_list":{"0":"post-13327","1":"product","2":"type-product","3":"status-publish","4":"has-post-thumbnail","6":"product_cat-pfefferspray","7":"product_cat-sicherheit","9":"first","10":"instock","11":"shipping-taxable","12":"product-type-external"},"acf":[],"yoast_head":"<!-- This site is optimized with the Yoast SEO plugin v27.3 - https:\/\/yoast.com\/product\/yoast-seo-wordpress\/ -->\n<title>Ballistol 5er Set Jet Pfefferspray 5x50 ml \u2013 Vorratspack Strahl-Spray, Pfefferspray 50ml, Pepper Spray Self Defense, Tierabwehrspray - Notfallvorsorge - Krisenvorsorge<\/title>\n<meta name=\"robots\" content=\"index, follow, max-snippet:-1, max-image-preview:large, max-video-preview:-1\" \/>\n<link rel=\"canonical\" href=\"https:\/\/www.ralti.de\/?product=ballistol-5er-set-jet-pfefferspray-5x50-ml-vorratspack-strahl-spray-pfefferspray-50ml-pepper-spray-self-defense-tierabwehrspray\" \/>\n<meta property=\"og:locale\" content=\"de_DE\" \/>\n<meta property=\"og:type\" content=\"article\" \/>\n<meta property=\"og:title\" content=\"Ballistol 5er Set Jet Pfefferspray 5x50 ml \u2013 Vorratspack Strahl-Spray, Pfefferspray 50ml, Pepper Spray Self Defense, Tierabwehrspray - Notfallvorsorge - Krisenvorsorge\" \/>\n<meta property=\"og:description\" content=\"5er Vorratspack Pfefferspray: 5x50 ml Ballistol Jet \u2013 Pepper Spray Self Defense &amp; Tierabwehrspray mit hoher Reichweite. Pr\u00e4ziser KO-Strahl: Jet-Technologie f\u00fcr gezielte Abwehr \u2013 kein Nebel, kein R\u00fccksto\u00df, ideal auch bei Wind. Selbstverteidigung &amp; Tierabwehr: Abwehrspray f\u00fcr Frauen, M\u00e4nner, Jogger oder Tierfreunde \u2013 sicher, handlich, legal als Tierabwehrspray.\" \/>\n<meta property=\"og:url\" content=\"https:\/\/www.ralti.de\/?product=ballistol-5er-set-jet-pfefferspray-5x50-ml-vorratspack-strahl-spray-pfefferspray-50ml-pepper-spray-self-defense-tierabwehrspray\" \/>\n<meta property=\"og:site_name\" content=\"Notfallvorsorge - Krisenvorsorge\" \/>\n<meta property=\"og:image\" content=\"https:\/\/m.media-amazon.com\/images\/I\/51U5aFY9XHL.jpg\" \/>\n\t<meta property=\"og:image:width\" content=\"500\" \/>\n\t<meta property=\"og:image:height\" content=\"500\" \/>\n\t<meta property=\"og:image:type\" content=\"image\/jpeg\" \/>\n<meta name=\"twitter:card\" content=\"summary_large_image\" \/>\n<meta name=\"twitter:label1\" content=\"Gesch\u00e4tzte Lesezeit\" \/>\n\t<meta name=\"twitter:data1\" content=\"1\u00a0Minute\" \/>\n<script type=\"application\/ld+json\" class=\"yoast-schema-graph\">{\"@context\":\"https:\\\/\\\/schema.org\",\"@graph\":[{\"@type\":\"WebPage\",\"@id\":\"https:\\\/\\\/www.ralti.de\\\/?product=ballistol-5er-set-jet-pfefferspray-5x50-ml-vorratspack-strahl-spray-pfefferspray-50ml-pepper-spray-self-defense-tierabwehrspray\",\"url\":\"https:\\\/\\\/www.ralti.de\\\/?product=ballistol-5er-set-jet-pfefferspray-5x50-ml-vorratspack-strahl-spray-pfefferspray-50ml-pepper-spray-self-defense-tierabwehrspray\",\"name\":\"Ballistol 5er Set Jet Pfefferspray 5x50 ml \u2013 Vorratspack Strahl-Spray, Pfefferspray 50ml, Pepper Spray Self Defense, Tierabwehrspray - Notfallvorsorge - Krisenvorsorge\",\"isPartOf\":{\"@id\":\"https:\\\/\\\/www.ralti.de\\\/#website\"},\"primaryImageOfPage\":{\"@id\":\"https:\\\/\\\/www.ralti.de\\\/?product=ballistol-5er-set-jet-pfefferspray-5x50-ml-vorratspack-strahl-spray-pfefferspray-50ml-pepper-spray-self-defense-tierabwehrspray#primaryimage\"},\"image\":{\"@id\":\"https:\\\/\\\/www.ralti.de\\\/?product=ballistol-5er-set-jet-pfefferspray-5x50-ml-vorratspack-strahl-spray-pfefferspray-50ml-pepper-spray-self-defense-tierabwehrspray#primaryimage\"},\"thumbnailUrl\":\"https:\\\/\\\/m.media-amazon.com\\\/images\\\/I\\\/51U5aFY9XHL.jpg\",\"datePublished\":\"2025-11-25T12:09:18+00:00\",\"breadcrumb\":{\"@id\":\"https:\\\/\\\/www.ralti.de\\\/?product=ballistol-5er-set-jet-pfefferspray-5x50-ml-vorratspack-strahl-spray-pfefferspray-50ml-pepper-spray-self-defense-tierabwehrspray#breadcrumb\"},\"inLanguage\":\"de\",\"potentialAction\":[{\"@type\":\"ReadAction\",\"target\":[\"https:\\\/\\\/www.ralti.de\\\/?product=ballistol-5er-set-jet-pfefferspray-5x50-ml-vorratspack-strahl-spray-pfefferspray-50ml-pepper-spray-self-defense-tierabwehrspray\"]}]},{\"@type\":\"ImageObject\",\"inLanguage\":\"de\",\"@id\":\"https:\\\/\\\/www.ralti.de\\\/?product=ballistol-5er-set-jet-pfefferspray-5x50-ml-vorratspack-strahl-spray-pfefferspray-50ml-pepper-spray-self-defense-tierabwehrspray#primaryimage\",\"url\":\"https:\\\/\\\/m.media-amazon.com\\\/images\\\/I\\\/51U5aFY9XHL.jpg\",\"contentUrl\":\"https:\\\/\\\/m.media-amazon.com\\\/images\\\/I\\\/51U5aFY9XHL.jpg\",\"width\":500,\"height\":500},{\"@type\":\"BreadcrumbList\",\"@id\":\"https:\\\/\\\/www.ralti.de\\\/?product=ballistol-5er-set-jet-pfefferspray-5x50-ml-vorratspack-strahl-spray-pfefferspray-50ml-pepper-spray-self-defense-tierabwehrspray#breadcrumb\",\"itemListElement\":[{\"@type\":\"ListItem\",\"position\":1,\"name\":\"Start\",\"item\":\"https:\\\/\\\/www.ralti.de\\\/\"},{\"@type\":\"ListItem\",\"position\":2,\"name\":\"Notfallartikel\",\"item\":\"https:\\\/\\\/www.ralti.de\\\/?page_id=14189\"},{\"@type\":\"ListItem\",\"position\":3,\"name\":\"Ballistol 5er Set Jet Pfefferspray 5&#215;50 ml \u2013 Vorratspack Strahl-Spray, Pfefferspray 50ml, Pepper Spray Self Defense, Tierabwehrspray\"}]},{\"@type\":\"WebSite\",\"@id\":\"https:\\\/\\\/www.ralti.de\\\/#website\",\"url\":\"https:\\\/\\\/www.ralti.de\\\/\",\"name\":\"Ralti.de\",\"description\":\"Hier viele gute Angebote\",\"publisher\":{\"@id\":\"https:\\\/\\\/www.ralti.de\\\/#organization\"},\"potentialAction\":[{\"@type\":\"SearchAction\",\"target\":{\"@type\":\"EntryPoint\",\"urlTemplate\":\"https:\\\/\\\/www.ralti.de\\\/?s={search_term_string}\"},\"query-input\":{\"@type\":\"PropertyValueSpecification\",\"valueRequired\":true,\"valueName\":\"search_term_string\"}}],\"inLanguage\":\"de\"},{\"@type\":\"Organization\",\"@id\":\"https:\\\/\\\/www.ralti.de\\\/#organization\",\"name\":\"Ralti.de\",\"url\":\"https:\\\/\\\/www.ralti.de\\\/\",\"logo\":{\"@type\":\"ImageObject\",\"inLanguage\":\"de\",\"@id\":\"https:\\\/\\\/www.ralti.de\\\/#\\\/schema\\\/logo\\\/image\\\/\",\"url\":\"https:\\\/\\\/www.ralti.de\\\/wp-content\\\/uploads\\\/2025\\\/11\\\/ralti.png\",\"contentUrl\":\"https:\\\/\\\/www.ralti.de\\\/wp-content\\\/uploads\\\/2025\\\/11\\\/ralti.png\",\"width\":240,\"height\":75,\"caption\":\"Ralti.de\"},\"image\":{\"@id\":\"https:\\\/\\\/www.ralti.de\\\/#\\\/schema\\\/logo\\\/image\\\/\"}}]}<\/script>\n<!-- \/ Yoast SEO plugin. -->","yoast_head_json":{"title":"Ballistol 5er Set Jet Pfefferspray 5x50 ml \u2013 Vorratspack Strahl-Spray, Pfefferspray 50ml, Pepper Spray Self Defense, Tierabwehrspray - Notfallvorsorge - Krisenvorsorge","robots":{"index":"index","follow":"follow","max-snippet":"max-snippet:-1","max-image-preview":"max-image-preview:large","max-video-preview":"max-video-preview:-1"},"canonical":"https:\/\/www.ralti.de\/?product=ballistol-5er-set-jet-pfefferspray-5x50-ml-vorratspack-strahl-spray-pfefferspray-50ml-pepper-spray-self-defense-tierabwehrspray","og_locale":"de_DE","og_type":"article","og_title":"Ballistol 5er Set Jet Pfefferspray 5x50 ml \u2013 Vorratspack Strahl-Spray, Pfefferspray 50ml, Pepper Spray Self Defense, Tierabwehrspray - Notfallvorsorge - Krisenvorsorge","og_description":"5er Vorratspack Pfefferspray: 5x50 ml Ballistol Jet \u2013 Pepper Spray Self Defense & Tierabwehrspray mit hoher Reichweite. Pr\u00e4ziser KO-Strahl: Jet-Technologie f\u00fcr gezielte Abwehr \u2013 kein Nebel, kein R\u00fccksto\u00df, ideal auch bei Wind. Selbstverteidigung & Tierabwehr: Abwehrspray f\u00fcr Frauen, M\u00e4nner, Jogger oder Tierfreunde \u2013 sicher, handlich, legal als Tierabwehrspray.","og_url":"https:\/\/www.ralti.de\/?product=ballistol-5er-set-jet-pfefferspray-5x50-ml-vorratspack-strahl-spray-pfefferspray-50ml-pepper-spray-self-defense-tierabwehrspray","og_site_name":"Notfallvorsorge - Krisenvorsorge","og_image":[{"width":500,"height":500,"url":"https:\/\/m.media-amazon.com\/images\/I\/51U5aFY9XHL.jpg","type":"image\/jpeg"}],"twitter_card":"summary_large_image","twitter_misc":{"Gesch\u00e4tzte Lesezeit":"1\u00a0Minute"},"schema":{"@context":"https:\/\/schema.org","@graph":[{"@type":"WebPage","@id":"https:\/\/www.ralti.de\/?product=ballistol-5er-set-jet-pfefferspray-5x50-ml-vorratspack-strahl-spray-pfefferspray-50ml-pepper-spray-self-defense-tierabwehrspray","url":"https:\/\/www.ralti.de\/?product=ballistol-5er-set-jet-pfefferspray-5x50-ml-vorratspack-strahl-spray-pfefferspray-50ml-pepper-spray-self-defense-tierabwehrspray","name":"Ballistol 5er Set Jet Pfefferspray 5x50 ml \u2013 Vorratspack Strahl-Spray, Pfefferspray 50ml, Pepper Spray Self Defense, Tierabwehrspray - Notfallvorsorge - Krisenvorsorge","isPartOf":{"@id":"https:\/\/www.ralti.de\/#website"},"primaryImageOfPage":{"@id":"https:\/\/www.ralti.de\/?product=ballistol-5er-set-jet-pfefferspray-5x50-ml-vorratspack-strahl-spray-pfefferspray-50ml-pepper-spray-self-defense-tierabwehrspray#primaryimage"},"image":{"@id":"https:\/\/www.ralti.de\/?product=ballistol-5er-set-jet-pfefferspray-5x50-ml-vorratspack-strahl-spray-pfefferspray-50ml-pepper-spray-self-defense-tierabwehrspray#primaryimage"},"thumbnailUrl":"https:\/\/m.media-amazon.com\/images\/I\/51U5aFY9XHL.jpg","datePublished":"2025-11-25T12:09:18+00:00","breadcrumb":{"@id":"https:\/\/www.ralti.de\/?product=ballistol-5er-set-jet-pfefferspray-5x50-ml-vorratspack-strahl-spray-pfefferspray-50ml-pepper-spray-self-defense-tierabwehrspray#breadcrumb"},"inLanguage":"de","potentialAction":[{"@type":"ReadAction","target":["https:\/\/www.ralti.de\/?product=ballistol-5er-set-jet-pfefferspray-5x50-ml-vorratspack-strahl-spray-pfefferspray-50ml-pepper-spray-self-defense-tierabwehrspray"]}]},{"@type":"ImageObject","inLanguage":"de","@id":"https:\/\/www.ralti.de\/?product=ballistol-5er-set-jet-pfefferspray-5x50-ml-vorratspack-strahl-spray-pfefferspray-50ml-pepper-spray-self-defense-tierabwehrspray#primaryimage","url":"https:\/\/m.media-amazon.com\/images\/I\/51U5aFY9XHL.jpg","contentUrl":"https:\/\/m.media-amazon.com\/images\/I\/51U5aFY9XHL.jpg","width":500,"height":500},{"@type":"BreadcrumbList","@id":"https:\/\/www.ralti.de\/?product=ballistol-5er-set-jet-pfefferspray-5x50-ml-vorratspack-strahl-spray-pfefferspray-50ml-pepper-spray-self-defense-tierabwehrspray#breadcrumb","itemListElement":[{"@type":"ListItem","position":1,"name":"Start","item":"https:\/\/www.ralti.de\/"},{"@type":"ListItem","position":2,"name":"Notfallartikel","item":"https:\/\/www.ralti.de\/?page_id=14189"},{"@type":"ListItem","position":3,"name":"Ballistol 5er Set Jet Pfefferspray 5&#215;50 ml \u2013 Vorratspack Strahl-Spray, Pfefferspray 50ml, Pepper Spray Self Defense, Tierabwehrspray"}]},{"@type":"WebSite","@id":"https:\/\/www.ralti.de\/#website","url":"https:\/\/www.ralti.de\/","name":"Ralti.de","description":"Hier viele gute Angebote","publisher":{"@id":"https:\/\/www.ralti.de\/#organization"},"potentialAction":[{"@type":"SearchAction","target":{"@type":"EntryPoint","urlTemplate":"https:\/\/www.ralti.de\/?s={search_term_string}"},"query-input":{"@type":"PropertyValueSpecification","valueRequired":true,"valueName":"search_term_string"}}],"inLanguage":"de"},{"@type":"Organization","@id":"https:\/\/www.ralti.de\/#organization","name":"Ralti.de","url":"https:\/\/www.ralti.de\/","logo":{"@type":"ImageObject","inLanguage":"de","@id":"https:\/\/www.ralti.de\/#\/schema\/logo\/image\/","url":"https:\/\/www.ralti.de\/wp-content\/uploads\/2025\/11\/ralti.png","contentUrl":"https:\/\/www.ralti.de\/wp-content\/uploads\/2025\/11\/ralti.png","width":240,"height":75,"caption":"Ralti.de"},"image":{"@id":"https:\/\/www.ralti.de\/#\/schema\/logo\/image\/"}}]}},"_links":{"self":[{"href":"https:\/\/www.ralti.de\/index.php?rest_route=\/wp\/v2\/product\/13327","targetHints":{"allow":["GET"]}}],"collection":[{"href":"https:\/\/www.ralti.de\/index.php?rest_route=\/wp\/v2\/product"}],"about":[{"href":"https:\/\/www.ralti.de\/index.php?rest_route=\/wp\/v2\/types\/product"}],"replies":[{"embeddable":true,"href":"https:\/\/www.ralti.de\/index.php?rest_route=%2Fwp%2Fv2%2Fcomments&post=13327"}],"wp:featuredmedia":[{"embeddable":true,"href":"https:\/\/www.ralti.de\/index.php?rest_route=\/wp\/v2\/media\/13328"}],"wp:attachment":[{"href":"https:\/\/www.ralti.de\/index.php?rest_route=%2Fwp%2Fv2%2Fmedia&parent=13327"}],"wp:term":[{"taxonomy":"product_brand","embeddable":true,"href":"https:\/\/www.ralti.de\/index.php?rest_route=%2Fwp%2Fv2%2Fproduct_brand&post=13327"},{"taxonomy":"product_cat","embeddable":true,"href":"https:\/\/www.ralti.de\/index.php?rest_route=%2Fwp%2Fv2%2Fproduct_cat&post=13327"},{"taxonomy":"product_tag","embeddable":true,"href":"https:\/\/www.ralti.de\/index.php?rest_route=%2Fwp%2Fv2%2Fproduct_tag&post=13327"}],"curies":[{"name":"wp","href":"https:\/\/api.w.org\/{rel}","templated":true}]}}