{"id":13375,"date":"2025-11-25T12:10:33","date_gmt":"2025-11-25T12:10:33","guid":{"rendered":"https:\/\/www.ralti.de\/shop-2\/uncategorized\/pavillon-3x3-wasserdicht-stabil-winterfest-faltpavillon-faltbar-gartenzelt-pop-up-partyzelt-falt-pavillon-zelt-mit-4-pcs-sandsack-uv-schutz-50-metall-verstrebungen-fur-camping-grau\/"},"modified":"2025-11-25T12:10:33","modified_gmt":"2025-11-25T12:10:33","slug":"pavillon-3x3-wasserdicht-stabil-winterfest-faltpavillon-faltbar-gartenzelt-pop-up-partyzelt-falt-pavillon-zelt-mit-4-pcs-sandsack-uv-schutz-50-metall-verstrebungen-fur-camping-grau","status":"publish","type":"product","link":"https:\/\/www.ralti.de\/?product=pavillon-3x3-wasserdicht-stabil-winterfest-faltpavillon-faltbar-gartenzelt-pop-up-partyzelt-falt-pavillon-zelt-mit-4-pcs-sandsack-uv-schutz-50-metall-verstrebungen-fur-camping-grau","title":{"rendered":"Pavillon 3&#215;3 Wasserdicht Stabil Winterfest, Faltpavillon Faltbar Gartenzelt, Pop Up Partyzelt, Falt Pavillon Zelt mit 4 PCS Sandsack, UV Schutz 50+ Metall-Verstrebungen f\u00fcr Camping Grau"},"content":{"rendered":"<p>\u26f1\ufe0f\u3010Robuste und Langlebige\u3011Der Partyzelt neu aufger\u00fcstete Stahlrahmen ist mit Pulverbeschichtung versehen,Stabilit\u00e4t und Korrosionsbest\u00e4ndigkeit verbessern,rostet,verbiegt oder bricht nicht.Robuste Gelenkverbinder und 4 verriegelbare Stahlbeine bieten eine gute Unterst\u00fctzung f\u00fcr wasserdichten Pavillon.N\u00e4gel und Spannschn\u00fcre erleichtern Befestigung des Pavillons und machen ihn windbest\u00e4ndiger.Hinweis:extremen Wetterbedingungen (wie Starker Wind,starker Regen,Schneesturm ) ,wird empfohlen,Partyzelt zusammenzufalten und Innenbereich aufzubewahren.<br \/>\n\u26f1\ufe0f\u3010Hochwertiges Material\u3011Die \u00dcberdachungsplane besteht aus hochdichtem 210D Gewebe,Mit einem versilberten PU,Futter ist es wasserabweisend und UV 50+,Innen mit silberner zum UV-Schutz beschichtet ist. 2 von 4 Seitenteilen sind mit transparenten Fenstern ausgestattet, dadurch erh\u00e4lt man sch\u00f6ne Lichtstrahlen ins Zelt.Sogar im kalten Winter, wenn alle Seitenw\u00e4nde bedeckt w\u00e4ren,genie\u00dft Sie ein gutes Lichtverh\u00e4ltnisse.<br \/>\n\u26f1\ufe0f\u3010H\u00f6henverstellung Design\u3011 Faltpavillion Jedes Bein verf\u00fcgt \u00fcber Auf- und Ab anpassen kn\u00f6pfe,die sich sehr einfach zusammenklappen und in der H\u00f6he verstellen lassen ( 255 cm, 265 cm und 275 cm).Sie k\u00f6nnen die passende H\u00f6he entsprechend Ihren Bed\u00fcrfnissen w\u00e4hlen. Hinweis: Bitte seien Sie beim Einstellen der H\u00f6he vorsichtig,um ein Einklemmen Ihrer Finger vermeiden.<br \/>\n\u26f1\ufe0f\u3010Einfach zu installieren und tragen\u3011Das Faltbare Pavillon verf\u00fcgt \u00fcber einen zusammenbaubaren Beinrahmen,von 1-2 Personen problemlos aufgestellt werden kann.Der Rahmen ist ausziehbar und faltbar, und wird mit einer Tragetasche geliefert, was ihn sehr tragbar macht und problemlos in den Kofferraum eines Familienautos passt.<br \/>\n\u26f1\ufe0f\u3010Multi-Szenario-Anwendung\u3011Das Gartenpavillon 3m lange pavillion bietet 9\/m\u00b2 Schatten und bietet Platz f\u00fcr 6-8 Personen.Das Fensterhat ein transparentes Design,das eine klare Sicht auf die Umgebung erm\u00f6glicht.Abnehmbare Seitenteile,um Ihre Anforderungen in verschiedenen Szenarienerf\u00fcllen .Es ist perfekt f\u00fcr G\u00e4rten Familientreffen,Sportveranstaltungen,Camping und Grillen geeignet,es ist der perfekte Schutz f\u00fcr Sie, um Spa\u00df in der Sonne haben.<br \/>\n<div class=\"main-cross-sell\" data-asin=\"B0CFVMC1P7\">\n\n\t<div class=\"WooZone-cross-sell-loader\">\n\t\t<div>\n\t\t\t<div id=\"floatingBarsG\">\n\t\t\t\t<div class=\"blockG\" id=\"rotateG_01\"><\/div>\n\t\t\t\t<div class=\"blockG\" id=\"rotateG_02\"><\/div>\n\t\t\t\t<div class=\"blockG\" id=\"rotateG_03\"><\/div>\n\t\t\t\t<div class=\"blockG\" id=\"rotateG_04\"><\/div>\n\t\t\t\t<div class=\"blockG\" id=\"rotateG_05\"><\/div>\n\t\t\t\t<div class=\"blockG\" id=\"rotateG_06\"><\/div>\n\t\t\t\t<div class=\"blockG\" id=\"rotateG_07\"><\/div>\n\t\t\t\t<div class=\"blockG\" id=\"rotateG_08\"><\/div>\n\t\t\t<\/div>\n\t\t\t<div class=\"WooZone-cross-sell-loader-text\"><\/div>\n\t\t<\/div>\n\t<\/div>\n\n\t\t\n<\/div>\n<div style=\"clear:both;\"><\/div>\n","protected":false},"excerpt":{"rendered":"<p>\u26f1\ufe0f\u3010Robuste und Langlebige\u3011Der Partyzelt neu aufger\u00fcstete Stahlrahmen ist mit Pulverbeschichtung versehen,Stabilit\u00e4t und Korrosionsbest\u00e4ndigkeit verbessern,rostet,verbiegt oder bricht nicht.Robuste Gelenkverbinder und 4 verriegelbare Stahlbeine bieten eine gute Unterst\u00fctzung f\u00fcr wasserdichten Pavillon.N\u00e4gel und Spannschn\u00fcre erleichtern Befestigung des Pavillons und machen ihn windbest\u00e4ndiger.Hinweis:extremen Wetterbedingungen (wie Starker Wind,starker Regen,Schneesturm ) ,wird empfohlen,Partyzelt zusammenzufalten und Innenbereich aufzubewahren.<br \/>\n\u26f1\ufe0f\u3010Hochwertiges Material\u3011Die \u00dcberdachungsplane besteht aus hochdichtem 210D Gewebe,Mit einem versilberten PU,Futter ist es wasserabweisend und UV 50+,Innen mit silberner zum UV-Schutz beschichtet ist. 2 von 4 Seitenteilen sind mit transparenten Fenstern ausgestattet, dadurch erh\u00e4lt man sch\u00f6ne Lichtstrahlen ins Zelt.Sogar im kalten Winter, wenn alle Seitenw\u00e4nde bedeckt w\u00e4ren,genie\u00dft Sie ein gutes Lichtverh\u00e4ltnisse.<br \/>\n\u26f1\ufe0f\u3010H\u00f6henverstellung Design\u3011 Faltpavillion Jedes Bein verf\u00fcgt \u00fcber Auf- und Ab anpassen kn\u00f6pfe,die sich sehr einfach zusammenklappen und in der H\u00f6he verstellen lassen ( 255 cm, 265 cm und 275 cm).Sie k\u00f6nnen die passende H\u00f6he entsprechend Ihren Bed\u00fcrfnissen w\u00e4hlen. Hinweis: Bitte seien Sie beim Einstellen der H\u00f6he vorsichtig,um ein Einklemmen Ihrer Finger vermeiden.<\/p>\n","protected":false},"featured_media":13376,"comment_status":"open","ping_status":"closed","template":"","meta":{"_acf_changed":false},"product_brand":[],"product_cat":[271,268],"product_tag":[],"class_list":{"0":"post-13375","1":"product","2":"type-product","3":"status-publish","4":"has-post-thumbnail","6":"product_cat-tragbare-unterkunfte","7":"product_cat-unterschlupf","9":"first","10":"instock","11":"sale","12":"shipping-taxable","13":"product-type-external"},"acf":[],"yoast_head":"<!-- This site is optimized with the Yoast SEO plugin v27.3 - https:\/\/yoast.com\/product\/yoast-seo-wordpress\/ -->\n<title>Pavillon 3x3 Wasserdicht Stabil Winterfest, Faltpavillon Faltbar Gartenzelt, Pop Up Partyzelt, Falt Pavillon Zelt mit 4 PCS Sandsack, UV Schutz 50+ Metall-Verstrebungen f\u00fcr Camping Grau - Notfallvorsorge - Krisenvorsorge<\/title>\n<meta name=\"robots\" content=\"index, follow, max-snippet:-1, max-image-preview:large, max-video-preview:-1\" \/>\n<link rel=\"canonical\" href=\"https:\/\/www.ralti.de\/?product=pavillon-3x3-wasserdicht-stabil-winterfest-faltpavillon-faltbar-gartenzelt-pop-up-partyzelt-falt-pavillon-zelt-mit-4-pcs-sandsack-uv-schutz-50-metall-verstrebungen-fur-camping-grau\" \/>\n<meta property=\"og:locale\" content=\"de_DE\" \/>\n<meta property=\"og:type\" content=\"article\" \/>\n<meta property=\"og:title\" content=\"Pavillon 3x3 Wasserdicht Stabil Winterfest, Faltpavillon Faltbar Gartenzelt, Pop Up Partyzelt, Falt Pavillon Zelt mit 4 PCS Sandsack, UV Schutz 50+ Metall-Verstrebungen f\u00fcr Camping Grau - Notfallvorsorge - Krisenvorsorge\" \/>\n<meta property=\"og:description\" content=\"\u26f1\ufe0f\u3010Robuste und Langlebige\u3011Der Partyzelt neu aufger\u00fcstete Stahlrahmen ist mit Pulverbeschichtung versehen,Stabilit\u00e4t und Korrosionsbest\u00e4ndigkeit verbessern,rostet,verbiegt oder bricht nicht.Robuste Gelenkverbinder und 4 verriegelbare Stahlbeine bieten eine gute Unterst\u00fctzung f\u00fcr wasserdichten Pavillon.N\u00e4gel und Spannschn\u00fcre erleichtern Befestigung des Pavillons und machen ihn windbest\u00e4ndiger.Hinweis:extremen Wetterbedingungen (wie Starker Wind,starker Regen,Schneesturm ) ,wird empfohlen,Partyzelt zusammenzufalten und Innenbereich aufzubewahren. \u26f1\ufe0f\u3010Hochwertiges Material\u3011Die \u00dcberdachungsplane besteht aus hochdichtem 210D Gewebe,Mit einem versilberten PU,Futter ist es wasserabweisend und UV 50+,Innen mit silberner zum UV-Schutz beschichtet ist. 2 von 4 Seitenteilen sind mit transparenten Fenstern ausgestattet, dadurch erh\u00e4lt man sch\u00f6ne Lichtstrahlen ins Zelt.Sogar im kalten Winter, wenn alle Seitenw\u00e4nde bedeckt w\u00e4ren,genie\u00dft Sie ein gutes Lichtverh\u00e4ltnisse. \u26f1\ufe0f\u3010H\u00f6henverstellung Design\u3011 Faltpavillion Jedes Bein verf\u00fcgt \u00fcber Auf- und Ab anpassen kn\u00f6pfe,die sich sehr einfach zusammenklappen und in der H\u00f6he verstellen lassen ( 255 cm, 265 cm und 275 cm).Sie k\u00f6nnen die passende H\u00f6he entsprechend Ihren Bed\u00fcrfnissen w\u00e4hlen. Hinweis: Bitte seien Sie beim Einstellen der H\u00f6he vorsichtig,um ein Einklemmen Ihrer Finger vermeiden.\" \/>\n<meta property=\"og:url\" content=\"https:\/\/www.ralti.de\/?product=pavillon-3x3-wasserdicht-stabil-winterfest-faltpavillon-faltbar-gartenzelt-pop-up-partyzelt-falt-pavillon-zelt-mit-4-pcs-sandsack-uv-schutz-50-metall-verstrebungen-fur-camping-grau\" \/>\n<meta property=\"og:site_name\" content=\"Notfallvorsorge - Krisenvorsorge\" \/>\n<meta property=\"og:image\" content=\"https:\/\/m.media-amazon.com\/images\/I\/41o3cJxA+LL.jpg\" \/>\n\t<meta property=\"og:image:width\" content=\"500\" \/>\n\t<meta property=\"og:image:height\" content=\"500\" \/>\n\t<meta property=\"og:image:type\" content=\"image\/jpeg\" \/>\n<meta name=\"twitter:card\" content=\"summary_large_image\" \/>\n<meta name=\"twitter:label1\" content=\"Gesch\u00e4tzte Lesezeit\" \/>\n\t<meta name=\"twitter:data1\" content=\"2\u00a0Minuten\" \/>\n<script type=\"application\/ld+json\" class=\"yoast-schema-graph\">{\"@context\":\"https:\\\/\\\/schema.org\",\"@graph\":[{\"@type\":\"WebPage\",\"@id\":\"https:\\\/\\\/www.ralti.de\\\/?product=pavillon-3x3-wasserdicht-stabil-winterfest-faltpavillon-faltbar-gartenzelt-pop-up-partyzelt-falt-pavillon-zelt-mit-4-pcs-sandsack-uv-schutz-50-metall-verstrebungen-fur-camping-grau\",\"url\":\"https:\\\/\\\/www.ralti.de\\\/?product=pavillon-3x3-wasserdicht-stabil-winterfest-faltpavillon-faltbar-gartenzelt-pop-up-partyzelt-falt-pavillon-zelt-mit-4-pcs-sandsack-uv-schutz-50-metall-verstrebungen-fur-camping-grau\",\"name\":\"Pavillon 3x3 Wasserdicht Stabil Winterfest, Faltpavillon Faltbar Gartenzelt, Pop Up Partyzelt, Falt Pavillon Zelt mit 4 PCS Sandsack, UV Schutz 50+ Metall-Verstrebungen f\u00fcr Camping Grau - Notfallvorsorge - Krisenvorsorge\",\"isPartOf\":{\"@id\":\"https:\\\/\\\/www.ralti.de\\\/#website\"},\"primaryImageOfPage\":{\"@id\":\"https:\\\/\\\/www.ralti.de\\\/?product=pavillon-3x3-wasserdicht-stabil-winterfest-faltpavillon-faltbar-gartenzelt-pop-up-partyzelt-falt-pavillon-zelt-mit-4-pcs-sandsack-uv-schutz-50-metall-verstrebungen-fur-camping-grau#primaryimage\"},\"image\":{\"@id\":\"https:\\\/\\\/www.ralti.de\\\/?product=pavillon-3x3-wasserdicht-stabil-winterfest-faltpavillon-faltbar-gartenzelt-pop-up-partyzelt-falt-pavillon-zelt-mit-4-pcs-sandsack-uv-schutz-50-metall-verstrebungen-fur-camping-grau#primaryimage\"},\"thumbnailUrl\":\"https:\\\/\\\/m.media-amazon.com\\\/images\\\/I\\\/41o3cJxA+LL.jpg\",\"datePublished\":\"2025-11-25T12:10:33+00:00\",\"breadcrumb\":{\"@id\":\"https:\\\/\\\/www.ralti.de\\\/?product=pavillon-3x3-wasserdicht-stabil-winterfest-faltpavillon-faltbar-gartenzelt-pop-up-partyzelt-falt-pavillon-zelt-mit-4-pcs-sandsack-uv-schutz-50-metall-verstrebungen-fur-camping-grau#breadcrumb\"},\"inLanguage\":\"de\",\"potentialAction\":[{\"@type\":\"ReadAction\",\"target\":[\"https:\\\/\\\/www.ralti.de\\\/?product=pavillon-3x3-wasserdicht-stabil-winterfest-faltpavillon-faltbar-gartenzelt-pop-up-partyzelt-falt-pavillon-zelt-mit-4-pcs-sandsack-uv-schutz-50-metall-verstrebungen-fur-camping-grau\"]}]},{\"@type\":\"ImageObject\",\"inLanguage\":\"de\",\"@id\":\"https:\\\/\\\/www.ralti.de\\\/?product=pavillon-3x3-wasserdicht-stabil-winterfest-faltpavillon-faltbar-gartenzelt-pop-up-partyzelt-falt-pavillon-zelt-mit-4-pcs-sandsack-uv-schutz-50-metall-verstrebungen-fur-camping-grau#primaryimage\",\"url\":\"https:\\\/\\\/m.media-amazon.com\\\/images\\\/I\\\/41o3cJxA+LL.jpg\",\"contentUrl\":\"https:\\\/\\\/m.media-amazon.com\\\/images\\\/I\\\/41o3cJxA+LL.jpg\",\"width\":500,\"height\":500},{\"@type\":\"BreadcrumbList\",\"@id\":\"https:\\\/\\\/www.ralti.de\\\/?product=pavillon-3x3-wasserdicht-stabil-winterfest-faltpavillon-faltbar-gartenzelt-pop-up-partyzelt-falt-pavillon-zelt-mit-4-pcs-sandsack-uv-schutz-50-metall-verstrebungen-fur-camping-grau#breadcrumb\",\"itemListElement\":[{\"@type\":\"ListItem\",\"position\":1,\"name\":\"Start\",\"item\":\"https:\\\/\\\/www.ralti.de\\\/\"},{\"@type\":\"ListItem\",\"position\":2,\"name\":\"Notfallartikel\",\"item\":\"https:\\\/\\\/www.ralti.de\\\/?page_id=14189\"},{\"@type\":\"ListItem\",\"position\":3,\"name\":\"Pavillon 3&#215;3 Wasserdicht Stabil Winterfest, Faltpavillon Faltbar Gartenzelt, Pop Up Partyzelt, Falt Pavillon Zelt mit 4 PCS Sandsack, UV Schutz 50+ Metall-Verstrebungen f\u00fcr Camping Grau\"}]},{\"@type\":\"WebSite\",\"@id\":\"https:\\\/\\\/www.ralti.de\\\/#website\",\"url\":\"https:\\\/\\\/www.ralti.de\\\/\",\"name\":\"Ralti.de\",\"description\":\"Hier viele gute Angebote\",\"publisher\":{\"@id\":\"https:\\\/\\\/www.ralti.de\\\/#organization\"},\"potentialAction\":[{\"@type\":\"SearchAction\",\"target\":{\"@type\":\"EntryPoint\",\"urlTemplate\":\"https:\\\/\\\/www.ralti.de\\\/?s={search_term_string}\"},\"query-input\":{\"@type\":\"PropertyValueSpecification\",\"valueRequired\":true,\"valueName\":\"search_term_string\"}}],\"inLanguage\":\"de\"},{\"@type\":\"Organization\",\"@id\":\"https:\\\/\\\/www.ralti.de\\\/#organization\",\"name\":\"Ralti.de\",\"url\":\"https:\\\/\\\/www.ralti.de\\\/\",\"logo\":{\"@type\":\"ImageObject\",\"inLanguage\":\"de\",\"@id\":\"https:\\\/\\\/www.ralti.de\\\/#\\\/schema\\\/logo\\\/image\\\/\",\"url\":\"https:\\\/\\\/www.ralti.de\\\/wp-content\\\/uploads\\\/2025\\\/11\\\/ralti.png\",\"contentUrl\":\"https:\\\/\\\/www.ralti.de\\\/wp-content\\\/uploads\\\/2025\\\/11\\\/ralti.png\",\"width\":240,\"height\":75,\"caption\":\"Ralti.de\"},\"image\":{\"@id\":\"https:\\\/\\\/www.ralti.de\\\/#\\\/schema\\\/logo\\\/image\\\/\"}}]}<\/script>\n<!-- \/ Yoast SEO plugin. -->","yoast_head_json":{"title":"Pavillon 3x3 Wasserdicht Stabil Winterfest, Faltpavillon Faltbar Gartenzelt, Pop Up Partyzelt, Falt Pavillon Zelt mit 4 PCS Sandsack, UV Schutz 50+ Metall-Verstrebungen f\u00fcr Camping Grau - Notfallvorsorge - Krisenvorsorge","robots":{"index":"index","follow":"follow","max-snippet":"max-snippet:-1","max-image-preview":"max-image-preview:large","max-video-preview":"max-video-preview:-1"},"canonical":"https:\/\/www.ralti.de\/?product=pavillon-3x3-wasserdicht-stabil-winterfest-faltpavillon-faltbar-gartenzelt-pop-up-partyzelt-falt-pavillon-zelt-mit-4-pcs-sandsack-uv-schutz-50-metall-verstrebungen-fur-camping-grau","og_locale":"de_DE","og_type":"article","og_title":"Pavillon 3x3 Wasserdicht Stabil Winterfest, Faltpavillon Faltbar Gartenzelt, Pop Up Partyzelt, Falt Pavillon Zelt mit 4 PCS Sandsack, UV Schutz 50+ Metall-Verstrebungen f\u00fcr Camping Grau - Notfallvorsorge - Krisenvorsorge","og_description":"\u26f1\ufe0f\u3010Robuste und Langlebige\u3011Der Partyzelt neu aufger\u00fcstete Stahlrahmen ist mit Pulverbeschichtung versehen,Stabilit\u00e4t und Korrosionsbest\u00e4ndigkeit verbessern,rostet,verbiegt oder bricht nicht.Robuste Gelenkverbinder und 4 verriegelbare Stahlbeine bieten eine gute Unterst\u00fctzung f\u00fcr wasserdichten Pavillon.N\u00e4gel und Spannschn\u00fcre erleichtern Befestigung des Pavillons und machen ihn windbest\u00e4ndiger.Hinweis:extremen Wetterbedingungen (wie Starker Wind,starker Regen,Schneesturm ) ,wird empfohlen,Partyzelt zusammenzufalten und Innenbereich aufzubewahren. \u26f1\ufe0f\u3010Hochwertiges Material\u3011Die \u00dcberdachungsplane besteht aus hochdichtem 210D Gewebe,Mit einem versilberten PU,Futter ist es wasserabweisend und UV 50+,Innen mit silberner zum UV-Schutz beschichtet ist. 2 von 4 Seitenteilen sind mit transparenten Fenstern ausgestattet, dadurch erh\u00e4lt man sch\u00f6ne Lichtstrahlen ins Zelt.Sogar im kalten Winter, wenn alle Seitenw\u00e4nde bedeckt w\u00e4ren,genie\u00dft Sie ein gutes Lichtverh\u00e4ltnisse. \u26f1\ufe0f\u3010H\u00f6henverstellung Design\u3011 Faltpavillion Jedes Bein verf\u00fcgt \u00fcber Auf- und Ab anpassen kn\u00f6pfe,die sich sehr einfach zusammenklappen und in der H\u00f6he verstellen lassen ( 255 cm, 265 cm und 275 cm).Sie k\u00f6nnen die passende H\u00f6he entsprechend Ihren Bed\u00fcrfnissen w\u00e4hlen. Hinweis: Bitte seien Sie beim Einstellen der H\u00f6he vorsichtig,um ein Einklemmen Ihrer Finger vermeiden.","og_url":"https:\/\/www.ralti.de\/?product=pavillon-3x3-wasserdicht-stabil-winterfest-faltpavillon-faltbar-gartenzelt-pop-up-partyzelt-falt-pavillon-zelt-mit-4-pcs-sandsack-uv-schutz-50-metall-verstrebungen-fur-camping-grau","og_site_name":"Notfallvorsorge - Krisenvorsorge","og_image":[{"width":500,"height":500,"url":"https:\/\/m.media-amazon.com\/images\/I\/41o3cJxA+LL.jpg","type":"image\/jpeg"}],"twitter_card":"summary_large_image","twitter_misc":{"Gesch\u00e4tzte Lesezeit":"2\u00a0Minuten"},"schema":{"@context":"https:\/\/schema.org","@graph":[{"@type":"WebPage","@id":"https:\/\/www.ralti.de\/?product=pavillon-3x3-wasserdicht-stabil-winterfest-faltpavillon-faltbar-gartenzelt-pop-up-partyzelt-falt-pavillon-zelt-mit-4-pcs-sandsack-uv-schutz-50-metall-verstrebungen-fur-camping-grau","url":"https:\/\/www.ralti.de\/?product=pavillon-3x3-wasserdicht-stabil-winterfest-faltpavillon-faltbar-gartenzelt-pop-up-partyzelt-falt-pavillon-zelt-mit-4-pcs-sandsack-uv-schutz-50-metall-verstrebungen-fur-camping-grau","name":"Pavillon 3x3 Wasserdicht Stabil Winterfest, Faltpavillon Faltbar Gartenzelt, Pop Up Partyzelt, Falt Pavillon Zelt mit 4 PCS Sandsack, UV Schutz 50+ Metall-Verstrebungen f\u00fcr Camping Grau - Notfallvorsorge - Krisenvorsorge","isPartOf":{"@id":"https:\/\/www.ralti.de\/#website"},"primaryImageOfPage":{"@id":"https:\/\/www.ralti.de\/?product=pavillon-3x3-wasserdicht-stabil-winterfest-faltpavillon-faltbar-gartenzelt-pop-up-partyzelt-falt-pavillon-zelt-mit-4-pcs-sandsack-uv-schutz-50-metall-verstrebungen-fur-camping-grau#primaryimage"},"image":{"@id":"https:\/\/www.ralti.de\/?product=pavillon-3x3-wasserdicht-stabil-winterfest-faltpavillon-faltbar-gartenzelt-pop-up-partyzelt-falt-pavillon-zelt-mit-4-pcs-sandsack-uv-schutz-50-metall-verstrebungen-fur-camping-grau#primaryimage"},"thumbnailUrl":"https:\/\/m.media-amazon.com\/images\/I\/41o3cJxA+LL.jpg","datePublished":"2025-11-25T12:10:33+00:00","breadcrumb":{"@id":"https:\/\/www.ralti.de\/?product=pavillon-3x3-wasserdicht-stabil-winterfest-faltpavillon-faltbar-gartenzelt-pop-up-partyzelt-falt-pavillon-zelt-mit-4-pcs-sandsack-uv-schutz-50-metall-verstrebungen-fur-camping-grau#breadcrumb"},"inLanguage":"de","potentialAction":[{"@type":"ReadAction","target":["https:\/\/www.ralti.de\/?product=pavillon-3x3-wasserdicht-stabil-winterfest-faltpavillon-faltbar-gartenzelt-pop-up-partyzelt-falt-pavillon-zelt-mit-4-pcs-sandsack-uv-schutz-50-metall-verstrebungen-fur-camping-grau"]}]},{"@type":"ImageObject","inLanguage":"de","@id":"https:\/\/www.ralti.de\/?product=pavillon-3x3-wasserdicht-stabil-winterfest-faltpavillon-faltbar-gartenzelt-pop-up-partyzelt-falt-pavillon-zelt-mit-4-pcs-sandsack-uv-schutz-50-metall-verstrebungen-fur-camping-grau#primaryimage","url":"https:\/\/m.media-amazon.com\/images\/I\/41o3cJxA+LL.jpg","contentUrl":"https:\/\/m.media-amazon.com\/images\/I\/41o3cJxA+LL.jpg","width":500,"height":500},{"@type":"BreadcrumbList","@id":"https:\/\/www.ralti.de\/?product=pavillon-3x3-wasserdicht-stabil-winterfest-faltpavillon-faltbar-gartenzelt-pop-up-partyzelt-falt-pavillon-zelt-mit-4-pcs-sandsack-uv-schutz-50-metall-verstrebungen-fur-camping-grau#breadcrumb","itemListElement":[{"@type":"ListItem","position":1,"name":"Start","item":"https:\/\/www.ralti.de\/"},{"@type":"ListItem","position":2,"name":"Notfallartikel","item":"https:\/\/www.ralti.de\/?page_id=14189"},{"@type":"ListItem","position":3,"name":"Pavillon 3&#215;3 Wasserdicht Stabil Winterfest, Faltpavillon Faltbar Gartenzelt, Pop Up Partyzelt, Falt Pavillon Zelt mit 4 PCS Sandsack, UV Schutz 50+ Metall-Verstrebungen f\u00fcr Camping Grau"}]},{"@type":"WebSite","@id":"https:\/\/www.ralti.de\/#website","url":"https:\/\/www.ralti.de\/","name":"Ralti.de","description":"Hier viele gute Angebote","publisher":{"@id":"https:\/\/www.ralti.de\/#organization"},"potentialAction":[{"@type":"SearchAction","target":{"@type":"EntryPoint","urlTemplate":"https:\/\/www.ralti.de\/?s={search_term_string}"},"query-input":{"@type":"PropertyValueSpecification","valueRequired":true,"valueName":"search_term_string"}}],"inLanguage":"de"},{"@type":"Organization","@id":"https:\/\/www.ralti.de\/#organization","name":"Ralti.de","url":"https:\/\/www.ralti.de\/","logo":{"@type":"ImageObject","inLanguage":"de","@id":"https:\/\/www.ralti.de\/#\/schema\/logo\/image\/","url":"https:\/\/www.ralti.de\/wp-content\/uploads\/2025\/11\/ralti.png","contentUrl":"https:\/\/www.ralti.de\/wp-content\/uploads\/2025\/11\/ralti.png","width":240,"height":75,"caption":"Ralti.de"},"image":{"@id":"https:\/\/www.ralti.de\/#\/schema\/logo\/image\/"}}]}},"_links":{"self":[{"href":"https:\/\/www.ralti.de\/index.php?rest_route=\/wp\/v2\/product\/13375","targetHints":{"allow":["GET"]}}],"collection":[{"href":"https:\/\/www.ralti.de\/index.php?rest_route=\/wp\/v2\/product"}],"about":[{"href":"https:\/\/www.ralti.de\/index.php?rest_route=\/wp\/v2\/types\/product"}],"replies":[{"embeddable":true,"href":"https:\/\/www.ralti.de\/index.php?rest_route=%2Fwp%2Fv2%2Fcomments&post=13375"}],"wp:featuredmedia":[{"embeddable":true,"href":"https:\/\/www.ralti.de\/index.php?rest_route=\/wp\/v2\/media\/13376"}],"wp:attachment":[{"href":"https:\/\/www.ralti.de\/index.php?rest_route=%2Fwp%2Fv2%2Fmedia&parent=13375"}],"wp:term":[{"taxonomy":"product_brand","embeddable":true,"href":"https:\/\/www.ralti.de\/index.php?rest_route=%2Fwp%2Fv2%2Fproduct_brand&post=13375"},{"taxonomy":"product_cat","embeddable":true,"href":"https:\/\/www.ralti.de\/index.php?rest_route=%2Fwp%2Fv2%2Fproduct_cat&post=13375"},{"taxonomy":"product_tag","embeddable":true,"href":"https:\/\/www.ralti.de\/index.php?rest_route=%2Fwp%2Fv2%2Fproduct_tag&post=13375"}],"curies":[{"name":"wp","href":"https:\/\/api.w.org\/{rel}","templated":true}]}}