{"id":13573,"date":"2025-11-25T12:12:49","date_gmt":"2025-11-25T12:12:49","guid":{"rendered":"https:\/\/www.ralti.de\/shop-2\/uncategorized\/deuter-orbit-sq-5-kunstfaserschlafsack\/"},"modified":"2025-11-25T12:12:49","modified_gmt":"2025-11-25T12:12:49","slug":"deuter-orbit-sq-5-kunstfaserschlafsack","status":"publish","type":"product","link":"https:\/\/www.ralti.de\/?product=deuter-orbit-sq-5-kunstfaserschlafsack","title":{"rendered":"deuter Orbit SQ -5\u00b0 Kunstfaserschlafsack"},"content":{"rendered":"<p><!-- show up to 2 reviews by default --> <\/p>\n<p> <span>F\u00fcr alle naturliebenden Camper, die guten Gewissens drau\u00dfen sein wollen. Wer viel Zeit in der Natur verbringt, wei\u00df welche Verantwortung wir haben, um diese zu sch\u00fctzen. Deshalb ist das Au\u00dfenmaterial des Schlafsacks aus 100% recycelten Materialien. Zudem verf\u00fcgt es \u00fcber eine angenehme Haptik. Dank der High-Loft Hollowfibre F\u00fcllung und dem weichen Innenbezug aus Baumwoll-Mischgewebe herrscht ein angenehmes W\u00e4rmeklima in diesem Schlafsack. Der Deckenschlafsack bietet zudem ausreichend Beinfreiheit, f\u00fcr alle, die ihre F\u00fc\u00dfe nicht stillhalten k\u00f6nnen. Ob ge\u00f6ffnet als Decke im Camper oder gekoppelt als Doppelschlafsack f\u00fcr die N\u00e4chte unter freiem Himmel. Das robuste, leistungsf\u00e4hige Obermaterial macht den Schlafsack zum flexiblen, langj\u00e4hrigen Begleiter auf Campingausfl\u00fcgen. Und f\u00fcr unterwegs findet er in dem deutlich vergr\u00f6\u00dferten Packsack entspannt Platz.<\/span> <\/p>\n<div class=\"main-cross-sell\" data-asin=\"B097PZ3VRK\">\n\n\t<div class=\"WooZone-cross-sell-loader\">\n\t\t<div>\n\t\t\t<div id=\"floatingBarsG\">\n\t\t\t\t<div class=\"blockG\" id=\"rotateG_01\"><\/div>\n\t\t\t\t<div class=\"blockG\" id=\"rotateG_02\"><\/div>\n\t\t\t\t<div class=\"blockG\" id=\"rotateG_03\"><\/div>\n\t\t\t\t<div class=\"blockG\" id=\"rotateG_04\"><\/div>\n\t\t\t\t<div class=\"blockG\" id=\"rotateG_05\"><\/div>\n\t\t\t\t<div class=\"blockG\" id=\"rotateG_06\"><\/div>\n\t\t\t\t<div class=\"blockG\" id=\"rotateG_07\"><\/div>\n\t\t\t\t<div class=\"blockG\" id=\"rotateG_08\"><\/div>\n\t\t\t<\/div>\n\t\t\t<div class=\"WooZone-cross-sell-loader-text\"><\/div>\n\t\t<\/div>\n\t<\/div>\n\n\t\t\n<\/div>\n<div style=\"clear:both;\"><\/div>\n","protected":false},"excerpt":{"rendered":"<p>F\u00fcr alle naturliebenden Camper, die guten Gewissens drau\u00dfen sein wollen. Wer viel Zeit in der Natur verbringt, wei\u00df welche Verantwortung wir haben, um diese zu sch\u00fctzen. Deshalb ist das Au\u00dfenmaterial des Schlafsacks aus 100% recycelten Materialien. Zudem verf\u00fcgt es \u00fcber eine angenehme Haptik. Dank der&hellip;<\/p>\n","protected":false},"featured_media":13574,"comment_status":"open","ping_status":"closed","template":"","meta":{"_acf_changed":false},"product_brand":[],"product_cat":[270,268],"product_tag":[],"class_list":{"0":"post-13573","1":"product","2":"type-product","3":"status-publish","4":"has-post-thumbnail","6":"product_cat-schlafsacke","7":"product_cat-unterschlupf","9":"first","10":"instock","11":"sale","12":"shipping-taxable","13":"product-type-external"},"acf":[],"yoast_head":"<!-- This site is optimized with the Yoast SEO plugin v27.5 - https:\/\/yoast.com\/product\/yoast-seo-wordpress\/ -->\n<title>deuter Orbit SQ -5\u00b0 Kunstfaserschlafsack - Notfallvorsorge - Krisenvorsorge<\/title>\n<meta name=\"robots\" content=\"index, follow, max-snippet:-1, max-image-preview:large, max-video-preview:-1\" \/>\n<link rel=\"canonical\" href=\"https:\/\/www.ralti.de\/?product=deuter-orbit-sq-5-kunstfaserschlafsack\" \/>\n<meta property=\"og:locale\" content=\"de_DE\" \/>\n<meta property=\"og:type\" content=\"article\" \/>\n<meta property=\"og:title\" content=\"deuter Orbit SQ -5\u00b0 Kunstfaserschlafsack - Notfallvorsorge - Krisenvorsorge\" \/>\n<meta property=\"og:description\" content=\"F\u00fcr alle naturliebenden Camper, die guten Gewissens drau\u00dfen sein wollen. Wer viel Zeit in der Natur verbringt, wei\u00df welche Verantwortung wir haben, um diese zu sch\u00fctzen. Deshalb ist das Au\u00dfenmaterial des Schlafsacks aus 100% recycelten Materialien. Zudem verf\u00fcgt es \u00fcber eine angenehme Haptik. Dank der&hellip;\" \/>\n<meta property=\"og:url\" content=\"https:\/\/www.ralti.de\/?product=deuter-orbit-sq-5-kunstfaserschlafsack\" \/>\n<meta property=\"og:site_name\" content=\"Notfallvorsorge - Krisenvorsorge\" \/>\n<meta property=\"og:image\" content=\"https:\/\/m.media-amazon.com\/images\/I\/31j04h2VTqL.jpg\" \/>\n\t<meta property=\"og:image:width\" content=\"500\" \/>\n\t<meta property=\"og:image:height\" content=\"500\" \/>\n\t<meta property=\"og:image:type\" content=\"image\/jpeg\" \/>\n<meta name=\"twitter:card\" content=\"summary_large_image\" \/>\n<meta name=\"twitter:label1\" content=\"Gesch\u00e4tzte Lesezeit\" \/>\n\t<meta name=\"twitter:data1\" content=\"1\u00a0Minute\" \/>\n<script type=\"application\/ld+json\" class=\"yoast-schema-graph\">{\"@context\":\"https:\\\/\\\/schema.org\",\"@graph\":[{\"@type\":\"WebPage\",\"@id\":\"https:\\\/\\\/www.ralti.de\\\/?product=deuter-orbit-sq-5-kunstfaserschlafsack\",\"url\":\"https:\\\/\\\/www.ralti.de\\\/?product=deuter-orbit-sq-5-kunstfaserschlafsack\",\"name\":\"deuter Orbit SQ -5\u00b0 Kunstfaserschlafsack - Notfallvorsorge - Krisenvorsorge\",\"isPartOf\":{\"@id\":\"https:\\\/\\\/www.ralti.de\\\/#website\"},\"primaryImageOfPage\":{\"@id\":\"https:\\\/\\\/www.ralti.de\\\/?product=deuter-orbit-sq-5-kunstfaserschlafsack#primaryimage\"},\"image\":{\"@id\":\"https:\\\/\\\/www.ralti.de\\\/?product=deuter-orbit-sq-5-kunstfaserschlafsack#primaryimage\"},\"thumbnailUrl\":\"https:\\\/\\\/m.media-amazon.com\\\/images\\\/I\\\/31j04h2VTqL.jpg\",\"datePublished\":\"2025-11-25T12:12:49+00:00\",\"breadcrumb\":{\"@id\":\"https:\\\/\\\/www.ralti.de\\\/?product=deuter-orbit-sq-5-kunstfaserschlafsack#breadcrumb\"},\"inLanguage\":\"de\",\"potentialAction\":[{\"@type\":\"ReadAction\",\"target\":[\"https:\\\/\\\/www.ralti.de\\\/?product=deuter-orbit-sq-5-kunstfaserschlafsack\"]}]},{\"@type\":\"ImageObject\",\"inLanguage\":\"de\",\"@id\":\"https:\\\/\\\/www.ralti.de\\\/?product=deuter-orbit-sq-5-kunstfaserschlafsack#primaryimage\",\"url\":\"https:\\\/\\\/m.media-amazon.com\\\/images\\\/I\\\/31j04h2VTqL.jpg\",\"contentUrl\":\"https:\\\/\\\/m.media-amazon.com\\\/images\\\/I\\\/31j04h2VTqL.jpg\",\"width\":500,\"height\":500},{\"@type\":\"BreadcrumbList\",\"@id\":\"https:\\\/\\\/www.ralti.de\\\/?product=deuter-orbit-sq-5-kunstfaserschlafsack#breadcrumb\",\"itemListElement\":[{\"@type\":\"ListItem\",\"position\":1,\"name\":\"Start\",\"item\":\"https:\\\/\\\/www.ralti.de\\\/\"},{\"@type\":\"ListItem\",\"position\":2,\"name\":\"Notfallartikel\",\"item\":\"https:\\\/\\\/www.ralti.de\\\/?page_id=14189\"},{\"@type\":\"ListItem\",\"position\":3,\"name\":\"deuter Orbit SQ -5\u00b0 Kunstfaserschlafsack\"}]},{\"@type\":\"WebSite\",\"@id\":\"https:\\\/\\\/www.ralti.de\\\/#website\",\"url\":\"https:\\\/\\\/www.ralti.de\\\/\",\"name\":\"Ralti.de\",\"description\":\"Hier viele gute Angebote\",\"publisher\":{\"@id\":\"https:\\\/\\\/www.ralti.de\\\/#organization\"},\"potentialAction\":[{\"@type\":\"SearchAction\",\"target\":{\"@type\":\"EntryPoint\",\"urlTemplate\":\"https:\\\/\\\/www.ralti.de\\\/?s={search_term_string}\"},\"query-input\":{\"@type\":\"PropertyValueSpecification\",\"valueRequired\":true,\"valueName\":\"search_term_string\"}}],\"inLanguage\":\"de\"},{\"@type\":\"Organization\",\"@id\":\"https:\\\/\\\/www.ralti.de\\\/#organization\",\"name\":\"Ralti.de\",\"url\":\"https:\\\/\\\/www.ralti.de\\\/\",\"logo\":{\"@type\":\"ImageObject\",\"inLanguage\":\"de\",\"@id\":\"https:\\\/\\\/www.ralti.de\\\/#\\\/schema\\\/logo\\\/image\\\/\",\"url\":\"https:\\\/\\\/www.ralti.de\\\/wp-content\\\/uploads\\\/2025\\\/11\\\/ralti.png\",\"contentUrl\":\"https:\\\/\\\/www.ralti.de\\\/wp-content\\\/uploads\\\/2025\\\/11\\\/ralti.png\",\"width\":240,\"height\":75,\"caption\":\"Ralti.de\"},\"image\":{\"@id\":\"https:\\\/\\\/www.ralti.de\\\/#\\\/schema\\\/logo\\\/image\\\/\"}}]}<\/script>\n<!-- \/ Yoast SEO plugin. -->","yoast_head_json":{"title":"deuter Orbit SQ -5\u00b0 Kunstfaserschlafsack - Notfallvorsorge - Krisenvorsorge","robots":{"index":"index","follow":"follow","max-snippet":"max-snippet:-1","max-image-preview":"max-image-preview:large","max-video-preview":"max-video-preview:-1"},"canonical":"https:\/\/www.ralti.de\/?product=deuter-orbit-sq-5-kunstfaserschlafsack","og_locale":"de_DE","og_type":"article","og_title":"deuter Orbit SQ -5\u00b0 Kunstfaserschlafsack - Notfallvorsorge - Krisenvorsorge","og_description":"F\u00fcr alle naturliebenden Camper, die guten Gewissens drau\u00dfen sein wollen. Wer viel Zeit in der Natur verbringt, wei\u00df welche Verantwortung wir haben, um diese zu sch\u00fctzen. Deshalb ist das Au\u00dfenmaterial des Schlafsacks aus 100% recycelten Materialien. Zudem verf\u00fcgt es \u00fcber eine angenehme Haptik. Dank der&hellip;","og_url":"https:\/\/www.ralti.de\/?product=deuter-orbit-sq-5-kunstfaserschlafsack","og_site_name":"Notfallvorsorge - Krisenvorsorge","og_image":[{"width":500,"height":500,"url":"https:\/\/m.media-amazon.com\/images\/I\/31j04h2VTqL.jpg","type":"image\/jpeg"}],"twitter_card":"summary_large_image","twitter_misc":{"Gesch\u00e4tzte Lesezeit":"1\u00a0Minute"},"schema":{"@context":"https:\/\/schema.org","@graph":[{"@type":"WebPage","@id":"https:\/\/www.ralti.de\/?product=deuter-orbit-sq-5-kunstfaserschlafsack","url":"https:\/\/www.ralti.de\/?product=deuter-orbit-sq-5-kunstfaserschlafsack","name":"deuter Orbit SQ -5\u00b0 Kunstfaserschlafsack - Notfallvorsorge - Krisenvorsorge","isPartOf":{"@id":"https:\/\/www.ralti.de\/#website"},"primaryImageOfPage":{"@id":"https:\/\/www.ralti.de\/?product=deuter-orbit-sq-5-kunstfaserschlafsack#primaryimage"},"image":{"@id":"https:\/\/www.ralti.de\/?product=deuter-orbit-sq-5-kunstfaserschlafsack#primaryimage"},"thumbnailUrl":"https:\/\/m.media-amazon.com\/images\/I\/31j04h2VTqL.jpg","datePublished":"2025-11-25T12:12:49+00:00","breadcrumb":{"@id":"https:\/\/www.ralti.de\/?product=deuter-orbit-sq-5-kunstfaserschlafsack#breadcrumb"},"inLanguage":"de","potentialAction":[{"@type":"ReadAction","target":["https:\/\/www.ralti.de\/?product=deuter-orbit-sq-5-kunstfaserschlafsack"]}]},{"@type":"ImageObject","inLanguage":"de","@id":"https:\/\/www.ralti.de\/?product=deuter-orbit-sq-5-kunstfaserschlafsack#primaryimage","url":"https:\/\/m.media-amazon.com\/images\/I\/31j04h2VTqL.jpg","contentUrl":"https:\/\/m.media-amazon.com\/images\/I\/31j04h2VTqL.jpg","width":500,"height":500},{"@type":"BreadcrumbList","@id":"https:\/\/www.ralti.de\/?product=deuter-orbit-sq-5-kunstfaserschlafsack#breadcrumb","itemListElement":[{"@type":"ListItem","position":1,"name":"Start","item":"https:\/\/www.ralti.de\/"},{"@type":"ListItem","position":2,"name":"Notfallartikel","item":"https:\/\/www.ralti.de\/?page_id=14189"},{"@type":"ListItem","position":3,"name":"deuter Orbit SQ -5\u00b0 Kunstfaserschlafsack"}]},{"@type":"WebSite","@id":"https:\/\/www.ralti.de\/#website","url":"https:\/\/www.ralti.de\/","name":"Ralti.de","description":"Hier viele gute Angebote","publisher":{"@id":"https:\/\/www.ralti.de\/#organization"},"potentialAction":[{"@type":"SearchAction","target":{"@type":"EntryPoint","urlTemplate":"https:\/\/www.ralti.de\/?s={search_term_string}"},"query-input":{"@type":"PropertyValueSpecification","valueRequired":true,"valueName":"search_term_string"}}],"inLanguage":"de"},{"@type":"Organization","@id":"https:\/\/www.ralti.de\/#organization","name":"Ralti.de","url":"https:\/\/www.ralti.de\/","logo":{"@type":"ImageObject","inLanguage":"de","@id":"https:\/\/www.ralti.de\/#\/schema\/logo\/image\/","url":"https:\/\/www.ralti.de\/wp-content\/uploads\/2025\/11\/ralti.png","contentUrl":"https:\/\/www.ralti.de\/wp-content\/uploads\/2025\/11\/ralti.png","width":240,"height":75,"caption":"Ralti.de"},"image":{"@id":"https:\/\/www.ralti.de\/#\/schema\/logo\/image\/"}}]}},"_links":{"self":[{"href":"https:\/\/www.ralti.de\/index.php?rest_route=\/wp\/v2\/product\/13573","targetHints":{"allow":["GET"]}}],"collection":[{"href":"https:\/\/www.ralti.de\/index.php?rest_route=\/wp\/v2\/product"}],"about":[{"href":"https:\/\/www.ralti.de\/index.php?rest_route=\/wp\/v2\/types\/product"}],"replies":[{"embeddable":true,"href":"https:\/\/www.ralti.de\/index.php?rest_route=%2Fwp%2Fv2%2Fcomments&post=13573"}],"wp:featuredmedia":[{"embeddable":true,"href":"https:\/\/www.ralti.de\/index.php?rest_route=\/wp\/v2\/media\/13574"}],"wp:attachment":[{"href":"https:\/\/www.ralti.de\/index.php?rest_route=%2Fwp%2Fv2%2Fmedia&parent=13573"}],"wp:term":[{"taxonomy":"product_brand","embeddable":true,"href":"https:\/\/www.ralti.de\/index.php?rest_route=%2Fwp%2Fv2%2Fproduct_brand&post=13573"},{"taxonomy":"product_cat","embeddable":true,"href":"https:\/\/www.ralti.de\/index.php?rest_route=%2Fwp%2Fv2%2Fproduct_cat&post=13573"},{"taxonomy":"product_tag","embeddable":true,"href":"https:\/\/www.ralti.de\/index.php?rest_route=%2Fwp%2Fv2%2Fproduct_tag&post=13573"}],"curies":[{"name":"wp","href":"https:\/\/api.w.org\/{rel}","templated":true}]}}