{"id":13688,"date":"2025-11-25T12:13:31","date_gmt":"2025-11-25T12:13:31","guid":{"rendered":"https:\/\/www.ralti.de\/shop-2\/uncategorized\/nordmut-schlafsack-winter-10-bis-0-grad-komprimierbar-winterschlafsack-outdoor-fur-trekking-camping-1-800-g-mumienschlafsack-wasserabweisend-350-gsm\/"},"modified":"2025-11-25T12:13:31","modified_gmt":"2025-11-25T12:13:31","slug":"nordmut-schlafsack-winter-10-bis-0-grad-komprimierbar-winterschlafsack-outdoor-fur-trekking-camping-1-800-g-mumienschlafsack-wasserabweisend-350-gsm","status":"publish","type":"product","link":"https:\/\/www.ralti.de\/?product=nordmut-schlafsack-winter-10-bis-0-grad-komprimierbar-winterschlafsack-outdoor-fur-trekking-camping-1-800-g-mumienschlafsack-wasserabweisend-350-gsm","title":{"rendered":"NORDMUT Schlafsack Winter -10 bis 0 Grad komprimierbar &#8211; Winterschlafsack Outdoor f\u00fcr Trekking &#038; Camping 1.800 g &#8211; Mumienschlafsack wasserabweisend 350 GSM"},"content":{"rendered":"<p><!-- show up to 2 reviews by default --> <\/p>\n<p> <span>Produktbeschreibung: Winterschlafsack 350 GSM Erlebe wohlige W\u00e4rme und h\u00f6chsten Komfort \u2013 selbst bei eisigen Temperaturen! Der Abisko ist Ihr zuverl\u00e4ssiger Begleiter f\u00fcr Winterabenteuer, egal ob beim Wintertrekking, Bergsteigen oder Camping im Schnee. Hauptmerkmale: Optimaler Temperaturbereich: Komfort bis \u20130 \u00b0C, Grenztemperatur \u201310 \u00b0C. Hochwertige Materialien. Wasserabweisendes Au\u00dfengewebe: Robustes Polyester sch\u00fctzt vor Feuchtigkeit und Wind. Effiziente Mumienform: K\u00f6rpernahe Passform und vorgeformte Fu\u00dfbox garantieren bestm\u00f6gliche W\u00e4rmespeicherung. W\u00e4rmekragen &amp; Kapuze: Verhindern zuverl\u00e4ssig W\u00e4rmeverluste am Kopf- und Halsbereich. Praktisches Packma\u00df: L\u00e4sst sich auf kompakte 25\u00d735 cm komprimieren \u2013 perfekt f\u00fcr den Rucksack. Gewicht: Nur 1,7 kg \u2013 ideal f\u00fcr lange Touren bei kaltem Klima. Warum der Abisko? Wenn Sie Wert auf Leichtigkeit, W\u00e4rmeleistung und Langlebigkeit legen, ist dieser Winterschlafsack die richtige Wahl. Er vereint hochwertige Materialien, durchdachtes Design und Komfort \u2013 damit Ihre N\u00e4chte drau\u00dfen genauso erholsam sind wie daheim.<\/span> <\/p>\n<p>\u2744\ufe0f \ud835\udde5\ud835\udde2\ud835\uddd5\ud835\udde8\ud835\udde6\ud835\udde7 &#8211; Das hochwertige Material vom Schlafsack Erwachsene ist sehr atmungsaktiv, strapazierf\u00e4hig und wasserabweisend, sodass maximaler Komfort und lange Freude am Outdoor Schlafsack garantiert sind \u2013 ideal f\u00fcr Wintercamping und Outdoor-Abenteuer.<br \/>\n\u2744\ufe0f \ud835\uddea\ud835\uddd4\ud835\uddd8\ud835\udde5\ud835\udde0\ud835\uddd8\ud835\udde6\ud835\uddd6\ud835\udddb\ud835\udde8\ud835\udde7\ud835\udded &#8211; Das innovative Design und das hochwertige 400T Polyester machen den Camping Schlafsack angenehm weich auf der Haut. Die Effiziente Kunstfaserf\u00fcllung h\u00e4lt auch bei Frost angenehm warm; getestet f\u00fcr Komfort bei Temperaturen bis \u201310\u00b0C.<br \/>\n\u2744\ufe0f \ud835\uddde\ud835\udde2\ud835\udde0\ud835\udde3\ud835\uddd4\ud835\uddde\ud835\udde7 &#8211; Der Mumienschlafsack l\u00e4sst sich trotz einer gro\u00dfz\u00fcgigen Liegefl\u00e4che von 216 x 80 cm auf erstaunliche 30 x 40 cm bei einem Gewicht von 1.800 Gramm im Packsack komprimieren &#8211; Schlafs\u00e4cke f\u00fcr maximale Platzersparnis!<br \/>\n\u2744\ufe0f \ud835\uddd4\ud835\udddf\ud835\udddf\ud835\udde5\ud835\udde2\ud835\udde8\ud835\udde1\ud835\uddd7\ud835\uddd8\ud835\udde5 &#8211; Dank der kompakten Ma\u00dfe und des geringen Gewichts ist der Schlafsack geringes Packma\u00df ein perfekter Begleiter f\u00fcr s\u00e4mtliche Outdoor-Aktivit\u00e4ten &#8211; ob Camping, Reisen, Trekking, Festival, Angeln oder Bikepacking Schlafsack.<br \/>\n\u2744\ufe0f \ud835\udde3\ud835\udde5\ud835\uddd8\ud835\udde0\ud835\udddc\ud835\udde8\ud835\udde0 \ud835\udded\ud835\udddc\ud835\udde3\ud835\udde3\ud835\uddd8\ud835\udde5 &#8211; Der Winterschlafsack ist mit hochwertigen Zwei-Wege Rei\u00dfverschl\u00fcssen von YKK auf beiden Seiten ausgestattet &#8211; f\u00fcr einen leichten Einstieg und maximale Haltbarkeit. Ein echter Schlafsack Kompakt Allrounder.<br \/>\n<div class=\"main-cross-sell\" data-asin=\"B0FM8J52RM\">\n\n\t<div class=\"WooZone-cross-sell-loader\">\n\t\t<div>\n\t\t\t<div id=\"floatingBarsG\">\n\t\t\t\t<div class=\"blockG\" id=\"rotateG_01\"><\/div>\n\t\t\t\t<div class=\"blockG\" id=\"rotateG_02\"><\/div>\n\t\t\t\t<div class=\"blockG\" id=\"rotateG_03\"><\/div>\n\t\t\t\t<div class=\"blockG\" id=\"rotateG_04\"><\/div>\n\t\t\t\t<div class=\"blockG\" id=\"rotateG_05\"><\/div>\n\t\t\t\t<div class=\"blockG\" id=\"rotateG_06\"><\/div>\n\t\t\t\t<div class=\"blockG\" id=\"rotateG_07\"><\/div>\n\t\t\t\t<div class=\"blockG\" id=\"rotateG_08\"><\/div>\n\t\t\t<\/div>\n\t\t\t<div class=\"WooZone-cross-sell-loader-text\"><\/div>\n\t\t<\/div>\n\t<\/div>\n\n\t\t\n<\/div>\n<div style=\"clear:both;\"><\/div>\n","protected":false},"excerpt":{"rendered":"<p>\u2744\ufe0f \ud835\udde5\ud835\udde2\ud835\uddd5\ud835\udde8\ud835\udde6\ud835\udde7 &#8211; Das hochwertige Material vom Schlafsack Erwachsene ist sehr atmungsaktiv, strapazierf\u00e4hig und wasserabweisend, sodass maximaler Komfort und lange Freude am Outdoor Schlafsack garantiert sind \u2013 ideal f\u00fcr Wintercamping und Outdoor-Abenteuer.<br \/>\n\u2744\ufe0f \ud835\uddea\ud835\uddd4\ud835\uddd8\ud835\udde5\ud835\udde0\ud835\uddd8\ud835\udde6\ud835\uddd6\ud835\udddb\ud835\udde8\ud835\udde7\ud835\udded &#8211; Das innovative Design und das hochwertige 400T Polyester machen den Camping Schlafsack angenehm weich auf der Haut. Die Effiziente Kunstfaserf\u00fcllung h\u00e4lt auch bei Frost angenehm warm; getestet f\u00fcr Komfort bei Temperaturen bis \u201310\u00b0C.<br \/>\n\u2744\ufe0f \ud835\uddde\ud835\udde2\ud835\udde0\ud835\udde3\ud835\uddd4\ud835\uddde\ud835\udde7 &#8211; Der Mumienschlafsack l\u00e4sst sich trotz einer gro\u00dfz\u00fcgigen Liegefl\u00e4che von 216 x 80 cm auf erstaunliche 30 x 40 cm bei einem Gewicht von 1.800 Gramm im Packsack komprimieren &#8211; Schlafs\u00e4cke f\u00fcr maximale Platzersparnis!<\/p>\n","protected":false},"featured_media":13689,"comment_status":"open","ping_status":"closed","template":"","meta":{"_acf_changed":false},"product_brand":[],"product_cat":[270,268],"product_tag":[],"class_list":{"0":"post-13688","1":"product","2":"type-product","3":"status-publish","4":"has-post-thumbnail","6":"product_cat-schlafsacke","7":"product_cat-unterschlupf","9":"first","10":"instock","11":"sale","12":"shipping-taxable","13":"product-type-external"},"acf":[],"yoast_head":"<!-- This site is optimized with the Yoast SEO plugin v27.3 - https:\/\/yoast.com\/product\/yoast-seo-wordpress\/ -->\n<title>NORDMUT Schlafsack Winter -10 bis 0 Grad komprimierbar - Winterschlafsack Outdoor f\u00fcr Trekking &amp; Camping 1.800 g - Mumienschlafsack wasserabweisend 350 GSM - Notfallvorsorge - Krisenvorsorge<\/title>\n<meta name=\"robots\" content=\"index, follow, max-snippet:-1, max-image-preview:large, max-video-preview:-1\" \/>\n<link rel=\"canonical\" href=\"https:\/\/www.ralti.de\/?product=nordmut-schlafsack-winter-10-bis-0-grad-komprimierbar-winterschlafsack-outdoor-fur-trekking-camping-1-800-g-mumienschlafsack-wasserabweisend-350-gsm\" \/>\n<meta property=\"og:locale\" content=\"de_DE\" \/>\n<meta property=\"og:type\" content=\"article\" \/>\n<meta property=\"og:title\" content=\"NORDMUT Schlafsack Winter -10 bis 0 Grad komprimierbar - Winterschlafsack Outdoor f\u00fcr Trekking &amp; Camping 1.800 g - Mumienschlafsack wasserabweisend 350 GSM - Notfallvorsorge - Krisenvorsorge\" \/>\n<meta property=\"og:description\" content=\"\u2744\ufe0f \ud835\udde5\ud835\udde2\ud835\uddd5\ud835\udde8\ud835\udde6\ud835\udde7 - Das hochwertige Material vom Schlafsack Erwachsene ist sehr atmungsaktiv, strapazierf\u00e4hig und wasserabweisend, sodass maximaler Komfort und lange Freude am Outdoor Schlafsack garantiert sind \u2013 ideal f\u00fcr Wintercamping und Outdoor-Abenteuer. \u2744\ufe0f \ud835\uddea\ud835\uddd4\ud835\uddd8\ud835\udde5\ud835\udde0\ud835\uddd8\ud835\udde6\ud835\uddd6\ud835\udddb\ud835\udde8\ud835\udde7\ud835\udded - Das innovative Design und das hochwertige 400T Polyester machen den Camping Schlafsack angenehm weich auf der Haut. Die Effiziente Kunstfaserf\u00fcllung h\u00e4lt auch bei Frost angenehm warm; getestet f\u00fcr Komfort bei Temperaturen bis \u201310\u00b0C. \u2744\ufe0f \ud835\uddde\ud835\udde2\ud835\udde0\ud835\udde3\ud835\uddd4\ud835\uddde\ud835\udde7 - Der Mumienschlafsack l\u00e4sst sich trotz einer gro\u00dfz\u00fcgigen Liegefl\u00e4che von 216 x 80 cm auf erstaunliche 30 x 40 cm bei einem Gewicht von 1.800 Gramm im Packsack komprimieren - Schlafs\u00e4cke f\u00fcr maximale Platzersparnis!\" \/>\n<meta property=\"og:url\" content=\"https:\/\/www.ralti.de\/?product=nordmut-schlafsack-winter-10-bis-0-grad-komprimierbar-winterschlafsack-outdoor-fur-trekking-camping-1-800-g-mumienschlafsack-wasserabweisend-350-gsm\" \/>\n<meta property=\"og:site_name\" content=\"Notfallvorsorge - Krisenvorsorge\" \/>\n<meta property=\"og:image\" content=\"https:\/\/m.media-amazon.com\/images\/I\/41F7n6i+SFL.jpg\" \/>\n\t<meta property=\"og:image:width\" content=\"500\" \/>\n\t<meta property=\"og:image:height\" content=\"500\" \/>\n\t<meta property=\"og:image:type\" content=\"image\/jpeg\" \/>\n<meta name=\"twitter:card\" content=\"summary_large_image\" \/>\n<meta name=\"twitter:label1\" content=\"Gesch\u00e4tzte Lesezeit\" \/>\n\t<meta name=\"twitter:data1\" content=\"2\u00a0Minuten\" \/>\n<script type=\"application\/ld+json\" class=\"yoast-schema-graph\">{\"@context\":\"https:\\\/\\\/schema.org\",\"@graph\":[{\"@type\":\"WebPage\",\"@id\":\"https:\\\/\\\/www.ralti.de\\\/?product=nordmut-schlafsack-winter-10-bis-0-grad-komprimierbar-winterschlafsack-outdoor-fur-trekking-camping-1-800-g-mumienschlafsack-wasserabweisend-350-gsm\",\"url\":\"https:\\\/\\\/www.ralti.de\\\/?product=nordmut-schlafsack-winter-10-bis-0-grad-komprimierbar-winterschlafsack-outdoor-fur-trekking-camping-1-800-g-mumienschlafsack-wasserabweisend-350-gsm\",\"name\":\"NORDMUT Schlafsack Winter -10 bis 0 Grad komprimierbar - Winterschlafsack Outdoor f\u00fcr Trekking & Camping 1.800 g - Mumienschlafsack wasserabweisend 350 GSM - Notfallvorsorge - Krisenvorsorge\",\"isPartOf\":{\"@id\":\"https:\\\/\\\/www.ralti.de\\\/#website\"},\"primaryImageOfPage\":{\"@id\":\"https:\\\/\\\/www.ralti.de\\\/?product=nordmut-schlafsack-winter-10-bis-0-grad-komprimierbar-winterschlafsack-outdoor-fur-trekking-camping-1-800-g-mumienschlafsack-wasserabweisend-350-gsm#primaryimage\"},\"image\":{\"@id\":\"https:\\\/\\\/www.ralti.de\\\/?product=nordmut-schlafsack-winter-10-bis-0-grad-komprimierbar-winterschlafsack-outdoor-fur-trekking-camping-1-800-g-mumienschlafsack-wasserabweisend-350-gsm#primaryimage\"},\"thumbnailUrl\":\"https:\\\/\\\/m.media-amazon.com\\\/images\\\/I\\\/41F7n6i+SFL.jpg\",\"datePublished\":\"2025-11-25T12:13:31+00:00\",\"breadcrumb\":{\"@id\":\"https:\\\/\\\/www.ralti.de\\\/?product=nordmut-schlafsack-winter-10-bis-0-grad-komprimierbar-winterschlafsack-outdoor-fur-trekking-camping-1-800-g-mumienschlafsack-wasserabweisend-350-gsm#breadcrumb\"},\"inLanguage\":\"de\",\"potentialAction\":[{\"@type\":\"ReadAction\",\"target\":[\"https:\\\/\\\/www.ralti.de\\\/?product=nordmut-schlafsack-winter-10-bis-0-grad-komprimierbar-winterschlafsack-outdoor-fur-trekking-camping-1-800-g-mumienschlafsack-wasserabweisend-350-gsm\"]}]},{\"@type\":\"ImageObject\",\"inLanguage\":\"de\",\"@id\":\"https:\\\/\\\/www.ralti.de\\\/?product=nordmut-schlafsack-winter-10-bis-0-grad-komprimierbar-winterschlafsack-outdoor-fur-trekking-camping-1-800-g-mumienschlafsack-wasserabweisend-350-gsm#primaryimage\",\"url\":\"https:\\\/\\\/m.media-amazon.com\\\/images\\\/I\\\/41F7n6i+SFL.jpg\",\"contentUrl\":\"https:\\\/\\\/m.media-amazon.com\\\/images\\\/I\\\/41F7n6i+SFL.jpg\",\"width\":500,\"height\":500},{\"@type\":\"BreadcrumbList\",\"@id\":\"https:\\\/\\\/www.ralti.de\\\/?product=nordmut-schlafsack-winter-10-bis-0-grad-komprimierbar-winterschlafsack-outdoor-fur-trekking-camping-1-800-g-mumienschlafsack-wasserabweisend-350-gsm#breadcrumb\",\"itemListElement\":[{\"@type\":\"ListItem\",\"position\":1,\"name\":\"Start\",\"item\":\"https:\\\/\\\/www.ralti.de\\\/\"},{\"@type\":\"ListItem\",\"position\":2,\"name\":\"Notfallartikel\",\"item\":\"https:\\\/\\\/www.ralti.de\\\/?page_id=14189\"},{\"@type\":\"ListItem\",\"position\":3,\"name\":\"NORDMUT Schlafsack Winter -10 bis 0 Grad komprimierbar &#8211; Winterschlafsack Outdoor f\u00fcr Trekking &#038; Camping 1.800 g &#8211; Mumienschlafsack wasserabweisend 350 GSM\"}]},{\"@type\":\"WebSite\",\"@id\":\"https:\\\/\\\/www.ralti.de\\\/#website\",\"url\":\"https:\\\/\\\/www.ralti.de\\\/\",\"name\":\"Ralti.de\",\"description\":\"Hier viele gute Angebote\",\"publisher\":{\"@id\":\"https:\\\/\\\/www.ralti.de\\\/#organization\"},\"potentialAction\":[{\"@type\":\"SearchAction\",\"target\":{\"@type\":\"EntryPoint\",\"urlTemplate\":\"https:\\\/\\\/www.ralti.de\\\/?s={search_term_string}\"},\"query-input\":{\"@type\":\"PropertyValueSpecification\",\"valueRequired\":true,\"valueName\":\"search_term_string\"}}],\"inLanguage\":\"de\"},{\"@type\":\"Organization\",\"@id\":\"https:\\\/\\\/www.ralti.de\\\/#organization\",\"name\":\"Ralti.de\",\"url\":\"https:\\\/\\\/www.ralti.de\\\/\",\"logo\":{\"@type\":\"ImageObject\",\"inLanguage\":\"de\",\"@id\":\"https:\\\/\\\/www.ralti.de\\\/#\\\/schema\\\/logo\\\/image\\\/\",\"url\":\"https:\\\/\\\/www.ralti.de\\\/wp-content\\\/uploads\\\/2025\\\/11\\\/ralti.png\",\"contentUrl\":\"https:\\\/\\\/www.ralti.de\\\/wp-content\\\/uploads\\\/2025\\\/11\\\/ralti.png\",\"width\":240,\"height\":75,\"caption\":\"Ralti.de\"},\"image\":{\"@id\":\"https:\\\/\\\/www.ralti.de\\\/#\\\/schema\\\/logo\\\/image\\\/\"}}]}<\/script>\n<!-- \/ Yoast SEO plugin. -->","yoast_head_json":{"title":"NORDMUT Schlafsack Winter -10 bis 0 Grad komprimierbar - Winterschlafsack Outdoor f\u00fcr Trekking & Camping 1.800 g - Mumienschlafsack wasserabweisend 350 GSM - Notfallvorsorge - Krisenvorsorge","robots":{"index":"index","follow":"follow","max-snippet":"max-snippet:-1","max-image-preview":"max-image-preview:large","max-video-preview":"max-video-preview:-1"},"canonical":"https:\/\/www.ralti.de\/?product=nordmut-schlafsack-winter-10-bis-0-grad-komprimierbar-winterschlafsack-outdoor-fur-trekking-camping-1-800-g-mumienschlafsack-wasserabweisend-350-gsm","og_locale":"de_DE","og_type":"article","og_title":"NORDMUT Schlafsack Winter -10 bis 0 Grad komprimierbar - Winterschlafsack Outdoor f\u00fcr Trekking & Camping 1.800 g - Mumienschlafsack wasserabweisend 350 GSM - Notfallvorsorge - Krisenvorsorge","og_description":"\u2744\ufe0f \ud835\udde5\ud835\udde2\ud835\uddd5\ud835\udde8\ud835\udde6\ud835\udde7 - Das hochwertige Material vom Schlafsack Erwachsene ist sehr atmungsaktiv, strapazierf\u00e4hig und wasserabweisend, sodass maximaler Komfort und lange Freude am Outdoor Schlafsack garantiert sind \u2013 ideal f\u00fcr Wintercamping und Outdoor-Abenteuer. \u2744\ufe0f \ud835\uddea\ud835\uddd4\ud835\uddd8\ud835\udde5\ud835\udde0\ud835\uddd8\ud835\udde6\ud835\uddd6\ud835\udddb\ud835\udde8\ud835\udde7\ud835\udded - Das innovative Design und das hochwertige 400T Polyester machen den Camping Schlafsack angenehm weich auf der Haut. Die Effiziente Kunstfaserf\u00fcllung h\u00e4lt auch bei Frost angenehm warm; getestet f\u00fcr Komfort bei Temperaturen bis \u201310\u00b0C. \u2744\ufe0f \ud835\uddde\ud835\udde2\ud835\udde0\ud835\udde3\ud835\uddd4\ud835\uddde\ud835\udde7 - Der Mumienschlafsack l\u00e4sst sich trotz einer gro\u00dfz\u00fcgigen Liegefl\u00e4che von 216 x 80 cm auf erstaunliche 30 x 40 cm bei einem Gewicht von 1.800 Gramm im Packsack komprimieren - Schlafs\u00e4cke f\u00fcr maximale Platzersparnis!","og_url":"https:\/\/www.ralti.de\/?product=nordmut-schlafsack-winter-10-bis-0-grad-komprimierbar-winterschlafsack-outdoor-fur-trekking-camping-1-800-g-mumienschlafsack-wasserabweisend-350-gsm","og_site_name":"Notfallvorsorge - Krisenvorsorge","og_image":[{"width":500,"height":500,"url":"https:\/\/m.media-amazon.com\/images\/I\/41F7n6i+SFL.jpg","type":"image\/jpeg"}],"twitter_card":"summary_large_image","twitter_misc":{"Gesch\u00e4tzte Lesezeit":"2\u00a0Minuten"},"schema":{"@context":"https:\/\/schema.org","@graph":[{"@type":"WebPage","@id":"https:\/\/www.ralti.de\/?product=nordmut-schlafsack-winter-10-bis-0-grad-komprimierbar-winterschlafsack-outdoor-fur-trekking-camping-1-800-g-mumienschlafsack-wasserabweisend-350-gsm","url":"https:\/\/www.ralti.de\/?product=nordmut-schlafsack-winter-10-bis-0-grad-komprimierbar-winterschlafsack-outdoor-fur-trekking-camping-1-800-g-mumienschlafsack-wasserabweisend-350-gsm","name":"NORDMUT Schlafsack Winter -10 bis 0 Grad komprimierbar - Winterschlafsack Outdoor f\u00fcr Trekking & Camping 1.800 g - Mumienschlafsack wasserabweisend 350 GSM - Notfallvorsorge - Krisenvorsorge","isPartOf":{"@id":"https:\/\/www.ralti.de\/#website"},"primaryImageOfPage":{"@id":"https:\/\/www.ralti.de\/?product=nordmut-schlafsack-winter-10-bis-0-grad-komprimierbar-winterschlafsack-outdoor-fur-trekking-camping-1-800-g-mumienschlafsack-wasserabweisend-350-gsm#primaryimage"},"image":{"@id":"https:\/\/www.ralti.de\/?product=nordmut-schlafsack-winter-10-bis-0-grad-komprimierbar-winterschlafsack-outdoor-fur-trekking-camping-1-800-g-mumienschlafsack-wasserabweisend-350-gsm#primaryimage"},"thumbnailUrl":"https:\/\/m.media-amazon.com\/images\/I\/41F7n6i+SFL.jpg","datePublished":"2025-11-25T12:13:31+00:00","breadcrumb":{"@id":"https:\/\/www.ralti.de\/?product=nordmut-schlafsack-winter-10-bis-0-grad-komprimierbar-winterschlafsack-outdoor-fur-trekking-camping-1-800-g-mumienschlafsack-wasserabweisend-350-gsm#breadcrumb"},"inLanguage":"de","potentialAction":[{"@type":"ReadAction","target":["https:\/\/www.ralti.de\/?product=nordmut-schlafsack-winter-10-bis-0-grad-komprimierbar-winterschlafsack-outdoor-fur-trekking-camping-1-800-g-mumienschlafsack-wasserabweisend-350-gsm"]}]},{"@type":"ImageObject","inLanguage":"de","@id":"https:\/\/www.ralti.de\/?product=nordmut-schlafsack-winter-10-bis-0-grad-komprimierbar-winterschlafsack-outdoor-fur-trekking-camping-1-800-g-mumienschlafsack-wasserabweisend-350-gsm#primaryimage","url":"https:\/\/m.media-amazon.com\/images\/I\/41F7n6i+SFL.jpg","contentUrl":"https:\/\/m.media-amazon.com\/images\/I\/41F7n6i+SFL.jpg","width":500,"height":500},{"@type":"BreadcrumbList","@id":"https:\/\/www.ralti.de\/?product=nordmut-schlafsack-winter-10-bis-0-grad-komprimierbar-winterschlafsack-outdoor-fur-trekking-camping-1-800-g-mumienschlafsack-wasserabweisend-350-gsm#breadcrumb","itemListElement":[{"@type":"ListItem","position":1,"name":"Start","item":"https:\/\/www.ralti.de\/"},{"@type":"ListItem","position":2,"name":"Notfallartikel","item":"https:\/\/www.ralti.de\/?page_id=14189"},{"@type":"ListItem","position":3,"name":"NORDMUT Schlafsack Winter -10 bis 0 Grad komprimierbar &#8211; Winterschlafsack Outdoor f\u00fcr Trekking &#038; Camping 1.800 g &#8211; Mumienschlafsack wasserabweisend 350 GSM"}]},{"@type":"WebSite","@id":"https:\/\/www.ralti.de\/#website","url":"https:\/\/www.ralti.de\/","name":"Ralti.de","description":"Hier viele gute Angebote","publisher":{"@id":"https:\/\/www.ralti.de\/#organization"},"potentialAction":[{"@type":"SearchAction","target":{"@type":"EntryPoint","urlTemplate":"https:\/\/www.ralti.de\/?s={search_term_string}"},"query-input":{"@type":"PropertyValueSpecification","valueRequired":true,"valueName":"search_term_string"}}],"inLanguage":"de"},{"@type":"Organization","@id":"https:\/\/www.ralti.de\/#organization","name":"Ralti.de","url":"https:\/\/www.ralti.de\/","logo":{"@type":"ImageObject","inLanguage":"de","@id":"https:\/\/www.ralti.de\/#\/schema\/logo\/image\/","url":"https:\/\/www.ralti.de\/wp-content\/uploads\/2025\/11\/ralti.png","contentUrl":"https:\/\/www.ralti.de\/wp-content\/uploads\/2025\/11\/ralti.png","width":240,"height":75,"caption":"Ralti.de"},"image":{"@id":"https:\/\/www.ralti.de\/#\/schema\/logo\/image\/"}}]}},"_links":{"self":[{"href":"https:\/\/www.ralti.de\/index.php?rest_route=\/wp\/v2\/product\/13688","targetHints":{"allow":["GET"]}}],"collection":[{"href":"https:\/\/www.ralti.de\/index.php?rest_route=\/wp\/v2\/product"}],"about":[{"href":"https:\/\/www.ralti.de\/index.php?rest_route=\/wp\/v2\/types\/product"}],"replies":[{"embeddable":true,"href":"https:\/\/www.ralti.de\/index.php?rest_route=%2Fwp%2Fv2%2Fcomments&post=13688"}],"wp:featuredmedia":[{"embeddable":true,"href":"https:\/\/www.ralti.de\/index.php?rest_route=\/wp\/v2\/media\/13689"}],"wp:attachment":[{"href":"https:\/\/www.ralti.de\/index.php?rest_route=%2Fwp%2Fv2%2Fmedia&parent=13688"}],"wp:term":[{"taxonomy":"product_brand","embeddable":true,"href":"https:\/\/www.ralti.de\/index.php?rest_route=%2Fwp%2Fv2%2Fproduct_brand&post=13688"},{"taxonomy":"product_cat","embeddable":true,"href":"https:\/\/www.ralti.de\/index.php?rest_route=%2Fwp%2Fv2%2Fproduct_cat&post=13688"},{"taxonomy":"product_tag","embeddable":true,"href":"https:\/\/www.ralti.de\/index.php?rest_route=%2Fwp%2Fv2%2Fproduct_tag&post=13688"}],"curies":[{"name":"wp","href":"https:\/\/api.w.org\/{rel}","templated":true}]}}