{"id":13813,"date":"2025-11-25T12:16:03","date_gmt":"2025-11-25T12:16:03","guid":{"rendered":"https:\/\/www.ralti.de\/shop-2\/uncategorized\/your-gear-zelt-bora-tunnelzelt-fur-4-oder-5-personen-uv-50-familienzelt-dunkle-schlafkabine-groser-wohnraum-und-fenster-wasserdichtes-campingzelt-5000-mm-stehhohe-vordach-breite-eingange\/"},"modified":"2025-11-25T12:16:03","modified_gmt":"2025-11-25T12:16:03","slug":"your-gear-zelt-bora-tunnelzelt-fur-4-oder-5-personen-uv-50-familienzelt-dunkle-schlafkabine-groser-wohnraum-und-fenster-wasserdichtes-campingzelt-5000-mm-stehhohe-vordach-breite-eingange","status":"publish","type":"product","link":"https:\/\/www.ralti.de\/?product=your-gear-zelt-bora-tunnelzelt-fur-4-oder-5-personen-uv-50-familienzelt-dunkle-schlafkabine-groser-wohnraum-und-fenster-wasserdichtes-campingzelt-5000-mm-stehhohe-vordach-breite-eingange","title":{"rendered":"your GEAR Zelt Bora &#8211; Tunnelzelt f\u00fcr 4 oder 5 Personen, UV 50+ Familienzelt, dunkle Schlafkabine, gro\u00dfer Wohnraum und Fenster, wasserdichtes Campingzelt (5000 mm), Stehh\u00f6he, Vordach, breite Eing\u00e4nge"},"content":{"rendered":"<p>Ger\u00e4umiger Wohnbereich: 4m\u00b2 gro\u00dfer Wohnraum f\u00fcr gesellige Stunden und komfortables Bewegen im Zelt. Perfekt f\u00fcr Familienabenteuer und Outdoor-Camping geeignet.<br \/>\nWitterungsbest\u00e4ndig &#038; UV-Schutz: Zeltgewebe mit 5000 mm Wassers\u00e4ule und Sonnenschutzfaktor 50+. Schnelltrocknend sowie wasser- und schmutzabweisend impr\u00e4gniert.<br \/>\nEffiziente Bel\u00fcftung: Dunkle 4er Schlafkabine mit blickdicht verschlie\u00dfbaren Mesh-Fenstern und gegen Insekten gesch\u00fctztem Eingang f\u00fcr angenehme N\u00e4chte.<br \/>\nBenutzerfreundliches Design: Hauszelt mit 2 T\u00fcren, Vorbau und Stehh\u00f6he. Die steilen Seitenw\u00e4nde sorgen f\u00fcr mehr Raumh\u00f6he und die Fenster f\u00fcr viel Tageslicht.<br \/>\nEinfache Handhabung: Komplettausstattung mit Zelt, Kabine, Gest\u00e4nge, Heringe und Abspannleinen. Ma\u00dfe: 410x250cm, H\u00f6he: 190cm. Praktische Packtasche 28x28x63cm.<br \/>\n<div class=\"main-cross-sell\" data-asin=\"B086H976JG\">\n\n\t<div class=\"WooZone-cross-sell-loader\">\n\t\t<div>\n\t\t\t<div id=\"floatingBarsG\">\n\t\t\t\t<div class=\"blockG\" id=\"rotateG_01\"><\/div>\n\t\t\t\t<div class=\"blockG\" id=\"rotateG_02\"><\/div>\n\t\t\t\t<div class=\"blockG\" id=\"rotateG_03\"><\/div>\n\t\t\t\t<div class=\"blockG\" id=\"rotateG_04\"><\/div>\n\t\t\t\t<div class=\"blockG\" id=\"rotateG_05\"><\/div>\n\t\t\t\t<div class=\"blockG\" id=\"rotateG_06\"><\/div>\n\t\t\t\t<div class=\"blockG\" id=\"rotateG_07\"><\/div>\n\t\t\t\t<div class=\"blockG\" id=\"rotateG_08\"><\/div>\n\t\t\t<\/div>\n\t\t\t<div class=\"WooZone-cross-sell-loader-text\"><\/div>\n\t\t<\/div>\n\t<\/div>\n\n\t\t\n<\/div>\n<div style=\"clear:both;\"><\/div>\n","protected":false},"excerpt":{"rendered":"<p>Ger\u00e4umiger Wohnbereich: 4m\u00b2 gro\u00dfer Wohnraum f\u00fcr gesellige Stunden und komfortables Bewegen im Zelt. Perfekt f\u00fcr Familienabenteuer und Outdoor-Camping geeignet.<br \/>\nWitterungsbest\u00e4ndig &#038; UV-Schutz: Zeltgewebe mit 5000 mm Wassers\u00e4ule und Sonnenschutzfaktor 50+. Schnelltrocknend sowie wasser- und schmutzabweisend impr\u00e4gniert.<br \/>\nEffiziente Bel\u00fcftung: Dunkle 4er Schlafkabine mit blickdicht verschlie\u00dfbaren Mesh-Fenstern und gegen Insekten gesch\u00fctztem Eingang f\u00fcr angenehme N\u00e4chte.<\/p>\n","protected":false},"featured_media":13814,"comment_status":"open","ping_status":"closed","template":"","meta":{"_acf_changed":false},"product_brand":[],"product_cat":[268,269],"product_tag":[],"class_list":{"0":"post-13813","1":"product","2":"type-product","3":"status-publish","4":"has-post-thumbnail","6":"product_cat-unterschlupf","7":"product_cat-zelte","9":"first","10":"instock","11":"shipping-taxable","12":"product-type-external"},"acf":[],"yoast_head":"<!-- This site is optimized with the Yoast SEO plugin v27.3 - https:\/\/yoast.com\/product\/yoast-seo-wordpress\/ -->\n<title>your GEAR Zelt Bora - Tunnelzelt f\u00fcr 4 oder 5 Personen, UV 50+ Familienzelt, dunkle Schlafkabine, gro\u00dfer Wohnraum und Fenster, wasserdichtes Campingzelt (5000 mm), Stehh\u00f6he, Vordach, breite Eing\u00e4nge - Notfallvorsorge - Krisenvorsorge<\/title>\n<meta name=\"robots\" content=\"index, follow, max-snippet:-1, max-image-preview:large, max-video-preview:-1\" \/>\n<link rel=\"canonical\" href=\"https:\/\/www.ralti.de\/?product=your-gear-zelt-bora-tunnelzelt-fur-4-oder-5-personen-uv-50-familienzelt-dunkle-schlafkabine-groser-wohnraum-und-fenster-wasserdichtes-campingzelt-5000-mm-stehhohe-vordach-breite-eingange\" \/>\n<meta property=\"og:locale\" content=\"de_DE\" \/>\n<meta property=\"og:type\" content=\"article\" \/>\n<meta property=\"og:title\" content=\"your GEAR Zelt Bora - Tunnelzelt f\u00fcr 4 oder 5 Personen, UV 50+ Familienzelt, dunkle Schlafkabine, gro\u00dfer Wohnraum und Fenster, wasserdichtes Campingzelt (5000 mm), Stehh\u00f6he, Vordach, breite Eing\u00e4nge - Notfallvorsorge - Krisenvorsorge\" \/>\n<meta property=\"og:description\" content=\"Ger\u00e4umiger Wohnbereich: 4m\u00b2 gro\u00dfer Wohnraum f\u00fcr gesellige Stunden und komfortables Bewegen im Zelt. Perfekt f\u00fcr Familienabenteuer und Outdoor-Camping geeignet. Witterungsbest\u00e4ndig &amp; UV-Schutz: Zeltgewebe mit 5000 mm Wassers\u00e4ule und Sonnenschutzfaktor 50+. Schnelltrocknend sowie wasser- und schmutzabweisend impr\u00e4gniert. Effiziente Bel\u00fcftung: Dunkle 4er Schlafkabine mit blickdicht verschlie\u00dfbaren Mesh-Fenstern und gegen Insekten gesch\u00fctztem Eingang f\u00fcr angenehme N\u00e4chte.\" \/>\n<meta property=\"og:url\" content=\"https:\/\/www.ralti.de\/?product=your-gear-zelt-bora-tunnelzelt-fur-4-oder-5-personen-uv-50-familienzelt-dunkle-schlafkabine-groser-wohnraum-und-fenster-wasserdichtes-campingzelt-5000-mm-stehhohe-vordach-breite-eingange\" \/>\n<meta property=\"og:site_name\" content=\"Notfallvorsorge - Krisenvorsorge\" \/>\n<meta property=\"og:image\" content=\"https:\/\/m.media-amazon.com\/images\/I\/41jp4WCwTKL.jpg\" \/>\n\t<meta property=\"og:image:width\" content=\"500\" \/>\n\t<meta property=\"og:image:height\" content=\"500\" \/>\n\t<meta property=\"og:image:type\" content=\"image\/jpeg\" \/>\n<meta name=\"twitter:card\" content=\"summary_large_image\" \/>\n<meta name=\"twitter:label1\" content=\"Gesch\u00e4tzte Lesezeit\" \/>\n\t<meta name=\"twitter:data1\" content=\"1\u00a0Minute\" \/>\n<script type=\"application\/ld+json\" class=\"yoast-schema-graph\">{\"@context\":\"https:\\\/\\\/schema.org\",\"@graph\":[{\"@type\":\"WebPage\",\"@id\":\"https:\\\/\\\/www.ralti.de\\\/?product=your-gear-zelt-bora-tunnelzelt-fur-4-oder-5-personen-uv-50-familienzelt-dunkle-schlafkabine-groser-wohnraum-und-fenster-wasserdichtes-campingzelt-5000-mm-stehhohe-vordach-breite-eingange\",\"url\":\"https:\\\/\\\/www.ralti.de\\\/?product=your-gear-zelt-bora-tunnelzelt-fur-4-oder-5-personen-uv-50-familienzelt-dunkle-schlafkabine-groser-wohnraum-und-fenster-wasserdichtes-campingzelt-5000-mm-stehhohe-vordach-breite-eingange\",\"name\":\"your GEAR Zelt Bora - Tunnelzelt f\u00fcr 4 oder 5 Personen, UV 50+ Familienzelt, dunkle Schlafkabine, gro\u00dfer Wohnraum und Fenster, wasserdichtes Campingzelt (5000 mm), Stehh\u00f6he, Vordach, breite Eing\u00e4nge - Notfallvorsorge - Krisenvorsorge\",\"isPartOf\":{\"@id\":\"https:\\\/\\\/www.ralti.de\\\/#website\"},\"primaryImageOfPage\":{\"@id\":\"https:\\\/\\\/www.ralti.de\\\/?product=your-gear-zelt-bora-tunnelzelt-fur-4-oder-5-personen-uv-50-familienzelt-dunkle-schlafkabine-groser-wohnraum-und-fenster-wasserdichtes-campingzelt-5000-mm-stehhohe-vordach-breite-eingange#primaryimage\"},\"image\":{\"@id\":\"https:\\\/\\\/www.ralti.de\\\/?product=your-gear-zelt-bora-tunnelzelt-fur-4-oder-5-personen-uv-50-familienzelt-dunkle-schlafkabine-groser-wohnraum-und-fenster-wasserdichtes-campingzelt-5000-mm-stehhohe-vordach-breite-eingange#primaryimage\"},\"thumbnailUrl\":\"https:\\\/\\\/m.media-amazon.com\\\/images\\\/I\\\/41jp4WCwTKL.jpg\",\"datePublished\":\"2025-11-25T12:16:03+00:00\",\"breadcrumb\":{\"@id\":\"https:\\\/\\\/www.ralti.de\\\/?product=your-gear-zelt-bora-tunnelzelt-fur-4-oder-5-personen-uv-50-familienzelt-dunkle-schlafkabine-groser-wohnraum-und-fenster-wasserdichtes-campingzelt-5000-mm-stehhohe-vordach-breite-eingange#breadcrumb\"},\"inLanguage\":\"de\",\"potentialAction\":[{\"@type\":\"ReadAction\",\"target\":[\"https:\\\/\\\/www.ralti.de\\\/?product=your-gear-zelt-bora-tunnelzelt-fur-4-oder-5-personen-uv-50-familienzelt-dunkle-schlafkabine-groser-wohnraum-und-fenster-wasserdichtes-campingzelt-5000-mm-stehhohe-vordach-breite-eingange\"]}]},{\"@type\":\"ImageObject\",\"inLanguage\":\"de\",\"@id\":\"https:\\\/\\\/www.ralti.de\\\/?product=your-gear-zelt-bora-tunnelzelt-fur-4-oder-5-personen-uv-50-familienzelt-dunkle-schlafkabine-groser-wohnraum-und-fenster-wasserdichtes-campingzelt-5000-mm-stehhohe-vordach-breite-eingange#primaryimage\",\"url\":\"https:\\\/\\\/m.media-amazon.com\\\/images\\\/I\\\/41jp4WCwTKL.jpg\",\"contentUrl\":\"https:\\\/\\\/m.media-amazon.com\\\/images\\\/I\\\/41jp4WCwTKL.jpg\",\"width\":500,\"height\":500},{\"@type\":\"BreadcrumbList\",\"@id\":\"https:\\\/\\\/www.ralti.de\\\/?product=your-gear-zelt-bora-tunnelzelt-fur-4-oder-5-personen-uv-50-familienzelt-dunkle-schlafkabine-groser-wohnraum-und-fenster-wasserdichtes-campingzelt-5000-mm-stehhohe-vordach-breite-eingange#breadcrumb\",\"itemListElement\":[{\"@type\":\"ListItem\",\"position\":1,\"name\":\"Start\",\"item\":\"https:\\\/\\\/www.ralti.de\\\/\"},{\"@type\":\"ListItem\",\"position\":2,\"name\":\"Notfallartikel\",\"item\":\"https:\\\/\\\/www.ralti.de\\\/?page_id=14189\"},{\"@type\":\"ListItem\",\"position\":3,\"name\":\"your GEAR Zelt Bora &#8211; Tunnelzelt f\u00fcr 4 oder 5 Personen, UV 50+ Familienzelt, dunkle Schlafkabine, gro\u00dfer Wohnraum und Fenster, wasserdichtes Campingzelt (5000 mm), Stehh\u00f6he, Vordach, breite Eing\u00e4nge\"}]},{\"@type\":\"WebSite\",\"@id\":\"https:\\\/\\\/www.ralti.de\\\/#website\",\"url\":\"https:\\\/\\\/www.ralti.de\\\/\",\"name\":\"Ralti.de\",\"description\":\"Hier viele gute Angebote\",\"publisher\":{\"@id\":\"https:\\\/\\\/www.ralti.de\\\/#organization\"},\"potentialAction\":[{\"@type\":\"SearchAction\",\"target\":{\"@type\":\"EntryPoint\",\"urlTemplate\":\"https:\\\/\\\/www.ralti.de\\\/?s={search_term_string}\"},\"query-input\":{\"@type\":\"PropertyValueSpecification\",\"valueRequired\":true,\"valueName\":\"search_term_string\"}}],\"inLanguage\":\"de\"},{\"@type\":\"Organization\",\"@id\":\"https:\\\/\\\/www.ralti.de\\\/#organization\",\"name\":\"Ralti.de\",\"url\":\"https:\\\/\\\/www.ralti.de\\\/\",\"logo\":{\"@type\":\"ImageObject\",\"inLanguage\":\"de\",\"@id\":\"https:\\\/\\\/www.ralti.de\\\/#\\\/schema\\\/logo\\\/image\\\/\",\"url\":\"https:\\\/\\\/www.ralti.de\\\/wp-content\\\/uploads\\\/2025\\\/11\\\/ralti.png\",\"contentUrl\":\"https:\\\/\\\/www.ralti.de\\\/wp-content\\\/uploads\\\/2025\\\/11\\\/ralti.png\",\"width\":240,\"height\":75,\"caption\":\"Ralti.de\"},\"image\":{\"@id\":\"https:\\\/\\\/www.ralti.de\\\/#\\\/schema\\\/logo\\\/image\\\/\"}}]}<\/script>\n<!-- \/ Yoast SEO plugin. -->","yoast_head_json":{"title":"your GEAR Zelt Bora - Tunnelzelt f\u00fcr 4 oder 5 Personen, UV 50+ Familienzelt, dunkle Schlafkabine, gro\u00dfer Wohnraum und Fenster, wasserdichtes Campingzelt (5000 mm), Stehh\u00f6he, Vordach, breite Eing\u00e4nge - Notfallvorsorge - Krisenvorsorge","robots":{"index":"index","follow":"follow","max-snippet":"max-snippet:-1","max-image-preview":"max-image-preview:large","max-video-preview":"max-video-preview:-1"},"canonical":"https:\/\/www.ralti.de\/?product=your-gear-zelt-bora-tunnelzelt-fur-4-oder-5-personen-uv-50-familienzelt-dunkle-schlafkabine-groser-wohnraum-und-fenster-wasserdichtes-campingzelt-5000-mm-stehhohe-vordach-breite-eingange","og_locale":"de_DE","og_type":"article","og_title":"your GEAR Zelt Bora - Tunnelzelt f\u00fcr 4 oder 5 Personen, UV 50+ Familienzelt, dunkle Schlafkabine, gro\u00dfer Wohnraum und Fenster, wasserdichtes Campingzelt (5000 mm), Stehh\u00f6he, Vordach, breite Eing\u00e4nge - Notfallvorsorge - Krisenvorsorge","og_description":"Ger\u00e4umiger Wohnbereich: 4m\u00b2 gro\u00dfer Wohnraum f\u00fcr gesellige Stunden und komfortables Bewegen im Zelt. Perfekt f\u00fcr Familienabenteuer und Outdoor-Camping geeignet. Witterungsbest\u00e4ndig & UV-Schutz: Zeltgewebe mit 5000 mm Wassers\u00e4ule und Sonnenschutzfaktor 50+. Schnelltrocknend sowie wasser- und schmutzabweisend impr\u00e4gniert. Effiziente Bel\u00fcftung: Dunkle 4er Schlafkabine mit blickdicht verschlie\u00dfbaren Mesh-Fenstern und gegen Insekten gesch\u00fctztem Eingang f\u00fcr angenehme N\u00e4chte.","og_url":"https:\/\/www.ralti.de\/?product=your-gear-zelt-bora-tunnelzelt-fur-4-oder-5-personen-uv-50-familienzelt-dunkle-schlafkabine-groser-wohnraum-und-fenster-wasserdichtes-campingzelt-5000-mm-stehhohe-vordach-breite-eingange","og_site_name":"Notfallvorsorge - Krisenvorsorge","og_image":[{"width":500,"height":500,"url":"https:\/\/m.media-amazon.com\/images\/I\/41jp4WCwTKL.jpg","type":"image\/jpeg"}],"twitter_card":"summary_large_image","twitter_misc":{"Gesch\u00e4tzte Lesezeit":"1\u00a0Minute"},"schema":{"@context":"https:\/\/schema.org","@graph":[{"@type":"WebPage","@id":"https:\/\/www.ralti.de\/?product=your-gear-zelt-bora-tunnelzelt-fur-4-oder-5-personen-uv-50-familienzelt-dunkle-schlafkabine-groser-wohnraum-und-fenster-wasserdichtes-campingzelt-5000-mm-stehhohe-vordach-breite-eingange","url":"https:\/\/www.ralti.de\/?product=your-gear-zelt-bora-tunnelzelt-fur-4-oder-5-personen-uv-50-familienzelt-dunkle-schlafkabine-groser-wohnraum-und-fenster-wasserdichtes-campingzelt-5000-mm-stehhohe-vordach-breite-eingange","name":"your GEAR Zelt Bora - Tunnelzelt f\u00fcr 4 oder 5 Personen, UV 50+ Familienzelt, dunkle Schlafkabine, gro\u00dfer Wohnraum und Fenster, wasserdichtes Campingzelt (5000 mm), Stehh\u00f6he, Vordach, breite Eing\u00e4nge - Notfallvorsorge - Krisenvorsorge","isPartOf":{"@id":"https:\/\/www.ralti.de\/#website"},"primaryImageOfPage":{"@id":"https:\/\/www.ralti.de\/?product=your-gear-zelt-bora-tunnelzelt-fur-4-oder-5-personen-uv-50-familienzelt-dunkle-schlafkabine-groser-wohnraum-und-fenster-wasserdichtes-campingzelt-5000-mm-stehhohe-vordach-breite-eingange#primaryimage"},"image":{"@id":"https:\/\/www.ralti.de\/?product=your-gear-zelt-bora-tunnelzelt-fur-4-oder-5-personen-uv-50-familienzelt-dunkle-schlafkabine-groser-wohnraum-und-fenster-wasserdichtes-campingzelt-5000-mm-stehhohe-vordach-breite-eingange#primaryimage"},"thumbnailUrl":"https:\/\/m.media-amazon.com\/images\/I\/41jp4WCwTKL.jpg","datePublished":"2025-11-25T12:16:03+00:00","breadcrumb":{"@id":"https:\/\/www.ralti.de\/?product=your-gear-zelt-bora-tunnelzelt-fur-4-oder-5-personen-uv-50-familienzelt-dunkle-schlafkabine-groser-wohnraum-und-fenster-wasserdichtes-campingzelt-5000-mm-stehhohe-vordach-breite-eingange#breadcrumb"},"inLanguage":"de","potentialAction":[{"@type":"ReadAction","target":["https:\/\/www.ralti.de\/?product=your-gear-zelt-bora-tunnelzelt-fur-4-oder-5-personen-uv-50-familienzelt-dunkle-schlafkabine-groser-wohnraum-und-fenster-wasserdichtes-campingzelt-5000-mm-stehhohe-vordach-breite-eingange"]}]},{"@type":"ImageObject","inLanguage":"de","@id":"https:\/\/www.ralti.de\/?product=your-gear-zelt-bora-tunnelzelt-fur-4-oder-5-personen-uv-50-familienzelt-dunkle-schlafkabine-groser-wohnraum-und-fenster-wasserdichtes-campingzelt-5000-mm-stehhohe-vordach-breite-eingange#primaryimage","url":"https:\/\/m.media-amazon.com\/images\/I\/41jp4WCwTKL.jpg","contentUrl":"https:\/\/m.media-amazon.com\/images\/I\/41jp4WCwTKL.jpg","width":500,"height":500},{"@type":"BreadcrumbList","@id":"https:\/\/www.ralti.de\/?product=your-gear-zelt-bora-tunnelzelt-fur-4-oder-5-personen-uv-50-familienzelt-dunkle-schlafkabine-groser-wohnraum-und-fenster-wasserdichtes-campingzelt-5000-mm-stehhohe-vordach-breite-eingange#breadcrumb","itemListElement":[{"@type":"ListItem","position":1,"name":"Start","item":"https:\/\/www.ralti.de\/"},{"@type":"ListItem","position":2,"name":"Notfallartikel","item":"https:\/\/www.ralti.de\/?page_id=14189"},{"@type":"ListItem","position":3,"name":"your GEAR Zelt Bora &#8211; Tunnelzelt f\u00fcr 4 oder 5 Personen, UV 50+ Familienzelt, dunkle Schlafkabine, gro\u00dfer Wohnraum und Fenster, wasserdichtes Campingzelt (5000 mm), Stehh\u00f6he, Vordach, breite Eing\u00e4nge"}]},{"@type":"WebSite","@id":"https:\/\/www.ralti.de\/#website","url":"https:\/\/www.ralti.de\/","name":"Ralti.de","description":"Hier viele gute Angebote","publisher":{"@id":"https:\/\/www.ralti.de\/#organization"},"potentialAction":[{"@type":"SearchAction","target":{"@type":"EntryPoint","urlTemplate":"https:\/\/www.ralti.de\/?s={search_term_string}"},"query-input":{"@type":"PropertyValueSpecification","valueRequired":true,"valueName":"search_term_string"}}],"inLanguage":"de"},{"@type":"Organization","@id":"https:\/\/www.ralti.de\/#organization","name":"Ralti.de","url":"https:\/\/www.ralti.de\/","logo":{"@type":"ImageObject","inLanguage":"de","@id":"https:\/\/www.ralti.de\/#\/schema\/logo\/image\/","url":"https:\/\/www.ralti.de\/wp-content\/uploads\/2025\/11\/ralti.png","contentUrl":"https:\/\/www.ralti.de\/wp-content\/uploads\/2025\/11\/ralti.png","width":240,"height":75,"caption":"Ralti.de"},"image":{"@id":"https:\/\/www.ralti.de\/#\/schema\/logo\/image\/"}}]}},"_links":{"self":[{"href":"https:\/\/www.ralti.de\/index.php?rest_route=\/wp\/v2\/product\/13813","targetHints":{"allow":["GET"]}}],"collection":[{"href":"https:\/\/www.ralti.de\/index.php?rest_route=\/wp\/v2\/product"}],"about":[{"href":"https:\/\/www.ralti.de\/index.php?rest_route=\/wp\/v2\/types\/product"}],"replies":[{"embeddable":true,"href":"https:\/\/www.ralti.de\/index.php?rest_route=%2Fwp%2Fv2%2Fcomments&post=13813"}],"wp:featuredmedia":[{"embeddable":true,"href":"https:\/\/www.ralti.de\/index.php?rest_route=\/wp\/v2\/media\/13814"}],"wp:attachment":[{"href":"https:\/\/www.ralti.de\/index.php?rest_route=%2Fwp%2Fv2%2Fmedia&parent=13813"}],"wp:term":[{"taxonomy":"product_brand","embeddable":true,"href":"https:\/\/www.ralti.de\/index.php?rest_route=%2Fwp%2Fv2%2Fproduct_brand&post=13813"},{"taxonomy":"product_cat","embeddable":true,"href":"https:\/\/www.ralti.de\/index.php?rest_route=%2Fwp%2Fv2%2Fproduct_cat&post=13813"},{"taxonomy":"product_tag","embeddable":true,"href":"https:\/\/www.ralti.de\/index.php?rest_route=%2Fwp%2Fv2%2Fproduct_tag&post=13813"}],"curies":[{"name":"wp","href":"https:\/\/api.w.org\/{rel}","templated":true}]}}