{"id":13819,"date":"2025-11-25T12:16:04","date_gmt":"2025-11-25T12:16:04","guid":{"rendered":"https:\/\/www.ralti.de\/shop-2\/uncategorized\/mekkapro-notfallzelt-mit-signalpfeife-survival-ausrustung-fur-2-personen-wasserdichtes-notzelt-set\/"},"modified":"2025-11-25T12:16:04","modified_gmt":"2025-11-25T12:16:04","slug":"mekkapro-notfallzelt-mit-signalpfeife-survival-ausrustung-fur-2-personen-wasserdichtes-notzelt-set","status":"publish","type":"product","link":"https:\/\/www.ralti.de\/?product=mekkapro-notfallzelt-mit-signalpfeife-survival-ausrustung-fur-2-personen-wasserdichtes-notzelt-set","title":{"rendered":"MEKKAPRO Notfallzelt mit Signalpfeife &#8211; Survival Ausr\u00fcstung f\u00fcr 2 Personen &#8211; Wasserdichtes Notzelt Set"},"content":{"rendered":"<p><!-- show up to 2 reviews by default --> <\/p>\n<p> <span>&#8220;Bereiten Sie sich vor und bleiben Sie bereit. Dieses mit W\u00e4rme ausgestattete Notfallzelt wurde entwickelt, um Sie in jeder Notsituation vorbereitet und sicher zu halten. Seine leuchtend orange reflektierende Beschichtung ist leicht zu sehen und zu finden. Halten Sie dank der Innenisolierung 90 % Ihrer K\u00f6rperw\u00e4rme zur\u00fcck. Das Zelt ideal f\u00fcr das Handschuhfach Ihres Autos, Ihren Rucksack und in Ihr Notfall-Survival-Kit. <\/p>\n<p> Dieses 2-Personen-Notfall-Schlauchzelt ist f\u00fcr jede Notsituation konzipiert und l\u00e4sst sich im Handumdrehen aufbauen. Es besteht aus extra dickem, rei\u00df- und durchstichfestem Mylar-Material und verf\u00fcgt \u00fcber ein internes Thermofutter, um bis zu 90% Ihrer K\u00f6rperw\u00e4rme zu speichern. Ein Survival-Zelt k\u00f6nnte dar\u00fcber entscheiden, ob Sie den Sturm \u00fcberleben oder nicht. <\/p>\n<p> Befolgen Sie zum Aufstellen die Anweisungen, die jedem Packsack beiliegen. Holen Sie einfach das Zelt heraus, f\u00fchren Sie das mitgelieferte Seil durch beide Enden des Schlauchzelts und binden Sie es zwischen zwei B\u00e4umen oder stabile Gegenst\u00e4nden in 8-10 cm H\u00f6he \u00fcber dem Boden fest. Verwenden Sie Steine oder Gewichte, um die Ecken des Zeltes zu verankern und kriechen Sie hinein, um sich auszuruhen. <\/p>\n<p> Innovatives, komfortables und hochwertiges Design machen die MEKKAPRO SOS Emergency Series zum unverzichtbaren Essential f\u00fcr Ihr n\u00e4chstes Abenteuer. Sie brauchen es vielleicht nicht f\u00fcr jeden Ausflug, aber Sie werden froh sein, dass Sie es dabei haben, wenn Sie es brauchen. Sollten Sie aus irgendeinem Grund unzufrieden sein, kontaktieren Sie uns einfach und Sie erhalten Ihr Geld zur\u00fcck. Garantiert. <\/p>\n<p> MEKKAPRO SOS Notfall-Life Tent <\/p>\n<p> Zwei-Personen-Schlauchzelt Robustes, durchstich- und rei\u00dffestes aluminisiertes PE-Material zur Isolierung und f\u00fcr W\u00e4rme Hergestellt aus extra dickem 26um Polyethylen-Material Reflektierendes Orange mit hoher Sichtbarkeit Der wiederverwendbare Thermo-Biwaksack l\u00e4sst sich zu einem wasserdichten Packsack zusammenfa<\/span> <\/p>\n<p>\u2705 HIGHTECH MATERIAL \u2013 Das MEKKAPRO Notfallzelt ist aus 26 \u00b5m dickem Mylar gefertigt. Mylar ist wasserdicht, rei\u00df- und stichresistent und isoliert bis zu 90% Ihrer K\u00f6rperw\u00e4rme. Dadurch ist das Survival Zelt langlebig und haltbar und h\u00e4lt Sie auch in schweren Unwettern trocken und warm. Es eignet sich f\u00fcr 2 Personen und kommt mit einer 120 dB lauten Signalpfeife.<br \/>\n\u2705 LEICHT &#038; KOMPAKT \u2013 Das Notfallzelt wiegt nur 240 g (inkl. H\u00fclle) und misst im gefalteten Zustand 8,4 cm im Durchmesser und 13,5 cm in der L\u00e4nge. Dadurch passt das Notfall Zelt leicht in Ihren Rucksack oder Survival Ausr\u00fcstung. Es nimmt nicht viel Platz weg und l\u00e4sst sich auch auf lange Wanderungen mitnehmen.<br \/>\n\u2705 SCHNELL MONTIERT \u2013 Das Notzelt ist auch in einer Stresssituation schnell montiert. Beschweren Sie die beiden unteren Ecken mit Steine und spannen Sie durch das Notfallzelt eine Leine, die Sie beispielsweise an zwei B\u00e4ume befestigen. Fertig! Die Innenseite des Notfallzelts ist mit Aluminium beschichtet f\u00fcr eine optimale W\u00e4rmeisolation. Die Au\u00dfenseite ist hellorange reflektierend f\u00fcr eine maximale Sichtbarkeit.<br \/>\n\u2705 VIELSEITIGE \u00dcBERLEBENSAUSR\u00dcSTUNG \u2013 Es ist wichtig die richtigen Gegenst\u00e4nde in deine Survival Ausr\u00fcstung zu packen. Sie m\u00fcssen auf verschieden Situationen vorbereitet sein, wobei Sie auch auf Gewicht und Platz achten m\u00fcssen. Das MEKKAPRO Notfall Zelt Set mit Notfallpfeife kann auch als Notfall Schlafsack, Emergency Shelter oder Rettungsdecke genutzt werden. Es sch\u00fctzt von allen Seiten gegen K\u00e4lte, Regen und Wind. Dar\u00fcber hinaus eignet es sich als Sonnenschutz, Tarp und Bodenbedeckung.<br \/>\n\u2705 120 DB LAUTE SIGNALPFEIFE \u2013 Das MEKKAPRO Survival Zelt kommt mit einer Notfallpfeife. Diese ist an der Verschlusskordel der H\u00fclle befestigt, sodass Sie diese auch in einer Stresssituation direkt finden. Die Signalpfeife ist extra laut und kann in bis zu 1,6 km weit geh\u00f6rt werden. Eine Notfallpfeife ist ein wichtiger Bestandteil von Notfall Ausr\u00fcstung.<br \/>\n\u2705 ZUFRIEDENHEITSGARANTIE &#8211; Ihre Zufriedenheit ist unsere oberste Priorit\u00e4t. Falls Sie nicht mit dem MEKKAPRO Notfallzelt mit Signalpfeife zufrieden sind, erstatten wir Ihnen den vollen Kaufpreis zur\u00fcck.<br \/>\n<div class=\"main-cross-sell\" data-asin=\"B07T2ZDK6X\">\n\n\t<div class=\"WooZone-cross-sell-loader\">\n\t\t<div>\n\t\t\t<div id=\"floatingBarsG\">\n\t\t\t\t<div class=\"blockG\" id=\"rotateG_01\"><\/div>\n\t\t\t\t<div class=\"blockG\" id=\"rotateG_02\"><\/div>\n\t\t\t\t<div class=\"blockG\" id=\"rotateG_03\"><\/div>\n\t\t\t\t<div class=\"blockG\" id=\"rotateG_04\"><\/div>\n\t\t\t\t<div class=\"blockG\" id=\"rotateG_05\"><\/div>\n\t\t\t\t<div class=\"blockG\" id=\"rotateG_06\"><\/div>\n\t\t\t\t<div class=\"blockG\" id=\"rotateG_07\"><\/div>\n\t\t\t\t<div class=\"blockG\" id=\"rotateG_08\"><\/div>\n\t\t\t<\/div>\n\t\t\t<div class=\"WooZone-cross-sell-loader-text\"><\/div>\n\t\t<\/div>\n\t<\/div>\n\n\t\t\n<\/div>\n<div style=\"clear:both;\"><\/div>\n","protected":false},"excerpt":{"rendered":"<p>\u2705 HIGHTECH MATERIAL \u2013 Das MEKKAPRO Notfallzelt ist aus 26 \u00b5m dickem Mylar gefertigt. Mylar ist wasserdicht, rei\u00df- und stichresistent und isoliert bis zu 90% Ihrer K\u00f6rperw\u00e4rme. Dadurch ist das Survival Zelt langlebig und haltbar und h\u00e4lt Sie auch in schweren Unwettern trocken und warm. Es eignet sich f\u00fcr 2 Personen und kommt mit einer 120 dB lauten Signalpfeife.<br \/>\n\u2705 LEICHT &#038; KOMPAKT \u2013 Das Notfallzelt wiegt nur 240 g (inkl. H\u00fclle) und misst im gefalteten Zustand 8,4 cm im Durchmesser und 13,5 cm in der L\u00e4nge. Dadurch passt das Notfall Zelt leicht in Ihren Rucksack oder Survival Ausr\u00fcstung. Es nimmt nicht viel Platz weg und l\u00e4sst sich auch auf lange Wanderungen mitnehmen.<br \/>\n\u2705 SCHNELL MONTIERT \u2013 Das Notzelt ist auch in einer Stresssituation schnell montiert. Beschweren Sie die beiden unteren Ecken mit Steine und spannen Sie durch das Notfallzelt eine Leine, die Sie beispielsweise an zwei B\u00e4ume befestigen. Fertig! Die Innenseite des Notfallzelts ist mit Aluminium beschichtet f\u00fcr eine optimale W\u00e4rmeisolation. Die Au\u00dfenseite ist hellorange reflektierend f\u00fcr eine maximale Sichtbarkeit.<\/p>\n","protected":false},"featured_media":13820,"comment_status":"open","ping_status":"closed","template":"","meta":{"_acf_changed":false},"product_brand":[],"product_cat":[268,269],"product_tag":[],"class_list":{"0":"post-13819","1":"product","2":"type-product","3":"status-publish","4":"has-post-thumbnail","6":"product_cat-unterschlupf","7":"product_cat-zelte","9":"first","10":"instock","11":"shipping-taxable","12":"product-type-external"},"acf":[],"yoast_head":"<!-- This site is optimized with the Yoast SEO plugin v27.3 - https:\/\/yoast.com\/product\/yoast-seo-wordpress\/ -->\n<title>MEKKAPRO Notfallzelt mit Signalpfeife - Survival Ausr\u00fcstung f\u00fcr 2 Personen - Wasserdichtes Notzelt Set - Notfallvorsorge - Krisenvorsorge<\/title>\n<meta name=\"robots\" content=\"index, follow, max-snippet:-1, max-image-preview:large, max-video-preview:-1\" \/>\n<link rel=\"canonical\" href=\"https:\/\/www.ralti.de\/?product=mekkapro-notfallzelt-mit-signalpfeife-survival-ausrustung-fur-2-personen-wasserdichtes-notzelt-set\" \/>\n<meta property=\"og:locale\" content=\"de_DE\" \/>\n<meta property=\"og:type\" content=\"article\" \/>\n<meta property=\"og:title\" content=\"MEKKAPRO Notfallzelt mit Signalpfeife - Survival Ausr\u00fcstung f\u00fcr 2 Personen - Wasserdichtes Notzelt Set - Notfallvorsorge - Krisenvorsorge\" \/>\n<meta property=\"og:description\" content=\"\u2705 HIGHTECH MATERIAL \u2013 Das MEKKAPRO Notfallzelt ist aus 26 \u00b5m dickem Mylar gefertigt. Mylar ist wasserdicht, rei\u00df- und stichresistent und isoliert bis zu 90% Ihrer K\u00f6rperw\u00e4rme. Dadurch ist das Survival Zelt langlebig und haltbar und h\u00e4lt Sie auch in schweren Unwettern trocken und warm. Es eignet sich f\u00fcr 2 Personen und kommt mit einer 120 dB lauten Signalpfeife. \u2705 LEICHT &amp; KOMPAKT \u2013 Das Notfallzelt wiegt nur 240 g (inkl. H\u00fclle) und misst im gefalteten Zustand 8,4 cm im Durchmesser und 13,5 cm in der L\u00e4nge. Dadurch passt das Notfall Zelt leicht in Ihren Rucksack oder Survival Ausr\u00fcstung. Es nimmt nicht viel Platz weg und l\u00e4sst sich auch auf lange Wanderungen mitnehmen. \u2705 SCHNELL MONTIERT \u2013 Das Notzelt ist auch in einer Stresssituation schnell montiert. Beschweren Sie die beiden unteren Ecken mit Steine und spannen Sie durch das Notfallzelt eine Leine, die Sie beispielsweise an zwei B\u00e4ume befestigen. Fertig! Die Innenseite des Notfallzelts ist mit Aluminium beschichtet f\u00fcr eine optimale W\u00e4rmeisolation. Die Au\u00dfenseite ist hellorange reflektierend f\u00fcr eine maximale Sichtbarkeit.\" \/>\n<meta property=\"og:url\" content=\"https:\/\/www.ralti.de\/?product=mekkapro-notfallzelt-mit-signalpfeife-survival-ausrustung-fur-2-personen-wasserdichtes-notzelt-set\" \/>\n<meta property=\"og:site_name\" content=\"Notfallvorsorge - Krisenvorsorge\" \/>\n<meta property=\"og:image\" content=\"https:\/\/m.media-amazon.com\/images\/I\/41V+aORvkoL.jpg\" \/>\n\t<meta property=\"og:image:width\" content=\"500\" \/>\n\t<meta property=\"og:image:height\" content=\"500\" \/>\n\t<meta property=\"og:image:type\" content=\"image\/jpeg\" \/>\n<meta name=\"twitter:card\" content=\"summary_large_image\" \/>\n<meta name=\"twitter:label1\" content=\"Gesch\u00e4tzte Lesezeit\" \/>\n\t<meta name=\"twitter:data1\" content=\"3\u00a0Minuten\" \/>\n<script type=\"application\/ld+json\" class=\"yoast-schema-graph\">{\"@context\":\"https:\\\/\\\/schema.org\",\"@graph\":[{\"@type\":\"WebPage\",\"@id\":\"https:\\\/\\\/www.ralti.de\\\/?product=mekkapro-notfallzelt-mit-signalpfeife-survival-ausrustung-fur-2-personen-wasserdichtes-notzelt-set\",\"url\":\"https:\\\/\\\/www.ralti.de\\\/?product=mekkapro-notfallzelt-mit-signalpfeife-survival-ausrustung-fur-2-personen-wasserdichtes-notzelt-set\",\"name\":\"MEKKAPRO Notfallzelt mit Signalpfeife - Survival Ausr\u00fcstung f\u00fcr 2 Personen - Wasserdichtes Notzelt Set - Notfallvorsorge - Krisenvorsorge\",\"isPartOf\":{\"@id\":\"https:\\\/\\\/www.ralti.de\\\/#website\"},\"primaryImageOfPage\":{\"@id\":\"https:\\\/\\\/www.ralti.de\\\/?product=mekkapro-notfallzelt-mit-signalpfeife-survival-ausrustung-fur-2-personen-wasserdichtes-notzelt-set#primaryimage\"},\"image\":{\"@id\":\"https:\\\/\\\/www.ralti.de\\\/?product=mekkapro-notfallzelt-mit-signalpfeife-survival-ausrustung-fur-2-personen-wasserdichtes-notzelt-set#primaryimage\"},\"thumbnailUrl\":\"https:\\\/\\\/m.media-amazon.com\\\/images\\\/I\\\/41V+aORvkoL.jpg\",\"datePublished\":\"2025-11-25T12:16:04+00:00\",\"breadcrumb\":{\"@id\":\"https:\\\/\\\/www.ralti.de\\\/?product=mekkapro-notfallzelt-mit-signalpfeife-survival-ausrustung-fur-2-personen-wasserdichtes-notzelt-set#breadcrumb\"},\"inLanguage\":\"de\",\"potentialAction\":[{\"@type\":\"ReadAction\",\"target\":[\"https:\\\/\\\/www.ralti.de\\\/?product=mekkapro-notfallzelt-mit-signalpfeife-survival-ausrustung-fur-2-personen-wasserdichtes-notzelt-set\"]}]},{\"@type\":\"ImageObject\",\"inLanguage\":\"de\",\"@id\":\"https:\\\/\\\/www.ralti.de\\\/?product=mekkapro-notfallzelt-mit-signalpfeife-survival-ausrustung-fur-2-personen-wasserdichtes-notzelt-set#primaryimage\",\"url\":\"https:\\\/\\\/m.media-amazon.com\\\/images\\\/I\\\/41V+aORvkoL.jpg\",\"contentUrl\":\"https:\\\/\\\/m.media-amazon.com\\\/images\\\/I\\\/41V+aORvkoL.jpg\",\"width\":500,\"height\":500},{\"@type\":\"BreadcrumbList\",\"@id\":\"https:\\\/\\\/www.ralti.de\\\/?product=mekkapro-notfallzelt-mit-signalpfeife-survival-ausrustung-fur-2-personen-wasserdichtes-notzelt-set#breadcrumb\",\"itemListElement\":[{\"@type\":\"ListItem\",\"position\":1,\"name\":\"Start\",\"item\":\"https:\\\/\\\/www.ralti.de\\\/\"},{\"@type\":\"ListItem\",\"position\":2,\"name\":\"Notfallartikel\",\"item\":\"https:\\\/\\\/www.ralti.de\\\/?page_id=14189\"},{\"@type\":\"ListItem\",\"position\":3,\"name\":\"MEKKAPRO Notfallzelt mit Signalpfeife &#8211; Survival Ausr\u00fcstung f\u00fcr 2 Personen &#8211; Wasserdichtes Notzelt Set\"}]},{\"@type\":\"WebSite\",\"@id\":\"https:\\\/\\\/www.ralti.de\\\/#website\",\"url\":\"https:\\\/\\\/www.ralti.de\\\/\",\"name\":\"Ralti.de\",\"description\":\"Hier viele gute Angebote\",\"publisher\":{\"@id\":\"https:\\\/\\\/www.ralti.de\\\/#organization\"},\"potentialAction\":[{\"@type\":\"SearchAction\",\"target\":{\"@type\":\"EntryPoint\",\"urlTemplate\":\"https:\\\/\\\/www.ralti.de\\\/?s={search_term_string}\"},\"query-input\":{\"@type\":\"PropertyValueSpecification\",\"valueRequired\":true,\"valueName\":\"search_term_string\"}}],\"inLanguage\":\"de\"},{\"@type\":\"Organization\",\"@id\":\"https:\\\/\\\/www.ralti.de\\\/#organization\",\"name\":\"Ralti.de\",\"url\":\"https:\\\/\\\/www.ralti.de\\\/\",\"logo\":{\"@type\":\"ImageObject\",\"inLanguage\":\"de\",\"@id\":\"https:\\\/\\\/www.ralti.de\\\/#\\\/schema\\\/logo\\\/image\\\/\",\"url\":\"https:\\\/\\\/www.ralti.de\\\/wp-content\\\/uploads\\\/2025\\\/11\\\/ralti.png\",\"contentUrl\":\"https:\\\/\\\/www.ralti.de\\\/wp-content\\\/uploads\\\/2025\\\/11\\\/ralti.png\",\"width\":240,\"height\":75,\"caption\":\"Ralti.de\"},\"image\":{\"@id\":\"https:\\\/\\\/www.ralti.de\\\/#\\\/schema\\\/logo\\\/image\\\/\"}}]}<\/script>\n<!-- \/ Yoast SEO plugin. -->","yoast_head_json":{"title":"MEKKAPRO Notfallzelt mit Signalpfeife - Survival Ausr\u00fcstung f\u00fcr 2 Personen - Wasserdichtes Notzelt Set - Notfallvorsorge - Krisenvorsorge","robots":{"index":"index","follow":"follow","max-snippet":"max-snippet:-1","max-image-preview":"max-image-preview:large","max-video-preview":"max-video-preview:-1"},"canonical":"https:\/\/www.ralti.de\/?product=mekkapro-notfallzelt-mit-signalpfeife-survival-ausrustung-fur-2-personen-wasserdichtes-notzelt-set","og_locale":"de_DE","og_type":"article","og_title":"MEKKAPRO Notfallzelt mit Signalpfeife - Survival Ausr\u00fcstung f\u00fcr 2 Personen - Wasserdichtes Notzelt Set - Notfallvorsorge - Krisenvorsorge","og_description":"\u2705 HIGHTECH MATERIAL \u2013 Das MEKKAPRO Notfallzelt ist aus 26 \u00b5m dickem Mylar gefertigt. Mylar ist wasserdicht, rei\u00df- und stichresistent und isoliert bis zu 90% Ihrer K\u00f6rperw\u00e4rme. Dadurch ist das Survival Zelt langlebig und haltbar und h\u00e4lt Sie auch in schweren Unwettern trocken und warm. Es eignet sich f\u00fcr 2 Personen und kommt mit einer 120 dB lauten Signalpfeife. \u2705 LEICHT & KOMPAKT \u2013 Das Notfallzelt wiegt nur 240 g (inkl. H\u00fclle) und misst im gefalteten Zustand 8,4 cm im Durchmesser und 13,5 cm in der L\u00e4nge. Dadurch passt das Notfall Zelt leicht in Ihren Rucksack oder Survival Ausr\u00fcstung. Es nimmt nicht viel Platz weg und l\u00e4sst sich auch auf lange Wanderungen mitnehmen. \u2705 SCHNELL MONTIERT \u2013 Das Notzelt ist auch in einer Stresssituation schnell montiert. Beschweren Sie die beiden unteren Ecken mit Steine und spannen Sie durch das Notfallzelt eine Leine, die Sie beispielsweise an zwei B\u00e4ume befestigen. Fertig! Die Innenseite des Notfallzelts ist mit Aluminium beschichtet f\u00fcr eine optimale W\u00e4rmeisolation. Die Au\u00dfenseite ist hellorange reflektierend f\u00fcr eine maximale Sichtbarkeit.","og_url":"https:\/\/www.ralti.de\/?product=mekkapro-notfallzelt-mit-signalpfeife-survival-ausrustung-fur-2-personen-wasserdichtes-notzelt-set","og_site_name":"Notfallvorsorge - Krisenvorsorge","og_image":[{"width":500,"height":500,"url":"https:\/\/m.media-amazon.com\/images\/I\/41V+aORvkoL.jpg","type":"image\/jpeg"}],"twitter_card":"summary_large_image","twitter_misc":{"Gesch\u00e4tzte Lesezeit":"3\u00a0Minuten"},"schema":{"@context":"https:\/\/schema.org","@graph":[{"@type":"WebPage","@id":"https:\/\/www.ralti.de\/?product=mekkapro-notfallzelt-mit-signalpfeife-survival-ausrustung-fur-2-personen-wasserdichtes-notzelt-set","url":"https:\/\/www.ralti.de\/?product=mekkapro-notfallzelt-mit-signalpfeife-survival-ausrustung-fur-2-personen-wasserdichtes-notzelt-set","name":"MEKKAPRO Notfallzelt mit Signalpfeife - Survival Ausr\u00fcstung f\u00fcr 2 Personen - Wasserdichtes Notzelt Set - Notfallvorsorge - Krisenvorsorge","isPartOf":{"@id":"https:\/\/www.ralti.de\/#website"},"primaryImageOfPage":{"@id":"https:\/\/www.ralti.de\/?product=mekkapro-notfallzelt-mit-signalpfeife-survival-ausrustung-fur-2-personen-wasserdichtes-notzelt-set#primaryimage"},"image":{"@id":"https:\/\/www.ralti.de\/?product=mekkapro-notfallzelt-mit-signalpfeife-survival-ausrustung-fur-2-personen-wasserdichtes-notzelt-set#primaryimage"},"thumbnailUrl":"https:\/\/m.media-amazon.com\/images\/I\/41V+aORvkoL.jpg","datePublished":"2025-11-25T12:16:04+00:00","breadcrumb":{"@id":"https:\/\/www.ralti.de\/?product=mekkapro-notfallzelt-mit-signalpfeife-survival-ausrustung-fur-2-personen-wasserdichtes-notzelt-set#breadcrumb"},"inLanguage":"de","potentialAction":[{"@type":"ReadAction","target":["https:\/\/www.ralti.de\/?product=mekkapro-notfallzelt-mit-signalpfeife-survival-ausrustung-fur-2-personen-wasserdichtes-notzelt-set"]}]},{"@type":"ImageObject","inLanguage":"de","@id":"https:\/\/www.ralti.de\/?product=mekkapro-notfallzelt-mit-signalpfeife-survival-ausrustung-fur-2-personen-wasserdichtes-notzelt-set#primaryimage","url":"https:\/\/m.media-amazon.com\/images\/I\/41V+aORvkoL.jpg","contentUrl":"https:\/\/m.media-amazon.com\/images\/I\/41V+aORvkoL.jpg","width":500,"height":500},{"@type":"BreadcrumbList","@id":"https:\/\/www.ralti.de\/?product=mekkapro-notfallzelt-mit-signalpfeife-survival-ausrustung-fur-2-personen-wasserdichtes-notzelt-set#breadcrumb","itemListElement":[{"@type":"ListItem","position":1,"name":"Start","item":"https:\/\/www.ralti.de\/"},{"@type":"ListItem","position":2,"name":"Notfallartikel","item":"https:\/\/www.ralti.de\/?page_id=14189"},{"@type":"ListItem","position":3,"name":"MEKKAPRO Notfallzelt mit Signalpfeife &#8211; Survival Ausr\u00fcstung f\u00fcr 2 Personen &#8211; Wasserdichtes Notzelt Set"}]},{"@type":"WebSite","@id":"https:\/\/www.ralti.de\/#website","url":"https:\/\/www.ralti.de\/","name":"Ralti.de","description":"Hier viele gute Angebote","publisher":{"@id":"https:\/\/www.ralti.de\/#organization"},"potentialAction":[{"@type":"SearchAction","target":{"@type":"EntryPoint","urlTemplate":"https:\/\/www.ralti.de\/?s={search_term_string}"},"query-input":{"@type":"PropertyValueSpecification","valueRequired":true,"valueName":"search_term_string"}}],"inLanguage":"de"},{"@type":"Organization","@id":"https:\/\/www.ralti.de\/#organization","name":"Ralti.de","url":"https:\/\/www.ralti.de\/","logo":{"@type":"ImageObject","inLanguage":"de","@id":"https:\/\/www.ralti.de\/#\/schema\/logo\/image\/","url":"https:\/\/www.ralti.de\/wp-content\/uploads\/2025\/11\/ralti.png","contentUrl":"https:\/\/www.ralti.de\/wp-content\/uploads\/2025\/11\/ralti.png","width":240,"height":75,"caption":"Ralti.de"},"image":{"@id":"https:\/\/www.ralti.de\/#\/schema\/logo\/image\/"}}]}},"_links":{"self":[{"href":"https:\/\/www.ralti.de\/index.php?rest_route=\/wp\/v2\/product\/13819","targetHints":{"allow":["GET"]}}],"collection":[{"href":"https:\/\/www.ralti.de\/index.php?rest_route=\/wp\/v2\/product"}],"about":[{"href":"https:\/\/www.ralti.de\/index.php?rest_route=\/wp\/v2\/types\/product"}],"replies":[{"embeddable":true,"href":"https:\/\/www.ralti.de\/index.php?rest_route=%2Fwp%2Fv2%2Fcomments&post=13819"}],"wp:featuredmedia":[{"embeddable":true,"href":"https:\/\/www.ralti.de\/index.php?rest_route=\/wp\/v2\/media\/13820"}],"wp:attachment":[{"href":"https:\/\/www.ralti.de\/index.php?rest_route=%2Fwp%2Fv2%2Fmedia&parent=13819"}],"wp:term":[{"taxonomy":"product_brand","embeddable":true,"href":"https:\/\/www.ralti.de\/index.php?rest_route=%2Fwp%2Fv2%2Fproduct_brand&post=13819"},{"taxonomy":"product_cat","embeddable":true,"href":"https:\/\/www.ralti.de\/index.php?rest_route=%2Fwp%2Fv2%2Fproduct_cat&post=13819"},{"taxonomy":"product_tag","embeddable":true,"href":"https:\/\/www.ralti.de\/index.php?rest_route=%2Fwp%2Fv2%2Fproduct_tag&post=13819"}],"curies":[{"name":"wp","href":"https:\/\/api.w.org\/{rel}","templated":true}]}}