{"id":13825,"date":"2025-11-25T12:16:05","date_gmt":"2025-11-25T12:16:05","guid":{"rendered":"https:\/\/www.ralti.de\/shop-2\/uncategorized\/grand-canyon-zelt-apex-1\/"},"modified":"2025-11-25T12:16:05","modified_gmt":"2025-11-25T12:16:05","slug":"grand-canyon-zelt-apex-1","status":"publish","type":"product","link":"https:\/\/www.ralti.de\/?product=grand-canyon-zelt-apex-1","title":{"rendered":"GRAND CANYON Zelt APEX 1"},"content":{"rendered":"<p><!-- show up to 2 reviews by default --> <\/p>\n<p><span>Das Apex 1 ist das neueste Mitglied der Grand Canyon Trekkingzelt-Kollektion. Das Apex 1 ist ein leichtes und kompaktes Zelt im Geodie-Stil mit einem guten Preis-Leistungs-Verh\u00e4ltnis. Dank seines geringen Gewichts von 2,35 kg und seinem kompakten Packma\u00df (\u00d8 15 x 58 cm) eignet es sich besonders f\u00fcr Wanderungen, Radtouren und andere Aktivit\u00e4ten, bei denen Gep\u00e4ck nicht zu schwer sein sollte. <\/span><\/p>\n<p><span>Das Zelt kann auch auf felsigem oder sandigem Boden ohne Heringe aufgestellt werden. Es bietet ausreichend Platz f\u00fcr ein bis zwei Personen mit Ausr\u00fcstung und eine angenehme Sitzh\u00f6he. In der seitlichen Apsis k\u00f6nnen nasse Kleidung und Schuhe aufbewahrt werden. Der Rei\u00dfverschluss ist mit einer Regenh\u00fclle ausgestattet und die verschlie\u00dfbaren Bel\u00fcftungs\u00f6ffnungen an beiden Enden des Zeltes sorgen f\u00fcr ausreichende Bel\u00fcftung. <\/span><\/p>\n<p><span>Das luftige Innenzelt aus Mesh sch\u00fctzt Sie vor M\u00fccken und kann bei trockenem Wetter separat aufgebaut werden. Die hohe Wassers\u00e4ule von 3000 mm garantiert, dass Menschen und Ausr\u00fcstung trocken bleiben. Die reflektierenden Abspannseile und die robuste Tragetasche runden das sinnvolle Design ab. Das Apex 1 ist das perfekte Zelt f\u00fcr Ihre ersten Trekkingausfl\u00fcge, Fahrradtouren oder Campingurlaub mit Freunden. <\/span><\/p>\n<\/p>\n<p>Gest\u00e4nge Fiberglas<br \/>\nAu\u00dfen Polyester 68D 190T, PU beschichtet<br \/>\nInnen Polyester Netz<br \/>\nGewicht 2, 53 kg<br \/>\nAu\u00dfenma\u00df 240 x 150 x 80 cm<br \/>\n<div class=\"main-cross-sell\" data-asin=\"B083ZHB9TG\">\n\n\t<div class=\"WooZone-cross-sell-loader\">\n\t\t<div>\n\t\t\t<div id=\"floatingBarsG\">\n\t\t\t\t<div class=\"blockG\" id=\"rotateG_01\"><\/div>\n\t\t\t\t<div class=\"blockG\" id=\"rotateG_02\"><\/div>\n\t\t\t\t<div class=\"blockG\" id=\"rotateG_03\"><\/div>\n\t\t\t\t<div class=\"blockG\" id=\"rotateG_04\"><\/div>\n\t\t\t\t<div class=\"blockG\" id=\"rotateG_05\"><\/div>\n\t\t\t\t<div class=\"blockG\" id=\"rotateG_06\"><\/div>\n\t\t\t\t<div class=\"blockG\" id=\"rotateG_07\"><\/div>\n\t\t\t\t<div class=\"blockG\" id=\"rotateG_08\"><\/div>\n\t\t\t<\/div>\n\t\t\t<div class=\"WooZone-cross-sell-loader-text\"><\/div>\n\t\t<\/div>\n\t<\/div>\n\n\t\t\n<\/div>\n<div style=\"clear:both;\"><\/div>\n","protected":false},"excerpt":{"rendered":"<p>Gest\u00e4nge Fiberglas<br \/>\nAu\u00dfen Polyester 68D 190T, PU beschichtet<br \/>\nInnen Polyester Netz<\/p>\n","protected":false},"featured_media":13826,"comment_status":"open","ping_status":"closed","template":"","meta":{"_acf_changed":false},"product_brand":[],"product_cat":[268,269],"product_tag":[],"class_list":{"0":"post-13825","1":"product","2":"type-product","3":"status-publish","4":"has-post-thumbnail","6":"product_cat-unterschlupf","7":"product_cat-zelte","9":"first","10":"instock","11":"sale","12":"shipping-taxable","13":"product-type-external"},"acf":[],"yoast_head":"<!-- This site is optimized with the Yoast SEO plugin v27.5 - https:\/\/yoast.com\/product\/yoast-seo-wordpress\/ -->\n<title>GRAND CANYON Zelt APEX 1 - Notfallvorsorge - Krisenvorsorge<\/title>\n<meta name=\"robots\" content=\"index, follow, max-snippet:-1, max-image-preview:large, max-video-preview:-1\" \/>\n<link rel=\"canonical\" href=\"https:\/\/www.ralti.de\/?product=grand-canyon-zelt-apex-1\" \/>\n<meta property=\"og:locale\" content=\"de_DE\" \/>\n<meta property=\"og:type\" content=\"article\" \/>\n<meta property=\"og:title\" content=\"GRAND CANYON Zelt APEX 1 - Notfallvorsorge - Krisenvorsorge\" \/>\n<meta property=\"og:description\" content=\"Gest\u00e4nge Fiberglas Au\u00dfen Polyester 68D 190T, PU beschichtet Innen Polyester Netz\" \/>\n<meta property=\"og:url\" content=\"https:\/\/www.ralti.de\/?product=grand-canyon-zelt-apex-1\" \/>\n<meta property=\"og:site_name\" content=\"Notfallvorsorge - Krisenvorsorge\" \/>\n<meta property=\"og:image\" content=\"https:\/\/m.media-amazon.com\/images\/I\/31kKM23j5GL.jpg\" \/>\n\t<meta property=\"og:image:width\" content=\"500\" \/>\n\t<meta property=\"og:image:height\" content=\"500\" \/>\n\t<meta property=\"og:image:type\" content=\"image\/jpeg\" \/>\n<meta name=\"twitter:card\" content=\"summary_large_image\" \/>\n<meta name=\"twitter:label1\" content=\"Gesch\u00e4tzte Lesezeit\" \/>\n\t<meta name=\"twitter:data1\" content=\"1\u00a0Minute\" \/>\n<script type=\"application\/ld+json\" class=\"yoast-schema-graph\">{\"@context\":\"https:\\\/\\\/schema.org\",\"@graph\":[{\"@type\":\"WebPage\",\"@id\":\"https:\\\/\\\/www.ralti.de\\\/?product=grand-canyon-zelt-apex-1\",\"url\":\"https:\\\/\\\/www.ralti.de\\\/?product=grand-canyon-zelt-apex-1\",\"name\":\"GRAND CANYON Zelt APEX 1 - Notfallvorsorge - Krisenvorsorge\",\"isPartOf\":{\"@id\":\"https:\\\/\\\/www.ralti.de\\\/#website\"},\"primaryImageOfPage\":{\"@id\":\"https:\\\/\\\/www.ralti.de\\\/?product=grand-canyon-zelt-apex-1#primaryimage\"},\"image\":{\"@id\":\"https:\\\/\\\/www.ralti.de\\\/?product=grand-canyon-zelt-apex-1#primaryimage\"},\"thumbnailUrl\":\"https:\\\/\\\/m.media-amazon.com\\\/images\\\/I\\\/31kKM23j5GL.jpg\",\"datePublished\":\"2025-11-25T12:16:05+00:00\",\"breadcrumb\":{\"@id\":\"https:\\\/\\\/www.ralti.de\\\/?product=grand-canyon-zelt-apex-1#breadcrumb\"},\"inLanguage\":\"de\",\"potentialAction\":[{\"@type\":\"ReadAction\",\"target\":[\"https:\\\/\\\/www.ralti.de\\\/?product=grand-canyon-zelt-apex-1\"]}]},{\"@type\":\"ImageObject\",\"inLanguage\":\"de\",\"@id\":\"https:\\\/\\\/www.ralti.de\\\/?product=grand-canyon-zelt-apex-1#primaryimage\",\"url\":\"https:\\\/\\\/m.media-amazon.com\\\/images\\\/I\\\/31kKM23j5GL.jpg\",\"contentUrl\":\"https:\\\/\\\/m.media-amazon.com\\\/images\\\/I\\\/31kKM23j5GL.jpg\",\"width\":500,\"height\":500},{\"@type\":\"BreadcrumbList\",\"@id\":\"https:\\\/\\\/www.ralti.de\\\/?product=grand-canyon-zelt-apex-1#breadcrumb\",\"itemListElement\":[{\"@type\":\"ListItem\",\"position\":1,\"name\":\"Start\",\"item\":\"https:\\\/\\\/www.ralti.de\\\/\"},{\"@type\":\"ListItem\",\"position\":2,\"name\":\"Notfallartikel\",\"item\":\"https:\\\/\\\/www.ralti.de\\\/?page_id=14189\"},{\"@type\":\"ListItem\",\"position\":3,\"name\":\"GRAND CANYON Zelt APEX 1\"}]},{\"@type\":\"WebSite\",\"@id\":\"https:\\\/\\\/www.ralti.de\\\/#website\",\"url\":\"https:\\\/\\\/www.ralti.de\\\/\",\"name\":\"Ralti.de\",\"description\":\"Hier viele gute Angebote\",\"publisher\":{\"@id\":\"https:\\\/\\\/www.ralti.de\\\/#organization\"},\"potentialAction\":[{\"@type\":\"SearchAction\",\"target\":{\"@type\":\"EntryPoint\",\"urlTemplate\":\"https:\\\/\\\/www.ralti.de\\\/?s={search_term_string}\"},\"query-input\":{\"@type\":\"PropertyValueSpecification\",\"valueRequired\":true,\"valueName\":\"search_term_string\"}}],\"inLanguage\":\"de\"},{\"@type\":\"Organization\",\"@id\":\"https:\\\/\\\/www.ralti.de\\\/#organization\",\"name\":\"Ralti.de\",\"url\":\"https:\\\/\\\/www.ralti.de\\\/\",\"logo\":{\"@type\":\"ImageObject\",\"inLanguage\":\"de\",\"@id\":\"https:\\\/\\\/www.ralti.de\\\/#\\\/schema\\\/logo\\\/image\\\/\",\"url\":\"https:\\\/\\\/www.ralti.de\\\/wp-content\\\/uploads\\\/2025\\\/11\\\/ralti.png\",\"contentUrl\":\"https:\\\/\\\/www.ralti.de\\\/wp-content\\\/uploads\\\/2025\\\/11\\\/ralti.png\",\"width\":240,\"height\":75,\"caption\":\"Ralti.de\"},\"image\":{\"@id\":\"https:\\\/\\\/www.ralti.de\\\/#\\\/schema\\\/logo\\\/image\\\/\"}}]}<\/script>\n<!-- \/ Yoast SEO plugin. -->","yoast_head_json":{"title":"GRAND CANYON Zelt APEX 1 - Notfallvorsorge - Krisenvorsorge","robots":{"index":"index","follow":"follow","max-snippet":"max-snippet:-1","max-image-preview":"max-image-preview:large","max-video-preview":"max-video-preview:-1"},"canonical":"https:\/\/www.ralti.de\/?product=grand-canyon-zelt-apex-1","og_locale":"de_DE","og_type":"article","og_title":"GRAND CANYON Zelt APEX 1 - Notfallvorsorge - Krisenvorsorge","og_description":"Gest\u00e4nge Fiberglas Au\u00dfen Polyester 68D 190T, PU beschichtet Innen Polyester Netz","og_url":"https:\/\/www.ralti.de\/?product=grand-canyon-zelt-apex-1","og_site_name":"Notfallvorsorge - Krisenvorsorge","og_image":[{"width":500,"height":500,"url":"https:\/\/m.media-amazon.com\/images\/I\/31kKM23j5GL.jpg","type":"image\/jpeg"}],"twitter_card":"summary_large_image","twitter_misc":{"Gesch\u00e4tzte Lesezeit":"1\u00a0Minute"},"schema":{"@context":"https:\/\/schema.org","@graph":[{"@type":"WebPage","@id":"https:\/\/www.ralti.de\/?product=grand-canyon-zelt-apex-1","url":"https:\/\/www.ralti.de\/?product=grand-canyon-zelt-apex-1","name":"GRAND CANYON Zelt APEX 1 - Notfallvorsorge - Krisenvorsorge","isPartOf":{"@id":"https:\/\/www.ralti.de\/#website"},"primaryImageOfPage":{"@id":"https:\/\/www.ralti.de\/?product=grand-canyon-zelt-apex-1#primaryimage"},"image":{"@id":"https:\/\/www.ralti.de\/?product=grand-canyon-zelt-apex-1#primaryimage"},"thumbnailUrl":"https:\/\/m.media-amazon.com\/images\/I\/31kKM23j5GL.jpg","datePublished":"2025-11-25T12:16:05+00:00","breadcrumb":{"@id":"https:\/\/www.ralti.de\/?product=grand-canyon-zelt-apex-1#breadcrumb"},"inLanguage":"de","potentialAction":[{"@type":"ReadAction","target":["https:\/\/www.ralti.de\/?product=grand-canyon-zelt-apex-1"]}]},{"@type":"ImageObject","inLanguage":"de","@id":"https:\/\/www.ralti.de\/?product=grand-canyon-zelt-apex-1#primaryimage","url":"https:\/\/m.media-amazon.com\/images\/I\/31kKM23j5GL.jpg","contentUrl":"https:\/\/m.media-amazon.com\/images\/I\/31kKM23j5GL.jpg","width":500,"height":500},{"@type":"BreadcrumbList","@id":"https:\/\/www.ralti.de\/?product=grand-canyon-zelt-apex-1#breadcrumb","itemListElement":[{"@type":"ListItem","position":1,"name":"Start","item":"https:\/\/www.ralti.de\/"},{"@type":"ListItem","position":2,"name":"Notfallartikel","item":"https:\/\/www.ralti.de\/?page_id=14189"},{"@type":"ListItem","position":3,"name":"GRAND CANYON Zelt APEX 1"}]},{"@type":"WebSite","@id":"https:\/\/www.ralti.de\/#website","url":"https:\/\/www.ralti.de\/","name":"Ralti.de","description":"Hier viele gute Angebote","publisher":{"@id":"https:\/\/www.ralti.de\/#organization"},"potentialAction":[{"@type":"SearchAction","target":{"@type":"EntryPoint","urlTemplate":"https:\/\/www.ralti.de\/?s={search_term_string}"},"query-input":{"@type":"PropertyValueSpecification","valueRequired":true,"valueName":"search_term_string"}}],"inLanguage":"de"},{"@type":"Organization","@id":"https:\/\/www.ralti.de\/#organization","name":"Ralti.de","url":"https:\/\/www.ralti.de\/","logo":{"@type":"ImageObject","inLanguage":"de","@id":"https:\/\/www.ralti.de\/#\/schema\/logo\/image\/","url":"https:\/\/www.ralti.de\/wp-content\/uploads\/2025\/11\/ralti.png","contentUrl":"https:\/\/www.ralti.de\/wp-content\/uploads\/2025\/11\/ralti.png","width":240,"height":75,"caption":"Ralti.de"},"image":{"@id":"https:\/\/www.ralti.de\/#\/schema\/logo\/image\/"}}]}},"_links":{"self":[{"href":"https:\/\/www.ralti.de\/index.php?rest_route=\/wp\/v2\/product\/13825","targetHints":{"allow":["GET"]}}],"collection":[{"href":"https:\/\/www.ralti.de\/index.php?rest_route=\/wp\/v2\/product"}],"about":[{"href":"https:\/\/www.ralti.de\/index.php?rest_route=\/wp\/v2\/types\/product"}],"replies":[{"embeddable":true,"href":"https:\/\/www.ralti.de\/index.php?rest_route=%2Fwp%2Fv2%2Fcomments&post=13825"}],"wp:featuredmedia":[{"embeddable":true,"href":"https:\/\/www.ralti.de\/index.php?rest_route=\/wp\/v2\/media\/13826"}],"wp:attachment":[{"href":"https:\/\/www.ralti.de\/index.php?rest_route=%2Fwp%2Fv2%2Fmedia&parent=13825"}],"wp:term":[{"taxonomy":"product_brand","embeddable":true,"href":"https:\/\/www.ralti.de\/index.php?rest_route=%2Fwp%2Fv2%2Fproduct_brand&post=13825"},{"taxonomy":"product_cat","embeddable":true,"href":"https:\/\/www.ralti.de\/index.php?rest_route=%2Fwp%2Fv2%2Fproduct_cat&post=13825"},{"taxonomy":"product_tag","embeddable":true,"href":"https:\/\/www.ralti.de\/index.php?rest_route=%2Fwp%2Fv2%2Fproduct_tag&post=13825"}],"curies":[{"name":"wp","href":"https:\/\/api.w.org\/{rel}","templated":true}]}}