{"id":13896,"date":"2025-11-25T12:16:21","date_gmt":"2025-11-25T12:16:21","guid":{"rendered":"https:\/\/www.ralti.de\/shop-2\/uncategorized\/campingzelt-mit-vorraum-zelte-camping-zelt-fur-2-4-person-pu5000-wasserdichte-zelt-fur-camping-reise-trekking-garten-kuppelzelt-ultraleichte-backpacking-2025-upgrade\/"},"modified":"2025-11-25T12:16:21","modified_gmt":"2025-11-25T12:16:21","slug":"campingzelt-mit-vorraum-zelte-camping-zelt-fur-2-4-person-pu5000-wasserdichte-zelt-fur-camping-reise-trekking-garten-kuppelzelt-ultraleichte-backpacking-2025-upgrade","status":"publish","type":"product","link":"https:\/\/www.ralti.de\/?product=campingzelt-mit-vorraum-zelte-camping-zelt-fur-2-4-person-pu5000-wasserdichte-zelt-fur-camping-reise-trekking-garten-kuppelzelt-ultraleichte-backpacking-2025-upgrade","title":{"rendered":"Campingzelt mit Vorraum, Zelte Camping Zelt f\u00fcr 2-4 Person, PU5000 wasserdichte Zelt f\u00fcr Camping Reise Trekking Garten Kuppelzelt Ultraleichte Backpacking 2025 Upgrade"},"content":{"rendered":"<p><!-- show up to 2 reviews by default --> <\/p>\n<p> <span>Campingzelt mit Vorraum, Zelte Camping Zelt f\u00fcr 2-4 Person, PU5000 wasserdichte Zelt f\u00fcr Camping Reise Trekking Garten Kuppelzelt Ultraleichte Backpacking 2025 Upgrade<\/span> <\/p>\n<p>Campingzelt:Erweiterte Gr\u00f6\u00dfe:320*250*145cm \uff08Schlafzimmer\uff1a230*250*145cm\uff09, Lagerungsgr\u00f6\u00dfe: 43*17*17cm Produktgewicht: 3.5 KG.Gro\u00dfer Raum, Kleines Paket, Leicht zu tragen.<br \/>\nWasserdicht und langlebig: Die Innenn\u00e4hte des Zeltes sind vollst\u00e4ndig verklebt! Das Zelt besteht aus rei\u00dffestem 210T-Polyesterstoff und der Boden ist aus 210D-Oxford-Gewebe gefertigt, um die Abriebfestigkeit des Produkts zu erh\u00f6hen. Das gesamte Zelt ist anti-Wasserdruck PU5000, was es vollst\u00e4ndig wasserdicht macht. Es verf\u00fcgt \u00fcber einen vollst\u00e4ndig eingen\u00e4hten Boden, um Sie trocken und sauber zu halten und bietet besseren Schutz vor Tau und Feuchtigkeit.<br \/>\nBel\u00fcftung, Windwiderstand: Das Campingzelt verf\u00fcgt \u00fcber eine Schlafzimmert\u00fcr mit einem Gitterfenster sowie eine \u00e4u\u00dfere Hallent\u00fcr. Das Zelt ist mit zwei Mesh-Screens ausgestattet, die von innen geschlossen werden k\u00f6nnen und so auch an Regentagen eine Luftzirkulation im Zelt erm\u00f6glichen, die die Atmungsaktivit\u00e4t und den Komfort erh\u00f6ht. Die winddichte Struktur, Glasbohrstange und -stangen sowie andere Verst\u00e4rkungen gew\u00e4hrleisten, dass das Zelt bei allen Witterungsbedingungen stabil bleibt.<br \/>\nBequem und einfach einzurichten: 1 Camping-Licht-Haken, 2 Aufbewahrungstaschen und 2 Fenster sind enthalten. Es gibt ein Schlafzimmer und ein Wohnzimmer, wobei der Vorraum vom Schlafbereich getrennt ist. Rucks\u00e4cke, Schuhe und andere Gegenst\u00e4nde k\u00f6nnen im Vorraum platziert werden, ohne den Schlafbereich zu beeintr\u00e4chtigen, um eine angenehme Nachtruhe zu gew\u00e4hrleisten und Ihnen zu erm\u00f6glichen, die Ruhe der Wildnis in der Nacht zu genie\u00dfen.<br \/>\nDieses Zelt eignet sich zum Camping, Wandern, Bergsteigen, Gartenzelte, Sommercamping, Festivals, Familien-Camping, Fahrradtouren, allgemeines Camping, Motorradtouren, Fototouren, Tierbeobachtungen, Pflanzenbeobachtungen Camping im Garten, Angeln oder als tempor\u00e4re Unterkunft, usw.<br \/>\nProdukte und Kundendienst: &#8211; Zelt*1 -Glasfaserstab*3- Windseil*6 &#8211; Bodenn\u00e4gel*12 &#8211; Handbuch *1 &#8211; Bodennageltasche*1 -Aufbewahrungstasche*1 Wenn es ein Qualit\u00e4tsproblem mit dem Produkt gibt, kontaktieren Sie uns bitte \u00fcber Amazon, wir sind gerne bereit, daf\u00fcr einen After-Sales-Service anzubieten.Wir werden alle Ihre Fragen innerhalb von 24 Stunden beantworten. Wenn Sie Fragen zum Produkt und zum Kundendienst haben, kontaktieren Sie uns bitte \u00fcber Amazon.<br \/>\n<div class=\"main-cross-sell\" data-asin=\"B0DTKGLLMG\">\n\n\t<div class=\"WooZone-cross-sell-loader\">\n\t\t<div>\n\t\t\t<div id=\"floatingBarsG\">\n\t\t\t\t<div class=\"blockG\" id=\"rotateG_01\"><\/div>\n\t\t\t\t<div class=\"blockG\" id=\"rotateG_02\"><\/div>\n\t\t\t\t<div class=\"blockG\" id=\"rotateG_03\"><\/div>\n\t\t\t\t<div class=\"blockG\" id=\"rotateG_04\"><\/div>\n\t\t\t\t<div class=\"blockG\" id=\"rotateG_05\"><\/div>\n\t\t\t\t<div class=\"blockG\" id=\"rotateG_06\"><\/div>\n\t\t\t\t<div class=\"blockG\" id=\"rotateG_07\"><\/div>\n\t\t\t\t<div class=\"blockG\" id=\"rotateG_08\"><\/div>\n\t\t\t<\/div>\n\t\t\t<div class=\"WooZone-cross-sell-loader-text\"><\/div>\n\t\t<\/div>\n\t<\/div>\n\n\t\t\n<\/div>\n<div style=\"clear:both;\"><\/div>\n","protected":false},"excerpt":{"rendered":"<p>Campingzelt:Erweiterte Gr\u00f6\u00dfe:320*250*145cm \uff08Schlafzimmer\uff1a230*250*145cm\uff09, Lagerungsgr\u00f6\u00dfe: 43*17*17cm Produktgewicht: 3.5 KG.Gro\u00dfer Raum, Kleines Paket, Leicht zu tragen.<br \/>\nWasserdicht und langlebig: Die Innenn\u00e4hte des Zeltes sind vollst\u00e4ndig verklebt! Das Zelt besteht aus rei\u00dffestem 210T-Polyesterstoff und der Boden ist aus 210D-Oxford-Gewebe gefertigt, um die Abriebfestigkeit des Produkts zu erh\u00f6hen. Das gesamte Zelt ist anti-Wasserdruck PU5000, was es vollst\u00e4ndig wasserdicht macht. Es verf\u00fcgt \u00fcber einen vollst\u00e4ndig eingen\u00e4hten Boden, um Sie trocken und sauber zu halten und bietet besseren Schutz vor Tau und Feuchtigkeit.<br \/>\nBel\u00fcftung, Windwiderstand: Das Campingzelt verf\u00fcgt \u00fcber eine Schlafzimmert\u00fcr mit einem Gitterfenster sowie eine \u00e4u\u00dfere Hallent\u00fcr. Das Zelt ist mit zwei Mesh-Screens ausgestattet, die von innen geschlossen werden k\u00f6nnen und so auch an Regentagen eine Luftzirkulation im Zelt erm\u00f6glichen, die die Atmungsaktivit\u00e4t und den Komfort erh\u00f6ht. Die winddichte Struktur, Glasbohrstange und -stangen sowie andere Verst\u00e4rkungen gew\u00e4hrleisten, dass das Zelt bei allen Witterungsbedingungen stabil bleibt.<\/p>\n","protected":false},"featured_media":13897,"comment_status":"open","ping_status":"closed","template":"","meta":{"_acf_changed":false},"product_brand":[],"product_cat":[268,269],"product_tag":[],"class_list":{"0":"post-13896","1":"product","2":"type-product","3":"status-publish","4":"has-post-thumbnail","6":"product_cat-unterschlupf","7":"product_cat-zelte","9":"first","10":"instock","11":"sale","12":"shipping-taxable","13":"product-type-external"},"acf":[],"yoast_head":"<!-- This site is optimized with the Yoast SEO plugin v27.3 - https:\/\/yoast.com\/product\/yoast-seo-wordpress\/ -->\n<title>Campingzelt mit Vorraum, Zelte Camping Zelt f\u00fcr 2-4 Person, PU5000 wasserdichte Zelt f\u00fcr Camping Reise Trekking Garten Kuppelzelt Ultraleichte Backpacking 2025 Upgrade - Notfallvorsorge - Krisenvorsorge<\/title>\n<meta name=\"robots\" content=\"index, follow, max-snippet:-1, max-image-preview:large, max-video-preview:-1\" \/>\n<link rel=\"canonical\" href=\"https:\/\/www.ralti.de\/?product=campingzelt-mit-vorraum-zelte-camping-zelt-fur-2-4-person-pu5000-wasserdichte-zelt-fur-camping-reise-trekking-garten-kuppelzelt-ultraleichte-backpacking-2025-upgrade\" \/>\n<meta property=\"og:locale\" content=\"de_DE\" \/>\n<meta property=\"og:type\" content=\"article\" \/>\n<meta property=\"og:title\" content=\"Campingzelt mit Vorraum, Zelte Camping Zelt f\u00fcr 2-4 Person, PU5000 wasserdichte Zelt f\u00fcr Camping Reise Trekking Garten Kuppelzelt Ultraleichte Backpacking 2025 Upgrade - Notfallvorsorge - Krisenvorsorge\" \/>\n<meta property=\"og:description\" content=\"Campingzelt:Erweiterte Gr\u00f6\u00dfe:320*250*145cm \uff08Schlafzimmer\uff1a230*250*145cm\uff09, Lagerungsgr\u00f6\u00dfe: 43*17*17cm Produktgewicht: 3.5 KG.Gro\u00dfer Raum, Kleines Paket, Leicht zu tragen. Wasserdicht und langlebig: Die Innenn\u00e4hte des Zeltes sind vollst\u00e4ndig verklebt! Das Zelt besteht aus rei\u00dffestem 210T-Polyesterstoff und der Boden ist aus 210D-Oxford-Gewebe gefertigt, um die Abriebfestigkeit des Produkts zu erh\u00f6hen. Das gesamte Zelt ist anti-Wasserdruck PU5000, was es vollst\u00e4ndig wasserdicht macht. Es verf\u00fcgt \u00fcber einen vollst\u00e4ndig eingen\u00e4hten Boden, um Sie trocken und sauber zu halten und bietet besseren Schutz vor Tau und Feuchtigkeit. Bel\u00fcftung, Windwiderstand: Das Campingzelt verf\u00fcgt \u00fcber eine Schlafzimmert\u00fcr mit einem Gitterfenster sowie eine \u00e4u\u00dfere Hallent\u00fcr. Das Zelt ist mit zwei Mesh-Screens ausgestattet, die von innen geschlossen werden k\u00f6nnen und so auch an Regentagen eine Luftzirkulation im Zelt erm\u00f6glichen, die die Atmungsaktivit\u00e4t und den Komfort erh\u00f6ht. Die winddichte Struktur, Glasbohrstange und -stangen sowie andere Verst\u00e4rkungen gew\u00e4hrleisten, dass das Zelt bei allen Witterungsbedingungen stabil bleibt.\" \/>\n<meta property=\"og:url\" content=\"https:\/\/www.ralti.de\/?product=campingzelt-mit-vorraum-zelte-camping-zelt-fur-2-4-person-pu5000-wasserdichte-zelt-fur-camping-reise-trekking-garten-kuppelzelt-ultraleichte-backpacking-2025-upgrade\" \/>\n<meta property=\"og:site_name\" content=\"Notfallvorsorge - Krisenvorsorge\" \/>\n<meta property=\"og:image\" content=\"https:\/\/m.media-amazon.com\/images\/I\/41yrtrhV5AL.jpg\" \/>\n\t<meta property=\"og:image:width\" content=\"500\" \/>\n\t<meta property=\"og:image:height\" content=\"500\" \/>\n\t<meta property=\"og:image:type\" content=\"image\/jpeg\" \/>\n<meta name=\"twitter:card\" content=\"summary_large_image\" \/>\n<meta name=\"twitter:label1\" content=\"Gesch\u00e4tzte Lesezeit\" \/>\n\t<meta name=\"twitter:data1\" content=\"2\u00a0Minuten\" \/>\n<script type=\"application\/ld+json\" class=\"yoast-schema-graph\">{\"@context\":\"https:\\\/\\\/schema.org\",\"@graph\":[{\"@type\":\"WebPage\",\"@id\":\"https:\\\/\\\/www.ralti.de\\\/?product=campingzelt-mit-vorraum-zelte-camping-zelt-fur-2-4-person-pu5000-wasserdichte-zelt-fur-camping-reise-trekking-garten-kuppelzelt-ultraleichte-backpacking-2025-upgrade\",\"url\":\"https:\\\/\\\/www.ralti.de\\\/?product=campingzelt-mit-vorraum-zelte-camping-zelt-fur-2-4-person-pu5000-wasserdichte-zelt-fur-camping-reise-trekking-garten-kuppelzelt-ultraleichte-backpacking-2025-upgrade\",\"name\":\"Campingzelt mit Vorraum, Zelte Camping Zelt f\u00fcr 2-4 Person, PU5000 wasserdichte Zelt f\u00fcr Camping Reise Trekking Garten Kuppelzelt Ultraleichte Backpacking 2025 Upgrade - Notfallvorsorge - Krisenvorsorge\",\"isPartOf\":{\"@id\":\"https:\\\/\\\/www.ralti.de\\\/#website\"},\"primaryImageOfPage\":{\"@id\":\"https:\\\/\\\/www.ralti.de\\\/?product=campingzelt-mit-vorraum-zelte-camping-zelt-fur-2-4-person-pu5000-wasserdichte-zelt-fur-camping-reise-trekking-garten-kuppelzelt-ultraleichte-backpacking-2025-upgrade#primaryimage\"},\"image\":{\"@id\":\"https:\\\/\\\/www.ralti.de\\\/?product=campingzelt-mit-vorraum-zelte-camping-zelt-fur-2-4-person-pu5000-wasserdichte-zelt-fur-camping-reise-trekking-garten-kuppelzelt-ultraleichte-backpacking-2025-upgrade#primaryimage\"},\"thumbnailUrl\":\"https:\\\/\\\/m.media-amazon.com\\\/images\\\/I\\\/41yrtrhV5AL.jpg\",\"datePublished\":\"2025-11-25T12:16:21+00:00\",\"breadcrumb\":{\"@id\":\"https:\\\/\\\/www.ralti.de\\\/?product=campingzelt-mit-vorraum-zelte-camping-zelt-fur-2-4-person-pu5000-wasserdichte-zelt-fur-camping-reise-trekking-garten-kuppelzelt-ultraleichte-backpacking-2025-upgrade#breadcrumb\"},\"inLanguage\":\"de\",\"potentialAction\":[{\"@type\":\"ReadAction\",\"target\":[\"https:\\\/\\\/www.ralti.de\\\/?product=campingzelt-mit-vorraum-zelte-camping-zelt-fur-2-4-person-pu5000-wasserdichte-zelt-fur-camping-reise-trekking-garten-kuppelzelt-ultraleichte-backpacking-2025-upgrade\"]}]},{\"@type\":\"ImageObject\",\"inLanguage\":\"de\",\"@id\":\"https:\\\/\\\/www.ralti.de\\\/?product=campingzelt-mit-vorraum-zelte-camping-zelt-fur-2-4-person-pu5000-wasserdichte-zelt-fur-camping-reise-trekking-garten-kuppelzelt-ultraleichte-backpacking-2025-upgrade#primaryimage\",\"url\":\"https:\\\/\\\/m.media-amazon.com\\\/images\\\/I\\\/41yrtrhV5AL.jpg\",\"contentUrl\":\"https:\\\/\\\/m.media-amazon.com\\\/images\\\/I\\\/41yrtrhV5AL.jpg\",\"width\":500,\"height\":500},{\"@type\":\"BreadcrumbList\",\"@id\":\"https:\\\/\\\/www.ralti.de\\\/?product=campingzelt-mit-vorraum-zelte-camping-zelt-fur-2-4-person-pu5000-wasserdichte-zelt-fur-camping-reise-trekking-garten-kuppelzelt-ultraleichte-backpacking-2025-upgrade#breadcrumb\",\"itemListElement\":[{\"@type\":\"ListItem\",\"position\":1,\"name\":\"Start\",\"item\":\"https:\\\/\\\/www.ralti.de\\\/\"},{\"@type\":\"ListItem\",\"position\":2,\"name\":\"Notfallartikel\",\"item\":\"https:\\\/\\\/www.ralti.de\\\/?page_id=14189\"},{\"@type\":\"ListItem\",\"position\":3,\"name\":\"Campingzelt mit Vorraum, Zelte Camping Zelt f\u00fcr 2-4 Person, PU5000 wasserdichte Zelt f\u00fcr Camping Reise Trekking Garten Kuppelzelt Ultraleichte Backpacking 2025 Upgrade\"}]},{\"@type\":\"WebSite\",\"@id\":\"https:\\\/\\\/www.ralti.de\\\/#website\",\"url\":\"https:\\\/\\\/www.ralti.de\\\/\",\"name\":\"Ralti.de\",\"description\":\"Hier viele gute Angebote\",\"publisher\":{\"@id\":\"https:\\\/\\\/www.ralti.de\\\/#organization\"},\"potentialAction\":[{\"@type\":\"SearchAction\",\"target\":{\"@type\":\"EntryPoint\",\"urlTemplate\":\"https:\\\/\\\/www.ralti.de\\\/?s={search_term_string}\"},\"query-input\":{\"@type\":\"PropertyValueSpecification\",\"valueRequired\":true,\"valueName\":\"search_term_string\"}}],\"inLanguage\":\"de\"},{\"@type\":\"Organization\",\"@id\":\"https:\\\/\\\/www.ralti.de\\\/#organization\",\"name\":\"Ralti.de\",\"url\":\"https:\\\/\\\/www.ralti.de\\\/\",\"logo\":{\"@type\":\"ImageObject\",\"inLanguage\":\"de\",\"@id\":\"https:\\\/\\\/www.ralti.de\\\/#\\\/schema\\\/logo\\\/image\\\/\",\"url\":\"https:\\\/\\\/www.ralti.de\\\/wp-content\\\/uploads\\\/2025\\\/11\\\/ralti.png\",\"contentUrl\":\"https:\\\/\\\/www.ralti.de\\\/wp-content\\\/uploads\\\/2025\\\/11\\\/ralti.png\",\"width\":240,\"height\":75,\"caption\":\"Ralti.de\"},\"image\":{\"@id\":\"https:\\\/\\\/www.ralti.de\\\/#\\\/schema\\\/logo\\\/image\\\/\"}}]}<\/script>\n<!-- \/ Yoast SEO plugin. -->","yoast_head_json":{"title":"Campingzelt mit Vorraum, Zelte Camping Zelt f\u00fcr 2-4 Person, PU5000 wasserdichte Zelt f\u00fcr Camping Reise Trekking Garten Kuppelzelt Ultraleichte Backpacking 2025 Upgrade - Notfallvorsorge - Krisenvorsorge","robots":{"index":"index","follow":"follow","max-snippet":"max-snippet:-1","max-image-preview":"max-image-preview:large","max-video-preview":"max-video-preview:-1"},"canonical":"https:\/\/www.ralti.de\/?product=campingzelt-mit-vorraum-zelte-camping-zelt-fur-2-4-person-pu5000-wasserdichte-zelt-fur-camping-reise-trekking-garten-kuppelzelt-ultraleichte-backpacking-2025-upgrade","og_locale":"de_DE","og_type":"article","og_title":"Campingzelt mit Vorraum, Zelte Camping Zelt f\u00fcr 2-4 Person, PU5000 wasserdichte Zelt f\u00fcr Camping Reise Trekking Garten Kuppelzelt Ultraleichte Backpacking 2025 Upgrade - Notfallvorsorge - Krisenvorsorge","og_description":"Campingzelt:Erweiterte Gr\u00f6\u00dfe:320*250*145cm \uff08Schlafzimmer\uff1a230*250*145cm\uff09, Lagerungsgr\u00f6\u00dfe: 43*17*17cm Produktgewicht: 3.5 KG.Gro\u00dfer Raum, Kleines Paket, Leicht zu tragen. Wasserdicht und langlebig: Die Innenn\u00e4hte des Zeltes sind vollst\u00e4ndig verklebt! Das Zelt besteht aus rei\u00dffestem 210T-Polyesterstoff und der Boden ist aus 210D-Oxford-Gewebe gefertigt, um die Abriebfestigkeit des Produkts zu erh\u00f6hen. Das gesamte Zelt ist anti-Wasserdruck PU5000, was es vollst\u00e4ndig wasserdicht macht. Es verf\u00fcgt \u00fcber einen vollst\u00e4ndig eingen\u00e4hten Boden, um Sie trocken und sauber zu halten und bietet besseren Schutz vor Tau und Feuchtigkeit. Bel\u00fcftung, Windwiderstand: Das Campingzelt verf\u00fcgt \u00fcber eine Schlafzimmert\u00fcr mit einem Gitterfenster sowie eine \u00e4u\u00dfere Hallent\u00fcr. Das Zelt ist mit zwei Mesh-Screens ausgestattet, die von innen geschlossen werden k\u00f6nnen und so auch an Regentagen eine Luftzirkulation im Zelt erm\u00f6glichen, die die Atmungsaktivit\u00e4t und den Komfort erh\u00f6ht. Die winddichte Struktur, Glasbohrstange und -stangen sowie andere Verst\u00e4rkungen gew\u00e4hrleisten, dass das Zelt bei allen Witterungsbedingungen stabil bleibt.","og_url":"https:\/\/www.ralti.de\/?product=campingzelt-mit-vorraum-zelte-camping-zelt-fur-2-4-person-pu5000-wasserdichte-zelt-fur-camping-reise-trekking-garten-kuppelzelt-ultraleichte-backpacking-2025-upgrade","og_site_name":"Notfallvorsorge - Krisenvorsorge","og_image":[{"width":500,"height":500,"url":"https:\/\/m.media-amazon.com\/images\/I\/41yrtrhV5AL.jpg","type":"image\/jpeg"}],"twitter_card":"summary_large_image","twitter_misc":{"Gesch\u00e4tzte Lesezeit":"2\u00a0Minuten"},"schema":{"@context":"https:\/\/schema.org","@graph":[{"@type":"WebPage","@id":"https:\/\/www.ralti.de\/?product=campingzelt-mit-vorraum-zelte-camping-zelt-fur-2-4-person-pu5000-wasserdichte-zelt-fur-camping-reise-trekking-garten-kuppelzelt-ultraleichte-backpacking-2025-upgrade","url":"https:\/\/www.ralti.de\/?product=campingzelt-mit-vorraum-zelte-camping-zelt-fur-2-4-person-pu5000-wasserdichte-zelt-fur-camping-reise-trekking-garten-kuppelzelt-ultraleichte-backpacking-2025-upgrade","name":"Campingzelt mit Vorraum, Zelte Camping Zelt f\u00fcr 2-4 Person, PU5000 wasserdichte Zelt f\u00fcr Camping Reise Trekking Garten Kuppelzelt Ultraleichte Backpacking 2025 Upgrade - Notfallvorsorge - Krisenvorsorge","isPartOf":{"@id":"https:\/\/www.ralti.de\/#website"},"primaryImageOfPage":{"@id":"https:\/\/www.ralti.de\/?product=campingzelt-mit-vorraum-zelte-camping-zelt-fur-2-4-person-pu5000-wasserdichte-zelt-fur-camping-reise-trekking-garten-kuppelzelt-ultraleichte-backpacking-2025-upgrade#primaryimage"},"image":{"@id":"https:\/\/www.ralti.de\/?product=campingzelt-mit-vorraum-zelte-camping-zelt-fur-2-4-person-pu5000-wasserdichte-zelt-fur-camping-reise-trekking-garten-kuppelzelt-ultraleichte-backpacking-2025-upgrade#primaryimage"},"thumbnailUrl":"https:\/\/m.media-amazon.com\/images\/I\/41yrtrhV5AL.jpg","datePublished":"2025-11-25T12:16:21+00:00","breadcrumb":{"@id":"https:\/\/www.ralti.de\/?product=campingzelt-mit-vorraum-zelte-camping-zelt-fur-2-4-person-pu5000-wasserdichte-zelt-fur-camping-reise-trekking-garten-kuppelzelt-ultraleichte-backpacking-2025-upgrade#breadcrumb"},"inLanguage":"de","potentialAction":[{"@type":"ReadAction","target":["https:\/\/www.ralti.de\/?product=campingzelt-mit-vorraum-zelte-camping-zelt-fur-2-4-person-pu5000-wasserdichte-zelt-fur-camping-reise-trekking-garten-kuppelzelt-ultraleichte-backpacking-2025-upgrade"]}]},{"@type":"ImageObject","inLanguage":"de","@id":"https:\/\/www.ralti.de\/?product=campingzelt-mit-vorraum-zelte-camping-zelt-fur-2-4-person-pu5000-wasserdichte-zelt-fur-camping-reise-trekking-garten-kuppelzelt-ultraleichte-backpacking-2025-upgrade#primaryimage","url":"https:\/\/m.media-amazon.com\/images\/I\/41yrtrhV5AL.jpg","contentUrl":"https:\/\/m.media-amazon.com\/images\/I\/41yrtrhV5AL.jpg","width":500,"height":500},{"@type":"BreadcrumbList","@id":"https:\/\/www.ralti.de\/?product=campingzelt-mit-vorraum-zelte-camping-zelt-fur-2-4-person-pu5000-wasserdichte-zelt-fur-camping-reise-trekking-garten-kuppelzelt-ultraleichte-backpacking-2025-upgrade#breadcrumb","itemListElement":[{"@type":"ListItem","position":1,"name":"Start","item":"https:\/\/www.ralti.de\/"},{"@type":"ListItem","position":2,"name":"Notfallartikel","item":"https:\/\/www.ralti.de\/?page_id=14189"},{"@type":"ListItem","position":3,"name":"Campingzelt mit Vorraum, Zelte Camping Zelt f\u00fcr 2-4 Person, PU5000 wasserdichte Zelt f\u00fcr Camping Reise Trekking Garten Kuppelzelt Ultraleichte Backpacking 2025 Upgrade"}]},{"@type":"WebSite","@id":"https:\/\/www.ralti.de\/#website","url":"https:\/\/www.ralti.de\/","name":"Ralti.de","description":"Hier viele gute Angebote","publisher":{"@id":"https:\/\/www.ralti.de\/#organization"},"potentialAction":[{"@type":"SearchAction","target":{"@type":"EntryPoint","urlTemplate":"https:\/\/www.ralti.de\/?s={search_term_string}"},"query-input":{"@type":"PropertyValueSpecification","valueRequired":true,"valueName":"search_term_string"}}],"inLanguage":"de"},{"@type":"Organization","@id":"https:\/\/www.ralti.de\/#organization","name":"Ralti.de","url":"https:\/\/www.ralti.de\/","logo":{"@type":"ImageObject","inLanguage":"de","@id":"https:\/\/www.ralti.de\/#\/schema\/logo\/image\/","url":"https:\/\/www.ralti.de\/wp-content\/uploads\/2025\/11\/ralti.png","contentUrl":"https:\/\/www.ralti.de\/wp-content\/uploads\/2025\/11\/ralti.png","width":240,"height":75,"caption":"Ralti.de"},"image":{"@id":"https:\/\/www.ralti.de\/#\/schema\/logo\/image\/"}}]}},"_links":{"self":[{"href":"https:\/\/www.ralti.de\/index.php?rest_route=\/wp\/v2\/product\/13896","targetHints":{"allow":["GET"]}}],"collection":[{"href":"https:\/\/www.ralti.de\/index.php?rest_route=\/wp\/v2\/product"}],"about":[{"href":"https:\/\/www.ralti.de\/index.php?rest_route=\/wp\/v2\/types\/product"}],"replies":[{"embeddable":true,"href":"https:\/\/www.ralti.de\/index.php?rest_route=%2Fwp%2Fv2%2Fcomments&post=13896"}],"wp:featuredmedia":[{"embeddable":true,"href":"https:\/\/www.ralti.de\/index.php?rest_route=\/wp\/v2\/media\/13897"}],"wp:attachment":[{"href":"https:\/\/www.ralti.de\/index.php?rest_route=%2Fwp%2Fv2%2Fmedia&parent=13896"}],"wp:term":[{"taxonomy":"product_brand","embeddable":true,"href":"https:\/\/www.ralti.de\/index.php?rest_route=%2Fwp%2Fv2%2Fproduct_brand&post=13896"},{"taxonomy":"product_cat","embeddable":true,"href":"https:\/\/www.ralti.de\/index.php?rest_route=%2Fwp%2Fv2%2Fproduct_cat&post=13896"},{"taxonomy":"product_tag","embeddable":true,"href":"https:\/\/www.ralti.de\/index.php?rest_route=%2Fwp%2Fv2%2Fproduct_tag&post=13896"}],"curies":[{"name":"wp","href":"https:\/\/api.w.org\/{rel}","templated":true}]}}