{"id":5363,"date":"2025-11-25T09:15:22","date_gmt":"2025-11-25T09:15:22","guid":{"rendered":"https:\/\/www.ralti.de\/shop-2\/uncategorized\/brandit-m65-manner-winterjacke-navy-basics\/"},"modified":"2025-11-25T09:15:22","modified_gmt":"2025-11-25T09:15:22","slug":"brandit-m65-manner-winterjacke-navy-basics","status":"publish","type":"product","link":"https:\/\/www.ralti.de\/?product=brandit-m65-manner-winterjacke-navy-basics","title":{"rendered":"Brandit M65 M\u00e4nner Winterjacke navy Basics"},"content":{"rendered":"<p><!-- show up to 2 reviews by default --> <\/p>\n<p> <span class=\"a-text-bold\">Produktinformationen &#8220;Brandit M-65 Fieldjacket Classic&#8221;<\/span><span><\/p>\n<p> Die M-65 ist eine h\u00fcftlange Feldjacke der US-Streitkr\u00e4fte. Ihre Robustheit und der bequeme Schnitt sind legend\u00e4r. <br \/> Seit 1965 gesch\u00e4tzt, wirkte sie \u00fcber Jahrzehnte stilbildend auf die Mode ihrer Zeit und wurde zu einer Art <br \/> pers\u00f6nlichem Markenzeichen mit Wiedererkennungswert. <br \/> Die warme Innenjacke aus Polyester ist gesteppt und auskn\u00f6pfbar. <br \/> Die Aussenjacke aus Baumwolle kann ohne Futter auch an k\u00fchlen Sommertagen getragen werden. <br \/> Zudem befindet sich eine versteckte Baumwollkapuze im Kragen. <br \/> F\u00fcr die perfekte Passform gibt es innenliegende H\u00fcftb\u00e4nder zur Weitenregulierung. Jede Menge Stauraum bieten je <br \/> zwei Brust\/H\u00fcftpattentaschen mit Druckknopfverschluss. <br \/> Nat\u00fcrlich sind die Schulterklappen mit Knopfverschluss und der \u00c4rmelabschluss mit verstellbarem Klett bei der M-65 uabbk\u00f6mmlich. <\/p>\n<p> &#8211; wasserabweisendes, robustes Mischgewebe<br \/> &#8211; klassische US-Feldjacke<br \/> &#8211; austrennbare Innenjacke<br \/> &#8211; Kapuze im Kragen<br \/> &#8211; weitenregulierbare Taille<br \/> &#8211; Armabschluss mit Klett<\/p>\n<p> <\/span><span class=\"a-text-bold\">Material:<\/span><span><br \/> &#8211; Obermaterial: 80% Polyester, 20% Baumwolle<br \/> &#8211; Futter: 100% Baumwolle<br \/> &#8211; Kapuzenb\u00fcndchen: 93% Baumwolle, 7% Elasthan<br \/> &#8211; elastische B\u00e4nder: 80% Elastodien, 20% Polyester<br \/> &#8211; Oberstoff Innenjacke: 100% Polyester<br \/> &#8211; Futter: 100% Polyester<br \/> &#8211; Wattierung: 100% Polyester<\/span> <\/p>\n<div class=\"main-cross-sell\" data-asin=\"B01N76M3UG\">\n\n\t<div class=\"WooZone-cross-sell-loader\">\n\t\t<div>\n\t\t\t<div id=\"floatingBarsG\">\n\t\t\t\t<div class=\"blockG\" id=\"rotateG_01\"><\/div>\n\t\t\t\t<div class=\"blockG\" id=\"rotateG_02\"><\/div>\n\t\t\t\t<div class=\"blockG\" id=\"rotateG_03\"><\/div>\n\t\t\t\t<div class=\"blockG\" id=\"rotateG_04\"><\/div>\n\t\t\t\t<div class=\"blockG\" id=\"rotateG_05\"><\/div>\n\t\t\t\t<div class=\"blockG\" id=\"rotateG_06\"><\/div>\n\t\t\t\t<div class=\"blockG\" id=\"rotateG_07\"><\/div>\n\t\t\t\t<div class=\"blockG\" id=\"rotateG_08\"><\/div>\n\t\t\t<\/div>\n\t\t\t<div class=\"WooZone-cross-sell-loader-text\"><\/div>\n\t\t<\/div>\n\t<\/div>\n\n\t\t\n<\/div>\n<div style=\"clear:both;\"><\/div>\n","protected":false},"excerpt":{"rendered":"<p>Produktinformationen &#8220;Brandit M-65 Fieldjacket Classic&#8221; Die M-65 ist eine h\u00fcftlange Feldjacke der US-Streitkr\u00e4fte. Ihre Robustheit und der bequeme Schnitt sind legend\u00e4r. Seit 1965 gesch\u00e4tzt, wirkte sie \u00fcber Jahrzehnte stilbildend auf die Mode ihrer Zeit und wurde zu einer Art pers\u00f6nlichem Markenzeichen mit Wiedererkennungswert. Die warme&hellip;<\/p>\n","protected":false},"featured_media":5364,"comment_status":"open","ping_status":"closed","template":"","meta":{"_acf_changed":false},"product_brand":[],"product_cat":[225,230],"product_tag":[],"class_list":{"0":"post-5363","1":"product","2":"type-product","3":"status-publish","4":"has-post-thumbnail","6":"product_cat-kleidung","7":"product_cat-tarnkleidung","9":"first","10":"instock","11":"shipping-taxable","12":"product-type-external"},"acf":[],"yoast_head":"<!-- This site is optimized with the Yoast SEO plugin v27.5 - https:\/\/yoast.com\/product\/yoast-seo-wordpress\/ -->\n<title>Brandit M65 M\u00e4nner Winterjacke navy Basics - Notfallvorsorge - Krisenvorsorge<\/title>\n<meta name=\"robots\" content=\"index, follow, max-snippet:-1, max-image-preview:large, max-video-preview:-1\" \/>\n<link rel=\"canonical\" href=\"https:\/\/www.ralti.de\/?product=brandit-m65-manner-winterjacke-navy-basics\" \/>\n<meta property=\"og:locale\" content=\"de_DE\" \/>\n<meta property=\"og:type\" content=\"article\" \/>\n<meta property=\"og:title\" content=\"Brandit M65 M\u00e4nner Winterjacke navy Basics - Notfallvorsorge - Krisenvorsorge\" \/>\n<meta property=\"og:description\" content=\"Produktinformationen &#8220;Brandit M-65 Fieldjacket Classic&#8221; Die M-65 ist eine h\u00fcftlange Feldjacke der US-Streitkr\u00e4fte. Ihre Robustheit und der bequeme Schnitt sind legend\u00e4r. Seit 1965 gesch\u00e4tzt, wirkte sie \u00fcber Jahrzehnte stilbildend auf die Mode ihrer Zeit und wurde zu einer Art pers\u00f6nlichem Markenzeichen mit Wiedererkennungswert. Die warme&hellip;\" \/>\n<meta property=\"og:url\" content=\"https:\/\/www.ralti.de\/?product=brandit-m65-manner-winterjacke-navy-basics\" \/>\n<meta property=\"og:site_name\" content=\"Notfallvorsorge - Krisenvorsorge\" \/>\n<meta property=\"og:image\" content=\"https:\/\/m.media-amazon.com\/images\/I\/41IHET8elSL.jpg\" \/>\n\t<meta property=\"og:image:width\" content=\"500\" \/>\n\t<meta property=\"og:image:height\" content=\"500\" \/>\n\t<meta property=\"og:image:type\" content=\"image\/jpeg\" \/>\n<meta name=\"twitter:card\" content=\"summary_large_image\" \/>\n<meta name=\"twitter:label1\" content=\"Gesch\u00e4tzte Lesezeit\" \/>\n\t<meta name=\"twitter:data1\" content=\"1\u00a0Minute\" \/>\n<script type=\"application\/ld+json\" class=\"yoast-schema-graph\">{\"@context\":\"https:\\\/\\\/schema.org\",\"@graph\":[{\"@type\":\"WebPage\",\"@id\":\"https:\\\/\\\/www.ralti.de\\\/?product=brandit-m65-manner-winterjacke-navy-basics\",\"url\":\"https:\\\/\\\/www.ralti.de\\\/?product=brandit-m65-manner-winterjacke-navy-basics\",\"name\":\"Brandit M65 M\u00e4nner Winterjacke navy Basics - Notfallvorsorge - Krisenvorsorge\",\"isPartOf\":{\"@id\":\"https:\\\/\\\/www.ralti.de\\\/#website\"},\"primaryImageOfPage\":{\"@id\":\"https:\\\/\\\/www.ralti.de\\\/?product=brandit-m65-manner-winterjacke-navy-basics#primaryimage\"},\"image\":{\"@id\":\"https:\\\/\\\/www.ralti.de\\\/?product=brandit-m65-manner-winterjacke-navy-basics#primaryimage\"},\"thumbnailUrl\":\"https:\\\/\\\/m.media-amazon.com\\\/images\\\/I\\\/41IHET8elSL.jpg\",\"datePublished\":\"2025-11-25T09:15:22+00:00\",\"breadcrumb\":{\"@id\":\"https:\\\/\\\/www.ralti.de\\\/?product=brandit-m65-manner-winterjacke-navy-basics#breadcrumb\"},\"inLanguage\":\"de\",\"potentialAction\":[{\"@type\":\"ReadAction\",\"target\":[\"https:\\\/\\\/www.ralti.de\\\/?product=brandit-m65-manner-winterjacke-navy-basics\"]}]},{\"@type\":\"ImageObject\",\"inLanguage\":\"de\",\"@id\":\"https:\\\/\\\/www.ralti.de\\\/?product=brandit-m65-manner-winterjacke-navy-basics#primaryimage\",\"url\":\"https:\\\/\\\/m.media-amazon.com\\\/images\\\/I\\\/41IHET8elSL.jpg\",\"contentUrl\":\"https:\\\/\\\/m.media-amazon.com\\\/images\\\/I\\\/41IHET8elSL.jpg\",\"width\":500,\"height\":500},{\"@type\":\"BreadcrumbList\",\"@id\":\"https:\\\/\\\/www.ralti.de\\\/?product=brandit-m65-manner-winterjacke-navy-basics#breadcrumb\",\"itemListElement\":[{\"@type\":\"ListItem\",\"position\":1,\"name\":\"Start\",\"item\":\"https:\\\/\\\/www.ralti.de\\\/\"},{\"@type\":\"ListItem\",\"position\":2,\"name\":\"Notfallartikel\",\"item\":\"https:\\\/\\\/www.ralti.de\\\/?page_id=14189\"},{\"@type\":\"ListItem\",\"position\":3,\"name\":\"Brandit M65 M\u00e4nner Winterjacke navy Basics\"}]},{\"@type\":\"WebSite\",\"@id\":\"https:\\\/\\\/www.ralti.de\\\/#website\",\"url\":\"https:\\\/\\\/www.ralti.de\\\/\",\"name\":\"Ralti.de\",\"description\":\"Hier viele gute Angebote\",\"publisher\":{\"@id\":\"https:\\\/\\\/www.ralti.de\\\/#organization\"},\"potentialAction\":[{\"@type\":\"SearchAction\",\"target\":{\"@type\":\"EntryPoint\",\"urlTemplate\":\"https:\\\/\\\/www.ralti.de\\\/?s={search_term_string}\"},\"query-input\":{\"@type\":\"PropertyValueSpecification\",\"valueRequired\":true,\"valueName\":\"search_term_string\"}}],\"inLanguage\":\"de\"},{\"@type\":\"Organization\",\"@id\":\"https:\\\/\\\/www.ralti.de\\\/#organization\",\"name\":\"Ralti.de\",\"url\":\"https:\\\/\\\/www.ralti.de\\\/\",\"logo\":{\"@type\":\"ImageObject\",\"inLanguage\":\"de\",\"@id\":\"https:\\\/\\\/www.ralti.de\\\/#\\\/schema\\\/logo\\\/image\\\/\",\"url\":\"https:\\\/\\\/www.ralti.de\\\/wp-content\\\/uploads\\\/2025\\\/11\\\/ralti.png\",\"contentUrl\":\"https:\\\/\\\/www.ralti.de\\\/wp-content\\\/uploads\\\/2025\\\/11\\\/ralti.png\",\"width\":240,\"height\":75,\"caption\":\"Ralti.de\"},\"image\":{\"@id\":\"https:\\\/\\\/www.ralti.de\\\/#\\\/schema\\\/logo\\\/image\\\/\"}}]}<\/script>\n<!-- \/ Yoast SEO plugin. -->","yoast_head_json":{"title":"Brandit M65 M\u00e4nner Winterjacke navy Basics - Notfallvorsorge - Krisenvorsorge","robots":{"index":"index","follow":"follow","max-snippet":"max-snippet:-1","max-image-preview":"max-image-preview:large","max-video-preview":"max-video-preview:-1"},"canonical":"https:\/\/www.ralti.de\/?product=brandit-m65-manner-winterjacke-navy-basics","og_locale":"de_DE","og_type":"article","og_title":"Brandit M65 M\u00e4nner Winterjacke navy Basics - Notfallvorsorge - Krisenvorsorge","og_description":"Produktinformationen &#8220;Brandit M-65 Fieldjacket Classic&#8221; Die M-65 ist eine h\u00fcftlange Feldjacke der US-Streitkr\u00e4fte. Ihre Robustheit und der bequeme Schnitt sind legend\u00e4r. Seit 1965 gesch\u00e4tzt, wirkte sie \u00fcber Jahrzehnte stilbildend auf die Mode ihrer Zeit und wurde zu einer Art pers\u00f6nlichem Markenzeichen mit Wiedererkennungswert. Die warme&hellip;","og_url":"https:\/\/www.ralti.de\/?product=brandit-m65-manner-winterjacke-navy-basics","og_site_name":"Notfallvorsorge - Krisenvorsorge","og_image":[{"width":500,"height":500,"url":"https:\/\/m.media-amazon.com\/images\/I\/41IHET8elSL.jpg","type":"image\/jpeg"}],"twitter_card":"summary_large_image","twitter_misc":{"Gesch\u00e4tzte Lesezeit":"1\u00a0Minute"},"schema":{"@context":"https:\/\/schema.org","@graph":[{"@type":"WebPage","@id":"https:\/\/www.ralti.de\/?product=brandit-m65-manner-winterjacke-navy-basics","url":"https:\/\/www.ralti.de\/?product=brandit-m65-manner-winterjacke-navy-basics","name":"Brandit M65 M\u00e4nner Winterjacke navy Basics - Notfallvorsorge - Krisenvorsorge","isPartOf":{"@id":"https:\/\/www.ralti.de\/#website"},"primaryImageOfPage":{"@id":"https:\/\/www.ralti.de\/?product=brandit-m65-manner-winterjacke-navy-basics#primaryimage"},"image":{"@id":"https:\/\/www.ralti.de\/?product=brandit-m65-manner-winterjacke-navy-basics#primaryimage"},"thumbnailUrl":"https:\/\/m.media-amazon.com\/images\/I\/41IHET8elSL.jpg","datePublished":"2025-11-25T09:15:22+00:00","breadcrumb":{"@id":"https:\/\/www.ralti.de\/?product=brandit-m65-manner-winterjacke-navy-basics#breadcrumb"},"inLanguage":"de","potentialAction":[{"@type":"ReadAction","target":["https:\/\/www.ralti.de\/?product=brandit-m65-manner-winterjacke-navy-basics"]}]},{"@type":"ImageObject","inLanguage":"de","@id":"https:\/\/www.ralti.de\/?product=brandit-m65-manner-winterjacke-navy-basics#primaryimage","url":"https:\/\/m.media-amazon.com\/images\/I\/41IHET8elSL.jpg","contentUrl":"https:\/\/m.media-amazon.com\/images\/I\/41IHET8elSL.jpg","width":500,"height":500},{"@type":"BreadcrumbList","@id":"https:\/\/www.ralti.de\/?product=brandit-m65-manner-winterjacke-navy-basics#breadcrumb","itemListElement":[{"@type":"ListItem","position":1,"name":"Start","item":"https:\/\/www.ralti.de\/"},{"@type":"ListItem","position":2,"name":"Notfallartikel","item":"https:\/\/www.ralti.de\/?page_id=14189"},{"@type":"ListItem","position":3,"name":"Brandit M65 M\u00e4nner Winterjacke navy Basics"}]},{"@type":"WebSite","@id":"https:\/\/www.ralti.de\/#website","url":"https:\/\/www.ralti.de\/","name":"Ralti.de","description":"Hier viele gute Angebote","publisher":{"@id":"https:\/\/www.ralti.de\/#organization"},"potentialAction":[{"@type":"SearchAction","target":{"@type":"EntryPoint","urlTemplate":"https:\/\/www.ralti.de\/?s={search_term_string}"},"query-input":{"@type":"PropertyValueSpecification","valueRequired":true,"valueName":"search_term_string"}}],"inLanguage":"de"},{"@type":"Organization","@id":"https:\/\/www.ralti.de\/#organization","name":"Ralti.de","url":"https:\/\/www.ralti.de\/","logo":{"@type":"ImageObject","inLanguage":"de","@id":"https:\/\/www.ralti.de\/#\/schema\/logo\/image\/","url":"https:\/\/www.ralti.de\/wp-content\/uploads\/2025\/11\/ralti.png","contentUrl":"https:\/\/www.ralti.de\/wp-content\/uploads\/2025\/11\/ralti.png","width":240,"height":75,"caption":"Ralti.de"},"image":{"@id":"https:\/\/www.ralti.de\/#\/schema\/logo\/image\/"}}]}},"_links":{"self":[{"href":"https:\/\/www.ralti.de\/index.php?rest_route=\/wp\/v2\/product\/5363","targetHints":{"allow":["GET"]}}],"collection":[{"href":"https:\/\/www.ralti.de\/index.php?rest_route=\/wp\/v2\/product"}],"about":[{"href":"https:\/\/www.ralti.de\/index.php?rest_route=\/wp\/v2\/types\/product"}],"replies":[{"embeddable":true,"href":"https:\/\/www.ralti.de\/index.php?rest_route=%2Fwp%2Fv2%2Fcomments&post=5363"}],"wp:featuredmedia":[{"embeddable":true,"href":"https:\/\/www.ralti.de\/index.php?rest_route=\/wp\/v2\/media\/5364"}],"wp:attachment":[{"href":"https:\/\/www.ralti.de\/index.php?rest_route=%2Fwp%2Fv2%2Fmedia&parent=5363"}],"wp:term":[{"taxonomy":"product_brand","embeddable":true,"href":"https:\/\/www.ralti.de\/index.php?rest_route=%2Fwp%2Fv2%2Fproduct_brand&post=5363"},{"taxonomy":"product_cat","embeddable":true,"href":"https:\/\/www.ralti.de\/index.php?rest_route=%2Fwp%2Fv2%2Fproduct_cat&post=5363"},{"taxonomy":"product_tag","embeddable":true,"href":"https:\/\/www.ralti.de\/index.php?rest_route=%2Fwp%2Fv2%2Fproduct_tag&post=5363"}],"curies":[{"name":"wp","href":"https:\/\/api.w.org\/{rel}","templated":true}]}}