{"id":5405,"date":"2025-11-25T09:15:35","date_gmt":"2025-11-25T09:15:35","guid":{"rendered":"https:\/\/www.ralti.de\/shop-2\/uncategorized\/krumba-herren-tarnung-jagd-winddichte-wasserdichte-jacke\/"},"modified":"2025-11-25T09:15:35","modified_gmt":"2025-11-25T09:15:35","slug":"krumba-herren-tarnung-jagd-winddichte-wasserdichte-jacke","status":"publish","type":"product","link":"https:\/\/www.ralti.de\/?product=krumba-herren-tarnung-jagd-winddichte-wasserdichte-jacke","title":{"rendered":"Krumba Herren Tarnung Jagd Winddichte Wasserdichte Jacke"},"content":{"rendered":"<p><!-- show up to 2 reviews by default --> <\/p>\n<p><span>*Diese Tarnjacke f\u00fcr die Jagd ist die Wahl f\u00fcr Outdoor-Enthusiasten, Wanderer, J\u00e4ger und alle, die an Wintertagen warm bleiben m\u00f6chten. <\/p>\n<p> *Dieses Produkt ist f\u00fcr Gr\u00f6\u00dfen von S bis 3XLarge geeignet und gew\u00e4hrleistet eine bequeme und angenehme Passform f\u00fcr eine Vielzahl von Personen. <\/p>\n<p> *Diese Jagdjacke besteht aus einer Premium-Mischung aus 86% Polyester und 14% Elasthan und bietet Haltbarkeit und Flexibilit\u00e4t f\u00fcr uneingeschr\u00e4nkte Bewegungsfreiheit bei Ihren Outdoor-Aktivit\u00e4ten. Der Stoff erzeugt minimale Reibungsger\u00e4usche und ist somit ideal f\u00fcr die Jagd. <\/p>\n<p> *Das wasserabweisende Design sorgt daf\u00fcr, dass Sie auch bei unvorhersehbaren Wetterbedingungen trocken und gesch\u00fctzt bleiben, sodass Sie sich auf Ihr Jagderlebnis konzentrieren k\u00f6nnen <\/p>\n<p> *Verf\u00fcgt \u00fcber eine abnehmbare Kapuze, die vielseitige M\u00f6glichkeiten zur Anpassung an wechselnde Wetterbedingungen bietet. Egal, ob Sie bei Regen zus\u00e4tzlichen Kopfschutz ben\u00f6tigen oder einen stromlinienf\u00f6rmigeren Look bevorzugen, mit dieser Jacke sind Sie bestens ger\u00fcstet. <\/p>\n<p> *Diese Jacke ist pr\u00e4zise geschnitten und gen\u00e4ht und verf\u00fcgt \u00fcber eine nahtversiegelte Konstruktion, die hervorragenden wasserdichten Schutz garantiert. Das elastische Band am Saum erm\u00f6glicht eine einfache Anpassung und sorgt f\u00fcr eine gute Passform und zus\u00e4tzliche Isolierung gegen K\u00e4lte. Der Stehkragen bietet zus\u00e4tzlichen Schutz und verhindert, dass Wind in die Jacke eindringt. <\/p>\n<p> *Ausgestattet mit einem Frontrei\u00dfverschluss bietet diese Jacke m\u00fcheloses An- und Ausziehen. Die 2 seitlichen Brusttaschen verf\u00fcgen \u00fcber wasserdichte Rei\u00dfverschl\u00fcsse<\/p>\n<p> *Innentaschen mit Rei\u00dfverschluss und Gummiplakette bieten sicheren Stauraum f\u00fcr Wertgegenst\u00e4nde wie Geldb\u00f6rsen oder Karten, sodass Sie bei Ihren Outdoor-Abenteuern beruhigt sein k\u00f6nnen.<\/span><\/p>\n<\/p>\n<div class=\"main-cross-sell\" data-asin=\"B01M7THPE6\">\n\n\t<div class=\"WooZone-cross-sell-loader\">\n\t\t<div>\n\t\t\t<div id=\"floatingBarsG\">\n\t\t\t\t<div class=\"blockG\" id=\"rotateG_01\"><\/div>\n\t\t\t\t<div class=\"blockG\" id=\"rotateG_02\"><\/div>\n\t\t\t\t<div class=\"blockG\" id=\"rotateG_03\"><\/div>\n\t\t\t\t<div class=\"blockG\" id=\"rotateG_04\"><\/div>\n\t\t\t\t<div class=\"blockG\" id=\"rotateG_05\"><\/div>\n\t\t\t\t<div class=\"blockG\" id=\"rotateG_06\"><\/div>\n\t\t\t\t<div class=\"blockG\" id=\"rotateG_07\"><\/div>\n\t\t\t\t<div class=\"blockG\" id=\"rotateG_08\"><\/div>\n\t\t\t<\/div>\n\t\t\t<div class=\"WooZone-cross-sell-loader-text\"><\/div>\n\t\t<\/div>\n\t<\/div>\n\n\t\t\n<\/div>\n<div style=\"clear:both;\"><\/div>\n","protected":false},"excerpt":{"rendered":"<p>*Diese Tarnjacke f\u00fcr die Jagd ist die Wahl f\u00fcr Outdoor-Enthusiasten, Wanderer, J\u00e4ger und alle, die an Wintertagen warm bleiben m\u00f6chten. *Dieses Produkt ist f\u00fcr Gr\u00f6\u00dfen von S bis 3XLarge geeignet und gew\u00e4hrleistet eine bequeme und angenehme Passform f\u00fcr eine Vielzahl von Personen. *Diese Jagdjacke besteht&hellip;<\/p>\n","protected":false},"featured_media":5406,"comment_status":"open","ping_status":"closed","template":"","meta":{"_acf_changed":false},"product_brand":[],"product_cat":[225,230],"product_tag":[],"class_list":{"0":"post-5405","1":"product","2":"type-product","3":"status-publish","4":"has-post-thumbnail","6":"product_cat-kleidung","7":"product_cat-tarnkleidung","9":"first","10":"instock","11":"shipping-taxable","12":"product-type-external"},"acf":[],"yoast_head":"<!-- This site is optimized with the Yoast SEO plugin v27.5 - https:\/\/yoast.com\/product\/yoast-seo-wordpress\/ -->\n<title>Krumba Herren Tarnung Jagd Winddichte Wasserdichte Jacke - Notfallvorsorge - Krisenvorsorge<\/title>\n<meta name=\"robots\" content=\"index, follow, max-snippet:-1, max-image-preview:large, max-video-preview:-1\" \/>\n<link rel=\"canonical\" href=\"https:\/\/www.ralti.de\/?product=krumba-herren-tarnung-jagd-winddichte-wasserdichte-jacke\" \/>\n<meta property=\"og:locale\" content=\"de_DE\" \/>\n<meta property=\"og:type\" content=\"article\" \/>\n<meta property=\"og:title\" content=\"Krumba Herren Tarnung Jagd Winddichte Wasserdichte Jacke - Notfallvorsorge - Krisenvorsorge\" \/>\n<meta property=\"og:description\" content=\"*Diese Tarnjacke f\u00fcr die Jagd ist die Wahl f\u00fcr Outdoor-Enthusiasten, Wanderer, J\u00e4ger und alle, die an Wintertagen warm bleiben m\u00f6chten. *Dieses Produkt ist f\u00fcr Gr\u00f6\u00dfen von S bis 3XLarge geeignet und gew\u00e4hrleistet eine bequeme und angenehme Passform f\u00fcr eine Vielzahl von Personen. *Diese Jagdjacke besteht&hellip;\" \/>\n<meta property=\"og:url\" content=\"https:\/\/www.ralti.de\/?product=krumba-herren-tarnung-jagd-winddichte-wasserdichte-jacke\" \/>\n<meta property=\"og:site_name\" content=\"Notfallvorsorge - Krisenvorsorge\" \/>\n<meta property=\"og:image\" content=\"https:\/\/m.media-amazon.com\/images\/I\/51NW1TetNzL.jpg\" \/>\n\t<meta property=\"og:image:width\" content=\"500\" \/>\n\t<meta property=\"og:image:height\" content=\"500\" \/>\n\t<meta property=\"og:image:type\" content=\"image\/jpeg\" \/>\n<meta name=\"twitter:card\" content=\"summary_large_image\" \/>\n<meta name=\"twitter:label1\" content=\"Gesch\u00e4tzte Lesezeit\" \/>\n\t<meta name=\"twitter:data1\" content=\"1\u00a0Minute\" \/>\n<script type=\"application\/ld+json\" class=\"yoast-schema-graph\">{\"@context\":\"https:\\\/\\\/schema.org\",\"@graph\":[{\"@type\":\"WebPage\",\"@id\":\"https:\\\/\\\/www.ralti.de\\\/?product=krumba-herren-tarnung-jagd-winddichte-wasserdichte-jacke\",\"url\":\"https:\\\/\\\/www.ralti.de\\\/?product=krumba-herren-tarnung-jagd-winddichte-wasserdichte-jacke\",\"name\":\"Krumba Herren Tarnung Jagd Winddichte Wasserdichte Jacke - Notfallvorsorge - Krisenvorsorge\",\"isPartOf\":{\"@id\":\"https:\\\/\\\/www.ralti.de\\\/#website\"},\"primaryImageOfPage\":{\"@id\":\"https:\\\/\\\/www.ralti.de\\\/?product=krumba-herren-tarnung-jagd-winddichte-wasserdichte-jacke#primaryimage\"},\"image\":{\"@id\":\"https:\\\/\\\/www.ralti.de\\\/?product=krumba-herren-tarnung-jagd-winddichte-wasserdichte-jacke#primaryimage\"},\"thumbnailUrl\":\"https:\\\/\\\/m.media-amazon.com\\\/images\\\/I\\\/51NW1TetNzL.jpg\",\"datePublished\":\"2025-11-25T09:15:35+00:00\",\"breadcrumb\":{\"@id\":\"https:\\\/\\\/www.ralti.de\\\/?product=krumba-herren-tarnung-jagd-winddichte-wasserdichte-jacke#breadcrumb\"},\"inLanguage\":\"de\",\"potentialAction\":[{\"@type\":\"ReadAction\",\"target\":[\"https:\\\/\\\/www.ralti.de\\\/?product=krumba-herren-tarnung-jagd-winddichte-wasserdichte-jacke\"]}]},{\"@type\":\"ImageObject\",\"inLanguage\":\"de\",\"@id\":\"https:\\\/\\\/www.ralti.de\\\/?product=krumba-herren-tarnung-jagd-winddichte-wasserdichte-jacke#primaryimage\",\"url\":\"https:\\\/\\\/m.media-amazon.com\\\/images\\\/I\\\/51NW1TetNzL.jpg\",\"contentUrl\":\"https:\\\/\\\/m.media-amazon.com\\\/images\\\/I\\\/51NW1TetNzL.jpg\",\"width\":500,\"height\":500},{\"@type\":\"BreadcrumbList\",\"@id\":\"https:\\\/\\\/www.ralti.de\\\/?product=krumba-herren-tarnung-jagd-winddichte-wasserdichte-jacke#breadcrumb\",\"itemListElement\":[{\"@type\":\"ListItem\",\"position\":1,\"name\":\"Start\",\"item\":\"https:\\\/\\\/www.ralti.de\\\/\"},{\"@type\":\"ListItem\",\"position\":2,\"name\":\"Notfallartikel\",\"item\":\"https:\\\/\\\/www.ralti.de\\\/?page_id=14189\"},{\"@type\":\"ListItem\",\"position\":3,\"name\":\"Krumba Herren Tarnung Jagd Winddichte Wasserdichte Jacke\"}]},{\"@type\":\"WebSite\",\"@id\":\"https:\\\/\\\/www.ralti.de\\\/#website\",\"url\":\"https:\\\/\\\/www.ralti.de\\\/\",\"name\":\"Ralti.de\",\"description\":\"Hier viele gute Angebote\",\"publisher\":{\"@id\":\"https:\\\/\\\/www.ralti.de\\\/#organization\"},\"potentialAction\":[{\"@type\":\"SearchAction\",\"target\":{\"@type\":\"EntryPoint\",\"urlTemplate\":\"https:\\\/\\\/www.ralti.de\\\/?s={search_term_string}\"},\"query-input\":{\"@type\":\"PropertyValueSpecification\",\"valueRequired\":true,\"valueName\":\"search_term_string\"}}],\"inLanguage\":\"de\"},{\"@type\":\"Organization\",\"@id\":\"https:\\\/\\\/www.ralti.de\\\/#organization\",\"name\":\"Ralti.de\",\"url\":\"https:\\\/\\\/www.ralti.de\\\/\",\"logo\":{\"@type\":\"ImageObject\",\"inLanguage\":\"de\",\"@id\":\"https:\\\/\\\/www.ralti.de\\\/#\\\/schema\\\/logo\\\/image\\\/\",\"url\":\"https:\\\/\\\/www.ralti.de\\\/wp-content\\\/uploads\\\/2025\\\/11\\\/ralti.png\",\"contentUrl\":\"https:\\\/\\\/www.ralti.de\\\/wp-content\\\/uploads\\\/2025\\\/11\\\/ralti.png\",\"width\":240,\"height\":75,\"caption\":\"Ralti.de\"},\"image\":{\"@id\":\"https:\\\/\\\/www.ralti.de\\\/#\\\/schema\\\/logo\\\/image\\\/\"}}]}<\/script>\n<!-- \/ Yoast SEO plugin. -->","yoast_head_json":{"title":"Krumba Herren Tarnung Jagd Winddichte Wasserdichte Jacke - Notfallvorsorge - Krisenvorsorge","robots":{"index":"index","follow":"follow","max-snippet":"max-snippet:-1","max-image-preview":"max-image-preview:large","max-video-preview":"max-video-preview:-1"},"canonical":"https:\/\/www.ralti.de\/?product=krumba-herren-tarnung-jagd-winddichte-wasserdichte-jacke","og_locale":"de_DE","og_type":"article","og_title":"Krumba Herren Tarnung Jagd Winddichte Wasserdichte Jacke - Notfallvorsorge - Krisenvorsorge","og_description":"*Diese Tarnjacke f\u00fcr die Jagd ist die Wahl f\u00fcr Outdoor-Enthusiasten, Wanderer, J\u00e4ger und alle, die an Wintertagen warm bleiben m\u00f6chten. *Dieses Produkt ist f\u00fcr Gr\u00f6\u00dfen von S bis 3XLarge geeignet und gew\u00e4hrleistet eine bequeme und angenehme Passform f\u00fcr eine Vielzahl von Personen. *Diese Jagdjacke besteht&hellip;","og_url":"https:\/\/www.ralti.de\/?product=krumba-herren-tarnung-jagd-winddichte-wasserdichte-jacke","og_site_name":"Notfallvorsorge - Krisenvorsorge","og_image":[{"width":500,"height":500,"url":"https:\/\/m.media-amazon.com\/images\/I\/51NW1TetNzL.jpg","type":"image\/jpeg"}],"twitter_card":"summary_large_image","twitter_misc":{"Gesch\u00e4tzte Lesezeit":"1\u00a0Minute"},"schema":{"@context":"https:\/\/schema.org","@graph":[{"@type":"WebPage","@id":"https:\/\/www.ralti.de\/?product=krumba-herren-tarnung-jagd-winddichte-wasserdichte-jacke","url":"https:\/\/www.ralti.de\/?product=krumba-herren-tarnung-jagd-winddichte-wasserdichte-jacke","name":"Krumba Herren Tarnung Jagd Winddichte Wasserdichte Jacke - Notfallvorsorge - Krisenvorsorge","isPartOf":{"@id":"https:\/\/www.ralti.de\/#website"},"primaryImageOfPage":{"@id":"https:\/\/www.ralti.de\/?product=krumba-herren-tarnung-jagd-winddichte-wasserdichte-jacke#primaryimage"},"image":{"@id":"https:\/\/www.ralti.de\/?product=krumba-herren-tarnung-jagd-winddichte-wasserdichte-jacke#primaryimage"},"thumbnailUrl":"https:\/\/m.media-amazon.com\/images\/I\/51NW1TetNzL.jpg","datePublished":"2025-11-25T09:15:35+00:00","breadcrumb":{"@id":"https:\/\/www.ralti.de\/?product=krumba-herren-tarnung-jagd-winddichte-wasserdichte-jacke#breadcrumb"},"inLanguage":"de","potentialAction":[{"@type":"ReadAction","target":["https:\/\/www.ralti.de\/?product=krumba-herren-tarnung-jagd-winddichte-wasserdichte-jacke"]}]},{"@type":"ImageObject","inLanguage":"de","@id":"https:\/\/www.ralti.de\/?product=krumba-herren-tarnung-jagd-winddichte-wasserdichte-jacke#primaryimage","url":"https:\/\/m.media-amazon.com\/images\/I\/51NW1TetNzL.jpg","contentUrl":"https:\/\/m.media-amazon.com\/images\/I\/51NW1TetNzL.jpg","width":500,"height":500},{"@type":"BreadcrumbList","@id":"https:\/\/www.ralti.de\/?product=krumba-herren-tarnung-jagd-winddichte-wasserdichte-jacke#breadcrumb","itemListElement":[{"@type":"ListItem","position":1,"name":"Start","item":"https:\/\/www.ralti.de\/"},{"@type":"ListItem","position":2,"name":"Notfallartikel","item":"https:\/\/www.ralti.de\/?page_id=14189"},{"@type":"ListItem","position":3,"name":"Krumba Herren Tarnung Jagd Winddichte Wasserdichte Jacke"}]},{"@type":"WebSite","@id":"https:\/\/www.ralti.de\/#website","url":"https:\/\/www.ralti.de\/","name":"Ralti.de","description":"Hier viele gute Angebote","publisher":{"@id":"https:\/\/www.ralti.de\/#organization"},"potentialAction":[{"@type":"SearchAction","target":{"@type":"EntryPoint","urlTemplate":"https:\/\/www.ralti.de\/?s={search_term_string}"},"query-input":{"@type":"PropertyValueSpecification","valueRequired":true,"valueName":"search_term_string"}}],"inLanguage":"de"},{"@type":"Organization","@id":"https:\/\/www.ralti.de\/#organization","name":"Ralti.de","url":"https:\/\/www.ralti.de\/","logo":{"@type":"ImageObject","inLanguage":"de","@id":"https:\/\/www.ralti.de\/#\/schema\/logo\/image\/","url":"https:\/\/www.ralti.de\/wp-content\/uploads\/2025\/11\/ralti.png","contentUrl":"https:\/\/www.ralti.de\/wp-content\/uploads\/2025\/11\/ralti.png","width":240,"height":75,"caption":"Ralti.de"},"image":{"@id":"https:\/\/www.ralti.de\/#\/schema\/logo\/image\/"}}]}},"_links":{"self":[{"href":"https:\/\/www.ralti.de\/index.php?rest_route=\/wp\/v2\/product\/5405","targetHints":{"allow":["GET"]}}],"collection":[{"href":"https:\/\/www.ralti.de\/index.php?rest_route=\/wp\/v2\/product"}],"about":[{"href":"https:\/\/www.ralti.de\/index.php?rest_route=\/wp\/v2\/types\/product"}],"replies":[{"embeddable":true,"href":"https:\/\/www.ralti.de\/index.php?rest_route=%2Fwp%2Fv2%2Fcomments&post=5405"}],"wp:featuredmedia":[{"embeddable":true,"href":"https:\/\/www.ralti.de\/index.php?rest_route=\/wp\/v2\/media\/5406"}],"wp:attachment":[{"href":"https:\/\/www.ralti.de\/index.php?rest_route=%2Fwp%2Fv2%2Fmedia&parent=5405"}],"wp:term":[{"taxonomy":"product_brand","embeddable":true,"href":"https:\/\/www.ralti.de\/index.php?rest_route=%2Fwp%2Fv2%2Fproduct_brand&post=5405"},{"taxonomy":"product_cat","embeddable":true,"href":"https:\/\/www.ralti.de\/index.php?rest_route=%2Fwp%2Fv2%2Fproduct_cat&post=5405"},{"taxonomy":"product_tag","embeddable":true,"href":"https:\/\/www.ralti.de\/index.php?rest_route=%2Fwp%2Fv2%2Fproduct_tag&post=5405"}],"curies":[{"name":"wp","href":"https:\/\/api.w.org\/{rel}","templated":true}]}}