{"id":5578,"date":"2025-11-25T09:17:00","date_gmt":"2025-11-25T09:17:00","guid":{"rendered":"https:\/\/www.ralti.de\/shop-2\/uncategorized\/mechanix-wear-coldwork-base-layer-medium-coyote\/"},"modified":"2025-11-25T09:17:00","modified_gmt":"2025-11-25T09:17:00","slug":"mechanix-wear-coldwork-base-layer-medium-coyote","status":"publish","type":"product","link":"https:\/\/www.ralti.de\/?product=mechanix-wear-coldwork-base-layer-medium-coyote","title":{"rendered":"Mechanix Wear Coldwork\u2122 Base Layer (Medium, Coyote)"},"content":{"rendered":"<p><!-- show up to 2 reviews by default --> <\/p>\n<p> <span>Der leichte und vielseitige ColdWork\u2122 Base Layer ist vollgepackt mit Funktionen, die vor K\u00e4lte sch\u00fctzen und extreme Fingerfertigkeit bieten. Eine d\u00fcnne, mit Mikrofleece gef\u00fctterte Stretch-SoftShell umh\u00fcllt die Hand und sorgt f\u00fcr W\u00e4rme und Flexibilit\u00e4t. Schlank genug, um unter einem anderen Handschuh in Kombination verwendet zu werden, kann aber bei kalten Temperaturen auch allein getragen werden. Ein Rollover-B\u00fcndchen sorgt f\u00fcr einen sicheren Sitz und sch\u00fctzt vor Wind und Wetter. Die Handfl\u00e4che kombiniert touchscreen-f\u00e4hige Daumen- und Zeigefingeraufs\u00e4tze mit einem Padlock\u2122-Silikon-Griffmuster, das f\u00fcr verbesserte Griffigkeit und ultimative Funktionalit\u00e4t in kalten Umgebungen sorgt.<\/span> <\/p>\n<p>Stretch-SoftShell-Struktur verhindert, dass kalte Luft eindringt.<br \/>\nDas d\u00fcnne, flache Design erm\u00f6glicht die Verwendung des Handschuhs als Innenhandschuh oder als alleiniger Handschuh.<br \/>\nTouchscreen-f\u00e4higer Daumen und Zeigefingerbes\u00e4tze.<br \/>\nPadlock rutschfester Silikongriffbereich auf der Handfl\u00e4che.<br \/>\nDas Rollover-B\u00fcndchen sorgt f\u00fcr einen sicheren Sitz und sch\u00fctzt vor Wind und Wetter.<br \/>\nNylon-Trageschlaufe zur schnellen Aufbewahrung.<br \/>\n<div class=\"main-cross-sell\" data-asin=\"B0CJMR2349\">\n\n\t<div class=\"WooZone-cross-sell-loader\">\n\t\t<div>\n\t\t\t<div id=\"floatingBarsG\">\n\t\t\t\t<div class=\"blockG\" id=\"rotateG_01\"><\/div>\n\t\t\t\t<div class=\"blockG\" id=\"rotateG_02\"><\/div>\n\t\t\t\t<div class=\"blockG\" id=\"rotateG_03\"><\/div>\n\t\t\t\t<div class=\"blockG\" id=\"rotateG_04\"><\/div>\n\t\t\t\t<div class=\"blockG\" id=\"rotateG_05\"><\/div>\n\t\t\t\t<div class=\"blockG\" id=\"rotateG_06\"><\/div>\n\t\t\t\t<div class=\"blockG\" id=\"rotateG_07\"><\/div>\n\t\t\t\t<div class=\"blockG\" id=\"rotateG_08\"><\/div>\n\t\t\t<\/div>\n\t\t\t<div class=\"WooZone-cross-sell-loader-text\"><\/div>\n\t\t<\/div>\n\t<\/div>\n\n\t\t\n<\/div>\n<div style=\"clear:both;\"><\/div>\n","protected":false},"excerpt":{"rendered":"<p>Stretch-SoftShell-Struktur verhindert, dass kalte Luft eindringt.<br \/>\nDas d\u00fcnne, flache Design erm\u00f6glicht die Verwendung des Handschuhs als Innenhandschuh oder als alleiniger Handschuh.<br \/>\nTouchscreen-f\u00e4higer Daumen und Zeigefingerbes\u00e4tze.<\/p>\n","protected":false},"featured_media":5579,"comment_status":"open","ping_status":"closed","template":"","meta":{"_acf_changed":false},"product_brand":[],"product_cat":[231,225],"product_tag":[],"class_list":{"0":"post-5578","1":"product","2":"type-product","3":"status-publish","4":"has-post-thumbnail","6":"product_cat-kalteschutzausrustung","7":"product_cat-kleidung","9":"first","10":"instock","11":"shipping-taxable","12":"product-type-external"},"acf":[],"yoast_head":"<!-- This site is optimized with the Yoast SEO plugin v27.5 - https:\/\/yoast.com\/product\/yoast-seo-wordpress\/ -->\n<title>Mechanix Wear Coldwork\u2122 Base Layer (Medium, Coyote) - Notfallvorsorge - Krisenvorsorge<\/title>\n<meta name=\"robots\" content=\"index, follow, max-snippet:-1, max-image-preview:large, max-video-preview:-1\" \/>\n<link rel=\"canonical\" href=\"https:\/\/www.ralti.de\/?product=mechanix-wear-coldwork-base-layer-medium-coyote\" \/>\n<meta property=\"og:locale\" content=\"de_DE\" \/>\n<meta property=\"og:type\" content=\"article\" \/>\n<meta property=\"og:title\" content=\"Mechanix Wear Coldwork\u2122 Base Layer (Medium, Coyote) - Notfallvorsorge - Krisenvorsorge\" \/>\n<meta property=\"og:description\" content=\"Stretch-SoftShell-Struktur verhindert, dass kalte Luft eindringt. Das d\u00fcnne, flache Design erm\u00f6glicht die Verwendung des Handschuhs als Innenhandschuh oder als alleiniger Handschuh. Touchscreen-f\u00e4higer Daumen und Zeigefingerbes\u00e4tze.\" \/>\n<meta property=\"og:url\" content=\"https:\/\/www.ralti.de\/?product=mechanix-wear-coldwork-base-layer-medium-coyote\" \/>\n<meta property=\"og:site_name\" content=\"Notfallvorsorge - Krisenvorsorge\" \/>\n<meta property=\"og:image\" content=\"https:\/\/m.media-amazon.com\/images\/I\/41kuXSMTkyL.jpg\" \/>\n\t<meta property=\"og:image:width\" content=\"500\" \/>\n\t<meta property=\"og:image:height\" content=\"500\" \/>\n\t<meta property=\"og:image:type\" content=\"image\/jpeg\" \/>\n<meta name=\"twitter:card\" content=\"summary_large_image\" \/>\n<meta name=\"twitter:label1\" content=\"Gesch\u00e4tzte Lesezeit\" \/>\n\t<meta name=\"twitter:data1\" content=\"1\u00a0Minute\" \/>\n<script type=\"application\/ld+json\" class=\"yoast-schema-graph\">{\"@context\":\"https:\\\/\\\/schema.org\",\"@graph\":[{\"@type\":\"WebPage\",\"@id\":\"https:\\\/\\\/www.ralti.de\\\/?product=mechanix-wear-coldwork-base-layer-medium-coyote\",\"url\":\"https:\\\/\\\/www.ralti.de\\\/?product=mechanix-wear-coldwork-base-layer-medium-coyote\",\"name\":\"Mechanix Wear Coldwork\u2122 Base Layer (Medium, Coyote) - Notfallvorsorge - Krisenvorsorge\",\"isPartOf\":{\"@id\":\"https:\\\/\\\/www.ralti.de\\\/#website\"},\"primaryImageOfPage\":{\"@id\":\"https:\\\/\\\/www.ralti.de\\\/?product=mechanix-wear-coldwork-base-layer-medium-coyote#primaryimage\"},\"image\":{\"@id\":\"https:\\\/\\\/www.ralti.de\\\/?product=mechanix-wear-coldwork-base-layer-medium-coyote#primaryimage\"},\"thumbnailUrl\":\"https:\\\/\\\/m.media-amazon.com\\\/images\\\/I\\\/41kuXSMTkyL.jpg\",\"datePublished\":\"2025-11-25T09:17:00+00:00\",\"breadcrumb\":{\"@id\":\"https:\\\/\\\/www.ralti.de\\\/?product=mechanix-wear-coldwork-base-layer-medium-coyote#breadcrumb\"},\"inLanguage\":\"de\",\"potentialAction\":[{\"@type\":\"ReadAction\",\"target\":[\"https:\\\/\\\/www.ralti.de\\\/?product=mechanix-wear-coldwork-base-layer-medium-coyote\"]}]},{\"@type\":\"ImageObject\",\"inLanguage\":\"de\",\"@id\":\"https:\\\/\\\/www.ralti.de\\\/?product=mechanix-wear-coldwork-base-layer-medium-coyote#primaryimage\",\"url\":\"https:\\\/\\\/m.media-amazon.com\\\/images\\\/I\\\/41kuXSMTkyL.jpg\",\"contentUrl\":\"https:\\\/\\\/m.media-amazon.com\\\/images\\\/I\\\/41kuXSMTkyL.jpg\",\"width\":500,\"height\":500},{\"@type\":\"BreadcrumbList\",\"@id\":\"https:\\\/\\\/www.ralti.de\\\/?product=mechanix-wear-coldwork-base-layer-medium-coyote#breadcrumb\",\"itemListElement\":[{\"@type\":\"ListItem\",\"position\":1,\"name\":\"Start\",\"item\":\"https:\\\/\\\/www.ralti.de\\\/\"},{\"@type\":\"ListItem\",\"position\":2,\"name\":\"Notfallartikel\",\"item\":\"https:\\\/\\\/www.ralti.de\\\/?page_id=14189\"},{\"@type\":\"ListItem\",\"position\":3,\"name\":\"Mechanix Wear Coldwork\u2122 Base Layer (Medium, Coyote)\"}]},{\"@type\":\"WebSite\",\"@id\":\"https:\\\/\\\/www.ralti.de\\\/#website\",\"url\":\"https:\\\/\\\/www.ralti.de\\\/\",\"name\":\"Ralti.de\",\"description\":\"Hier viele gute Angebote\",\"publisher\":{\"@id\":\"https:\\\/\\\/www.ralti.de\\\/#organization\"},\"potentialAction\":[{\"@type\":\"SearchAction\",\"target\":{\"@type\":\"EntryPoint\",\"urlTemplate\":\"https:\\\/\\\/www.ralti.de\\\/?s={search_term_string}\"},\"query-input\":{\"@type\":\"PropertyValueSpecification\",\"valueRequired\":true,\"valueName\":\"search_term_string\"}}],\"inLanguage\":\"de\"},{\"@type\":\"Organization\",\"@id\":\"https:\\\/\\\/www.ralti.de\\\/#organization\",\"name\":\"Ralti.de\",\"url\":\"https:\\\/\\\/www.ralti.de\\\/\",\"logo\":{\"@type\":\"ImageObject\",\"inLanguage\":\"de\",\"@id\":\"https:\\\/\\\/www.ralti.de\\\/#\\\/schema\\\/logo\\\/image\\\/\",\"url\":\"https:\\\/\\\/www.ralti.de\\\/wp-content\\\/uploads\\\/2025\\\/11\\\/ralti.png\",\"contentUrl\":\"https:\\\/\\\/www.ralti.de\\\/wp-content\\\/uploads\\\/2025\\\/11\\\/ralti.png\",\"width\":240,\"height\":75,\"caption\":\"Ralti.de\"},\"image\":{\"@id\":\"https:\\\/\\\/www.ralti.de\\\/#\\\/schema\\\/logo\\\/image\\\/\"}}]}<\/script>\n<!-- \/ Yoast SEO plugin. -->","yoast_head_json":{"title":"Mechanix Wear Coldwork\u2122 Base Layer (Medium, Coyote) - Notfallvorsorge - Krisenvorsorge","robots":{"index":"index","follow":"follow","max-snippet":"max-snippet:-1","max-image-preview":"max-image-preview:large","max-video-preview":"max-video-preview:-1"},"canonical":"https:\/\/www.ralti.de\/?product=mechanix-wear-coldwork-base-layer-medium-coyote","og_locale":"de_DE","og_type":"article","og_title":"Mechanix Wear Coldwork\u2122 Base Layer (Medium, Coyote) - Notfallvorsorge - Krisenvorsorge","og_description":"Stretch-SoftShell-Struktur verhindert, dass kalte Luft eindringt. Das d\u00fcnne, flache Design erm\u00f6glicht die Verwendung des Handschuhs als Innenhandschuh oder als alleiniger Handschuh. Touchscreen-f\u00e4higer Daumen und Zeigefingerbes\u00e4tze.","og_url":"https:\/\/www.ralti.de\/?product=mechanix-wear-coldwork-base-layer-medium-coyote","og_site_name":"Notfallvorsorge - Krisenvorsorge","og_image":[{"width":500,"height":500,"url":"https:\/\/m.media-amazon.com\/images\/I\/41kuXSMTkyL.jpg","type":"image\/jpeg"}],"twitter_card":"summary_large_image","twitter_misc":{"Gesch\u00e4tzte Lesezeit":"1\u00a0Minute"},"schema":{"@context":"https:\/\/schema.org","@graph":[{"@type":"WebPage","@id":"https:\/\/www.ralti.de\/?product=mechanix-wear-coldwork-base-layer-medium-coyote","url":"https:\/\/www.ralti.de\/?product=mechanix-wear-coldwork-base-layer-medium-coyote","name":"Mechanix Wear Coldwork\u2122 Base Layer (Medium, Coyote) - Notfallvorsorge - Krisenvorsorge","isPartOf":{"@id":"https:\/\/www.ralti.de\/#website"},"primaryImageOfPage":{"@id":"https:\/\/www.ralti.de\/?product=mechanix-wear-coldwork-base-layer-medium-coyote#primaryimage"},"image":{"@id":"https:\/\/www.ralti.de\/?product=mechanix-wear-coldwork-base-layer-medium-coyote#primaryimage"},"thumbnailUrl":"https:\/\/m.media-amazon.com\/images\/I\/41kuXSMTkyL.jpg","datePublished":"2025-11-25T09:17:00+00:00","breadcrumb":{"@id":"https:\/\/www.ralti.de\/?product=mechanix-wear-coldwork-base-layer-medium-coyote#breadcrumb"},"inLanguage":"de","potentialAction":[{"@type":"ReadAction","target":["https:\/\/www.ralti.de\/?product=mechanix-wear-coldwork-base-layer-medium-coyote"]}]},{"@type":"ImageObject","inLanguage":"de","@id":"https:\/\/www.ralti.de\/?product=mechanix-wear-coldwork-base-layer-medium-coyote#primaryimage","url":"https:\/\/m.media-amazon.com\/images\/I\/41kuXSMTkyL.jpg","contentUrl":"https:\/\/m.media-amazon.com\/images\/I\/41kuXSMTkyL.jpg","width":500,"height":500},{"@type":"BreadcrumbList","@id":"https:\/\/www.ralti.de\/?product=mechanix-wear-coldwork-base-layer-medium-coyote#breadcrumb","itemListElement":[{"@type":"ListItem","position":1,"name":"Start","item":"https:\/\/www.ralti.de\/"},{"@type":"ListItem","position":2,"name":"Notfallartikel","item":"https:\/\/www.ralti.de\/?page_id=14189"},{"@type":"ListItem","position":3,"name":"Mechanix Wear Coldwork\u2122 Base Layer (Medium, Coyote)"}]},{"@type":"WebSite","@id":"https:\/\/www.ralti.de\/#website","url":"https:\/\/www.ralti.de\/","name":"Ralti.de","description":"Hier viele gute Angebote","publisher":{"@id":"https:\/\/www.ralti.de\/#organization"},"potentialAction":[{"@type":"SearchAction","target":{"@type":"EntryPoint","urlTemplate":"https:\/\/www.ralti.de\/?s={search_term_string}"},"query-input":{"@type":"PropertyValueSpecification","valueRequired":true,"valueName":"search_term_string"}}],"inLanguage":"de"},{"@type":"Organization","@id":"https:\/\/www.ralti.de\/#organization","name":"Ralti.de","url":"https:\/\/www.ralti.de\/","logo":{"@type":"ImageObject","inLanguage":"de","@id":"https:\/\/www.ralti.de\/#\/schema\/logo\/image\/","url":"https:\/\/www.ralti.de\/wp-content\/uploads\/2025\/11\/ralti.png","contentUrl":"https:\/\/www.ralti.de\/wp-content\/uploads\/2025\/11\/ralti.png","width":240,"height":75,"caption":"Ralti.de"},"image":{"@id":"https:\/\/www.ralti.de\/#\/schema\/logo\/image\/"}}]}},"_links":{"self":[{"href":"https:\/\/www.ralti.de\/index.php?rest_route=\/wp\/v2\/product\/5578","targetHints":{"allow":["GET"]}}],"collection":[{"href":"https:\/\/www.ralti.de\/index.php?rest_route=\/wp\/v2\/product"}],"about":[{"href":"https:\/\/www.ralti.de\/index.php?rest_route=\/wp\/v2\/types\/product"}],"replies":[{"embeddable":true,"href":"https:\/\/www.ralti.de\/index.php?rest_route=%2Fwp%2Fv2%2Fcomments&post=5578"}],"wp:featuredmedia":[{"embeddable":true,"href":"https:\/\/www.ralti.de\/index.php?rest_route=\/wp\/v2\/media\/5579"}],"wp:attachment":[{"href":"https:\/\/www.ralti.de\/index.php?rest_route=%2Fwp%2Fv2%2Fmedia&parent=5578"}],"wp:term":[{"taxonomy":"product_brand","embeddable":true,"href":"https:\/\/www.ralti.de\/index.php?rest_route=%2Fwp%2Fv2%2Fproduct_brand&post=5578"},{"taxonomy":"product_cat","embeddable":true,"href":"https:\/\/www.ralti.de\/index.php?rest_route=%2Fwp%2Fv2%2Fproduct_cat&post=5578"},{"taxonomy":"product_tag","embeddable":true,"href":"https:\/\/www.ralti.de\/index.php?rest_route=%2Fwp%2Fv2%2Fproduct_tag&post=5578"}],"curies":[{"name":"wp","href":"https:\/\/api.w.org\/{rel}","templated":true}]}}