{"id":5676,"date":"2025-11-25T09:17:29","date_gmt":"2025-11-25T09:17:29","guid":{"rendered":"https:\/\/www.ralti.de\/shop-2\/uncategorized\/thermounterwasche-herren-funktionsunterwasche-skiunterwasche-winter-thermowasche-set-warm-weich-funktionswasche-atmungsaktiv-thermo-unterwasche-thermounterhemd-thermounterhose-fur-manner\/"},"modified":"2025-11-25T09:17:29","modified_gmt":"2025-11-25T09:17:29","slug":"thermounterwasche-herren-funktionsunterwasche-skiunterwasche-winter-thermowasche-set-warm-weich-funktionswasche-atmungsaktiv-thermo-unterwasche-thermounterhemd-thermounterhose-fur-manner","status":"publish","type":"product","link":"https:\/\/www.ralti.de\/?product=thermounterwasche-herren-funktionsunterwasche-skiunterwasche-winter-thermowasche-set-warm-weich-funktionswasche-atmungsaktiv-thermo-unterwasche-thermounterhemd-thermounterhose-fur-manner","title":{"rendered":"Thermounterw\u00e4sche Herren, Funktionsunterw\u00e4sche Skiunterw\u00e4sche Winter Thermow\u00e4sche Set Warm Weich Funktionsw\u00e4sche atmungsaktiv Thermo Unterw\u00e4sche Thermounterhemd Thermounterhose f\u00fcr M\u00e4nner"},"content":{"rendered":"<p><!-- show up to 2 reviews by default --> <\/p>\n<p> <span>Tide Herren Funktionsunterw\u00e4sche Skifahren Seamless <\/p>\n<p>Der vierpolige Sechsdraht-Prozess verhindert die Reibung zwischen Kleidung und Haut, erh\u00f6ht den Komfort des Tr\u00e4gers, perfekt f\u00fcr das Training. <\/p>\n<p>Entwickelt, um eisigen Temperaturen standzuhalten, hilft diese Unterw\u00e4sche Ihrem K\u00f6rper, seine Temperatur in rauen Umgebungen zu regulieren. Besonders geeignet f\u00fcr Wintersport und Schneeschuhwanderungen. <\/p>\n<p>Dieses Kleidungsst\u00fcck ist aus antibakteriellem und hypoallergenem Stoff geschnitten. Es ist elastisch und daher gut figurbetont. Perfekt f\u00fcr Laufen, Nordic Walking, Kollektivsport, Radfahren oder Wintersport. <\/p>\n<p>Atmungsaktiv <br \/>Der lange John mit dem 2-Wege-Luftzirkulationsdesign bietet die super atmungsaktive Funktion, vermindert den K\u00f6rpergeruch und h\u00e4lt Sie trocken und bequem. <\/p>\n<p>Hautfreundliches Design <\/p>\n<p>Funktionen <br \/>Durch das leichte Gewicht, das elastische und gleichzeitig eng anliegende Material ist diese Thermounterw\u00e4sche kaum sp\u00fcrbar. Der Stoff ist schnell trocknend und erm\u00f6glicht dank verschiedener Klimazonen ein perfektes Ableiten der Feuchtigkeit. Ohne st\u00f6rende N\u00e4hte oder kratzende Etiketten, angenehm zu tragen, w\u00e4rmt es den K\u00f6rper sanft.<\/span> <\/p>\n<div class=\"main-cross-sell\" data-asin=\"B07WK2MC6B\">\n\n\t<div class=\"WooZone-cross-sell-loader\">\n\t\t<div>\n\t\t\t<div id=\"floatingBarsG\">\n\t\t\t\t<div class=\"blockG\" id=\"rotateG_01\"><\/div>\n\t\t\t\t<div class=\"blockG\" id=\"rotateG_02\"><\/div>\n\t\t\t\t<div class=\"blockG\" id=\"rotateG_03\"><\/div>\n\t\t\t\t<div class=\"blockG\" id=\"rotateG_04\"><\/div>\n\t\t\t\t<div class=\"blockG\" id=\"rotateG_05\"><\/div>\n\t\t\t\t<div class=\"blockG\" id=\"rotateG_06\"><\/div>\n\t\t\t\t<div class=\"blockG\" id=\"rotateG_07\"><\/div>\n\t\t\t\t<div class=\"blockG\" id=\"rotateG_08\"><\/div>\n\t\t\t<\/div>\n\t\t\t<div class=\"WooZone-cross-sell-loader-text\"><\/div>\n\t\t<\/div>\n\t<\/div>\n\n\t\t\n<\/div>\n<div style=\"clear:both;\"><\/div>\n","protected":false},"excerpt":{"rendered":"<p>Tide Herren Funktionsunterw\u00e4sche Skifahren Seamless Der vierpolige Sechsdraht-Prozess verhindert die Reibung zwischen Kleidung und Haut, erh\u00f6ht den Komfort des Tr\u00e4gers, perfekt f\u00fcr das Training. Entwickelt, um eisigen Temperaturen standzuhalten, hilft diese Unterw\u00e4sche Ihrem K\u00f6rper, seine Temperatur in rauen Umgebungen zu regulieren. Besonders geeignet f\u00fcr Wintersport&hellip;<\/p>\n","protected":false},"featured_media":5677,"comment_status":"open","ping_status":"closed","template":"","meta":{"_acf_changed":false},"product_brand":[],"product_cat":[231,225],"product_tag":[],"class_list":{"0":"post-5676","1":"product","2":"type-product","3":"status-publish","4":"has-post-thumbnail","6":"product_cat-kalteschutzausrustung","7":"product_cat-kleidung","9":"first","10":"instock","11":"sale","12":"shipping-taxable","13":"product-type-external"},"acf":[],"yoast_head":"<!-- This site is optimized with the Yoast SEO plugin v27.3 - https:\/\/yoast.com\/product\/yoast-seo-wordpress\/ -->\n<title>Thermounterw\u00e4sche Herren, Funktionsunterw\u00e4sche Skiunterw\u00e4sche Winter Thermow\u00e4sche Set Warm Weich Funktionsw\u00e4sche atmungsaktiv Thermo Unterw\u00e4sche Thermounterhemd Thermounterhose f\u00fcr M\u00e4nner - Notfallvorsorge - Krisenvorsorge<\/title>\n<meta name=\"robots\" content=\"index, follow, max-snippet:-1, max-image-preview:large, max-video-preview:-1\" \/>\n<link rel=\"canonical\" href=\"https:\/\/www.ralti.de\/?product=thermounterwasche-herren-funktionsunterwasche-skiunterwasche-winter-thermowasche-set-warm-weich-funktionswasche-atmungsaktiv-thermo-unterwasche-thermounterhemd-thermounterhose-fur-manner\" \/>\n<meta property=\"og:locale\" content=\"de_DE\" \/>\n<meta property=\"og:type\" content=\"article\" \/>\n<meta property=\"og:title\" content=\"Thermounterw\u00e4sche Herren, Funktionsunterw\u00e4sche Skiunterw\u00e4sche Winter Thermow\u00e4sche Set Warm Weich Funktionsw\u00e4sche atmungsaktiv Thermo Unterw\u00e4sche Thermounterhemd Thermounterhose f\u00fcr M\u00e4nner - Notfallvorsorge - Krisenvorsorge\" \/>\n<meta property=\"og:description\" content=\"Tide Herren Funktionsunterw\u00e4sche Skifahren Seamless Der vierpolige Sechsdraht-Prozess verhindert die Reibung zwischen Kleidung und Haut, erh\u00f6ht den Komfort des Tr\u00e4gers, perfekt f\u00fcr das Training. Entwickelt, um eisigen Temperaturen standzuhalten, hilft diese Unterw\u00e4sche Ihrem K\u00f6rper, seine Temperatur in rauen Umgebungen zu regulieren. Besonders geeignet f\u00fcr Wintersport&hellip;\" \/>\n<meta property=\"og:url\" content=\"https:\/\/www.ralti.de\/?product=thermounterwasche-herren-funktionsunterwasche-skiunterwasche-winter-thermowasche-set-warm-weich-funktionswasche-atmungsaktiv-thermo-unterwasche-thermounterhemd-thermounterhose-fur-manner\" \/>\n<meta property=\"og:site_name\" content=\"Notfallvorsorge - Krisenvorsorge\" \/>\n<meta property=\"og:image\" content=\"https:\/\/m.media-amazon.com\/images\/I\/41uIuyhpWoL.jpg\" \/>\n\t<meta property=\"og:image:width\" content=\"500\" \/>\n\t<meta property=\"og:image:height\" content=\"500\" \/>\n\t<meta property=\"og:image:type\" content=\"image\/jpeg\" \/>\n<meta name=\"twitter:card\" content=\"summary_large_image\" \/>\n<meta name=\"twitter:label1\" content=\"Gesch\u00e4tzte Lesezeit\" \/>\n\t<meta name=\"twitter:data1\" content=\"1\u00a0Minute\" \/>\n<script type=\"application\/ld+json\" class=\"yoast-schema-graph\">{\"@context\":\"https:\\\/\\\/schema.org\",\"@graph\":[{\"@type\":\"WebPage\",\"@id\":\"https:\\\/\\\/www.ralti.de\\\/?product=thermounterwasche-herren-funktionsunterwasche-skiunterwasche-winter-thermowasche-set-warm-weich-funktionswasche-atmungsaktiv-thermo-unterwasche-thermounterhemd-thermounterhose-fur-manner\",\"url\":\"https:\\\/\\\/www.ralti.de\\\/?product=thermounterwasche-herren-funktionsunterwasche-skiunterwasche-winter-thermowasche-set-warm-weich-funktionswasche-atmungsaktiv-thermo-unterwasche-thermounterhemd-thermounterhose-fur-manner\",\"name\":\"Thermounterw\u00e4sche Herren, Funktionsunterw\u00e4sche Skiunterw\u00e4sche Winter Thermow\u00e4sche Set Warm Weich Funktionsw\u00e4sche atmungsaktiv Thermo Unterw\u00e4sche Thermounterhemd Thermounterhose f\u00fcr M\u00e4nner - Notfallvorsorge - Krisenvorsorge\",\"isPartOf\":{\"@id\":\"https:\\\/\\\/www.ralti.de\\\/#website\"},\"primaryImageOfPage\":{\"@id\":\"https:\\\/\\\/www.ralti.de\\\/?product=thermounterwasche-herren-funktionsunterwasche-skiunterwasche-winter-thermowasche-set-warm-weich-funktionswasche-atmungsaktiv-thermo-unterwasche-thermounterhemd-thermounterhose-fur-manner#primaryimage\"},\"image\":{\"@id\":\"https:\\\/\\\/www.ralti.de\\\/?product=thermounterwasche-herren-funktionsunterwasche-skiunterwasche-winter-thermowasche-set-warm-weich-funktionswasche-atmungsaktiv-thermo-unterwasche-thermounterhemd-thermounterhose-fur-manner#primaryimage\"},\"thumbnailUrl\":\"https:\\\/\\\/m.media-amazon.com\\\/images\\\/I\\\/41uIuyhpWoL.jpg\",\"datePublished\":\"2025-11-25T09:17:29+00:00\",\"breadcrumb\":{\"@id\":\"https:\\\/\\\/www.ralti.de\\\/?product=thermounterwasche-herren-funktionsunterwasche-skiunterwasche-winter-thermowasche-set-warm-weich-funktionswasche-atmungsaktiv-thermo-unterwasche-thermounterhemd-thermounterhose-fur-manner#breadcrumb\"},\"inLanguage\":\"de\",\"potentialAction\":[{\"@type\":\"ReadAction\",\"target\":[\"https:\\\/\\\/www.ralti.de\\\/?product=thermounterwasche-herren-funktionsunterwasche-skiunterwasche-winter-thermowasche-set-warm-weich-funktionswasche-atmungsaktiv-thermo-unterwasche-thermounterhemd-thermounterhose-fur-manner\"]}]},{\"@type\":\"ImageObject\",\"inLanguage\":\"de\",\"@id\":\"https:\\\/\\\/www.ralti.de\\\/?product=thermounterwasche-herren-funktionsunterwasche-skiunterwasche-winter-thermowasche-set-warm-weich-funktionswasche-atmungsaktiv-thermo-unterwasche-thermounterhemd-thermounterhose-fur-manner#primaryimage\",\"url\":\"https:\\\/\\\/m.media-amazon.com\\\/images\\\/I\\\/41uIuyhpWoL.jpg\",\"contentUrl\":\"https:\\\/\\\/m.media-amazon.com\\\/images\\\/I\\\/41uIuyhpWoL.jpg\",\"width\":500,\"height\":500},{\"@type\":\"BreadcrumbList\",\"@id\":\"https:\\\/\\\/www.ralti.de\\\/?product=thermounterwasche-herren-funktionsunterwasche-skiunterwasche-winter-thermowasche-set-warm-weich-funktionswasche-atmungsaktiv-thermo-unterwasche-thermounterhemd-thermounterhose-fur-manner#breadcrumb\",\"itemListElement\":[{\"@type\":\"ListItem\",\"position\":1,\"name\":\"Start\",\"item\":\"https:\\\/\\\/www.ralti.de\\\/\"},{\"@type\":\"ListItem\",\"position\":2,\"name\":\"Notfallartikel\",\"item\":\"https:\\\/\\\/www.ralti.de\\\/?page_id=14189\"},{\"@type\":\"ListItem\",\"position\":3,\"name\":\"Thermounterw\u00e4sche Herren, Funktionsunterw\u00e4sche Skiunterw\u00e4sche Winter Thermow\u00e4sche Set Warm Weich Funktionsw\u00e4sche atmungsaktiv Thermo Unterw\u00e4sche Thermounterhemd Thermounterhose f\u00fcr M\u00e4nner\"}]},{\"@type\":\"WebSite\",\"@id\":\"https:\\\/\\\/www.ralti.de\\\/#website\",\"url\":\"https:\\\/\\\/www.ralti.de\\\/\",\"name\":\"Ralti.de\",\"description\":\"Hier viele gute Angebote\",\"publisher\":{\"@id\":\"https:\\\/\\\/www.ralti.de\\\/#organization\"},\"potentialAction\":[{\"@type\":\"SearchAction\",\"target\":{\"@type\":\"EntryPoint\",\"urlTemplate\":\"https:\\\/\\\/www.ralti.de\\\/?s={search_term_string}\"},\"query-input\":{\"@type\":\"PropertyValueSpecification\",\"valueRequired\":true,\"valueName\":\"search_term_string\"}}],\"inLanguage\":\"de\"},{\"@type\":\"Organization\",\"@id\":\"https:\\\/\\\/www.ralti.de\\\/#organization\",\"name\":\"Ralti.de\",\"url\":\"https:\\\/\\\/www.ralti.de\\\/\",\"logo\":{\"@type\":\"ImageObject\",\"inLanguage\":\"de\",\"@id\":\"https:\\\/\\\/www.ralti.de\\\/#\\\/schema\\\/logo\\\/image\\\/\",\"url\":\"https:\\\/\\\/www.ralti.de\\\/wp-content\\\/uploads\\\/2025\\\/11\\\/ralti.png\",\"contentUrl\":\"https:\\\/\\\/www.ralti.de\\\/wp-content\\\/uploads\\\/2025\\\/11\\\/ralti.png\",\"width\":240,\"height\":75,\"caption\":\"Ralti.de\"},\"image\":{\"@id\":\"https:\\\/\\\/www.ralti.de\\\/#\\\/schema\\\/logo\\\/image\\\/\"}}]}<\/script>\n<!-- \/ Yoast SEO plugin. -->","yoast_head_json":{"title":"Thermounterw\u00e4sche Herren, Funktionsunterw\u00e4sche Skiunterw\u00e4sche Winter Thermow\u00e4sche Set Warm Weich Funktionsw\u00e4sche atmungsaktiv Thermo Unterw\u00e4sche Thermounterhemd Thermounterhose f\u00fcr M\u00e4nner - Notfallvorsorge - Krisenvorsorge","robots":{"index":"index","follow":"follow","max-snippet":"max-snippet:-1","max-image-preview":"max-image-preview:large","max-video-preview":"max-video-preview:-1"},"canonical":"https:\/\/www.ralti.de\/?product=thermounterwasche-herren-funktionsunterwasche-skiunterwasche-winter-thermowasche-set-warm-weich-funktionswasche-atmungsaktiv-thermo-unterwasche-thermounterhemd-thermounterhose-fur-manner","og_locale":"de_DE","og_type":"article","og_title":"Thermounterw\u00e4sche Herren, Funktionsunterw\u00e4sche Skiunterw\u00e4sche Winter Thermow\u00e4sche Set Warm Weich Funktionsw\u00e4sche atmungsaktiv Thermo Unterw\u00e4sche Thermounterhemd Thermounterhose f\u00fcr M\u00e4nner - Notfallvorsorge - Krisenvorsorge","og_description":"Tide Herren Funktionsunterw\u00e4sche Skifahren Seamless Der vierpolige Sechsdraht-Prozess verhindert die Reibung zwischen Kleidung und Haut, erh\u00f6ht den Komfort des Tr\u00e4gers, perfekt f\u00fcr das Training. Entwickelt, um eisigen Temperaturen standzuhalten, hilft diese Unterw\u00e4sche Ihrem K\u00f6rper, seine Temperatur in rauen Umgebungen zu regulieren. Besonders geeignet f\u00fcr Wintersport&hellip;","og_url":"https:\/\/www.ralti.de\/?product=thermounterwasche-herren-funktionsunterwasche-skiunterwasche-winter-thermowasche-set-warm-weich-funktionswasche-atmungsaktiv-thermo-unterwasche-thermounterhemd-thermounterhose-fur-manner","og_site_name":"Notfallvorsorge - Krisenvorsorge","og_image":[{"width":500,"height":500,"url":"https:\/\/m.media-amazon.com\/images\/I\/41uIuyhpWoL.jpg","type":"image\/jpeg"}],"twitter_card":"summary_large_image","twitter_misc":{"Gesch\u00e4tzte Lesezeit":"1\u00a0Minute"},"schema":{"@context":"https:\/\/schema.org","@graph":[{"@type":"WebPage","@id":"https:\/\/www.ralti.de\/?product=thermounterwasche-herren-funktionsunterwasche-skiunterwasche-winter-thermowasche-set-warm-weich-funktionswasche-atmungsaktiv-thermo-unterwasche-thermounterhemd-thermounterhose-fur-manner","url":"https:\/\/www.ralti.de\/?product=thermounterwasche-herren-funktionsunterwasche-skiunterwasche-winter-thermowasche-set-warm-weich-funktionswasche-atmungsaktiv-thermo-unterwasche-thermounterhemd-thermounterhose-fur-manner","name":"Thermounterw\u00e4sche Herren, Funktionsunterw\u00e4sche Skiunterw\u00e4sche Winter Thermow\u00e4sche Set Warm Weich Funktionsw\u00e4sche atmungsaktiv Thermo Unterw\u00e4sche Thermounterhemd Thermounterhose f\u00fcr M\u00e4nner - Notfallvorsorge - Krisenvorsorge","isPartOf":{"@id":"https:\/\/www.ralti.de\/#website"},"primaryImageOfPage":{"@id":"https:\/\/www.ralti.de\/?product=thermounterwasche-herren-funktionsunterwasche-skiunterwasche-winter-thermowasche-set-warm-weich-funktionswasche-atmungsaktiv-thermo-unterwasche-thermounterhemd-thermounterhose-fur-manner#primaryimage"},"image":{"@id":"https:\/\/www.ralti.de\/?product=thermounterwasche-herren-funktionsunterwasche-skiunterwasche-winter-thermowasche-set-warm-weich-funktionswasche-atmungsaktiv-thermo-unterwasche-thermounterhemd-thermounterhose-fur-manner#primaryimage"},"thumbnailUrl":"https:\/\/m.media-amazon.com\/images\/I\/41uIuyhpWoL.jpg","datePublished":"2025-11-25T09:17:29+00:00","breadcrumb":{"@id":"https:\/\/www.ralti.de\/?product=thermounterwasche-herren-funktionsunterwasche-skiunterwasche-winter-thermowasche-set-warm-weich-funktionswasche-atmungsaktiv-thermo-unterwasche-thermounterhemd-thermounterhose-fur-manner#breadcrumb"},"inLanguage":"de","potentialAction":[{"@type":"ReadAction","target":["https:\/\/www.ralti.de\/?product=thermounterwasche-herren-funktionsunterwasche-skiunterwasche-winter-thermowasche-set-warm-weich-funktionswasche-atmungsaktiv-thermo-unterwasche-thermounterhemd-thermounterhose-fur-manner"]}]},{"@type":"ImageObject","inLanguage":"de","@id":"https:\/\/www.ralti.de\/?product=thermounterwasche-herren-funktionsunterwasche-skiunterwasche-winter-thermowasche-set-warm-weich-funktionswasche-atmungsaktiv-thermo-unterwasche-thermounterhemd-thermounterhose-fur-manner#primaryimage","url":"https:\/\/m.media-amazon.com\/images\/I\/41uIuyhpWoL.jpg","contentUrl":"https:\/\/m.media-amazon.com\/images\/I\/41uIuyhpWoL.jpg","width":500,"height":500},{"@type":"BreadcrumbList","@id":"https:\/\/www.ralti.de\/?product=thermounterwasche-herren-funktionsunterwasche-skiunterwasche-winter-thermowasche-set-warm-weich-funktionswasche-atmungsaktiv-thermo-unterwasche-thermounterhemd-thermounterhose-fur-manner#breadcrumb","itemListElement":[{"@type":"ListItem","position":1,"name":"Start","item":"https:\/\/www.ralti.de\/"},{"@type":"ListItem","position":2,"name":"Notfallartikel","item":"https:\/\/www.ralti.de\/?page_id=14189"},{"@type":"ListItem","position":3,"name":"Thermounterw\u00e4sche Herren, Funktionsunterw\u00e4sche Skiunterw\u00e4sche Winter Thermow\u00e4sche Set Warm Weich Funktionsw\u00e4sche atmungsaktiv Thermo Unterw\u00e4sche Thermounterhemd Thermounterhose f\u00fcr M\u00e4nner"}]},{"@type":"WebSite","@id":"https:\/\/www.ralti.de\/#website","url":"https:\/\/www.ralti.de\/","name":"Ralti.de","description":"Hier viele gute Angebote","publisher":{"@id":"https:\/\/www.ralti.de\/#organization"},"potentialAction":[{"@type":"SearchAction","target":{"@type":"EntryPoint","urlTemplate":"https:\/\/www.ralti.de\/?s={search_term_string}"},"query-input":{"@type":"PropertyValueSpecification","valueRequired":true,"valueName":"search_term_string"}}],"inLanguage":"de"},{"@type":"Organization","@id":"https:\/\/www.ralti.de\/#organization","name":"Ralti.de","url":"https:\/\/www.ralti.de\/","logo":{"@type":"ImageObject","inLanguage":"de","@id":"https:\/\/www.ralti.de\/#\/schema\/logo\/image\/","url":"https:\/\/www.ralti.de\/wp-content\/uploads\/2025\/11\/ralti.png","contentUrl":"https:\/\/www.ralti.de\/wp-content\/uploads\/2025\/11\/ralti.png","width":240,"height":75,"caption":"Ralti.de"},"image":{"@id":"https:\/\/www.ralti.de\/#\/schema\/logo\/image\/"}}]}},"_links":{"self":[{"href":"https:\/\/www.ralti.de\/index.php?rest_route=\/wp\/v2\/product\/5676","targetHints":{"allow":["GET"]}}],"collection":[{"href":"https:\/\/www.ralti.de\/index.php?rest_route=\/wp\/v2\/product"}],"about":[{"href":"https:\/\/www.ralti.de\/index.php?rest_route=\/wp\/v2\/types\/product"}],"replies":[{"embeddable":true,"href":"https:\/\/www.ralti.de\/index.php?rest_route=%2Fwp%2Fv2%2Fcomments&post=5676"}],"wp:featuredmedia":[{"embeddable":true,"href":"https:\/\/www.ralti.de\/index.php?rest_route=\/wp\/v2\/media\/5677"}],"wp:attachment":[{"href":"https:\/\/www.ralti.de\/index.php?rest_route=%2Fwp%2Fv2%2Fmedia&parent=5676"}],"wp:term":[{"taxonomy":"product_brand","embeddable":true,"href":"https:\/\/www.ralti.de\/index.php?rest_route=%2Fwp%2Fv2%2Fproduct_brand&post=5676"},{"taxonomy":"product_cat","embeddable":true,"href":"https:\/\/www.ralti.de\/index.php?rest_route=%2Fwp%2Fv2%2Fproduct_cat&post=5676"},{"taxonomy":"product_tag","embeddable":true,"href":"https:\/\/www.ralti.de\/index.php?rest_route=%2Fwp%2Fv2%2Fproduct_tag&post=5676"}],"curies":[{"name":"wp","href":"https:\/\/api.w.org\/{rel}","templated":true}]}}