{"id":5766,"date":"2025-11-25T09:18:34","date_gmt":"2025-11-25T09:18:34","guid":{"rendered":"https:\/\/www.ralti.de\/shop-2\/uncategorized\/tommy-jeans-damen-pufferjacke-essential-tape-hochglanz\/"},"modified":"2025-11-25T09:18:34","modified_gmt":"2025-11-25T09:18:34","slug":"tommy-jeans-damen-pufferjacke-essential-tape-hochglanz","status":"publish","type":"product","link":"https:\/\/www.ralti.de\/?product=tommy-jeans-damen-pufferjacke-essential-tape-hochglanz","title":{"rendered":"Tommy Jeans Damen Pufferjacke Essential Tape Hochglanz"},"content":{"rendered":"<p><!-- show up to 2 reviews by default --> <\/p>\n<p> <span>Tommy Jeans ist eine amerikanische Marke, die klassischen amerikanischen Stil mit einem jugendlichen, zeitgen\u00f6ssischen Twist verbindet. Tommy Jeans wurde als Untermarke des ikonischen Tommy Hilfiger Labels gegr\u00fcndet und steht f\u00fcr l\u00e4ssige, coole und zeitlose Mode. Erzielen Sie den ultimativen coolen Look von East-Coast mit der neuesten Kollektion von Tommy Jeans, die moderne Interpretation klassischer Tommy Hilfiger-Designs zeigt. Integrieren Sie etwas Old-School-Coolness in Ihre t\u00e4gliche Kleidung mit den neuesten Tommy Jeans T-Shirts, als Teil Ihres Outfits f\u00fcr das Wochenende oder einfach f\u00fcr einen entspannten Abend.<\/span> <\/p>\n<div class=\"main-cross-sell\" data-asin=\"B0D1RHB55M\">\n\n\t<div class=\"WooZone-cross-sell-loader\">\n\t\t<div>\n\t\t\t<div id=\"floatingBarsG\">\n\t\t\t\t<div class=\"blockG\" id=\"rotateG_01\"><\/div>\n\t\t\t\t<div class=\"blockG\" id=\"rotateG_02\"><\/div>\n\t\t\t\t<div class=\"blockG\" id=\"rotateG_03\"><\/div>\n\t\t\t\t<div class=\"blockG\" id=\"rotateG_04\"><\/div>\n\t\t\t\t<div class=\"blockG\" id=\"rotateG_05\"><\/div>\n\t\t\t\t<div class=\"blockG\" id=\"rotateG_06\"><\/div>\n\t\t\t\t<div class=\"blockG\" id=\"rotateG_07\"><\/div>\n\t\t\t\t<div class=\"blockG\" id=\"rotateG_08\"><\/div>\n\t\t\t<\/div>\n\t\t\t<div class=\"WooZone-cross-sell-loader-text\"><\/div>\n\t\t<\/div>\n\t<\/div>\n\n\t\t\n<\/div>\n<div style=\"clear:both;\"><\/div>\n","protected":false},"excerpt":{"rendered":"<p>Tommy Jeans ist eine amerikanische Marke, die klassischen amerikanischen Stil mit einem jugendlichen, zeitgen\u00f6ssischen Twist verbindet. Tommy Jeans wurde als Untermarke des ikonischen Tommy Hilfiger Labels gegr\u00fcndet und steht f\u00fcr l\u00e4ssige, coole und zeitlose Mode. Erzielen Sie den ultimativen coolen Look von East-Coast mit der&hellip;<\/p>\n","protected":false},"featured_media":5767,"comment_status":"open","ping_status":"closed","template":"","meta":{"_acf_changed":false},"product_brand":[],"product_cat":[229,225],"product_tag":[],"class_list":{"0":"post-5766","1":"product","2":"type-product","3":"status-publish","4":"has-post-thumbnail","6":"product_cat-jacken","7":"product_cat-kleidung","9":"first","10":"instock","11":"sale","12":"shipping-taxable","13":"product-type-external"},"acf":[],"yoast_head":"<!-- This site is optimized with the Yoast SEO plugin v27.4 - https:\/\/yoast.com\/product\/yoast-seo-wordpress\/ -->\n<title>Tommy Jeans Damen Pufferjacke Essential Tape Hochglanz - Notfallvorsorge - Krisenvorsorge<\/title>\n<meta name=\"robots\" content=\"index, follow, max-snippet:-1, max-image-preview:large, max-video-preview:-1\" \/>\n<link rel=\"canonical\" href=\"https:\/\/www.ralti.de\/?product=tommy-jeans-damen-pufferjacke-essential-tape-hochglanz\" \/>\n<meta property=\"og:locale\" content=\"de_DE\" \/>\n<meta property=\"og:type\" content=\"article\" \/>\n<meta property=\"og:title\" content=\"Tommy Jeans Damen Pufferjacke Essential Tape Hochglanz - Notfallvorsorge - Krisenvorsorge\" \/>\n<meta property=\"og:description\" content=\"Tommy Jeans ist eine amerikanische Marke, die klassischen amerikanischen Stil mit einem jugendlichen, zeitgen\u00f6ssischen Twist verbindet. Tommy Jeans wurde als Untermarke des ikonischen Tommy Hilfiger Labels gegr\u00fcndet und steht f\u00fcr l\u00e4ssige, coole und zeitlose Mode. Erzielen Sie den ultimativen coolen Look von East-Coast mit der&hellip;\" \/>\n<meta property=\"og:url\" content=\"https:\/\/www.ralti.de\/?product=tommy-jeans-damen-pufferjacke-essential-tape-hochglanz\" \/>\n<meta property=\"og:site_name\" content=\"Notfallvorsorge - Krisenvorsorge\" \/>\n<meta property=\"og:image\" content=\"https:\/\/m.media-amazon.com\/images\/I\/31AGtcXD8zL.jpg\" \/>\n\t<meta property=\"og:image:width\" content=\"500\" \/>\n\t<meta property=\"og:image:height\" content=\"500\" \/>\n\t<meta property=\"og:image:type\" content=\"image\/jpeg\" \/>\n<meta name=\"twitter:card\" content=\"summary_large_image\" \/>\n<meta name=\"twitter:label1\" content=\"Gesch\u00e4tzte Lesezeit\" \/>\n\t<meta name=\"twitter:data1\" content=\"1\u00a0Minute\" \/>\n<script type=\"application\/ld+json\" class=\"yoast-schema-graph\">{\"@context\":\"https:\\\/\\\/schema.org\",\"@graph\":[{\"@type\":\"WebPage\",\"@id\":\"https:\\\/\\\/www.ralti.de\\\/?product=tommy-jeans-damen-pufferjacke-essential-tape-hochglanz\",\"url\":\"https:\\\/\\\/www.ralti.de\\\/?product=tommy-jeans-damen-pufferjacke-essential-tape-hochglanz\",\"name\":\"Tommy Jeans Damen Pufferjacke Essential Tape Hochglanz - Notfallvorsorge - Krisenvorsorge\",\"isPartOf\":{\"@id\":\"https:\\\/\\\/www.ralti.de\\\/#website\"},\"primaryImageOfPage\":{\"@id\":\"https:\\\/\\\/www.ralti.de\\\/?product=tommy-jeans-damen-pufferjacke-essential-tape-hochglanz#primaryimage\"},\"image\":{\"@id\":\"https:\\\/\\\/www.ralti.de\\\/?product=tommy-jeans-damen-pufferjacke-essential-tape-hochglanz#primaryimage\"},\"thumbnailUrl\":\"https:\\\/\\\/m.media-amazon.com\\\/images\\\/I\\\/31AGtcXD8zL.jpg\",\"datePublished\":\"2025-11-25T09:18:34+00:00\",\"breadcrumb\":{\"@id\":\"https:\\\/\\\/www.ralti.de\\\/?product=tommy-jeans-damen-pufferjacke-essential-tape-hochglanz#breadcrumb\"},\"inLanguage\":\"de\",\"potentialAction\":[{\"@type\":\"ReadAction\",\"target\":[\"https:\\\/\\\/www.ralti.de\\\/?product=tommy-jeans-damen-pufferjacke-essential-tape-hochglanz\"]}]},{\"@type\":\"ImageObject\",\"inLanguage\":\"de\",\"@id\":\"https:\\\/\\\/www.ralti.de\\\/?product=tommy-jeans-damen-pufferjacke-essential-tape-hochglanz#primaryimage\",\"url\":\"https:\\\/\\\/m.media-amazon.com\\\/images\\\/I\\\/31AGtcXD8zL.jpg\",\"contentUrl\":\"https:\\\/\\\/m.media-amazon.com\\\/images\\\/I\\\/31AGtcXD8zL.jpg\",\"width\":500,\"height\":500},{\"@type\":\"BreadcrumbList\",\"@id\":\"https:\\\/\\\/www.ralti.de\\\/?product=tommy-jeans-damen-pufferjacke-essential-tape-hochglanz#breadcrumb\",\"itemListElement\":[{\"@type\":\"ListItem\",\"position\":1,\"name\":\"Start\",\"item\":\"https:\\\/\\\/www.ralti.de\\\/\"},{\"@type\":\"ListItem\",\"position\":2,\"name\":\"Notfallartikel\",\"item\":\"https:\\\/\\\/www.ralti.de\\\/?page_id=14189\"},{\"@type\":\"ListItem\",\"position\":3,\"name\":\"Tommy Jeans Damen Pufferjacke Essential Tape Hochglanz\"}]},{\"@type\":\"WebSite\",\"@id\":\"https:\\\/\\\/www.ralti.de\\\/#website\",\"url\":\"https:\\\/\\\/www.ralti.de\\\/\",\"name\":\"Ralti.de\",\"description\":\"Hier viele gute Angebote\",\"publisher\":{\"@id\":\"https:\\\/\\\/www.ralti.de\\\/#organization\"},\"potentialAction\":[{\"@type\":\"SearchAction\",\"target\":{\"@type\":\"EntryPoint\",\"urlTemplate\":\"https:\\\/\\\/www.ralti.de\\\/?s={search_term_string}\"},\"query-input\":{\"@type\":\"PropertyValueSpecification\",\"valueRequired\":true,\"valueName\":\"search_term_string\"}}],\"inLanguage\":\"de\"},{\"@type\":\"Organization\",\"@id\":\"https:\\\/\\\/www.ralti.de\\\/#organization\",\"name\":\"Ralti.de\",\"url\":\"https:\\\/\\\/www.ralti.de\\\/\",\"logo\":{\"@type\":\"ImageObject\",\"inLanguage\":\"de\",\"@id\":\"https:\\\/\\\/www.ralti.de\\\/#\\\/schema\\\/logo\\\/image\\\/\",\"url\":\"https:\\\/\\\/www.ralti.de\\\/wp-content\\\/uploads\\\/2025\\\/11\\\/ralti.png\",\"contentUrl\":\"https:\\\/\\\/www.ralti.de\\\/wp-content\\\/uploads\\\/2025\\\/11\\\/ralti.png\",\"width\":240,\"height\":75,\"caption\":\"Ralti.de\"},\"image\":{\"@id\":\"https:\\\/\\\/www.ralti.de\\\/#\\\/schema\\\/logo\\\/image\\\/\"}}]}<\/script>\n<!-- \/ Yoast SEO plugin. -->","yoast_head_json":{"title":"Tommy Jeans Damen Pufferjacke Essential Tape Hochglanz - Notfallvorsorge - Krisenvorsorge","robots":{"index":"index","follow":"follow","max-snippet":"max-snippet:-1","max-image-preview":"max-image-preview:large","max-video-preview":"max-video-preview:-1"},"canonical":"https:\/\/www.ralti.de\/?product=tommy-jeans-damen-pufferjacke-essential-tape-hochglanz","og_locale":"de_DE","og_type":"article","og_title":"Tommy Jeans Damen Pufferjacke Essential Tape Hochglanz - Notfallvorsorge - Krisenvorsorge","og_description":"Tommy Jeans ist eine amerikanische Marke, die klassischen amerikanischen Stil mit einem jugendlichen, zeitgen\u00f6ssischen Twist verbindet. Tommy Jeans wurde als Untermarke des ikonischen Tommy Hilfiger Labels gegr\u00fcndet und steht f\u00fcr l\u00e4ssige, coole und zeitlose Mode. Erzielen Sie den ultimativen coolen Look von East-Coast mit der&hellip;","og_url":"https:\/\/www.ralti.de\/?product=tommy-jeans-damen-pufferjacke-essential-tape-hochglanz","og_site_name":"Notfallvorsorge - Krisenvorsorge","og_image":[{"width":500,"height":500,"url":"https:\/\/m.media-amazon.com\/images\/I\/31AGtcXD8zL.jpg","type":"image\/jpeg"}],"twitter_card":"summary_large_image","twitter_misc":{"Gesch\u00e4tzte Lesezeit":"1\u00a0Minute"},"schema":{"@context":"https:\/\/schema.org","@graph":[{"@type":"WebPage","@id":"https:\/\/www.ralti.de\/?product=tommy-jeans-damen-pufferjacke-essential-tape-hochglanz","url":"https:\/\/www.ralti.de\/?product=tommy-jeans-damen-pufferjacke-essential-tape-hochglanz","name":"Tommy Jeans Damen Pufferjacke Essential Tape Hochglanz - Notfallvorsorge - Krisenvorsorge","isPartOf":{"@id":"https:\/\/www.ralti.de\/#website"},"primaryImageOfPage":{"@id":"https:\/\/www.ralti.de\/?product=tommy-jeans-damen-pufferjacke-essential-tape-hochglanz#primaryimage"},"image":{"@id":"https:\/\/www.ralti.de\/?product=tommy-jeans-damen-pufferjacke-essential-tape-hochglanz#primaryimage"},"thumbnailUrl":"https:\/\/m.media-amazon.com\/images\/I\/31AGtcXD8zL.jpg","datePublished":"2025-11-25T09:18:34+00:00","breadcrumb":{"@id":"https:\/\/www.ralti.de\/?product=tommy-jeans-damen-pufferjacke-essential-tape-hochglanz#breadcrumb"},"inLanguage":"de","potentialAction":[{"@type":"ReadAction","target":["https:\/\/www.ralti.de\/?product=tommy-jeans-damen-pufferjacke-essential-tape-hochglanz"]}]},{"@type":"ImageObject","inLanguage":"de","@id":"https:\/\/www.ralti.de\/?product=tommy-jeans-damen-pufferjacke-essential-tape-hochglanz#primaryimage","url":"https:\/\/m.media-amazon.com\/images\/I\/31AGtcXD8zL.jpg","contentUrl":"https:\/\/m.media-amazon.com\/images\/I\/31AGtcXD8zL.jpg","width":500,"height":500},{"@type":"BreadcrumbList","@id":"https:\/\/www.ralti.de\/?product=tommy-jeans-damen-pufferjacke-essential-tape-hochglanz#breadcrumb","itemListElement":[{"@type":"ListItem","position":1,"name":"Start","item":"https:\/\/www.ralti.de\/"},{"@type":"ListItem","position":2,"name":"Notfallartikel","item":"https:\/\/www.ralti.de\/?page_id=14189"},{"@type":"ListItem","position":3,"name":"Tommy Jeans Damen Pufferjacke Essential Tape Hochglanz"}]},{"@type":"WebSite","@id":"https:\/\/www.ralti.de\/#website","url":"https:\/\/www.ralti.de\/","name":"Ralti.de","description":"Hier viele gute Angebote","publisher":{"@id":"https:\/\/www.ralti.de\/#organization"},"potentialAction":[{"@type":"SearchAction","target":{"@type":"EntryPoint","urlTemplate":"https:\/\/www.ralti.de\/?s={search_term_string}"},"query-input":{"@type":"PropertyValueSpecification","valueRequired":true,"valueName":"search_term_string"}}],"inLanguage":"de"},{"@type":"Organization","@id":"https:\/\/www.ralti.de\/#organization","name":"Ralti.de","url":"https:\/\/www.ralti.de\/","logo":{"@type":"ImageObject","inLanguage":"de","@id":"https:\/\/www.ralti.de\/#\/schema\/logo\/image\/","url":"https:\/\/www.ralti.de\/wp-content\/uploads\/2025\/11\/ralti.png","contentUrl":"https:\/\/www.ralti.de\/wp-content\/uploads\/2025\/11\/ralti.png","width":240,"height":75,"caption":"Ralti.de"},"image":{"@id":"https:\/\/www.ralti.de\/#\/schema\/logo\/image\/"}}]}},"_links":{"self":[{"href":"https:\/\/www.ralti.de\/index.php?rest_route=\/wp\/v2\/product\/5766","targetHints":{"allow":["GET"]}}],"collection":[{"href":"https:\/\/www.ralti.de\/index.php?rest_route=\/wp\/v2\/product"}],"about":[{"href":"https:\/\/www.ralti.de\/index.php?rest_route=\/wp\/v2\/types\/product"}],"replies":[{"embeddable":true,"href":"https:\/\/www.ralti.de\/index.php?rest_route=%2Fwp%2Fv2%2Fcomments&post=5766"}],"wp:featuredmedia":[{"embeddable":true,"href":"https:\/\/www.ralti.de\/index.php?rest_route=\/wp\/v2\/media\/5767"}],"wp:attachment":[{"href":"https:\/\/www.ralti.de\/index.php?rest_route=%2Fwp%2Fv2%2Fmedia&parent=5766"}],"wp:term":[{"taxonomy":"product_brand","embeddable":true,"href":"https:\/\/www.ralti.de\/index.php?rest_route=%2Fwp%2Fv2%2Fproduct_brand&post=5766"},{"taxonomy":"product_cat","embeddable":true,"href":"https:\/\/www.ralti.de\/index.php?rest_route=%2Fwp%2Fv2%2Fproduct_cat&post=5766"},{"taxonomy":"product_tag","embeddable":true,"href":"https:\/\/www.ralti.de\/index.php?rest_route=%2Fwp%2Fv2%2Fproduct_tag&post=5766"}],"curies":[{"name":"wp","href":"https:\/\/api.w.org\/{rel}","templated":true}]}}