{"id":5787,"date":"2025-11-25T09:18:39","date_gmt":"2025-11-25T09:18:39","guid":{"rendered":"https:\/\/www.ralti.de\/shop-2\/uncategorized\/nike-herren-kapuzenjacke-sweat-club\/"},"modified":"2025-11-25T09:18:39","modified_gmt":"2025-11-25T09:18:39","slug":"nike-herren-kapuzenjacke-sweat-club","status":"publish","type":"product","link":"https:\/\/www.ralti.de\/?product=nike-herren-kapuzenjacke-sweat-club","title":{"rendered":"Nike Herren Kapuzenjacke Sweat Club"},"content":{"rendered":"<p><!-- show up to 2 reviews by default --> <\/p>\n<h3> <span>Produktbeschreibung<\/span> <\/h3>\n<\/p>\n<h5><span>Nike Herren Kapuzenjacke Sweat Club<\/span><\/h5>\n<\/p>\n<p><span>Der Nike Club Full Zip Hoody f\u00fcr Herren hat eine angeraute Innenseite, was den Pulli zu einem warmen und bequemen Kleidungsst\u00fcck macht. Der Rei\u00dfverschluss an der Front ist durchgehend und kann daher je nach Bedarf offen oder geschlossen werden um die Bel\u00fcftung zu regulieren. Die Rippb\u00fcndchen an \u00c4rmel und Saum sind breit und optimieren einerseits die Passform und halten andererseits Wind und K\u00e4lte ab. Die Kapuze hat einen Kordelzug und l\u00e4sst sich so individuell zuziehen. In den K\u00e4ngurutaschen lassen sich kleine Gegenst\u00e4nde wie Handy oder MP3-Player verstauen.<\/span><\/p>\n<\/p>\n<h3> <span>Warnhinweise<\/span> <\/h3>\n<p> <span>Warnnorm<\/span> <\/p>\n<div class=\"main-cross-sell\" data-asin=\"B07KD81J2L\">\n\n\t<div class=\"WooZone-cross-sell-loader\">\n\t\t<div>\n\t\t\t<div id=\"floatingBarsG\">\n\t\t\t\t<div class=\"blockG\" id=\"rotateG_01\"><\/div>\n\t\t\t\t<div class=\"blockG\" id=\"rotateG_02\"><\/div>\n\t\t\t\t<div class=\"blockG\" id=\"rotateG_03\"><\/div>\n\t\t\t\t<div class=\"blockG\" id=\"rotateG_04\"><\/div>\n\t\t\t\t<div class=\"blockG\" id=\"rotateG_05\"><\/div>\n\t\t\t\t<div class=\"blockG\" id=\"rotateG_06\"><\/div>\n\t\t\t\t<div class=\"blockG\" id=\"rotateG_07\"><\/div>\n\t\t\t\t<div class=\"blockG\" id=\"rotateG_08\"><\/div>\n\t\t\t<\/div>\n\t\t\t<div class=\"WooZone-cross-sell-loader-text\"><\/div>\n\t\t<\/div>\n\t<\/div>\n\n\t\t\n<\/div>\n<div style=\"clear:both;\"><\/div>\n","protected":false},"excerpt":{"rendered":"<p>Produktbeschreibung Nike Herren Kapuzenjacke Sweat Club Der Nike Club Full Zip Hoody f\u00fcr Herren hat eine angeraute Innenseite, was den Pulli zu einem warmen und bequemen Kleidungsst\u00fcck macht. Der Rei\u00dfverschluss an der Front ist durchgehend und kann daher je nach Bedarf offen oder geschlossen werden&hellip;<\/p>\n","protected":false},"featured_media":5788,"comment_status":"open","ping_status":"closed","template":"","meta":{"_acf_changed":false},"product_brand":[],"product_cat":[229,225],"product_tag":[],"class_list":{"0":"post-5787","1":"product","2":"type-product","3":"status-publish","4":"has-post-thumbnail","6":"product_cat-jacken","7":"product_cat-kleidung","9":"first","10":"instock","11":"shipping-taxable","12":"product-type-external"},"acf":[],"yoast_head":"<!-- This site is optimized with the Yoast SEO plugin v27.5 - https:\/\/yoast.com\/product\/yoast-seo-wordpress\/ -->\n<title>Nike Herren Kapuzenjacke Sweat Club - Notfallvorsorge - Krisenvorsorge<\/title>\n<meta name=\"robots\" content=\"index, follow, max-snippet:-1, max-image-preview:large, max-video-preview:-1\" \/>\n<link rel=\"canonical\" href=\"https:\/\/www.ralti.de\/?product=nike-herren-kapuzenjacke-sweat-club\" \/>\n<meta property=\"og:locale\" content=\"de_DE\" \/>\n<meta property=\"og:type\" content=\"article\" \/>\n<meta property=\"og:title\" content=\"Nike Herren Kapuzenjacke Sweat Club - Notfallvorsorge - Krisenvorsorge\" \/>\n<meta property=\"og:description\" content=\"Produktbeschreibung Nike Herren Kapuzenjacke Sweat Club Der Nike Club Full Zip Hoody f\u00fcr Herren hat eine angeraute Innenseite, was den Pulli zu einem warmen und bequemen Kleidungsst\u00fcck macht. Der Rei\u00dfverschluss an der Front ist durchgehend und kann daher je nach Bedarf offen oder geschlossen werden&hellip;\" \/>\n<meta property=\"og:url\" content=\"https:\/\/www.ralti.de\/?product=nike-herren-kapuzenjacke-sweat-club\" \/>\n<meta property=\"og:site_name\" content=\"Notfallvorsorge - Krisenvorsorge\" \/>\n<meta property=\"og:image\" content=\"https:\/\/m.media-amazon.com\/images\/I\/310iPHm+VKL.jpg\" \/>\n\t<meta property=\"og:image:width\" content=\"500\" \/>\n\t<meta property=\"og:image:height\" content=\"500\" \/>\n\t<meta property=\"og:image:type\" content=\"image\/jpeg\" \/>\n<meta name=\"twitter:card\" content=\"summary_large_image\" \/>\n<meta name=\"twitter:label1\" content=\"Gesch\u00e4tzte Lesezeit\" \/>\n\t<meta name=\"twitter:data1\" content=\"1\u00a0Minute\" \/>\n<script type=\"application\/ld+json\" class=\"yoast-schema-graph\">{\"@context\":\"https:\\\/\\\/schema.org\",\"@graph\":[{\"@type\":\"WebPage\",\"@id\":\"https:\\\/\\\/www.ralti.de\\\/?product=nike-herren-kapuzenjacke-sweat-club\",\"url\":\"https:\\\/\\\/www.ralti.de\\\/?product=nike-herren-kapuzenjacke-sweat-club\",\"name\":\"Nike Herren Kapuzenjacke Sweat Club - Notfallvorsorge - Krisenvorsorge\",\"isPartOf\":{\"@id\":\"https:\\\/\\\/www.ralti.de\\\/#website\"},\"primaryImageOfPage\":{\"@id\":\"https:\\\/\\\/www.ralti.de\\\/?product=nike-herren-kapuzenjacke-sweat-club#primaryimage\"},\"image\":{\"@id\":\"https:\\\/\\\/www.ralti.de\\\/?product=nike-herren-kapuzenjacke-sweat-club#primaryimage\"},\"thumbnailUrl\":\"https:\\\/\\\/m.media-amazon.com\\\/images\\\/I\\\/310iPHm+VKL.jpg\",\"datePublished\":\"2025-11-25T09:18:39+00:00\",\"breadcrumb\":{\"@id\":\"https:\\\/\\\/www.ralti.de\\\/?product=nike-herren-kapuzenjacke-sweat-club#breadcrumb\"},\"inLanguage\":\"de\",\"potentialAction\":[{\"@type\":\"ReadAction\",\"target\":[\"https:\\\/\\\/www.ralti.de\\\/?product=nike-herren-kapuzenjacke-sweat-club\"]}]},{\"@type\":\"ImageObject\",\"inLanguage\":\"de\",\"@id\":\"https:\\\/\\\/www.ralti.de\\\/?product=nike-herren-kapuzenjacke-sweat-club#primaryimage\",\"url\":\"https:\\\/\\\/m.media-amazon.com\\\/images\\\/I\\\/310iPHm+VKL.jpg\",\"contentUrl\":\"https:\\\/\\\/m.media-amazon.com\\\/images\\\/I\\\/310iPHm+VKL.jpg\",\"width\":500,\"height\":500},{\"@type\":\"BreadcrumbList\",\"@id\":\"https:\\\/\\\/www.ralti.de\\\/?product=nike-herren-kapuzenjacke-sweat-club#breadcrumb\",\"itemListElement\":[{\"@type\":\"ListItem\",\"position\":1,\"name\":\"Start\",\"item\":\"https:\\\/\\\/www.ralti.de\\\/\"},{\"@type\":\"ListItem\",\"position\":2,\"name\":\"Notfallartikel\",\"item\":\"https:\\\/\\\/www.ralti.de\\\/?page_id=14189\"},{\"@type\":\"ListItem\",\"position\":3,\"name\":\"Nike Herren Kapuzenjacke Sweat Club\"}]},{\"@type\":\"WebSite\",\"@id\":\"https:\\\/\\\/www.ralti.de\\\/#website\",\"url\":\"https:\\\/\\\/www.ralti.de\\\/\",\"name\":\"Ralti.de\",\"description\":\"Hier viele gute Angebote\",\"publisher\":{\"@id\":\"https:\\\/\\\/www.ralti.de\\\/#organization\"},\"potentialAction\":[{\"@type\":\"SearchAction\",\"target\":{\"@type\":\"EntryPoint\",\"urlTemplate\":\"https:\\\/\\\/www.ralti.de\\\/?s={search_term_string}\"},\"query-input\":{\"@type\":\"PropertyValueSpecification\",\"valueRequired\":true,\"valueName\":\"search_term_string\"}}],\"inLanguage\":\"de\"},{\"@type\":\"Organization\",\"@id\":\"https:\\\/\\\/www.ralti.de\\\/#organization\",\"name\":\"Ralti.de\",\"url\":\"https:\\\/\\\/www.ralti.de\\\/\",\"logo\":{\"@type\":\"ImageObject\",\"inLanguage\":\"de\",\"@id\":\"https:\\\/\\\/www.ralti.de\\\/#\\\/schema\\\/logo\\\/image\\\/\",\"url\":\"https:\\\/\\\/www.ralti.de\\\/wp-content\\\/uploads\\\/2025\\\/11\\\/ralti.png\",\"contentUrl\":\"https:\\\/\\\/www.ralti.de\\\/wp-content\\\/uploads\\\/2025\\\/11\\\/ralti.png\",\"width\":240,\"height\":75,\"caption\":\"Ralti.de\"},\"image\":{\"@id\":\"https:\\\/\\\/www.ralti.de\\\/#\\\/schema\\\/logo\\\/image\\\/\"}}]}<\/script>\n<!-- \/ Yoast SEO plugin. -->","yoast_head_json":{"title":"Nike Herren Kapuzenjacke Sweat Club - Notfallvorsorge - Krisenvorsorge","robots":{"index":"index","follow":"follow","max-snippet":"max-snippet:-1","max-image-preview":"max-image-preview:large","max-video-preview":"max-video-preview:-1"},"canonical":"https:\/\/www.ralti.de\/?product=nike-herren-kapuzenjacke-sweat-club","og_locale":"de_DE","og_type":"article","og_title":"Nike Herren Kapuzenjacke Sweat Club - Notfallvorsorge - Krisenvorsorge","og_description":"Produktbeschreibung Nike Herren Kapuzenjacke Sweat Club Der Nike Club Full Zip Hoody f\u00fcr Herren hat eine angeraute Innenseite, was den Pulli zu einem warmen und bequemen Kleidungsst\u00fcck macht. Der Rei\u00dfverschluss an der Front ist durchgehend und kann daher je nach Bedarf offen oder geschlossen werden&hellip;","og_url":"https:\/\/www.ralti.de\/?product=nike-herren-kapuzenjacke-sweat-club","og_site_name":"Notfallvorsorge - Krisenvorsorge","og_image":[{"width":500,"height":500,"url":"https:\/\/m.media-amazon.com\/images\/I\/310iPHm+VKL.jpg","type":"image\/jpeg"}],"twitter_card":"summary_large_image","twitter_misc":{"Gesch\u00e4tzte Lesezeit":"1\u00a0Minute"},"schema":{"@context":"https:\/\/schema.org","@graph":[{"@type":"WebPage","@id":"https:\/\/www.ralti.de\/?product=nike-herren-kapuzenjacke-sweat-club","url":"https:\/\/www.ralti.de\/?product=nike-herren-kapuzenjacke-sweat-club","name":"Nike Herren Kapuzenjacke Sweat Club - Notfallvorsorge - Krisenvorsorge","isPartOf":{"@id":"https:\/\/www.ralti.de\/#website"},"primaryImageOfPage":{"@id":"https:\/\/www.ralti.de\/?product=nike-herren-kapuzenjacke-sweat-club#primaryimage"},"image":{"@id":"https:\/\/www.ralti.de\/?product=nike-herren-kapuzenjacke-sweat-club#primaryimage"},"thumbnailUrl":"https:\/\/m.media-amazon.com\/images\/I\/310iPHm+VKL.jpg","datePublished":"2025-11-25T09:18:39+00:00","breadcrumb":{"@id":"https:\/\/www.ralti.de\/?product=nike-herren-kapuzenjacke-sweat-club#breadcrumb"},"inLanguage":"de","potentialAction":[{"@type":"ReadAction","target":["https:\/\/www.ralti.de\/?product=nike-herren-kapuzenjacke-sweat-club"]}]},{"@type":"ImageObject","inLanguage":"de","@id":"https:\/\/www.ralti.de\/?product=nike-herren-kapuzenjacke-sweat-club#primaryimage","url":"https:\/\/m.media-amazon.com\/images\/I\/310iPHm+VKL.jpg","contentUrl":"https:\/\/m.media-amazon.com\/images\/I\/310iPHm+VKL.jpg","width":500,"height":500},{"@type":"BreadcrumbList","@id":"https:\/\/www.ralti.de\/?product=nike-herren-kapuzenjacke-sweat-club#breadcrumb","itemListElement":[{"@type":"ListItem","position":1,"name":"Start","item":"https:\/\/www.ralti.de\/"},{"@type":"ListItem","position":2,"name":"Notfallartikel","item":"https:\/\/www.ralti.de\/?page_id=14189"},{"@type":"ListItem","position":3,"name":"Nike Herren Kapuzenjacke Sweat Club"}]},{"@type":"WebSite","@id":"https:\/\/www.ralti.de\/#website","url":"https:\/\/www.ralti.de\/","name":"Ralti.de","description":"Hier viele gute Angebote","publisher":{"@id":"https:\/\/www.ralti.de\/#organization"},"potentialAction":[{"@type":"SearchAction","target":{"@type":"EntryPoint","urlTemplate":"https:\/\/www.ralti.de\/?s={search_term_string}"},"query-input":{"@type":"PropertyValueSpecification","valueRequired":true,"valueName":"search_term_string"}}],"inLanguage":"de"},{"@type":"Organization","@id":"https:\/\/www.ralti.de\/#organization","name":"Ralti.de","url":"https:\/\/www.ralti.de\/","logo":{"@type":"ImageObject","inLanguage":"de","@id":"https:\/\/www.ralti.de\/#\/schema\/logo\/image\/","url":"https:\/\/www.ralti.de\/wp-content\/uploads\/2025\/11\/ralti.png","contentUrl":"https:\/\/www.ralti.de\/wp-content\/uploads\/2025\/11\/ralti.png","width":240,"height":75,"caption":"Ralti.de"},"image":{"@id":"https:\/\/www.ralti.de\/#\/schema\/logo\/image\/"}}]}},"_links":{"self":[{"href":"https:\/\/www.ralti.de\/index.php?rest_route=\/wp\/v2\/product\/5787","targetHints":{"allow":["GET"]}}],"collection":[{"href":"https:\/\/www.ralti.de\/index.php?rest_route=\/wp\/v2\/product"}],"about":[{"href":"https:\/\/www.ralti.de\/index.php?rest_route=\/wp\/v2\/types\/product"}],"replies":[{"embeddable":true,"href":"https:\/\/www.ralti.de\/index.php?rest_route=%2Fwp%2Fv2%2Fcomments&post=5787"}],"wp:featuredmedia":[{"embeddable":true,"href":"https:\/\/www.ralti.de\/index.php?rest_route=\/wp\/v2\/media\/5788"}],"wp:attachment":[{"href":"https:\/\/www.ralti.de\/index.php?rest_route=%2Fwp%2Fv2%2Fmedia&parent=5787"}],"wp:term":[{"taxonomy":"product_brand","embeddable":true,"href":"https:\/\/www.ralti.de\/index.php?rest_route=%2Fwp%2Fv2%2Fproduct_brand&post=5787"},{"taxonomy":"product_cat","embeddable":true,"href":"https:\/\/www.ralti.de\/index.php?rest_route=%2Fwp%2Fv2%2Fproduct_cat&post=5787"},{"taxonomy":"product_tag","embeddable":true,"href":"https:\/\/www.ralti.de\/index.php?rest_route=%2Fwp%2Fv2%2Fproduct_tag&post=5787"}],"curies":[{"name":"wp","href":"https:\/\/api.w.org\/{rel}","templated":true}]}}