{"id":5805,"date":"2025-11-25T09:18:43","date_gmt":"2025-11-25T09:18:43","guid":{"rendered":"https:\/\/www.ralti.de\/shop-2\/uncategorized\/mammut-herren-taiss-light-ml-jacke-fleecejacke-fleecepullover\/"},"modified":"2025-11-25T09:18:43","modified_gmt":"2025-11-25T09:18:43","slug":"mammut-herren-taiss-light-ml-jacke-fleecejacke-fleecepullover","status":"publish","type":"product","link":"https:\/\/www.ralti.de\/?product=mammut-herren-taiss-light-ml-jacke-fleecejacke-fleecepullover","title":{"rendered":"Mammut Herren Taiss Light ML Jacke Fleecejacke Fleecepullover"},"content":{"rendered":"<p><!-- show up to 2 reviews by default --> <\/p>\n<p> <span>Die Taiss Light ist als w\u00e4rmende Zwischenschicht ganzj\u00e4hrig einsetzbar und der ideale Begleiter f\u00fcr alle Bergaktivit\u00e4ten. F\u00fcr Bewegungsfreiheit und Abriebfestigkeit sorgen ein 4-Wege-Stretchfleece mittlerer St\u00e4rke mit einem hohen Nylonanteil und der vorgeformte Schnitt. Durch den glatten Aussenstoff eignet sich die Jacke ideal daf\u00fcr, im Schichtenprinzip unter einer Wetterschutzschicht zu w\u00e4rmen. Das Material ist atmungsaktiv und trocknet schnell, Flachn\u00e4hte erh\u00f6hen den Tragekomfort. Features wie die hoch platzierten, klettergurtkompatiblen Taschen und die Daumenschlaufen machen aus der Taiss Light einen hochfunktionalen, vielseitig einsetzbaren Midlayer.<\/span> <\/p>\n<div class=\"main-cross-sell\" data-asin=\"B09YRWLV43\">\n\n\t<div class=\"WooZone-cross-sell-loader\">\n\t\t<div>\n\t\t\t<div id=\"floatingBarsG\">\n\t\t\t\t<div class=\"blockG\" id=\"rotateG_01\"><\/div>\n\t\t\t\t<div class=\"blockG\" id=\"rotateG_02\"><\/div>\n\t\t\t\t<div class=\"blockG\" id=\"rotateG_03\"><\/div>\n\t\t\t\t<div class=\"blockG\" id=\"rotateG_04\"><\/div>\n\t\t\t\t<div class=\"blockG\" id=\"rotateG_05\"><\/div>\n\t\t\t\t<div class=\"blockG\" id=\"rotateG_06\"><\/div>\n\t\t\t\t<div class=\"blockG\" id=\"rotateG_07\"><\/div>\n\t\t\t\t<div class=\"blockG\" id=\"rotateG_08\"><\/div>\n\t\t\t<\/div>\n\t\t\t<div class=\"WooZone-cross-sell-loader-text\"><\/div>\n\t\t<\/div>\n\t<\/div>\n\n\t\t\n<\/div>\n<div style=\"clear:both;\"><\/div>\n","protected":false},"excerpt":{"rendered":"<p>Die Taiss Light ist als w\u00e4rmende Zwischenschicht ganzj\u00e4hrig einsetzbar und der ideale Begleiter f\u00fcr alle Bergaktivit\u00e4ten. F\u00fcr Bewegungsfreiheit und Abriebfestigkeit sorgen ein 4-Wege-Stretchfleece mittlerer St\u00e4rke mit einem hohen Nylonanteil und der vorgeformte Schnitt. Durch den glatten Aussenstoff eignet sich die Jacke ideal daf\u00fcr, im Schichtenprinzip&hellip;<\/p>\n","protected":false},"featured_media":5806,"comment_status":"open","ping_status":"closed","template":"","meta":{"_acf_changed":false},"product_brand":[],"product_cat":[229,225],"product_tag":[],"class_list":{"0":"post-5805","1":"product","2":"type-product","3":"status-publish","4":"has-post-thumbnail","6":"product_cat-jacken","7":"product_cat-kleidung","9":"first","10":"instock","11":"sale","12":"shipping-taxable","13":"product-type-external"},"acf":[],"yoast_head":"<!-- This site is optimized with the Yoast SEO plugin v27.5 - https:\/\/yoast.com\/product\/yoast-seo-wordpress\/ -->\n<title>Mammut Herren Taiss Light ML Jacke Fleecejacke Fleecepullover - Notfallvorsorge - Krisenvorsorge<\/title>\n<meta name=\"robots\" content=\"index, follow, max-snippet:-1, max-image-preview:large, max-video-preview:-1\" \/>\n<link rel=\"canonical\" href=\"https:\/\/www.ralti.de\/?product=mammut-herren-taiss-light-ml-jacke-fleecejacke-fleecepullover\" \/>\n<meta property=\"og:locale\" content=\"de_DE\" \/>\n<meta property=\"og:type\" content=\"article\" \/>\n<meta property=\"og:title\" content=\"Mammut Herren Taiss Light ML Jacke Fleecejacke Fleecepullover - Notfallvorsorge - Krisenvorsorge\" \/>\n<meta property=\"og:description\" content=\"Die Taiss Light ist als w\u00e4rmende Zwischenschicht ganzj\u00e4hrig einsetzbar und der ideale Begleiter f\u00fcr alle Bergaktivit\u00e4ten. F\u00fcr Bewegungsfreiheit und Abriebfestigkeit sorgen ein 4-Wege-Stretchfleece mittlerer St\u00e4rke mit einem hohen Nylonanteil und der vorgeformte Schnitt. Durch den glatten Aussenstoff eignet sich die Jacke ideal daf\u00fcr, im Schichtenprinzip&hellip;\" \/>\n<meta property=\"og:url\" content=\"https:\/\/www.ralti.de\/?product=mammut-herren-taiss-light-ml-jacke-fleecejacke-fleecepullover\" \/>\n<meta property=\"og:site_name\" content=\"Notfallvorsorge - Krisenvorsorge\" \/>\n<meta property=\"og:image\" content=\"https:\/\/m.media-amazon.com\/images\/I\/31Dqq2XHxVL.jpg\" \/>\n\t<meta property=\"og:image:width\" content=\"500\" \/>\n\t<meta property=\"og:image:height\" content=\"500\" \/>\n\t<meta property=\"og:image:type\" content=\"image\/jpeg\" \/>\n<meta name=\"twitter:card\" content=\"summary_large_image\" \/>\n<script type=\"application\/ld+json\" class=\"yoast-schema-graph\">{\"@context\":\"https:\\\/\\\/schema.org\",\"@graph\":[{\"@type\":\"WebPage\",\"@id\":\"https:\\\/\\\/www.ralti.de\\\/?product=mammut-herren-taiss-light-ml-jacke-fleecejacke-fleecepullover\",\"url\":\"https:\\\/\\\/www.ralti.de\\\/?product=mammut-herren-taiss-light-ml-jacke-fleecejacke-fleecepullover\",\"name\":\"Mammut Herren Taiss Light ML Jacke Fleecejacke Fleecepullover - Notfallvorsorge - Krisenvorsorge\",\"isPartOf\":{\"@id\":\"https:\\\/\\\/www.ralti.de\\\/#website\"},\"primaryImageOfPage\":{\"@id\":\"https:\\\/\\\/www.ralti.de\\\/?product=mammut-herren-taiss-light-ml-jacke-fleecejacke-fleecepullover#primaryimage\"},\"image\":{\"@id\":\"https:\\\/\\\/www.ralti.de\\\/?product=mammut-herren-taiss-light-ml-jacke-fleecejacke-fleecepullover#primaryimage\"},\"thumbnailUrl\":\"https:\\\/\\\/m.media-amazon.com\\\/images\\\/I\\\/31Dqq2XHxVL.jpg\",\"datePublished\":\"2025-11-25T09:18:43+00:00\",\"breadcrumb\":{\"@id\":\"https:\\\/\\\/www.ralti.de\\\/?product=mammut-herren-taiss-light-ml-jacke-fleecejacke-fleecepullover#breadcrumb\"},\"inLanguage\":\"de\",\"potentialAction\":[{\"@type\":\"ReadAction\",\"target\":[\"https:\\\/\\\/www.ralti.de\\\/?product=mammut-herren-taiss-light-ml-jacke-fleecejacke-fleecepullover\"]}]},{\"@type\":\"ImageObject\",\"inLanguage\":\"de\",\"@id\":\"https:\\\/\\\/www.ralti.de\\\/?product=mammut-herren-taiss-light-ml-jacke-fleecejacke-fleecepullover#primaryimage\",\"url\":\"https:\\\/\\\/m.media-amazon.com\\\/images\\\/I\\\/31Dqq2XHxVL.jpg\",\"contentUrl\":\"https:\\\/\\\/m.media-amazon.com\\\/images\\\/I\\\/31Dqq2XHxVL.jpg\",\"width\":500,\"height\":500},{\"@type\":\"BreadcrumbList\",\"@id\":\"https:\\\/\\\/www.ralti.de\\\/?product=mammut-herren-taiss-light-ml-jacke-fleecejacke-fleecepullover#breadcrumb\",\"itemListElement\":[{\"@type\":\"ListItem\",\"position\":1,\"name\":\"Start\",\"item\":\"https:\\\/\\\/www.ralti.de\\\/\"},{\"@type\":\"ListItem\",\"position\":2,\"name\":\"Notfallartikel\",\"item\":\"https:\\\/\\\/www.ralti.de\\\/?page_id=14189\"},{\"@type\":\"ListItem\",\"position\":3,\"name\":\"Mammut Herren Taiss Light ML Jacke Fleecejacke Fleecepullover\"}]},{\"@type\":\"WebSite\",\"@id\":\"https:\\\/\\\/www.ralti.de\\\/#website\",\"url\":\"https:\\\/\\\/www.ralti.de\\\/\",\"name\":\"Ralti.de\",\"description\":\"Hier viele gute Angebote\",\"publisher\":{\"@id\":\"https:\\\/\\\/www.ralti.de\\\/#organization\"},\"potentialAction\":[{\"@type\":\"SearchAction\",\"target\":{\"@type\":\"EntryPoint\",\"urlTemplate\":\"https:\\\/\\\/www.ralti.de\\\/?s={search_term_string}\"},\"query-input\":{\"@type\":\"PropertyValueSpecification\",\"valueRequired\":true,\"valueName\":\"search_term_string\"}}],\"inLanguage\":\"de\"},{\"@type\":\"Organization\",\"@id\":\"https:\\\/\\\/www.ralti.de\\\/#organization\",\"name\":\"Ralti.de\",\"url\":\"https:\\\/\\\/www.ralti.de\\\/\",\"logo\":{\"@type\":\"ImageObject\",\"inLanguage\":\"de\",\"@id\":\"https:\\\/\\\/www.ralti.de\\\/#\\\/schema\\\/logo\\\/image\\\/\",\"url\":\"https:\\\/\\\/www.ralti.de\\\/wp-content\\\/uploads\\\/2025\\\/11\\\/ralti.png\",\"contentUrl\":\"https:\\\/\\\/www.ralti.de\\\/wp-content\\\/uploads\\\/2025\\\/11\\\/ralti.png\",\"width\":240,\"height\":75,\"caption\":\"Ralti.de\"},\"image\":{\"@id\":\"https:\\\/\\\/www.ralti.de\\\/#\\\/schema\\\/logo\\\/image\\\/\"}}]}<\/script>\n<!-- \/ Yoast SEO plugin. -->","yoast_head_json":{"title":"Mammut Herren Taiss Light ML Jacke Fleecejacke Fleecepullover - Notfallvorsorge - Krisenvorsorge","robots":{"index":"index","follow":"follow","max-snippet":"max-snippet:-1","max-image-preview":"max-image-preview:large","max-video-preview":"max-video-preview:-1"},"canonical":"https:\/\/www.ralti.de\/?product=mammut-herren-taiss-light-ml-jacke-fleecejacke-fleecepullover","og_locale":"de_DE","og_type":"article","og_title":"Mammut Herren Taiss Light ML Jacke Fleecejacke Fleecepullover - Notfallvorsorge - Krisenvorsorge","og_description":"Die Taiss Light ist als w\u00e4rmende Zwischenschicht ganzj\u00e4hrig einsetzbar und der ideale Begleiter f\u00fcr alle Bergaktivit\u00e4ten. F\u00fcr Bewegungsfreiheit und Abriebfestigkeit sorgen ein 4-Wege-Stretchfleece mittlerer St\u00e4rke mit einem hohen Nylonanteil und der vorgeformte Schnitt. Durch den glatten Aussenstoff eignet sich die Jacke ideal daf\u00fcr, im Schichtenprinzip&hellip;","og_url":"https:\/\/www.ralti.de\/?product=mammut-herren-taiss-light-ml-jacke-fleecejacke-fleecepullover","og_site_name":"Notfallvorsorge - Krisenvorsorge","og_image":[{"width":500,"height":500,"url":"https:\/\/m.media-amazon.com\/images\/I\/31Dqq2XHxVL.jpg","type":"image\/jpeg"}],"twitter_card":"summary_large_image","schema":{"@context":"https:\/\/schema.org","@graph":[{"@type":"WebPage","@id":"https:\/\/www.ralti.de\/?product=mammut-herren-taiss-light-ml-jacke-fleecejacke-fleecepullover","url":"https:\/\/www.ralti.de\/?product=mammut-herren-taiss-light-ml-jacke-fleecejacke-fleecepullover","name":"Mammut Herren Taiss Light ML Jacke Fleecejacke Fleecepullover - Notfallvorsorge - Krisenvorsorge","isPartOf":{"@id":"https:\/\/www.ralti.de\/#website"},"primaryImageOfPage":{"@id":"https:\/\/www.ralti.de\/?product=mammut-herren-taiss-light-ml-jacke-fleecejacke-fleecepullover#primaryimage"},"image":{"@id":"https:\/\/www.ralti.de\/?product=mammut-herren-taiss-light-ml-jacke-fleecejacke-fleecepullover#primaryimage"},"thumbnailUrl":"https:\/\/m.media-amazon.com\/images\/I\/31Dqq2XHxVL.jpg","datePublished":"2025-11-25T09:18:43+00:00","breadcrumb":{"@id":"https:\/\/www.ralti.de\/?product=mammut-herren-taiss-light-ml-jacke-fleecejacke-fleecepullover#breadcrumb"},"inLanguage":"de","potentialAction":[{"@type":"ReadAction","target":["https:\/\/www.ralti.de\/?product=mammut-herren-taiss-light-ml-jacke-fleecejacke-fleecepullover"]}]},{"@type":"ImageObject","inLanguage":"de","@id":"https:\/\/www.ralti.de\/?product=mammut-herren-taiss-light-ml-jacke-fleecejacke-fleecepullover#primaryimage","url":"https:\/\/m.media-amazon.com\/images\/I\/31Dqq2XHxVL.jpg","contentUrl":"https:\/\/m.media-amazon.com\/images\/I\/31Dqq2XHxVL.jpg","width":500,"height":500},{"@type":"BreadcrumbList","@id":"https:\/\/www.ralti.de\/?product=mammut-herren-taiss-light-ml-jacke-fleecejacke-fleecepullover#breadcrumb","itemListElement":[{"@type":"ListItem","position":1,"name":"Start","item":"https:\/\/www.ralti.de\/"},{"@type":"ListItem","position":2,"name":"Notfallartikel","item":"https:\/\/www.ralti.de\/?page_id=14189"},{"@type":"ListItem","position":3,"name":"Mammut Herren Taiss Light ML Jacke Fleecejacke Fleecepullover"}]},{"@type":"WebSite","@id":"https:\/\/www.ralti.de\/#website","url":"https:\/\/www.ralti.de\/","name":"Ralti.de","description":"Hier viele gute Angebote","publisher":{"@id":"https:\/\/www.ralti.de\/#organization"},"potentialAction":[{"@type":"SearchAction","target":{"@type":"EntryPoint","urlTemplate":"https:\/\/www.ralti.de\/?s={search_term_string}"},"query-input":{"@type":"PropertyValueSpecification","valueRequired":true,"valueName":"search_term_string"}}],"inLanguage":"de"},{"@type":"Organization","@id":"https:\/\/www.ralti.de\/#organization","name":"Ralti.de","url":"https:\/\/www.ralti.de\/","logo":{"@type":"ImageObject","inLanguage":"de","@id":"https:\/\/www.ralti.de\/#\/schema\/logo\/image\/","url":"https:\/\/www.ralti.de\/wp-content\/uploads\/2025\/11\/ralti.png","contentUrl":"https:\/\/www.ralti.de\/wp-content\/uploads\/2025\/11\/ralti.png","width":240,"height":75,"caption":"Ralti.de"},"image":{"@id":"https:\/\/www.ralti.de\/#\/schema\/logo\/image\/"}}]}},"_links":{"self":[{"href":"https:\/\/www.ralti.de\/index.php?rest_route=\/wp\/v2\/product\/5805","targetHints":{"allow":["GET"]}}],"collection":[{"href":"https:\/\/www.ralti.de\/index.php?rest_route=\/wp\/v2\/product"}],"about":[{"href":"https:\/\/www.ralti.de\/index.php?rest_route=\/wp\/v2\/types\/product"}],"replies":[{"embeddable":true,"href":"https:\/\/www.ralti.de\/index.php?rest_route=%2Fwp%2Fv2%2Fcomments&post=5805"}],"wp:featuredmedia":[{"embeddable":true,"href":"https:\/\/www.ralti.de\/index.php?rest_route=\/wp\/v2\/media\/5806"}],"wp:attachment":[{"href":"https:\/\/www.ralti.de\/index.php?rest_route=%2Fwp%2Fv2%2Fmedia&parent=5805"}],"wp:term":[{"taxonomy":"product_brand","embeddable":true,"href":"https:\/\/www.ralti.de\/index.php?rest_route=%2Fwp%2Fv2%2Fproduct_brand&post=5805"},{"taxonomy":"product_cat","embeddable":true,"href":"https:\/\/www.ralti.de\/index.php?rest_route=%2Fwp%2Fv2%2Fproduct_cat&post=5805"},{"taxonomy":"product_tag","embeddable":true,"href":"https:\/\/www.ralti.de\/index.php?rest_route=%2Fwp%2Fv2%2Fproduct_tag&post=5805"}],"curies":[{"name":"wp","href":"https:\/\/api.w.org\/{rel}","templated":true}]}}