{"id":5847,"date":"2025-11-25T09:18:54","date_gmt":"2025-11-25T09:18:54","guid":{"rendered":"https:\/\/www.ralti.de\/shop-2\/uncategorized\/only-female-steppjacke-onltahoe-steppjacke\/"},"modified":"2025-11-25T09:18:54","modified_gmt":"2025-11-25T09:18:54","slug":"only-female-steppjacke-onltahoe-steppjacke","status":"publish","type":"product","link":"https:\/\/www.ralti.de\/?product=only-female-steppjacke-onltahoe-steppjacke","title":{"rendered":"ONLY Female Steppjacke ONLTAHOE Steppjacke"},"content":{"rendered":"<p><!-- show up to 2 reviews by default --> <\/p>\n<p> <span>Unser legend\u00e4rer Clog, der einst eine weltweite Komfort-Revolution ausl\u00f6ste. Ein bequemer Allround-Schuh, in den du dich jeden Tag aufs Neue verlieben wirst. Die Crocs Classic Clogs bieten leichten Iconic Crocs Comfort\u2122 und sind perfekt f\u00fcr alle, die sich rundum wohlf\u00fchlen m\u00f6chten. In der passenden Farbe f\u00fcr jeden Geschmack. Sichere passform und normale schuhweite.<\/span> <\/p>\n<div class=\"main-cross-sell\" data-asin=\"B07CJFJLH9\">\n\n\t<div class=\"WooZone-cross-sell-loader\">\n\t\t<div>\n\t\t\t<div id=\"floatingBarsG\">\n\t\t\t\t<div class=\"blockG\" id=\"rotateG_01\"><\/div>\n\t\t\t\t<div class=\"blockG\" id=\"rotateG_02\"><\/div>\n\t\t\t\t<div class=\"blockG\" id=\"rotateG_03\"><\/div>\n\t\t\t\t<div class=\"blockG\" id=\"rotateG_04\"><\/div>\n\t\t\t\t<div class=\"blockG\" id=\"rotateG_05\"><\/div>\n\t\t\t\t<div class=\"blockG\" id=\"rotateG_06\"><\/div>\n\t\t\t\t<div class=\"blockG\" id=\"rotateG_07\"><\/div>\n\t\t\t\t<div class=\"blockG\" id=\"rotateG_08\"><\/div>\n\t\t\t<\/div>\n\t\t\t<div class=\"WooZone-cross-sell-loader-text\"><\/div>\n\t\t<\/div>\n\t<\/div>\n\n\t\t\n<\/div>\n<div style=\"clear:both;\"><\/div>\n","protected":false},"excerpt":{"rendered":"<p>Unser legend\u00e4rer Clog, der einst eine weltweite Komfort-Revolution ausl\u00f6ste. Ein bequemer Allround-Schuh, in den du dich jeden Tag aufs Neue verlieben wirst. Die Crocs Classic Clogs bieten leichten Iconic Crocs Comfort\u2122 und sind perfekt f\u00fcr alle, die sich rundum wohlf\u00fchlen m\u00f6chten. In der passenden Farbe&hellip;<\/p>\n","protected":false},"featured_media":5848,"comment_status":"open","ping_status":"closed","template":"","meta":{"_acf_changed":false},"product_brand":[],"product_cat":[229,225],"product_tag":[],"class_list":{"0":"post-5847","1":"product","2":"type-product","3":"status-publish","4":"has-post-thumbnail","6":"product_cat-jacken","7":"product_cat-kleidung","9":"first","10":"instock","11":"sale","12":"shipping-taxable","13":"product-type-external"},"acf":[],"yoast_head":"<!-- This site is optimized with the Yoast SEO plugin v27.5 - https:\/\/yoast.com\/product\/yoast-seo-wordpress\/ -->\n<title>ONLY Female Steppjacke ONLTAHOE Steppjacke - Notfallvorsorge - Krisenvorsorge<\/title>\n<meta name=\"robots\" content=\"index, follow, max-snippet:-1, max-image-preview:large, max-video-preview:-1\" \/>\n<link rel=\"canonical\" href=\"https:\/\/www.ralti.de\/?product=only-female-steppjacke-onltahoe-steppjacke\" \/>\n<meta property=\"og:locale\" content=\"de_DE\" \/>\n<meta property=\"og:type\" content=\"article\" \/>\n<meta property=\"og:title\" content=\"ONLY Female Steppjacke ONLTAHOE Steppjacke - Notfallvorsorge - Krisenvorsorge\" \/>\n<meta property=\"og:description\" content=\"Unser legend\u00e4rer Clog, der einst eine weltweite Komfort-Revolution ausl\u00f6ste. Ein bequemer Allround-Schuh, in den du dich jeden Tag aufs Neue verlieben wirst. Die Crocs Classic Clogs bieten leichten Iconic Crocs Comfort\u2122 und sind perfekt f\u00fcr alle, die sich rundum wohlf\u00fchlen m\u00f6chten. In der passenden Farbe&hellip;\" \/>\n<meta property=\"og:url\" content=\"https:\/\/www.ralti.de\/?product=only-female-steppjacke-onltahoe-steppjacke\" \/>\n<meta property=\"og:site_name\" content=\"Notfallvorsorge - Krisenvorsorge\" \/>\n<meta property=\"og:image\" content=\"https:\/\/m.media-amazon.com\/images\/I\/31X75n0Y8tL.jpg\" \/>\n\t<meta property=\"og:image:width\" content=\"500\" \/>\n\t<meta property=\"og:image:height\" content=\"500\" \/>\n\t<meta property=\"og:image:type\" content=\"image\/jpeg\" \/>\n<meta name=\"twitter:card\" content=\"summary_large_image\" \/>\n<script type=\"application\/ld+json\" class=\"yoast-schema-graph\">{\"@context\":\"https:\\\/\\\/schema.org\",\"@graph\":[{\"@type\":\"WebPage\",\"@id\":\"https:\\\/\\\/www.ralti.de\\\/?product=only-female-steppjacke-onltahoe-steppjacke\",\"url\":\"https:\\\/\\\/www.ralti.de\\\/?product=only-female-steppjacke-onltahoe-steppjacke\",\"name\":\"ONLY Female Steppjacke ONLTAHOE Steppjacke - Notfallvorsorge - Krisenvorsorge\",\"isPartOf\":{\"@id\":\"https:\\\/\\\/www.ralti.de\\\/#website\"},\"primaryImageOfPage\":{\"@id\":\"https:\\\/\\\/www.ralti.de\\\/?product=only-female-steppjacke-onltahoe-steppjacke#primaryimage\"},\"image\":{\"@id\":\"https:\\\/\\\/www.ralti.de\\\/?product=only-female-steppjacke-onltahoe-steppjacke#primaryimage\"},\"thumbnailUrl\":\"https:\\\/\\\/m.media-amazon.com\\\/images\\\/I\\\/31X75n0Y8tL.jpg\",\"datePublished\":\"2025-11-25T09:18:54+00:00\",\"breadcrumb\":{\"@id\":\"https:\\\/\\\/www.ralti.de\\\/?product=only-female-steppjacke-onltahoe-steppjacke#breadcrumb\"},\"inLanguage\":\"de\",\"potentialAction\":[{\"@type\":\"ReadAction\",\"target\":[\"https:\\\/\\\/www.ralti.de\\\/?product=only-female-steppjacke-onltahoe-steppjacke\"]}]},{\"@type\":\"ImageObject\",\"inLanguage\":\"de\",\"@id\":\"https:\\\/\\\/www.ralti.de\\\/?product=only-female-steppjacke-onltahoe-steppjacke#primaryimage\",\"url\":\"https:\\\/\\\/m.media-amazon.com\\\/images\\\/I\\\/31X75n0Y8tL.jpg\",\"contentUrl\":\"https:\\\/\\\/m.media-amazon.com\\\/images\\\/I\\\/31X75n0Y8tL.jpg\",\"width\":500,\"height\":500},{\"@type\":\"BreadcrumbList\",\"@id\":\"https:\\\/\\\/www.ralti.de\\\/?product=only-female-steppjacke-onltahoe-steppjacke#breadcrumb\",\"itemListElement\":[{\"@type\":\"ListItem\",\"position\":1,\"name\":\"Start\",\"item\":\"https:\\\/\\\/www.ralti.de\\\/\"},{\"@type\":\"ListItem\",\"position\":2,\"name\":\"Notfallartikel\",\"item\":\"https:\\\/\\\/www.ralti.de\\\/?page_id=14189\"},{\"@type\":\"ListItem\",\"position\":3,\"name\":\"ONLY Female Steppjacke ONLTAHOE Steppjacke\"}]},{\"@type\":\"WebSite\",\"@id\":\"https:\\\/\\\/www.ralti.de\\\/#website\",\"url\":\"https:\\\/\\\/www.ralti.de\\\/\",\"name\":\"Ralti.de\",\"description\":\"Hier viele gute Angebote\",\"publisher\":{\"@id\":\"https:\\\/\\\/www.ralti.de\\\/#organization\"},\"potentialAction\":[{\"@type\":\"SearchAction\",\"target\":{\"@type\":\"EntryPoint\",\"urlTemplate\":\"https:\\\/\\\/www.ralti.de\\\/?s={search_term_string}\"},\"query-input\":{\"@type\":\"PropertyValueSpecification\",\"valueRequired\":true,\"valueName\":\"search_term_string\"}}],\"inLanguage\":\"de\"},{\"@type\":\"Organization\",\"@id\":\"https:\\\/\\\/www.ralti.de\\\/#organization\",\"name\":\"Ralti.de\",\"url\":\"https:\\\/\\\/www.ralti.de\\\/\",\"logo\":{\"@type\":\"ImageObject\",\"inLanguage\":\"de\",\"@id\":\"https:\\\/\\\/www.ralti.de\\\/#\\\/schema\\\/logo\\\/image\\\/\",\"url\":\"https:\\\/\\\/www.ralti.de\\\/wp-content\\\/uploads\\\/2025\\\/11\\\/ralti.png\",\"contentUrl\":\"https:\\\/\\\/www.ralti.de\\\/wp-content\\\/uploads\\\/2025\\\/11\\\/ralti.png\",\"width\":240,\"height\":75,\"caption\":\"Ralti.de\"},\"image\":{\"@id\":\"https:\\\/\\\/www.ralti.de\\\/#\\\/schema\\\/logo\\\/image\\\/\"}}]}<\/script>\n<!-- \/ Yoast SEO plugin. -->","yoast_head_json":{"title":"ONLY Female Steppjacke ONLTAHOE Steppjacke - Notfallvorsorge - Krisenvorsorge","robots":{"index":"index","follow":"follow","max-snippet":"max-snippet:-1","max-image-preview":"max-image-preview:large","max-video-preview":"max-video-preview:-1"},"canonical":"https:\/\/www.ralti.de\/?product=only-female-steppjacke-onltahoe-steppjacke","og_locale":"de_DE","og_type":"article","og_title":"ONLY Female Steppjacke ONLTAHOE Steppjacke - Notfallvorsorge - Krisenvorsorge","og_description":"Unser legend\u00e4rer Clog, der einst eine weltweite Komfort-Revolution ausl\u00f6ste. Ein bequemer Allround-Schuh, in den du dich jeden Tag aufs Neue verlieben wirst. Die Crocs Classic Clogs bieten leichten Iconic Crocs Comfort\u2122 und sind perfekt f\u00fcr alle, die sich rundum wohlf\u00fchlen m\u00f6chten. In der passenden Farbe&hellip;","og_url":"https:\/\/www.ralti.de\/?product=only-female-steppjacke-onltahoe-steppjacke","og_site_name":"Notfallvorsorge - Krisenvorsorge","og_image":[{"width":500,"height":500,"url":"https:\/\/m.media-amazon.com\/images\/I\/31X75n0Y8tL.jpg","type":"image\/jpeg"}],"twitter_card":"summary_large_image","schema":{"@context":"https:\/\/schema.org","@graph":[{"@type":"WebPage","@id":"https:\/\/www.ralti.de\/?product=only-female-steppjacke-onltahoe-steppjacke","url":"https:\/\/www.ralti.de\/?product=only-female-steppjacke-onltahoe-steppjacke","name":"ONLY Female Steppjacke ONLTAHOE Steppjacke - Notfallvorsorge - Krisenvorsorge","isPartOf":{"@id":"https:\/\/www.ralti.de\/#website"},"primaryImageOfPage":{"@id":"https:\/\/www.ralti.de\/?product=only-female-steppjacke-onltahoe-steppjacke#primaryimage"},"image":{"@id":"https:\/\/www.ralti.de\/?product=only-female-steppjacke-onltahoe-steppjacke#primaryimage"},"thumbnailUrl":"https:\/\/m.media-amazon.com\/images\/I\/31X75n0Y8tL.jpg","datePublished":"2025-11-25T09:18:54+00:00","breadcrumb":{"@id":"https:\/\/www.ralti.de\/?product=only-female-steppjacke-onltahoe-steppjacke#breadcrumb"},"inLanguage":"de","potentialAction":[{"@type":"ReadAction","target":["https:\/\/www.ralti.de\/?product=only-female-steppjacke-onltahoe-steppjacke"]}]},{"@type":"ImageObject","inLanguage":"de","@id":"https:\/\/www.ralti.de\/?product=only-female-steppjacke-onltahoe-steppjacke#primaryimage","url":"https:\/\/m.media-amazon.com\/images\/I\/31X75n0Y8tL.jpg","contentUrl":"https:\/\/m.media-amazon.com\/images\/I\/31X75n0Y8tL.jpg","width":500,"height":500},{"@type":"BreadcrumbList","@id":"https:\/\/www.ralti.de\/?product=only-female-steppjacke-onltahoe-steppjacke#breadcrumb","itemListElement":[{"@type":"ListItem","position":1,"name":"Start","item":"https:\/\/www.ralti.de\/"},{"@type":"ListItem","position":2,"name":"Notfallartikel","item":"https:\/\/www.ralti.de\/?page_id=14189"},{"@type":"ListItem","position":3,"name":"ONLY Female Steppjacke ONLTAHOE Steppjacke"}]},{"@type":"WebSite","@id":"https:\/\/www.ralti.de\/#website","url":"https:\/\/www.ralti.de\/","name":"Ralti.de","description":"Hier viele gute Angebote","publisher":{"@id":"https:\/\/www.ralti.de\/#organization"},"potentialAction":[{"@type":"SearchAction","target":{"@type":"EntryPoint","urlTemplate":"https:\/\/www.ralti.de\/?s={search_term_string}"},"query-input":{"@type":"PropertyValueSpecification","valueRequired":true,"valueName":"search_term_string"}}],"inLanguage":"de"},{"@type":"Organization","@id":"https:\/\/www.ralti.de\/#organization","name":"Ralti.de","url":"https:\/\/www.ralti.de\/","logo":{"@type":"ImageObject","inLanguage":"de","@id":"https:\/\/www.ralti.de\/#\/schema\/logo\/image\/","url":"https:\/\/www.ralti.de\/wp-content\/uploads\/2025\/11\/ralti.png","contentUrl":"https:\/\/www.ralti.de\/wp-content\/uploads\/2025\/11\/ralti.png","width":240,"height":75,"caption":"Ralti.de"},"image":{"@id":"https:\/\/www.ralti.de\/#\/schema\/logo\/image\/"}}]}},"_links":{"self":[{"href":"https:\/\/www.ralti.de\/index.php?rest_route=\/wp\/v2\/product\/5847","targetHints":{"allow":["GET"]}}],"collection":[{"href":"https:\/\/www.ralti.de\/index.php?rest_route=\/wp\/v2\/product"}],"about":[{"href":"https:\/\/www.ralti.de\/index.php?rest_route=\/wp\/v2\/types\/product"}],"replies":[{"embeddable":true,"href":"https:\/\/www.ralti.de\/index.php?rest_route=%2Fwp%2Fv2%2Fcomments&post=5847"}],"wp:featuredmedia":[{"embeddable":true,"href":"https:\/\/www.ralti.de\/index.php?rest_route=\/wp\/v2\/media\/5848"}],"wp:attachment":[{"href":"https:\/\/www.ralti.de\/index.php?rest_route=%2Fwp%2Fv2%2Fmedia&parent=5847"}],"wp:term":[{"taxonomy":"product_brand","embeddable":true,"href":"https:\/\/www.ralti.de\/index.php?rest_route=%2Fwp%2Fv2%2Fproduct_brand&post=5847"},{"taxonomy":"product_cat","embeddable":true,"href":"https:\/\/www.ralti.de\/index.php?rest_route=%2Fwp%2Fv2%2Fproduct_cat&post=5847"},{"taxonomy":"product_tag","embeddable":true,"href":"https:\/\/www.ralti.de\/index.php?rest_route=%2Fwp%2Fv2%2Fproduct_tag&post=5847"}],"curies":[{"name":"wp","href":"https:\/\/api.w.org\/{rel}","templated":true}]}}