{"id":5853,"date":"2025-11-25T09:18:55","date_gmt":"2025-11-25T09:18:55","guid":{"rendered":"https:\/\/www.ralti.de\/shop-2\/uncategorized\/jack-wolfskin-herren-taubenberg-3in1-jkt-m-jacket\/"},"modified":"2025-11-25T09:18:55","modified_gmt":"2025-11-25T09:18:55","slug":"jack-wolfskin-herren-taubenberg-3in1-jkt-m-jacket","status":"publish","type":"product","link":"https:\/\/www.ralti.de\/?product=jack-wolfskin-herren-taubenberg-3in1-jkt-m-jacket","title":{"rendered":"Jack Wolfskin Herren Taubenberg 3in1 Jkt M Jacket"},"content":{"rendered":"<p><!-- show up to 2 reviews by default --> <\/p>\n<p> <span>Ein Muss f\u00fcr deine Outdoor-Garderobe ist unsere 3in1-Jacke TAUBENBERG. Die Innenjacke ist aus warmem POLARTEC 200. Einem langlebigen und klassischem Fleece, das fast komplett aus recycelter Kunstfaser besteht. Als Material f\u00fcr die Au\u00dfenjacke haben wir wasserdichtes, winddichtes und atmungsaktives TEXAPORE CORE verwendet. Der wasserabweisende Rei\u00dfverschluss rundet die sportliche Colorblock-Au\u00dfenjacke ab. Kapuze und Saum stellst du individuell ein. Karte, M\u00fcsliriegel und anderes Wanderzubeh\u00f6r verstaust du den zwei H\u00fcfttaschen und einer Innentasche.<\/span> <\/p>\n<div class=\"main-cross-sell\" data-asin=\"B0D3FG5LNP\">\n\n\t<div class=\"WooZone-cross-sell-loader\">\n\t\t<div>\n\t\t\t<div id=\"floatingBarsG\">\n\t\t\t\t<div class=\"blockG\" id=\"rotateG_01\"><\/div>\n\t\t\t\t<div class=\"blockG\" id=\"rotateG_02\"><\/div>\n\t\t\t\t<div class=\"blockG\" id=\"rotateG_03\"><\/div>\n\t\t\t\t<div class=\"blockG\" id=\"rotateG_04\"><\/div>\n\t\t\t\t<div class=\"blockG\" id=\"rotateG_05\"><\/div>\n\t\t\t\t<div class=\"blockG\" id=\"rotateG_06\"><\/div>\n\t\t\t\t<div class=\"blockG\" id=\"rotateG_07\"><\/div>\n\t\t\t\t<div class=\"blockG\" id=\"rotateG_08\"><\/div>\n\t\t\t<\/div>\n\t\t\t<div class=\"WooZone-cross-sell-loader-text\"><\/div>\n\t\t<\/div>\n\t<\/div>\n\n\t\t\n<\/div>\n<div style=\"clear:both;\"><\/div>\n","protected":false},"excerpt":{"rendered":"<p>Ein Muss f\u00fcr deine Outdoor-Garderobe ist unsere 3in1-Jacke TAUBENBERG. Die Innenjacke ist aus warmem POLARTEC 200. Einem langlebigen und klassischem Fleece, das fast komplett aus recycelter Kunstfaser besteht. Als Material f\u00fcr die Au\u00dfenjacke haben wir wasserdichtes, winddichtes und atmungsaktives TEXAPORE CORE verwendet. Der wasserabweisende Rei\u00dfverschluss&hellip;<\/p>\n","protected":false},"featured_media":5854,"comment_status":"open","ping_status":"closed","template":"","meta":{"_acf_changed":false},"product_brand":[],"product_cat":[229,225],"product_tag":[],"class_list":{"0":"post-5853","1":"product","2":"type-product","3":"status-publish","4":"has-post-thumbnail","6":"product_cat-jacken","7":"product_cat-kleidung","9":"first","10":"instock","11":"sale","12":"shipping-taxable","13":"product-type-external"},"acf":[],"yoast_head":"<!-- This site is optimized with the Yoast SEO plugin v27.4 - https:\/\/yoast.com\/product\/yoast-seo-wordpress\/ -->\n<title>Jack Wolfskin Herren Taubenberg 3in1 Jkt M Jacket - Notfallvorsorge - Krisenvorsorge<\/title>\n<meta name=\"robots\" content=\"index, follow, max-snippet:-1, max-image-preview:large, max-video-preview:-1\" \/>\n<link rel=\"canonical\" href=\"https:\/\/www.ralti.de\/?product=jack-wolfskin-herren-taubenberg-3in1-jkt-m-jacket\" \/>\n<meta property=\"og:locale\" content=\"de_DE\" \/>\n<meta property=\"og:type\" content=\"article\" \/>\n<meta property=\"og:title\" content=\"Jack Wolfskin Herren Taubenberg 3in1 Jkt M Jacket - Notfallvorsorge - Krisenvorsorge\" \/>\n<meta property=\"og:description\" content=\"Ein Muss f\u00fcr deine Outdoor-Garderobe ist unsere 3in1-Jacke TAUBENBERG. Die Innenjacke ist aus warmem POLARTEC 200. Einem langlebigen und klassischem Fleece, das fast komplett aus recycelter Kunstfaser besteht. Als Material f\u00fcr die Au\u00dfenjacke haben wir wasserdichtes, winddichtes und atmungsaktives TEXAPORE CORE verwendet. Der wasserabweisende Rei\u00dfverschluss&hellip;\" \/>\n<meta property=\"og:url\" content=\"https:\/\/www.ralti.de\/?product=jack-wolfskin-herren-taubenberg-3in1-jkt-m-jacket\" \/>\n<meta property=\"og:site_name\" content=\"Notfallvorsorge - Krisenvorsorge\" \/>\n<meta property=\"og:image\" content=\"https:\/\/m.media-amazon.com\/images\/I\/31hB-rZ5k4L.jpg\" \/>\n\t<meta property=\"og:image:width\" content=\"500\" \/>\n\t<meta property=\"og:image:height\" content=\"500\" \/>\n\t<meta property=\"og:image:type\" content=\"image\/jpeg\" \/>\n<meta name=\"twitter:card\" content=\"summary_large_image\" \/>\n<script type=\"application\/ld+json\" class=\"yoast-schema-graph\">{\"@context\":\"https:\\\/\\\/schema.org\",\"@graph\":[{\"@type\":\"WebPage\",\"@id\":\"https:\\\/\\\/www.ralti.de\\\/?product=jack-wolfskin-herren-taubenberg-3in1-jkt-m-jacket\",\"url\":\"https:\\\/\\\/www.ralti.de\\\/?product=jack-wolfskin-herren-taubenberg-3in1-jkt-m-jacket\",\"name\":\"Jack Wolfskin Herren Taubenberg 3in1 Jkt M Jacket - Notfallvorsorge - Krisenvorsorge\",\"isPartOf\":{\"@id\":\"https:\\\/\\\/www.ralti.de\\\/#website\"},\"primaryImageOfPage\":{\"@id\":\"https:\\\/\\\/www.ralti.de\\\/?product=jack-wolfskin-herren-taubenberg-3in1-jkt-m-jacket#primaryimage\"},\"image\":{\"@id\":\"https:\\\/\\\/www.ralti.de\\\/?product=jack-wolfskin-herren-taubenberg-3in1-jkt-m-jacket#primaryimage\"},\"thumbnailUrl\":\"https:\\\/\\\/m.media-amazon.com\\\/images\\\/I\\\/31hB-rZ5k4L.jpg\",\"datePublished\":\"2025-11-25T09:18:55+00:00\",\"breadcrumb\":{\"@id\":\"https:\\\/\\\/www.ralti.de\\\/?product=jack-wolfskin-herren-taubenberg-3in1-jkt-m-jacket#breadcrumb\"},\"inLanguage\":\"de\",\"potentialAction\":[{\"@type\":\"ReadAction\",\"target\":[\"https:\\\/\\\/www.ralti.de\\\/?product=jack-wolfskin-herren-taubenberg-3in1-jkt-m-jacket\"]}]},{\"@type\":\"ImageObject\",\"inLanguage\":\"de\",\"@id\":\"https:\\\/\\\/www.ralti.de\\\/?product=jack-wolfskin-herren-taubenberg-3in1-jkt-m-jacket#primaryimage\",\"url\":\"https:\\\/\\\/m.media-amazon.com\\\/images\\\/I\\\/31hB-rZ5k4L.jpg\",\"contentUrl\":\"https:\\\/\\\/m.media-amazon.com\\\/images\\\/I\\\/31hB-rZ5k4L.jpg\",\"width\":500,\"height\":500},{\"@type\":\"BreadcrumbList\",\"@id\":\"https:\\\/\\\/www.ralti.de\\\/?product=jack-wolfskin-herren-taubenberg-3in1-jkt-m-jacket#breadcrumb\",\"itemListElement\":[{\"@type\":\"ListItem\",\"position\":1,\"name\":\"Start\",\"item\":\"https:\\\/\\\/www.ralti.de\\\/\"},{\"@type\":\"ListItem\",\"position\":2,\"name\":\"Notfallartikel\",\"item\":\"https:\\\/\\\/www.ralti.de\\\/?page_id=14189\"},{\"@type\":\"ListItem\",\"position\":3,\"name\":\"Jack Wolfskin Herren Taubenberg 3in1 Jkt M Jacket\"}]},{\"@type\":\"WebSite\",\"@id\":\"https:\\\/\\\/www.ralti.de\\\/#website\",\"url\":\"https:\\\/\\\/www.ralti.de\\\/\",\"name\":\"Ralti.de\",\"description\":\"Hier viele gute Angebote\",\"publisher\":{\"@id\":\"https:\\\/\\\/www.ralti.de\\\/#organization\"},\"potentialAction\":[{\"@type\":\"SearchAction\",\"target\":{\"@type\":\"EntryPoint\",\"urlTemplate\":\"https:\\\/\\\/www.ralti.de\\\/?s={search_term_string}\"},\"query-input\":{\"@type\":\"PropertyValueSpecification\",\"valueRequired\":true,\"valueName\":\"search_term_string\"}}],\"inLanguage\":\"de\"},{\"@type\":\"Organization\",\"@id\":\"https:\\\/\\\/www.ralti.de\\\/#organization\",\"name\":\"Ralti.de\",\"url\":\"https:\\\/\\\/www.ralti.de\\\/\",\"logo\":{\"@type\":\"ImageObject\",\"inLanguage\":\"de\",\"@id\":\"https:\\\/\\\/www.ralti.de\\\/#\\\/schema\\\/logo\\\/image\\\/\",\"url\":\"https:\\\/\\\/www.ralti.de\\\/wp-content\\\/uploads\\\/2025\\\/11\\\/ralti.png\",\"contentUrl\":\"https:\\\/\\\/www.ralti.de\\\/wp-content\\\/uploads\\\/2025\\\/11\\\/ralti.png\",\"width\":240,\"height\":75,\"caption\":\"Ralti.de\"},\"image\":{\"@id\":\"https:\\\/\\\/www.ralti.de\\\/#\\\/schema\\\/logo\\\/image\\\/\"}}]}<\/script>\n<!-- \/ Yoast SEO plugin. -->","yoast_head_json":{"title":"Jack Wolfskin Herren Taubenberg 3in1 Jkt M Jacket - Notfallvorsorge - Krisenvorsorge","robots":{"index":"index","follow":"follow","max-snippet":"max-snippet:-1","max-image-preview":"max-image-preview:large","max-video-preview":"max-video-preview:-1"},"canonical":"https:\/\/www.ralti.de\/?product=jack-wolfskin-herren-taubenberg-3in1-jkt-m-jacket","og_locale":"de_DE","og_type":"article","og_title":"Jack Wolfskin Herren Taubenberg 3in1 Jkt M Jacket - Notfallvorsorge - Krisenvorsorge","og_description":"Ein Muss f\u00fcr deine Outdoor-Garderobe ist unsere 3in1-Jacke TAUBENBERG. Die Innenjacke ist aus warmem POLARTEC 200. Einem langlebigen und klassischem Fleece, das fast komplett aus recycelter Kunstfaser besteht. Als Material f\u00fcr die Au\u00dfenjacke haben wir wasserdichtes, winddichtes und atmungsaktives TEXAPORE CORE verwendet. Der wasserabweisende Rei\u00dfverschluss&hellip;","og_url":"https:\/\/www.ralti.de\/?product=jack-wolfskin-herren-taubenberg-3in1-jkt-m-jacket","og_site_name":"Notfallvorsorge - Krisenvorsorge","og_image":[{"width":500,"height":500,"url":"https:\/\/m.media-amazon.com\/images\/I\/31hB-rZ5k4L.jpg","type":"image\/jpeg"}],"twitter_card":"summary_large_image","schema":{"@context":"https:\/\/schema.org","@graph":[{"@type":"WebPage","@id":"https:\/\/www.ralti.de\/?product=jack-wolfskin-herren-taubenberg-3in1-jkt-m-jacket","url":"https:\/\/www.ralti.de\/?product=jack-wolfskin-herren-taubenberg-3in1-jkt-m-jacket","name":"Jack Wolfskin Herren Taubenberg 3in1 Jkt M Jacket - Notfallvorsorge - Krisenvorsorge","isPartOf":{"@id":"https:\/\/www.ralti.de\/#website"},"primaryImageOfPage":{"@id":"https:\/\/www.ralti.de\/?product=jack-wolfskin-herren-taubenberg-3in1-jkt-m-jacket#primaryimage"},"image":{"@id":"https:\/\/www.ralti.de\/?product=jack-wolfskin-herren-taubenberg-3in1-jkt-m-jacket#primaryimage"},"thumbnailUrl":"https:\/\/m.media-amazon.com\/images\/I\/31hB-rZ5k4L.jpg","datePublished":"2025-11-25T09:18:55+00:00","breadcrumb":{"@id":"https:\/\/www.ralti.de\/?product=jack-wolfskin-herren-taubenberg-3in1-jkt-m-jacket#breadcrumb"},"inLanguage":"de","potentialAction":[{"@type":"ReadAction","target":["https:\/\/www.ralti.de\/?product=jack-wolfskin-herren-taubenberg-3in1-jkt-m-jacket"]}]},{"@type":"ImageObject","inLanguage":"de","@id":"https:\/\/www.ralti.de\/?product=jack-wolfskin-herren-taubenberg-3in1-jkt-m-jacket#primaryimage","url":"https:\/\/m.media-amazon.com\/images\/I\/31hB-rZ5k4L.jpg","contentUrl":"https:\/\/m.media-amazon.com\/images\/I\/31hB-rZ5k4L.jpg","width":500,"height":500},{"@type":"BreadcrumbList","@id":"https:\/\/www.ralti.de\/?product=jack-wolfskin-herren-taubenberg-3in1-jkt-m-jacket#breadcrumb","itemListElement":[{"@type":"ListItem","position":1,"name":"Start","item":"https:\/\/www.ralti.de\/"},{"@type":"ListItem","position":2,"name":"Notfallartikel","item":"https:\/\/www.ralti.de\/?page_id=14189"},{"@type":"ListItem","position":3,"name":"Jack Wolfskin Herren Taubenberg 3in1 Jkt M Jacket"}]},{"@type":"WebSite","@id":"https:\/\/www.ralti.de\/#website","url":"https:\/\/www.ralti.de\/","name":"Ralti.de","description":"Hier viele gute Angebote","publisher":{"@id":"https:\/\/www.ralti.de\/#organization"},"potentialAction":[{"@type":"SearchAction","target":{"@type":"EntryPoint","urlTemplate":"https:\/\/www.ralti.de\/?s={search_term_string}"},"query-input":{"@type":"PropertyValueSpecification","valueRequired":true,"valueName":"search_term_string"}}],"inLanguage":"de"},{"@type":"Organization","@id":"https:\/\/www.ralti.de\/#organization","name":"Ralti.de","url":"https:\/\/www.ralti.de\/","logo":{"@type":"ImageObject","inLanguage":"de","@id":"https:\/\/www.ralti.de\/#\/schema\/logo\/image\/","url":"https:\/\/www.ralti.de\/wp-content\/uploads\/2025\/11\/ralti.png","contentUrl":"https:\/\/www.ralti.de\/wp-content\/uploads\/2025\/11\/ralti.png","width":240,"height":75,"caption":"Ralti.de"},"image":{"@id":"https:\/\/www.ralti.de\/#\/schema\/logo\/image\/"}}]}},"_links":{"self":[{"href":"https:\/\/www.ralti.de\/index.php?rest_route=\/wp\/v2\/product\/5853","targetHints":{"allow":["GET"]}}],"collection":[{"href":"https:\/\/www.ralti.de\/index.php?rest_route=\/wp\/v2\/product"}],"about":[{"href":"https:\/\/www.ralti.de\/index.php?rest_route=\/wp\/v2\/types\/product"}],"replies":[{"embeddable":true,"href":"https:\/\/www.ralti.de\/index.php?rest_route=%2Fwp%2Fv2%2Fcomments&post=5853"}],"wp:featuredmedia":[{"embeddable":true,"href":"https:\/\/www.ralti.de\/index.php?rest_route=\/wp\/v2\/media\/5854"}],"wp:attachment":[{"href":"https:\/\/www.ralti.de\/index.php?rest_route=%2Fwp%2Fv2%2Fmedia&parent=5853"}],"wp:term":[{"taxonomy":"product_brand","embeddable":true,"href":"https:\/\/www.ralti.de\/index.php?rest_route=%2Fwp%2Fv2%2Fproduct_brand&post=5853"},{"taxonomy":"product_cat","embeddable":true,"href":"https:\/\/www.ralti.de\/index.php?rest_route=%2Fwp%2Fv2%2Fproduct_cat&post=5853"},{"taxonomy":"product_tag","embeddable":true,"href":"https:\/\/www.ralti.de\/index.php?rest_route=%2Fwp%2Fv2%2Fproduct_tag&post=5853"}],"curies":[{"name":"wp","href":"https:\/\/api.w.org\/{rel}","templated":true}]}}