{"id":5871,"date":"2025-11-25T09:18:58","date_gmt":"2025-11-25T09:18:58","guid":{"rendered":"https:\/\/www.ralti.de\/shop-2\/uncategorized\/helly-hansen-herren-dubliner-shell-jacke\/"},"modified":"2025-11-25T09:18:58","modified_gmt":"2025-11-25T09:18:58","slug":"helly-hansen-herren-dubliner-shell-jacke","status":"publish","type":"product","link":"https:\/\/www.ralti.de\/?product=helly-hansen-herren-dubliner-shell-jacke","title":{"rendered":"Helly Hansen Herren Dubliner Shell Jacke"},"content":{"rendered":"<p><!-- show up to 2 reviews by default --> <\/p>\n<h3> <span>Produktbeschreibung<\/span> <\/h3>\n<\/p>\n<h3><span>Helly Hansen Dubliner Jacket<\/span><\/h3>\n<p><span>Ideal gesch\u00fctzt vor K\u00e4lte und N\u00e4sse: Durch das Helly Tech Protection-Material ist die Jacke besonders wind- und wasser-<br \/>dicht &#8211; und das dauerhaft. Dank der hervorragenden Passform und des schnell trocknenden Innen-Futters besticht die<br \/>Regenjacke zus\u00e4tzlich durch optimalen Komfort &#8211; ideal f\u00fcr den Alltag und verschiedene Outdoor-Aktivit\u00e4ten.<\/span><\/p>\n<p><span class=\"a-text-bold\">Produktdetails<\/span><\/p>\n<ul class=\"a-unordered-list a-vertical\">\n<li><span class=\"a-list-item\"><span>Komfortables und schnell trocknendes Futter<\/span><\/span><\/li>\n<li><span class=\"a-list-item\"><span>Helly Tech Protection<\/span><\/span><\/li>\n<li><span class=\"a-list-item\"><span>Atmungsaktiv, wasser- und winddicht<\/span><\/span><\/li>\n<li><span class=\"a-list-item\"><span>Vollst\u00e4ndig verschwei\u00dfte N\u00e4hte<\/span><\/span><\/li>\n<li><span class=\"a-list-item\"><span>2-Lagen-Design<\/span><\/span><\/li>\n<li><span class=\"a-list-item\"><span>Artikelnummer: 62643<\/span><\/span><\/li>\n<\/ul>\n<p><span class=\"a-text-bold\">\u00dcber Helly Hansen<\/span><\/p>\n<p><span>Die Geschichte des Unternehmens begann 1877, als der Seekapit\u00e4n Hansen eine L\u00f6sung suchte, um sich vor den rauen,<br \/>norwegischen Wetterbedingungen auf See zu sch\u00fctzen. Er legte den Grundstein f\u00fcr den Erfolg der Marke. Helly Hansen<br \/>Kleidung vermittelt das Gef\u00fchl von Lebendigkeit und Lebensfreude. Heute wird die Bekleidung von Ski-Profis auf Ber-<br \/>gen, von Weltklasse-Seglern auf Ozeanen und von eifrigen Arbeitern auf der Baustelle getragen und gesch\u00e4tzt.<\/span><\/p>\n<\/p>\n<h3> <span>Set enth\u00e4lt:<\/span> <\/h3>\n<p> <span>1 x Jacke.<\/span> <\/p>\n<div class=\"main-cross-sell\" data-asin=\"B01EOX0B3E\">\n\n\t<div class=\"WooZone-cross-sell-loader\">\n\t\t<div>\n\t\t\t<div id=\"floatingBarsG\">\n\t\t\t\t<div class=\"blockG\" id=\"rotateG_01\"><\/div>\n\t\t\t\t<div class=\"blockG\" id=\"rotateG_02\"><\/div>\n\t\t\t\t<div class=\"blockG\" id=\"rotateG_03\"><\/div>\n\t\t\t\t<div class=\"blockG\" id=\"rotateG_04\"><\/div>\n\t\t\t\t<div class=\"blockG\" id=\"rotateG_05\"><\/div>\n\t\t\t\t<div class=\"blockG\" id=\"rotateG_06\"><\/div>\n\t\t\t\t<div class=\"blockG\" id=\"rotateG_07\"><\/div>\n\t\t\t\t<div class=\"blockG\" id=\"rotateG_08\"><\/div>\n\t\t\t<\/div>\n\t\t\t<div class=\"WooZone-cross-sell-loader-text\"><\/div>\n\t\t<\/div>\n\t<\/div>\n\n\t\t\n<\/div>\n<div style=\"clear:both;\"><\/div>\n","protected":false},"excerpt":{"rendered":"<p>Produktbeschreibung Helly Hansen Dubliner Jacket Ideal gesch\u00fctzt vor K\u00e4lte und N\u00e4sse: Durch das Helly Tech Protection-Material ist die Jacke besonders wind- und wasser-dicht &#8211; und das dauerhaft. Dank der hervorragenden Passform und des schnell trocknenden Innen-Futters besticht dieRegenjacke zus\u00e4tzlich durch optimalen Komfort &#8211; ideal f\u00fcr&hellip;<\/p>\n","protected":false},"featured_media":5872,"comment_status":"open","ping_status":"closed","template":"","meta":{"_acf_changed":false},"product_brand":[],"product_cat":[229,225],"product_tag":[],"class_list":{"0":"post-5871","1":"product","2":"type-product","3":"status-publish","4":"has-post-thumbnail","6":"product_cat-jacken","7":"product_cat-kleidung","9":"first","10":"instock","11":"sale","12":"shipping-taxable","13":"product-type-external"},"acf":[],"yoast_head":"<!-- This site is optimized with the Yoast SEO plugin v27.5 - https:\/\/yoast.com\/product\/yoast-seo-wordpress\/ -->\n<title>Helly Hansen Herren Dubliner Shell Jacke - Notfallvorsorge - Krisenvorsorge<\/title>\n<meta name=\"robots\" content=\"index, follow, max-snippet:-1, max-image-preview:large, max-video-preview:-1\" \/>\n<link rel=\"canonical\" href=\"https:\/\/www.ralti.de\/?product=helly-hansen-herren-dubliner-shell-jacke\" \/>\n<meta property=\"og:locale\" content=\"de_DE\" \/>\n<meta property=\"og:type\" content=\"article\" \/>\n<meta property=\"og:title\" content=\"Helly Hansen Herren Dubliner Shell Jacke - Notfallvorsorge - Krisenvorsorge\" \/>\n<meta property=\"og:description\" content=\"Produktbeschreibung Helly Hansen Dubliner Jacket Ideal gesch\u00fctzt vor K\u00e4lte und N\u00e4sse: Durch das Helly Tech Protection-Material ist die Jacke besonders wind- und wasser-dicht &#8211; und das dauerhaft. Dank der hervorragenden Passform und des schnell trocknenden Innen-Futters besticht dieRegenjacke zus\u00e4tzlich durch optimalen Komfort &#8211; ideal f\u00fcr&hellip;\" \/>\n<meta property=\"og:url\" content=\"https:\/\/www.ralti.de\/?product=helly-hansen-herren-dubliner-shell-jacke\" \/>\n<meta property=\"og:site_name\" content=\"Notfallvorsorge - Krisenvorsorge\" \/>\n<meta property=\"og:image\" content=\"https:\/\/m.media-amazon.com\/images\/I\/31muA7XEQgL.jpg\" \/>\n\t<meta property=\"og:image:width\" content=\"500\" \/>\n\t<meta property=\"og:image:height\" content=\"500\" \/>\n\t<meta property=\"og:image:type\" content=\"image\/jpeg\" \/>\n<meta name=\"twitter:card\" content=\"summary_large_image\" \/>\n<meta name=\"twitter:label1\" content=\"Gesch\u00e4tzte Lesezeit\" \/>\n\t<meta name=\"twitter:data1\" content=\"1\u00a0Minute\" \/>\n<script type=\"application\/ld+json\" class=\"yoast-schema-graph\">{\"@context\":\"https:\\\/\\\/schema.org\",\"@graph\":[{\"@type\":\"WebPage\",\"@id\":\"https:\\\/\\\/www.ralti.de\\\/?product=helly-hansen-herren-dubliner-shell-jacke\",\"url\":\"https:\\\/\\\/www.ralti.de\\\/?product=helly-hansen-herren-dubliner-shell-jacke\",\"name\":\"Helly Hansen Herren Dubliner Shell Jacke - Notfallvorsorge - Krisenvorsorge\",\"isPartOf\":{\"@id\":\"https:\\\/\\\/www.ralti.de\\\/#website\"},\"primaryImageOfPage\":{\"@id\":\"https:\\\/\\\/www.ralti.de\\\/?product=helly-hansen-herren-dubliner-shell-jacke#primaryimage\"},\"image\":{\"@id\":\"https:\\\/\\\/www.ralti.de\\\/?product=helly-hansen-herren-dubliner-shell-jacke#primaryimage\"},\"thumbnailUrl\":\"https:\\\/\\\/m.media-amazon.com\\\/images\\\/I\\\/31muA7XEQgL.jpg\",\"datePublished\":\"2025-11-25T09:18:58+00:00\",\"breadcrumb\":{\"@id\":\"https:\\\/\\\/www.ralti.de\\\/?product=helly-hansen-herren-dubliner-shell-jacke#breadcrumb\"},\"inLanguage\":\"de\",\"potentialAction\":[{\"@type\":\"ReadAction\",\"target\":[\"https:\\\/\\\/www.ralti.de\\\/?product=helly-hansen-herren-dubliner-shell-jacke\"]}]},{\"@type\":\"ImageObject\",\"inLanguage\":\"de\",\"@id\":\"https:\\\/\\\/www.ralti.de\\\/?product=helly-hansen-herren-dubliner-shell-jacke#primaryimage\",\"url\":\"https:\\\/\\\/m.media-amazon.com\\\/images\\\/I\\\/31muA7XEQgL.jpg\",\"contentUrl\":\"https:\\\/\\\/m.media-amazon.com\\\/images\\\/I\\\/31muA7XEQgL.jpg\",\"width\":500,\"height\":500},{\"@type\":\"BreadcrumbList\",\"@id\":\"https:\\\/\\\/www.ralti.de\\\/?product=helly-hansen-herren-dubliner-shell-jacke#breadcrumb\",\"itemListElement\":[{\"@type\":\"ListItem\",\"position\":1,\"name\":\"Start\",\"item\":\"https:\\\/\\\/www.ralti.de\\\/\"},{\"@type\":\"ListItem\",\"position\":2,\"name\":\"Notfallartikel\",\"item\":\"https:\\\/\\\/www.ralti.de\\\/?page_id=14189\"},{\"@type\":\"ListItem\",\"position\":3,\"name\":\"Helly Hansen Herren Dubliner Shell Jacke\"}]},{\"@type\":\"WebSite\",\"@id\":\"https:\\\/\\\/www.ralti.de\\\/#website\",\"url\":\"https:\\\/\\\/www.ralti.de\\\/\",\"name\":\"Ralti.de\",\"description\":\"Hier viele gute Angebote\",\"publisher\":{\"@id\":\"https:\\\/\\\/www.ralti.de\\\/#organization\"},\"potentialAction\":[{\"@type\":\"SearchAction\",\"target\":{\"@type\":\"EntryPoint\",\"urlTemplate\":\"https:\\\/\\\/www.ralti.de\\\/?s={search_term_string}\"},\"query-input\":{\"@type\":\"PropertyValueSpecification\",\"valueRequired\":true,\"valueName\":\"search_term_string\"}}],\"inLanguage\":\"de\"},{\"@type\":\"Organization\",\"@id\":\"https:\\\/\\\/www.ralti.de\\\/#organization\",\"name\":\"Ralti.de\",\"url\":\"https:\\\/\\\/www.ralti.de\\\/\",\"logo\":{\"@type\":\"ImageObject\",\"inLanguage\":\"de\",\"@id\":\"https:\\\/\\\/www.ralti.de\\\/#\\\/schema\\\/logo\\\/image\\\/\",\"url\":\"https:\\\/\\\/www.ralti.de\\\/wp-content\\\/uploads\\\/2025\\\/11\\\/ralti.png\",\"contentUrl\":\"https:\\\/\\\/www.ralti.de\\\/wp-content\\\/uploads\\\/2025\\\/11\\\/ralti.png\",\"width\":240,\"height\":75,\"caption\":\"Ralti.de\"},\"image\":{\"@id\":\"https:\\\/\\\/www.ralti.de\\\/#\\\/schema\\\/logo\\\/image\\\/\"}}]}<\/script>\n<!-- \/ Yoast SEO plugin. -->","yoast_head_json":{"title":"Helly Hansen Herren Dubliner Shell Jacke - Notfallvorsorge - Krisenvorsorge","robots":{"index":"index","follow":"follow","max-snippet":"max-snippet:-1","max-image-preview":"max-image-preview:large","max-video-preview":"max-video-preview:-1"},"canonical":"https:\/\/www.ralti.de\/?product=helly-hansen-herren-dubliner-shell-jacke","og_locale":"de_DE","og_type":"article","og_title":"Helly Hansen Herren Dubliner Shell Jacke - Notfallvorsorge - Krisenvorsorge","og_description":"Produktbeschreibung Helly Hansen Dubliner Jacket Ideal gesch\u00fctzt vor K\u00e4lte und N\u00e4sse: Durch das Helly Tech Protection-Material ist die Jacke besonders wind- und wasser-dicht &#8211; und das dauerhaft. Dank der hervorragenden Passform und des schnell trocknenden Innen-Futters besticht dieRegenjacke zus\u00e4tzlich durch optimalen Komfort &#8211; ideal f\u00fcr&hellip;","og_url":"https:\/\/www.ralti.de\/?product=helly-hansen-herren-dubliner-shell-jacke","og_site_name":"Notfallvorsorge - Krisenvorsorge","og_image":[{"width":500,"height":500,"url":"https:\/\/m.media-amazon.com\/images\/I\/31muA7XEQgL.jpg","type":"image\/jpeg"}],"twitter_card":"summary_large_image","twitter_misc":{"Gesch\u00e4tzte Lesezeit":"1\u00a0Minute"},"schema":{"@context":"https:\/\/schema.org","@graph":[{"@type":"WebPage","@id":"https:\/\/www.ralti.de\/?product=helly-hansen-herren-dubliner-shell-jacke","url":"https:\/\/www.ralti.de\/?product=helly-hansen-herren-dubliner-shell-jacke","name":"Helly Hansen Herren Dubliner Shell Jacke - Notfallvorsorge - Krisenvorsorge","isPartOf":{"@id":"https:\/\/www.ralti.de\/#website"},"primaryImageOfPage":{"@id":"https:\/\/www.ralti.de\/?product=helly-hansen-herren-dubliner-shell-jacke#primaryimage"},"image":{"@id":"https:\/\/www.ralti.de\/?product=helly-hansen-herren-dubliner-shell-jacke#primaryimage"},"thumbnailUrl":"https:\/\/m.media-amazon.com\/images\/I\/31muA7XEQgL.jpg","datePublished":"2025-11-25T09:18:58+00:00","breadcrumb":{"@id":"https:\/\/www.ralti.de\/?product=helly-hansen-herren-dubliner-shell-jacke#breadcrumb"},"inLanguage":"de","potentialAction":[{"@type":"ReadAction","target":["https:\/\/www.ralti.de\/?product=helly-hansen-herren-dubliner-shell-jacke"]}]},{"@type":"ImageObject","inLanguage":"de","@id":"https:\/\/www.ralti.de\/?product=helly-hansen-herren-dubliner-shell-jacke#primaryimage","url":"https:\/\/m.media-amazon.com\/images\/I\/31muA7XEQgL.jpg","contentUrl":"https:\/\/m.media-amazon.com\/images\/I\/31muA7XEQgL.jpg","width":500,"height":500},{"@type":"BreadcrumbList","@id":"https:\/\/www.ralti.de\/?product=helly-hansen-herren-dubliner-shell-jacke#breadcrumb","itemListElement":[{"@type":"ListItem","position":1,"name":"Start","item":"https:\/\/www.ralti.de\/"},{"@type":"ListItem","position":2,"name":"Notfallartikel","item":"https:\/\/www.ralti.de\/?page_id=14189"},{"@type":"ListItem","position":3,"name":"Helly Hansen Herren Dubliner Shell Jacke"}]},{"@type":"WebSite","@id":"https:\/\/www.ralti.de\/#website","url":"https:\/\/www.ralti.de\/","name":"Ralti.de","description":"Hier viele gute Angebote","publisher":{"@id":"https:\/\/www.ralti.de\/#organization"},"potentialAction":[{"@type":"SearchAction","target":{"@type":"EntryPoint","urlTemplate":"https:\/\/www.ralti.de\/?s={search_term_string}"},"query-input":{"@type":"PropertyValueSpecification","valueRequired":true,"valueName":"search_term_string"}}],"inLanguage":"de"},{"@type":"Organization","@id":"https:\/\/www.ralti.de\/#organization","name":"Ralti.de","url":"https:\/\/www.ralti.de\/","logo":{"@type":"ImageObject","inLanguage":"de","@id":"https:\/\/www.ralti.de\/#\/schema\/logo\/image\/","url":"https:\/\/www.ralti.de\/wp-content\/uploads\/2025\/11\/ralti.png","contentUrl":"https:\/\/www.ralti.de\/wp-content\/uploads\/2025\/11\/ralti.png","width":240,"height":75,"caption":"Ralti.de"},"image":{"@id":"https:\/\/www.ralti.de\/#\/schema\/logo\/image\/"}}]}},"_links":{"self":[{"href":"https:\/\/www.ralti.de\/index.php?rest_route=\/wp\/v2\/product\/5871","targetHints":{"allow":["GET"]}}],"collection":[{"href":"https:\/\/www.ralti.de\/index.php?rest_route=\/wp\/v2\/product"}],"about":[{"href":"https:\/\/www.ralti.de\/index.php?rest_route=\/wp\/v2\/types\/product"}],"replies":[{"embeddable":true,"href":"https:\/\/www.ralti.de\/index.php?rest_route=%2Fwp%2Fv2%2Fcomments&post=5871"}],"wp:featuredmedia":[{"embeddable":true,"href":"https:\/\/www.ralti.de\/index.php?rest_route=\/wp\/v2\/media\/5872"}],"wp:attachment":[{"href":"https:\/\/www.ralti.de\/index.php?rest_route=%2Fwp%2Fv2%2Fmedia&parent=5871"}],"wp:term":[{"taxonomy":"product_brand","embeddable":true,"href":"https:\/\/www.ralti.de\/index.php?rest_route=%2Fwp%2Fv2%2Fproduct_brand&post=5871"},{"taxonomy":"product_cat","embeddable":true,"href":"https:\/\/www.ralti.de\/index.php?rest_route=%2Fwp%2Fv2%2Fproduct_cat&post=5871"},{"taxonomy":"product_tag","embeddable":true,"href":"https:\/\/www.ralti.de\/index.php?rest_route=%2Fwp%2Fv2%2Fproduct_tag&post=5871"}],"curies":[{"name":"wp","href":"https:\/\/api.w.org\/{rel}","templated":true}]}}