{"id":6025,"date":"2025-11-25T09:19:29","date_gmt":"2025-11-25T09:19:29","guid":{"rendered":"https:\/\/www.ralti.de\/shop-2\/uncategorized\/amazon-essentials-herren-fleece-jacke-mit-durchgehendem-reisverschluss\/"},"modified":"2025-11-25T09:19:29","modified_gmt":"2025-11-25T09:19:29","slug":"amazon-essentials-herren-fleece-jacke-mit-durchgehendem-reisverschluss","status":"publish","type":"product","link":"https:\/\/www.ralti.de\/?product=amazon-essentials-herren-fleece-jacke-mit-durchgehendem-reisverschluss","title":{"rendered":"Amazon Essentials Herren Fleece-Jacke mit durchgehendem Rei\u00dfverschluss"},"content":{"rendered":"<p><!-- show up to 2 reviews by default --> <\/p>\n<p> <span>Dieses mittelschwere Sweatshirt ist aus einem weichen Fleece mit geb\u00fcrsteter R\u00fcckseite aus Baumwolle und Polyester gefertigt und eignet sich gut, um Sie an k\u00fchleren Tagen kuschelig warm zu halten. Dieses Sweatshirt mit durchgehendem Rei\u00dfverschluss und Stehkragen ist auf das allt\u00e4gliche Casual-Styling zugeschnitten und passt gut zu den Fleece-Jogginghosen f\u00fcr Herren von Amazon Essentials. Es bietet einen entspannten und dennoch stilvollen Look, der sich ideal f\u00fcr gem\u00fctliche Ausfl\u00fcge oder Freizeitkleidung eignet. Zu den durchdachten Details geh\u00f6ren ein durchgehender Frontrei\u00dfverschluss, ein Stehkragen, Rippb\u00fcndchen an den Manschetten und zwei Fronttaschen f\u00fcr zus\u00e4tzliche Funktionalit\u00e4t und Komfort. Bei einer US-Gr\u00f6\u00dfe M misst es 28 Zoll vom Seitenhals entfernt und bietet ausreichend Schutz und eine schlanke Silhouette. Wir sch\u00e4tzen Kundenfeedback und verfeinern unsere Designs kontinuierlich, um sicherzustellen, dass unsere Kleidung den h\u00f6chsten Standards in Bezug auf Komfort, Qualit\u00e4t und Langlebigkeit entspricht, und das alles zu Preisen, die f\u00fcr die ganze Familie erschwinglich sind.<\/span> <\/p>\n<div class=\"main-cross-sell\" data-asin=\"B07P6N1PBM\">\n\n\t<div class=\"WooZone-cross-sell-loader\">\n\t\t<div>\n\t\t\t<div id=\"floatingBarsG\">\n\t\t\t\t<div class=\"blockG\" id=\"rotateG_01\"><\/div>\n\t\t\t\t<div class=\"blockG\" id=\"rotateG_02\"><\/div>\n\t\t\t\t<div class=\"blockG\" id=\"rotateG_03\"><\/div>\n\t\t\t\t<div class=\"blockG\" id=\"rotateG_04\"><\/div>\n\t\t\t\t<div class=\"blockG\" id=\"rotateG_05\"><\/div>\n\t\t\t\t<div class=\"blockG\" id=\"rotateG_06\"><\/div>\n\t\t\t\t<div class=\"blockG\" id=\"rotateG_07\"><\/div>\n\t\t\t\t<div class=\"blockG\" id=\"rotateG_08\"><\/div>\n\t\t\t<\/div>\n\t\t\t<div class=\"WooZone-cross-sell-loader-text\"><\/div>\n\t\t<\/div>\n\t<\/div>\n\n\t\t\n<\/div>\n<div style=\"clear:both;\"><\/div>\n","protected":false},"excerpt":{"rendered":"<p>Dieses mittelschwere Sweatshirt ist aus einem weichen Fleece mit geb\u00fcrsteter R\u00fcckseite aus Baumwolle und Polyester gefertigt und eignet sich gut, um Sie an k\u00fchleren Tagen kuschelig warm zu halten. Dieses Sweatshirt mit durchgehendem Rei\u00dfverschluss und Stehkragen ist auf das allt\u00e4gliche Casual-Styling zugeschnitten und passt gut&hellip;<\/p>\n","protected":false},"featured_media":6026,"comment_status":"open","ping_status":"closed","template":"","meta":{"_acf_changed":false},"product_brand":[],"product_cat":[229,225],"product_tag":[],"class_list":{"0":"post-6025","1":"product","2":"type-product","3":"status-publish","4":"has-post-thumbnail","6":"product_cat-jacken","7":"product_cat-kleidung","9":"first","10":"instock","11":"sale","12":"shipping-taxable","13":"product-type-external"},"acf":[],"yoast_head":"<!-- This site is optimized with the Yoast SEO plugin v27.5 - https:\/\/yoast.com\/product\/yoast-seo-wordpress\/ -->\n<title>Amazon Essentials Herren Fleece-Jacke mit durchgehendem Rei\u00dfverschluss - Notfallvorsorge - Krisenvorsorge<\/title>\n<meta name=\"robots\" content=\"index, follow, max-snippet:-1, max-image-preview:large, max-video-preview:-1\" \/>\n<link rel=\"canonical\" href=\"https:\/\/www.ralti.de\/?product=amazon-essentials-herren-fleece-jacke-mit-durchgehendem-reisverschluss\" \/>\n<meta property=\"og:locale\" content=\"de_DE\" \/>\n<meta property=\"og:type\" content=\"article\" \/>\n<meta property=\"og:title\" content=\"Amazon Essentials Herren Fleece-Jacke mit durchgehendem Rei\u00dfverschluss - Notfallvorsorge - Krisenvorsorge\" \/>\n<meta property=\"og:description\" content=\"Dieses mittelschwere Sweatshirt ist aus einem weichen Fleece mit geb\u00fcrsteter R\u00fcckseite aus Baumwolle und Polyester gefertigt und eignet sich gut, um Sie an k\u00fchleren Tagen kuschelig warm zu halten. Dieses Sweatshirt mit durchgehendem Rei\u00dfverschluss und Stehkragen ist auf das allt\u00e4gliche Casual-Styling zugeschnitten und passt gut&hellip;\" \/>\n<meta property=\"og:url\" content=\"https:\/\/www.ralti.de\/?product=amazon-essentials-herren-fleece-jacke-mit-durchgehendem-reisverschluss\" \/>\n<meta property=\"og:site_name\" content=\"Notfallvorsorge - Krisenvorsorge\" \/>\n<meta property=\"og:image\" content=\"https:\/\/m.media-amazon.com\/images\/I\/416ikaVcC3L.jpg\" \/>\n\t<meta property=\"og:image:width\" content=\"500\" \/>\n\t<meta property=\"og:image:height\" content=\"500\" \/>\n\t<meta property=\"og:image:type\" content=\"image\/jpeg\" \/>\n<meta name=\"twitter:card\" content=\"summary_large_image\" \/>\n<meta name=\"twitter:label1\" content=\"Gesch\u00e4tzte Lesezeit\" \/>\n\t<meta name=\"twitter:data1\" content=\"1\u00a0Minute\" \/>\n<script type=\"application\/ld+json\" class=\"yoast-schema-graph\">{\"@context\":\"https:\\\/\\\/schema.org\",\"@graph\":[{\"@type\":\"WebPage\",\"@id\":\"https:\\\/\\\/www.ralti.de\\\/?product=amazon-essentials-herren-fleece-jacke-mit-durchgehendem-reisverschluss\",\"url\":\"https:\\\/\\\/www.ralti.de\\\/?product=amazon-essentials-herren-fleece-jacke-mit-durchgehendem-reisverschluss\",\"name\":\"Amazon Essentials Herren Fleece-Jacke mit durchgehendem Rei\u00dfverschluss - Notfallvorsorge - Krisenvorsorge\",\"isPartOf\":{\"@id\":\"https:\\\/\\\/www.ralti.de\\\/#website\"},\"primaryImageOfPage\":{\"@id\":\"https:\\\/\\\/www.ralti.de\\\/?product=amazon-essentials-herren-fleece-jacke-mit-durchgehendem-reisverschluss#primaryimage\"},\"image\":{\"@id\":\"https:\\\/\\\/www.ralti.de\\\/?product=amazon-essentials-herren-fleece-jacke-mit-durchgehendem-reisverschluss#primaryimage\"},\"thumbnailUrl\":\"https:\\\/\\\/m.media-amazon.com\\\/images\\\/I\\\/416ikaVcC3L.jpg\",\"datePublished\":\"2025-11-25T09:19:29+00:00\",\"breadcrumb\":{\"@id\":\"https:\\\/\\\/www.ralti.de\\\/?product=amazon-essentials-herren-fleece-jacke-mit-durchgehendem-reisverschluss#breadcrumb\"},\"inLanguage\":\"de\",\"potentialAction\":[{\"@type\":\"ReadAction\",\"target\":[\"https:\\\/\\\/www.ralti.de\\\/?product=amazon-essentials-herren-fleece-jacke-mit-durchgehendem-reisverschluss\"]}]},{\"@type\":\"ImageObject\",\"inLanguage\":\"de\",\"@id\":\"https:\\\/\\\/www.ralti.de\\\/?product=amazon-essentials-herren-fleece-jacke-mit-durchgehendem-reisverschluss#primaryimage\",\"url\":\"https:\\\/\\\/m.media-amazon.com\\\/images\\\/I\\\/416ikaVcC3L.jpg\",\"contentUrl\":\"https:\\\/\\\/m.media-amazon.com\\\/images\\\/I\\\/416ikaVcC3L.jpg\",\"width\":500,\"height\":500},{\"@type\":\"BreadcrumbList\",\"@id\":\"https:\\\/\\\/www.ralti.de\\\/?product=amazon-essentials-herren-fleece-jacke-mit-durchgehendem-reisverschluss#breadcrumb\",\"itemListElement\":[{\"@type\":\"ListItem\",\"position\":1,\"name\":\"Start\",\"item\":\"https:\\\/\\\/www.ralti.de\\\/\"},{\"@type\":\"ListItem\",\"position\":2,\"name\":\"Notfallartikel\",\"item\":\"https:\\\/\\\/www.ralti.de\\\/?page_id=14189\"},{\"@type\":\"ListItem\",\"position\":3,\"name\":\"Amazon Essentials Herren Fleece-Jacke mit durchgehendem Rei\u00dfverschluss\"}]},{\"@type\":\"WebSite\",\"@id\":\"https:\\\/\\\/www.ralti.de\\\/#website\",\"url\":\"https:\\\/\\\/www.ralti.de\\\/\",\"name\":\"Ralti.de\",\"description\":\"Hier viele gute Angebote\",\"publisher\":{\"@id\":\"https:\\\/\\\/www.ralti.de\\\/#organization\"},\"potentialAction\":[{\"@type\":\"SearchAction\",\"target\":{\"@type\":\"EntryPoint\",\"urlTemplate\":\"https:\\\/\\\/www.ralti.de\\\/?s={search_term_string}\"},\"query-input\":{\"@type\":\"PropertyValueSpecification\",\"valueRequired\":true,\"valueName\":\"search_term_string\"}}],\"inLanguage\":\"de\"},{\"@type\":\"Organization\",\"@id\":\"https:\\\/\\\/www.ralti.de\\\/#organization\",\"name\":\"Ralti.de\",\"url\":\"https:\\\/\\\/www.ralti.de\\\/\",\"logo\":{\"@type\":\"ImageObject\",\"inLanguage\":\"de\",\"@id\":\"https:\\\/\\\/www.ralti.de\\\/#\\\/schema\\\/logo\\\/image\\\/\",\"url\":\"https:\\\/\\\/www.ralti.de\\\/wp-content\\\/uploads\\\/2025\\\/11\\\/ralti.png\",\"contentUrl\":\"https:\\\/\\\/www.ralti.de\\\/wp-content\\\/uploads\\\/2025\\\/11\\\/ralti.png\",\"width\":240,\"height\":75,\"caption\":\"Ralti.de\"},\"image\":{\"@id\":\"https:\\\/\\\/www.ralti.de\\\/#\\\/schema\\\/logo\\\/image\\\/\"}}]}<\/script>\n<!-- \/ Yoast SEO plugin. -->","yoast_head_json":{"title":"Amazon Essentials Herren Fleece-Jacke mit durchgehendem Rei\u00dfverschluss - Notfallvorsorge - Krisenvorsorge","robots":{"index":"index","follow":"follow","max-snippet":"max-snippet:-1","max-image-preview":"max-image-preview:large","max-video-preview":"max-video-preview:-1"},"canonical":"https:\/\/www.ralti.de\/?product=amazon-essentials-herren-fleece-jacke-mit-durchgehendem-reisverschluss","og_locale":"de_DE","og_type":"article","og_title":"Amazon Essentials Herren Fleece-Jacke mit durchgehendem Rei\u00dfverschluss - Notfallvorsorge - Krisenvorsorge","og_description":"Dieses mittelschwere Sweatshirt ist aus einem weichen Fleece mit geb\u00fcrsteter R\u00fcckseite aus Baumwolle und Polyester gefertigt und eignet sich gut, um Sie an k\u00fchleren Tagen kuschelig warm zu halten. Dieses Sweatshirt mit durchgehendem Rei\u00dfverschluss und Stehkragen ist auf das allt\u00e4gliche Casual-Styling zugeschnitten und passt gut&hellip;","og_url":"https:\/\/www.ralti.de\/?product=amazon-essentials-herren-fleece-jacke-mit-durchgehendem-reisverschluss","og_site_name":"Notfallvorsorge - Krisenvorsorge","og_image":[{"width":500,"height":500,"url":"https:\/\/m.media-amazon.com\/images\/I\/416ikaVcC3L.jpg","type":"image\/jpeg"}],"twitter_card":"summary_large_image","twitter_misc":{"Gesch\u00e4tzte Lesezeit":"1\u00a0Minute"},"schema":{"@context":"https:\/\/schema.org","@graph":[{"@type":"WebPage","@id":"https:\/\/www.ralti.de\/?product=amazon-essentials-herren-fleece-jacke-mit-durchgehendem-reisverschluss","url":"https:\/\/www.ralti.de\/?product=amazon-essentials-herren-fleece-jacke-mit-durchgehendem-reisverschluss","name":"Amazon Essentials Herren Fleece-Jacke mit durchgehendem Rei\u00dfverschluss - Notfallvorsorge - Krisenvorsorge","isPartOf":{"@id":"https:\/\/www.ralti.de\/#website"},"primaryImageOfPage":{"@id":"https:\/\/www.ralti.de\/?product=amazon-essentials-herren-fleece-jacke-mit-durchgehendem-reisverschluss#primaryimage"},"image":{"@id":"https:\/\/www.ralti.de\/?product=amazon-essentials-herren-fleece-jacke-mit-durchgehendem-reisverschluss#primaryimage"},"thumbnailUrl":"https:\/\/m.media-amazon.com\/images\/I\/416ikaVcC3L.jpg","datePublished":"2025-11-25T09:19:29+00:00","breadcrumb":{"@id":"https:\/\/www.ralti.de\/?product=amazon-essentials-herren-fleece-jacke-mit-durchgehendem-reisverschluss#breadcrumb"},"inLanguage":"de","potentialAction":[{"@type":"ReadAction","target":["https:\/\/www.ralti.de\/?product=amazon-essentials-herren-fleece-jacke-mit-durchgehendem-reisverschluss"]}]},{"@type":"ImageObject","inLanguage":"de","@id":"https:\/\/www.ralti.de\/?product=amazon-essentials-herren-fleece-jacke-mit-durchgehendem-reisverschluss#primaryimage","url":"https:\/\/m.media-amazon.com\/images\/I\/416ikaVcC3L.jpg","contentUrl":"https:\/\/m.media-amazon.com\/images\/I\/416ikaVcC3L.jpg","width":500,"height":500},{"@type":"BreadcrumbList","@id":"https:\/\/www.ralti.de\/?product=amazon-essentials-herren-fleece-jacke-mit-durchgehendem-reisverschluss#breadcrumb","itemListElement":[{"@type":"ListItem","position":1,"name":"Start","item":"https:\/\/www.ralti.de\/"},{"@type":"ListItem","position":2,"name":"Notfallartikel","item":"https:\/\/www.ralti.de\/?page_id=14189"},{"@type":"ListItem","position":3,"name":"Amazon Essentials Herren Fleece-Jacke mit durchgehendem Rei\u00dfverschluss"}]},{"@type":"WebSite","@id":"https:\/\/www.ralti.de\/#website","url":"https:\/\/www.ralti.de\/","name":"Ralti.de","description":"Hier viele gute Angebote","publisher":{"@id":"https:\/\/www.ralti.de\/#organization"},"potentialAction":[{"@type":"SearchAction","target":{"@type":"EntryPoint","urlTemplate":"https:\/\/www.ralti.de\/?s={search_term_string}"},"query-input":{"@type":"PropertyValueSpecification","valueRequired":true,"valueName":"search_term_string"}}],"inLanguage":"de"},{"@type":"Organization","@id":"https:\/\/www.ralti.de\/#organization","name":"Ralti.de","url":"https:\/\/www.ralti.de\/","logo":{"@type":"ImageObject","inLanguage":"de","@id":"https:\/\/www.ralti.de\/#\/schema\/logo\/image\/","url":"https:\/\/www.ralti.de\/wp-content\/uploads\/2025\/11\/ralti.png","contentUrl":"https:\/\/www.ralti.de\/wp-content\/uploads\/2025\/11\/ralti.png","width":240,"height":75,"caption":"Ralti.de"},"image":{"@id":"https:\/\/www.ralti.de\/#\/schema\/logo\/image\/"}}]}},"_links":{"self":[{"href":"https:\/\/www.ralti.de\/index.php?rest_route=\/wp\/v2\/product\/6025","targetHints":{"allow":["GET"]}}],"collection":[{"href":"https:\/\/www.ralti.de\/index.php?rest_route=\/wp\/v2\/product"}],"about":[{"href":"https:\/\/www.ralti.de\/index.php?rest_route=\/wp\/v2\/types\/product"}],"replies":[{"embeddable":true,"href":"https:\/\/www.ralti.de\/index.php?rest_route=%2Fwp%2Fv2%2Fcomments&post=6025"}],"wp:featuredmedia":[{"embeddable":true,"href":"https:\/\/www.ralti.de\/index.php?rest_route=\/wp\/v2\/media\/6026"}],"wp:attachment":[{"href":"https:\/\/www.ralti.de\/index.php?rest_route=%2Fwp%2Fv2%2Fmedia&parent=6025"}],"wp:term":[{"taxonomy":"product_brand","embeddable":true,"href":"https:\/\/www.ralti.de\/index.php?rest_route=%2Fwp%2Fv2%2Fproduct_brand&post=6025"},{"taxonomy":"product_cat","embeddable":true,"href":"https:\/\/www.ralti.de\/index.php?rest_route=%2Fwp%2Fv2%2Fproduct_cat&post=6025"},{"taxonomy":"product_tag","embeddable":true,"href":"https:\/\/www.ralti.de\/index.php?rest_route=%2Fwp%2Fv2%2Fproduct_tag&post=6025"}],"curies":[{"name":"wp","href":"https:\/\/api.w.org\/{rel}","templated":true}]}}