{"id":6287,"date":"2025-11-25T09:20:55","date_gmt":"2025-11-25T09:20:55","guid":{"rendered":"https:\/\/www.ralti.de\/shop-2\/uncategorized\/norway-pu-regen-jacke-mit-kapuze-oliv-grose-xxl\/"},"modified":"2025-11-25T09:20:55","modified_gmt":"2025-11-25T09:20:55","slug":"norway-pu-regen-jacke-mit-kapuze-oliv-grose-xxl","status":"publish","type":"product","link":"https:\/\/www.ralti.de\/?product=norway-pu-regen-jacke-mit-kapuze-oliv-grose-xxl","title":{"rendered":"NORWAY PU Regen-Jacke mit Kapuze &#8211; oliv &#8211; Gr\u00f6\u00dfe: XXL"},"content":{"rendered":"<p><!-- show up to 2 reviews by default --> <\/p>\n<p> <span>Norm: EN 343 Klasse 3\/11<br \/>Obermaterial: PU auf Polyester-Tr\u00e4gergewebe, ca. 190 g\/m\u00b2<br \/>Wassers\u00e4ule: 8.000 mm<br \/>Farbe: oliv<br \/>Gr\u00f6\u00dfen: S bis XXXL <\/p>\n<p> Obermaterial gepr\u00fcft nach EN 343<br \/> atmungsaktiv, wind- und wasserdicht<br \/> extrem leichtes, geschmeidiges Material<br \/> dehnbar in L\u00e4ngs- und Querrichtung<br \/> N\u00e4hte doppelt verschwei\u00dft<br \/> verdeckter Front-Rei\u00dfverschluss mit zus\u00e4tzlichen Druckknopfverschl\u00fcssen<br \/> im Kragen integrierte Kapuze mit Kordelzug<br \/> elastische \u00c4rmelmanschetten mit zus\u00e4tzlichem Kle<\/span> <\/p>\n<p>Norm: EN 343 Klasse 3\/11Obermaterial: PU auf Polyester-Tr\u00e4gergewebe, ca. 190 g\/m\u00b2Wassers\u00e4ule: 8.000 mmFarbe: olivGr\u00f6\u00dfen: S bis XXXL Obermaterial gepr\u00fcft nach EN 343 atmungsaktiv, wind- und wasserdicht extrem leichtes, geschmeidiges Material dehnbar in L\u00e4ngs- und Querrichtung N\u00e4hte doppelt verschwei\u00dft verdeckter Front-Rei\u00dfverschluss mit zus\u00e4tzlichen Druckknopfverschl\u00fcssen im Kragen integrierte Kapuze mit Kordelzug elastische \u00c4rmelmanschetten mit zus\u00e4tzlichem Kle<br \/>\n<div class=\"main-cross-sell\" data-asin=\"B002XZS6YW\">\n\n\t<div class=\"WooZone-cross-sell-loader\">\n\t\t<div>\n\t\t\t<div id=\"floatingBarsG\">\n\t\t\t\t<div class=\"blockG\" id=\"rotateG_01\"><\/div>\n\t\t\t\t<div class=\"blockG\" id=\"rotateG_02\"><\/div>\n\t\t\t\t<div class=\"blockG\" id=\"rotateG_03\"><\/div>\n\t\t\t\t<div class=\"blockG\" id=\"rotateG_04\"><\/div>\n\t\t\t\t<div class=\"blockG\" id=\"rotateG_05\"><\/div>\n\t\t\t\t<div class=\"blockG\" id=\"rotateG_06\"><\/div>\n\t\t\t\t<div class=\"blockG\" id=\"rotateG_07\"><\/div>\n\t\t\t\t<div class=\"blockG\" id=\"rotateG_08\"><\/div>\n\t\t\t<\/div>\n\t\t\t<div class=\"WooZone-cross-sell-loader-text\"><\/div>\n\t\t<\/div>\n\t<\/div>\n\n\t\t\n<\/div>\n<div style=\"clear:both;\"><\/div>\n","protected":false},"excerpt":{"rendered":"<p>Norm: EN 343 Klasse 3\/11Obermaterial: PU auf Polyester-Tr\u00e4gergewebe, ca. 190 g\/m\u00b2Wassers\u00e4ule: 8.000 mmFarbe: olivGr\u00f6\u00dfen: S bis XXXL Obermaterial gepr\u00fcft nach EN 343 atmungsaktiv, wind- und wasserdicht extrem leichtes, geschmeidiges Material dehnbar in L\u00e4ngs- und Querrichtung N\u00e4hte doppelt verschwei\u00dft verdeckter Front-Rei\u00dfverschluss mit zus\u00e4tzlichen Druckknopfverschl\u00fcssen im Kragen integrierte Kapuze mit Kordelzug elastische \u00c4rmelmanschetten mit zus\u00e4tzlichem Kle<\/p>\n","protected":false},"featured_media":6288,"comment_status":"open","ping_status":"closed","template":"","meta":{"_acf_changed":false},"product_brand":[],"product_cat":[225,228],"product_tag":[],"class_list":{"0":"post-6287","1":"product","2":"type-product","3":"status-publish","4":"has-post-thumbnail","6":"product_cat-kleidung","7":"product_cat-regenbekleidung-ponchos","9":"first","10":"instock","11":"shipping-taxable","12":"product-type-external"},"acf":[],"yoast_head":"<!-- This site is optimized with the Yoast SEO plugin v27.5 - https:\/\/yoast.com\/product\/yoast-seo-wordpress\/ -->\n<title>NORWAY PU Regen-Jacke mit Kapuze - oliv - Gr\u00f6\u00dfe: XXL - Notfallvorsorge - Krisenvorsorge<\/title>\n<meta name=\"robots\" content=\"index, follow, max-snippet:-1, max-image-preview:large, max-video-preview:-1\" \/>\n<link rel=\"canonical\" href=\"https:\/\/www.ralti.de\/?product=norway-pu-regen-jacke-mit-kapuze-oliv-grose-xxl\" \/>\n<meta property=\"og:locale\" content=\"de_DE\" \/>\n<meta property=\"og:type\" content=\"article\" \/>\n<meta property=\"og:title\" content=\"NORWAY PU Regen-Jacke mit Kapuze - oliv - Gr\u00f6\u00dfe: XXL - Notfallvorsorge - Krisenvorsorge\" \/>\n<meta property=\"og:description\" content=\"Norm: EN 343 Klasse 3\/11Obermaterial: PU auf Polyester-Tr\u00e4gergewebe, ca. 190 g\/m\u00b2Wassers\u00e4ule: 8.000 mmFarbe: olivGr\u00f6\u00dfen: S bis XXXL Obermaterial gepr\u00fcft nach EN 343 atmungsaktiv, wind- und wasserdicht extrem leichtes, geschmeidiges Material dehnbar in L\u00e4ngs- und Querrichtung N\u00e4hte doppelt verschwei\u00dft verdeckter Front-Rei\u00dfverschluss mit zus\u00e4tzlichen Druckknopfverschl\u00fcssen im Kragen integrierte Kapuze mit Kordelzug elastische \u00c4rmelmanschetten mit zus\u00e4tzlichem Kle\" \/>\n<meta property=\"og:url\" content=\"https:\/\/www.ralti.de\/?product=norway-pu-regen-jacke-mit-kapuze-oliv-grose-xxl\" \/>\n<meta property=\"og:site_name\" content=\"Notfallvorsorge - Krisenvorsorge\" \/>\n<meta property=\"og:image\" content=\"https:\/\/m.media-amazon.com\/images\/I\/41VgwoC9GKL.jpg\" \/>\n\t<meta property=\"og:image:width\" content=\"500\" \/>\n\t<meta property=\"og:image:height\" content=\"500\" \/>\n\t<meta property=\"og:image:type\" content=\"image\/jpeg\" \/>\n<meta name=\"twitter:card\" content=\"summary_large_image\" \/>\n<meta name=\"twitter:label1\" content=\"Gesch\u00e4tzte Lesezeit\" \/>\n\t<meta name=\"twitter:data1\" content=\"1\u00a0Minute\" \/>\n<script type=\"application\/ld+json\" class=\"yoast-schema-graph\">{\"@context\":\"https:\\\/\\\/schema.org\",\"@graph\":[{\"@type\":\"WebPage\",\"@id\":\"https:\\\/\\\/www.ralti.de\\\/?product=norway-pu-regen-jacke-mit-kapuze-oliv-grose-xxl\",\"url\":\"https:\\\/\\\/www.ralti.de\\\/?product=norway-pu-regen-jacke-mit-kapuze-oliv-grose-xxl\",\"name\":\"NORWAY PU Regen-Jacke mit Kapuze - oliv - Gr\u00f6\u00dfe: XXL - Notfallvorsorge - Krisenvorsorge\",\"isPartOf\":{\"@id\":\"https:\\\/\\\/www.ralti.de\\\/#website\"},\"primaryImageOfPage\":{\"@id\":\"https:\\\/\\\/www.ralti.de\\\/?product=norway-pu-regen-jacke-mit-kapuze-oliv-grose-xxl#primaryimage\"},\"image\":{\"@id\":\"https:\\\/\\\/www.ralti.de\\\/?product=norway-pu-regen-jacke-mit-kapuze-oliv-grose-xxl#primaryimage\"},\"thumbnailUrl\":\"https:\\\/\\\/m.media-amazon.com\\\/images\\\/I\\\/41VgwoC9GKL.jpg\",\"datePublished\":\"2025-11-25T09:20:55+00:00\",\"breadcrumb\":{\"@id\":\"https:\\\/\\\/www.ralti.de\\\/?product=norway-pu-regen-jacke-mit-kapuze-oliv-grose-xxl#breadcrumb\"},\"inLanguage\":\"de\",\"potentialAction\":[{\"@type\":\"ReadAction\",\"target\":[\"https:\\\/\\\/www.ralti.de\\\/?product=norway-pu-regen-jacke-mit-kapuze-oliv-grose-xxl\"]}]},{\"@type\":\"ImageObject\",\"inLanguage\":\"de\",\"@id\":\"https:\\\/\\\/www.ralti.de\\\/?product=norway-pu-regen-jacke-mit-kapuze-oliv-grose-xxl#primaryimage\",\"url\":\"https:\\\/\\\/m.media-amazon.com\\\/images\\\/I\\\/41VgwoC9GKL.jpg\",\"contentUrl\":\"https:\\\/\\\/m.media-amazon.com\\\/images\\\/I\\\/41VgwoC9GKL.jpg\",\"width\":500,\"height\":500},{\"@type\":\"BreadcrumbList\",\"@id\":\"https:\\\/\\\/www.ralti.de\\\/?product=norway-pu-regen-jacke-mit-kapuze-oliv-grose-xxl#breadcrumb\",\"itemListElement\":[{\"@type\":\"ListItem\",\"position\":1,\"name\":\"Start\",\"item\":\"https:\\\/\\\/www.ralti.de\\\/\"},{\"@type\":\"ListItem\",\"position\":2,\"name\":\"Notfallartikel\",\"item\":\"https:\\\/\\\/www.ralti.de\\\/?page_id=14189\"},{\"@type\":\"ListItem\",\"position\":3,\"name\":\"NORWAY PU Regen-Jacke mit Kapuze &#8211; oliv &#8211; Gr\u00f6\u00dfe: XXL\"}]},{\"@type\":\"WebSite\",\"@id\":\"https:\\\/\\\/www.ralti.de\\\/#website\",\"url\":\"https:\\\/\\\/www.ralti.de\\\/\",\"name\":\"Ralti.de\",\"description\":\"Hier viele gute Angebote\",\"publisher\":{\"@id\":\"https:\\\/\\\/www.ralti.de\\\/#organization\"},\"potentialAction\":[{\"@type\":\"SearchAction\",\"target\":{\"@type\":\"EntryPoint\",\"urlTemplate\":\"https:\\\/\\\/www.ralti.de\\\/?s={search_term_string}\"},\"query-input\":{\"@type\":\"PropertyValueSpecification\",\"valueRequired\":true,\"valueName\":\"search_term_string\"}}],\"inLanguage\":\"de\"},{\"@type\":\"Organization\",\"@id\":\"https:\\\/\\\/www.ralti.de\\\/#organization\",\"name\":\"Ralti.de\",\"url\":\"https:\\\/\\\/www.ralti.de\\\/\",\"logo\":{\"@type\":\"ImageObject\",\"inLanguage\":\"de\",\"@id\":\"https:\\\/\\\/www.ralti.de\\\/#\\\/schema\\\/logo\\\/image\\\/\",\"url\":\"https:\\\/\\\/www.ralti.de\\\/wp-content\\\/uploads\\\/2025\\\/11\\\/ralti.png\",\"contentUrl\":\"https:\\\/\\\/www.ralti.de\\\/wp-content\\\/uploads\\\/2025\\\/11\\\/ralti.png\",\"width\":240,\"height\":75,\"caption\":\"Ralti.de\"},\"image\":{\"@id\":\"https:\\\/\\\/www.ralti.de\\\/#\\\/schema\\\/logo\\\/image\\\/\"}}]}<\/script>\n<!-- \/ Yoast SEO plugin. -->","yoast_head_json":{"title":"NORWAY PU Regen-Jacke mit Kapuze - oliv - Gr\u00f6\u00dfe: XXL - Notfallvorsorge - Krisenvorsorge","robots":{"index":"index","follow":"follow","max-snippet":"max-snippet:-1","max-image-preview":"max-image-preview:large","max-video-preview":"max-video-preview:-1"},"canonical":"https:\/\/www.ralti.de\/?product=norway-pu-regen-jacke-mit-kapuze-oliv-grose-xxl","og_locale":"de_DE","og_type":"article","og_title":"NORWAY PU Regen-Jacke mit Kapuze - oliv - Gr\u00f6\u00dfe: XXL - Notfallvorsorge - Krisenvorsorge","og_description":"Norm: EN 343 Klasse 3\/11Obermaterial: PU auf Polyester-Tr\u00e4gergewebe, ca. 190 g\/m\u00b2Wassers\u00e4ule: 8.000 mmFarbe: olivGr\u00f6\u00dfen: S bis XXXL Obermaterial gepr\u00fcft nach EN 343 atmungsaktiv, wind- und wasserdicht extrem leichtes, geschmeidiges Material dehnbar in L\u00e4ngs- und Querrichtung N\u00e4hte doppelt verschwei\u00dft verdeckter Front-Rei\u00dfverschluss mit zus\u00e4tzlichen Druckknopfverschl\u00fcssen im Kragen integrierte Kapuze mit Kordelzug elastische \u00c4rmelmanschetten mit zus\u00e4tzlichem Kle","og_url":"https:\/\/www.ralti.de\/?product=norway-pu-regen-jacke-mit-kapuze-oliv-grose-xxl","og_site_name":"Notfallvorsorge - Krisenvorsorge","og_image":[{"width":500,"height":500,"url":"https:\/\/m.media-amazon.com\/images\/I\/41VgwoC9GKL.jpg","type":"image\/jpeg"}],"twitter_card":"summary_large_image","twitter_misc":{"Gesch\u00e4tzte Lesezeit":"1\u00a0Minute"},"schema":{"@context":"https:\/\/schema.org","@graph":[{"@type":"WebPage","@id":"https:\/\/www.ralti.de\/?product=norway-pu-regen-jacke-mit-kapuze-oliv-grose-xxl","url":"https:\/\/www.ralti.de\/?product=norway-pu-regen-jacke-mit-kapuze-oliv-grose-xxl","name":"NORWAY PU Regen-Jacke mit Kapuze - oliv - Gr\u00f6\u00dfe: XXL - Notfallvorsorge - Krisenvorsorge","isPartOf":{"@id":"https:\/\/www.ralti.de\/#website"},"primaryImageOfPage":{"@id":"https:\/\/www.ralti.de\/?product=norway-pu-regen-jacke-mit-kapuze-oliv-grose-xxl#primaryimage"},"image":{"@id":"https:\/\/www.ralti.de\/?product=norway-pu-regen-jacke-mit-kapuze-oliv-grose-xxl#primaryimage"},"thumbnailUrl":"https:\/\/m.media-amazon.com\/images\/I\/41VgwoC9GKL.jpg","datePublished":"2025-11-25T09:20:55+00:00","breadcrumb":{"@id":"https:\/\/www.ralti.de\/?product=norway-pu-regen-jacke-mit-kapuze-oliv-grose-xxl#breadcrumb"},"inLanguage":"de","potentialAction":[{"@type":"ReadAction","target":["https:\/\/www.ralti.de\/?product=norway-pu-regen-jacke-mit-kapuze-oliv-grose-xxl"]}]},{"@type":"ImageObject","inLanguage":"de","@id":"https:\/\/www.ralti.de\/?product=norway-pu-regen-jacke-mit-kapuze-oliv-grose-xxl#primaryimage","url":"https:\/\/m.media-amazon.com\/images\/I\/41VgwoC9GKL.jpg","contentUrl":"https:\/\/m.media-amazon.com\/images\/I\/41VgwoC9GKL.jpg","width":500,"height":500},{"@type":"BreadcrumbList","@id":"https:\/\/www.ralti.de\/?product=norway-pu-regen-jacke-mit-kapuze-oliv-grose-xxl#breadcrumb","itemListElement":[{"@type":"ListItem","position":1,"name":"Start","item":"https:\/\/www.ralti.de\/"},{"@type":"ListItem","position":2,"name":"Notfallartikel","item":"https:\/\/www.ralti.de\/?page_id=14189"},{"@type":"ListItem","position":3,"name":"NORWAY PU Regen-Jacke mit Kapuze &#8211; oliv &#8211; Gr\u00f6\u00dfe: XXL"}]},{"@type":"WebSite","@id":"https:\/\/www.ralti.de\/#website","url":"https:\/\/www.ralti.de\/","name":"Ralti.de","description":"Hier viele gute Angebote","publisher":{"@id":"https:\/\/www.ralti.de\/#organization"},"potentialAction":[{"@type":"SearchAction","target":{"@type":"EntryPoint","urlTemplate":"https:\/\/www.ralti.de\/?s={search_term_string}"},"query-input":{"@type":"PropertyValueSpecification","valueRequired":true,"valueName":"search_term_string"}}],"inLanguage":"de"},{"@type":"Organization","@id":"https:\/\/www.ralti.de\/#organization","name":"Ralti.de","url":"https:\/\/www.ralti.de\/","logo":{"@type":"ImageObject","inLanguage":"de","@id":"https:\/\/www.ralti.de\/#\/schema\/logo\/image\/","url":"https:\/\/www.ralti.de\/wp-content\/uploads\/2025\/11\/ralti.png","contentUrl":"https:\/\/www.ralti.de\/wp-content\/uploads\/2025\/11\/ralti.png","width":240,"height":75,"caption":"Ralti.de"},"image":{"@id":"https:\/\/www.ralti.de\/#\/schema\/logo\/image\/"}}]}},"_links":{"self":[{"href":"https:\/\/www.ralti.de\/index.php?rest_route=\/wp\/v2\/product\/6287","targetHints":{"allow":["GET"]}}],"collection":[{"href":"https:\/\/www.ralti.de\/index.php?rest_route=\/wp\/v2\/product"}],"about":[{"href":"https:\/\/www.ralti.de\/index.php?rest_route=\/wp\/v2\/types\/product"}],"replies":[{"embeddable":true,"href":"https:\/\/www.ralti.de\/index.php?rest_route=%2Fwp%2Fv2%2Fcomments&post=6287"}],"wp:featuredmedia":[{"embeddable":true,"href":"https:\/\/www.ralti.de\/index.php?rest_route=\/wp\/v2\/media\/6288"}],"wp:attachment":[{"href":"https:\/\/www.ralti.de\/index.php?rest_route=%2Fwp%2Fv2%2Fmedia&parent=6287"}],"wp:term":[{"taxonomy":"product_brand","embeddable":true,"href":"https:\/\/www.ralti.de\/index.php?rest_route=%2Fwp%2Fv2%2Fproduct_brand&post=6287"},{"taxonomy":"product_cat","embeddable":true,"href":"https:\/\/www.ralti.de\/index.php?rest_route=%2Fwp%2Fv2%2Fproduct_cat&post=6287"},{"taxonomy":"product_tag","embeddable":true,"href":"https:\/\/www.ralti.de\/index.php?rest_route=%2Fwp%2Fv2%2Fproduct_tag&post=6287"}],"curies":[{"name":"wp","href":"https:\/\/api.w.org\/{rel}","templated":true}]}}