{"id":6427,"date":"2025-11-25T09:21:26","date_gmt":"2025-11-25T09:21:26","guid":{"rendered":"https:\/\/www.ralti.de\/shop-2\/uncategorized\/result-schwerer-wasserdichter-herren-regenanzug-jacke-und-hosenanzug\/"},"modified":"2025-11-25T09:21:26","modified_gmt":"2025-11-25T09:21:26","slug":"result-schwerer-wasserdichter-herren-regenanzug-jacke-und-hosenanzug","status":"publish","type":"product","link":"https:\/\/www.ralti.de\/?product=result-schwerer-wasserdichter-herren-regenanzug-jacke-und-hosenanzug","title":{"rendered":"Result Schwerer, wasserdichter Herren Regenanzug (Jacke und Hosenanzug)"},"content":{"rendered":"<p><!-- show up to 2 reviews by default --> <\/p>\n<h3> <span>Produktbeschreibung<\/span> <\/h3>\n<p> <span>Schwergewicht verschwei\u00dfte N\u00e4hte Kapuze mit Abrei\u00dfverschluss Durchgehender Rei\u00dfverschluss vorne. 2 ger\u00e4umige Fronttaschen zur Jacke und 2 Zugangstaschen zur Hose Innenliegende Sturmmanschetten Bel\u00fcftete R\u00fcckseite aus Netzstoff. Verstellbarer Kordelzug am Saum an der Jacke. Elastischer Bund an der Hose Verstellbare Druckkn\u00f6pfe an den Kn\u00f6cheln an der Hose. Packbeutel mit Rei\u00dfverschluss. Dreiecke mit reflektierenden 3M-Scotchlite-Materialien. Enth\u00e4lt recyceltes Material. Stoff &#8211; Au\u00dfenh\u00fclle: 190T Stormdri Polyester Brust (passend zu passen) S &#8211; 94 cm, M &#8211; 104,1 cm, L &#8211; 114,3 cm, XL &#8211; 124,5 cm, XXL &#8211; 134,6 cm. Taille (passend zu passen) S &#8211; 71,1 cm, M &#8211; 76,2 cm, L &#8211; 81,3 cm, XL &#8211; 86,4 cm, XXL &#8211; 91,4 cm.<\/span> <\/p>\n<h3> <span>Warnhinweise<\/span> <\/h3>\n<p> <span>Bitte lesen Sie vor Gebrauch alle Produktverpackungsliteratur und Produktetiketten.<\/span> <\/p>\n<div class=\"main-cross-sell\" data-asin=\"B00K3Z7CCQ\">\n\n\t<div class=\"WooZone-cross-sell-loader\">\n\t\t<div>\n\t\t\t<div id=\"floatingBarsG\">\n\t\t\t\t<div class=\"blockG\" id=\"rotateG_01\"><\/div>\n\t\t\t\t<div class=\"blockG\" id=\"rotateG_02\"><\/div>\n\t\t\t\t<div class=\"blockG\" id=\"rotateG_03\"><\/div>\n\t\t\t\t<div class=\"blockG\" id=\"rotateG_04\"><\/div>\n\t\t\t\t<div class=\"blockG\" id=\"rotateG_05\"><\/div>\n\t\t\t\t<div class=\"blockG\" id=\"rotateG_06\"><\/div>\n\t\t\t\t<div class=\"blockG\" id=\"rotateG_07\"><\/div>\n\t\t\t\t<div class=\"blockG\" id=\"rotateG_08\"><\/div>\n\t\t\t<\/div>\n\t\t\t<div class=\"WooZone-cross-sell-loader-text\"><\/div>\n\t\t<\/div>\n\t<\/div>\n\n\t\t\n<\/div>\n<div style=\"clear:both;\"><\/div>\n","protected":false},"excerpt":{"rendered":"<p>Produktbeschreibung Schwergewicht verschwei\u00dfte N\u00e4hte Kapuze mit Abrei\u00dfverschluss Durchgehender Rei\u00dfverschluss vorne. 2 ger\u00e4umige Fronttaschen zur Jacke und 2 Zugangstaschen zur Hose Innenliegende Sturmmanschetten Bel\u00fcftete R\u00fcckseite aus Netzstoff. Verstellbarer Kordelzug am Saum an der Jacke. Elastischer Bund an der Hose Verstellbare Druckkn\u00f6pfe an den Kn\u00f6cheln an der&hellip;<\/p>\n","protected":false},"featured_media":6428,"comment_status":"open","ping_status":"closed","template":"","meta":{"_acf_changed":false},"product_brand":[],"product_cat":[225,228],"product_tag":[],"class_list":{"0":"post-6427","1":"product","2":"type-product","3":"status-publish","4":"has-post-thumbnail","6":"product_cat-kleidung","7":"product_cat-regenbekleidung-ponchos","9":"first","10":"instock","11":"shipping-taxable","12":"product-type-external"},"acf":[],"yoast_head":"<!-- This site is optimized with the Yoast SEO plugin v27.5 - https:\/\/yoast.com\/product\/yoast-seo-wordpress\/ -->\n<title>Result Schwerer, wasserdichter Herren Regenanzug (Jacke und Hosenanzug) - Notfallvorsorge - Krisenvorsorge<\/title>\n<meta name=\"robots\" content=\"index, follow, max-snippet:-1, max-image-preview:large, max-video-preview:-1\" \/>\n<link rel=\"canonical\" href=\"https:\/\/www.ralti.de\/?product=result-schwerer-wasserdichter-herren-regenanzug-jacke-und-hosenanzug\" \/>\n<meta property=\"og:locale\" content=\"de_DE\" \/>\n<meta property=\"og:type\" content=\"article\" \/>\n<meta property=\"og:title\" content=\"Result Schwerer, wasserdichter Herren Regenanzug (Jacke und Hosenanzug) - Notfallvorsorge - Krisenvorsorge\" \/>\n<meta property=\"og:description\" content=\"Produktbeschreibung Schwergewicht verschwei\u00dfte N\u00e4hte Kapuze mit Abrei\u00dfverschluss Durchgehender Rei\u00dfverschluss vorne. 2 ger\u00e4umige Fronttaschen zur Jacke und 2 Zugangstaschen zur Hose Innenliegende Sturmmanschetten Bel\u00fcftete R\u00fcckseite aus Netzstoff. Verstellbarer Kordelzug am Saum an der Jacke. Elastischer Bund an der Hose Verstellbare Druckkn\u00f6pfe an den Kn\u00f6cheln an der&hellip;\" \/>\n<meta property=\"og:url\" content=\"https:\/\/www.ralti.de\/?product=result-schwerer-wasserdichter-herren-regenanzug-jacke-und-hosenanzug\" \/>\n<meta property=\"og:site_name\" content=\"Notfallvorsorge - Krisenvorsorge\" \/>\n<meta property=\"og:image\" content=\"https:\/\/m.media-amazon.com\/images\/I\/413krfW0EWL.jpg\" \/>\n\t<meta property=\"og:image:width\" content=\"500\" \/>\n\t<meta property=\"og:image:height\" content=\"500\" \/>\n\t<meta property=\"og:image:type\" content=\"image\/jpeg\" \/>\n<meta name=\"twitter:card\" content=\"summary_large_image\" \/>\n<meta name=\"twitter:label1\" content=\"Gesch\u00e4tzte Lesezeit\" \/>\n\t<meta name=\"twitter:data1\" content=\"1\u00a0Minute\" \/>\n<script type=\"application\/ld+json\" class=\"yoast-schema-graph\">{\"@context\":\"https:\\\/\\\/schema.org\",\"@graph\":[{\"@type\":\"WebPage\",\"@id\":\"https:\\\/\\\/www.ralti.de\\\/?product=result-schwerer-wasserdichter-herren-regenanzug-jacke-und-hosenanzug\",\"url\":\"https:\\\/\\\/www.ralti.de\\\/?product=result-schwerer-wasserdichter-herren-regenanzug-jacke-und-hosenanzug\",\"name\":\"Result Schwerer, wasserdichter Herren Regenanzug (Jacke und Hosenanzug) - Notfallvorsorge - Krisenvorsorge\",\"isPartOf\":{\"@id\":\"https:\\\/\\\/www.ralti.de\\\/#website\"},\"primaryImageOfPage\":{\"@id\":\"https:\\\/\\\/www.ralti.de\\\/?product=result-schwerer-wasserdichter-herren-regenanzug-jacke-und-hosenanzug#primaryimage\"},\"image\":{\"@id\":\"https:\\\/\\\/www.ralti.de\\\/?product=result-schwerer-wasserdichter-herren-regenanzug-jacke-und-hosenanzug#primaryimage\"},\"thumbnailUrl\":\"https:\\\/\\\/m.media-amazon.com\\\/images\\\/I\\\/413krfW0EWL.jpg\",\"datePublished\":\"2025-11-25T09:21:26+00:00\",\"breadcrumb\":{\"@id\":\"https:\\\/\\\/www.ralti.de\\\/?product=result-schwerer-wasserdichter-herren-regenanzug-jacke-und-hosenanzug#breadcrumb\"},\"inLanguage\":\"de\",\"potentialAction\":[{\"@type\":\"ReadAction\",\"target\":[\"https:\\\/\\\/www.ralti.de\\\/?product=result-schwerer-wasserdichter-herren-regenanzug-jacke-und-hosenanzug\"]}]},{\"@type\":\"ImageObject\",\"inLanguage\":\"de\",\"@id\":\"https:\\\/\\\/www.ralti.de\\\/?product=result-schwerer-wasserdichter-herren-regenanzug-jacke-und-hosenanzug#primaryimage\",\"url\":\"https:\\\/\\\/m.media-amazon.com\\\/images\\\/I\\\/413krfW0EWL.jpg\",\"contentUrl\":\"https:\\\/\\\/m.media-amazon.com\\\/images\\\/I\\\/413krfW0EWL.jpg\",\"width\":500,\"height\":500},{\"@type\":\"BreadcrumbList\",\"@id\":\"https:\\\/\\\/www.ralti.de\\\/?product=result-schwerer-wasserdichter-herren-regenanzug-jacke-und-hosenanzug#breadcrumb\",\"itemListElement\":[{\"@type\":\"ListItem\",\"position\":1,\"name\":\"Start\",\"item\":\"https:\\\/\\\/www.ralti.de\\\/\"},{\"@type\":\"ListItem\",\"position\":2,\"name\":\"Notfallartikel\",\"item\":\"https:\\\/\\\/www.ralti.de\\\/?page_id=14189\"},{\"@type\":\"ListItem\",\"position\":3,\"name\":\"Result Schwerer, wasserdichter Herren Regenanzug (Jacke und Hosenanzug)\"}]},{\"@type\":\"WebSite\",\"@id\":\"https:\\\/\\\/www.ralti.de\\\/#website\",\"url\":\"https:\\\/\\\/www.ralti.de\\\/\",\"name\":\"Ralti.de\",\"description\":\"Hier viele gute Angebote\",\"publisher\":{\"@id\":\"https:\\\/\\\/www.ralti.de\\\/#organization\"},\"potentialAction\":[{\"@type\":\"SearchAction\",\"target\":{\"@type\":\"EntryPoint\",\"urlTemplate\":\"https:\\\/\\\/www.ralti.de\\\/?s={search_term_string}\"},\"query-input\":{\"@type\":\"PropertyValueSpecification\",\"valueRequired\":true,\"valueName\":\"search_term_string\"}}],\"inLanguage\":\"de\"},{\"@type\":\"Organization\",\"@id\":\"https:\\\/\\\/www.ralti.de\\\/#organization\",\"name\":\"Ralti.de\",\"url\":\"https:\\\/\\\/www.ralti.de\\\/\",\"logo\":{\"@type\":\"ImageObject\",\"inLanguage\":\"de\",\"@id\":\"https:\\\/\\\/www.ralti.de\\\/#\\\/schema\\\/logo\\\/image\\\/\",\"url\":\"https:\\\/\\\/www.ralti.de\\\/wp-content\\\/uploads\\\/2025\\\/11\\\/ralti.png\",\"contentUrl\":\"https:\\\/\\\/www.ralti.de\\\/wp-content\\\/uploads\\\/2025\\\/11\\\/ralti.png\",\"width\":240,\"height\":75,\"caption\":\"Ralti.de\"},\"image\":{\"@id\":\"https:\\\/\\\/www.ralti.de\\\/#\\\/schema\\\/logo\\\/image\\\/\"}}]}<\/script>\n<!-- \/ Yoast SEO plugin. -->","yoast_head_json":{"title":"Result Schwerer, wasserdichter Herren Regenanzug (Jacke und Hosenanzug) - Notfallvorsorge - Krisenvorsorge","robots":{"index":"index","follow":"follow","max-snippet":"max-snippet:-1","max-image-preview":"max-image-preview:large","max-video-preview":"max-video-preview:-1"},"canonical":"https:\/\/www.ralti.de\/?product=result-schwerer-wasserdichter-herren-regenanzug-jacke-und-hosenanzug","og_locale":"de_DE","og_type":"article","og_title":"Result Schwerer, wasserdichter Herren Regenanzug (Jacke und Hosenanzug) - Notfallvorsorge - Krisenvorsorge","og_description":"Produktbeschreibung Schwergewicht verschwei\u00dfte N\u00e4hte Kapuze mit Abrei\u00dfverschluss Durchgehender Rei\u00dfverschluss vorne. 2 ger\u00e4umige Fronttaschen zur Jacke und 2 Zugangstaschen zur Hose Innenliegende Sturmmanschetten Bel\u00fcftete R\u00fcckseite aus Netzstoff. Verstellbarer Kordelzug am Saum an der Jacke. Elastischer Bund an der Hose Verstellbare Druckkn\u00f6pfe an den Kn\u00f6cheln an der&hellip;","og_url":"https:\/\/www.ralti.de\/?product=result-schwerer-wasserdichter-herren-regenanzug-jacke-und-hosenanzug","og_site_name":"Notfallvorsorge - Krisenvorsorge","og_image":[{"width":500,"height":500,"url":"https:\/\/m.media-amazon.com\/images\/I\/413krfW0EWL.jpg","type":"image\/jpeg"}],"twitter_card":"summary_large_image","twitter_misc":{"Gesch\u00e4tzte Lesezeit":"1\u00a0Minute"},"schema":{"@context":"https:\/\/schema.org","@graph":[{"@type":"WebPage","@id":"https:\/\/www.ralti.de\/?product=result-schwerer-wasserdichter-herren-regenanzug-jacke-und-hosenanzug","url":"https:\/\/www.ralti.de\/?product=result-schwerer-wasserdichter-herren-regenanzug-jacke-und-hosenanzug","name":"Result Schwerer, wasserdichter Herren Regenanzug (Jacke und Hosenanzug) - Notfallvorsorge - Krisenvorsorge","isPartOf":{"@id":"https:\/\/www.ralti.de\/#website"},"primaryImageOfPage":{"@id":"https:\/\/www.ralti.de\/?product=result-schwerer-wasserdichter-herren-regenanzug-jacke-und-hosenanzug#primaryimage"},"image":{"@id":"https:\/\/www.ralti.de\/?product=result-schwerer-wasserdichter-herren-regenanzug-jacke-und-hosenanzug#primaryimage"},"thumbnailUrl":"https:\/\/m.media-amazon.com\/images\/I\/413krfW0EWL.jpg","datePublished":"2025-11-25T09:21:26+00:00","breadcrumb":{"@id":"https:\/\/www.ralti.de\/?product=result-schwerer-wasserdichter-herren-regenanzug-jacke-und-hosenanzug#breadcrumb"},"inLanguage":"de","potentialAction":[{"@type":"ReadAction","target":["https:\/\/www.ralti.de\/?product=result-schwerer-wasserdichter-herren-regenanzug-jacke-und-hosenanzug"]}]},{"@type":"ImageObject","inLanguage":"de","@id":"https:\/\/www.ralti.de\/?product=result-schwerer-wasserdichter-herren-regenanzug-jacke-und-hosenanzug#primaryimage","url":"https:\/\/m.media-amazon.com\/images\/I\/413krfW0EWL.jpg","contentUrl":"https:\/\/m.media-amazon.com\/images\/I\/413krfW0EWL.jpg","width":500,"height":500},{"@type":"BreadcrumbList","@id":"https:\/\/www.ralti.de\/?product=result-schwerer-wasserdichter-herren-regenanzug-jacke-und-hosenanzug#breadcrumb","itemListElement":[{"@type":"ListItem","position":1,"name":"Start","item":"https:\/\/www.ralti.de\/"},{"@type":"ListItem","position":2,"name":"Notfallartikel","item":"https:\/\/www.ralti.de\/?page_id=14189"},{"@type":"ListItem","position":3,"name":"Result Schwerer, wasserdichter Herren Regenanzug (Jacke und Hosenanzug)"}]},{"@type":"WebSite","@id":"https:\/\/www.ralti.de\/#website","url":"https:\/\/www.ralti.de\/","name":"Ralti.de","description":"Hier viele gute Angebote","publisher":{"@id":"https:\/\/www.ralti.de\/#organization"},"potentialAction":[{"@type":"SearchAction","target":{"@type":"EntryPoint","urlTemplate":"https:\/\/www.ralti.de\/?s={search_term_string}"},"query-input":{"@type":"PropertyValueSpecification","valueRequired":true,"valueName":"search_term_string"}}],"inLanguage":"de"},{"@type":"Organization","@id":"https:\/\/www.ralti.de\/#organization","name":"Ralti.de","url":"https:\/\/www.ralti.de\/","logo":{"@type":"ImageObject","inLanguage":"de","@id":"https:\/\/www.ralti.de\/#\/schema\/logo\/image\/","url":"https:\/\/www.ralti.de\/wp-content\/uploads\/2025\/11\/ralti.png","contentUrl":"https:\/\/www.ralti.de\/wp-content\/uploads\/2025\/11\/ralti.png","width":240,"height":75,"caption":"Ralti.de"},"image":{"@id":"https:\/\/www.ralti.de\/#\/schema\/logo\/image\/"}}]}},"_links":{"self":[{"href":"https:\/\/www.ralti.de\/index.php?rest_route=\/wp\/v2\/product\/6427","targetHints":{"allow":["GET"]}}],"collection":[{"href":"https:\/\/www.ralti.de\/index.php?rest_route=\/wp\/v2\/product"}],"about":[{"href":"https:\/\/www.ralti.de\/index.php?rest_route=\/wp\/v2\/types\/product"}],"replies":[{"embeddable":true,"href":"https:\/\/www.ralti.de\/index.php?rest_route=%2Fwp%2Fv2%2Fcomments&post=6427"}],"wp:featuredmedia":[{"embeddable":true,"href":"https:\/\/www.ralti.de\/index.php?rest_route=\/wp\/v2\/media\/6428"}],"wp:attachment":[{"href":"https:\/\/www.ralti.de\/index.php?rest_route=%2Fwp%2Fv2%2Fmedia&parent=6427"}],"wp:term":[{"taxonomy":"product_brand","embeddable":true,"href":"https:\/\/www.ralti.de\/index.php?rest_route=%2Fwp%2Fv2%2Fproduct_brand&post=6427"},{"taxonomy":"product_cat","embeddable":true,"href":"https:\/\/www.ralti.de\/index.php?rest_route=%2Fwp%2Fv2%2Fproduct_cat&post=6427"},{"taxonomy":"product_tag","embeddable":true,"href":"https:\/\/www.ralti.de\/index.php?rest_route=%2Fwp%2Fv2%2Fproduct_tag&post=6427"}],"curies":[{"name":"wp","href":"https:\/\/api.w.org\/{rel}","templated":true}]}}