{"id":6603,"date":"2025-11-25T09:22:38","date_gmt":"2025-11-25T09:22:38","guid":{"rendered":"https:\/\/www.ralti.de\/shop-2\/uncategorized\/g-star-herren-rovic-zip-3d-regular-tapered-pants\/"},"modified":"2025-11-25T09:22:38","modified_gmt":"2025-11-25T09:22:38","slug":"g-star-herren-rovic-zip-3d-regular-tapered-pants","status":"publish","type":"product","link":"https:\/\/www.ralti.de\/?product=g-star-herren-rovic-zip-3d-regular-tapered-pants","title":{"rendered":"G-STAR Herren Rovic Zip 3D Regular Tapered Pants"},"content":{"rendered":"<p><!-- show up to 2 reviews by default --> <\/p>\n<h3><span class=\"a-text-bold\">Rovic Zip 3D Regular Tapered Hose<\/span><\/h3>\n<p><span>Die Hose Rovic Zip 3D ist an den Oberschenkeln mit Cargotaschen versehen und hat an einer Seite eine zus\u00e4tzliche Rei\u00dfverschlusstasche. Mit dem integrierten Band unten am Bein kannst du die Passform an den Kn\u00f6cheln enger stellen.<\/span><\/p>\n<\/p>\n<div class=\"main-cross-sell\" data-asin=\"B01BGTW4I4\">\n\n\t<div class=\"WooZone-cross-sell-loader\">\n\t\t<div>\n\t\t\t<div id=\"floatingBarsG\">\n\t\t\t\t<div class=\"blockG\" id=\"rotateG_01\"><\/div>\n\t\t\t\t<div class=\"blockG\" id=\"rotateG_02\"><\/div>\n\t\t\t\t<div class=\"blockG\" id=\"rotateG_03\"><\/div>\n\t\t\t\t<div class=\"blockG\" id=\"rotateG_04\"><\/div>\n\t\t\t\t<div class=\"blockG\" id=\"rotateG_05\"><\/div>\n\t\t\t\t<div class=\"blockG\" id=\"rotateG_06\"><\/div>\n\t\t\t\t<div class=\"blockG\" id=\"rotateG_07\"><\/div>\n\t\t\t\t<div class=\"blockG\" id=\"rotateG_08\"><\/div>\n\t\t\t<\/div>\n\t\t\t<div class=\"WooZone-cross-sell-loader-text\"><\/div>\n\t\t<\/div>\n\t<\/div>\n\n\t\t\n<\/div>\n<div style=\"clear:both;\"><\/div>\n","protected":false},"excerpt":{"rendered":"<p>Rovic Zip 3D Regular Tapered Hose Die Hose Rovic Zip 3D ist an den Oberschenkeln mit Cargotaschen versehen und hat an einer Seite eine zus\u00e4tzliche Rei\u00dfverschlusstasche. Mit dem integrierten Band unten am Bein kannst du die Passform an den Kn\u00f6cheln enger stellen.<\/p>\n","protected":false},"featured_media":6604,"comment_status":"open","ping_status":"closed","template":"","meta":{"_acf_changed":false},"product_brand":[],"product_cat":[225,227],"product_tag":[],"class_list":{"0":"post-6603","1":"product","2":"type-product","3":"status-publish","4":"has-post-thumbnail","6":"product_cat-kleidung","7":"product_cat-taktische-hosen","9":"first","10":"instock","11":"sale","12":"shipping-taxable","13":"product-type-external"},"acf":[],"yoast_head":"<!-- This site is optimized with the Yoast SEO plugin v27.5 - https:\/\/yoast.com\/product\/yoast-seo-wordpress\/ -->\n<title>G-STAR Herren Rovic Zip 3D Regular Tapered Pants - Notfallvorsorge - Krisenvorsorge<\/title>\n<meta name=\"robots\" content=\"index, follow, max-snippet:-1, max-image-preview:large, max-video-preview:-1\" \/>\n<link rel=\"canonical\" href=\"https:\/\/www.ralti.de\/?product=g-star-herren-rovic-zip-3d-regular-tapered-pants\" \/>\n<meta property=\"og:locale\" content=\"de_DE\" \/>\n<meta property=\"og:type\" content=\"article\" \/>\n<meta property=\"og:title\" content=\"G-STAR Herren Rovic Zip 3D Regular Tapered Pants - Notfallvorsorge - Krisenvorsorge\" \/>\n<meta property=\"og:description\" content=\"Rovic Zip 3D Regular Tapered Hose Die Hose Rovic Zip 3D ist an den Oberschenkeln mit Cargotaschen versehen und hat an einer Seite eine zus\u00e4tzliche Rei\u00dfverschlusstasche. Mit dem integrierten Band unten am Bein kannst du die Passform an den Kn\u00f6cheln enger stellen.\" \/>\n<meta property=\"og:url\" content=\"https:\/\/www.ralti.de\/?product=g-star-herren-rovic-zip-3d-regular-tapered-pants\" \/>\n<meta property=\"og:site_name\" content=\"Notfallvorsorge - Krisenvorsorge\" \/>\n<meta property=\"og:image\" content=\"https:\/\/m.media-amazon.com\/images\/I\/31zI+sTfuvL.jpg\" \/>\n\t<meta property=\"og:image:width\" content=\"500\" \/>\n\t<meta property=\"og:image:height\" content=\"500\" \/>\n\t<meta property=\"og:image:type\" content=\"image\/jpeg\" \/>\n<meta name=\"twitter:card\" content=\"summary_large_image\" \/>\n<script type=\"application\/ld+json\" class=\"yoast-schema-graph\">{\"@context\":\"https:\\\/\\\/schema.org\",\"@graph\":[{\"@type\":\"WebPage\",\"@id\":\"https:\\\/\\\/www.ralti.de\\\/?product=g-star-herren-rovic-zip-3d-regular-tapered-pants\",\"url\":\"https:\\\/\\\/www.ralti.de\\\/?product=g-star-herren-rovic-zip-3d-regular-tapered-pants\",\"name\":\"G-STAR Herren Rovic Zip 3D Regular Tapered Pants - Notfallvorsorge - Krisenvorsorge\",\"isPartOf\":{\"@id\":\"https:\\\/\\\/www.ralti.de\\\/#website\"},\"primaryImageOfPage\":{\"@id\":\"https:\\\/\\\/www.ralti.de\\\/?product=g-star-herren-rovic-zip-3d-regular-tapered-pants#primaryimage\"},\"image\":{\"@id\":\"https:\\\/\\\/www.ralti.de\\\/?product=g-star-herren-rovic-zip-3d-regular-tapered-pants#primaryimage\"},\"thumbnailUrl\":\"https:\\\/\\\/m.media-amazon.com\\\/images\\\/I\\\/31zI+sTfuvL.jpg\",\"datePublished\":\"2025-11-25T09:22:38+00:00\",\"breadcrumb\":{\"@id\":\"https:\\\/\\\/www.ralti.de\\\/?product=g-star-herren-rovic-zip-3d-regular-tapered-pants#breadcrumb\"},\"inLanguage\":\"de\",\"potentialAction\":[{\"@type\":\"ReadAction\",\"target\":[\"https:\\\/\\\/www.ralti.de\\\/?product=g-star-herren-rovic-zip-3d-regular-tapered-pants\"]}]},{\"@type\":\"ImageObject\",\"inLanguage\":\"de\",\"@id\":\"https:\\\/\\\/www.ralti.de\\\/?product=g-star-herren-rovic-zip-3d-regular-tapered-pants#primaryimage\",\"url\":\"https:\\\/\\\/m.media-amazon.com\\\/images\\\/I\\\/31zI+sTfuvL.jpg\",\"contentUrl\":\"https:\\\/\\\/m.media-amazon.com\\\/images\\\/I\\\/31zI+sTfuvL.jpg\",\"width\":500,\"height\":500},{\"@type\":\"BreadcrumbList\",\"@id\":\"https:\\\/\\\/www.ralti.de\\\/?product=g-star-herren-rovic-zip-3d-regular-tapered-pants#breadcrumb\",\"itemListElement\":[{\"@type\":\"ListItem\",\"position\":1,\"name\":\"Start\",\"item\":\"https:\\\/\\\/www.ralti.de\\\/\"},{\"@type\":\"ListItem\",\"position\":2,\"name\":\"Notfallartikel\",\"item\":\"https:\\\/\\\/www.ralti.de\\\/?page_id=14189\"},{\"@type\":\"ListItem\",\"position\":3,\"name\":\"G-STAR Herren Rovic Zip 3D Regular Tapered Pants\"}]},{\"@type\":\"WebSite\",\"@id\":\"https:\\\/\\\/www.ralti.de\\\/#website\",\"url\":\"https:\\\/\\\/www.ralti.de\\\/\",\"name\":\"Ralti.de\",\"description\":\"Hier viele gute Angebote\",\"publisher\":{\"@id\":\"https:\\\/\\\/www.ralti.de\\\/#organization\"},\"potentialAction\":[{\"@type\":\"SearchAction\",\"target\":{\"@type\":\"EntryPoint\",\"urlTemplate\":\"https:\\\/\\\/www.ralti.de\\\/?s={search_term_string}\"},\"query-input\":{\"@type\":\"PropertyValueSpecification\",\"valueRequired\":true,\"valueName\":\"search_term_string\"}}],\"inLanguage\":\"de\"},{\"@type\":\"Organization\",\"@id\":\"https:\\\/\\\/www.ralti.de\\\/#organization\",\"name\":\"Ralti.de\",\"url\":\"https:\\\/\\\/www.ralti.de\\\/\",\"logo\":{\"@type\":\"ImageObject\",\"inLanguage\":\"de\",\"@id\":\"https:\\\/\\\/www.ralti.de\\\/#\\\/schema\\\/logo\\\/image\\\/\",\"url\":\"https:\\\/\\\/www.ralti.de\\\/wp-content\\\/uploads\\\/2025\\\/11\\\/ralti.png\",\"contentUrl\":\"https:\\\/\\\/www.ralti.de\\\/wp-content\\\/uploads\\\/2025\\\/11\\\/ralti.png\",\"width\":240,\"height\":75,\"caption\":\"Ralti.de\"},\"image\":{\"@id\":\"https:\\\/\\\/www.ralti.de\\\/#\\\/schema\\\/logo\\\/image\\\/\"}}]}<\/script>\n<!-- \/ Yoast SEO plugin. -->","yoast_head_json":{"title":"G-STAR Herren Rovic Zip 3D Regular Tapered Pants - Notfallvorsorge - Krisenvorsorge","robots":{"index":"index","follow":"follow","max-snippet":"max-snippet:-1","max-image-preview":"max-image-preview:large","max-video-preview":"max-video-preview:-1"},"canonical":"https:\/\/www.ralti.de\/?product=g-star-herren-rovic-zip-3d-regular-tapered-pants","og_locale":"de_DE","og_type":"article","og_title":"G-STAR Herren Rovic Zip 3D Regular Tapered Pants - Notfallvorsorge - Krisenvorsorge","og_description":"Rovic Zip 3D Regular Tapered Hose Die Hose Rovic Zip 3D ist an den Oberschenkeln mit Cargotaschen versehen und hat an einer Seite eine zus\u00e4tzliche Rei\u00dfverschlusstasche. Mit dem integrierten Band unten am Bein kannst du die Passform an den Kn\u00f6cheln enger stellen.","og_url":"https:\/\/www.ralti.de\/?product=g-star-herren-rovic-zip-3d-regular-tapered-pants","og_site_name":"Notfallvorsorge - Krisenvorsorge","og_image":[{"width":500,"height":500,"url":"https:\/\/m.media-amazon.com\/images\/I\/31zI+sTfuvL.jpg","type":"image\/jpeg"}],"twitter_card":"summary_large_image","schema":{"@context":"https:\/\/schema.org","@graph":[{"@type":"WebPage","@id":"https:\/\/www.ralti.de\/?product=g-star-herren-rovic-zip-3d-regular-tapered-pants","url":"https:\/\/www.ralti.de\/?product=g-star-herren-rovic-zip-3d-regular-tapered-pants","name":"G-STAR Herren Rovic Zip 3D Regular Tapered Pants - Notfallvorsorge - Krisenvorsorge","isPartOf":{"@id":"https:\/\/www.ralti.de\/#website"},"primaryImageOfPage":{"@id":"https:\/\/www.ralti.de\/?product=g-star-herren-rovic-zip-3d-regular-tapered-pants#primaryimage"},"image":{"@id":"https:\/\/www.ralti.de\/?product=g-star-herren-rovic-zip-3d-regular-tapered-pants#primaryimage"},"thumbnailUrl":"https:\/\/m.media-amazon.com\/images\/I\/31zI+sTfuvL.jpg","datePublished":"2025-11-25T09:22:38+00:00","breadcrumb":{"@id":"https:\/\/www.ralti.de\/?product=g-star-herren-rovic-zip-3d-regular-tapered-pants#breadcrumb"},"inLanguage":"de","potentialAction":[{"@type":"ReadAction","target":["https:\/\/www.ralti.de\/?product=g-star-herren-rovic-zip-3d-regular-tapered-pants"]}]},{"@type":"ImageObject","inLanguage":"de","@id":"https:\/\/www.ralti.de\/?product=g-star-herren-rovic-zip-3d-regular-tapered-pants#primaryimage","url":"https:\/\/m.media-amazon.com\/images\/I\/31zI+sTfuvL.jpg","contentUrl":"https:\/\/m.media-amazon.com\/images\/I\/31zI+sTfuvL.jpg","width":500,"height":500},{"@type":"BreadcrumbList","@id":"https:\/\/www.ralti.de\/?product=g-star-herren-rovic-zip-3d-regular-tapered-pants#breadcrumb","itemListElement":[{"@type":"ListItem","position":1,"name":"Start","item":"https:\/\/www.ralti.de\/"},{"@type":"ListItem","position":2,"name":"Notfallartikel","item":"https:\/\/www.ralti.de\/?page_id=14189"},{"@type":"ListItem","position":3,"name":"G-STAR Herren Rovic Zip 3D Regular Tapered Pants"}]},{"@type":"WebSite","@id":"https:\/\/www.ralti.de\/#website","url":"https:\/\/www.ralti.de\/","name":"Ralti.de","description":"Hier viele gute Angebote","publisher":{"@id":"https:\/\/www.ralti.de\/#organization"},"potentialAction":[{"@type":"SearchAction","target":{"@type":"EntryPoint","urlTemplate":"https:\/\/www.ralti.de\/?s={search_term_string}"},"query-input":{"@type":"PropertyValueSpecification","valueRequired":true,"valueName":"search_term_string"}}],"inLanguage":"de"},{"@type":"Organization","@id":"https:\/\/www.ralti.de\/#organization","name":"Ralti.de","url":"https:\/\/www.ralti.de\/","logo":{"@type":"ImageObject","inLanguage":"de","@id":"https:\/\/www.ralti.de\/#\/schema\/logo\/image\/","url":"https:\/\/www.ralti.de\/wp-content\/uploads\/2025\/11\/ralti.png","contentUrl":"https:\/\/www.ralti.de\/wp-content\/uploads\/2025\/11\/ralti.png","width":240,"height":75,"caption":"Ralti.de"},"image":{"@id":"https:\/\/www.ralti.de\/#\/schema\/logo\/image\/"}}]}},"_links":{"self":[{"href":"https:\/\/www.ralti.de\/index.php?rest_route=\/wp\/v2\/product\/6603","targetHints":{"allow":["GET"]}}],"collection":[{"href":"https:\/\/www.ralti.de\/index.php?rest_route=\/wp\/v2\/product"}],"about":[{"href":"https:\/\/www.ralti.de\/index.php?rest_route=\/wp\/v2\/types\/product"}],"replies":[{"embeddable":true,"href":"https:\/\/www.ralti.de\/index.php?rest_route=%2Fwp%2Fv2%2Fcomments&post=6603"}],"wp:featuredmedia":[{"embeddable":true,"href":"https:\/\/www.ralti.de\/index.php?rest_route=\/wp\/v2\/media\/6604"}],"wp:attachment":[{"href":"https:\/\/www.ralti.de\/index.php?rest_route=%2Fwp%2Fv2%2Fmedia&parent=6603"}],"wp:term":[{"taxonomy":"product_brand","embeddable":true,"href":"https:\/\/www.ralti.de\/index.php?rest_route=%2Fwp%2Fv2%2Fproduct_brand&post=6603"},{"taxonomy":"product_cat","embeddable":true,"href":"https:\/\/www.ralti.de\/index.php?rest_route=%2Fwp%2Fv2%2Fproduct_cat&post=6603"},{"taxonomy":"product_tag","embeddable":true,"href":"https:\/\/www.ralti.de\/index.php?rest_route=%2Fwp%2Fv2%2Fproduct_tag&post=6603"}],"curies":[{"name":"wp","href":"https:\/\/api.w.org\/{rel}","templated":true}]}}