{"id":6749,"date":"2025-11-25T09:58:41","date_gmt":"2025-11-25T09:58:41","guid":{"rendered":"https:\/\/www.ralti.de\/shop-2\/uncategorized\/6-stuck-trillerpfeife-signalpfeife-trillerpfeife-laut-notfall-trillerpfeifen-metall-notfallpfeife-mit-schlusselanhanger-schiedsrichter-outdoor-notfall-survival-pfeife-fur-camping-jagen-wandern\/"},"modified":"2025-11-25T09:58:41","modified_gmt":"2025-11-25T09:58:41","slug":"6-stuck-trillerpfeife-signalpfeife-trillerpfeife-laut-notfall-trillerpfeifen-metall-notfallpfeife-mit-schlusselanhanger-schiedsrichter-outdoor-notfall-survival-pfeife-fur-camping-jagen-wandern","status":"publish","type":"product","link":"https:\/\/www.ralti.de\/?product=6-stuck-trillerpfeife-signalpfeife-trillerpfeife-laut-notfall-trillerpfeifen-metall-notfallpfeife-mit-schlusselanhanger-schiedsrichter-outdoor-notfall-survival-pfeife-fur-camping-jagen-wandern","title":{"rendered":"6 St\u00fcck Trillerpfeife, Signalpfeife Trillerpfeife Laut Notfall, Trillerpfeifen Metall Notfallpfeife mit Schl\u00fcsselanh\u00e4nger, Schiedsrichter Outdoor Notfall Survival Pfeife f\u00fcr Camping Jagen Wandern"},"content":{"rendered":"<p><!-- show up to 2 reviews by default --> <\/p>\n<\/p>\n<p><span>Funktionen:<\/span><\/p>\n<p><span><br \/><\/span><\/p>\n<p><span>1. Doppelrohr-Doppelfrequenz, starke Schalldurchdringung: Die Doppelrohr-\u00dcberlebenspfeife f\u00fcr den Au\u00dfenbereich verf\u00fcgt \u00fcber ein Doppelrohr-Doppelfrequenz-Design, die Lautst\u00e4rke kann 120 Dezibel erreichen und die Hochfrequenzdurchdringung ist stark, sodass<br \/> in Notsituationen Notsignale \u00fcber gro\u00dfe Entfernungen \u00fcbertragen werden k\u00f6nnen.<\/span><\/p>\n<p><span><br \/><\/span><\/p>\n<p><span>2.Hohe Qualit\u00e4t: Die Oberfl\u00e4che des Pfeifschl\u00fcsselrings wurde fein verarbeitet, ist korrosions- und verschlei\u00dffest und hat eine lange Lebensdauer, die f\u00fcr verschiedene raue Umgebungen geeignet ist.<\/span><\/p>\n<p><span><br \/><\/span><\/p>\n<p><span>3.Flaches Design, leicht und tragbar: Die Campingpfeife verf\u00fcgt \u00fcber eine einzigartige flache Struktur mit einem stilvollen, einfachen und leichten Erscheinungsbild. Sie kann an einem Rucksack, G\u00fcrtel oder Schl\u00fcsselbund aufgeh\u00e4ngt oder mit einem Schl\u00fcsselband<br \/> getragen werden, um sie jederzeit einfach verwenden zu k\u00f6nnen.<\/span><\/p>\n<p><span><br \/><\/span><\/p>\n<p><span>4. Allwetteranwendung, wasserdicht und feuchtigkeitsbest\u00e4ndig: Die Wanderpfeife ist wasserdicht, hat keine Angst vor Regen oder feuchter Umgebung und sorgt f\u00fcr einen normalen Klang bei jedem Wetter.<\/span><\/p>\n<p><span><br \/><\/span><\/p>\n<p><span>5. Mehrzweck-Sicherheitstool, geeignet f\u00fcr eine Vielzahl von Szenarien: Nicht nur geeignet f\u00fcr Outdoor-Aktivit\u00e4ten wie Bergsteigen, Camping, Bootfahren, Radfahren usw., sondern kann auch als Hundepfeife, Schiedsrichterpfeife oder pers\u00f6nliches Schutztool<br \/> verwendet werden, es ist ein Sicherheits-Muss f\u00fcr Outdoor-Sportbegeisterte.<\/span><\/p>\n<p><span><br \/><\/span><\/p>\n<p><span>Spezifikationen:<\/span><\/p>\n<p><span><br \/><\/span><\/p>\n<p><span>Produktname: Hochfrequente doppell\u00e4ufige \u00dcberlebenspfeife<\/span><\/p>\n<p><span><br \/><\/span><\/p>\n<p><span>Menge: 6 St\u00fcck<\/span><\/p>\n<p><span><br \/><\/span><\/p>\n<p><span>Material: Aluminium, Kunststoff<\/span><\/p>\n<p><span><br \/><\/span><\/p>\n<p><span>Spitzenlautst\u00e4rke: ca. 120 dB<\/span><\/p>\n<p><span><br \/><\/span><\/p>\n<p><span>Gewicht: 10 Gramm\/St\u00fcck<\/span><\/p>\n<p><span><br \/><\/span><\/p>\n<p><span>Farbe: Schwarz, Gold, Silber<\/span><\/p>\n<p><span><br \/><\/span><\/p>\n<p><span>Paket enthalten:<\/span><\/p>\n<p><span><br \/><\/span><\/p>\n<p><span>6 x Notfallpfeife<\/span><\/p>\n<\/p>\n<p>\u3010Aluminiumkonstruktion\u3011: Diese Sicherheitspfeifen mit Doppelrohr sind aus hochwertigem Aluminium und einer lichtbest\u00e4ndigen eloxierten Oberfl\u00e4che gefertigt und auf Langlebigkeit ausgelegt. Sie gew\u00e4hrleisten langfristige Haltbarkeit und zuverl\u00e4ssige Leistung in jeder Situation.<br \/>\n\u3010Allwetter und Benutzerfreundliches Design\u3011: Diese Notfallpfeife ist wasserdicht und ohne bewegliche Teile konzipiert. Sie ist bei Regen, Schnee und anderen rauen Bedingungen wirksam. Enth\u00e4lt einen Schl\u00fcsselanh\u00e4nger und ein Umh\u00e4ngeseil zur bequemen Befestigung an Rucks\u00e4cken, G\u00fcrteln oder Schl\u00fcsseln.<br \/>\n\u3010Zuverl\u00e4ssige Notfallpfeifen f\u00fcr Outdoor Abenteuer\u3011: Enth\u00e4lt 6 Notfall-\u00dcberlebenspfeifen (gold, silber, schwarz), die Ihnen helfen, in Notf\u00e4llen mit Ihrer Gruppe in Verbindung zu bleiben. Ein unverzichtbares Sicherheitstool f\u00fcr Outdoor-Enthusiasten.<br \/>\n\u3010Laute und Klare Ton\u00fcbertragung\u3011: Dank der Doppelkammer-Resonanztechnologie erzeugen die Pfeifen einen beeindruckenden 120-dB-Ton, der weite Entfernungen \u00fcbertr\u00e4gt, sodass Sie in kritischen Momenten problemlos um Hilfe rufen k\u00f6nnen.<br \/>\n\u3010Vielseitig Einsetzbar\u3011: Diese Pfeifen sind ideal zum Wandern, Campen, Angeln und Radfahren und k\u00f6nnen auch als Hundepfeife, Schiedsrichter-Werkzeug oder pers\u00f6nliche Sicherheitsausr\u00fcstung f\u00fcr Soloausfl\u00fcge verwendet werden. Ein durchdachtes Sicherheitszubeh\u00f6r f\u00fcr jedermann.<br \/>\n<div class=\"main-cross-sell\" data-asin=\"B0F83ND512\">\n\n\t<div class=\"WooZone-cross-sell-loader\">\n\t\t<div>\n\t\t\t<div id=\"floatingBarsG\">\n\t\t\t\t<div class=\"blockG\" id=\"rotateG_01\"><\/div>\n\t\t\t\t<div class=\"blockG\" id=\"rotateG_02\"><\/div>\n\t\t\t\t<div class=\"blockG\" id=\"rotateG_03\"><\/div>\n\t\t\t\t<div class=\"blockG\" id=\"rotateG_04\"><\/div>\n\t\t\t\t<div class=\"blockG\" id=\"rotateG_05\"><\/div>\n\t\t\t\t<div class=\"blockG\" id=\"rotateG_06\"><\/div>\n\t\t\t\t<div class=\"blockG\" id=\"rotateG_07\"><\/div>\n\t\t\t\t<div class=\"blockG\" id=\"rotateG_08\"><\/div>\n\t\t\t<\/div>\n\t\t\t<div class=\"WooZone-cross-sell-loader-text\"><\/div>\n\t\t<\/div>\n\t<\/div>\n\n\t\t\n<\/div>\n<div style=\"clear:both;\"><\/div>\n","protected":false},"excerpt":{"rendered":"<p>\u3010Aluminiumkonstruktion\u3011: Diese Sicherheitspfeifen mit Doppelrohr sind aus hochwertigem Aluminium und einer lichtbest\u00e4ndigen eloxierten Oberfl\u00e4che gefertigt und auf Langlebigkeit ausgelegt. Sie gew\u00e4hrleisten langfristige Haltbarkeit und zuverl\u00e4ssige Leistung in jeder Situation.<br \/>\n\u3010Allwetter und Benutzerfreundliches Design\u3011: Diese Notfallpfeife ist wasserdicht und ohne bewegliche Teile konzipiert. Sie ist bei Regen, Schnee und anderen rauen Bedingungen wirksam. Enth\u00e4lt einen Schl\u00fcsselanh\u00e4nger und ein Umh\u00e4ngeseil zur bequemen Befestigung an Rucks\u00e4cken, G\u00fcrteln oder Schl\u00fcsseln.<br \/>\n\u3010Zuverl\u00e4ssige Notfallpfeifen f\u00fcr Outdoor Abenteuer\u3011: Enth\u00e4lt 6 Notfall-\u00dcberlebenspfeifen (gold, silber, schwarz), die Ihnen helfen, in Notf\u00e4llen mit Ihrer Gruppe in Verbindung zu bleiben. Ein unverzichtbares Sicherheitstool f\u00fcr Outdoor-Enthusiasten.<\/p>\n","protected":false},"featured_media":6750,"comment_status":"open","ping_status":"closed","template":"","meta":{"_acf_changed":false},"product_brand":[],"product_cat":[276,274],"product_tag":[],"class_list":{"0":"post-6749","1":"product","2":"type-product","3":"status-publish","4":"has-post-thumbnail","6":"product_cat-notfallpfeifen","7":"product_cat-uberlebensausrustung","9":"first","10":"instock","11":"shipping-taxable","12":"product-type-external"},"acf":[],"yoast_head":"<!-- This site is optimized with the Yoast SEO plugin v27.3 - https:\/\/yoast.com\/product\/yoast-seo-wordpress\/ -->\n<title>6 St\u00fcck Trillerpfeife, Signalpfeife Trillerpfeife Laut Notfall, Trillerpfeifen Metall Notfallpfeife mit Schl\u00fcsselanh\u00e4nger, Schiedsrichter Outdoor Notfall Survival Pfeife f\u00fcr Camping Jagen Wandern - Notfallvorsorge - Krisenvorsorge<\/title>\n<meta name=\"robots\" content=\"index, follow, max-snippet:-1, max-image-preview:large, max-video-preview:-1\" \/>\n<link rel=\"canonical\" href=\"https:\/\/www.ralti.de\/?product=6-stuck-trillerpfeife-signalpfeife-trillerpfeife-laut-notfall-trillerpfeifen-metall-notfallpfeife-mit-schlusselanhanger-schiedsrichter-outdoor-notfall-survival-pfeife-fur-camping-jagen-wandern\" \/>\n<meta property=\"og:locale\" content=\"de_DE\" \/>\n<meta property=\"og:type\" content=\"article\" \/>\n<meta property=\"og:title\" content=\"6 St\u00fcck Trillerpfeife, Signalpfeife Trillerpfeife Laut Notfall, Trillerpfeifen Metall Notfallpfeife mit Schl\u00fcsselanh\u00e4nger, Schiedsrichter Outdoor Notfall Survival Pfeife f\u00fcr Camping Jagen Wandern - Notfallvorsorge - Krisenvorsorge\" \/>\n<meta property=\"og:description\" content=\"\u3010Aluminiumkonstruktion\u3011: Diese Sicherheitspfeifen mit Doppelrohr sind aus hochwertigem Aluminium und einer lichtbest\u00e4ndigen eloxierten Oberfl\u00e4che gefertigt und auf Langlebigkeit ausgelegt. Sie gew\u00e4hrleisten langfristige Haltbarkeit und zuverl\u00e4ssige Leistung in jeder Situation. \u3010Allwetter und Benutzerfreundliches Design\u3011: Diese Notfallpfeife ist wasserdicht und ohne bewegliche Teile konzipiert. Sie ist bei Regen, Schnee und anderen rauen Bedingungen wirksam. Enth\u00e4lt einen Schl\u00fcsselanh\u00e4nger und ein Umh\u00e4ngeseil zur bequemen Befestigung an Rucks\u00e4cken, G\u00fcrteln oder Schl\u00fcsseln. \u3010Zuverl\u00e4ssige Notfallpfeifen f\u00fcr Outdoor Abenteuer\u3011: Enth\u00e4lt 6 Notfall-\u00dcberlebenspfeifen (gold, silber, schwarz), die Ihnen helfen, in Notf\u00e4llen mit Ihrer Gruppe in Verbindung zu bleiben. Ein unverzichtbares Sicherheitstool f\u00fcr Outdoor-Enthusiasten.\" \/>\n<meta property=\"og:url\" content=\"https:\/\/www.ralti.de\/?product=6-stuck-trillerpfeife-signalpfeife-trillerpfeife-laut-notfall-trillerpfeifen-metall-notfallpfeife-mit-schlusselanhanger-schiedsrichter-outdoor-notfall-survival-pfeife-fur-camping-jagen-wandern\" \/>\n<meta property=\"og:site_name\" content=\"Notfallvorsorge - Krisenvorsorge\" \/>\n<meta property=\"og:image\" content=\"https:\/\/m.media-amazon.com\/images\/I\/41JkLnEKBDL.jpg\" \/>\n\t<meta property=\"og:image:width\" content=\"500\" \/>\n\t<meta property=\"og:image:height\" content=\"500\" \/>\n\t<meta property=\"og:image:type\" content=\"image\/jpeg\" \/>\n<meta name=\"twitter:card\" content=\"summary_large_image\" \/>\n<meta name=\"twitter:label1\" content=\"Gesch\u00e4tzte Lesezeit\" \/>\n\t<meta name=\"twitter:data1\" content=\"2\u00a0Minuten\" \/>\n<script type=\"application\/ld+json\" class=\"yoast-schema-graph\">{\"@context\":\"https:\\\/\\\/schema.org\",\"@graph\":[{\"@type\":\"WebPage\",\"@id\":\"https:\\\/\\\/www.ralti.de\\\/?product=6-stuck-trillerpfeife-signalpfeife-trillerpfeife-laut-notfall-trillerpfeifen-metall-notfallpfeife-mit-schlusselanhanger-schiedsrichter-outdoor-notfall-survival-pfeife-fur-camping-jagen-wandern\",\"url\":\"https:\\\/\\\/www.ralti.de\\\/?product=6-stuck-trillerpfeife-signalpfeife-trillerpfeife-laut-notfall-trillerpfeifen-metall-notfallpfeife-mit-schlusselanhanger-schiedsrichter-outdoor-notfall-survival-pfeife-fur-camping-jagen-wandern\",\"name\":\"6 St\u00fcck Trillerpfeife, Signalpfeife Trillerpfeife Laut Notfall, Trillerpfeifen Metall Notfallpfeife mit Schl\u00fcsselanh\u00e4nger, Schiedsrichter Outdoor Notfall Survival Pfeife f\u00fcr Camping Jagen Wandern - Notfallvorsorge - Krisenvorsorge\",\"isPartOf\":{\"@id\":\"https:\\\/\\\/www.ralti.de\\\/#website\"},\"primaryImageOfPage\":{\"@id\":\"https:\\\/\\\/www.ralti.de\\\/?product=6-stuck-trillerpfeife-signalpfeife-trillerpfeife-laut-notfall-trillerpfeifen-metall-notfallpfeife-mit-schlusselanhanger-schiedsrichter-outdoor-notfall-survival-pfeife-fur-camping-jagen-wandern#primaryimage\"},\"image\":{\"@id\":\"https:\\\/\\\/www.ralti.de\\\/?product=6-stuck-trillerpfeife-signalpfeife-trillerpfeife-laut-notfall-trillerpfeifen-metall-notfallpfeife-mit-schlusselanhanger-schiedsrichter-outdoor-notfall-survival-pfeife-fur-camping-jagen-wandern#primaryimage\"},\"thumbnailUrl\":\"https:\\\/\\\/m.media-amazon.com\\\/images\\\/I\\\/41JkLnEKBDL.jpg\",\"datePublished\":\"2025-11-25T09:58:41+00:00\",\"breadcrumb\":{\"@id\":\"https:\\\/\\\/www.ralti.de\\\/?product=6-stuck-trillerpfeife-signalpfeife-trillerpfeife-laut-notfall-trillerpfeifen-metall-notfallpfeife-mit-schlusselanhanger-schiedsrichter-outdoor-notfall-survival-pfeife-fur-camping-jagen-wandern#breadcrumb\"},\"inLanguage\":\"de\",\"potentialAction\":[{\"@type\":\"ReadAction\",\"target\":[\"https:\\\/\\\/www.ralti.de\\\/?product=6-stuck-trillerpfeife-signalpfeife-trillerpfeife-laut-notfall-trillerpfeifen-metall-notfallpfeife-mit-schlusselanhanger-schiedsrichter-outdoor-notfall-survival-pfeife-fur-camping-jagen-wandern\"]}]},{\"@type\":\"ImageObject\",\"inLanguage\":\"de\",\"@id\":\"https:\\\/\\\/www.ralti.de\\\/?product=6-stuck-trillerpfeife-signalpfeife-trillerpfeife-laut-notfall-trillerpfeifen-metall-notfallpfeife-mit-schlusselanhanger-schiedsrichter-outdoor-notfall-survival-pfeife-fur-camping-jagen-wandern#primaryimage\",\"url\":\"https:\\\/\\\/m.media-amazon.com\\\/images\\\/I\\\/41JkLnEKBDL.jpg\",\"contentUrl\":\"https:\\\/\\\/m.media-amazon.com\\\/images\\\/I\\\/41JkLnEKBDL.jpg\",\"width\":500,\"height\":500},{\"@type\":\"BreadcrumbList\",\"@id\":\"https:\\\/\\\/www.ralti.de\\\/?product=6-stuck-trillerpfeife-signalpfeife-trillerpfeife-laut-notfall-trillerpfeifen-metall-notfallpfeife-mit-schlusselanhanger-schiedsrichter-outdoor-notfall-survival-pfeife-fur-camping-jagen-wandern#breadcrumb\",\"itemListElement\":[{\"@type\":\"ListItem\",\"position\":1,\"name\":\"Start\",\"item\":\"https:\\\/\\\/www.ralti.de\\\/\"},{\"@type\":\"ListItem\",\"position\":2,\"name\":\"Notfallartikel\",\"item\":\"https:\\\/\\\/www.ralti.de\\\/?page_id=14189\"},{\"@type\":\"ListItem\",\"position\":3,\"name\":\"6 St\u00fcck Trillerpfeife, Signalpfeife Trillerpfeife Laut Notfall, Trillerpfeifen Metall Notfallpfeife mit Schl\u00fcsselanh\u00e4nger, Schiedsrichter Outdoor Notfall Survival Pfeife f\u00fcr Camping Jagen Wandern\"}]},{\"@type\":\"WebSite\",\"@id\":\"https:\\\/\\\/www.ralti.de\\\/#website\",\"url\":\"https:\\\/\\\/www.ralti.de\\\/\",\"name\":\"Ralti.de\",\"description\":\"Hier viele gute Angebote\",\"publisher\":{\"@id\":\"https:\\\/\\\/www.ralti.de\\\/#organization\"},\"potentialAction\":[{\"@type\":\"SearchAction\",\"target\":{\"@type\":\"EntryPoint\",\"urlTemplate\":\"https:\\\/\\\/www.ralti.de\\\/?s={search_term_string}\"},\"query-input\":{\"@type\":\"PropertyValueSpecification\",\"valueRequired\":true,\"valueName\":\"search_term_string\"}}],\"inLanguage\":\"de\"},{\"@type\":\"Organization\",\"@id\":\"https:\\\/\\\/www.ralti.de\\\/#organization\",\"name\":\"Ralti.de\",\"url\":\"https:\\\/\\\/www.ralti.de\\\/\",\"logo\":{\"@type\":\"ImageObject\",\"inLanguage\":\"de\",\"@id\":\"https:\\\/\\\/www.ralti.de\\\/#\\\/schema\\\/logo\\\/image\\\/\",\"url\":\"https:\\\/\\\/www.ralti.de\\\/wp-content\\\/uploads\\\/2025\\\/11\\\/ralti.png\",\"contentUrl\":\"https:\\\/\\\/www.ralti.de\\\/wp-content\\\/uploads\\\/2025\\\/11\\\/ralti.png\",\"width\":240,\"height\":75,\"caption\":\"Ralti.de\"},\"image\":{\"@id\":\"https:\\\/\\\/www.ralti.de\\\/#\\\/schema\\\/logo\\\/image\\\/\"}}]}<\/script>\n<!-- \/ Yoast SEO plugin. -->","yoast_head_json":{"title":"6 St\u00fcck Trillerpfeife, Signalpfeife Trillerpfeife Laut Notfall, Trillerpfeifen Metall Notfallpfeife mit Schl\u00fcsselanh\u00e4nger, Schiedsrichter Outdoor Notfall Survival Pfeife f\u00fcr Camping Jagen Wandern - Notfallvorsorge - Krisenvorsorge","robots":{"index":"index","follow":"follow","max-snippet":"max-snippet:-1","max-image-preview":"max-image-preview:large","max-video-preview":"max-video-preview:-1"},"canonical":"https:\/\/www.ralti.de\/?product=6-stuck-trillerpfeife-signalpfeife-trillerpfeife-laut-notfall-trillerpfeifen-metall-notfallpfeife-mit-schlusselanhanger-schiedsrichter-outdoor-notfall-survival-pfeife-fur-camping-jagen-wandern","og_locale":"de_DE","og_type":"article","og_title":"6 St\u00fcck Trillerpfeife, Signalpfeife Trillerpfeife Laut Notfall, Trillerpfeifen Metall Notfallpfeife mit Schl\u00fcsselanh\u00e4nger, Schiedsrichter Outdoor Notfall Survival Pfeife f\u00fcr Camping Jagen Wandern - Notfallvorsorge - Krisenvorsorge","og_description":"\u3010Aluminiumkonstruktion\u3011: Diese Sicherheitspfeifen mit Doppelrohr sind aus hochwertigem Aluminium und einer lichtbest\u00e4ndigen eloxierten Oberfl\u00e4che gefertigt und auf Langlebigkeit ausgelegt. Sie gew\u00e4hrleisten langfristige Haltbarkeit und zuverl\u00e4ssige Leistung in jeder Situation. \u3010Allwetter und Benutzerfreundliches Design\u3011: Diese Notfallpfeife ist wasserdicht und ohne bewegliche Teile konzipiert. Sie ist bei Regen, Schnee und anderen rauen Bedingungen wirksam. Enth\u00e4lt einen Schl\u00fcsselanh\u00e4nger und ein Umh\u00e4ngeseil zur bequemen Befestigung an Rucks\u00e4cken, G\u00fcrteln oder Schl\u00fcsseln. \u3010Zuverl\u00e4ssige Notfallpfeifen f\u00fcr Outdoor Abenteuer\u3011: Enth\u00e4lt 6 Notfall-\u00dcberlebenspfeifen (gold, silber, schwarz), die Ihnen helfen, in Notf\u00e4llen mit Ihrer Gruppe in Verbindung zu bleiben. Ein unverzichtbares Sicherheitstool f\u00fcr Outdoor-Enthusiasten.","og_url":"https:\/\/www.ralti.de\/?product=6-stuck-trillerpfeife-signalpfeife-trillerpfeife-laut-notfall-trillerpfeifen-metall-notfallpfeife-mit-schlusselanhanger-schiedsrichter-outdoor-notfall-survival-pfeife-fur-camping-jagen-wandern","og_site_name":"Notfallvorsorge - Krisenvorsorge","og_image":[{"width":500,"height":500,"url":"https:\/\/m.media-amazon.com\/images\/I\/41JkLnEKBDL.jpg","type":"image\/jpeg"}],"twitter_card":"summary_large_image","twitter_misc":{"Gesch\u00e4tzte Lesezeit":"2\u00a0Minuten"},"schema":{"@context":"https:\/\/schema.org","@graph":[{"@type":"WebPage","@id":"https:\/\/www.ralti.de\/?product=6-stuck-trillerpfeife-signalpfeife-trillerpfeife-laut-notfall-trillerpfeifen-metall-notfallpfeife-mit-schlusselanhanger-schiedsrichter-outdoor-notfall-survival-pfeife-fur-camping-jagen-wandern","url":"https:\/\/www.ralti.de\/?product=6-stuck-trillerpfeife-signalpfeife-trillerpfeife-laut-notfall-trillerpfeifen-metall-notfallpfeife-mit-schlusselanhanger-schiedsrichter-outdoor-notfall-survival-pfeife-fur-camping-jagen-wandern","name":"6 St\u00fcck Trillerpfeife, Signalpfeife Trillerpfeife Laut Notfall, Trillerpfeifen Metall Notfallpfeife mit Schl\u00fcsselanh\u00e4nger, Schiedsrichter Outdoor Notfall Survival Pfeife f\u00fcr Camping Jagen Wandern - Notfallvorsorge - Krisenvorsorge","isPartOf":{"@id":"https:\/\/www.ralti.de\/#website"},"primaryImageOfPage":{"@id":"https:\/\/www.ralti.de\/?product=6-stuck-trillerpfeife-signalpfeife-trillerpfeife-laut-notfall-trillerpfeifen-metall-notfallpfeife-mit-schlusselanhanger-schiedsrichter-outdoor-notfall-survival-pfeife-fur-camping-jagen-wandern#primaryimage"},"image":{"@id":"https:\/\/www.ralti.de\/?product=6-stuck-trillerpfeife-signalpfeife-trillerpfeife-laut-notfall-trillerpfeifen-metall-notfallpfeife-mit-schlusselanhanger-schiedsrichter-outdoor-notfall-survival-pfeife-fur-camping-jagen-wandern#primaryimage"},"thumbnailUrl":"https:\/\/m.media-amazon.com\/images\/I\/41JkLnEKBDL.jpg","datePublished":"2025-11-25T09:58:41+00:00","breadcrumb":{"@id":"https:\/\/www.ralti.de\/?product=6-stuck-trillerpfeife-signalpfeife-trillerpfeife-laut-notfall-trillerpfeifen-metall-notfallpfeife-mit-schlusselanhanger-schiedsrichter-outdoor-notfall-survival-pfeife-fur-camping-jagen-wandern#breadcrumb"},"inLanguage":"de","potentialAction":[{"@type":"ReadAction","target":["https:\/\/www.ralti.de\/?product=6-stuck-trillerpfeife-signalpfeife-trillerpfeife-laut-notfall-trillerpfeifen-metall-notfallpfeife-mit-schlusselanhanger-schiedsrichter-outdoor-notfall-survival-pfeife-fur-camping-jagen-wandern"]}]},{"@type":"ImageObject","inLanguage":"de","@id":"https:\/\/www.ralti.de\/?product=6-stuck-trillerpfeife-signalpfeife-trillerpfeife-laut-notfall-trillerpfeifen-metall-notfallpfeife-mit-schlusselanhanger-schiedsrichter-outdoor-notfall-survival-pfeife-fur-camping-jagen-wandern#primaryimage","url":"https:\/\/m.media-amazon.com\/images\/I\/41JkLnEKBDL.jpg","contentUrl":"https:\/\/m.media-amazon.com\/images\/I\/41JkLnEKBDL.jpg","width":500,"height":500},{"@type":"BreadcrumbList","@id":"https:\/\/www.ralti.de\/?product=6-stuck-trillerpfeife-signalpfeife-trillerpfeife-laut-notfall-trillerpfeifen-metall-notfallpfeife-mit-schlusselanhanger-schiedsrichter-outdoor-notfall-survival-pfeife-fur-camping-jagen-wandern#breadcrumb","itemListElement":[{"@type":"ListItem","position":1,"name":"Start","item":"https:\/\/www.ralti.de\/"},{"@type":"ListItem","position":2,"name":"Notfallartikel","item":"https:\/\/www.ralti.de\/?page_id=14189"},{"@type":"ListItem","position":3,"name":"6 St\u00fcck Trillerpfeife, Signalpfeife Trillerpfeife Laut Notfall, Trillerpfeifen Metall Notfallpfeife mit Schl\u00fcsselanh\u00e4nger, Schiedsrichter Outdoor Notfall Survival Pfeife f\u00fcr Camping Jagen Wandern"}]},{"@type":"WebSite","@id":"https:\/\/www.ralti.de\/#website","url":"https:\/\/www.ralti.de\/","name":"Ralti.de","description":"Hier viele gute Angebote","publisher":{"@id":"https:\/\/www.ralti.de\/#organization"},"potentialAction":[{"@type":"SearchAction","target":{"@type":"EntryPoint","urlTemplate":"https:\/\/www.ralti.de\/?s={search_term_string}"},"query-input":{"@type":"PropertyValueSpecification","valueRequired":true,"valueName":"search_term_string"}}],"inLanguage":"de"},{"@type":"Organization","@id":"https:\/\/www.ralti.de\/#organization","name":"Ralti.de","url":"https:\/\/www.ralti.de\/","logo":{"@type":"ImageObject","inLanguage":"de","@id":"https:\/\/www.ralti.de\/#\/schema\/logo\/image\/","url":"https:\/\/www.ralti.de\/wp-content\/uploads\/2025\/11\/ralti.png","contentUrl":"https:\/\/www.ralti.de\/wp-content\/uploads\/2025\/11\/ralti.png","width":240,"height":75,"caption":"Ralti.de"},"image":{"@id":"https:\/\/www.ralti.de\/#\/schema\/logo\/image\/"}}]}},"_links":{"self":[{"href":"https:\/\/www.ralti.de\/index.php?rest_route=\/wp\/v2\/product\/6749","targetHints":{"allow":["GET"]}}],"collection":[{"href":"https:\/\/www.ralti.de\/index.php?rest_route=\/wp\/v2\/product"}],"about":[{"href":"https:\/\/www.ralti.de\/index.php?rest_route=\/wp\/v2\/types\/product"}],"replies":[{"embeddable":true,"href":"https:\/\/www.ralti.de\/index.php?rest_route=%2Fwp%2Fv2%2Fcomments&post=6749"}],"wp:featuredmedia":[{"embeddable":true,"href":"https:\/\/www.ralti.de\/index.php?rest_route=\/wp\/v2\/media\/6750"}],"wp:attachment":[{"href":"https:\/\/www.ralti.de\/index.php?rest_route=%2Fwp%2Fv2%2Fmedia&parent=6749"}],"wp:term":[{"taxonomy":"product_brand","embeddable":true,"href":"https:\/\/www.ralti.de\/index.php?rest_route=%2Fwp%2Fv2%2Fproduct_brand&post=6749"},{"taxonomy":"product_cat","embeddable":true,"href":"https:\/\/www.ralti.de\/index.php?rest_route=%2Fwp%2Fv2%2Fproduct_cat&post=6749"},{"taxonomy":"product_tag","embeddable":true,"href":"https:\/\/www.ralti.de\/index.php?rest_route=%2Fwp%2Fv2%2Fproduct_tag&post=6749"}],"curies":[{"name":"wp","href":"https:\/\/api.w.org\/{rel}","templated":true}]}}