{"id":6914,"date":"2025-11-25T09:59:12","date_gmt":"2025-11-25T09:59:12","guid":{"rendered":"https:\/\/www.ralti.de\/shop-2\/uncategorized\/acme-tornado-slimline-no-636-orange-signalpfeife-und-notrufpfeife\/"},"modified":"2025-11-25T09:59:12","modified_gmt":"2025-11-25T09:59:12","slug":"acme-tornado-slimline-no-636-orange-signalpfeife-und-notrufpfeife","status":"publish","type":"product","link":"https:\/\/www.ralti.de\/?product=acme-tornado-slimline-no-636-orange-signalpfeife-und-notrufpfeife","title":{"rendered":"ACME Tornado Slimline No. 636, orange &#8211; Signalpfeife und Notrufpfeife"},"content":{"rendered":"<p><!-- show up to 2 reviews by default --> <\/p>\n<p> <span>Diese Pfeife z\u00e4hlt zu den lautesten Pfeifen auf der ganzen Welt. Sie erreicht eine Lautst\u00e4rke von bis zu 117 dB und durch ihre extreme Reichweite ist der Ton auch in Kilometern noch zu h\u00f6ren. Diese spezielle Signalpfeife besitzt im Gegensatz zu vielen anderen Trillerpfeifen keine Kugel. Dank der drei Luftausl\u00e4sse hat diese Pfeife trotzdem einen unverwechselbaren Ton. Fr\u00fcher wurde die Pfeife als Rettungspfeife hergestellt, welche auch an vielen Schwimmwesten befestigt war. Daher ist die Pfeife auch wasserfest und kann jederzeit verwendet werden. Noch Heute wird die Pfeife als Notfallpfeife sehr gerne gekauft um im Notfall aus sich aufmerksam zu machen. Dank des Schl\u00fcsselringen k\u00f6nnen die Pfeife ohne Probleme an ihrem Schl\u00fcsselbund oder in der Jackentasche verstauen. Die Pfeife ist mit einem Gewicht von ca. 10 Gramm besonders leicht. Doch nicht nur als Rettungspfeife findet diese Pfeife ihren Gebrauch. Inzwischen ist sie auch in den weiteren Sparten unverzichtbar. Sie wird als Schiedsrichterpfeife eingesetzt, in weiteren sportlichen Disziplinen als Trainerpfeife, auch bei Hundebesitzern ist die Pfeife von gro\u00dfer Beliebtheit. Mit dieser Pfeife erreiche sie T\u00f6ne im bis zu 4000 hz-Bereich.<\/span> <\/p>\n<p>LAUT: Die Pfeife ist eine der lautesten Pfeifen der Welt. Sie k\u00f6nnen mit diesem Modell T\u00f6ne von bis zu 4000 Hz erreichen. Dadurch erreicht Sie eine enorme Reichweite, die auch in Kilometern noch zu h\u00f6ren ist.<br \/>\nKONSTRUKTION: Sie verf\u00fcgt \u00fcber drei Luftausl\u00e4sse, wodurch die Lautst\u00e4rke sich gut verteilt. Das Besondere ist, dass dieses Modell keine Kugel hat, wie herk\u00f6mmliche Trillerpfeifen.<br \/>\nDESIGN: Die Pfeife ist klein, d\u00fcnn und besonders leicht. So kann Sie ohne Probleme an einem Schl\u00fcsselbund befestigt werden. Dank der knalligen Farbe in Leuchtorange finden Sie diese auch \u00fcberall wieder. Gleichzeitig symbolisiert Sie den Notfall.<br \/>\nVERWENDUNG: Sie wird in vielen verschiedenen Sparten eingesetzt. Ob als Rettungspfeife an Trekking-Rucks\u00e4cken, an Schwimmwesten, als Schiedsrichter Pfeife, als Trainingspfeife in verschiedenen Sportarten oder auch als Hundepfeife findet Sie h\u00e4ufig gebrauch.<br \/>\nURSPRUNG: Fr\u00fcher wurde diese Rettungspfeife an jede Rettungsweste angebracht, da sie wasserfest ist, und somit in jeder Lebenslage verwendet werden kann.<br \/>\n<div class=\"main-cross-sell\" data-asin=\"B000SE9NMY\">\n\n\t<div class=\"WooZone-cross-sell-loader\">\n\t\t<div>\n\t\t\t<div id=\"floatingBarsG\">\n\t\t\t\t<div class=\"blockG\" id=\"rotateG_01\"><\/div>\n\t\t\t\t<div class=\"blockG\" id=\"rotateG_02\"><\/div>\n\t\t\t\t<div class=\"blockG\" id=\"rotateG_03\"><\/div>\n\t\t\t\t<div class=\"blockG\" id=\"rotateG_04\"><\/div>\n\t\t\t\t<div class=\"blockG\" id=\"rotateG_05\"><\/div>\n\t\t\t\t<div class=\"blockG\" id=\"rotateG_06\"><\/div>\n\t\t\t\t<div class=\"blockG\" id=\"rotateG_07\"><\/div>\n\t\t\t\t<div class=\"blockG\" id=\"rotateG_08\"><\/div>\n\t\t\t<\/div>\n\t\t\t<div class=\"WooZone-cross-sell-loader-text\"><\/div>\n\t\t<\/div>\n\t<\/div>\n\n\t\t\n<\/div>\n<div style=\"clear:both;\"><\/div>\n","protected":false},"excerpt":{"rendered":"<p>LAUT: Die Pfeife ist eine der lautesten Pfeifen der Welt. Sie k\u00f6nnen mit diesem Modell T\u00f6ne von bis zu 4000 Hz erreichen. Dadurch erreicht Sie eine enorme Reichweite, die auch in Kilometern noch zu h\u00f6ren ist.<br \/>\nKONSTRUKTION: Sie verf\u00fcgt \u00fcber drei Luftausl\u00e4sse, wodurch die Lautst\u00e4rke sich gut verteilt. Das Besondere ist, dass dieses Modell keine Kugel hat, wie herk\u00f6mmliche Trillerpfeifen.<br \/>\nDESIGN: Die Pfeife ist klein, d\u00fcnn und besonders leicht. So kann Sie ohne Probleme an einem Schl\u00fcsselbund befestigt werden. Dank der knalligen Farbe in Leuchtorange finden Sie diese auch \u00fcberall wieder. Gleichzeitig symbolisiert Sie den Notfall.<\/p>\n","protected":false},"featured_media":6915,"comment_status":"open","ping_status":"closed","template":"","meta":{"_acf_changed":false},"product_brand":[],"product_cat":[276,274],"product_tag":[],"class_list":{"0":"post-6914","1":"product","2":"type-product","3":"status-publish","4":"has-post-thumbnail","6":"product_cat-notfallpfeifen","7":"product_cat-uberlebensausrustung","9":"first","10":"instock","11":"sale","12":"shipping-taxable","13":"product-type-external"},"acf":[],"yoast_head":"<!-- This site is optimized with the Yoast SEO plugin v27.5 - https:\/\/yoast.com\/product\/yoast-seo-wordpress\/ -->\n<title>ACME Tornado Slimline No. 636, orange - Signalpfeife und Notrufpfeife - Notfallvorsorge - Krisenvorsorge<\/title>\n<meta name=\"robots\" content=\"index, follow, max-snippet:-1, max-image-preview:large, max-video-preview:-1\" \/>\n<link rel=\"canonical\" href=\"https:\/\/www.ralti.de\/?product=acme-tornado-slimline-no-636-orange-signalpfeife-und-notrufpfeife\" \/>\n<meta property=\"og:locale\" content=\"de_DE\" \/>\n<meta property=\"og:type\" content=\"article\" \/>\n<meta property=\"og:title\" content=\"ACME Tornado Slimline No. 636, orange - Signalpfeife und Notrufpfeife - Notfallvorsorge - Krisenvorsorge\" \/>\n<meta property=\"og:description\" content=\"LAUT: Die Pfeife ist eine der lautesten Pfeifen der Welt. Sie k\u00f6nnen mit diesem Modell T\u00f6ne von bis zu 4000 Hz erreichen. Dadurch erreicht Sie eine enorme Reichweite, die auch in Kilometern noch zu h\u00f6ren ist. KONSTRUKTION: Sie verf\u00fcgt \u00fcber drei Luftausl\u00e4sse, wodurch die Lautst\u00e4rke sich gut verteilt. Das Besondere ist, dass dieses Modell keine Kugel hat, wie herk\u00f6mmliche Trillerpfeifen. DESIGN: Die Pfeife ist klein, d\u00fcnn und besonders leicht. So kann Sie ohne Probleme an einem Schl\u00fcsselbund befestigt werden. Dank der knalligen Farbe in Leuchtorange finden Sie diese auch \u00fcberall wieder. Gleichzeitig symbolisiert Sie den Notfall.\" \/>\n<meta property=\"og:url\" content=\"https:\/\/www.ralti.de\/?product=acme-tornado-slimline-no-636-orange-signalpfeife-und-notrufpfeife\" \/>\n<meta property=\"og:site_name\" content=\"Notfallvorsorge - Krisenvorsorge\" \/>\n<meta property=\"og:image\" content=\"https:\/\/m.media-amazon.com\/images\/I\/41truKJyIxL.jpg\" \/>\n\t<meta property=\"og:image:width\" content=\"500\" \/>\n\t<meta property=\"og:image:height\" content=\"500\" \/>\n\t<meta property=\"og:image:type\" content=\"image\/jpeg\" \/>\n<meta name=\"twitter:card\" content=\"summary_large_image\" \/>\n<meta name=\"twitter:label1\" content=\"Gesch\u00e4tzte Lesezeit\" \/>\n\t<meta name=\"twitter:data1\" content=\"2\u00a0Minuten\" \/>\n<script type=\"application\/ld+json\" class=\"yoast-schema-graph\">{\"@context\":\"https:\\\/\\\/schema.org\",\"@graph\":[{\"@type\":\"WebPage\",\"@id\":\"https:\\\/\\\/www.ralti.de\\\/?product=acme-tornado-slimline-no-636-orange-signalpfeife-und-notrufpfeife\",\"url\":\"https:\\\/\\\/www.ralti.de\\\/?product=acme-tornado-slimline-no-636-orange-signalpfeife-und-notrufpfeife\",\"name\":\"ACME Tornado Slimline No. 636, orange - Signalpfeife und Notrufpfeife - Notfallvorsorge - Krisenvorsorge\",\"isPartOf\":{\"@id\":\"https:\\\/\\\/www.ralti.de\\\/#website\"},\"primaryImageOfPage\":{\"@id\":\"https:\\\/\\\/www.ralti.de\\\/?product=acme-tornado-slimline-no-636-orange-signalpfeife-und-notrufpfeife#primaryimage\"},\"image\":{\"@id\":\"https:\\\/\\\/www.ralti.de\\\/?product=acme-tornado-slimline-no-636-orange-signalpfeife-und-notrufpfeife#primaryimage\"},\"thumbnailUrl\":\"https:\\\/\\\/m.media-amazon.com\\\/images\\\/I\\\/41truKJyIxL.jpg\",\"datePublished\":\"2025-11-25T09:59:12+00:00\",\"breadcrumb\":{\"@id\":\"https:\\\/\\\/www.ralti.de\\\/?product=acme-tornado-slimline-no-636-orange-signalpfeife-und-notrufpfeife#breadcrumb\"},\"inLanguage\":\"de\",\"potentialAction\":[{\"@type\":\"ReadAction\",\"target\":[\"https:\\\/\\\/www.ralti.de\\\/?product=acme-tornado-slimline-no-636-orange-signalpfeife-und-notrufpfeife\"]}]},{\"@type\":\"ImageObject\",\"inLanguage\":\"de\",\"@id\":\"https:\\\/\\\/www.ralti.de\\\/?product=acme-tornado-slimline-no-636-orange-signalpfeife-und-notrufpfeife#primaryimage\",\"url\":\"https:\\\/\\\/m.media-amazon.com\\\/images\\\/I\\\/41truKJyIxL.jpg\",\"contentUrl\":\"https:\\\/\\\/m.media-amazon.com\\\/images\\\/I\\\/41truKJyIxL.jpg\",\"width\":500,\"height\":500},{\"@type\":\"BreadcrumbList\",\"@id\":\"https:\\\/\\\/www.ralti.de\\\/?product=acme-tornado-slimline-no-636-orange-signalpfeife-und-notrufpfeife#breadcrumb\",\"itemListElement\":[{\"@type\":\"ListItem\",\"position\":1,\"name\":\"Start\",\"item\":\"https:\\\/\\\/www.ralti.de\\\/\"},{\"@type\":\"ListItem\",\"position\":2,\"name\":\"Notfallartikel\",\"item\":\"https:\\\/\\\/www.ralti.de\\\/?page_id=14189\"},{\"@type\":\"ListItem\",\"position\":3,\"name\":\"ACME Tornado Slimline No. 636, orange &#8211; Signalpfeife und Notrufpfeife\"}]},{\"@type\":\"WebSite\",\"@id\":\"https:\\\/\\\/www.ralti.de\\\/#website\",\"url\":\"https:\\\/\\\/www.ralti.de\\\/\",\"name\":\"Ralti.de\",\"description\":\"Hier viele gute Angebote\",\"publisher\":{\"@id\":\"https:\\\/\\\/www.ralti.de\\\/#organization\"},\"potentialAction\":[{\"@type\":\"SearchAction\",\"target\":{\"@type\":\"EntryPoint\",\"urlTemplate\":\"https:\\\/\\\/www.ralti.de\\\/?s={search_term_string}\"},\"query-input\":{\"@type\":\"PropertyValueSpecification\",\"valueRequired\":true,\"valueName\":\"search_term_string\"}}],\"inLanguage\":\"de\"},{\"@type\":\"Organization\",\"@id\":\"https:\\\/\\\/www.ralti.de\\\/#organization\",\"name\":\"Ralti.de\",\"url\":\"https:\\\/\\\/www.ralti.de\\\/\",\"logo\":{\"@type\":\"ImageObject\",\"inLanguage\":\"de\",\"@id\":\"https:\\\/\\\/www.ralti.de\\\/#\\\/schema\\\/logo\\\/image\\\/\",\"url\":\"https:\\\/\\\/www.ralti.de\\\/wp-content\\\/uploads\\\/2025\\\/11\\\/ralti.png\",\"contentUrl\":\"https:\\\/\\\/www.ralti.de\\\/wp-content\\\/uploads\\\/2025\\\/11\\\/ralti.png\",\"width\":240,\"height\":75,\"caption\":\"Ralti.de\"},\"image\":{\"@id\":\"https:\\\/\\\/www.ralti.de\\\/#\\\/schema\\\/logo\\\/image\\\/\"}}]}<\/script>\n<!-- \/ Yoast SEO plugin. -->","yoast_head_json":{"title":"ACME Tornado Slimline No. 636, orange - Signalpfeife und Notrufpfeife - Notfallvorsorge - Krisenvorsorge","robots":{"index":"index","follow":"follow","max-snippet":"max-snippet:-1","max-image-preview":"max-image-preview:large","max-video-preview":"max-video-preview:-1"},"canonical":"https:\/\/www.ralti.de\/?product=acme-tornado-slimline-no-636-orange-signalpfeife-und-notrufpfeife","og_locale":"de_DE","og_type":"article","og_title":"ACME Tornado Slimline No. 636, orange - Signalpfeife und Notrufpfeife - Notfallvorsorge - Krisenvorsorge","og_description":"LAUT: Die Pfeife ist eine der lautesten Pfeifen der Welt. Sie k\u00f6nnen mit diesem Modell T\u00f6ne von bis zu 4000 Hz erreichen. Dadurch erreicht Sie eine enorme Reichweite, die auch in Kilometern noch zu h\u00f6ren ist. KONSTRUKTION: Sie verf\u00fcgt \u00fcber drei Luftausl\u00e4sse, wodurch die Lautst\u00e4rke sich gut verteilt. Das Besondere ist, dass dieses Modell keine Kugel hat, wie herk\u00f6mmliche Trillerpfeifen. DESIGN: Die Pfeife ist klein, d\u00fcnn und besonders leicht. So kann Sie ohne Probleme an einem Schl\u00fcsselbund befestigt werden. Dank der knalligen Farbe in Leuchtorange finden Sie diese auch \u00fcberall wieder. Gleichzeitig symbolisiert Sie den Notfall.","og_url":"https:\/\/www.ralti.de\/?product=acme-tornado-slimline-no-636-orange-signalpfeife-und-notrufpfeife","og_site_name":"Notfallvorsorge - Krisenvorsorge","og_image":[{"width":500,"height":500,"url":"https:\/\/m.media-amazon.com\/images\/I\/41truKJyIxL.jpg","type":"image\/jpeg"}],"twitter_card":"summary_large_image","twitter_misc":{"Gesch\u00e4tzte Lesezeit":"2\u00a0Minuten"},"schema":{"@context":"https:\/\/schema.org","@graph":[{"@type":"WebPage","@id":"https:\/\/www.ralti.de\/?product=acme-tornado-slimline-no-636-orange-signalpfeife-und-notrufpfeife","url":"https:\/\/www.ralti.de\/?product=acme-tornado-slimline-no-636-orange-signalpfeife-und-notrufpfeife","name":"ACME Tornado Slimline No. 636, orange - Signalpfeife und Notrufpfeife - Notfallvorsorge - Krisenvorsorge","isPartOf":{"@id":"https:\/\/www.ralti.de\/#website"},"primaryImageOfPage":{"@id":"https:\/\/www.ralti.de\/?product=acme-tornado-slimline-no-636-orange-signalpfeife-und-notrufpfeife#primaryimage"},"image":{"@id":"https:\/\/www.ralti.de\/?product=acme-tornado-slimline-no-636-orange-signalpfeife-und-notrufpfeife#primaryimage"},"thumbnailUrl":"https:\/\/m.media-amazon.com\/images\/I\/41truKJyIxL.jpg","datePublished":"2025-11-25T09:59:12+00:00","breadcrumb":{"@id":"https:\/\/www.ralti.de\/?product=acme-tornado-slimline-no-636-orange-signalpfeife-und-notrufpfeife#breadcrumb"},"inLanguage":"de","potentialAction":[{"@type":"ReadAction","target":["https:\/\/www.ralti.de\/?product=acme-tornado-slimline-no-636-orange-signalpfeife-und-notrufpfeife"]}]},{"@type":"ImageObject","inLanguage":"de","@id":"https:\/\/www.ralti.de\/?product=acme-tornado-slimline-no-636-orange-signalpfeife-und-notrufpfeife#primaryimage","url":"https:\/\/m.media-amazon.com\/images\/I\/41truKJyIxL.jpg","contentUrl":"https:\/\/m.media-amazon.com\/images\/I\/41truKJyIxL.jpg","width":500,"height":500},{"@type":"BreadcrumbList","@id":"https:\/\/www.ralti.de\/?product=acme-tornado-slimline-no-636-orange-signalpfeife-und-notrufpfeife#breadcrumb","itemListElement":[{"@type":"ListItem","position":1,"name":"Start","item":"https:\/\/www.ralti.de\/"},{"@type":"ListItem","position":2,"name":"Notfallartikel","item":"https:\/\/www.ralti.de\/?page_id=14189"},{"@type":"ListItem","position":3,"name":"ACME Tornado Slimline No. 636, orange &#8211; Signalpfeife und Notrufpfeife"}]},{"@type":"WebSite","@id":"https:\/\/www.ralti.de\/#website","url":"https:\/\/www.ralti.de\/","name":"Ralti.de","description":"Hier viele gute Angebote","publisher":{"@id":"https:\/\/www.ralti.de\/#organization"},"potentialAction":[{"@type":"SearchAction","target":{"@type":"EntryPoint","urlTemplate":"https:\/\/www.ralti.de\/?s={search_term_string}"},"query-input":{"@type":"PropertyValueSpecification","valueRequired":true,"valueName":"search_term_string"}}],"inLanguage":"de"},{"@type":"Organization","@id":"https:\/\/www.ralti.de\/#organization","name":"Ralti.de","url":"https:\/\/www.ralti.de\/","logo":{"@type":"ImageObject","inLanguage":"de","@id":"https:\/\/www.ralti.de\/#\/schema\/logo\/image\/","url":"https:\/\/www.ralti.de\/wp-content\/uploads\/2025\/11\/ralti.png","contentUrl":"https:\/\/www.ralti.de\/wp-content\/uploads\/2025\/11\/ralti.png","width":240,"height":75,"caption":"Ralti.de"},"image":{"@id":"https:\/\/www.ralti.de\/#\/schema\/logo\/image\/"}}]}},"_links":{"self":[{"href":"https:\/\/www.ralti.de\/index.php?rest_route=\/wp\/v2\/product\/6914","targetHints":{"allow":["GET"]}}],"collection":[{"href":"https:\/\/www.ralti.de\/index.php?rest_route=\/wp\/v2\/product"}],"about":[{"href":"https:\/\/www.ralti.de\/index.php?rest_route=\/wp\/v2\/types\/product"}],"replies":[{"embeddable":true,"href":"https:\/\/www.ralti.de\/index.php?rest_route=%2Fwp%2Fv2%2Fcomments&post=6914"}],"wp:featuredmedia":[{"embeddable":true,"href":"https:\/\/www.ralti.de\/index.php?rest_route=\/wp\/v2\/media\/6915"}],"wp:attachment":[{"href":"https:\/\/www.ralti.de\/index.php?rest_route=%2Fwp%2Fv2%2Fmedia&parent=6914"}],"wp:term":[{"taxonomy":"product_brand","embeddable":true,"href":"https:\/\/www.ralti.de\/index.php?rest_route=%2Fwp%2Fv2%2Fproduct_brand&post=6914"},{"taxonomy":"product_cat","embeddable":true,"href":"https:\/\/www.ralti.de\/index.php?rest_route=%2Fwp%2Fv2%2Fproduct_cat&post=6914"},{"taxonomy":"product_tag","embeddable":true,"href":"https:\/\/www.ralti.de\/index.php?rest_route=%2Fwp%2Fv2%2Fproduct_tag&post=6914"}],"curies":[{"name":"wp","href":"https:\/\/api.w.org\/{rel}","templated":true}]}}