{"id":7011,"date":"2025-11-25T10:04:30","date_gmt":"2025-11-25T10:04:30","guid":{"rendered":"https:\/\/www.ralti.de\/shop-2\/uncategorized\/5-kg-holzwolle-anzunder-naturliche-firestarter-kaminanzunder-grillanzunder-feueranzunder-fire-starter-bio-anzunder-schnell-entfacht-fur-grill-pizzaofen-smoker-kamin-ofen-energie-kienbacher\/"},"modified":"2025-11-25T10:04:30","modified_gmt":"2025-11-25T10:04:30","slug":"5-kg-holzwolle-anzunder-naturliche-firestarter-kaminanzunder-grillanzunder-feueranzunder-fire-starter-bio-anzunder-schnell-entfacht-fur-grill-pizzaofen-smoker-kamin-ofen-energie-kienbacher","status":"publish","type":"product","link":"https:\/\/www.ralti.de\/?product=5-kg-holzwolle-anzunder-naturliche-firestarter-kaminanzunder-grillanzunder-feueranzunder-fire-starter-bio-anzunder-schnell-entfacht-fur-grill-pizzaofen-smoker-kamin-ofen-energie-kienbacher","title":{"rendered":"5 kg Holzwolle Anz\u00fcnder nat\u00fcrliche Firestarter Kaminanz\u00fcnder Grillanz\u00fcnder Feueranz\u00fcnder Fire Starter Bio-Anz\u00fcnder | schnell entfacht f\u00fcr Grill, Pizzaofen. Smoker, Kamin &#038; Ofen | Energie Kienbacher"},"content":{"rendered":"<p><!-- show up to 2 reviews by default --> <\/p>\n<p><span>Entdecken Sie unser hochwertigen Holzwolle-Anz\u00fcnder von Energie Kienbacher! Sie sind die perfekte L\u00f6sung f\u00fcr alle, die schnell, einfach und umweltbewusst ein Feuer entfachen m\u00f6chten. Hergestellt aus PEFC-zertifizierten Fichten- und Kiefernholz aus nachhaltig bewirtschafteten W\u00e4ldern in Deutschland. Sie sind ideal f\u00fcr den Einsatz im Kamin, Ofen, Grill oder beim Camping und erm\u00f6glichen ein m\u00fcheloses Entz\u00fcnden von Feuerstellen.<\/span><\/p>\n<p><span>Dank ihrer sorgf\u00e4ltigen Verarbeitung und den hochwertigen Materialien reicht bereits ein Anz\u00fcnder aus, um ein Feuer zuverl\u00e4ssig zu entfachen. Dabei brennt der Anz\u00fcnder bis zu 10 Minuten und nahezu r\u00fcckstandsfrei ab. Die Anz\u00fcnder sind nach den strengen Vorgaben der DIN EN 1860-3 in Deutschland produziert und garantieren somit beste Qualit\u00e4t &#8220;Made in Germany&#8221;.<\/span><\/p>\n<p><span>Ob bei gem\u00fctlichen Abenden am Kamin, bei Grillpartys im Garten oder beim Outdoor-Camp &#8211; unsere Holzwolle-Anz\u00fcnder sorgen f\u00fcr eine schnelle und sichere Feuerz\u00fcndung. Dabei sind sie nicht nur umweltfreundlich und biologisch abbaubar, sondern auch frei von chemischen Zus\u00e4tzen. So erm\u00f6glichen sie ein nachhaltiges, komfortables und unkompliziertes Feuererlebnis f\u00fcr alle Feuerliebhaber und Umweltbewusste.<\/span><\/p>\n<p><span>Starten Sie Ihr n\u00e4chstes Feuer problemlos mit unserem Premium Holzwolle-Anz\u00fcndern &#8211; f\u00fcr eine angenehme W\u00e4rme, die die Gem\u00fctlichkeit in Ihr Zuhause bringt!<\/span><\/p>\n<p><span>Da es sich um ein Naturprodukt handelt, k\u00f6nnen nat\u00fcrliche Abweichungen in Form, Farbe, Aussehen, Konsistenz, Feuchtigkeit, Festigkeit, Abbrand, Glut- und Brenndauer sowie Gewicht von bis zu +\/- 5 %, auftreten. Das angegebene Gewicht ist das Gesamtgewicht inkl. Verpackung.<\/span><\/p>\n<\/p>\n<p><span>Wir w\u00fcrden uns freuen, Sie als k\u00fcnftigen Kunden begr\u00fc\u00dfen zu d\u00fcrfen.<br \/>Ihr Energie Kienbacher Team<\/span><\/p>\n<\/p>\n<p>\ud83d\udc9a TOP Preis-Leistung: Unschlagbarer Preis &#038; beste Qualit\u00e4t! Premium Feuer Anz\u00fcnder Made in Germany von Energie Kienbacher sind perfekt in Kombination mit Anz\u00fcndholz. Es reicht nur ein Anz\u00fcnder um ein Feuer im Kamin, Grill, Ofen oder Lagerfeuer zu entfachen! Die Firestarter haben eine Brenndauer von bis zu 10 Minuten und verbrennen nahezu r\u00fcckstandsfrei. Verwenden Sie die Holzwolle-Anz\u00fcnder f\u00fcr eine effiziente und umweltbewusste Feuerz\u00fcndung \u2013 die perfekte Wahl f\u00fcr alle, die Wert auf Nachhaltigkeit und Komfort legen.<br \/>\n\ud83d\udc9a Premium-Qualit\u00e4t: Unsere Holzwolle-Anz\u00fcnder aus PEFC zertifizierten Fichten- und Kiefernholz sind die perfekte L\u00f6sung f\u00fcr ein bequemes und umweltfreundliches Feuererlebnis. Hergestellt aus nat\u00fcrlicher Holzwolle erf\u00fcllen sie die Anforderungen nach DIN EN 1860-3 und eignen sich optimal f\u00fcr Grill, Kaminofen, Lagerfeuer oder Campingausr\u00fcstung. Sie erm\u00f6glichen ein schnelles und unkompliziertes Entz\u00fcnden Ihrer Feuerstelle.<br \/>\n\ud83c\udf31 Umweltfreundlich: Dank ihrer nat\u00fcrlichen Materialien sind die Anz\u00fcnder biologisch abbaubar und frei von chemischen Zus\u00e4tzen. Die leicht entflammbare Holzwolle sorgt f\u00fcr eine sichere Handhabung und eine gleichm\u00e4\u00dfige Brenndauer. Ob f\u00fcr den Kamin, Grill oder Feuerstelle &#8211; mit unseren Holzwolle-Anz\u00fcndern gelingt das Anz\u00fcnden im Handumdrehen, ganz ohne Aufwand.<br \/>\n\ud83d\ude9a Lieferung &#038; Verpackung inklusive: Ihre Bestellung wird sorgf\u00e4ltig in einem stabilen Karton verpackt und komfortabel durch unseren zuverl\u00e4ssigen Paketdienst-Partner direkt an Ihre Haust\u00fcr geliefert. So k\u00f6nnen Sie sich ganz entspannt auf die Ankunft Ihrer Ware freuen, ohne sich um den Transport k\u00fcmmern zu m\u00fcssen.<br \/>\n\u203c\ufe0f WICHTIG \u203c\ufe0f: Die gezeigten Fotos sind Beispielbilder, da es sich um ein Naturprodukt handelt. Das bedeutet, dass es nat\u00fcrliche Abweichungen in Form, Farbe, Aussehen, Konsistenz, Feuchtigkeit, Festigkeit, Abbrand, Glut- und Brenndauer sowie Gewicht von bis zu +\/- 5 %, geben kann. Wir w\u00fcrden uns freuen, Sie als k\u00fcnftigen Kunden begr\u00fc\u00dfen zu d\u00fcrfen. Ihr Energie Kienbacher Team\u2763\ufe0f<br \/>\n<div class=\"main-cross-sell\" data-asin=\"B0FJ8Z688B\">\n\n\t<div class=\"WooZone-cross-sell-loader\">\n\t\t<div>\n\t\t\t<div id=\"floatingBarsG\">\n\t\t\t\t<div class=\"blockG\" id=\"rotateG_01\"><\/div>\n\t\t\t\t<div class=\"blockG\" id=\"rotateG_02\"><\/div>\n\t\t\t\t<div class=\"blockG\" id=\"rotateG_03\"><\/div>\n\t\t\t\t<div class=\"blockG\" id=\"rotateG_04\"><\/div>\n\t\t\t\t<div class=\"blockG\" id=\"rotateG_05\"><\/div>\n\t\t\t\t<div class=\"blockG\" id=\"rotateG_06\"><\/div>\n\t\t\t\t<div class=\"blockG\" id=\"rotateG_07\"><\/div>\n\t\t\t\t<div class=\"blockG\" id=\"rotateG_08\"><\/div>\n\t\t\t<\/div>\n\t\t\t<div class=\"WooZone-cross-sell-loader-text\"><\/div>\n\t\t<\/div>\n\t<\/div>\n\n\t\t\n<\/div>\n<div style=\"clear:both;\"><\/div>\n","protected":false},"excerpt":{"rendered":"<p>\ud83d\udc9a TOP Preis-Leistung: Unschlagbarer Preis &#038; beste Qualit\u00e4t! Premium Feuer Anz\u00fcnder Made in Germany von Energie Kienbacher sind perfekt in Kombination mit Anz\u00fcndholz. Es reicht nur ein Anz\u00fcnder um ein Feuer im Kamin, Grill, Ofen oder Lagerfeuer zu entfachen! Die Firestarter haben eine Brenndauer von bis zu 10 Minuten und verbrennen nahezu r\u00fcckstandsfrei. Verwenden Sie die Holzwolle-Anz\u00fcnder f\u00fcr eine effiziente und umweltbewusste Feuerz\u00fcndung \u2013 die perfekte Wahl f\u00fcr alle, die Wert auf Nachhaltigkeit und Komfort legen.<br \/>\n\ud83d\udc9a Premium-Qualit\u00e4t: Unsere Holzwolle-Anz\u00fcnder aus PEFC zertifizierten Fichten- und Kiefernholz sind die perfekte L\u00f6sung f\u00fcr ein bequemes und umweltfreundliches Feuererlebnis. Hergestellt aus nat\u00fcrlicher Holzwolle erf\u00fcllen sie die Anforderungen nach DIN EN 1860-3 und eignen sich optimal f\u00fcr Grill, Kaminofen, Lagerfeuer oder Campingausr\u00fcstung. Sie erm\u00f6glichen ein schnelles und unkompliziertes Entz\u00fcnden Ihrer Feuerstelle.<br \/>\n\ud83c\udf31 Umweltfreundlich: Dank ihrer nat\u00fcrlichen Materialien sind die Anz\u00fcnder biologisch abbaubar und frei von chemischen Zus\u00e4tzen. Die leicht entflammbare Holzwolle sorgt f\u00fcr eine sichere Handhabung und eine gleichm\u00e4\u00dfige Brenndauer. Ob f\u00fcr den Kamin, Grill oder Feuerstelle &#8211; mit unseren Holzwolle-Anz\u00fcndern gelingt das Anz\u00fcnden im Handumdrehen, ganz ohne Aufwand.<\/p>\n","protected":false},"featured_media":7012,"comment_status":"open","ping_status":"closed","template":"","meta":{"_acf_changed":false},"product_brand":[],"product_cat":[275,274],"product_tag":[],"class_list":{"0":"post-7011","1":"product","2":"type-product","3":"status-publish","4":"has-post-thumbnail","6":"product_cat-feueranzunder-anzunder","7":"product_cat-uberlebensausrustung","9":"first","10":"instock","11":"shipping-taxable","12":"product-type-external"},"acf":[],"yoast_head":"<!-- This site is optimized with the Yoast SEO plugin v27.4 - https:\/\/yoast.com\/product\/yoast-seo-wordpress\/ -->\n<title>5 kg Holzwolle Anz\u00fcnder nat\u00fcrliche Firestarter Kaminanz\u00fcnder Grillanz\u00fcnder Feueranz\u00fcnder Fire Starter Bio-Anz\u00fcnder | schnell entfacht f\u00fcr Grill, Pizzaofen. Smoker, Kamin &amp; Ofen | Energie Kienbacher - Notfallvorsorge - Krisenvorsorge<\/title>\n<meta name=\"robots\" content=\"index, follow, max-snippet:-1, max-image-preview:large, max-video-preview:-1\" \/>\n<link rel=\"canonical\" href=\"https:\/\/www.ralti.de\/?product=5-kg-holzwolle-anzunder-naturliche-firestarter-kaminanzunder-grillanzunder-feueranzunder-fire-starter-bio-anzunder-schnell-entfacht-fur-grill-pizzaofen-smoker-kamin-ofen-energie-kienbacher\" \/>\n<meta property=\"og:locale\" content=\"de_DE\" \/>\n<meta property=\"og:type\" content=\"article\" \/>\n<meta property=\"og:title\" content=\"5 kg Holzwolle Anz\u00fcnder nat\u00fcrliche Firestarter Kaminanz\u00fcnder Grillanz\u00fcnder Feueranz\u00fcnder Fire Starter Bio-Anz\u00fcnder | schnell entfacht f\u00fcr Grill, Pizzaofen. Smoker, Kamin &amp; Ofen | Energie Kienbacher - Notfallvorsorge - Krisenvorsorge\" \/>\n<meta property=\"og:description\" content=\"\ud83d\udc9a TOP Preis-Leistung: Unschlagbarer Preis &amp; beste Qualit\u00e4t! Premium Feuer Anz\u00fcnder Made in Germany von Energie Kienbacher sind perfekt in Kombination mit Anz\u00fcndholz. Es reicht nur ein Anz\u00fcnder um ein Feuer im Kamin, Grill, Ofen oder Lagerfeuer zu entfachen! Die Firestarter haben eine Brenndauer von bis zu 10 Minuten und verbrennen nahezu r\u00fcckstandsfrei. Verwenden Sie die Holzwolle-Anz\u00fcnder f\u00fcr eine effiziente und umweltbewusste Feuerz\u00fcndung \u2013 die perfekte Wahl f\u00fcr alle, die Wert auf Nachhaltigkeit und Komfort legen. \ud83d\udc9a Premium-Qualit\u00e4t: Unsere Holzwolle-Anz\u00fcnder aus PEFC zertifizierten Fichten- und Kiefernholz sind die perfekte L\u00f6sung f\u00fcr ein bequemes und umweltfreundliches Feuererlebnis. Hergestellt aus nat\u00fcrlicher Holzwolle erf\u00fcllen sie die Anforderungen nach DIN EN 1860-3 und eignen sich optimal f\u00fcr Grill, Kaminofen, Lagerfeuer oder Campingausr\u00fcstung. Sie erm\u00f6glichen ein schnelles und unkompliziertes Entz\u00fcnden Ihrer Feuerstelle. \ud83c\udf31 Umweltfreundlich: Dank ihrer nat\u00fcrlichen Materialien sind die Anz\u00fcnder biologisch abbaubar und frei von chemischen Zus\u00e4tzen. Die leicht entflammbare Holzwolle sorgt f\u00fcr eine sichere Handhabung und eine gleichm\u00e4\u00dfige Brenndauer. Ob f\u00fcr den Kamin, Grill oder Feuerstelle - mit unseren Holzwolle-Anz\u00fcndern gelingt das Anz\u00fcnden im Handumdrehen, ganz ohne Aufwand.\" \/>\n<meta property=\"og:url\" content=\"https:\/\/www.ralti.de\/?product=5-kg-holzwolle-anzunder-naturliche-firestarter-kaminanzunder-grillanzunder-feueranzunder-fire-starter-bio-anzunder-schnell-entfacht-fur-grill-pizzaofen-smoker-kamin-ofen-energie-kienbacher\" \/>\n<meta property=\"og:site_name\" content=\"Notfallvorsorge - Krisenvorsorge\" \/>\n<meta property=\"og:image\" content=\"https:\/\/m.media-amazon.com\/images\/I\/51suVR4cVLL.jpg\" \/>\n\t<meta property=\"og:image:width\" content=\"500\" \/>\n\t<meta property=\"og:image:height\" content=\"500\" \/>\n\t<meta property=\"og:image:type\" content=\"image\/jpeg\" \/>\n<meta name=\"twitter:card\" content=\"summary_large_image\" \/>\n<meta name=\"twitter:label1\" content=\"Gesch\u00e4tzte Lesezeit\" \/>\n\t<meta name=\"twitter:data1\" content=\"3\u00a0Minuten\" \/>\n<script type=\"application\/ld+json\" class=\"yoast-schema-graph\">{\"@context\":\"https:\\\/\\\/schema.org\",\"@graph\":[{\"@type\":\"WebPage\",\"@id\":\"https:\\\/\\\/www.ralti.de\\\/?product=5-kg-holzwolle-anzunder-naturliche-firestarter-kaminanzunder-grillanzunder-feueranzunder-fire-starter-bio-anzunder-schnell-entfacht-fur-grill-pizzaofen-smoker-kamin-ofen-energie-kienbacher\",\"url\":\"https:\\\/\\\/www.ralti.de\\\/?product=5-kg-holzwolle-anzunder-naturliche-firestarter-kaminanzunder-grillanzunder-feueranzunder-fire-starter-bio-anzunder-schnell-entfacht-fur-grill-pizzaofen-smoker-kamin-ofen-energie-kienbacher\",\"name\":\"5 kg Holzwolle Anz\u00fcnder nat\u00fcrliche Firestarter Kaminanz\u00fcnder Grillanz\u00fcnder Feueranz\u00fcnder Fire Starter Bio-Anz\u00fcnder | schnell entfacht f\u00fcr Grill, Pizzaofen. Smoker, Kamin & Ofen | Energie Kienbacher - Notfallvorsorge - Krisenvorsorge\",\"isPartOf\":{\"@id\":\"https:\\\/\\\/www.ralti.de\\\/#website\"},\"primaryImageOfPage\":{\"@id\":\"https:\\\/\\\/www.ralti.de\\\/?product=5-kg-holzwolle-anzunder-naturliche-firestarter-kaminanzunder-grillanzunder-feueranzunder-fire-starter-bio-anzunder-schnell-entfacht-fur-grill-pizzaofen-smoker-kamin-ofen-energie-kienbacher#primaryimage\"},\"image\":{\"@id\":\"https:\\\/\\\/www.ralti.de\\\/?product=5-kg-holzwolle-anzunder-naturliche-firestarter-kaminanzunder-grillanzunder-feueranzunder-fire-starter-bio-anzunder-schnell-entfacht-fur-grill-pizzaofen-smoker-kamin-ofen-energie-kienbacher#primaryimage\"},\"thumbnailUrl\":\"https:\\\/\\\/m.media-amazon.com\\\/images\\\/I\\\/51suVR4cVLL.jpg\",\"datePublished\":\"2025-11-25T10:04:30+00:00\",\"breadcrumb\":{\"@id\":\"https:\\\/\\\/www.ralti.de\\\/?product=5-kg-holzwolle-anzunder-naturliche-firestarter-kaminanzunder-grillanzunder-feueranzunder-fire-starter-bio-anzunder-schnell-entfacht-fur-grill-pizzaofen-smoker-kamin-ofen-energie-kienbacher#breadcrumb\"},\"inLanguage\":\"de\",\"potentialAction\":[{\"@type\":\"ReadAction\",\"target\":[\"https:\\\/\\\/www.ralti.de\\\/?product=5-kg-holzwolle-anzunder-naturliche-firestarter-kaminanzunder-grillanzunder-feueranzunder-fire-starter-bio-anzunder-schnell-entfacht-fur-grill-pizzaofen-smoker-kamin-ofen-energie-kienbacher\"]}]},{\"@type\":\"ImageObject\",\"inLanguage\":\"de\",\"@id\":\"https:\\\/\\\/www.ralti.de\\\/?product=5-kg-holzwolle-anzunder-naturliche-firestarter-kaminanzunder-grillanzunder-feueranzunder-fire-starter-bio-anzunder-schnell-entfacht-fur-grill-pizzaofen-smoker-kamin-ofen-energie-kienbacher#primaryimage\",\"url\":\"https:\\\/\\\/m.media-amazon.com\\\/images\\\/I\\\/51suVR4cVLL.jpg\",\"contentUrl\":\"https:\\\/\\\/m.media-amazon.com\\\/images\\\/I\\\/51suVR4cVLL.jpg\",\"width\":500,\"height\":500},{\"@type\":\"BreadcrumbList\",\"@id\":\"https:\\\/\\\/www.ralti.de\\\/?product=5-kg-holzwolle-anzunder-naturliche-firestarter-kaminanzunder-grillanzunder-feueranzunder-fire-starter-bio-anzunder-schnell-entfacht-fur-grill-pizzaofen-smoker-kamin-ofen-energie-kienbacher#breadcrumb\",\"itemListElement\":[{\"@type\":\"ListItem\",\"position\":1,\"name\":\"Start\",\"item\":\"https:\\\/\\\/www.ralti.de\\\/\"},{\"@type\":\"ListItem\",\"position\":2,\"name\":\"Notfallartikel\",\"item\":\"https:\\\/\\\/www.ralti.de\\\/?page_id=14189\"},{\"@type\":\"ListItem\",\"position\":3,\"name\":\"5 kg Holzwolle Anz\u00fcnder nat\u00fcrliche Firestarter Kaminanz\u00fcnder Grillanz\u00fcnder Feueranz\u00fcnder Fire Starter Bio-Anz\u00fcnder | schnell entfacht f\u00fcr Grill, Pizzaofen. Smoker, Kamin &#038; Ofen | Energie Kienbacher\"}]},{\"@type\":\"WebSite\",\"@id\":\"https:\\\/\\\/www.ralti.de\\\/#website\",\"url\":\"https:\\\/\\\/www.ralti.de\\\/\",\"name\":\"Ralti.de\",\"description\":\"Hier viele gute Angebote\",\"publisher\":{\"@id\":\"https:\\\/\\\/www.ralti.de\\\/#organization\"},\"potentialAction\":[{\"@type\":\"SearchAction\",\"target\":{\"@type\":\"EntryPoint\",\"urlTemplate\":\"https:\\\/\\\/www.ralti.de\\\/?s={search_term_string}\"},\"query-input\":{\"@type\":\"PropertyValueSpecification\",\"valueRequired\":true,\"valueName\":\"search_term_string\"}}],\"inLanguage\":\"de\"},{\"@type\":\"Organization\",\"@id\":\"https:\\\/\\\/www.ralti.de\\\/#organization\",\"name\":\"Ralti.de\",\"url\":\"https:\\\/\\\/www.ralti.de\\\/\",\"logo\":{\"@type\":\"ImageObject\",\"inLanguage\":\"de\",\"@id\":\"https:\\\/\\\/www.ralti.de\\\/#\\\/schema\\\/logo\\\/image\\\/\",\"url\":\"https:\\\/\\\/www.ralti.de\\\/wp-content\\\/uploads\\\/2025\\\/11\\\/ralti.png\",\"contentUrl\":\"https:\\\/\\\/www.ralti.de\\\/wp-content\\\/uploads\\\/2025\\\/11\\\/ralti.png\",\"width\":240,\"height\":75,\"caption\":\"Ralti.de\"},\"image\":{\"@id\":\"https:\\\/\\\/www.ralti.de\\\/#\\\/schema\\\/logo\\\/image\\\/\"}}]}<\/script>\n<!-- \/ Yoast SEO plugin. -->","yoast_head_json":{"title":"5 kg Holzwolle Anz\u00fcnder nat\u00fcrliche Firestarter Kaminanz\u00fcnder Grillanz\u00fcnder Feueranz\u00fcnder Fire Starter Bio-Anz\u00fcnder | schnell entfacht f\u00fcr Grill, Pizzaofen. Smoker, Kamin & Ofen | Energie Kienbacher - Notfallvorsorge - Krisenvorsorge","robots":{"index":"index","follow":"follow","max-snippet":"max-snippet:-1","max-image-preview":"max-image-preview:large","max-video-preview":"max-video-preview:-1"},"canonical":"https:\/\/www.ralti.de\/?product=5-kg-holzwolle-anzunder-naturliche-firestarter-kaminanzunder-grillanzunder-feueranzunder-fire-starter-bio-anzunder-schnell-entfacht-fur-grill-pizzaofen-smoker-kamin-ofen-energie-kienbacher","og_locale":"de_DE","og_type":"article","og_title":"5 kg Holzwolle Anz\u00fcnder nat\u00fcrliche Firestarter Kaminanz\u00fcnder Grillanz\u00fcnder Feueranz\u00fcnder Fire Starter Bio-Anz\u00fcnder | schnell entfacht f\u00fcr Grill, Pizzaofen. Smoker, Kamin & Ofen | Energie Kienbacher - Notfallvorsorge - Krisenvorsorge","og_description":"\ud83d\udc9a TOP Preis-Leistung: Unschlagbarer Preis & beste Qualit\u00e4t! Premium Feuer Anz\u00fcnder Made in Germany von Energie Kienbacher sind perfekt in Kombination mit Anz\u00fcndholz. Es reicht nur ein Anz\u00fcnder um ein Feuer im Kamin, Grill, Ofen oder Lagerfeuer zu entfachen! Die Firestarter haben eine Brenndauer von bis zu 10 Minuten und verbrennen nahezu r\u00fcckstandsfrei. Verwenden Sie die Holzwolle-Anz\u00fcnder f\u00fcr eine effiziente und umweltbewusste Feuerz\u00fcndung \u2013 die perfekte Wahl f\u00fcr alle, die Wert auf Nachhaltigkeit und Komfort legen. \ud83d\udc9a Premium-Qualit\u00e4t: Unsere Holzwolle-Anz\u00fcnder aus PEFC zertifizierten Fichten- und Kiefernholz sind die perfekte L\u00f6sung f\u00fcr ein bequemes und umweltfreundliches Feuererlebnis. Hergestellt aus nat\u00fcrlicher Holzwolle erf\u00fcllen sie die Anforderungen nach DIN EN 1860-3 und eignen sich optimal f\u00fcr Grill, Kaminofen, Lagerfeuer oder Campingausr\u00fcstung. Sie erm\u00f6glichen ein schnelles und unkompliziertes Entz\u00fcnden Ihrer Feuerstelle. \ud83c\udf31 Umweltfreundlich: Dank ihrer nat\u00fcrlichen Materialien sind die Anz\u00fcnder biologisch abbaubar und frei von chemischen Zus\u00e4tzen. Die leicht entflammbare Holzwolle sorgt f\u00fcr eine sichere Handhabung und eine gleichm\u00e4\u00dfige Brenndauer. Ob f\u00fcr den Kamin, Grill oder Feuerstelle - mit unseren Holzwolle-Anz\u00fcndern gelingt das Anz\u00fcnden im Handumdrehen, ganz ohne Aufwand.","og_url":"https:\/\/www.ralti.de\/?product=5-kg-holzwolle-anzunder-naturliche-firestarter-kaminanzunder-grillanzunder-feueranzunder-fire-starter-bio-anzunder-schnell-entfacht-fur-grill-pizzaofen-smoker-kamin-ofen-energie-kienbacher","og_site_name":"Notfallvorsorge - Krisenvorsorge","og_image":[{"width":500,"height":500,"url":"https:\/\/m.media-amazon.com\/images\/I\/51suVR4cVLL.jpg","type":"image\/jpeg"}],"twitter_card":"summary_large_image","twitter_misc":{"Gesch\u00e4tzte Lesezeit":"3\u00a0Minuten"},"schema":{"@context":"https:\/\/schema.org","@graph":[{"@type":"WebPage","@id":"https:\/\/www.ralti.de\/?product=5-kg-holzwolle-anzunder-naturliche-firestarter-kaminanzunder-grillanzunder-feueranzunder-fire-starter-bio-anzunder-schnell-entfacht-fur-grill-pizzaofen-smoker-kamin-ofen-energie-kienbacher","url":"https:\/\/www.ralti.de\/?product=5-kg-holzwolle-anzunder-naturliche-firestarter-kaminanzunder-grillanzunder-feueranzunder-fire-starter-bio-anzunder-schnell-entfacht-fur-grill-pizzaofen-smoker-kamin-ofen-energie-kienbacher","name":"5 kg Holzwolle Anz\u00fcnder nat\u00fcrliche Firestarter Kaminanz\u00fcnder Grillanz\u00fcnder Feueranz\u00fcnder Fire Starter Bio-Anz\u00fcnder | schnell entfacht f\u00fcr Grill, Pizzaofen. Smoker, Kamin & Ofen | Energie Kienbacher - Notfallvorsorge - Krisenvorsorge","isPartOf":{"@id":"https:\/\/www.ralti.de\/#website"},"primaryImageOfPage":{"@id":"https:\/\/www.ralti.de\/?product=5-kg-holzwolle-anzunder-naturliche-firestarter-kaminanzunder-grillanzunder-feueranzunder-fire-starter-bio-anzunder-schnell-entfacht-fur-grill-pizzaofen-smoker-kamin-ofen-energie-kienbacher#primaryimage"},"image":{"@id":"https:\/\/www.ralti.de\/?product=5-kg-holzwolle-anzunder-naturliche-firestarter-kaminanzunder-grillanzunder-feueranzunder-fire-starter-bio-anzunder-schnell-entfacht-fur-grill-pizzaofen-smoker-kamin-ofen-energie-kienbacher#primaryimage"},"thumbnailUrl":"https:\/\/m.media-amazon.com\/images\/I\/51suVR4cVLL.jpg","datePublished":"2025-11-25T10:04:30+00:00","breadcrumb":{"@id":"https:\/\/www.ralti.de\/?product=5-kg-holzwolle-anzunder-naturliche-firestarter-kaminanzunder-grillanzunder-feueranzunder-fire-starter-bio-anzunder-schnell-entfacht-fur-grill-pizzaofen-smoker-kamin-ofen-energie-kienbacher#breadcrumb"},"inLanguage":"de","potentialAction":[{"@type":"ReadAction","target":["https:\/\/www.ralti.de\/?product=5-kg-holzwolle-anzunder-naturliche-firestarter-kaminanzunder-grillanzunder-feueranzunder-fire-starter-bio-anzunder-schnell-entfacht-fur-grill-pizzaofen-smoker-kamin-ofen-energie-kienbacher"]}]},{"@type":"ImageObject","inLanguage":"de","@id":"https:\/\/www.ralti.de\/?product=5-kg-holzwolle-anzunder-naturliche-firestarter-kaminanzunder-grillanzunder-feueranzunder-fire-starter-bio-anzunder-schnell-entfacht-fur-grill-pizzaofen-smoker-kamin-ofen-energie-kienbacher#primaryimage","url":"https:\/\/m.media-amazon.com\/images\/I\/51suVR4cVLL.jpg","contentUrl":"https:\/\/m.media-amazon.com\/images\/I\/51suVR4cVLL.jpg","width":500,"height":500},{"@type":"BreadcrumbList","@id":"https:\/\/www.ralti.de\/?product=5-kg-holzwolle-anzunder-naturliche-firestarter-kaminanzunder-grillanzunder-feueranzunder-fire-starter-bio-anzunder-schnell-entfacht-fur-grill-pizzaofen-smoker-kamin-ofen-energie-kienbacher#breadcrumb","itemListElement":[{"@type":"ListItem","position":1,"name":"Start","item":"https:\/\/www.ralti.de\/"},{"@type":"ListItem","position":2,"name":"Notfallartikel","item":"https:\/\/www.ralti.de\/?page_id=14189"},{"@type":"ListItem","position":3,"name":"5 kg Holzwolle Anz\u00fcnder nat\u00fcrliche Firestarter Kaminanz\u00fcnder Grillanz\u00fcnder Feueranz\u00fcnder Fire Starter Bio-Anz\u00fcnder | schnell entfacht f\u00fcr Grill, Pizzaofen. Smoker, Kamin &#038; Ofen | Energie Kienbacher"}]},{"@type":"WebSite","@id":"https:\/\/www.ralti.de\/#website","url":"https:\/\/www.ralti.de\/","name":"Ralti.de","description":"Hier viele gute Angebote","publisher":{"@id":"https:\/\/www.ralti.de\/#organization"},"potentialAction":[{"@type":"SearchAction","target":{"@type":"EntryPoint","urlTemplate":"https:\/\/www.ralti.de\/?s={search_term_string}"},"query-input":{"@type":"PropertyValueSpecification","valueRequired":true,"valueName":"search_term_string"}}],"inLanguage":"de"},{"@type":"Organization","@id":"https:\/\/www.ralti.de\/#organization","name":"Ralti.de","url":"https:\/\/www.ralti.de\/","logo":{"@type":"ImageObject","inLanguage":"de","@id":"https:\/\/www.ralti.de\/#\/schema\/logo\/image\/","url":"https:\/\/www.ralti.de\/wp-content\/uploads\/2025\/11\/ralti.png","contentUrl":"https:\/\/www.ralti.de\/wp-content\/uploads\/2025\/11\/ralti.png","width":240,"height":75,"caption":"Ralti.de"},"image":{"@id":"https:\/\/www.ralti.de\/#\/schema\/logo\/image\/"}}]}},"_links":{"self":[{"href":"https:\/\/www.ralti.de\/index.php?rest_route=\/wp\/v2\/product\/7011","targetHints":{"allow":["GET"]}}],"collection":[{"href":"https:\/\/www.ralti.de\/index.php?rest_route=\/wp\/v2\/product"}],"about":[{"href":"https:\/\/www.ralti.de\/index.php?rest_route=\/wp\/v2\/types\/product"}],"replies":[{"embeddable":true,"href":"https:\/\/www.ralti.de\/index.php?rest_route=%2Fwp%2Fv2%2Fcomments&post=7011"}],"wp:featuredmedia":[{"embeddable":true,"href":"https:\/\/www.ralti.de\/index.php?rest_route=\/wp\/v2\/media\/7012"}],"wp:attachment":[{"href":"https:\/\/www.ralti.de\/index.php?rest_route=%2Fwp%2Fv2%2Fmedia&parent=7011"}],"wp:term":[{"taxonomy":"product_brand","embeddable":true,"href":"https:\/\/www.ralti.de\/index.php?rest_route=%2Fwp%2Fv2%2Fproduct_brand&post=7011"},{"taxonomy":"product_cat","embeddable":true,"href":"https:\/\/www.ralti.de\/index.php?rest_route=%2Fwp%2Fv2%2Fproduct_cat&post=7011"},{"taxonomy":"product_tag","embeddable":true,"href":"https:\/\/www.ralti.de\/index.php?rest_route=%2Fwp%2Fv2%2Fproduct_tag&post=7011"}],"curies":[{"name":"wp","href":"https:\/\/api.w.org\/{rel}","templated":true}]}}